{"id":8342,"date":"2025-11-23T02:27:50","date_gmt":"2025-11-23T02:27:50","guid":{"rendered":"https:\/\/www.venisecollection.com\/rueckgabe-und-erstattungsrichtlinie"},"modified":"2025-11-24T00:54:30","modified_gmt":"2025-11-24T00:54:30","slug":"rueckgabe-und-erstattungsrichtlinie","status":"publish","type":"page","link":"https:\/\/www.venisecollection.com\/de\/rueckgabe-und-erstattungsrichtlinie","title":{"rendered":"R\u00fcckgabe- und Erstattungsrichtlinie"},"content":{"rendered":"\n<h2 class=\"nm-block-heading wp-block-heading\">R\u00fcckgabe- und Erstattungsrichtlinie<\/h2>\n\n<p>Bei VENISE COLLECTION, betrieben von <strong>SAS NEW IN<\/strong>, hat die Kundenzufriedenheit oberste Priorit\u00e4t. Wir verstehen, dass ein Kauf manchmal nicht Ihren Erwartungen entspricht. Diese R\u00fcckgabe- und Erstattungsrichtlinie legt Ihre Rechte und Pflichten bez\u00fcglich der R\u00fccksendung, Erstattung und des Umtauschs von auf unserer Website gekauften Artikeln dar. Wir verpflichten uns zu vollst\u00e4ndiger Transparenz und zur Einhaltung aller geltenden franz\u00f6sischen Verbrauchergesetze.   <\/p>\n\n<h5 class=\"nm-block-heading wp-block-heading\"><strong>1. Rechtliche Informationen<\/strong><\/h5>\n\n<p><strong>VENISE COLLECTION<\/strong><br\/>Betrieben von: <g id=\"gid_1\">SAS NEW IN<\/g><br\/>Sitz der Gesellschaft: <g id=\"gid_2\">132 Avenue Victor Hugo, 75016 Paris, France<\/g><br\/>Telefon: <g id=\"gid_3\">+33 1 40 47 51 00<\/g><br\/>Handelsregisternummer (RCS Paris): <g id=\"gid_4\">920 338 258<\/g><br\/>SIRET (Sitz): <g id=\"gid_5\">920 338 258 00014<\/g><br\/>Rechtsform: <strong>SAS \u2013 Soci\u00e9t\u00e9 par actions simplifi\u00e9e<\/strong><br\/>USt-IdNr.: <strong>FR93920338258<\/strong><br\/>Stammkapital:         <strong>10.000,00 \u20ac<\/strong><\/p>\n\n<hr class=\"wp-block-separator has-alpha-channel-opacity\"\/>\n\n<h5 class=\"nm-block-heading wp-block-heading\"><strong>2. Widerrufsrecht (R\u00e9tractation)<\/strong><\/h5>\n\n<p>Gem\u00e4\u00df <strong>Artikel L221-18 des franz\u00f6sischen Verbrauchergesetzbuches<\/strong> haben Sie das gesetzliche Recht, Ihren Kauf ohne Angabe von Gr\u00fcnden <strong>innerhalb von 14 Tagen<\/strong> ab dem Tag des Erhalts Ihrer Bestellung zu widerrufen.<\/p>\n\n<p>Um Ihr Widerrufsrecht auszu\u00fcben, m\u00fcssen Sie uns Ihre Entscheidung, den Artikel zur\u00fcckzusenden, innerhalb dieser 14-t\u00e4gigen Frist mitteilen, indem Sie:<\/p>\n\n<ul class=\"nm-block-list wp-block-list\">\n<li>Unser Support-Team per E-Mail kontaktieren unter: <strong><a>support@venisecollection.com<\/a><\/strong><\/li>\n\n\n\n<li>Oder einen Brief senden an:<br\/><strong>VENISE COLLECTION<\/strong><br\/>132 Avenue Victor Hugo<br\/>75016 Paris, France<\/li>\n<\/ul>\n\n<p>Wir empfehlen, Ihren Namen, Ihre Bestellnummer und die Artikel, die Sie zur\u00fccksenden oder umtauschen m\u00f6chten, deutlich anzugeben.<\/p>\n\n<hr class=\"wp-block-separator has-alpha-channel-opacity\"\/>\n\n<h5 class=\"nm-block-heading wp-block-heading\"><strong>3. R\u00fcckgabebedingungen<\/strong><\/h5>\n\n<p>Zur\u00fcckgesendete Artikel m\u00fcssen folgende Kriterien erf\u00fcllen:<\/p>\n\n<ul class=\"nm-block-list wp-block-list\">\n<li>Artikel m\u00fcssen <strong>ungetragen<\/strong>, <strong>unbenutzt<\/strong> und in ihrer <strong>Originalverpackung<\/strong> mit allen Etiketten sein.<\/li>\n\n\n\n<li>Produkte m\u00fcssen in <strong>wiederverkaufsf\u00e4higem Zustand<\/strong> zur\u00fcckgesendet werden.<\/li>\n\n\n\n<li>Besch\u00e4digte, getragene oder ver\u00e4nderte Artikel werden <strong>nicht<\/strong> akzeptiert.<\/li>\n<\/ul>\n\n<p>R\u00fccksendungen m\u00fcssen <strong>innerhalb von 14 Tagen<\/strong> ab dem Datum des Erhalts Ihres Kaufs eingeleitet werden.<\/p>\n\n<hr class=\"wp-block-separator has-alpha-channel-opacity\"\/>\n\n<h5 class=\"nm-block-heading wp-block-heading\"><strong>4. R\u00fccksendeverfahren<\/strong><\/h5>\n\n<h3 class=\"nm-block-heading wp-block-heading\">Schritt-f\u00fcr-Schritt-Anleitung:<\/h3>\n\n<ol class=\"nm-block-list wp-block-list\">\n<li><strong>Informieren Sie uns<\/strong> innerhalb von 14 Tagen nach Erhalt \u00fcber Ihre Absicht zur R\u00fccksendung oder zum Umtausch.<\/li>\n\n\n\n<li><strong>Verpacken Sie die Artikel sicher<\/strong> und stellen Sie sicher, dass sie w\u00e4hrend des Transports gesch\u00fctzt sind.<\/li>\n\n\n\n<li>Senden Sie das Paket mit einem Versanddienstleister Ihrer Wahl an folgende Adresse:<\/li>\n<\/ol>\n\n<p><strong>VENISE COLLECTION \u2013 Retouren<\/strong><br\/>132 avenue Victor Hugo<br\/>75016 Paris, France<\/p>\n\n<p>Sie tragen <strong>die Kosten f\u00fcr den R\u00fcckversand<\/strong>, und wir stellen keine vorfrankierten R\u00fccksendeetiketten zur Verf\u00fcgung. Wir erheben jedoch <g id=\"gid_1\">keine Wiedereinlagerungs- oder Bearbeitungsgeb\u00fchren f\u00fcr R\u00fccksendungen<\/g> \u2013 die <g id=\"gid_2\">R\u00fccksendekosten betragen unsererseits 0 \u20ac<\/g>. Lediglich die Versandkosten gehen zu Ihren Lasten.  <\/p>\n\n<hr class=\"wp-block-separator has-alpha-channel-opacity\"\/>\n\n<h5 class=\"nm-block-heading wp-block-heading\"><strong>5. Umtausch<\/strong><\/h5>\n\n<p>Wenn Sie ein Produkt gegen eine andere Gr\u00f6\u00dfe, Farbe oder einen anderen Artikel umtauschen m\u00f6chten:<\/p>\n\n<ul class=\"nm-block-list wp-block-list\">\n<li>Befolgen Sie die oben aufgef\u00fchrten R\u00fccksendeschritte.<\/li>\n\n\n\n<li>Sobald wir das zur\u00fcckgesendete Produkt erhalten und gepr\u00fcft haben, versenden wir Ihren Ersatz <strong>kostenlos<\/strong>.<\/li>\n<\/ul>\n\n<p>Bitte beachten Sie: Wir bieten <strong>kostenlosen weltweiten Versand<\/strong> sowohl f\u00fcr Originalbestellungen als auch f\u00fcr Ersatzlieferungen an.<\/p>\n\n<h5 class=\"nm-block-heading wp-block-heading\"><strong>6. Erstattungen<\/strong><\/h5>\n\n<p>Sobald Ihre R\u00fccksendung eingegangen und gepr\u00fcft wurde, benachrichtigen wir Sie per E-Mail \u00fcber die Genehmigung oder Ablehnung Ihrer Erstattung.<\/p>\n\n<p>Bei Genehmigung:<\/p>\n\n<ul class=\"nm-block-list wp-block-list\">\n<li>Ihre Erstattung wird innerhalb von <strong>5\u201310 Werktagen<\/strong> bearbeitet und der Betrag Ihrer urspr\u00fcnglichen Zahlungsmethode gutgeschrieben.<\/li>\n\n\n\n<li>Erstattungen decken <strong>nur die Produktkosten<\/strong> ab und beinhalten keine urspr\u00fcnglichen Versandkosten, es sei denn, die R\u00fccksendung ist auf einen Fehler unsererseits zur\u00fcckzuf\u00fchren (z. B. falscher Artikel oder defektes Produkt).<\/li>\n<\/ul>\n\n<hr class=\"wp-block-separator has-alpha-channel-opacity\"\/>\n\n<h5 class=\"nm-block-heading wp-block-heading\"><strong>7. Nicht r\u00fcckgabef\u00e4hige Artikel<\/strong><\/h5>\n\n<p>Aus Hygiene- und Sicherheitsgr\u00fcnden sind die folgenden Artikel von der R\u00fcckgabe ausgeschlossen:<\/p>\n\n<ul class=\"nm-block-list wp-block-list\">\n<li>Artikel, die als <strong>Endverkauf<\/strong> gekennzeichnet sind<\/li>\n\n\n\n<li>Geschenkkarten<\/li>\n\n\n\n<li>Kundenspezifische oder personalisierte Produkte<\/li>\n\n\n\n<li>Produkte mit Gebrauchsspuren<\/li>\n<\/ul>\n\n<hr class=\"wp-block-separator has-alpha-channel-opacity\"\/>\n\n<h5 class=\"nm-block-heading wp-block-heading\"><strong>8. Besch\u00e4digte oder falsche Artikel<\/strong><\/h5>\n\n<p>Wenn Ihre Bestellung besch\u00e4digt ankommt oder Sie den falschen Artikel erhalten:<\/p>\n\n<ul class=\"nm-block-list wp-block-list\">\n<li>Kontaktieren Sie uns <strong>innerhalb von 72 Stunden<\/strong> nach Erhalt Ihrer Bestellung unter <strong><a>support@venisecollection.com<\/a><\/strong>.<\/li>\n\n\n\n<li>Bitte f\u00fcgen Sie Fotos des Artikels und der Verpackung bei.<\/li>\n\n\n\n<li>Wir bieten Ihnen entweder einen <strong>kostenlosen Ersatz<\/strong> oder eine <strong>vollst\u00e4ndige Erstattung<\/strong>, einschlie\u00dflich der urspr\u00fcnglichen Versandkosten.<\/li>\n<\/ul>\n\n<hr class=\"wp-block-separator has-alpha-channel-opacity\"\/>\n\n<h5 class=\"nm-block-heading wp-block-heading\"><strong>9. Kostenloser weltweiter Versand<\/strong><\/h5>\n\n<p>Wir bieten stolz <strong>kostenlosen internationalen Versand<\/strong> f\u00fcr alle Bestellungen an, unabh\u00e4ngig vom Bestimmungsort. Bitte beachten Sie: <\/p>\n\n<ul class=\"nm-block-list wp-block-list\">\n<li>Die Lieferzeiten k\u00f6nnen je nach Land und Zollabwicklung variieren.<\/li>\n\n\n\n<li>Z\u00f6lle oder Steuern (falls zutreffend) liegen in der Verantwortung des Kunden.<\/li>\n<\/ul>\n\n<hr class=\"wp-block-separator has-alpha-channel-opacity\"\/>\n\n<h5 class=\"nm-block-heading wp-block-heading\"><strong>10. Haftung und Gew\u00e4hrleistung<\/strong><\/h5>\n\n<p>Gem\u00e4\u00df <strong>Artikel L217-3 bis L217-7 des franz\u00f6sischen Verbrauchergesetzbuches<\/strong> sind alle Produkte durch gesetzliche Garantien abgedeckt:<\/p>\n\n<ul class=\"nm-block-list wp-block-list\">\n<li><strong>Gesetzliche Konformit\u00e4tsgarantie<\/strong> (2 Jahre ab Lieferung)<\/li>\n\n\n\n<li><strong>Garantie gegen versteckte M\u00e4ngel<\/strong><\/li>\n<\/ul>\n\n<p>Sollte ein Produkt als defekt befunden werden, wird VENISE COLLECTION den Artikel reparieren, ersetzen oder erstatten, wie gesetzlich vorgeschrieben.<\/p>\n\n<hr class=\"wp-block-separator has-alpha-channel-opacity\"\/>\n\n<h5 class=\"nm-block-heading wp-block-heading\"><strong>11. Streitbeilegung<\/strong><\/h5>\n\n<p>Im Falle eines Rechtsstreits k\u00f6nnen Sie:<\/p>\n\n<ul class=\"nm-block-list wp-block-list\">\n<li>Uns direkt kontaktieren, um die Angelegenheit g\u00fctlich beizulegen.<\/li>\n\n\n\n<li>Oder einen <strong>Mediationsdienst<\/strong> kontaktieren, wie es <strong>Artikel L612-1 des Verbrauchergesetzbuches<\/strong> erlaubt.<\/li>\n<\/ul>\n\n<p>Die zust\u00e4ndige Gerichtsbarkeit im Falle eines ungel\u00f6sten Rechtsstreits sind <strong>die Gerichte von Paris<\/strong>, sofern gesetzlich nichts anderes vorgeschrieben ist.<\/p>\n\n<hr class=\"wp-block-separator has-alpha-channel-opacity\"\/>\n\n<h5 class=\"nm-block-heading wp-block-heading\"><strong>12. Kontakt<\/strong><\/h5>\n\n<p>Bei Fragen zu dieser Richtlinie oder Ihrer Bestellung k\u00f6nnen Sie uns kontaktieren unter:<\/p>\n\n<p><strong>VENISE COLLECTION \u2013 SAS NEW IN<\/strong><br\/>132 Avenue Victor Hugo<br\/>75016 Paris, France<br\/><strong>+33 1 40 47 51 00<\/strong><br\/><strong><a>support@venisecollection.com<\/a><\/strong><\/p>\n","protected":false},"excerpt":{"rendered":"<p>R\u00fcckgabe- und Erstattungsrichtlinie Bei VENISE COLLECTION, betrieben von SAS NEW IN, hat die Kundenzufriedenheit oberste Priorit\u00e4t. Wir verstehen, dass ein Kauf manchmal nicht Ihren Erwartungen entspricht. Diese R\u00fcckgabe- und Erstattungsrichtlinie legt Ihre Rechte und Pflichten bez\u00fcglich der R\u00fccksendung, Erstattung und des Umtauschs von auf unserer Website gekauften Artikeln dar. Wir verpflichten uns zu vollst\u00e4ndiger Transparenz &hellip;<\/p>\n","protected":false},"author":1,"featured_media":0,"parent":0,"menu_order":0,"comment_status":"closed","ping_status":"closed","template":"","meta":{"footnotes":""},"class_list":["post-8342","page","type-page","status-publish","hentry"],"yoast_head":"<!-- This site is optimized with the Yoast SEO plugin v27.5 - https:\/\/yoast.com\/product\/yoast-seo-wordpress\/ -->\n<title>R\u00fcckgabe- und Erstattungsrichtlinie - VENISE COLLECTION<\/title>\n<meta name=\"robots\" content=\"index, follow, max-snippet:-1, max-image-preview:large, max-video-preview:-1\" \/>\n<link rel=\"canonical\" href=\"https:\/\/www.venisecollection.com\/de\/rueckgabe-und-erstattungsrichtlinie\" \/>\n<meta property=\"og:locale\" content=\"de_DE\" \/>\n<meta property=\"og:type\" content=\"article\" \/>\n<meta property=\"og:title\" content=\"R\u00fcckgabe- und Erstattungsrichtlinie - VENISE COLLECTION\" \/>\n<meta property=\"og:description\" content=\"R\u00fcckgabe- und Erstattungsrichtlinie Bei VENISE COLLECTION, betrieben von SAS NEW IN, hat die Kundenzufriedenheit oberste Priorit\u00e4t. Wir verstehen, dass ein Kauf manchmal nicht Ihren Erwartungen entspricht. Diese R\u00fcckgabe- und Erstattungsrichtlinie legt Ihre Rechte und Pflichten bez\u00fcglich der R\u00fccksendung, Erstattung und des Umtauschs von auf unserer Website gekauften Artikeln dar. Wir verpflichten uns zu vollst\u00e4ndiger Transparenz &hellip;\" \/>\n<meta property=\"og:url\" content=\"https:\/\/www.venisecollection.com\/de\/rueckgabe-und-erstattungsrichtlinie\" \/>\n<meta property=\"og:site_name\" content=\"VENISE COLLECTION\" \/>\n<meta property=\"article:modified_time\" content=\"2025-11-24T00:54:30+00:00\" \/>\n<meta property=\"og:image\" content=\"https:\/\/www.venisecollection.com\/cdn\/New-Project-27.webp\" \/>\n\t<meta property=\"og:image:width\" content=\"1404\" \/>\n\t<meta property=\"og:image:height\" content=\"704\" \/>\n\t<meta property=\"og:image:type\" content=\"image\/webp\" \/>\n<meta name=\"twitter:card\" content=\"summary_large_image\" \/>\n<meta name=\"twitter:label1\" content=\"Gesch\u00e4tzte Lesezeit\" \/>\n\t<meta name=\"twitter:data1\" content=\"4\u00a0Minute\" \/>\n<script type=\"application\/ld+json\" class=\"yoast-schema-graph\">{\"@context\":\"https:\\\/\\\/schema.org\",\"@graph\":[{\"@type\":\"WebPage\",\"@id\":\"https:\\\/\\\/www.venisecollection.com\\\/de\\\/rueckgabe-und-erstattungsrichtlinie\",\"url\":\"https:\\\/\\\/www.venisecollection.com\\\/de\\\/rueckgabe-und-erstattungsrichtlinie\",\"name\":\"R\u00fcckgabe- und Erstattungsrichtlinie - VENISE COLLECTION\",\"isPartOf\":{\"@id\":\"https:\\\/\\\/www.venisecollection.com\\\/de#website\"},\"datePublished\":\"2025-11-23T02:27:50+00:00\",\"dateModified\":\"2025-11-24T00:54:30+00:00\",\"breadcrumb\":{\"@id\":\"https:\\\/\\\/www.venisecollection.com\\\/de\\\/rueckgabe-und-erstattungsrichtlinie#breadcrumb\"},\"inLanguage\":\"de\",\"potentialAction\":[{\"@type\":\"ReadAction\",\"target\":[\"https:\\\/\\\/www.venisecollection.com\\\/de\\\/rueckgabe-und-erstattungsrichtlinie\"]}]},{\"@type\":\"BreadcrumbList\",\"@id\":\"https:\\\/\\\/www.venisecollection.com\\\/de\\\/rueckgabe-und-erstattungsrichtlinie#breadcrumb\",\"itemListElement\":[{\"@type\":\"ListItem\",\"position\":1,\"name\":\"Home\",\"item\":\"https:\\\/\\\/www.venisecollection.com\\\/de\\\/shop\"},{\"@type\":\"ListItem\",\"position\":2,\"name\":\"R\u00fcckgabe- und Erstattungsrichtlinie\"}]},{\"@type\":\"WebSite\",\"@id\":\"https:\\\/\\\/www.venisecollection.com\\\/de#website\",\"url\":\"https:\\\/\\\/www.venisecollection.com\\\/de\",\"name\":\"VENISE COLLECTION\",\"description\":\"\",\"publisher\":{\"@id\":\"https:\\\/\\\/www.venisecollection.com\\\/de#organization\"},\"potentialAction\":[{\"@type\":\"SearchAction\",\"target\":{\"@type\":\"EntryPoint\",\"urlTemplate\":\"https:\\\/\\\/www.venisecollection.com\\\/de?s={search_term_string}\"},\"query-input\":{\"@type\":\"PropertyValueSpecification\",\"valueRequired\":true,\"valueName\":\"search_term_string\"}}],\"inLanguage\":\"de\"},{\"@type\":\"Organization\",\"@id\":\"https:\\\/\\\/www.venisecollection.com\\\/de#organization\",\"name\":\"VENISE COLLECTION\",\"url\":\"https:\\\/\\\/www.venisecollection.com\\\/de\",\"logo\":{\"@type\":\"ImageObject\",\"inLanguage\":\"de\",\"@id\":\"https:\\\/\\\/www.venisecollection.com\\\/de#\\\/schema\\\/logo\\\/image\\\/\",\"url\":\"https:\\\/\\\/www.venisecollection.com\\\/cdn\\\/seo.png\",\"contentUrl\":\"https:\\\/\\\/www.venisecollection.com\\\/cdn\\\/seo.png\",\"width\":1080,\"height\":1080,\"caption\":\"VENISE COLLECTION\"},\"image\":{\"@id\":\"https:\\\/\\\/www.venisecollection.com\\\/de#\\\/schema\\\/logo\\\/image\\\/\"},\"sameAs\":[\"https:\\\/\\\/www.instagram.com\\\/venisecollection\\\/\",\"https:\\\/\\\/fr.pinterest.com\\\/venisecollection\\\/\"]}]}<\/script>\n<!-- \/ Yoast SEO plugin. -->","yoast_head_json":{"title":"R\u00fcckgabe- und Erstattungsrichtlinie - VENISE COLLECTION","robots":{"index":"index","follow":"follow","max-snippet":"max-snippet:-1","max-image-preview":"max-image-preview:large","max-video-preview":"max-video-preview:-1"},"canonical":"https:\/\/www.venisecollection.com\/de\/rueckgabe-und-erstattungsrichtlinie","og_locale":"de_DE","og_type":"article","og_title":"R\u00fcckgabe- und Erstattungsrichtlinie - VENISE COLLECTION","og_description":"R\u00fcckgabe- und Erstattungsrichtlinie Bei VENISE COLLECTION, betrieben von SAS NEW IN, hat die Kundenzufriedenheit oberste Priorit\u00e4t. Wir verstehen, dass ein Kauf manchmal nicht Ihren Erwartungen entspricht. Diese R\u00fcckgabe- und Erstattungsrichtlinie legt Ihre Rechte und Pflichten bez\u00fcglich der R\u00fccksendung, Erstattung und des Umtauschs von auf unserer Website gekauften Artikeln dar. Wir verpflichten uns zu vollst\u00e4ndiger Transparenz &hellip;","og_url":"https:\/\/www.venisecollection.com\/de\/rueckgabe-und-erstattungsrichtlinie","og_site_name":"VENISE COLLECTION","article_modified_time":"2025-11-24T00:54:30+00:00","og_image":[{"width":1404,"height":704,"url":"https:\/\/www.venisecollection.com\/cdn\/New-Project-27.webp","type":"image\/webp"}],"twitter_card":"summary_large_image","twitter_misc":{"Gesch\u00e4tzte Lesezeit":"4\u00a0Minute"},"schema":{"@context":"https:\/\/schema.org","@graph":[{"@type":"WebPage","@id":"https:\/\/www.venisecollection.com\/de\/rueckgabe-und-erstattungsrichtlinie","url":"https:\/\/www.venisecollection.com\/de\/rueckgabe-und-erstattungsrichtlinie","name":"R\u00fcckgabe- und Erstattungsrichtlinie - VENISE COLLECTION","isPartOf":{"@id":"https:\/\/www.venisecollection.com\/de#website"},"datePublished":"2025-11-23T02:27:50+00:00","dateModified":"2025-11-24T00:54:30+00:00","breadcrumb":{"@id":"https:\/\/www.venisecollection.com\/de\/rueckgabe-und-erstattungsrichtlinie#breadcrumb"},"inLanguage":"de","potentialAction":[{"@type":"ReadAction","target":["https:\/\/www.venisecollection.com\/de\/rueckgabe-und-erstattungsrichtlinie"]}]},{"@type":"BreadcrumbList","@id":"https:\/\/www.venisecollection.com\/de\/rueckgabe-und-erstattungsrichtlinie#breadcrumb","itemListElement":[{"@type":"ListItem","position":1,"name":"Home","item":"https:\/\/www.venisecollection.com\/de\/shop"},{"@type":"ListItem","position":2,"name":"R\u00fcckgabe- und Erstattungsrichtlinie"}]},{"@type":"WebSite","@id":"https:\/\/www.venisecollection.com\/de#website","url":"https:\/\/www.venisecollection.com\/de","name":"VENISE COLLECTION","description":"","publisher":{"@id":"https:\/\/www.venisecollection.com\/de#organization"},"potentialAction":[{"@type":"SearchAction","target":{"@type":"EntryPoint","urlTemplate":"https:\/\/www.venisecollection.com\/de?s={search_term_string}"},"query-input":{"@type":"PropertyValueSpecification","valueRequired":true,"valueName":"search_term_string"}}],"inLanguage":"de"},{"@type":"Organization","@id":"https:\/\/www.venisecollection.com\/de#organization","name":"VENISE COLLECTION","url":"https:\/\/www.venisecollection.com\/de","logo":{"@type":"ImageObject","inLanguage":"de","@id":"https:\/\/www.venisecollection.com\/de#\/schema\/logo\/image\/","url":"https:\/\/www.venisecollection.com\/cdn\/seo.png","contentUrl":"https:\/\/www.venisecollection.com\/cdn\/seo.png","width":1080,"height":1080,"caption":"VENISE COLLECTION"},"image":{"@id":"https:\/\/www.venisecollection.com\/de#\/schema\/logo\/image\/"},"sameAs":["https:\/\/www.instagram.com\/venisecollection\/","https:\/\/fr.pinterest.com\/venisecollection\/"]}]}},"_links":{"self":[{"href":"https:\/\/www.venisecollection.com\/de\/wp-json\/wp\/v2\/pages\/8342","targetHints":{"allow":["GET"]}}],"collection":[{"href":"https:\/\/www.venisecollection.com\/de\/wp-json\/wp\/v2\/pages"}],"about":[{"href":"https:\/\/www.venisecollection.com\/de\/wp-json\/wp\/v2\/types\/page"}],"author":[{"embeddable":true,"href":"https:\/\/www.venisecollection.com\/de\/wp-json\/wp\/v2\/users\/1"}],"replies":[{"embeddable":true,"href":"https:\/\/www.venisecollection.com\/de\/wp-json\/wp\/v2\/comments?post=8342"}],"version-history":[{"count":0,"href":"https:\/\/www.venisecollection.com\/de\/wp-json\/wp\/v2\/pages\/8342\/revisions"}],"wp:attachment":[{"href":"https:\/\/www.venisecollection.com\/de\/wp-json\/wp\/v2\/media?parent=8342"}],"curies":[{"name":"wp","href":"https:\/\/api.w.org\/{rel}","templated":true}]}}