{"id":17812,"date":"2026-01-22T16:38:09","date_gmt":"2026-01-22T16:38:09","guid":{"rendered":"https:\/\/www.venisecollection.com\/?post_type=product&#038;p=17812"},"modified":"2026-04-04T00:26:36","modified_gmt":"2026-04-04T00:26:36","slug":"indios-nero","status":"publish","type":"product","link":"https:\/\/www.venisecollection.com\/de\/shop\/women\/boots\/indios-nero","title":{"rendered":"INDIOS NERO"},"content":{"rendered":"<p data-path-to-node=\"26\">Erleben Sie einen einzigartigen Materialmix mit den <b data-path-to-node=\"26\" data-index-in-node=\"70\">Venise Indios Nero<\/b> Stiefeletten. Dieses Modell kombiniert feinstes schwarzes Wildleder mit Akzenten aus Glattleder. Der geraffte Schaft (Slouch-Effekt) sorgt f\u00fcr eine l\u00e4ssige Silhouette, w\u00e4hrend der Lederumschlag am oberen Rand und die geschichteten Lederriemen um den Kn\u00f6chel dem Schuh eine edle Note verleihen. Abgerundet mit geflochtenen Details und einem Holzabsatz, sind diese Schuhe ein Highlight f\u00fcr jeden Boho-Look.<\/p>\n<p data-path-to-node=\"27\"><b data-path-to-node=\"27\" data-index-in-node=\"0\">Eigenschaften:<\/b><\/p>\n<ul data-path-to-node=\"28\">\n<li>\n<p data-path-to-node=\"28,0,0\"><b data-path-to-node=\"28,0,0\" data-index-in-node=\"0\">Material:<\/b> Wildleder und Glattleder-Mix.<\/p>\n<\/li>\n<li>\n<p data-path-to-node=\"28,1,0\"><b data-path-to-node=\"28,1,0\" data-index-in-node=\"0\">Farbe:<\/b> Nero (Schwarz).<\/p>\n<\/li>\n<li>\n<p data-path-to-node=\"28,2,0\"><b data-path-to-node=\"28,2,0\" data-index-in-node=\"0\">Stil:<\/b> Slouchy Boots \/ Western-Touch.<\/p>\n<\/li>\n<li>\n<p data-path-to-node=\"28,3,0\"><b data-path-to-node=\"28,3,0\" data-index-in-node=\"0\">Details:<\/b> Lederumschlag, Riemen-Design, konischer Absatz.<\/p>\n<\/li>\n<\/ul>\n","protected":false},"excerpt":{"rendered":"<p>Erleben Sie einen einzigartigen Materialmix mit den Venise Indios Nero Stiefeletten. Dieses Modell kombiniert feinstes schwarzes Wildleder mit Akzenten aus Glattleder. Der geraffte Schaft (Slouch-Effekt) sorgt f\u00fcr eine l\u00e4ssige Silhouette, w\u00e4hrend der Lederumschlag am oberen Rand und die geschichteten Lederriemen um den Kn\u00f6chel dem Schuh eine edle Note verleihen. Abgerundet mit geflochtenen Details und einem &hellip;<\/p>\n","protected":false},"featured_media":18011,"template":"","meta":[],"product_brand":[69],"product_cat":[63],"product_tag":[],"class_list":{"0":"post-17812","1":"product","2":"type-product","3":"status-publish","4":"has-post-thumbnail","6":"product_brand-venise-collection","7":"product_cat-boots","9":"first","10":"instock","11":"shipping-taxable","12":"purchasable","13":"product-type-variable","14":"has-default-attributes"},"yoast_head":"<!-- This site is optimized with the Yoast SEO plugin v27.3 - https:\/\/yoast.com\/product\/yoast-seo-wordpress\/ -->\n<title>INDIOS NERO - VENISE COLLECTION<\/title>\n<meta name=\"description\" content=\"Betreten Sie die B\u00fchne mit unseren burgunderfarbenen Stiefeln mit Frontrei\u00dfverschluss. Mit weichem Wildleder-Finish, silbernem Frontrei\u00dfverschluss und klobiger Profilsohle.\" \/>\n<meta name=\"robots\" content=\"index, follow, max-snippet:-1, max-image-preview:large, max-video-preview:-1\" \/>\n<link rel=\"canonical\" href=\"https:\/\/www.venisecollection.com\/de\/shop\/women\/boots\/indios-nero\" \/>\n<meta property=\"og:locale\" content=\"de_DE\" \/>\n<meta property=\"og:type\" content=\"article\" \/>\n<meta property=\"og:title\" content=\"INDIOS NERO - VENISE COLLECTION\" \/>\n<meta property=\"og:description\" content=\"Betreten Sie die B\u00fchne mit unseren burgunderfarbenen Stiefeln mit Frontrei\u00dfverschluss. Mit weichem Wildleder-Finish, silbernem Frontrei\u00dfverschluss und klobiger Profilsohle.\" \/>\n<meta property=\"og:url\" content=\"https:\/\/www.venisecollection.com\/de\/shop\/women\/boots\/indios-nero\" \/>\n<meta property=\"og:site_name\" content=\"VENISE COLLECTION\" \/>\n<meta property=\"article:modified_time\" content=\"2026-04-04T00:26:36+00:00\" \/>\n<meta property=\"og:image\" content=\"https:\/\/www.venisecollection.com\/cdn\/image-60-1.webp\" \/>\n\t<meta property=\"og:image:width\" content=\"1280\" \/>\n\t<meta property=\"og:image:height\" content=\"1588\" \/>\n\t<meta property=\"og:image:type\" content=\"image\/webp\" \/>\n<meta name=\"twitter:card\" content=\"summary_large_image\" \/>\n<meta name=\"twitter:label1\" content=\"Gesch\u00e4tzte Lesezeit\" \/>\n\t<meta name=\"twitter:data1\" content=\"1\u00a0Minute\" \/>\n<script type=\"application\/ld+json\" class=\"yoast-schema-graph\">{\"@context\":\"https:\\\/\\\/schema.org\",\"@graph\":[{\"@type\":\"WebPage\",\"@id\":\"https:\\\/\\\/www.venisecollection.com\\\/de\\\/shop\\\/women\\\/boots\\\/indios-nero\",\"url\":\"https:\\\/\\\/www.venisecollection.com\\\/de\\\/shop\\\/women\\\/boots\\\/indios-nero\",\"name\":\"INDIOS NERO - VENISE COLLECTION\",\"isPartOf\":{\"@id\":\"https:\\\/\\\/www.venisecollection.com\\\/de#website\"},\"primaryImageOfPage\":{\"@id\":\"https:\\\/\\\/www.venisecollection.com\\\/de\\\/shop\\\/women\\\/boots\\\/indios-nero#primaryimage\"},\"image\":{\"@id\":\"https:\\\/\\\/www.venisecollection.com\\\/de\\\/shop\\\/women\\\/boots\\\/indios-nero#primaryimage\"},\"thumbnailUrl\":\"https:\\\/\\\/www.venisecollection.com\\\/cdn\\\/image-60-1.webp\",\"datePublished\":\"2026-01-22T16:38:09+00:00\",\"dateModified\":\"2026-04-04T00:26:36+00:00\",\"description\":\"Betreten Sie die B\u00fchne mit unseren burgunderfarbenen Stiefeln mit Frontrei\u00dfverschluss. Mit weichem Wildleder-Finish, silbernem Frontrei\u00dfverschluss und klobiger Profilsohle.\",\"breadcrumb\":{\"@id\":\"https:\\\/\\\/www.venisecollection.com\\\/de\\\/shop\\\/women\\\/boots\\\/indios-nero#breadcrumb\"},\"inLanguage\":\"de\",\"potentialAction\":[{\"@type\":\"ReadAction\",\"target\":[\"https:\\\/\\\/www.venisecollection.com\\\/de\\\/shop\\\/women\\\/boots\\\/indios-nero\"]}]},{\"@type\":\"ImageObject\",\"inLanguage\":\"de\",\"@id\":\"https:\\\/\\\/www.venisecollection.com\\\/de\\\/shop\\\/women\\\/boots\\\/indios-nero#primaryimage\",\"url\":\"https:\\\/\\\/www.venisecollection.com\\\/cdn\\\/image-60-1.webp\",\"contentUrl\":\"https:\\\/\\\/www.venisecollection.com\\\/cdn\\\/image-60-1.webp\",\"width\":1280,\"height\":1588},{\"@type\":\"BreadcrumbList\",\"@id\":\"https:\\\/\\\/www.venisecollection.com\\\/de\\\/shop\\\/women\\\/boots\\\/indios-nero#breadcrumb\",\"itemListElement\":[{\"@type\":\"ListItem\",\"position\":1,\"name\":\"Home\",\"item\":\"https:\\\/\\\/www.venisecollection.com\\\/de\\\/shop\"},{\"@type\":\"ListItem\",\"position\":2,\"name\":\"Startseite\",\"item\":\"https:\\\/\\\/www.venisecollection.com\\\/de\\\/shop\"},{\"@type\":\"ListItem\",\"position\":3,\"name\":\"INDIOS NERO\"}]},{\"@type\":\"WebSite\",\"@id\":\"https:\\\/\\\/www.venisecollection.com\\\/de#website\",\"url\":\"https:\\\/\\\/www.venisecollection.com\\\/de\",\"name\":\"VENISE COLLECTION\",\"description\":\"\",\"publisher\":{\"@id\":\"https:\\\/\\\/www.venisecollection.com\\\/de#organization\"},\"potentialAction\":[{\"@type\":\"SearchAction\",\"target\":{\"@type\":\"EntryPoint\",\"urlTemplate\":\"https:\\\/\\\/www.venisecollection.com\\\/de?s={search_term_string}\"},\"query-input\":{\"@type\":\"PropertyValueSpecification\",\"valueRequired\":true,\"valueName\":\"search_term_string\"}}],\"inLanguage\":\"de\"},{\"@type\":\"Organization\",\"@id\":\"https:\\\/\\\/www.venisecollection.com\\\/de#organization\",\"name\":\"VENISE COLLECTION\",\"url\":\"https:\\\/\\\/www.venisecollection.com\\\/de\",\"logo\":{\"@type\":\"ImageObject\",\"inLanguage\":\"de\",\"@id\":\"https:\\\/\\\/www.venisecollection.com\\\/de#\\\/schema\\\/logo\\\/image\\\/\",\"url\":\"https:\\\/\\\/www.venisecollection.com\\\/cdn\\\/seo.png\",\"contentUrl\":\"https:\\\/\\\/www.venisecollection.com\\\/cdn\\\/seo.png\",\"width\":1080,\"height\":1080,\"caption\":\"VENISE COLLECTION\"},\"image\":{\"@id\":\"https:\\\/\\\/www.venisecollection.com\\\/de#\\\/schema\\\/logo\\\/image\\\/\"},\"sameAs\":[\"https:\\\/\\\/www.instagram.com\\\/venisecollection\\\/\",\"https:\\\/\\\/fr.pinterest.com\\\/venisecollection\\\/\"]}]}<\/script>\n<!-- \/ Yoast SEO plugin. -->","yoast_head_json":{"title":"INDIOS NERO - VENISE COLLECTION","description":"Betreten Sie die B\u00fchne mit unseren burgunderfarbenen Stiefeln mit Frontrei\u00dfverschluss. Mit weichem Wildleder-Finish, silbernem Frontrei\u00dfverschluss und klobiger Profilsohle.","robots":{"index":"index","follow":"follow","max-snippet":"max-snippet:-1","max-image-preview":"max-image-preview:large","max-video-preview":"max-video-preview:-1"},"canonical":"https:\/\/www.venisecollection.com\/de\/shop\/women\/boots\/indios-nero","og_locale":"de_DE","og_type":"article","og_title":"INDIOS NERO - VENISE COLLECTION","og_description":"Betreten Sie die B\u00fchne mit unseren burgunderfarbenen Stiefeln mit Frontrei\u00dfverschluss. Mit weichem Wildleder-Finish, silbernem Frontrei\u00dfverschluss und klobiger Profilsohle.","og_url":"https:\/\/www.venisecollection.com\/de\/shop\/women\/boots\/indios-nero","og_site_name":"VENISE COLLECTION","article_modified_time":"2026-04-04T00:26:36+00:00","og_image":[{"width":1280,"height":1588,"url":"https:\/\/www.venisecollection.com\/cdn\/image-60-1.webp","type":"image\/webp"}],"twitter_card":"summary_large_image","twitter_misc":{"Gesch\u00e4tzte Lesezeit":"1\u00a0Minute"},"schema":{"@context":"https:\/\/schema.org","@graph":[{"@type":"WebPage","@id":"https:\/\/www.venisecollection.com\/de\/shop\/women\/boots\/indios-nero","url":"https:\/\/www.venisecollection.com\/de\/shop\/women\/boots\/indios-nero","name":"INDIOS NERO - VENISE COLLECTION","isPartOf":{"@id":"https:\/\/www.venisecollection.com\/de#website"},"primaryImageOfPage":{"@id":"https:\/\/www.venisecollection.com\/de\/shop\/women\/boots\/indios-nero#primaryimage"},"image":{"@id":"https:\/\/www.venisecollection.com\/de\/shop\/women\/boots\/indios-nero#primaryimage"},"thumbnailUrl":"https:\/\/www.venisecollection.com\/cdn\/image-60-1.webp","datePublished":"2026-01-22T16:38:09+00:00","dateModified":"2026-04-04T00:26:36+00:00","description":"Betreten Sie die B\u00fchne mit unseren burgunderfarbenen Stiefeln mit Frontrei\u00dfverschluss. Mit weichem Wildleder-Finish, silbernem Frontrei\u00dfverschluss und klobiger Profilsohle.","breadcrumb":{"@id":"https:\/\/www.venisecollection.com\/de\/shop\/women\/boots\/indios-nero#breadcrumb"},"inLanguage":"de","potentialAction":[{"@type":"ReadAction","target":["https:\/\/www.venisecollection.com\/de\/shop\/women\/boots\/indios-nero"]}]},{"@type":"ImageObject","inLanguage":"de","@id":"https:\/\/www.venisecollection.com\/de\/shop\/women\/boots\/indios-nero#primaryimage","url":"https:\/\/www.venisecollection.com\/cdn\/image-60-1.webp","contentUrl":"https:\/\/www.venisecollection.com\/cdn\/image-60-1.webp","width":1280,"height":1588},{"@type":"BreadcrumbList","@id":"https:\/\/www.venisecollection.com\/de\/shop\/women\/boots\/indios-nero#breadcrumb","itemListElement":[{"@type":"ListItem","position":1,"name":"Home","item":"https:\/\/www.venisecollection.com\/de\/shop"},{"@type":"ListItem","position":2,"name":"Startseite","item":"https:\/\/www.venisecollection.com\/de\/shop"},{"@type":"ListItem","position":3,"name":"INDIOS NERO"}]},{"@type":"WebSite","@id":"https:\/\/www.venisecollection.com\/de#website","url":"https:\/\/www.venisecollection.com\/de","name":"VENISE COLLECTION","description":"","publisher":{"@id":"https:\/\/www.venisecollection.com\/de#organization"},"potentialAction":[{"@type":"SearchAction","target":{"@type":"EntryPoint","urlTemplate":"https:\/\/www.venisecollection.com\/de?s={search_term_string}"},"query-input":{"@type":"PropertyValueSpecification","valueRequired":true,"valueName":"search_term_string"}}],"inLanguage":"de"},{"@type":"Organization","@id":"https:\/\/www.venisecollection.com\/de#organization","name":"VENISE COLLECTION","url":"https:\/\/www.venisecollection.com\/de","logo":{"@type":"ImageObject","inLanguage":"de","@id":"https:\/\/www.venisecollection.com\/de#\/schema\/logo\/image\/","url":"https:\/\/www.venisecollection.com\/cdn\/seo.png","contentUrl":"https:\/\/www.venisecollection.com\/cdn\/seo.png","width":1080,"height":1080,"caption":"VENISE COLLECTION"},"image":{"@id":"https:\/\/www.venisecollection.com\/de#\/schema\/logo\/image\/"},"sameAs":["https:\/\/www.instagram.com\/venisecollection\/","https:\/\/fr.pinterest.com\/venisecollection\/"]}]}},"_links":{"self":[{"href":"https:\/\/www.venisecollection.com\/de\/wp-json\/wp\/v2\/product\/17812","targetHints":{"allow":["GET"]}}],"collection":[{"href":"https:\/\/www.venisecollection.com\/de\/wp-json\/wp\/v2\/product"}],"about":[{"href":"https:\/\/www.venisecollection.com\/de\/wp-json\/wp\/v2\/types\/product"}],"wp:featuredmedia":[{"embeddable":true,"href":"https:\/\/www.venisecollection.com\/de\/wp-json\/wp\/v2\/media\/18011"}],"wp:attachment":[{"href":"https:\/\/www.venisecollection.com\/de\/wp-json\/wp\/v2\/media?parent=17812"}],"wp:term":[{"taxonomy":"product_brand","embeddable":true,"href":"https:\/\/www.venisecollection.com\/de\/wp-json\/wp\/v2\/product_brand?post=17812"},{"taxonomy":"product_cat","embeddable":true,"href":"https:\/\/www.venisecollection.com\/de\/wp-json\/wp\/v2\/product_cat?post=17812"},{"taxonomy":"product_tag","embeddable":true,"href":"https:\/\/www.venisecollection.com\/de\/wp-json\/wp\/v2\/product_tag?post=17812"}],"curies":[{"name":"wp","href":"https:\/\/api.w.org\/{rel}","templated":true}]}}