{"id":19318,"date":"2026-02-12T16:38:30","date_gmt":"2026-02-12T16:38:30","guid":{"rendered":"https:\/\/www.venisecollection.com\/?post_type=product&#038;p=19318"},"modified":"2026-02-12T16:54:18","modified_gmt":"2026-02-12T16:54:18","slug":"giuly-fabric","status":"publish","type":"product","link":"https:\/\/www.venisecollection.com\/de\/shop\/women\/sneakers\/giuly-fabric","title":{"rendered":"Giuly Fabric Lace sneaker"},"content":{"rendered":"<p data-path-to-node=\"15\">Der <b data-path-to-node=\"15\" data-index-in-node=\"29\">GIULY FABRIC<\/b> bringt Stil und Modernit\u00e4t in Ihren Alltag. Perfekt f\u00fcr w\u00e4rmeres Wetter, ist dieser Schuh aus unglaublich <b data-path-to-node=\"15\" data-index-in-node=\"148\">weichem Leder<\/b> gefertigt und mit <b data-path-to-node=\"15\" data-index-in-node=\"180\">Spitzeneins\u00e4tzen<\/b> kombiniert \u2013 ein schickes Detail, das f\u00fcr Atmungsaktivit\u00e4t und Raffinesse sorgt.<\/p>\n<p data-path-to-node=\"16\">Dieser Schuh ist ein absolutes Must-have f\u00fcr jede Damengarderobe und verbindet zeitgen\u00f6ssisches Design mit au\u00dfergew\u00f6hnlichem Komfort. Die Sohle ist so konzipiert, dass sie leicht und bequem ist, aber dennoch genug Volumen bietet, um <b data-path-to-node=\"16\" data-index-in-node=\"233\">zus\u00e4tzliche H\u00f6he<\/b> zu verleihen, die der Figur schmeichelt, ohne den Komfort zu beeintr\u00e4chtigen. <b data-path-to-node=\"16\" data-index-in-node=\"328\">Entworfen und hergestellt in Italien.<\/b><\/p>\n","protected":false},"excerpt":{"rendered":"<p>Der GIULY FABRIC bringt Stil und Modernit\u00e4t in Ihren Alltag. Perfekt f\u00fcr w\u00e4rmeres Wetter, ist dieser Schuh aus unglaublich weichem Leder gefertigt und mit Spitzeneins\u00e4tzen kombiniert \u2013 ein schickes Detail, das f\u00fcr Atmungsaktivit\u00e4t und Raffinesse sorgt. Dieser Schuh ist ein absolutes Must-have f\u00fcr jede Damengarderobe und verbindet zeitgen\u00f6ssisches Design mit au\u00dfergew\u00f6hnlichem Komfort. Die Sohle ist &hellip;<\/p>\n","protected":false},"featured_media":19271,"template":"","meta":[],"product_brand":[373],"product_cat":[114],"product_tag":[],"class_list":{"0":"post-19318","1":"product","2":"type-product","3":"status-publish","4":"has-post-thumbnail","6":"product_brand-agl","7":"product_cat-sneakers","9":"first","10":"instock","11":"shipping-taxable","12":"purchasable","13":"product-type-variable","14":"has-default-attributes"},"yoast_head":"<!-- This site is optimized with the Yoast SEO plugin v27.6 - https:\/\/yoast.com\/product\/yoast-seo-wordpress\/ -->\n<title>Giuly Fabric Lace sneaker - VENISE COLLECTION<\/title>\n<meta name=\"robots\" content=\"index, follow, max-snippet:-1, max-image-preview:large, max-video-preview:-1\" \/>\n<link rel=\"canonical\" href=\"https:\/\/www.venisecollection.com\/de\/shop\/women\/sneakers\/giuly-fabric\" \/>\n<meta property=\"og:locale\" content=\"de_DE\" \/>\n<meta property=\"og:type\" content=\"article\" \/>\n<meta property=\"og:title\" content=\"Giuly Fabric Lace sneaker - VENISE COLLECTION\" \/>\n<meta property=\"og:description\" content=\"Der GIULY FABRIC bringt Stil und Modernit\u00e4t in Ihren Alltag. Perfekt f\u00fcr w\u00e4rmeres Wetter, ist dieser Schuh aus unglaublich weichem Leder gefertigt und mit Spitzeneins\u00e4tzen kombiniert \u2013 ein schickes Detail, das f\u00fcr Atmungsaktivit\u00e4t und Raffinesse sorgt. Dieser Schuh ist ein absolutes Must-have f\u00fcr jede Damengarderobe und verbindet zeitgen\u00f6ssisches Design mit au\u00dfergew\u00f6hnlichem Komfort. Die Sohle ist &hellip;\" \/>\n<meta property=\"og:url\" content=\"https:\/\/www.venisecollection.com\/de\/shop\/women\/sneakers\/giuly-fabric\" \/>\n<meta property=\"og:site_name\" content=\"VENISE COLLECTION\" \/>\n<meta property=\"article:modified_time\" content=\"2026-02-12T16:54:18+00:00\" \/>\n<meta property=\"og:image\" content=\"https:\/\/www.venisecollection.com\/cdn\/image-93.webp\" \/>\n\t<meta property=\"og:image:width\" content=\"1280\" \/>\n\t<meta property=\"og:image:height\" content=\"1588\" \/>\n\t<meta property=\"og:image:type\" content=\"image\/webp\" \/>\n<meta name=\"twitter:card\" content=\"summary_large_image\" \/>\n<meta name=\"twitter:label1\" content=\"Gesch\u00e4tzte Lesezeit\" \/>\n\t<meta name=\"twitter:data1\" content=\"1\u00a0Minute\" \/>\n<script type=\"application\/ld+json\" class=\"yoast-schema-graph\">{\"@context\":\"https:\\\/\\\/schema.org\",\"@graph\":[{\"@type\":\"WebPage\",\"@id\":\"https:\\\/\\\/www.venisecollection.com\\\/de\\\/shop\\\/women\\\/sneakers\\\/giuly-fabric\",\"url\":\"https:\\\/\\\/www.venisecollection.com\\\/de\\\/shop\\\/women\\\/sneakers\\\/giuly-fabric\",\"name\":\"Giuly Fabric Lace sneaker - VENISE COLLECTION\",\"isPartOf\":{\"@id\":\"https:\\\/\\\/www.venisecollection.com\\\/de#website\"},\"primaryImageOfPage\":{\"@id\":\"https:\\\/\\\/www.venisecollection.com\\\/de\\\/shop\\\/women\\\/sneakers\\\/giuly-fabric#primaryimage\"},\"image\":{\"@id\":\"https:\\\/\\\/www.venisecollection.com\\\/de\\\/shop\\\/women\\\/sneakers\\\/giuly-fabric#primaryimage\"},\"thumbnailUrl\":\"https:\\\/\\\/www.venisecollection.com\\\/cdn\\\/image-93.webp\",\"datePublished\":\"2026-02-12T16:38:30+00:00\",\"dateModified\":\"2026-02-12T16:54:18+00:00\",\"breadcrumb\":{\"@id\":\"https:\\\/\\\/www.venisecollection.com\\\/de\\\/shop\\\/women\\\/sneakers\\\/giuly-fabric#breadcrumb\"},\"inLanguage\":\"de\",\"potentialAction\":[{\"@type\":\"ReadAction\",\"target\":[\"https:\\\/\\\/www.venisecollection.com\\\/de\\\/shop\\\/women\\\/sneakers\\\/giuly-fabric\"]}]},{\"@type\":\"ImageObject\",\"inLanguage\":\"de\",\"@id\":\"https:\\\/\\\/www.venisecollection.com\\\/de\\\/shop\\\/women\\\/sneakers\\\/giuly-fabric#primaryimage\",\"url\":\"https:\\\/\\\/www.venisecollection.com\\\/cdn\\\/image-93.webp\",\"contentUrl\":\"https:\\\/\\\/www.venisecollection.com\\\/cdn\\\/image-93.webp\",\"width\":1280,\"height\":1588},{\"@type\":\"BreadcrumbList\",\"@id\":\"https:\\\/\\\/www.venisecollection.com\\\/de\\\/shop\\\/women\\\/sneakers\\\/giuly-fabric#breadcrumb\",\"itemListElement\":[{\"@type\":\"ListItem\",\"position\":1,\"name\":\"Home\",\"item\":\"https:\\\/\\\/www.venisecollection.com\\\/de\\\/shop\"},{\"@type\":\"ListItem\",\"position\":2,\"name\":\"Startseite\",\"item\":\"https:\\\/\\\/www.venisecollection.com\\\/de\\\/shop\"},{\"@type\":\"ListItem\",\"position\":3,\"name\":\"Giuly Fabric Lace sneaker\"}]},{\"@type\":\"WebSite\",\"@id\":\"https:\\\/\\\/www.venisecollection.com\\\/de#website\",\"url\":\"https:\\\/\\\/www.venisecollection.com\\\/de\",\"name\":\"VENISE COLLECTION\",\"description\":\"\",\"publisher\":{\"@id\":\"https:\\\/\\\/www.venisecollection.com\\\/de#organization\"},\"potentialAction\":[{\"@type\":\"SearchAction\",\"target\":{\"@type\":\"EntryPoint\",\"urlTemplate\":\"https:\\\/\\\/www.venisecollection.com\\\/de?s={search_term_string}\"},\"query-input\":{\"@type\":\"PropertyValueSpecification\",\"valueRequired\":true,\"valueName\":\"search_term_string\"}}],\"inLanguage\":\"de\"},{\"@type\":\"Organization\",\"@id\":\"https:\\\/\\\/www.venisecollection.com\\\/de#organization\",\"name\":\"VENISE COLLECTION\",\"url\":\"https:\\\/\\\/www.venisecollection.com\\\/de\",\"logo\":{\"@type\":\"ImageObject\",\"inLanguage\":\"de\",\"@id\":\"https:\\\/\\\/www.venisecollection.com\\\/de#\\\/schema\\\/logo\\\/image\\\/\",\"url\":\"https:\\\/\\\/www.venisecollection.com\\\/cdn\\\/seo.png\",\"contentUrl\":\"https:\\\/\\\/www.venisecollection.com\\\/cdn\\\/seo.png\",\"width\":1080,\"height\":1080,\"caption\":\"VENISE COLLECTION\"},\"image\":{\"@id\":\"https:\\\/\\\/www.venisecollection.com\\\/de#\\\/schema\\\/logo\\\/image\\\/\"},\"sameAs\":[\"https:\\\/\\\/www.instagram.com\\\/venisecollection\\\/\",\"https:\\\/\\\/fr.pinterest.com\\\/venisecollection\\\/\"]}]}<\/script>\n<!-- \/ Yoast SEO plugin. -->","yoast_head_json":{"title":"Giuly Fabric Lace sneaker - VENISE COLLECTION","robots":{"index":"index","follow":"follow","max-snippet":"max-snippet:-1","max-image-preview":"max-image-preview:large","max-video-preview":"max-video-preview:-1"},"canonical":"https:\/\/www.venisecollection.com\/de\/shop\/women\/sneakers\/giuly-fabric","og_locale":"de_DE","og_type":"article","og_title":"Giuly Fabric Lace sneaker - VENISE COLLECTION","og_description":"Der GIULY FABRIC bringt Stil und Modernit\u00e4t in Ihren Alltag. Perfekt f\u00fcr w\u00e4rmeres Wetter, ist dieser Schuh aus unglaublich weichem Leder gefertigt und mit Spitzeneins\u00e4tzen kombiniert \u2013 ein schickes Detail, das f\u00fcr Atmungsaktivit\u00e4t und Raffinesse sorgt. Dieser Schuh ist ein absolutes Must-have f\u00fcr jede Damengarderobe und verbindet zeitgen\u00f6ssisches Design mit au\u00dfergew\u00f6hnlichem Komfort. Die Sohle ist &hellip;","og_url":"https:\/\/www.venisecollection.com\/de\/shop\/women\/sneakers\/giuly-fabric","og_site_name":"VENISE COLLECTION","article_modified_time":"2026-02-12T16:54:18+00:00","og_image":[{"width":1280,"height":1588,"url":"https:\/\/www.venisecollection.com\/cdn\/image-93.webp","type":"image\/webp"}],"twitter_card":"summary_large_image","twitter_misc":{"Gesch\u00e4tzte Lesezeit":"1\u00a0Minute"},"schema":{"@context":"https:\/\/schema.org","@graph":[{"@type":"WebPage","@id":"https:\/\/www.venisecollection.com\/de\/shop\/women\/sneakers\/giuly-fabric","url":"https:\/\/www.venisecollection.com\/de\/shop\/women\/sneakers\/giuly-fabric","name":"Giuly Fabric Lace sneaker - VENISE COLLECTION","isPartOf":{"@id":"https:\/\/www.venisecollection.com\/de#website"},"primaryImageOfPage":{"@id":"https:\/\/www.venisecollection.com\/de\/shop\/women\/sneakers\/giuly-fabric#primaryimage"},"image":{"@id":"https:\/\/www.venisecollection.com\/de\/shop\/women\/sneakers\/giuly-fabric#primaryimage"},"thumbnailUrl":"https:\/\/www.venisecollection.com\/cdn\/image-93.webp","datePublished":"2026-02-12T16:38:30+00:00","dateModified":"2026-02-12T16:54:18+00:00","breadcrumb":{"@id":"https:\/\/www.venisecollection.com\/de\/shop\/women\/sneakers\/giuly-fabric#breadcrumb"},"inLanguage":"de","potentialAction":[{"@type":"ReadAction","target":["https:\/\/www.venisecollection.com\/de\/shop\/women\/sneakers\/giuly-fabric"]}]},{"@type":"ImageObject","inLanguage":"de","@id":"https:\/\/www.venisecollection.com\/de\/shop\/women\/sneakers\/giuly-fabric#primaryimage","url":"https:\/\/www.venisecollection.com\/cdn\/image-93.webp","contentUrl":"https:\/\/www.venisecollection.com\/cdn\/image-93.webp","width":1280,"height":1588},{"@type":"BreadcrumbList","@id":"https:\/\/www.venisecollection.com\/de\/shop\/women\/sneakers\/giuly-fabric#breadcrumb","itemListElement":[{"@type":"ListItem","position":1,"name":"Home","item":"https:\/\/www.venisecollection.com\/de\/shop"},{"@type":"ListItem","position":2,"name":"Startseite","item":"https:\/\/www.venisecollection.com\/de\/shop"},{"@type":"ListItem","position":3,"name":"Giuly Fabric Lace sneaker"}]},{"@type":"WebSite","@id":"https:\/\/www.venisecollection.com\/de#website","url":"https:\/\/www.venisecollection.com\/de","name":"VENISE COLLECTION","description":"","publisher":{"@id":"https:\/\/www.venisecollection.com\/de#organization"},"potentialAction":[{"@type":"SearchAction","target":{"@type":"EntryPoint","urlTemplate":"https:\/\/www.venisecollection.com\/de?s={search_term_string}"},"query-input":{"@type":"PropertyValueSpecification","valueRequired":true,"valueName":"search_term_string"}}],"inLanguage":"de"},{"@type":"Organization","@id":"https:\/\/www.venisecollection.com\/de#organization","name":"VENISE COLLECTION","url":"https:\/\/www.venisecollection.com\/de","logo":{"@type":"ImageObject","inLanguage":"de","@id":"https:\/\/www.venisecollection.com\/de#\/schema\/logo\/image\/","url":"https:\/\/www.venisecollection.com\/cdn\/seo.png","contentUrl":"https:\/\/www.venisecollection.com\/cdn\/seo.png","width":1080,"height":1080,"caption":"VENISE COLLECTION"},"image":{"@id":"https:\/\/www.venisecollection.com\/de#\/schema\/logo\/image\/"},"sameAs":["https:\/\/www.instagram.com\/venisecollection\/","https:\/\/fr.pinterest.com\/venisecollection\/"]}]}},"_links":{"self":[{"href":"https:\/\/www.venisecollection.com\/de\/wp-json\/wp\/v2\/product\/19318","targetHints":{"allow":["GET"]}}],"collection":[{"href":"https:\/\/www.venisecollection.com\/de\/wp-json\/wp\/v2\/product"}],"about":[{"href":"https:\/\/www.venisecollection.com\/de\/wp-json\/wp\/v2\/types\/product"}],"wp:featuredmedia":[{"embeddable":true,"href":"https:\/\/www.venisecollection.com\/de\/wp-json\/wp\/v2\/media\/19271"}],"wp:attachment":[{"href":"https:\/\/www.venisecollection.com\/de\/wp-json\/wp\/v2\/media?parent=19318"}],"wp:term":[{"taxonomy":"product_brand","embeddable":true,"href":"https:\/\/www.venisecollection.com\/de\/wp-json\/wp\/v2\/product_brand?post=19318"},{"taxonomy":"product_cat","embeddable":true,"href":"https:\/\/www.venisecollection.com\/de\/wp-json\/wp\/v2\/product_cat?post=19318"},{"taxonomy":"product_tag","embeddable":true,"href":"https:\/\/www.venisecollection.com\/de\/wp-json\/wp\/v2\/product_tag?post=19318"}],"curies":[{"name":"wp","href":"https:\/\/api.w.org\/{rel}","templated":true}]}}