{"id":22455,"date":"2026-03-24T16:15:26","date_gmt":"2026-03-24T16:15:26","guid":{"rendered":"https:\/\/www.venisecollection.com\/?post_type=product&#038;p=22455"},"modified":"2026-03-24T16:54:49","modified_gmt":"2026-03-24T16:54:49","slug":"ss25-kill-bill","status":"publish","type":"product","link":"https:\/\/www.venisecollection.com\/de\/shop\/women\/sneakers\/ss25-kill-bill","title":{"rendered":"SS26 KILL BILL CAPPUCCINO"},"content":{"rendered":"<p data-path-to-node=\"14\">Werten Sie Ihre Freizeitgarderobe mit dem <b data-path-to-node=\"14\" data-index-in-node=\"302\">KillBill Sneaker<\/b> von <b data-path-to-node=\"14\" data-index-in-node=\"323\">ASH<\/b> auf. Diese retro-inspirierten Damen-Turnschuhe aus feinstem caramel-farbenem Wildleder verbinden Vintage-\u00c4sthetik nahtlos mit modernem Alltagskomfort. Das Design besticht durch charakteristische geometrische N\u00e4hte an den Seiten und kontrastierende wei\u00dfe Schn\u00fcrsenkel, die perfekt mit der markanten wei\u00dfen Logo-Zunge harmonieren.<\/p>\n<p data-path-to-node=\"15\">Im Inneren ist der Sneaker f\u00fcr ganzt\u00e4gigen Tragekomfort ausgelegt und verf\u00fcgt \u00fcber ein atmungsaktives Textilfutter kombiniert mit einer hochwertigen Leder-Innensohle. Die R\u00fcckseite wird durch ein weiches, beigefarbenes Leder-Fersendetail mit Logo dezent akzentuiert, was der sportlichen Silhouette eine elegante Note verleiht. Abgerundet durch eine strapazierf\u00e4hige Gummisohle mit einer bequemen H\u00f6he von 2 cm, lassen sich diese Sneaker m\u00fchelos zu Jeans, flie\u00dfenden Kleidern oder legerer Business-Kleidung kombinieren.<\/p>\n<ul data-path-to-node=\"16\">\n<li>\n<p data-path-to-node=\"16,0,0\"><b data-path-to-node=\"16,0,0\" data-index-in-node=\"0\">Obermaterial:<\/b> Caramel Wildleder mit wei\u00dfen Schn\u00fcrsenkeln<\/p>\n<\/li>\n<li>\n<p data-path-to-node=\"16,1,0\"><b data-path-to-node=\"16,1,0\" data-index-in-node=\"0\">Futter &amp; Innensohle:<\/b> Textilfutter und hochwertige Leder-Innensohle<\/p>\n<\/li>\n<li>\n<p data-path-to-node=\"16,2,0\"><b data-path-to-node=\"16,2,0\" data-index-in-node=\"0\">Details:<\/b> Wei\u00dfe Logo-Zunge und weiches beigefarbenes Leder an der Ferse<\/p>\n<\/li>\n<li>\n<p data-path-to-node=\"16,3,0\"><b data-path-to-node=\"16,3,0\" data-index-in-node=\"0\">Sohle:<\/b> Strapazierf\u00e4hige Gummisohle<\/p>\n<\/li>\n<li>\n<p data-path-to-node=\"16,4,0\"><b data-path-to-node=\"16,4,0\" data-index-in-node=\"0\">Absatzh\u00f6he:<\/b> 2 cm<\/p>\n<\/li>\n<\/ul>\n","protected":false},"excerpt":{"rendered":"<p>Werten Sie Ihre Freizeitgarderobe mit dem KillBill Sneaker von ASH auf. Diese retro-inspirierten Damen-Turnschuhe aus feinstem caramel-farbenem Wildleder verbinden Vintage-\u00c4sthetik nahtlos mit modernem Alltagskomfort. Das Design besticht durch charakteristische geometrische N\u00e4hte an den Seiten und kontrastierende wei\u00dfe Schn\u00fcrsenkel, die perfekt mit der markanten wei\u00dfen Logo-Zunge harmonieren. Im Inneren ist der Sneaker f\u00fcr ganzt\u00e4gigen Tragekomfort ausgelegt &hellip;<\/p>\n","protected":false},"featured_media":22489,"template":"","meta":[],"product_brand":[391],"product_cat":[114],"product_tag":[],"class_list":{"0":"post-22455","1":"product","2":"type-product","3":"status-publish","4":"has-post-thumbnail","6":"product_brand-ash","7":"product_cat-sneakers","9":"first","10":"instock","11":"shipping-taxable","12":"purchasable","13":"product-type-variable","14":"has-default-attributes"},"yoast_head":"<!-- This site is optimized with the Yoast SEO plugin v27.5 - https:\/\/yoast.com\/product\/yoast-seo-wordpress\/ -->\n<title>Caramel Wildleder-Sneaker f\u00fcr Damen<\/title>\n<meta name=\"robots\" content=\"index, follow, max-snippet:-1, max-image-preview:large, max-video-preview:-1\" \/>\n<link rel=\"canonical\" href=\"https:\/\/www.venisecollection.com\/de\/shop\/women\/sneakers\/ss25-kill-bill\" \/>\n<meta property=\"og:locale\" content=\"de_DE\" \/>\n<meta property=\"og:type\" content=\"article\" \/>\n<meta property=\"og:title\" content=\"Caramel Wildleder-Sneaker f\u00fcr Damen\" \/>\n<meta property=\"og:description\" content=\"Werten Sie Ihre Freizeitgarderobe mit dem KillBill Sneaker von ASH auf. Diese retro-inspirierten Damen-Turnschuhe aus feinstem caramel-farbenem Wildleder verbinden Vintage-\u00c4sthetik nahtlos mit modernem Alltagskomfort. Das Design besticht durch charakteristische geometrische N\u00e4hte an den Seiten und kontrastierende wei\u00dfe Schn\u00fcrsenkel, die perfekt mit der markanten wei\u00dfen Logo-Zunge harmonieren. Im Inneren ist der Sneaker f\u00fcr ganzt\u00e4gigen Tragekomfort ausgelegt &hellip;\" \/>\n<meta property=\"og:url\" content=\"https:\/\/www.venisecollection.com\/de\/shop\/women\/sneakers\/ss25-kill-bill\" \/>\n<meta property=\"og:site_name\" content=\"VENISE COLLECTION\" \/>\n<meta property=\"article:modified_time\" content=\"2026-03-24T16:54:49+00:00\" \/>\n<meta property=\"og:image\" content=\"https:\/\/www.venisecollection.com\/cdn\/image-162-13.webp\" \/>\n\t<meta property=\"og:image:width\" content=\"1280\" \/>\n\t<meta property=\"og:image:height\" content=\"1588\" \/>\n\t<meta property=\"og:image:type\" content=\"image\/webp\" \/>\n<meta name=\"twitter:card\" content=\"summary_large_image\" \/>\n<meta name=\"twitter:label1\" content=\"Gesch\u00e4tzte Lesezeit\" \/>\n\t<meta name=\"twitter:data1\" content=\"1\u00a0Minute\" \/>\n<script type=\"application\/ld+json\" class=\"yoast-schema-graph\">{\"@context\":\"https:\\\/\\\/schema.org\",\"@graph\":[{\"@type\":\"WebPage\",\"@id\":\"https:\\\/\\\/www.venisecollection.com\\\/de\\\/shop\\\/women\\\/sneakers\\\/ss25-kill-bill\",\"url\":\"https:\\\/\\\/www.venisecollection.com\\\/de\\\/shop\\\/women\\\/sneakers\\\/ss25-kill-bill\",\"name\":\"Caramel Wildleder-Sneaker f\u00fcr Damen\",\"isPartOf\":{\"@id\":\"https:\\\/\\\/www.venisecollection.com\\\/de#website\"},\"primaryImageOfPage\":{\"@id\":\"https:\\\/\\\/www.venisecollection.com\\\/de\\\/shop\\\/women\\\/sneakers\\\/ss25-kill-bill#primaryimage\"},\"image\":{\"@id\":\"https:\\\/\\\/www.venisecollection.com\\\/de\\\/shop\\\/women\\\/sneakers\\\/ss25-kill-bill#primaryimage\"},\"thumbnailUrl\":\"https:\\\/\\\/www.venisecollection.com\\\/cdn\\\/image-162-13.webp\",\"datePublished\":\"2026-03-24T16:15:26+00:00\",\"dateModified\":\"2026-03-24T16:54:49+00:00\",\"breadcrumb\":{\"@id\":\"https:\\\/\\\/www.venisecollection.com\\\/de\\\/shop\\\/women\\\/sneakers\\\/ss25-kill-bill#breadcrumb\"},\"inLanguage\":\"de\",\"potentialAction\":[{\"@type\":\"ReadAction\",\"target\":[\"https:\\\/\\\/www.venisecollection.com\\\/de\\\/shop\\\/women\\\/sneakers\\\/ss25-kill-bill\"]}]},{\"@type\":\"ImageObject\",\"inLanguage\":\"de\",\"@id\":\"https:\\\/\\\/www.venisecollection.com\\\/de\\\/shop\\\/women\\\/sneakers\\\/ss25-kill-bill#primaryimage\",\"url\":\"https:\\\/\\\/www.venisecollection.com\\\/cdn\\\/image-162-13.webp\",\"contentUrl\":\"https:\\\/\\\/www.venisecollection.com\\\/cdn\\\/image-162-13.webp\",\"width\":1280,\"height\":1588},{\"@type\":\"BreadcrumbList\",\"@id\":\"https:\\\/\\\/www.venisecollection.com\\\/de\\\/shop\\\/women\\\/sneakers\\\/ss25-kill-bill#breadcrumb\",\"itemListElement\":[{\"@type\":\"ListItem\",\"position\":1,\"name\":\"Home\",\"item\":\"https:\\\/\\\/www.venisecollection.com\\\/de\\\/shop\"},{\"@type\":\"ListItem\",\"position\":2,\"name\":\"Startseite\",\"item\":\"https:\\\/\\\/www.venisecollection.com\\\/de\\\/shop\"},{\"@type\":\"ListItem\",\"position\":3,\"name\":\"SS26 KILL BILL CAPPUCCINO\"}]},{\"@type\":\"WebSite\",\"@id\":\"https:\\\/\\\/www.venisecollection.com\\\/de#website\",\"url\":\"https:\\\/\\\/www.venisecollection.com\\\/de\",\"name\":\"VENISE COLLECTION\",\"description\":\"\",\"publisher\":{\"@id\":\"https:\\\/\\\/www.venisecollection.com\\\/de#organization\"},\"potentialAction\":[{\"@type\":\"SearchAction\",\"target\":{\"@type\":\"EntryPoint\",\"urlTemplate\":\"https:\\\/\\\/www.venisecollection.com\\\/de?s={search_term_string}\"},\"query-input\":{\"@type\":\"PropertyValueSpecification\",\"valueRequired\":true,\"valueName\":\"search_term_string\"}}],\"inLanguage\":\"de\"},{\"@type\":\"Organization\",\"@id\":\"https:\\\/\\\/www.venisecollection.com\\\/de#organization\",\"name\":\"VENISE COLLECTION\",\"url\":\"https:\\\/\\\/www.venisecollection.com\\\/de\",\"logo\":{\"@type\":\"ImageObject\",\"inLanguage\":\"de\",\"@id\":\"https:\\\/\\\/www.venisecollection.com\\\/de#\\\/schema\\\/logo\\\/image\\\/\",\"url\":\"https:\\\/\\\/www.venisecollection.com\\\/cdn\\\/seo.png\",\"contentUrl\":\"https:\\\/\\\/www.venisecollection.com\\\/cdn\\\/seo.png\",\"width\":1080,\"height\":1080,\"caption\":\"VENISE COLLECTION\"},\"image\":{\"@id\":\"https:\\\/\\\/www.venisecollection.com\\\/de#\\\/schema\\\/logo\\\/image\\\/\"},\"sameAs\":[\"https:\\\/\\\/www.instagram.com\\\/venisecollection\\\/\",\"https:\\\/\\\/fr.pinterest.com\\\/venisecollection\\\/\"]}]}<\/script>\n<!-- \/ Yoast SEO plugin. -->","yoast_head_json":{"title":"Caramel Wildleder-Sneaker f\u00fcr Damen","robots":{"index":"index","follow":"follow","max-snippet":"max-snippet:-1","max-image-preview":"max-image-preview:large","max-video-preview":"max-video-preview:-1"},"canonical":"https:\/\/www.venisecollection.com\/de\/shop\/women\/sneakers\/ss25-kill-bill","og_locale":"de_DE","og_type":"article","og_title":"Caramel Wildleder-Sneaker f\u00fcr Damen","og_description":"Werten Sie Ihre Freizeitgarderobe mit dem KillBill Sneaker von ASH auf. Diese retro-inspirierten Damen-Turnschuhe aus feinstem caramel-farbenem Wildleder verbinden Vintage-\u00c4sthetik nahtlos mit modernem Alltagskomfort. Das Design besticht durch charakteristische geometrische N\u00e4hte an den Seiten und kontrastierende wei\u00dfe Schn\u00fcrsenkel, die perfekt mit der markanten wei\u00dfen Logo-Zunge harmonieren. Im Inneren ist der Sneaker f\u00fcr ganzt\u00e4gigen Tragekomfort ausgelegt &hellip;","og_url":"https:\/\/www.venisecollection.com\/de\/shop\/women\/sneakers\/ss25-kill-bill","og_site_name":"VENISE COLLECTION","article_modified_time":"2026-03-24T16:54:49+00:00","og_image":[{"width":1280,"height":1588,"url":"https:\/\/www.venisecollection.com\/cdn\/image-162-13.webp","type":"image\/webp"}],"twitter_card":"summary_large_image","twitter_misc":{"Gesch\u00e4tzte Lesezeit":"1\u00a0Minute"},"schema":{"@context":"https:\/\/schema.org","@graph":[{"@type":"WebPage","@id":"https:\/\/www.venisecollection.com\/de\/shop\/women\/sneakers\/ss25-kill-bill","url":"https:\/\/www.venisecollection.com\/de\/shop\/women\/sneakers\/ss25-kill-bill","name":"Caramel Wildleder-Sneaker f\u00fcr Damen","isPartOf":{"@id":"https:\/\/www.venisecollection.com\/de#website"},"primaryImageOfPage":{"@id":"https:\/\/www.venisecollection.com\/de\/shop\/women\/sneakers\/ss25-kill-bill#primaryimage"},"image":{"@id":"https:\/\/www.venisecollection.com\/de\/shop\/women\/sneakers\/ss25-kill-bill#primaryimage"},"thumbnailUrl":"https:\/\/www.venisecollection.com\/cdn\/image-162-13.webp","datePublished":"2026-03-24T16:15:26+00:00","dateModified":"2026-03-24T16:54:49+00:00","breadcrumb":{"@id":"https:\/\/www.venisecollection.com\/de\/shop\/women\/sneakers\/ss25-kill-bill#breadcrumb"},"inLanguage":"de","potentialAction":[{"@type":"ReadAction","target":["https:\/\/www.venisecollection.com\/de\/shop\/women\/sneakers\/ss25-kill-bill"]}]},{"@type":"ImageObject","inLanguage":"de","@id":"https:\/\/www.venisecollection.com\/de\/shop\/women\/sneakers\/ss25-kill-bill#primaryimage","url":"https:\/\/www.venisecollection.com\/cdn\/image-162-13.webp","contentUrl":"https:\/\/www.venisecollection.com\/cdn\/image-162-13.webp","width":1280,"height":1588},{"@type":"BreadcrumbList","@id":"https:\/\/www.venisecollection.com\/de\/shop\/women\/sneakers\/ss25-kill-bill#breadcrumb","itemListElement":[{"@type":"ListItem","position":1,"name":"Home","item":"https:\/\/www.venisecollection.com\/de\/shop"},{"@type":"ListItem","position":2,"name":"Startseite","item":"https:\/\/www.venisecollection.com\/de\/shop"},{"@type":"ListItem","position":3,"name":"SS26 KILL BILL CAPPUCCINO"}]},{"@type":"WebSite","@id":"https:\/\/www.venisecollection.com\/de#website","url":"https:\/\/www.venisecollection.com\/de","name":"VENISE COLLECTION","description":"","publisher":{"@id":"https:\/\/www.venisecollection.com\/de#organization"},"potentialAction":[{"@type":"SearchAction","target":{"@type":"EntryPoint","urlTemplate":"https:\/\/www.venisecollection.com\/de?s={search_term_string}"},"query-input":{"@type":"PropertyValueSpecification","valueRequired":true,"valueName":"search_term_string"}}],"inLanguage":"de"},{"@type":"Organization","@id":"https:\/\/www.venisecollection.com\/de#organization","name":"VENISE COLLECTION","url":"https:\/\/www.venisecollection.com\/de","logo":{"@type":"ImageObject","inLanguage":"de","@id":"https:\/\/www.venisecollection.com\/de#\/schema\/logo\/image\/","url":"https:\/\/www.venisecollection.com\/cdn\/seo.png","contentUrl":"https:\/\/www.venisecollection.com\/cdn\/seo.png","width":1080,"height":1080,"caption":"VENISE COLLECTION"},"image":{"@id":"https:\/\/www.venisecollection.com\/de#\/schema\/logo\/image\/"},"sameAs":["https:\/\/www.instagram.com\/venisecollection\/","https:\/\/fr.pinterest.com\/venisecollection\/"]}]}},"_links":{"self":[{"href":"https:\/\/www.venisecollection.com\/de\/wp-json\/wp\/v2\/product\/22455","targetHints":{"allow":["GET"]}}],"collection":[{"href":"https:\/\/www.venisecollection.com\/de\/wp-json\/wp\/v2\/product"}],"about":[{"href":"https:\/\/www.venisecollection.com\/de\/wp-json\/wp\/v2\/types\/product"}],"wp:featuredmedia":[{"embeddable":true,"href":"https:\/\/www.venisecollection.com\/de\/wp-json\/wp\/v2\/media\/22489"}],"wp:attachment":[{"href":"https:\/\/www.venisecollection.com\/de\/wp-json\/wp\/v2\/media?parent=22455"}],"wp:term":[{"taxonomy":"product_brand","embeddable":true,"href":"https:\/\/www.venisecollection.com\/de\/wp-json\/wp\/v2\/product_brand?post=22455"},{"taxonomy":"product_cat","embeddable":true,"href":"https:\/\/www.venisecollection.com\/de\/wp-json\/wp\/v2\/product_cat?post=22455"},{"taxonomy":"product_tag","embeddable":true,"href":"https:\/\/www.venisecollection.com\/de\/wp-json\/wp\/v2\/product_tag?post=22455"}],"curies":[{"name":"wp","href":"https:\/\/api.w.org\/{rel}","templated":true}]}}