{"id":22516,"date":"2026-03-24T16:44:16","date_gmt":"2026-03-24T16:44:16","guid":{"rendered":"https:\/\/www.venisecollection.com\/?post_type=product&#038;p=22516"},"modified":"2026-03-24T16:51:48","modified_gmt":"2026-03-24T16:51:48","slug":"ss26-kill-bill-silver","status":"publish","type":"product","link":"https:\/\/www.venisecollection.com\/de\/shop\/women\/sneakers\/ss26-kill-bill-silver","title":{"rendered":"SS26 KILL BILL SILVER"},"content":{"rendered":"<p data-path-to-node=\"13\">Setzen Sie ein mutiges modisches Statement mit dem <b data-path-to-node=\"13\" data-index-in-node=\"318\">KillBill Silver Sneaker<\/b> von <b data-path-to-node=\"13\" data-index-in-node=\"346\">ASH<\/b>. Diese Damen-Turnschuhe nehmen die klassische Retro-Runner-Silhouette auf und verleihen ihr mit auff\u00e4lligem silbernem Metallic-Leder einen futuristischen Touch. Das leuchtende Obermaterial ist mit den charakteristischen geometrischen N\u00e4hten verziert und verbindet nahtlos Vintage-Design mit modernem Streetstyle.<\/p>\n<p data-path-to-node=\"14\">Diese Sneaker verf\u00fcgen \u00fcber dicke, cremefarbene geflochtene Schn\u00fcrsenkel, die perfekt mit dem weichen, beigefarbenen Leder-Fersendetail harmonieren und eine raffinierte Farbpalette schaffen. F\u00fcr ganzt\u00e4gigen Komfort konzipiert, bietet das Innere ein atmungsaktives Textilfutter und eine hochwertige Leder-Innensohle. Mit einer stabilen, hellen Gummisohle von 2 cm H\u00f6he und dem markanten ASH-Logo eignen sich diese Turnschuhe perfekt, um allt\u00e4glichen Jeans-Looks oder Freizeitkleidern einen Hauch von Glamour zu verleihen.<\/p>\n<ul data-path-to-node=\"15\">\n<li>\n<p data-path-to-node=\"15,0,0\"><b data-path-to-node=\"15,0,0\" data-index-in-node=\"0\">Obermaterial:<\/b> Hochgl\u00e4nzendes silbernes Metallic-Leder<\/p>\n<\/li>\n<li>\n<p data-path-to-node=\"15,1,0\"><b data-path-to-node=\"15,1,0\" data-index-in-node=\"0\">Futter &amp; Innensohle:<\/b> Textilfutter und hochwertige Leder-Innensohle<\/p>\n<\/li>\n<li>\n<p data-path-to-node=\"15,2,0\"><b data-path-to-node=\"15,2,0\" data-index-in-node=\"0\">Details:<\/b> Cremefarbene Schn\u00fcrsenkel und weiches beigefarbenes Leder an der Ferse<\/p>\n<\/li>\n<li>\n<p data-path-to-node=\"15,3,0\"><b data-path-to-node=\"15,3,0\" data-index-in-node=\"0\">Sohle:<\/b> Strapazierf\u00e4hige, helle Gummisohle<\/p>\n<\/li>\n<li>\n<p data-path-to-node=\"15,4,0\"><b data-path-to-node=\"15,4,0\" data-index-in-node=\"0\">Absatzh\u00f6he:<\/b> 2 cm<\/p>\n<\/li>\n<\/ul>\n","protected":false},"excerpt":{"rendered":"<p>Setzen Sie ein mutiges modisches Statement mit dem KillBill Silver Sneaker von ASH. Diese Damen-Turnschuhe nehmen die klassische Retro-Runner-Silhouette auf und verleihen ihr mit auff\u00e4lligem silbernem Metallic-Leder einen futuristischen Touch. Das leuchtende Obermaterial ist mit den charakteristischen geometrischen N\u00e4hten verziert und verbindet nahtlos Vintage-Design mit modernem Streetstyle. Diese Sneaker verf\u00fcgen \u00fcber dicke, cremefarbene geflochtene Schn\u00fcrsenkel, &hellip;<\/p>\n","protected":false},"featured_media":22549,"template":"","meta":[],"product_brand":[391],"product_cat":[114],"product_tag":[],"class_list":{"0":"post-22516","1":"product","2":"type-product","3":"status-publish","4":"has-post-thumbnail","6":"product_brand-ash","7":"product_cat-sneakers","9":"first","10":"instock","11":"shipping-taxable","12":"purchasable","13":"product-type-variable","14":"has-default-attributes"},"yoast_head":"<!-- This site is optimized with the Yoast SEO plugin v27.5 - https:\/\/yoast.com\/product\/yoast-seo-wordpress\/ -->\n<title>Silberne Metallic-Sneaker f\u00fcr Damen - ASH KillBill Silver<\/title>\n<meta name=\"robots\" content=\"index, follow, max-snippet:-1, max-image-preview:large, max-video-preview:-1\" \/>\n<link rel=\"canonical\" href=\"https:\/\/www.venisecollection.com\/de\/shop\/women\/sneakers\/ss26-kill-bill-silver\" \/>\n<meta property=\"og:locale\" content=\"de_DE\" \/>\n<meta property=\"og:type\" content=\"article\" \/>\n<meta property=\"og:title\" content=\"Silberne Metallic-Sneaker f\u00fcr Damen - ASH KillBill Silver\" \/>\n<meta property=\"og:description\" content=\"Setzen Sie ein mutiges modisches Statement mit dem KillBill Silver Sneaker von ASH. Diese Damen-Turnschuhe nehmen die klassische Retro-Runner-Silhouette auf und verleihen ihr mit auff\u00e4lligem silbernem Metallic-Leder einen futuristischen Touch. Das leuchtende Obermaterial ist mit den charakteristischen geometrischen N\u00e4hten verziert und verbindet nahtlos Vintage-Design mit modernem Streetstyle. Diese Sneaker verf\u00fcgen \u00fcber dicke, cremefarbene geflochtene Schn\u00fcrsenkel, &hellip;\" \/>\n<meta property=\"og:url\" content=\"https:\/\/www.venisecollection.com\/de\/shop\/women\/sneakers\/ss26-kill-bill-silver\" \/>\n<meta property=\"og:site_name\" content=\"VENISE COLLECTION\" \/>\n<meta property=\"article:modified_time\" content=\"2026-03-24T16:51:48+00:00\" \/>\n<meta property=\"og:image\" content=\"https:\/\/www.venisecollection.com\/cdn\/image-162-18.webp\" \/>\n\t<meta property=\"og:image:width\" content=\"1280\" \/>\n\t<meta property=\"og:image:height\" content=\"1588\" \/>\n\t<meta property=\"og:image:type\" content=\"image\/webp\" \/>\n<meta name=\"twitter:card\" content=\"summary_large_image\" \/>\n<meta name=\"twitter:label1\" content=\"Gesch\u00e4tzte Lesezeit\" \/>\n\t<meta name=\"twitter:data1\" content=\"1\u00a0Minute\" \/>\n<script type=\"application\/ld+json\" class=\"yoast-schema-graph\">{\"@context\":\"https:\\\/\\\/schema.org\",\"@graph\":[{\"@type\":\"WebPage\",\"@id\":\"https:\\\/\\\/www.venisecollection.com\\\/de\\\/shop\\\/women\\\/sneakers\\\/ss26-kill-bill-silver\",\"url\":\"https:\\\/\\\/www.venisecollection.com\\\/de\\\/shop\\\/women\\\/sneakers\\\/ss26-kill-bill-silver\",\"name\":\"Silberne Metallic-Sneaker f\u00fcr Damen - ASH KillBill Silver\",\"isPartOf\":{\"@id\":\"https:\\\/\\\/www.venisecollection.com\\\/de#website\"},\"primaryImageOfPage\":{\"@id\":\"https:\\\/\\\/www.venisecollection.com\\\/de\\\/shop\\\/women\\\/sneakers\\\/ss26-kill-bill-silver#primaryimage\"},\"image\":{\"@id\":\"https:\\\/\\\/www.venisecollection.com\\\/de\\\/shop\\\/women\\\/sneakers\\\/ss26-kill-bill-silver#primaryimage\"},\"thumbnailUrl\":\"https:\\\/\\\/www.venisecollection.com\\\/cdn\\\/image-162-18.webp\",\"datePublished\":\"2026-03-24T16:44:16+00:00\",\"dateModified\":\"2026-03-24T16:51:48+00:00\",\"breadcrumb\":{\"@id\":\"https:\\\/\\\/www.venisecollection.com\\\/de\\\/shop\\\/women\\\/sneakers\\\/ss26-kill-bill-silver#breadcrumb\"},\"inLanguage\":\"de\",\"potentialAction\":[{\"@type\":\"ReadAction\",\"target\":[\"https:\\\/\\\/www.venisecollection.com\\\/de\\\/shop\\\/women\\\/sneakers\\\/ss26-kill-bill-silver\"]}]},{\"@type\":\"ImageObject\",\"inLanguage\":\"de\",\"@id\":\"https:\\\/\\\/www.venisecollection.com\\\/de\\\/shop\\\/women\\\/sneakers\\\/ss26-kill-bill-silver#primaryimage\",\"url\":\"https:\\\/\\\/www.venisecollection.com\\\/cdn\\\/image-162-18.webp\",\"contentUrl\":\"https:\\\/\\\/www.venisecollection.com\\\/cdn\\\/image-162-18.webp\",\"width\":1280,\"height\":1588},{\"@type\":\"BreadcrumbList\",\"@id\":\"https:\\\/\\\/www.venisecollection.com\\\/de\\\/shop\\\/women\\\/sneakers\\\/ss26-kill-bill-silver#breadcrumb\",\"itemListElement\":[{\"@type\":\"ListItem\",\"position\":1,\"name\":\"Home\",\"item\":\"https:\\\/\\\/www.venisecollection.com\\\/de\\\/shop\"},{\"@type\":\"ListItem\",\"position\":2,\"name\":\"Startseite\",\"item\":\"https:\\\/\\\/www.venisecollection.com\\\/de\\\/shop\"},{\"@type\":\"ListItem\",\"position\":3,\"name\":\"SS26 KILL BILL SILVER\"}]},{\"@type\":\"WebSite\",\"@id\":\"https:\\\/\\\/www.venisecollection.com\\\/de#website\",\"url\":\"https:\\\/\\\/www.venisecollection.com\\\/de\",\"name\":\"VENISE COLLECTION\",\"description\":\"\",\"publisher\":{\"@id\":\"https:\\\/\\\/www.venisecollection.com\\\/de#organization\"},\"potentialAction\":[{\"@type\":\"SearchAction\",\"target\":{\"@type\":\"EntryPoint\",\"urlTemplate\":\"https:\\\/\\\/www.venisecollection.com\\\/de?s={search_term_string}\"},\"query-input\":{\"@type\":\"PropertyValueSpecification\",\"valueRequired\":true,\"valueName\":\"search_term_string\"}}],\"inLanguage\":\"de\"},{\"@type\":\"Organization\",\"@id\":\"https:\\\/\\\/www.venisecollection.com\\\/de#organization\",\"name\":\"VENISE COLLECTION\",\"url\":\"https:\\\/\\\/www.venisecollection.com\\\/de\",\"logo\":{\"@type\":\"ImageObject\",\"inLanguage\":\"de\",\"@id\":\"https:\\\/\\\/www.venisecollection.com\\\/de#\\\/schema\\\/logo\\\/image\\\/\",\"url\":\"https:\\\/\\\/www.venisecollection.com\\\/cdn\\\/seo.png\",\"contentUrl\":\"https:\\\/\\\/www.venisecollection.com\\\/cdn\\\/seo.png\",\"width\":1080,\"height\":1080,\"caption\":\"VENISE COLLECTION\"},\"image\":{\"@id\":\"https:\\\/\\\/www.venisecollection.com\\\/de#\\\/schema\\\/logo\\\/image\\\/\"},\"sameAs\":[\"https:\\\/\\\/www.instagram.com\\\/venisecollection\\\/\",\"https:\\\/\\\/fr.pinterest.com\\\/venisecollection\\\/\"]}]}<\/script>\n<!-- \/ Yoast SEO plugin. -->","yoast_head_json":{"title":"Silberne Metallic-Sneaker f\u00fcr Damen - ASH KillBill Silver","robots":{"index":"index","follow":"follow","max-snippet":"max-snippet:-1","max-image-preview":"max-image-preview:large","max-video-preview":"max-video-preview:-1"},"canonical":"https:\/\/www.venisecollection.com\/de\/shop\/women\/sneakers\/ss26-kill-bill-silver","og_locale":"de_DE","og_type":"article","og_title":"Silberne Metallic-Sneaker f\u00fcr Damen - ASH KillBill Silver","og_description":"Setzen Sie ein mutiges modisches Statement mit dem KillBill Silver Sneaker von ASH. Diese Damen-Turnschuhe nehmen die klassische Retro-Runner-Silhouette auf und verleihen ihr mit auff\u00e4lligem silbernem Metallic-Leder einen futuristischen Touch. Das leuchtende Obermaterial ist mit den charakteristischen geometrischen N\u00e4hten verziert und verbindet nahtlos Vintage-Design mit modernem Streetstyle. Diese Sneaker verf\u00fcgen \u00fcber dicke, cremefarbene geflochtene Schn\u00fcrsenkel, &hellip;","og_url":"https:\/\/www.venisecollection.com\/de\/shop\/women\/sneakers\/ss26-kill-bill-silver","og_site_name":"VENISE COLLECTION","article_modified_time":"2026-03-24T16:51:48+00:00","og_image":[{"width":1280,"height":1588,"url":"https:\/\/www.venisecollection.com\/cdn\/image-162-18.webp","type":"image\/webp"}],"twitter_card":"summary_large_image","twitter_misc":{"Gesch\u00e4tzte Lesezeit":"1\u00a0Minute"},"schema":{"@context":"https:\/\/schema.org","@graph":[{"@type":"WebPage","@id":"https:\/\/www.venisecollection.com\/de\/shop\/women\/sneakers\/ss26-kill-bill-silver","url":"https:\/\/www.venisecollection.com\/de\/shop\/women\/sneakers\/ss26-kill-bill-silver","name":"Silberne Metallic-Sneaker f\u00fcr Damen - ASH KillBill Silver","isPartOf":{"@id":"https:\/\/www.venisecollection.com\/de#website"},"primaryImageOfPage":{"@id":"https:\/\/www.venisecollection.com\/de\/shop\/women\/sneakers\/ss26-kill-bill-silver#primaryimage"},"image":{"@id":"https:\/\/www.venisecollection.com\/de\/shop\/women\/sneakers\/ss26-kill-bill-silver#primaryimage"},"thumbnailUrl":"https:\/\/www.venisecollection.com\/cdn\/image-162-18.webp","datePublished":"2026-03-24T16:44:16+00:00","dateModified":"2026-03-24T16:51:48+00:00","breadcrumb":{"@id":"https:\/\/www.venisecollection.com\/de\/shop\/women\/sneakers\/ss26-kill-bill-silver#breadcrumb"},"inLanguage":"de","potentialAction":[{"@type":"ReadAction","target":["https:\/\/www.venisecollection.com\/de\/shop\/women\/sneakers\/ss26-kill-bill-silver"]}]},{"@type":"ImageObject","inLanguage":"de","@id":"https:\/\/www.venisecollection.com\/de\/shop\/women\/sneakers\/ss26-kill-bill-silver#primaryimage","url":"https:\/\/www.venisecollection.com\/cdn\/image-162-18.webp","contentUrl":"https:\/\/www.venisecollection.com\/cdn\/image-162-18.webp","width":1280,"height":1588},{"@type":"BreadcrumbList","@id":"https:\/\/www.venisecollection.com\/de\/shop\/women\/sneakers\/ss26-kill-bill-silver#breadcrumb","itemListElement":[{"@type":"ListItem","position":1,"name":"Home","item":"https:\/\/www.venisecollection.com\/de\/shop"},{"@type":"ListItem","position":2,"name":"Startseite","item":"https:\/\/www.venisecollection.com\/de\/shop"},{"@type":"ListItem","position":3,"name":"SS26 KILL BILL SILVER"}]},{"@type":"WebSite","@id":"https:\/\/www.venisecollection.com\/de#website","url":"https:\/\/www.venisecollection.com\/de","name":"VENISE COLLECTION","description":"","publisher":{"@id":"https:\/\/www.venisecollection.com\/de#organization"},"potentialAction":[{"@type":"SearchAction","target":{"@type":"EntryPoint","urlTemplate":"https:\/\/www.venisecollection.com\/de?s={search_term_string}"},"query-input":{"@type":"PropertyValueSpecification","valueRequired":true,"valueName":"search_term_string"}}],"inLanguage":"de"},{"@type":"Organization","@id":"https:\/\/www.venisecollection.com\/de#organization","name":"VENISE COLLECTION","url":"https:\/\/www.venisecollection.com\/de","logo":{"@type":"ImageObject","inLanguage":"de","@id":"https:\/\/www.venisecollection.com\/de#\/schema\/logo\/image\/","url":"https:\/\/www.venisecollection.com\/cdn\/seo.png","contentUrl":"https:\/\/www.venisecollection.com\/cdn\/seo.png","width":1080,"height":1080,"caption":"VENISE COLLECTION"},"image":{"@id":"https:\/\/www.venisecollection.com\/de#\/schema\/logo\/image\/"},"sameAs":["https:\/\/www.instagram.com\/venisecollection\/","https:\/\/fr.pinterest.com\/venisecollection\/"]}]}},"_links":{"self":[{"href":"https:\/\/www.venisecollection.com\/de\/wp-json\/wp\/v2\/product\/22516","targetHints":{"allow":["GET"]}}],"collection":[{"href":"https:\/\/www.venisecollection.com\/de\/wp-json\/wp\/v2\/product"}],"about":[{"href":"https:\/\/www.venisecollection.com\/de\/wp-json\/wp\/v2\/types\/product"}],"wp:featuredmedia":[{"embeddable":true,"href":"https:\/\/www.venisecollection.com\/de\/wp-json\/wp\/v2\/media\/22549"}],"wp:attachment":[{"href":"https:\/\/www.venisecollection.com\/de\/wp-json\/wp\/v2\/media?parent=22516"}],"wp:term":[{"taxonomy":"product_brand","embeddable":true,"href":"https:\/\/www.venisecollection.com\/de\/wp-json\/wp\/v2\/product_brand?post=22516"},{"taxonomy":"product_cat","embeddable":true,"href":"https:\/\/www.venisecollection.com\/de\/wp-json\/wp\/v2\/product_cat?post=22516"},{"taxonomy":"product_tag","embeddable":true,"href":"https:\/\/www.venisecollection.com\/de\/wp-json\/wp\/v2\/product_tag?post=22516"}],"curies":[{"name":"wp","href":"https:\/\/api.w.org\/{rel}","templated":true}]}}