{"id":22575,"date":"2026-03-24T17:17:58","date_gmt":"2026-03-24T17:17:58","guid":{"rendered":"https:\/\/www.venisecollection.com\/?post_type=product&#038;p=22575"},"modified":"2026-03-24T17:24:43","modified_gmt":"2026-03-24T17:24:43","slug":"ss26-panic-marsala","status":"publish","type":"product","link":"https:\/\/www.venisecollection.com\/de\/shop\/women\/sandale\/ss26-panic-marsala","title":{"rendered":"SS26 PANIC MARSALA"},"content":{"rendered":"<p data-path-to-node=\"13\">Entfalten Sie Ihren Bohemian-Spirit mit den <b data-path-to-node=\"13\" data-index-in-node=\"312\">Panic Marlasa Sandalen<\/b> von <b data-path-to-node=\"13\" data-index-in-node=\"339\">ASH<\/b>. Diese flachen Sandalen aus 100% feinstem Schafswildleder in einem tiefen, satten Burgunderrot sind ein echtes Statement-Piece f\u00fcr Ihre Sommergarderobe. Das Design besticht durch eine an Gladiatoren erinnernde Silhouette, die mit kaskadenartigen Fransen und zarten goldfarbenen Nieten in der Mitte verziert ist, was bei jedem Schritt f\u00fcr eine wundersch\u00f6ne Dynamik sorgt.<\/p>\n<p data-path-to-node=\"14\">Das Innere ist mit einem glatten Lederfutter ausgestattet und bietet ganzt\u00e4gigen Tragekomfort. Ein dezenter Absatz von 0,75 Zoll und eine strapazierf\u00e4hige Gummisohle bieten optimalen Halt. Abgerundet durch einen verstellbaren Kn\u00f6chelriemen mit praktischen Nieten- und Elastikeins\u00e4tzen, passen diese Sandalen perfekt zu flie\u00dfenden Maxikleidern, leichten Leinenr\u00f6cken oder sommerlichen Jeans-Looks.<\/p>\n<ul data-path-to-node=\"15\">\n<li>\n<p data-path-to-node=\"15,0,0\"><b data-path-to-node=\"15,0,0\" data-index-in-node=\"0\">Obermaterial:<\/b> 100% Schafswildleder<\/p>\n<\/li>\n<li>\n<p data-path-to-node=\"15,1,0\"><b data-path-to-node=\"15,1,0\" data-index-in-node=\"0\">Futter:<\/b> Echtes Leder<\/p>\n<\/li>\n<li>\n<p data-path-to-node=\"15,2,0\"><b data-path-to-node=\"15,2,0\" data-index-in-node=\"0\">Au\u00dfensohle:<\/b> Gummi<\/p>\n<\/li>\n<li>\n<p data-path-to-node=\"15,3,0\"><b data-path-to-node=\"15,3,0\" data-index-in-node=\"0\">Absatzh\u00f6he:<\/b> 0.75 Zoll<\/p>\n<\/li>\n<li>\n<p data-path-to-node=\"15,4,0\"><b data-path-to-node=\"15,4,0\" data-index-in-node=\"0\">Details:<\/b> Kaskadierende Fransen mit goldenen Nieten<\/p>\n<\/li>\n<li>\n<p data-path-to-node=\"15,5,0\"><b data-path-to-node=\"15,5,0\" data-index-in-node=\"0\">Verschluss:<\/b> Nieten\/Elastik (Verstellbarer Riemen)<\/p>\n<\/li>\n<\/ul>\n","protected":false},"excerpt":{"rendered":"<p>Entfalten Sie Ihren Bohemian-Spirit mit den Panic Marlasa Sandalen von ASH. Diese flachen Sandalen aus 100% feinstem Schafswildleder in einem tiefen, satten Burgunderrot sind ein echtes Statement-Piece f\u00fcr Ihre Sommergarderobe. Das Design besticht durch eine an Gladiatoren erinnernde Silhouette, die mit kaskadenartigen Fransen und zarten goldfarbenen Nieten in der Mitte verziert ist, was bei jedem &hellip;<\/p>\n","protected":false},"featured_media":22616,"template":"","meta":[],"product_brand":[391],"product_cat":[333],"product_tag":[],"class_list":{"0":"post-22575","1":"product","2":"type-product","3":"status-publish","4":"has-post-thumbnail","6":"product_brand-ash","7":"product_cat-sandale","9":"first","10":"instock","11":"shipping-taxable","12":"purchasable","13":"product-type-variable","14":"has-default-attributes"},"yoast_head":"<!-- This site is optimized with the Yoast SEO plugin v27.5 - https:\/\/yoast.com\/product\/yoast-seo-wordpress\/ -->\n<title>Flache Boho-Wildledersandalen mit Fransen - ASH Panic Marlasa<\/title>\n<meta name=\"robots\" content=\"index, follow, max-snippet:-1, max-image-preview:large, max-video-preview:-1\" \/>\n<link rel=\"canonical\" href=\"https:\/\/www.venisecollection.com\/de\/shop\/women\/sandale\/ss26-panic-marsala\" \/>\n<meta property=\"og:locale\" content=\"de_DE\" \/>\n<meta property=\"og:type\" content=\"article\" \/>\n<meta property=\"og:title\" content=\"Flache Boho-Wildledersandalen mit Fransen - ASH Panic Marlasa\" \/>\n<meta property=\"og:description\" content=\"Entfalten Sie Ihren Bohemian-Spirit mit den Panic Marlasa Sandalen von ASH. Diese flachen Sandalen aus 100% feinstem Schafswildleder in einem tiefen, satten Burgunderrot sind ein echtes Statement-Piece f\u00fcr Ihre Sommergarderobe. Das Design besticht durch eine an Gladiatoren erinnernde Silhouette, die mit kaskadenartigen Fransen und zarten goldfarbenen Nieten in der Mitte verziert ist, was bei jedem &hellip;\" \/>\n<meta property=\"og:url\" content=\"https:\/\/www.venisecollection.com\/de\/shop\/women\/sandale\/ss26-panic-marsala\" \/>\n<meta property=\"og:site_name\" content=\"VENISE COLLECTION\" \/>\n<meta property=\"article:modified_time\" content=\"2026-03-24T17:24:43+00:00\" \/>\n<meta property=\"og:image\" content=\"https:\/\/www.venisecollection.com\/cdn\/image-162-23.webp\" \/>\n\t<meta property=\"og:image:width\" content=\"1280\" \/>\n\t<meta property=\"og:image:height\" content=\"1588\" \/>\n\t<meta property=\"og:image:type\" content=\"image\/webp\" \/>\n<meta name=\"twitter:card\" content=\"summary_large_image\" \/>\n<meta name=\"twitter:label1\" content=\"Gesch\u00e4tzte Lesezeit\" \/>\n\t<meta name=\"twitter:data1\" content=\"1\u00a0Minute\" \/>\n<script type=\"application\/ld+json\" class=\"yoast-schema-graph\">{\"@context\":\"https:\\\/\\\/schema.org\",\"@graph\":[{\"@type\":\"WebPage\",\"@id\":\"https:\\\/\\\/www.venisecollection.com\\\/de\\\/shop\\\/women\\\/sandale\\\/ss26-panic-marsala\",\"url\":\"https:\\\/\\\/www.venisecollection.com\\\/de\\\/shop\\\/women\\\/sandale\\\/ss26-panic-marsala\",\"name\":\"Flache Boho-Wildledersandalen mit Fransen - ASH Panic Marlasa\",\"isPartOf\":{\"@id\":\"https:\\\/\\\/www.venisecollection.com\\\/de#website\"},\"primaryImageOfPage\":{\"@id\":\"https:\\\/\\\/www.venisecollection.com\\\/de\\\/shop\\\/women\\\/sandale\\\/ss26-panic-marsala#primaryimage\"},\"image\":{\"@id\":\"https:\\\/\\\/www.venisecollection.com\\\/de\\\/shop\\\/women\\\/sandale\\\/ss26-panic-marsala#primaryimage\"},\"thumbnailUrl\":\"https:\\\/\\\/www.venisecollection.com\\\/cdn\\\/image-162-23.webp\",\"datePublished\":\"2026-03-24T17:17:58+00:00\",\"dateModified\":\"2026-03-24T17:24:43+00:00\",\"breadcrumb\":{\"@id\":\"https:\\\/\\\/www.venisecollection.com\\\/de\\\/shop\\\/women\\\/sandale\\\/ss26-panic-marsala#breadcrumb\"},\"inLanguage\":\"de\",\"potentialAction\":[{\"@type\":\"ReadAction\",\"target\":[\"https:\\\/\\\/www.venisecollection.com\\\/de\\\/shop\\\/women\\\/sandale\\\/ss26-panic-marsala\"]}]},{\"@type\":\"ImageObject\",\"inLanguage\":\"de\",\"@id\":\"https:\\\/\\\/www.venisecollection.com\\\/de\\\/shop\\\/women\\\/sandale\\\/ss26-panic-marsala#primaryimage\",\"url\":\"https:\\\/\\\/www.venisecollection.com\\\/cdn\\\/image-162-23.webp\",\"contentUrl\":\"https:\\\/\\\/www.venisecollection.com\\\/cdn\\\/image-162-23.webp\",\"width\":1280,\"height\":1588},{\"@type\":\"BreadcrumbList\",\"@id\":\"https:\\\/\\\/www.venisecollection.com\\\/de\\\/shop\\\/women\\\/sandale\\\/ss26-panic-marsala#breadcrumb\",\"itemListElement\":[{\"@type\":\"ListItem\",\"position\":1,\"name\":\"Home\",\"item\":\"https:\\\/\\\/www.venisecollection.com\\\/de\\\/shop\"},{\"@type\":\"ListItem\",\"position\":2,\"name\":\"Startseite\",\"item\":\"https:\\\/\\\/www.venisecollection.com\\\/de\\\/shop\"},{\"@type\":\"ListItem\",\"position\":3,\"name\":\"SS26 PANIC MARSALA\"}]},{\"@type\":\"WebSite\",\"@id\":\"https:\\\/\\\/www.venisecollection.com\\\/de#website\",\"url\":\"https:\\\/\\\/www.venisecollection.com\\\/de\",\"name\":\"VENISE COLLECTION\",\"description\":\"\",\"publisher\":{\"@id\":\"https:\\\/\\\/www.venisecollection.com\\\/de#organization\"},\"potentialAction\":[{\"@type\":\"SearchAction\",\"target\":{\"@type\":\"EntryPoint\",\"urlTemplate\":\"https:\\\/\\\/www.venisecollection.com\\\/de?s={search_term_string}\"},\"query-input\":{\"@type\":\"PropertyValueSpecification\",\"valueRequired\":true,\"valueName\":\"search_term_string\"}}],\"inLanguage\":\"de\"},{\"@type\":\"Organization\",\"@id\":\"https:\\\/\\\/www.venisecollection.com\\\/de#organization\",\"name\":\"VENISE COLLECTION\",\"url\":\"https:\\\/\\\/www.venisecollection.com\\\/de\",\"logo\":{\"@type\":\"ImageObject\",\"inLanguage\":\"de\",\"@id\":\"https:\\\/\\\/www.venisecollection.com\\\/de#\\\/schema\\\/logo\\\/image\\\/\",\"url\":\"https:\\\/\\\/www.venisecollection.com\\\/cdn\\\/seo.png\",\"contentUrl\":\"https:\\\/\\\/www.venisecollection.com\\\/cdn\\\/seo.png\",\"width\":1080,\"height\":1080,\"caption\":\"VENISE COLLECTION\"},\"image\":{\"@id\":\"https:\\\/\\\/www.venisecollection.com\\\/de#\\\/schema\\\/logo\\\/image\\\/\"},\"sameAs\":[\"https:\\\/\\\/www.instagram.com\\\/venisecollection\\\/\",\"https:\\\/\\\/fr.pinterest.com\\\/venisecollection\\\/\"]}]}<\/script>\n<!-- \/ Yoast SEO plugin. -->","yoast_head_json":{"title":"Flache Boho-Wildledersandalen mit Fransen - ASH Panic Marlasa","robots":{"index":"index","follow":"follow","max-snippet":"max-snippet:-1","max-image-preview":"max-image-preview:large","max-video-preview":"max-video-preview:-1"},"canonical":"https:\/\/www.venisecollection.com\/de\/shop\/women\/sandale\/ss26-panic-marsala","og_locale":"de_DE","og_type":"article","og_title":"Flache Boho-Wildledersandalen mit Fransen - ASH Panic Marlasa","og_description":"Entfalten Sie Ihren Bohemian-Spirit mit den Panic Marlasa Sandalen von ASH. Diese flachen Sandalen aus 100% feinstem Schafswildleder in einem tiefen, satten Burgunderrot sind ein echtes Statement-Piece f\u00fcr Ihre Sommergarderobe. Das Design besticht durch eine an Gladiatoren erinnernde Silhouette, die mit kaskadenartigen Fransen und zarten goldfarbenen Nieten in der Mitte verziert ist, was bei jedem &hellip;","og_url":"https:\/\/www.venisecollection.com\/de\/shop\/women\/sandale\/ss26-panic-marsala","og_site_name":"VENISE COLLECTION","article_modified_time":"2026-03-24T17:24:43+00:00","og_image":[{"width":1280,"height":1588,"url":"https:\/\/www.venisecollection.com\/cdn\/image-162-23.webp","type":"image\/webp"}],"twitter_card":"summary_large_image","twitter_misc":{"Gesch\u00e4tzte Lesezeit":"1\u00a0Minute"},"schema":{"@context":"https:\/\/schema.org","@graph":[{"@type":"WebPage","@id":"https:\/\/www.venisecollection.com\/de\/shop\/women\/sandale\/ss26-panic-marsala","url":"https:\/\/www.venisecollection.com\/de\/shop\/women\/sandale\/ss26-panic-marsala","name":"Flache Boho-Wildledersandalen mit Fransen - ASH Panic Marlasa","isPartOf":{"@id":"https:\/\/www.venisecollection.com\/de#website"},"primaryImageOfPage":{"@id":"https:\/\/www.venisecollection.com\/de\/shop\/women\/sandale\/ss26-panic-marsala#primaryimage"},"image":{"@id":"https:\/\/www.venisecollection.com\/de\/shop\/women\/sandale\/ss26-panic-marsala#primaryimage"},"thumbnailUrl":"https:\/\/www.venisecollection.com\/cdn\/image-162-23.webp","datePublished":"2026-03-24T17:17:58+00:00","dateModified":"2026-03-24T17:24:43+00:00","breadcrumb":{"@id":"https:\/\/www.venisecollection.com\/de\/shop\/women\/sandale\/ss26-panic-marsala#breadcrumb"},"inLanguage":"de","potentialAction":[{"@type":"ReadAction","target":["https:\/\/www.venisecollection.com\/de\/shop\/women\/sandale\/ss26-panic-marsala"]}]},{"@type":"ImageObject","inLanguage":"de","@id":"https:\/\/www.venisecollection.com\/de\/shop\/women\/sandale\/ss26-panic-marsala#primaryimage","url":"https:\/\/www.venisecollection.com\/cdn\/image-162-23.webp","contentUrl":"https:\/\/www.venisecollection.com\/cdn\/image-162-23.webp","width":1280,"height":1588},{"@type":"BreadcrumbList","@id":"https:\/\/www.venisecollection.com\/de\/shop\/women\/sandale\/ss26-panic-marsala#breadcrumb","itemListElement":[{"@type":"ListItem","position":1,"name":"Home","item":"https:\/\/www.venisecollection.com\/de\/shop"},{"@type":"ListItem","position":2,"name":"Startseite","item":"https:\/\/www.venisecollection.com\/de\/shop"},{"@type":"ListItem","position":3,"name":"SS26 PANIC MARSALA"}]},{"@type":"WebSite","@id":"https:\/\/www.venisecollection.com\/de#website","url":"https:\/\/www.venisecollection.com\/de","name":"VENISE COLLECTION","description":"","publisher":{"@id":"https:\/\/www.venisecollection.com\/de#organization"},"potentialAction":[{"@type":"SearchAction","target":{"@type":"EntryPoint","urlTemplate":"https:\/\/www.venisecollection.com\/de?s={search_term_string}"},"query-input":{"@type":"PropertyValueSpecification","valueRequired":true,"valueName":"search_term_string"}}],"inLanguage":"de"},{"@type":"Organization","@id":"https:\/\/www.venisecollection.com\/de#organization","name":"VENISE COLLECTION","url":"https:\/\/www.venisecollection.com\/de","logo":{"@type":"ImageObject","inLanguage":"de","@id":"https:\/\/www.venisecollection.com\/de#\/schema\/logo\/image\/","url":"https:\/\/www.venisecollection.com\/cdn\/seo.png","contentUrl":"https:\/\/www.venisecollection.com\/cdn\/seo.png","width":1080,"height":1080,"caption":"VENISE COLLECTION"},"image":{"@id":"https:\/\/www.venisecollection.com\/de#\/schema\/logo\/image\/"},"sameAs":["https:\/\/www.instagram.com\/venisecollection\/","https:\/\/fr.pinterest.com\/venisecollection\/"]}]}},"_links":{"self":[{"href":"https:\/\/www.venisecollection.com\/de\/wp-json\/wp\/v2\/product\/22575","targetHints":{"allow":["GET"]}}],"collection":[{"href":"https:\/\/www.venisecollection.com\/de\/wp-json\/wp\/v2\/product"}],"about":[{"href":"https:\/\/www.venisecollection.com\/de\/wp-json\/wp\/v2\/types\/product"}],"wp:featuredmedia":[{"embeddable":true,"href":"https:\/\/www.venisecollection.com\/de\/wp-json\/wp\/v2\/media\/22616"}],"wp:attachment":[{"href":"https:\/\/www.venisecollection.com\/de\/wp-json\/wp\/v2\/media?parent=22575"}],"wp:term":[{"taxonomy":"product_brand","embeddable":true,"href":"https:\/\/www.venisecollection.com\/de\/wp-json\/wp\/v2\/product_brand?post=22575"},{"taxonomy":"product_cat","embeddable":true,"href":"https:\/\/www.venisecollection.com\/de\/wp-json\/wp\/v2\/product_cat?post=22575"},{"taxonomy":"product_tag","embeddable":true,"href":"https:\/\/www.venisecollection.com\/de\/wp-json\/wp\/v2\/product_tag?post=22575"}],"curies":[{"name":"wp","href":"https:\/\/api.w.org\/{rel}","templated":true}]}}