{"id":22645,"date":"2026-03-24T17:44:18","date_gmt":"2026-03-24T17:44:18","guid":{"rendered":"https:\/\/www.venisecollection.com\/?post_type=product&#038;p=22645"},"modified":"2026-03-24T17:53:31","modified_gmt":"2026-03-24T17:53:31","slug":"ss26-play-tajine","status":"publish","type":"product","link":"https:\/\/www.venisecollection.com\/de\/shop\/women\/sandale\/ss26-play-tajine","title":{"rendered":"SS26 PLAY TAJINE"},"content":{"rendered":"<p data-path-to-node=\"13\">Verleihen Sie Ihrer Sommergarderobe einen Hauch von Rock-Chic-Glamour mit den <b data-path-to-node=\"13\" data-index-in-node=\"333\">ASH PLAY Sandalen<\/b>. Diese auff\u00e4lligen flachen Sandalen im Gladiatoren-Stil sind aus hochwertigem braunem Leder mit einer weichen Oberfl\u00e4che gefertigt. Das Design ist reichlich mit markanten, runden goldfarbenen Nieten verziert, die entlang der Riemchen verlaufen und sich als besonderes Highlight auch um die Basis des Absatzes wickeln.<\/p>\n<p data-path-to-node=\"14\">Diese Sandalen wurden f\u00fcr wilden Stil und erstklassigen Komfort entwickelt und verf\u00fcgen \u00fcber mehrere verstellbare Kn\u00f6chelriemen mit messingfarbenen Schnallen im Vintage-Look f\u00fcr eine individuelle Passform. Die komplett mit Leder gef\u00fctterte Innenseite und die weiche Leder-Innensohle sorgen f\u00fcr hervorragende Atmungsaktivit\u00e4t. Mit einer \u00e4u\u00dferst strapazierf\u00e4higen Gummisohle und einem praktischen Absatz von 1,8 cm ist die ASH PLAY der perfekte Begleiter f\u00fcr Jeans-Shorts, Festival-Outfits oder um einem zarten Sommerkleid eine rockige Note zu verleihen.<\/p>\n<ul data-path-to-node=\"15\">\n<li>\n<p data-path-to-node=\"15,0,0\"><b data-path-to-node=\"15,0,0\" data-index-in-node=\"0\">Obermaterial:<\/b> Hochwertiges braunes Leder<\/p>\n<\/li>\n<li>\n<p data-path-to-node=\"15,1,0\"><b data-path-to-node=\"15,1,0\" data-index-in-node=\"0\">Futter &amp; Innensohle:<\/b> 100% echtes Leder<\/p>\n<\/li>\n<li>\n<p data-path-to-node=\"15,2,0\"><b data-path-to-node=\"15,2,0\" data-index-in-node=\"0\">Sohle:<\/b> Strapazierf\u00e4higer Gummi<\/p>\n<\/li>\n<li>\n<p data-path-to-node=\"15,3,0\"><b data-path-to-node=\"15,3,0\" data-index-in-node=\"0\">Absatzh\u00f6he:<\/b> 1,8 cm<\/p>\n<\/li>\n<li>\n<p data-path-to-node=\"15,4,0\"><b data-path-to-node=\"15,4,0\" data-index-in-node=\"0\">Details:<\/b> Gladiatoren-Design mit auff\u00e4lligen goldenen Nieten und Mehrfachschnallen<\/p>\n<\/li>\n<\/ul>\n","protected":false},"excerpt":{"rendered":"<p>Verleihen Sie Ihrer Sommergarderobe einen Hauch von Rock-Chic-Glamour mit den ASH PLAY Sandalen. Diese auff\u00e4lligen flachen Sandalen im Gladiatoren-Stil sind aus hochwertigem braunem Leder mit einer weichen Oberfl\u00e4che gefertigt. Das Design ist reichlich mit markanten, runden goldfarbenen Nieten verziert, die entlang der Riemchen verlaufen und sich als besonderes Highlight auch um die Basis des Absatzes &hellip;<\/p>\n","protected":false},"featured_media":22678,"template":"","meta":[],"product_brand":[391],"product_cat":[333],"product_tag":[],"class_list":{"0":"post-22645","1":"product","2":"type-product","3":"status-publish","4":"has-post-thumbnail","6":"product_brand-ash","7":"product_cat-sandale","9":"first","10":"instock","11":"shipping-taxable","12":"purchasable","13":"product-type-variable","14":"has-default-attributes"},"yoast_head":"<!-- This site is optimized with the Yoast SEO plugin v27.5 - https:\/\/yoast.com\/product\/yoast-seo-wordpress\/ -->\n<title>Braune Leder-Gladiatorensandalen mit Nieten - ASH PLAY<\/title>\n<meta name=\"robots\" content=\"index, follow, max-snippet:-1, max-image-preview:large, max-video-preview:-1\" \/>\n<link rel=\"canonical\" href=\"https:\/\/www.venisecollection.com\/de\/shop\/women\/sandale\/ss26-play-tajine\" \/>\n<meta property=\"og:locale\" content=\"de_DE\" \/>\n<meta property=\"og:type\" content=\"article\" \/>\n<meta property=\"og:title\" content=\"Braune Leder-Gladiatorensandalen mit Nieten - ASH PLAY\" \/>\n<meta property=\"og:description\" content=\"Verleihen Sie Ihrer Sommergarderobe einen Hauch von Rock-Chic-Glamour mit den ASH PLAY Sandalen. Diese auff\u00e4lligen flachen Sandalen im Gladiatoren-Stil sind aus hochwertigem braunem Leder mit einer weichen Oberfl\u00e4che gefertigt. Das Design ist reichlich mit markanten, runden goldfarbenen Nieten verziert, die entlang der Riemchen verlaufen und sich als besonderes Highlight auch um die Basis des Absatzes &hellip;\" \/>\n<meta property=\"og:url\" content=\"https:\/\/www.venisecollection.com\/de\/shop\/women\/sandale\/ss26-play-tajine\" \/>\n<meta property=\"og:site_name\" content=\"VENISE COLLECTION\" \/>\n<meta property=\"article:modified_time\" content=\"2026-03-24T17:53:31+00:00\" \/>\n<meta property=\"og:image\" content=\"https:\/\/www.venisecollection.com\/cdn\/image-162-29.webp\" \/>\n\t<meta property=\"og:image:width\" content=\"1280\" \/>\n\t<meta property=\"og:image:height\" content=\"1588\" \/>\n\t<meta property=\"og:image:type\" content=\"image\/webp\" \/>\n<meta name=\"twitter:card\" content=\"summary_large_image\" \/>\n<meta name=\"twitter:label1\" content=\"Gesch\u00e4tzte Lesezeit\" \/>\n\t<meta name=\"twitter:data1\" content=\"1\u00a0Minute\" \/>\n<script type=\"application\/ld+json\" class=\"yoast-schema-graph\">{\"@context\":\"https:\\\/\\\/schema.org\",\"@graph\":[{\"@type\":\"WebPage\",\"@id\":\"https:\\\/\\\/www.venisecollection.com\\\/de\\\/shop\\\/women\\\/sandale\\\/ss26-play-tajine\",\"url\":\"https:\\\/\\\/www.venisecollection.com\\\/de\\\/shop\\\/women\\\/sandale\\\/ss26-play-tajine\",\"name\":\"Braune Leder-Gladiatorensandalen mit Nieten - ASH PLAY\",\"isPartOf\":{\"@id\":\"https:\\\/\\\/www.venisecollection.com\\\/de#website\"},\"primaryImageOfPage\":{\"@id\":\"https:\\\/\\\/www.venisecollection.com\\\/de\\\/shop\\\/women\\\/sandale\\\/ss26-play-tajine#primaryimage\"},\"image\":{\"@id\":\"https:\\\/\\\/www.venisecollection.com\\\/de\\\/shop\\\/women\\\/sandale\\\/ss26-play-tajine#primaryimage\"},\"thumbnailUrl\":\"https:\\\/\\\/www.venisecollection.com\\\/cdn\\\/image-162-29.webp\",\"datePublished\":\"2026-03-24T17:44:18+00:00\",\"dateModified\":\"2026-03-24T17:53:31+00:00\",\"breadcrumb\":{\"@id\":\"https:\\\/\\\/www.venisecollection.com\\\/de\\\/shop\\\/women\\\/sandale\\\/ss26-play-tajine#breadcrumb\"},\"inLanguage\":\"de\",\"potentialAction\":[{\"@type\":\"ReadAction\",\"target\":[\"https:\\\/\\\/www.venisecollection.com\\\/de\\\/shop\\\/women\\\/sandale\\\/ss26-play-tajine\"]}]},{\"@type\":\"ImageObject\",\"inLanguage\":\"de\",\"@id\":\"https:\\\/\\\/www.venisecollection.com\\\/de\\\/shop\\\/women\\\/sandale\\\/ss26-play-tajine#primaryimage\",\"url\":\"https:\\\/\\\/www.venisecollection.com\\\/cdn\\\/image-162-29.webp\",\"contentUrl\":\"https:\\\/\\\/www.venisecollection.com\\\/cdn\\\/image-162-29.webp\",\"width\":1280,\"height\":1588},{\"@type\":\"BreadcrumbList\",\"@id\":\"https:\\\/\\\/www.venisecollection.com\\\/de\\\/shop\\\/women\\\/sandale\\\/ss26-play-tajine#breadcrumb\",\"itemListElement\":[{\"@type\":\"ListItem\",\"position\":1,\"name\":\"Home\",\"item\":\"https:\\\/\\\/www.venisecollection.com\\\/de\\\/shop\"},{\"@type\":\"ListItem\",\"position\":2,\"name\":\"Startseite\",\"item\":\"https:\\\/\\\/www.venisecollection.com\\\/de\\\/shop\"},{\"@type\":\"ListItem\",\"position\":3,\"name\":\"SS26 PLAY TAJINE\"}]},{\"@type\":\"WebSite\",\"@id\":\"https:\\\/\\\/www.venisecollection.com\\\/de#website\",\"url\":\"https:\\\/\\\/www.venisecollection.com\\\/de\",\"name\":\"VENISE COLLECTION\",\"description\":\"\",\"publisher\":{\"@id\":\"https:\\\/\\\/www.venisecollection.com\\\/de#organization\"},\"potentialAction\":[{\"@type\":\"SearchAction\",\"target\":{\"@type\":\"EntryPoint\",\"urlTemplate\":\"https:\\\/\\\/www.venisecollection.com\\\/de?s={search_term_string}\"},\"query-input\":{\"@type\":\"PropertyValueSpecification\",\"valueRequired\":true,\"valueName\":\"search_term_string\"}}],\"inLanguage\":\"de\"},{\"@type\":\"Organization\",\"@id\":\"https:\\\/\\\/www.venisecollection.com\\\/de#organization\",\"name\":\"VENISE COLLECTION\",\"url\":\"https:\\\/\\\/www.venisecollection.com\\\/de\",\"logo\":{\"@type\":\"ImageObject\",\"inLanguage\":\"de\",\"@id\":\"https:\\\/\\\/www.venisecollection.com\\\/de#\\\/schema\\\/logo\\\/image\\\/\",\"url\":\"https:\\\/\\\/www.venisecollection.com\\\/cdn\\\/seo.png\",\"contentUrl\":\"https:\\\/\\\/www.venisecollection.com\\\/cdn\\\/seo.png\",\"width\":1080,\"height\":1080,\"caption\":\"VENISE COLLECTION\"},\"image\":{\"@id\":\"https:\\\/\\\/www.venisecollection.com\\\/de#\\\/schema\\\/logo\\\/image\\\/\"},\"sameAs\":[\"https:\\\/\\\/www.instagram.com\\\/venisecollection\\\/\",\"https:\\\/\\\/fr.pinterest.com\\\/venisecollection\\\/\"]}]}<\/script>\n<!-- \/ Yoast SEO plugin. -->","yoast_head_json":{"title":"Braune Leder-Gladiatorensandalen mit Nieten - ASH PLAY","robots":{"index":"index","follow":"follow","max-snippet":"max-snippet:-1","max-image-preview":"max-image-preview:large","max-video-preview":"max-video-preview:-1"},"canonical":"https:\/\/www.venisecollection.com\/de\/shop\/women\/sandale\/ss26-play-tajine","og_locale":"de_DE","og_type":"article","og_title":"Braune Leder-Gladiatorensandalen mit Nieten - ASH PLAY","og_description":"Verleihen Sie Ihrer Sommergarderobe einen Hauch von Rock-Chic-Glamour mit den ASH PLAY Sandalen. Diese auff\u00e4lligen flachen Sandalen im Gladiatoren-Stil sind aus hochwertigem braunem Leder mit einer weichen Oberfl\u00e4che gefertigt. Das Design ist reichlich mit markanten, runden goldfarbenen Nieten verziert, die entlang der Riemchen verlaufen und sich als besonderes Highlight auch um die Basis des Absatzes &hellip;","og_url":"https:\/\/www.venisecollection.com\/de\/shop\/women\/sandale\/ss26-play-tajine","og_site_name":"VENISE COLLECTION","article_modified_time":"2026-03-24T17:53:31+00:00","og_image":[{"width":1280,"height":1588,"url":"https:\/\/www.venisecollection.com\/cdn\/image-162-29.webp","type":"image\/webp"}],"twitter_card":"summary_large_image","twitter_misc":{"Gesch\u00e4tzte Lesezeit":"1\u00a0Minute"},"schema":{"@context":"https:\/\/schema.org","@graph":[{"@type":"WebPage","@id":"https:\/\/www.venisecollection.com\/de\/shop\/women\/sandale\/ss26-play-tajine","url":"https:\/\/www.venisecollection.com\/de\/shop\/women\/sandale\/ss26-play-tajine","name":"Braune Leder-Gladiatorensandalen mit Nieten - ASH PLAY","isPartOf":{"@id":"https:\/\/www.venisecollection.com\/de#website"},"primaryImageOfPage":{"@id":"https:\/\/www.venisecollection.com\/de\/shop\/women\/sandale\/ss26-play-tajine#primaryimage"},"image":{"@id":"https:\/\/www.venisecollection.com\/de\/shop\/women\/sandale\/ss26-play-tajine#primaryimage"},"thumbnailUrl":"https:\/\/www.venisecollection.com\/cdn\/image-162-29.webp","datePublished":"2026-03-24T17:44:18+00:00","dateModified":"2026-03-24T17:53:31+00:00","breadcrumb":{"@id":"https:\/\/www.venisecollection.com\/de\/shop\/women\/sandale\/ss26-play-tajine#breadcrumb"},"inLanguage":"de","potentialAction":[{"@type":"ReadAction","target":["https:\/\/www.venisecollection.com\/de\/shop\/women\/sandale\/ss26-play-tajine"]}]},{"@type":"ImageObject","inLanguage":"de","@id":"https:\/\/www.venisecollection.com\/de\/shop\/women\/sandale\/ss26-play-tajine#primaryimage","url":"https:\/\/www.venisecollection.com\/cdn\/image-162-29.webp","contentUrl":"https:\/\/www.venisecollection.com\/cdn\/image-162-29.webp","width":1280,"height":1588},{"@type":"BreadcrumbList","@id":"https:\/\/www.venisecollection.com\/de\/shop\/women\/sandale\/ss26-play-tajine#breadcrumb","itemListElement":[{"@type":"ListItem","position":1,"name":"Home","item":"https:\/\/www.venisecollection.com\/de\/shop"},{"@type":"ListItem","position":2,"name":"Startseite","item":"https:\/\/www.venisecollection.com\/de\/shop"},{"@type":"ListItem","position":3,"name":"SS26 PLAY TAJINE"}]},{"@type":"WebSite","@id":"https:\/\/www.venisecollection.com\/de#website","url":"https:\/\/www.venisecollection.com\/de","name":"VENISE COLLECTION","description":"","publisher":{"@id":"https:\/\/www.venisecollection.com\/de#organization"},"potentialAction":[{"@type":"SearchAction","target":{"@type":"EntryPoint","urlTemplate":"https:\/\/www.venisecollection.com\/de?s={search_term_string}"},"query-input":{"@type":"PropertyValueSpecification","valueRequired":true,"valueName":"search_term_string"}}],"inLanguage":"de"},{"@type":"Organization","@id":"https:\/\/www.venisecollection.com\/de#organization","name":"VENISE COLLECTION","url":"https:\/\/www.venisecollection.com\/de","logo":{"@type":"ImageObject","inLanguage":"de","@id":"https:\/\/www.venisecollection.com\/de#\/schema\/logo\/image\/","url":"https:\/\/www.venisecollection.com\/cdn\/seo.png","contentUrl":"https:\/\/www.venisecollection.com\/cdn\/seo.png","width":1080,"height":1080,"caption":"VENISE COLLECTION"},"image":{"@id":"https:\/\/www.venisecollection.com\/de#\/schema\/logo\/image\/"},"sameAs":["https:\/\/www.instagram.com\/venisecollection\/","https:\/\/fr.pinterest.com\/venisecollection\/"]}]}},"_links":{"self":[{"href":"https:\/\/www.venisecollection.com\/de\/wp-json\/wp\/v2\/product\/22645","targetHints":{"allow":["GET"]}}],"collection":[{"href":"https:\/\/www.venisecollection.com\/de\/wp-json\/wp\/v2\/product"}],"about":[{"href":"https:\/\/www.venisecollection.com\/de\/wp-json\/wp\/v2\/types\/product"}],"wp:featuredmedia":[{"embeddable":true,"href":"https:\/\/www.venisecollection.com\/de\/wp-json\/wp\/v2\/media\/22678"}],"wp:attachment":[{"href":"https:\/\/www.venisecollection.com\/de\/wp-json\/wp\/v2\/media?parent=22645"}],"wp:term":[{"taxonomy":"product_brand","embeddable":true,"href":"https:\/\/www.venisecollection.com\/de\/wp-json\/wp\/v2\/product_brand?post=22645"},{"taxonomy":"product_cat","embeddable":true,"href":"https:\/\/www.venisecollection.com\/de\/wp-json\/wp\/v2\/product_cat?post=22645"},{"taxonomy":"product_tag","embeddable":true,"href":"https:\/\/www.venisecollection.com\/de\/wp-json\/wp\/v2\/product_tag?post=22645"}],"curies":[{"name":"wp","href":"https:\/\/api.w.org\/{rel}","templated":true}]}}