{"id":22831,"date":"2026-03-27T16:12:40","date_gmt":"2026-03-27T16:12:40","guid":{"rendered":"https:\/\/www.venisecollection.com\/?post_type=product&#038;p=22831"},"modified":"2026-03-27T16:35:17","modified_gmt":"2026-03-27T16:35:17","slug":"2045-hymalaya-tabacco-158","status":"publish","type":"product","link":"https:\/\/www.venisecollection.com\/de\/shop\/women\/mule\/2045-hymalaya-tabacco-158","title":{"rendered":"2045 HYMALAYA TABACCO 158"},"content":{"rendered":"<p data-path-to-node=\"15\">Werten Sie Ihre Garderobe auf mit der eleganten und anspruchsvollen <b data-path-to-node=\"15\" data-index-in-node=\"367\">2045 Hymalaya Tabacco 158 Mule<\/b> von VENISE COLLECTION. Fachm\u00e4nnisch gefertigt aus 100% echtem Wildleder in einem warmen Tabakton, ist dieser Schuh ein Meisterwerk m\u00fchelosen italienischen Stils. Das Design zeichnet sich durch eine schmeichelhafte spitze Zehenpartie aus, die den Fu\u00df optisch verl\u00e4ngert, w\u00e4hrend ein zarter Pfennigabsatz gerade genug H\u00f6he f\u00fcr ganzt\u00e4gigen Komfort bietet. Eine auff\u00e4llige, gro\u00dfe dekorative goldene Schnalle ziert einen Wildlederriemen \u00fcber dem Spann und verleiht der dezenten Silhouette einen Hauch von k\u00fchnem Glamour. Perfekt zur Kombination mit taillierten Hosen, Jeans oder Ihrem Lieblingskleid, ist diese Mule ein vielseitiges Must-Have.<\/p>\n<ul data-path-to-node=\"16\">\n<li>\n<p data-path-to-node=\"16,0,0\"><b data-path-to-node=\"16,0,0\" data-index-in-node=\"0\">Material:<\/b> 100% echtes Wildleder<\/p>\n<\/li>\n<li>\n<p data-path-to-node=\"16,1,0\"><b data-path-to-node=\"16,1,0\" data-index-in-node=\"0\">Stil:<\/b> Mule mit spitzer Zehenpartie (Slipper)<\/p>\n<\/li>\n<li>\n<p data-path-to-node=\"16,2,0\"><b data-path-to-node=\"16,2,0\" data-index-in-node=\"0\">Absatz:<\/b> Mittlerer Pfennigabsatz<\/p>\n<\/li>\n<li>\n<p data-path-to-node=\"16,3,0\"><b data-path-to-node=\"16,3,0\" data-index-in-node=\"0\">Details:<\/b> Gro\u00dfe dekorative goldene Schnalle<\/p>\n<\/li>\n<li>\n<p data-path-to-node=\"16,4,0\"><b data-path-to-node=\"16,4,0\" data-index-in-node=\"0\">Farbe:<\/b> Tabacco (Warmes Braun)<\/p>\n<\/li>\n<\/ul>\n","protected":false},"excerpt":{"rendered":"<p>Werten Sie Ihre Garderobe auf mit der eleganten und anspruchsvollen 2045 Hymalaya Tabacco 158 Mule von VENISE COLLECTION. Fachm\u00e4nnisch gefertigt aus 100% echtem Wildleder in einem warmen Tabakton, ist dieser Schuh ein Meisterwerk m\u00fchelosen italienischen Stils. Das Design zeichnet sich durch eine schmeichelhafte spitze Zehenpartie aus, die den Fu\u00df optisch verl\u00e4ngert, w\u00e4hrend ein zarter Pfennigabsatz &hellip;<\/p>\n","protected":false},"featured_media":22860,"template":"","meta":[],"product_brand":[357],"product_cat":[328],"product_tag":[],"class_list":{"0":"post-22831","1":"product","2":"type-product","3":"status-publish","4":"has-post-thumbnail","6":"product_brand-venise-collection","7":"product_cat-mule","9":"first","10":"instock","11":"shipping-taxable","12":"purchasable","13":"product-type-variable","14":"has-default-attributes"},"yoast_head":"<!-- This site is optimized with the Yoast SEO plugin v27.6 - https:\/\/yoast.com\/product\/yoast-seo-wordpress\/ -->\n<title>Wildleder Mule in Tabakbraun mit Goldener Schnalle<\/title>\n<meta name=\"robots\" content=\"index, follow, max-snippet:-1, max-image-preview:large, max-video-preview:-1\" \/>\n<link rel=\"canonical\" href=\"https:\/\/www.venisecollection.com\/de\/shop\/women\/mule\/2045-hymalaya-tabacco-158\" \/>\n<meta property=\"og:locale\" content=\"de_DE\" \/>\n<meta property=\"og:type\" content=\"article\" \/>\n<meta property=\"og:title\" content=\"Wildleder Mule in Tabakbraun mit Goldener Schnalle\" \/>\n<meta property=\"og:description\" content=\"Werten Sie Ihre Garderobe auf mit der eleganten und anspruchsvollen 2045 Hymalaya Tabacco 158 Mule von VENISE COLLECTION. Fachm\u00e4nnisch gefertigt aus 100% echtem Wildleder in einem warmen Tabakton, ist dieser Schuh ein Meisterwerk m\u00fchelosen italienischen Stils. Das Design zeichnet sich durch eine schmeichelhafte spitze Zehenpartie aus, die den Fu\u00df optisch verl\u00e4ngert, w\u00e4hrend ein zarter Pfennigabsatz &hellip;\" \/>\n<meta property=\"og:url\" content=\"https:\/\/www.venisecollection.com\/de\/shop\/women\/mule\/2045-hymalaya-tabacco-158\" \/>\n<meta property=\"og:site_name\" content=\"VENISE COLLECTION\" \/>\n<meta property=\"article:modified_time\" content=\"2026-03-27T16:35:17+00:00\" \/>\n<meta property=\"og:image\" content=\"https:\/\/www.venisecollection.com\/cdn\/image-162-39.webp\" \/>\n\t<meta property=\"og:image:width\" content=\"1280\" \/>\n\t<meta property=\"og:image:height\" content=\"1588\" \/>\n\t<meta property=\"og:image:type\" content=\"image\/webp\" \/>\n<meta name=\"twitter:card\" content=\"summary_large_image\" \/>\n<meta name=\"twitter:label1\" content=\"Gesch\u00e4tzte Lesezeit\" \/>\n\t<meta name=\"twitter:data1\" content=\"1\u00a0Minute\" \/>\n<script type=\"application\/ld+json\" class=\"yoast-schema-graph\">{\"@context\":\"https:\\\/\\\/schema.org\",\"@graph\":[{\"@type\":\"WebPage\",\"@id\":\"https:\\\/\\\/www.venisecollection.com\\\/de\\\/shop\\\/women\\\/mule\\\/2045-hymalaya-tabacco-158\",\"url\":\"https:\\\/\\\/www.venisecollection.com\\\/de\\\/shop\\\/women\\\/mule\\\/2045-hymalaya-tabacco-158\",\"name\":\"Wildleder Mule in Tabakbraun mit Goldener Schnalle\",\"isPartOf\":{\"@id\":\"https:\\\/\\\/www.venisecollection.com\\\/de#website\"},\"primaryImageOfPage\":{\"@id\":\"https:\\\/\\\/www.venisecollection.com\\\/de\\\/shop\\\/women\\\/mule\\\/2045-hymalaya-tabacco-158#primaryimage\"},\"image\":{\"@id\":\"https:\\\/\\\/www.venisecollection.com\\\/de\\\/shop\\\/women\\\/mule\\\/2045-hymalaya-tabacco-158#primaryimage\"},\"thumbnailUrl\":\"https:\\\/\\\/www.venisecollection.com\\\/cdn\\\/image-162-39.webp\",\"datePublished\":\"2026-03-27T16:12:40+00:00\",\"dateModified\":\"2026-03-27T16:35:17+00:00\",\"breadcrumb\":{\"@id\":\"https:\\\/\\\/www.venisecollection.com\\\/de\\\/shop\\\/women\\\/mule\\\/2045-hymalaya-tabacco-158#breadcrumb\"},\"inLanguage\":\"de\",\"potentialAction\":[{\"@type\":\"ReadAction\",\"target\":[\"https:\\\/\\\/www.venisecollection.com\\\/de\\\/shop\\\/women\\\/mule\\\/2045-hymalaya-tabacco-158\"]}]},{\"@type\":\"ImageObject\",\"inLanguage\":\"de\",\"@id\":\"https:\\\/\\\/www.venisecollection.com\\\/de\\\/shop\\\/women\\\/mule\\\/2045-hymalaya-tabacco-158#primaryimage\",\"url\":\"https:\\\/\\\/www.venisecollection.com\\\/cdn\\\/image-162-39.webp\",\"contentUrl\":\"https:\\\/\\\/www.venisecollection.com\\\/cdn\\\/image-162-39.webp\",\"width\":1280,\"height\":1588},{\"@type\":\"BreadcrumbList\",\"@id\":\"https:\\\/\\\/www.venisecollection.com\\\/de\\\/shop\\\/women\\\/mule\\\/2045-hymalaya-tabacco-158#breadcrumb\",\"itemListElement\":[{\"@type\":\"ListItem\",\"position\":1,\"name\":\"Home\",\"item\":\"https:\\\/\\\/www.venisecollection.com\\\/de\\\/shop\"},{\"@type\":\"ListItem\",\"position\":2,\"name\":\"Startseite\",\"item\":\"https:\\\/\\\/www.venisecollection.com\\\/de\\\/shop\"},{\"@type\":\"ListItem\",\"position\":3,\"name\":\"2045 HYMALAYA TABACCO 158\"}]},{\"@type\":\"WebSite\",\"@id\":\"https:\\\/\\\/www.venisecollection.com\\\/de#website\",\"url\":\"https:\\\/\\\/www.venisecollection.com\\\/de\",\"name\":\"VENISE COLLECTION\",\"description\":\"\",\"publisher\":{\"@id\":\"https:\\\/\\\/www.venisecollection.com\\\/de#organization\"},\"potentialAction\":[{\"@type\":\"SearchAction\",\"target\":{\"@type\":\"EntryPoint\",\"urlTemplate\":\"https:\\\/\\\/www.venisecollection.com\\\/de?s={search_term_string}\"},\"query-input\":{\"@type\":\"PropertyValueSpecification\",\"valueRequired\":true,\"valueName\":\"search_term_string\"}}],\"inLanguage\":\"de\"},{\"@type\":\"Organization\",\"@id\":\"https:\\\/\\\/www.venisecollection.com\\\/de#organization\",\"name\":\"VENISE COLLECTION\",\"url\":\"https:\\\/\\\/www.venisecollection.com\\\/de\",\"logo\":{\"@type\":\"ImageObject\",\"inLanguage\":\"de\",\"@id\":\"https:\\\/\\\/www.venisecollection.com\\\/de#\\\/schema\\\/logo\\\/image\\\/\",\"url\":\"https:\\\/\\\/www.venisecollection.com\\\/cdn\\\/seo.png\",\"contentUrl\":\"https:\\\/\\\/www.venisecollection.com\\\/cdn\\\/seo.png\",\"width\":1080,\"height\":1080,\"caption\":\"VENISE COLLECTION\"},\"image\":{\"@id\":\"https:\\\/\\\/www.venisecollection.com\\\/de#\\\/schema\\\/logo\\\/image\\\/\"},\"sameAs\":[\"https:\\\/\\\/www.instagram.com\\\/venisecollection\\\/\",\"https:\\\/\\\/fr.pinterest.com\\\/venisecollection\\\/\"]}]}<\/script>\n<!-- \/ Yoast SEO plugin. -->","yoast_head_json":{"title":"Wildleder Mule in Tabakbraun mit Goldener Schnalle","robots":{"index":"index","follow":"follow","max-snippet":"max-snippet:-1","max-image-preview":"max-image-preview:large","max-video-preview":"max-video-preview:-1"},"canonical":"https:\/\/www.venisecollection.com\/de\/shop\/women\/mule\/2045-hymalaya-tabacco-158","og_locale":"de_DE","og_type":"article","og_title":"Wildleder Mule in Tabakbraun mit Goldener Schnalle","og_description":"Werten Sie Ihre Garderobe auf mit der eleganten und anspruchsvollen 2045 Hymalaya Tabacco 158 Mule von VENISE COLLECTION. Fachm\u00e4nnisch gefertigt aus 100% echtem Wildleder in einem warmen Tabakton, ist dieser Schuh ein Meisterwerk m\u00fchelosen italienischen Stils. Das Design zeichnet sich durch eine schmeichelhafte spitze Zehenpartie aus, die den Fu\u00df optisch verl\u00e4ngert, w\u00e4hrend ein zarter Pfennigabsatz &hellip;","og_url":"https:\/\/www.venisecollection.com\/de\/shop\/women\/mule\/2045-hymalaya-tabacco-158","og_site_name":"VENISE COLLECTION","article_modified_time":"2026-03-27T16:35:17+00:00","og_image":[{"width":1280,"height":1588,"url":"https:\/\/www.venisecollection.com\/cdn\/image-162-39.webp","type":"image\/webp"}],"twitter_card":"summary_large_image","twitter_misc":{"Gesch\u00e4tzte Lesezeit":"1\u00a0Minute"},"schema":{"@context":"https:\/\/schema.org","@graph":[{"@type":"WebPage","@id":"https:\/\/www.venisecollection.com\/de\/shop\/women\/mule\/2045-hymalaya-tabacco-158","url":"https:\/\/www.venisecollection.com\/de\/shop\/women\/mule\/2045-hymalaya-tabacco-158","name":"Wildleder Mule in Tabakbraun mit Goldener Schnalle","isPartOf":{"@id":"https:\/\/www.venisecollection.com\/de#website"},"primaryImageOfPage":{"@id":"https:\/\/www.venisecollection.com\/de\/shop\/women\/mule\/2045-hymalaya-tabacco-158#primaryimage"},"image":{"@id":"https:\/\/www.venisecollection.com\/de\/shop\/women\/mule\/2045-hymalaya-tabacco-158#primaryimage"},"thumbnailUrl":"https:\/\/www.venisecollection.com\/cdn\/image-162-39.webp","datePublished":"2026-03-27T16:12:40+00:00","dateModified":"2026-03-27T16:35:17+00:00","breadcrumb":{"@id":"https:\/\/www.venisecollection.com\/de\/shop\/women\/mule\/2045-hymalaya-tabacco-158#breadcrumb"},"inLanguage":"de","potentialAction":[{"@type":"ReadAction","target":["https:\/\/www.venisecollection.com\/de\/shop\/women\/mule\/2045-hymalaya-tabacco-158"]}]},{"@type":"ImageObject","inLanguage":"de","@id":"https:\/\/www.venisecollection.com\/de\/shop\/women\/mule\/2045-hymalaya-tabacco-158#primaryimage","url":"https:\/\/www.venisecollection.com\/cdn\/image-162-39.webp","contentUrl":"https:\/\/www.venisecollection.com\/cdn\/image-162-39.webp","width":1280,"height":1588},{"@type":"BreadcrumbList","@id":"https:\/\/www.venisecollection.com\/de\/shop\/women\/mule\/2045-hymalaya-tabacco-158#breadcrumb","itemListElement":[{"@type":"ListItem","position":1,"name":"Home","item":"https:\/\/www.venisecollection.com\/de\/shop"},{"@type":"ListItem","position":2,"name":"Startseite","item":"https:\/\/www.venisecollection.com\/de\/shop"},{"@type":"ListItem","position":3,"name":"2045 HYMALAYA TABACCO 158"}]},{"@type":"WebSite","@id":"https:\/\/www.venisecollection.com\/de#website","url":"https:\/\/www.venisecollection.com\/de","name":"VENISE COLLECTION","description":"","publisher":{"@id":"https:\/\/www.venisecollection.com\/de#organization"},"potentialAction":[{"@type":"SearchAction","target":{"@type":"EntryPoint","urlTemplate":"https:\/\/www.venisecollection.com\/de?s={search_term_string}"},"query-input":{"@type":"PropertyValueSpecification","valueRequired":true,"valueName":"search_term_string"}}],"inLanguage":"de"},{"@type":"Organization","@id":"https:\/\/www.venisecollection.com\/de#organization","name":"VENISE COLLECTION","url":"https:\/\/www.venisecollection.com\/de","logo":{"@type":"ImageObject","inLanguage":"de","@id":"https:\/\/www.venisecollection.com\/de#\/schema\/logo\/image\/","url":"https:\/\/www.venisecollection.com\/cdn\/seo.png","contentUrl":"https:\/\/www.venisecollection.com\/cdn\/seo.png","width":1080,"height":1080,"caption":"VENISE COLLECTION"},"image":{"@id":"https:\/\/www.venisecollection.com\/de#\/schema\/logo\/image\/"},"sameAs":["https:\/\/www.instagram.com\/venisecollection\/","https:\/\/fr.pinterest.com\/venisecollection\/"]}]}},"_links":{"self":[{"href":"https:\/\/www.venisecollection.com\/de\/wp-json\/wp\/v2\/product\/22831","targetHints":{"allow":["GET"]}}],"collection":[{"href":"https:\/\/www.venisecollection.com\/de\/wp-json\/wp\/v2\/product"}],"about":[{"href":"https:\/\/www.venisecollection.com\/de\/wp-json\/wp\/v2\/types\/product"}],"wp:featuredmedia":[{"embeddable":true,"href":"https:\/\/www.venisecollection.com\/de\/wp-json\/wp\/v2\/media\/22860"}],"wp:attachment":[{"href":"https:\/\/www.venisecollection.com\/de\/wp-json\/wp\/v2\/media?parent=22831"}],"wp:term":[{"taxonomy":"product_brand","embeddable":true,"href":"https:\/\/www.venisecollection.com\/de\/wp-json\/wp\/v2\/product_brand?post=22831"},{"taxonomy":"product_cat","embeddable":true,"href":"https:\/\/www.venisecollection.com\/de\/wp-json\/wp\/v2\/product_cat?post=22831"},{"taxonomy":"product_tag","embeddable":true,"href":"https:\/\/www.venisecollection.com\/de\/wp-json\/wp\/v2\/product_tag?post=22831"}],"curies":[{"name":"wp","href":"https:\/\/api.w.org\/{rel}","templated":true}]}}