{"id":22915,"date":"2026-03-30T16:25:57","date_gmt":"2026-03-30T16:25:57","guid":{"rendered":"https:\/\/www.venisecollection.com\/?post_type=product&#038;p=22915"},"modified":"2026-03-30T17:00:52","modified_gmt":"2026-03-30T17:00:52","slug":"3092-adel","status":"publish","type":"product","link":"https:\/\/www.venisecollection.com\/de\/shop\/women\/sandale\/3092-adel","title":{"rendered":"3092 ADEL"},"content":{"rendered":"<p data-path-to-node=\"18\">Starten Sie stilvoll in den Sommer mit den <b data-path-to-node=\"18\" data-index-in-node=\"335\">3092\/ADEL TOMAIA Plateau-Sandalen<\/b> von <b data-path-to-node=\"18\" data-index-in-node=\"373\">VENISE COLLECTION<\/b>. Diese stolz in <b data-path-to-node=\"18\" data-index-in-node=\"407\">Italien gefertigten<\/b> (Made in Italy) Sandalen vereinen modernen Komfort perfekt mit einer luftigen Urlaubs\u00e4sthetik. Das Highlight dieses Modells ist das wundersch\u00f6n gearbeitete Obermaterial, das ein wei\u00dfes Flechtmuster mit naturbelassenen R\u00e4ndern in Bast-\/Jute-Optik pr\u00e4sentiert und Ihrem Look eine schicke, unbeschwerte Boho-Note verleiht.<\/p>\n<p data-path-to-node=\"19\">Entworfen f\u00fcr ganzt\u00e4gigen Tragekomfort, verf\u00fcgt die Sandale \u00fcber eine leichte, klobige wei\u00dfe Plateausohle, die f\u00fcr eine stilvolle Erh\u00f6hung sorgt, ohne dass Sie auf Bequemlichkeit verzichten m\u00fcssen. Der Kn\u00f6chelriemen l\u00e4sst sich mit einer zarten Schnalle leicht verstellen, um einen sicheren Halt zu gew\u00e4hrleisten. Mit einem weich gepolsterten Fu\u00dfbett sind diese Wedges die ideale Wahl f\u00fcr die Kombination mit flie\u00dfenden Maxikleidern, weiten Leinenhosen oder Ihren Lieblings-Sommershorts.<\/p>\n<ul data-path-to-node=\"20\">\n<li>\n<p data-path-to-node=\"20,0,0\"><b data-path-to-node=\"20,0,0\" data-index-in-node=\"0\">Herkunft:<\/b> Hergestellt in Italien (Made in Italy)<\/p>\n<\/li>\n<li>\n<p data-path-to-node=\"20,1,0\"><b data-path-to-node=\"20,1,0\" data-index-in-node=\"0\">Stil:<\/b> Plateau-Sandale \/ Wedge<\/p>\n<\/li>\n<li>\n<p data-path-to-node=\"20,2,0\"><b data-path-to-node=\"20,2,0\" data-index-in-node=\"0\">Obermaterial:<\/b> Wei\u00dfes Flechtmuster mit nat\u00fcrlichen Bast-Akzenten<\/p>\n<\/li>\n<li>\n<p data-path-to-node=\"20,3,0\"><b data-path-to-node=\"20,3,0\" data-index-in-node=\"0\">Verschluss:<\/b> Verstellbarer Kn\u00f6chelriemen mit Schnalle<\/p>\n<\/li>\n<li>\n<p data-path-to-node=\"20,4,0\"><b data-path-to-node=\"20,4,0\" data-index-in-node=\"0\">Sohle:<\/b> Leichte, bequeme wei\u00dfe Plateausohle<\/p>\n<\/li>\n<\/ul>\n","protected":false},"excerpt":{"rendered":"<p>Starten Sie stilvoll in den Sommer mit den 3092\/ADEL TOMAIA Plateau-Sandalen von VENISE COLLECTION. Diese stolz in Italien gefertigten (Made in Italy) Sandalen vereinen modernen Komfort perfekt mit einer luftigen Urlaubs\u00e4sthetik. Das Highlight dieses Modells ist das wundersch\u00f6n gearbeitete Obermaterial, das ein wei\u00dfes Flechtmuster mit naturbelassenen R\u00e4ndern in Bast-\/Jute-Optik pr\u00e4sentiert und Ihrem Look eine schicke, &hellip;<\/p>\n","protected":false},"featured_media":22956,"template":"","meta":[],"product_brand":[357],"product_cat":[333],"product_tag":[],"class_list":{"0":"post-22915","1":"product","2":"type-product","3":"status-publish","4":"has-post-thumbnail","6":"product_brand-venise-collection","7":"product_cat-sandale","9":"first","10":"instock","11":"shipping-taxable","12":"purchasable","13":"product-type-variable","14":"has-default-attributes"},"yoast_head":"<!-- This site is optimized with the Yoast SEO plugin v27.6 - https:\/\/yoast.com\/product\/yoast-seo-wordpress\/ -->\n<title>ADEL - Wei\u00dfe Plateau-Sandalen mit Flechtmuster<\/title>\n<meta name=\"robots\" content=\"index, follow, max-snippet:-1, max-image-preview:large, max-video-preview:-1\" \/>\n<link rel=\"canonical\" href=\"https:\/\/www.venisecollection.com\/de\/shop\/women\/sandale\/3092-adel\" \/>\n<meta property=\"og:locale\" content=\"de_DE\" \/>\n<meta property=\"og:type\" content=\"article\" \/>\n<meta property=\"og:title\" content=\"ADEL - Wei\u00dfe Plateau-Sandalen mit Flechtmuster\" \/>\n<meta property=\"og:description\" content=\"Starten Sie stilvoll in den Sommer mit den 3092\/ADEL TOMAIA Plateau-Sandalen von VENISE COLLECTION. Diese stolz in Italien gefertigten (Made in Italy) Sandalen vereinen modernen Komfort perfekt mit einer luftigen Urlaubs\u00e4sthetik. Das Highlight dieses Modells ist das wundersch\u00f6n gearbeitete Obermaterial, das ein wei\u00dfes Flechtmuster mit naturbelassenen R\u00e4ndern in Bast-\/Jute-Optik pr\u00e4sentiert und Ihrem Look eine schicke, &hellip;\" \/>\n<meta property=\"og:url\" content=\"https:\/\/www.venisecollection.com\/de\/shop\/women\/sandale\/3092-adel\" \/>\n<meta property=\"og:site_name\" content=\"VENISE COLLECTION\" \/>\n<meta property=\"article:modified_time\" content=\"2026-03-30T17:00:52+00:00\" \/>\n<meta property=\"og:image\" content=\"https:\/\/www.venisecollection.com\/cdn\/image.psd-56-1.webp\" \/>\n\t<meta property=\"og:image:width\" content=\"1280\" \/>\n\t<meta property=\"og:image:height\" content=\"1588\" \/>\n\t<meta property=\"og:image:type\" content=\"image\/webp\" \/>\n<meta name=\"twitter:card\" content=\"summary_large_image\" \/>\n<meta name=\"twitter:label1\" content=\"Gesch\u00e4tzte Lesezeit\" \/>\n\t<meta name=\"twitter:data1\" content=\"1\u00a0Minute\" \/>\n<script type=\"application\/ld+json\" class=\"yoast-schema-graph\">{\"@context\":\"https:\\\/\\\/schema.org\",\"@graph\":[{\"@type\":\"WebPage\",\"@id\":\"https:\\\/\\\/www.venisecollection.com\\\/de\\\/shop\\\/women\\\/sandale\\\/3092-adel\",\"url\":\"https:\\\/\\\/www.venisecollection.com\\\/de\\\/shop\\\/women\\\/sandale\\\/3092-adel\",\"name\":\"ADEL - Wei\u00dfe Plateau-Sandalen mit Flechtmuster\",\"isPartOf\":{\"@id\":\"https:\\\/\\\/www.venisecollection.com\\\/de#website\"},\"primaryImageOfPage\":{\"@id\":\"https:\\\/\\\/www.venisecollection.com\\\/de\\\/shop\\\/women\\\/sandale\\\/3092-adel#primaryimage\"},\"image\":{\"@id\":\"https:\\\/\\\/www.venisecollection.com\\\/de\\\/shop\\\/women\\\/sandale\\\/3092-adel#primaryimage\"},\"thumbnailUrl\":\"https:\\\/\\\/www.venisecollection.com\\\/cdn\\\/image.psd-56-1.webp\",\"datePublished\":\"2026-03-30T16:25:57+00:00\",\"dateModified\":\"2026-03-30T17:00:52+00:00\",\"breadcrumb\":{\"@id\":\"https:\\\/\\\/www.venisecollection.com\\\/de\\\/shop\\\/women\\\/sandale\\\/3092-adel#breadcrumb\"},\"inLanguage\":\"de\",\"potentialAction\":[{\"@type\":\"ReadAction\",\"target\":[\"https:\\\/\\\/www.venisecollection.com\\\/de\\\/shop\\\/women\\\/sandale\\\/3092-adel\"]}]},{\"@type\":\"ImageObject\",\"inLanguage\":\"de\",\"@id\":\"https:\\\/\\\/www.venisecollection.com\\\/de\\\/shop\\\/women\\\/sandale\\\/3092-adel#primaryimage\",\"url\":\"https:\\\/\\\/www.venisecollection.com\\\/cdn\\\/image.psd-56-1.webp\",\"contentUrl\":\"https:\\\/\\\/www.venisecollection.com\\\/cdn\\\/image.psd-56-1.webp\",\"width\":1280,\"height\":1588},{\"@type\":\"BreadcrumbList\",\"@id\":\"https:\\\/\\\/www.venisecollection.com\\\/de\\\/shop\\\/women\\\/sandale\\\/3092-adel#breadcrumb\",\"itemListElement\":[{\"@type\":\"ListItem\",\"position\":1,\"name\":\"Home\",\"item\":\"https:\\\/\\\/www.venisecollection.com\\\/de\\\/shop\"},{\"@type\":\"ListItem\",\"position\":2,\"name\":\"Startseite\",\"item\":\"https:\\\/\\\/www.venisecollection.com\\\/de\\\/shop\"},{\"@type\":\"ListItem\",\"position\":3,\"name\":\"3092 ADEL\"}]},{\"@type\":\"WebSite\",\"@id\":\"https:\\\/\\\/www.venisecollection.com\\\/de#website\",\"url\":\"https:\\\/\\\/www.venisecollection.com\\\/de\",\"name\":\"VENISE COLLECTION\",\"description\":\"\",\"publisher\":{\"@id\":\"https:\\\/\\\/www.venisecollection.com\\\/de#organization\"},\"potentialAction\":[{\"@type\":\"SearchAction\",\"target\":{\"@type\":\"EntryPoint\",\"urlTemplate\":\"https:\\\/\\\/www.venisecollection.com\\\/de?s={search_term_string}\"},\"query-input\":{\"@type\":\"PropertyValueSpecification\",\"valueRequired\":true,\"valueName\":\"search_term_string\"}}],\"inLanguage\":\"de\"},{\"@type\":\"Organization\",\"@id\":\"https:\\\/\\\/www.venisecollection.com\\\/de#organization\",\"name\":\"VENISE COLLECTION\",\"url\":\"https:\\\/\\\/www.venisecollection.com\\\/de\",\"logo\":{\"@type\":\"ImageObject\",\"inLanguage\":\"de\",\"@id\":\"https:\\\/\\\/www.venisecollection.com\\\/de#\\\/schema\\\/logo\\\/image\\\/\",\"url\":\"https:\\\/\\\/www.venisecollection.com\\\/cdn\\\/seo.png\",\"contentUrl\":\"https:\\\/\\\/www.venisecollection.com\\\/cdn\\\/seo.png\",\"width\":1080,\"height\":1080,\"caption\":\"VENISE COLLECTION\"},\"image\":{\"@id\":\"https:\\\/\\\/www.venisecollection.com\\\/de#\\\/schema\\\/logo\\\/image\\\/\"},\"sameAs\":[\"https:\\\/\\\/www.instagram.com\\\/venisecollection\\\/\",\"https:\\\/\\\/fr.pinterest.com\\\/venisecollection\\\/\"]}]}<\/script>\n<!-- \/ Yoast SEO plugin. -->","yoast_head_json":{"title":"ADEL - Wei\u00dfe Plateau-Sandalen mit Flechtmuster","robots":{"index":"index","follow":"follow","max-snippet":"max-snippet:-1","max-image-preview":"max-image-preview:large","max-video-preview":"max-video-preview:-1"},"canonical":"https:\/\/www.venisecollection.com\/de\/shop\/women\/sandale\/3092-adel","og_locale":"de_DE","og_type":"article","og_title":"ADEL - Wei\u00dfe Plateau-Sandalen mit Flechtmuster","og_description":"Starten Sie stilvoll in den Sommer mit den 3092\/ADEL TOMAIA Plateau-Sandalen von VENISE COLLECTION. Diese stolz in Italien gefertigten (Made in Italy) Sandalen vereinen modernen Komfort perfekt mit einer luftigen Urlaubs\u00e4sthetik. Das Highlight dieses Modells ist das wundersch\u00f6n gearbeitete Obermaterial, das ein wei\u00dfes Flechtmuster mit naturbelassenen R\u00e4ndern in Bast-\/Jute-Optik pr\u00e4sentiert und Ihrem Look eine schicke, &hellip;","og_url":"https:\/\/www.venisecollection.com\/de\/shop\/women\/sandale\/3092-adel","og_site_name":"VENISE COLLECTION","article_modified_time":"2026-03-30T17:00:52+00:00","og_image":[{"width":1280,"height":1588,"url":"https:\/\/www.venisecollection.com\/cdn\/image.psd-56-1.webp","type":"image\/webp"}],"twitter_card":"summary_large_image","twitter_misc":{"Gesch\u00e4tzte Lesezeit":"1\u00a0Minute"},"schema":{"@context":"https:\/\/schema.org","@graph":[{"@type":"WebPage","@id":"https:\/\/www.venisecollection.com\/de\/shop\/women\/sandale\/3092-adel","url":"https:\/\/www.venisecollection.com\/de\/shop\/women\/sandale\/3092-adel","name":"ADEL - Wei\u00dfe Plateau-Sandalen mit Flechtmuster","isPartOf":{"@id":"https:\/\/www.venisecollection.com\/de#website"},"primaryImageOfPage":{"@id":"https:\/\/www.venisecollection.com\/de\/shop\/women\/sandale\/3092-adel#primaryimage"},"image":{"@id":"https:\/\/www.venisecollection.com\/de\/shop\/women\/sandale\/3092-adel#primaryimage"},"thumbnailUrl":"https:\/\/www.venisecollection.com\/cdn\/image.psd-56-1.webp","datePublished":"2026-03-30T16:25:57+00:00","dateModified":"2026-03-30T17:00:52+00:00","breadcrumb":{"@id":"https:\/\/www.venisecollection.com\/de\/shop\/women\/sandale\/3092-adel#breadcrumb"},"inLanguage":"de","potentialAction":[{"@type":"ReadAction","target":["https:\/\/www.venisecollection.com\/de\/shop\/women\/sandale\/3092-adel"]}]},{"@type":"ImageObject","inLanguage":"de","@id":"https:\/\/www.venisecollection.com\/de\/shop\/women\/sandale\/3092-adel#primaryimage","url":"https:\/\/www.venisecollection.com\/cdn\/image.psd-56-1.webp","contentUrl":"https:\/\/www.venisecollection.com\/cdn\/image.psd-56-1.webp","width":1280,"height":1588},{"@type":"BreadcrumbList","@id":"https:\/\/www.venisecollection.com\/de\/shop\/women\/sandale\/3092-adel#breadcrumb","itemListElement":[{"@type":"ListItem","position":1,"name":"Home","item":"https:\/\/www.venisecollection.com\/de\/shop"},{"@type":"ListItem","position":2,"name":"Startseite","item":"https:\/\/www.venisecollection.com\/de\/shop"},{"@type":"ListItem","position":3,"name":"3092 ADEL"}]},{"@type":"WebSite","@id":"https:\/\/www.venisecollection.com\/de#website","url":"https:\/\/www.venisecollection.com\/de","name":"VENISE COLLECTION","description":"","publisher":{"@id":"https:\/\/www.venisecollection.com\/de#organization"},"potentialAction":[{"@type":"SearchAction","target":{"@type":"EntryPoint","urlTemplate":"https:\/\/www.venisecollection.com\/de?s={search_term_string}"},"query-input":{"@type":"PropertyValueSpecification","valueRequired":true,"valueName":"search_term_string"}}],"inLanguage":"de"},{"@type":"Organization","@id":"https:\/\/www.venisecollection.com\/de#organization","name":"VENISE COLLECTION","url":"https:\/\/www.venisecollection.com\/de","logo":{"@type":"ImageObject","inLanguage":"de","@id":"https:\/\/www.venisecollection.com\/de#\/schema\/logo\/image\/","url":"https:\/\/www.venisecollection.com\/cdn\/seo.png","contentUrl":"https:\/\/www.venisecollection.com\/cdn\/seo.png","width":1080,"height":1080,"caption":"VENISE COLLECTION"},"image":{"@id":"https:\/\/www.venisecollection.com\/de#\/schema\/logo\/image\/"},"sameAs":["https:\/\/www.instagram.com\/venisecollection\/","https:\/\/fr.pinterest.com\/venisecollection\/"]}]}},"_links":{"self":[{"href":"https:\/\/www.venisecollection.com\/de\/wp-json\/wp\/v2\/product\/22915","targetHints":{"allow":["GET"]}}],"collection":[{"href":"https:\/\/www.venisecollection.com\/de\/wp-json\/wp\/v2\/product"}],"about":[{"href":"https:\/\/www.venisecollection.com\/de\/wp-json\/wp\/v2\/types\/product"}],"wp:featuredmedia":[{"embeddable":true,"href":"https:\/\/www.venisecollection.com\/de\/wp-json\/wp\/v2\/media\/22956"}],"wp:attachment":[{"href":"https:\/\/www.venisecollection.com\/de\/wp-json\/wp\/v2\/media?parent=22915"}],"wp:term":[{"taxonomy":"product_brand","embeddable":true,"href":"https:\/\/www.venisecollection.com\/de\/wp-json\/wp\/v2\/product_brand?post=22915"},{"taxonomy":"product_cat","embeddable":true,"href":"https:\/\/www.venisecollection.com\/de\/wp-json\/wp\/v2\/product_cat?post=22915"},{"taxonomy":"product_tag","embeddable":true,"href":"https:\/\/www.venisecollection.com\/de\/wp-json\/wp\/v2\/product_tag?post=22915"}],"curies":[{"name":"wp","href":"https:\/\/api.w.org\/{rel}","templated":true}]}}