{"id":23288,"date":"2026-04-03T14:54:07","date_gmt":"2026-04-03T14:54:07","guid":{"rendered":"https:\/\/www.venisecollection.com\/?post_type=product&#038;p=23288"},"modified":"2026-04-03T15:15:49","modified_gmt":"2026-04-03T15:15:49","slug":"1582-511-miss-bianco","status":"publish","type":"product","link":"https:\/\/www.venisecollection.com\/de\/shop\/women\/sandale\/1582-511-miss-bianco","title":{"rendered":"1582-511 MISS BIANCO"},"content":{"rendered":"<p data-path-to-node=\"18\">Machen Sie Ihren t\u00e4glichen Spaziergang zum Vergn\u00fcgen mit den <b data-path-to-node=\"18\" data-index-in-node=\"357\">1582-511 Plateau-Sandalen<\/b> von <b data-path-to-node=\"18\" data-index-in-node=\"387\">VENISE COLLECTION<\/b>. Diese stolz in <b data-path-to-node=\"18\" data-index-in-node=\"421\">Italien gefertigte<\/b> (Made in Italy) Limited Edition ist ein Meisterwerk, das lebendige \u00c4sthetik mit spezialisiertem orthop\u00e4dischem Komfort verbindet. Das auff\u00e4llige Obermaterial besteht aus einem wundersch\u00f6n gewebten Stoff mit einem farbenfrohen geometrischen Boho-Muster, das jedem l\u00e4ssigen Outfit sommerliche Energie verleiht.<\/p>\n<p data-path-to-node=\"19\">\u00dcber ihre exklusive Sch\u00f6nheit hinaus ist diese Sandale speziell daf\u00fcr konstruiert, die nat\u00fcrlichen Bewegungsabl\u00e4ufe im Alltag zu erleichtern. Sie verf\u00fcgt \u00fcber eine sportliche, mehrschichtige Plateausohle, bestehend aus einem gepolsterten Fu\u00dfbett, einer blauen Zwischensohle und einer wei\u00dfen, stark gerillten Au\u00dfensohle. Dieses ergonomische Design absorbiert St\u00f6\u00dfe und beugt sich nat\u00fcrlich mit Ihrem Fu\u00df, um ein erm\u00fcdungsfreies Tragen von morgens bis abends zu gew\u00e4hrleisten. Mit einem verstellbaren Kn\u00f6chelriemen gesichert, sind diese Sandalen Ihr ultimativer Begleiter.<\/p>\n<ul data-path-to-node=\"20\">\n<li>\n<p data-path-to-node=\"20,0,0\"><b data-path-to-node=\"20,0,0\" data-index-in-node=\"0\">Herkunft:<\/b> Hergestellt in Italien (Made in Italy)<\/p>\n<\/li>\n<li>\n<p data-path-to-node=\"20,1,0\"><b data-path-to-node=\"20,1,0\" data-index-in-node=\"0\">Besonderheit:<\/b> Limited Edition mit fortschrittlicher ergonomischer Unterst\u00fctzung<\/p>\n<\/li>\n<li>\n<p data-path-to-node=\"20,2,0\"><b data-path-to-node=\"20,2,0\" data-index-in-node=\"0\">Stil:<\/b> Sportliche Boho Plateau-Sandale<\/p>\n<\/li>\n<li>\n<p data-path-to-node=\"20,3,0\"><b data-path-to-node=\"20,3,0\" data-index-in-node=\"0\">Obermaterial:<\/b> Gewebter Stoff mit buntem geometrischem Muster<\/p>\n<\/li>\n<li>\n<p data-path-to-node=\"20,4,0\"><b data-path-to-node=\"20,4,0\" data-index-in-node=\"0\">Sohle:<\/b> Mehrschichtige, sto\u00dfd\u00e4mpfende Plateausohle mit Flexkerben<\/p>\n<\/li>\n<\/ul>\n","protected":false},"excerpt":{"rendered":"<p>Machen Sie Ihren t\u00e4glichen Spaziergang zum Vergn\u00fcgen mit den 1582-511 Plateau-Sandalen von VENISE COLLECTION. Diese stolz in Italien gefertigte (Made in Italy) Limited Edition ist ein Meisterwerk, das lebendige \u00c4sthetik mit spezialisiertem orthop\u00e4dischem Komfort verbindet. Das auff\u00e4llige Obermaterial besteht aus einem wundersch\u00f6n gewebten Stoff mit einem farbenfrohen geometrischen Boho-Muster, das jedem l\u00e4ssigen Outfit sommerliche Energie &hellip;<\/p>\n","protected":false},"featured_media":23322,"template":"","meta":[],"product_brand":[357],"product_cat":[333],"product_tag":[],"class_list":{"0":"post-23288","1":"product","2":"type-product","3":"status-publish","4":"has-post-thumbnail","6":"product_brand-venise-collection","7":"product_cat-sandale","9":"first","10":"instock","11":"shipping-taxable","12":"purchasable","13":"product-type-variable","14":"has-default-attributes"},"yoast_head":"<!-- This site is optimized with the Yoast SEO plugin v27.3 - https:\/\/yoast.com\/product\/yoast-seo-wordpress\/ -->\n<title>Limited Edition Ergonomische Boho Plateau-Sandalen<\/title>\n<meta name=\"robots\" content=\"index, follow, max-snippet:-1, max-image-preview:large, max-video-preview:-1\" \/>\n<link rel=\"canonical\" href=\"https:\/\/www.venisecollection.com\/de\/shop\/women\/sandale\/1582-511-miss-bianco\" \/>\n<meta property=\"og:locale\" content=\"de_DE\" \/>\n<meta property=\"og:type\" content=\"article\" \/>\n<meta property=\"og:title\" content=\"Limited Edition Ergonomische Boho Plateau-Sandalen\" \/>\n<meta property=\"og:description\" content=\"Machen Sie Ihren t\u00e4glichen Spaziergang zum Vergn\u00fcgen mit den 1582-511 Plateau-Sandalen von VENISE COLLECTION. Diese stolz in Italien gefertigte (Made in Italy) Limited Edition ist ein Meisterwerk, das lebendige \u00c4sthetik mit spezialisiertem orthop\u00e4dischem Komfort verbindet. Das auff\u00e4llige Obermaterial besteht aus einem wundersch\u00f6n gewebten Stoff mit einem farbenfrohen geometrischen Boho-Muster, das jedem l\u00e4ssigen Outfit sommerliche Energie &hellip;\" \/>\n<meta property=\"og:url\" content=\"https:\/\/www.venisecollection.com\/de\/shop\/women\/sandale\/1582-511-miss-bianco\" \/>\n<meta property=\"og:site_name\" content=\"VENISE COLLECTION\" \/>\n<meta property=\"article:modified_time\" content=\"2026-04-03T15:15:49+00:00\" \/>\n<meta property=\"og:image\" content=\"https:\/\/www.venisecollection.com\/cdn\/image-168.webp\" \/>\n\t<meta property=\"og:image:width\" content=\"1280\" \/>\n\t<meta property=\"og:image:height\" content=\"1588\" \/>\n\t<meta property=\"og:image:type\" content=\"image\/webp\" \/>\n<meta name=\"twitter:card\" content=\"summary_large_image\" \/>\n<meta name=\"twitter:label1\" content=\"Gesch\u00e4tzte Lesezeit\" \/>\n\t<meta name=\"twitter:data1\" content=\"1\u00a0Minute\" \/>\n<script type=\"application\/ld+json\" class=\"yoast-schema-graph\">{\"@context\":\"https:\\\/\\\/schema.org\",\"@graph\":[{\"@type\":\"WebPage\",\"@id\":\"https:\\\/\\\/www.venisecollection.com\\\/de\\\/shop\\\/women\\\/sandale\\\/1582-511-miss-bianco\",\"url\":\"https:\\\/\\\/www.venisecollection.com\\\/de\\\/shop\\\/women\\\/sandale\\\/1582-511-miss-bianco\",\"name\":\"Limited Edition Ergonomische Boho Plateau-Sandalen\",\"isPartOf\":{\"@id\":\"https:\\\/\\\/www.venisecollection.com\\\/de#website\"},\"primaryImageOfPage\":{\"@id\":\"https:\\\/\\\/www.venisecollection.com\\\/de\\\/shop\\\/women\\\/sandale\\\/1582-511-miss-bianco#primaryimage\"},\"image\":{\"@id\":\"https:\\\/\\\/www.venisecollection.com\\\/de\\\/shop\\\/women\\\/sandale\\\/1582-511-miss-bianco#primaryimage\"},\"thumbnailUrl\":\"https:\\\/\\\/www.venisecollection.com\\\/cdn\\\/image-168.webp\",\"datePublished\":\"2026-04-03T14:54:07+00:00\",\"dateModified\":\"2026-04-03T15:15:49+00:00\",\"breadcrumb\":{\"@id\":\"https:\\\/\\\/www.venisecollection.com\\\/de\\\/shop\\\/women\\\/sandale\\\/1582-511-miss-bianco#breadcrumb\"},\"inLanguage\":\"de\",\"potentialAction\":[{\"@type\":\"ReadAction\",\"target\":[\"https:\\\/\\\/www.venisecollection.com\\\/de\\\/shop\\\/women\\\/sandale\\\/1582-511-miss-bianco\"]}]},{\"@type\":\"ImageObject\",\"inLanguage\":\"de\",\"@id\":\"https:\\\/\\\/www.venisecollection.com\\\/de\\\/shop\\\/women\\\/sandale\\\/1582-511-miss-bianco#primaryimage\",\"url\":\"https:\\\/\\\/www.venisecollection.com\\\/cdn\\\/image-168.webp\",\"contentUrl\":\"https:\\\/\\\/www.venisecollection.com\\\/cdn\\\/image-168.webp\",\"width\":1280,\"height\":1588},{\"@type\":\"BreadcrumbList\",\"@id\":\"https:\\\/\\\/www.venisecollection.com\\\/de\\\/shop\\\/women\\\/sandale\\\/1582-511-miss-bianco#breadcrumb\",\"itemListElement\":[{\"@type\":\"ListItem\",\"position\":1,\"name\":\"Home\",\"item\":\"https:\\\/\\\/www.venisecollection.com\\\/de\\\/shop\"},{\"@type\":\"ListItem\",\"position\":2,\"name\":\"Startseite\",\"item\":\"https:\\\/\\\/www.venisecollection.com\\\/de\\\/shop\"},{\"@type\":\"ListItem\",\"position\":3,\"name\":\"1582-511 MISS BIANCO\"}]},{\"@type\":\"WebSite\",\"@id\":\"https:\\\/\\\/www.venisecollection.com\\\/de#website\",\"url\":\"https:\\\/\\\/www.venisecollection.com\\\/de\",\"name\":\"VENISE COLLECTION\",\"description\":\"\",\"publisher\":{\"@id\":\"https:\\\/\\\/www.venisecollection.com\\\/de#organization\"},\"potentialAction\":[{\"@type\":\"SearchAction\",\"target\":{\"@type\":\"EntryPoint\",\"urlTemplate\":\"https:\\\/\\\/www.venisecollection.com\\\/de?s={search_term_string}\"},\"query-input\":{\"@type\":\"PropertyValueSpecification\",\"valueRequired\":true,\"valueName\":\"search_term_string\"}}],\"inLanguage\":\"de\"},{\"@type\":\"Organization\",\"@id\":\"https:\\\/\\\/www.venisecollection.com\\\/de#organization\",\"name\":\"VENISE COLLECTION\",\"url\":\"https:\\\/\\\/www.venisecollection.com\\\/de\",\"logo\":{\"@type\":\"ImageObject\",\"inLanguage\":\"de\",\"@id\":\"https:\\\/\\\/www.venisecollection.com\\\/de#\\\/schema\\\/logo\\\/image\\\/\",\"url\":\"https:\\\/\\\/www.venisecollection.com\\\/cdn\\\/seo.png\",\"contentUrl\":\"https:\\\/\\\/www.venisecollection.com\\\/cdn\\\/seo.png\",\"width\":1080,\"height\":1080,\"caption\":\"VENISE COLLECTION\"},\"image\":{\"@id\":\"https:\\\/\\\/www.venisecollection.com\\\/de#\\\/schema\\\/logo\\\/image\\\/\"},\"sameAs\":[\"https:\\\/\\\/www.instagram.com\\\/venisecollection\\\/\",\"https:\\\/\\\/fr.pinterest.com\\\/venisecollection\\\/\"]}]}<\/script>\n<!-- \/ Yoast SEO plugin. -->","yoast_head_json":{"title":"Limited Edition Ergonomische Boho Plateau-Sandalen","robots":{"index":"index","follow":"follow","max-snippet":"max-snippet:-1","max-image-preview":"max-image-preview:large","max-video-preview":"max-video-preview:-1"},"canonical":"https:\/\/www.venisecollection.com\/de\/shop\/women\/sandale\/1582-511-miss-bianco","og_locale":"de_DE","og_type":"article","og_title":"Limited Edition Ergonomische Boho Plateau-Sandalen","og_description":"Machen Sie Ihren t\u00e4glichen Spaziergang zum Vergn\u00fcgen mit den 1582-511 Plateau-Sandalen von VENISE COLLECTION. Diese stolz in Italien gefertigte (Made in Italy) Limited Edition ist ein Meisterwerk, das lebendige \u00c4sthetik mit spezialisiertem orthop\u00e4dischem Komfort verbindet. Das auff\u00e4llige Obermaterial besteht aus einem wundersch\u00f6n gewebten Stoff mit einem farbenfrohen geometrischen Boho-Muster, das jedem l\u00e4ssigen Outfit sommerliche Energie &hellip;","og_url":"https:\/\/www.venisecollection.com\/de\/shop\/women\/sandale\/1582-511-miss-bianco","og_site_name":"VENISE COLLECTION","article_modified_time":"2026-04-03T15:15:49+00:00","og_image":[{"width":1280,"height":1588,"url":"https:\/\/www.venisecollection.com\/cdn\/image-168.webp","type":"image\/webp"}],"twitter_card":"summary_large_image","twitter_misc":{"Gesch\u00e4tzte Lesezeit":"1\u00a0Minute"},"schema":{"@context":"https:\/\/schema.org","@graph":[{"@type":"WebPage","@id":"https:\/\/www.venisecollection.com\/de\/shop\/women\/sandale\/1582-511-miss-bianco","url":"https:\/\/www.venisecollection.com\/de\/shop\/women\/sandale\/1582-511-miss-bianco","name":"Limited Edition Ergonomische Boho Plateau-Sandalen","isPartOf":{"@id":"https:\/\/www.venisecollection.com\/de#website"},"primaryImageOfPage":{"@id":"https:\/\/www.venisecollection.com\/de\/shop\/women\/sandale\/1582-511-miss-bianco#primaryimage"},"image":{"@id":"https:\/\/www.venisecollection.com\/de\/shop\/women\/sandale\/1582-511-miss-bianco#primaryimage"},"thumbnailUrl":"https:\/\/www.venisecollection.com\/cdn\/image-168.webp","datePublished":"2026-04-03T14:54:07+00:00","dateModified":"2026-04-03T15:15:49+00:00","breadcrumb":{"@id":"https:\/\/www.venisecollection.com\/de\/shop\/women\/sandale\/1582-511-miss-bianco#breadcrumb"},"inLanguage":"de","potentialAction":[{"@type":"ReadAction","target":["https:\/\/www.venisecollection.com\/de\/shop\/women\/sandale\/1582-511-miss-bianco"]}]},{"@type":"ImageObject","inLanguage":"de","@id":"https:\/\/www.venisecollection.com\/de\/shop\/women\/sandale\/1582-511-miss-bianco#primaryimage","url":"https:\/\/www.venisecollection.com\/cdn\/image-168.webp","contentUrl":"https:\/\/www.venisecollection.com\/cdn\/image-168.webp","width":1280,"height":1588},{"@type":"BreadcrumbList","@id":"https:\/\/www.venisecollection.com\/de\/shop\/women\/sandale\/1582-511-miss-bianco#breadcrumb","itemListElement":[{"@type":"ListItem","position":1,"name":"Home","item":"https:\/\/www.venisecollection.com\/de\/shop"},{"@type":"ListItem","position":2,"name":"Startseite","item":"https:\/\/www.venisecollection.com\/de\/shop"},{"@type":"ListItem","position":3,"name":"1582-511 MISS BIANCO"}]},{"@type":"WebSite","@id":"https:\/\/www.venisecollection.com\/de#website","url":"https:\/\/www.venisecollection.com\/de","name":"VENISE COLLECTION","description":"","publisher":{"@id":"https:\/\/www.venisecollection.com\/de#organization"},"potentialAction":[{"@type":"SearchAction","target":{"@type":"EntryPoint","urlTemplate":"https:\/\/www.venisecollection.com\/de?s={search_term_string}"},"query-input":{"@type":"PropertyValueSpecification","valueRequired":true,"valueName":"search_term_string"}}],"inLanguage":"de"},{"@type":"Organization","@id":"https:\/\/www.venisecollection.com\/de#organization","name":"VENISE COLLECTION","url":"https:\/\/www.venisecollection.com\/de","logo":{"@type":"ImageObject","inLanguage":"de","@id":"https:\/\/www.venisecollection.com\/de#\/schema\/logo\/image\/","url":"https:\/\/www.venisecollection.com\/cdn\/seo.png","contentUrl":"https:\/\/www.venisecollection.com\/cdn\/seo.png","width":1080,"height":1080,"caption":"VENISE COLLECTION"},"image":{"@id":"https:\/\/www.venisecollection.com\/de#\/schema\/logo\/image\/"},"sameAs":["https:\/\/www.instagram.com\/venisecollection\/","https:\/\/fr.pinterest.com\/venisecollection\/"]}]}},"_links":{"self":[{"href":"https:\/\/www.venisecollection.com\/de\/wp-json\/wp\/v2\/product\/23288","targetHints":{"allow":["GET"]}}],"collection":[{"href":"https:\/\/www.venisecollection.com\/de\/wp-json\/wp\/v2\/product"}],"about":[{"href":"https:\/\/www.venisecollection.com\/de\/wp-json\/wp\/v2\/types\/product"}],"wp:featuredmedia":[{"embeddable":true,"href":"https:\/\/www.venisecollection.com\/de\/wp-json\/wp\/v2\/media\/23322"}],"wp:attachment":[{"href":"https:\/\/www.venisecollection.com\/de\/wp-json\/wp\/v2\/media?parent=23288"}],"wp:term":[{"taxonomy":"product_brand","embeddable":true,"href":"https:\/\/www.venisecollection.com\/de\/wp-json\/wp\/v2\/product_brand?post=23288"},{"taxonomy":"product_cat","embeddable":true,"href":"https:\/\/www.venisecollection.com\/de\/wp-json\/wp\/v2\/product_cat?post=23288"},{"taxonomy":"product_tag","embeddable":true,"href":"https:\/\/www.venisecollection.com\/de\/wp-json\/wp\/v2\/product_tag?post=23288"}],"curies":[{"name":"wp","href":"https:\/\/api.w.org\/{rel}","templated":true}]}}