{"id":23357,"date":"2026-04-03T16:45:22","date_gmt":"2026-04-03T16:45:22","guid":{"rendered":"https:\/\/www.venisecollection.com\/?post_type=product&#038;p=23357"},"modified":"2026-04-03T16:52:07","modified_gmt":"2026-04-03T16:52:07","slug":"2609-79-miss-multicolor","status":"publish","type":"product","link":"https:\/\/www.venisecollection.com\/de\/shop\/women\/sandale\/2609-79-miss-multicolor","title":{"rendered":"2609-79 MISS MULTICOLOR"},"content":{"rendered":"<p data-path-to-node=\"18\">Setzen Sie in dieser Saison ein einzigartiges modisches Statement mit den <b data-path-to-node=\"18\" data-index-in-node=\"318\">2609-79 Sandalen<\/b> von <b data-path-to-node=\"18\" data-index-in-node=\"339\">VENISE COLLECTION<\/b>. Diese exklusive Limited Edition wird stolz in <b data-path-to-node=\"18\" data-index-in-node=\"404\">Italien gefertigt<\/b> (Made in Italy) und verbindet handwerkliche Sch\u00f6nheit mit allt\u00e4glicher Praktikabilit\u00e4t. Das \u00e4u\u00dfere Obermaterial besteht aus hochwertigem Stoff mit einem lebendigen, mehrfarbigen geometrischen Zickzack-Muster, das m\u00fchelos eine schicke Boho-\u00c4sthetik einf\u00e4ngt.<\/p>\n<p data-path-to-node=\"19\">Um Ihren Komfort zu priorisieren, ist die Innenseite komplett mit hochwertigem Echtleder gef\u00fcttert, was ein weiches, atmungsaktives Gef\u00fchl auf der Haut gew\u00e4hrleistet. Das hochfunktionale Design verf\u00fcgt \u00fcber zwei breite Riemen mit verdeckten Klettverschl\u00fcssen, die eine vollst\u00e4ndig individuelle und sichere Passform erm\u00f6glichen. Diese stilvollen Pantoletten stehen auf einer klobigen, strukturierten Sohle mit rustikalem Kork-\u00e4hnlichem Finish und einem stark konturierten Fu\u00dfbett, das hervorragenden ergonomischen Halt f\u00fcr den ganzen Tag bietet.<\/p>\n<ul data-path-to-node=\"20\">\n<li>\n<p data-path-to-node=\"20,0,0\"><b data-path-to-node=\"20,0,0\" data-index-in-node=\"0\">Besonderheit:<\/b> Exklusive Limited Edition<\/p>\n<\/li>\n<li>\n<p data-path-to-node=\"20,1,0\"><b data-path-to-node=\"20,1,0\" data-index-in-node=\"0\">Herkunft:<\/b> Hergestellt in Italien (Made in Italy)<\/p>\n<\/li>\n<li>\n<p data-path-to-node=\"20,2,0\"><b data-path-to-node=\"20,2,0\" data-index-in-node=\"0\">Au\u00dfenmaterial:<\/b> Hochwertiger Stoff mit buntem geometrischem Muster<\/p>\n<\/li>\n<li>\n<p data-path-to-node=\"20,3,0\"><b data-path-to-node=\"20,3,0\" data-index-in-node=\"0\">Innenfutter:<\/b> 100% echtes Leder<\/p>\n<\/li>\n<li>\n<p data-path-to-node=\"20,4,0\"><b data-path-to-node=\"20,4,0\" data-index-in-node=\"0\">Sohle:<\/b> Strukturierte, ergonomische Plateausohle<\/p>\n<\/li>\n<li>\n<p data-path-to-node=\"20,5,0\"><b data-path-to-node=\"20,5,0\" data-index-in-node=\"0\">Verschluss:<\/b> Zwei verstellbare Riemen<\/p>\n<\/li>\n<\/ul>\n","protected":false},"excerpt":{"rendered":"<p>Setzen Sie in dieser Saison ein einzigartiges modisches Statement mit den 2609-79 Sandalen von VENISE COLLECTION. Diese exklusive Limited Edition wird stolz in Italien gefertigt (Made in Italy) und verbindet handwerkliche Sch\u00f6nheit mit allt\u00e4glicher Praktikabilit\u00e4t. Das \u00e4u\u00dfere Obermaterial besteht aus hochwertigem Stoff mit einem lebendigen, mehrfarbigen geometrischen Zickzack-Muster, das m\u00fchelos eine schicke Boho-\u00c4sthetik einf\u00e4ngt. Um &hellip;<\/p>\n","protected":false},"featured_media":23385,"template":"","meta":[],"product_brand":[357],"product_cat":[333],"product_tag":[],"class_list":{"0":"post-23357","1":"product","2":"type-product","3":"status-publish","4":"has-post-thumbnail","6":"product_brand-venise-collection","7":"product_cat-sandale","9":"first","10":"instock","11":"shipping-taxable","12":"purchasable","13":"product-type-variable","14":"has-default-attributes"},"yoast_head":"<!-- This site is optimized with the Yoast SEO plugin v27.3 - https:\/\/yoast.com\/product\/yoast-seo-wordpress\/ -->\n<title>Limited Edition Boho Pantoletten<\/title>\n<meta name=\"robots\" content=\"index, follow, max-snippet:-1, max-image-preview:large, max-video-preview:-1\" \/>\n<link rel=\"canonical\" href=\"https:\/\/www.venisecollection.com\/de\/shop\/women\/sandale\/2609-79-miss-multicolor\" \/>\n<meta property=\"og:locale\" content=\"de_DE\" \/>\n<meta property=\"og:type\" content=\"article\" \/>\n<meta property=\"og:title\" content=\"Limited Edition Boho Pantoletten\" \/>\n<meta property=\"og:description\" content=\"Setzen Sie in dieser Saison ein einzigartiges modisches Statement mit den 2609-79 Sandalen von VENISE COLLECTION. Diese exklusive Limited Edition wird stolz in Italien gefertigt (Made in Italy) und verbindet handwerkliche Sch\u00f6nheit mit allt\u00e4glicher Praktikabilit\u00e4t. Das \u00e4u\u00dfere Obermaterial besteht aus hochwertigem Stoff mit einem lebendigen, mehrfarbigen geometrischen Zickzack-Muster, das m\u00fchelos eine schicke Boho-\u00c4sthetik einf\u00e4ngt. Um &hellip;\" \/>\n<meta property=\"og:url\" content=\"https:\/\/www.venisecollection.com\/de\/shop\/women\/sandale\/2609-79-miss-multicolor\" \/>\n<meta property=\"og:site_name\" content=\"VENISE COLLECTION\" \/>\n<meta property=\"article:modified_time\" content=\"2026-04-03T16:52:07+00:00\" \/>\n<meta property=\"og:image\" content=\"https:\/\/www.venisecollection.com\/cdn\/image-175-1.webp\" \/>\n\t<meta property=\"og:image:width\" content=\"1280\" \/>\n\t<meta property=\"og:image:height\" content=\"1588\" \/>\n\t<meta property=\"og:image:type\" content=\"image\/webp\" \/>\n<meta name=\"twitter:card\" content=\"summary_large_image\" \/>\n<meta name=\"twitter:label1\" content=\"Gesch\u00e4tzte Lesezeit\" \/>\n\t<meta name=\"twitter:data1\" content=\"1\u00a0Minute\" \/>\n<script type=\"application\/ld+json\" class=\"yoast-schema-graph\">{\"@context\":\"https:\\\/\\\/schema.org\",\"@graph\":[{\"@type\":\"WebPage\",\"@id\":\"https:\\\/\\\/www.venisecollection.com\\\/de\\\/shop\\\/women\\\/sandale\\\/2609-79-miss-multicolor\",\"url\":\"https:\\\/\\\/www.venisecollection.com\\\/de\\\/shop\\\/women\\\/sandale\\\/2609-79-miss-multicolor\",\"name\":\"Limited Edition Boho Pantoletten\",\"isPartOf\":{\"@id\":\"https:\\\/\\\/www.venisecollection.com\\\/de#website\"},\"primaryImageOfPage\":{\"@id\":\"https:\\\/\\\/www.venisecollection.com\\\/de\\\/shop\\\/women\\\/sandale\\\/2609-79-miss-multicolor#primaryimage\"},\"image\":{\"@id\":\"https:\\\/\\\/www.venisecollection.com\\\/de\\\/shop\\\/women\\\/sandale\\\/2609-79-miss-multicolor#primaryimage\"},\"thumbnailUrl\":\"https:\\\/\\\/www.venisecollection.com\\\/cdn\\\/image-175-1.webp\",\"datePublished\":\"2026-04-03T16:45:22+00:00\",\"dateModified\":\"2026-04-03T16:52:07+00:00\",\"breadcrumb\":{\"@id\":\"https:\\\/\\\/www.venisecollection.com\\\/de\\\/shop\\\/women\\\/sandale\\\/2609-79-miss-multicolor#breadcrumb\"},\"inLanguage\":\"de\",\"potentialAction\":[{\"@type\":\"ReadAction\",\"target\":[\"https:\\\/\\\/www.venisecollection.com\\\/de\\\/shop\\\/women\\\/sandale\\\/2609-79-miss-multicolor\"]}]},{\"@type\":\"ImageObject\",\"inLanguage\":\"de\",\"@id\":\"https:\\\/\\\/www.venisecollection.com\\\/de\\\/shop\\\/women\\\/sandale\\\/2609-79-miss-multicolor#primaryimage\",\"url\":\"https:\\\/\\\/www.venisecollection.com\\\/cdn\\\/image-175-1.webp\",\"contentUrl\":\"https:\\\/\\\/www.venisecollection.com\\\/cdn\\\/image-175-1.webp\",\"width\":1280,\"height\":1588},{\"@type\":\"BreadcrumbList\",\"@id\":\"https:\\\/\\\/www.venisecollection.com\\\/de\\\/shop\\\/women\\\/sandale\\\/2609-79-miss-multicolor#breadcrumb\",\"itemListElement\":[{\"@type\":\"ListItem\",\"position\":1,\"name\":\"Home\",\"item\":\"https:\\\/\\\/www.venisecollection.com\\\/de\\\/shop\"},{\"@type\":\"ListItem\",\"position\":2,\"name\":\"Startseite\",\"item\":\"https:\\\/\\\/www.venisecollection.com\\\/de\\\/shop\"},{\"@type\":\"ListItem\",\"position\":3,\"name\":\"2609-79 MISS MULTICOLOR\"}]},{\"@type\":\"WebSite\",\"@id\":\"https:\\\/\\\/www.venisecollection.com\\\/de#website\",\"url\":\"https:\\\/\\\/www.venisecollection.com\\\/de\",\"name\":\"VENISE COLLECTION\",\"description\":\"\",\"publisher\":{\"@id\":\"https:\\\/\\\/www.venisecollection.com\\\/de#organization\"},\"potentialAction\":[{\"@type\":\"SearchAction\",\"target\":{\"@type\":\"EntryPoint\",\"urlTemplate\":\"https:\\\/\\\/www.venisecollection.com\\\/de?s={search_term_string}\"},\"query-input\":{\"@type\":\"PropertyValueSpecification\",\"valueRequired\":true,\"valueName\":\"search_term_string\"}}],\"inLanguage\":\"de\"},{\"@type\":\"Organization\",\"@id\":\"https:\\\/\\\/www.venisecollection.com\\\/de#organization\",\"name\":\"VENISE COLLECTION\",\"url\":\"https:\\\/\\\/www.venisecollection.com\\\/de\",\"logo\":{\"@type\":\"ImageObject\",\"inLanguage\":\"de\",\"@id\":\"https:\\\/\\\/www.venisecollection.com\\\/de#\\\/schema\\\/logo\\\/image\\\/\",\"url\":\"https:\\\/\\\/www.venisecollection.com\\\/cdn\\\/seo.png\",\"contentUrl\":\"https:\\\/\\\/www.venisecollection.com\\\/cdn\\\/seo.png\",\"width\":1080,\"height\":1080,\"caption\":\"VENISE COLLECTION\"},\"image\":{\"@id\":\"https:\\\/\\\/www.venisecollection.com\\\/de#\\\/schema\\\/logo\\\/image\\\/\"},\"sameAs\":[\"https:\\\/\\\/www.instagram.com\\\/venisecollection\\\/\",\"https:\\\/\\\/fr.pinterest.com\\\/venisecollection\\\/\"]}]}<\/script>\n<!-- \/ Yoast SEO plugin. -->","yoast_head_json":{"title":"Limited Edition Boho Pantoletten","robots":{"index":"index","follow":"follow","max-snippet":"max-snippet:-1","max-image-preview":"max-image-preview:large","max-video-preview":"max-video-preview:-1"},"canonical":"https:\/\/www.venisecollection.com\/de\/shop\/women\/sandale\/2609-79-miss-multicolor","og_locale":"de_DE","og_type":"article","og_title":"Limited Edition Boho Pantoletten","og_description":"Setzen Sie in dieser Saison ein einzigartiges modisches Statement mit den 2609-79 Sandalen von VENISE COLLECTION. Diese exklusive Limited Edition wird stolz in Italien gefertigt (Made in Italy) und verbindet handwerkliche Sch\u00f6nheit mit allt\u00e4glicher Praktikabilit\u00e4t. Das \u00e4u\u00dfere Obermaterial besteht aus hochwertigem Stoff mit einem lebendigen, mehrfarbigen geometrischen Zickzack-Muster, das m\u00fchelos eine schicke Boho-\u00c4sthetik einf\u00e4ngt. Um &hellip;","og_url":"https:\/\/www.venisecollection.com\/de\/shop\/women\/sandale\/2609-79-miss-multicolor","og_site_name":"VENISE COLLECTION","article_modified_time":"2026-04-03T16:52:07+00:00","og_image":[{"width":1280,"height":1588,"url":"https:\/\/www.venisecollection.com\/cdn\/image-175-1.webp","type":"image\/webp"}],"twitter_card":"summary_large_image","twitter_misc":{"Gesch\u00e4tzte Lesezeit":"1\u00a0Minute"},"schema":{"@context":"https:\/\/schema.org","@graph":[{"@type":"WebPage","@id":"https:\/\/www.venisecollection.com\/de\/shop\/women\/sandale\/2609-79-miss-multicolor","url":"https:\/\/www.venisecollection.com\/de\/shop\/women\/sandale\/2609-79-miss-multicolor","name":"Limited Edition Boho Pantoletten","isPartOf":{"@id":"https:\/\/www.venisecollection.com\/de#website"},"primaryImageOfPage":{"@id":"https:\/\/www.venisecollection.com\/de\/shop\/women\/sandale\/2609-79-miss-multicolor#primaryimage"},"image":{"@id":"https:\/\/www.venisecollection.com\/de\/shop\/women\/sandale\/2609-79-miss-multicolor#primaryimage"},"thumbnailUrl":"https:\/\/www.venisecollection.com\/cdn\/image-175-1.webp","datePublished":"2026-04-03T16:45:22+00:00","dateModified":"2026-04-03T16:52:07+00:00","breadcrumb":{"@id":"https:\/\/www.venisecollection.com\/de\/shop\/women\/sandale\/2609-79-miss-multicolor#breadcrumb"},"inLanguage":"de","potentialAction":[{"@type":"ReadAction","target":["https:\/\/www.venisecollection.com\/de\/shop\/women\/sandale\/2609-79-miss-multicolor"]}]},{"@type":"ImageObject","inLanguage":"de","@id":"https:\/\/www.venisecollection.com\/de\/shop\/women\/sandale\/2609-79-miss-multicolor#primaryimage","url":"https:\/\/www.venisecollection.com\/cdn\/image-175-1.webp","contentUrl":"https:\/\/www.venisecollection.com\/cdn\/image-175-1.webp","width":1280,"height":1588},{"@type":"BreadcrumbList","@id":"https:\/\/www.venisecollection.com\/de\/shop\/women\/sandale\/2609-79-miss-multicolor#breadcrumb","itemListElement":[{"@type":"ListItem","position":1,"name":"Home","item":"https:\/\/www.venisecollection.com\/de\/shop"},{"@type":"ListItem","position":2,"name":"Startseite","item":"https:\/\/www.venisecollection.com\/de\/shop"},{"@type":"ListItem","position":3,"name":"2609-79 MISS MULTICOLOR"}]},{"@type":"WebSite","@id":"https:\/\/www.venisecollection.com\/de#website","url":"https:\/\/www.venisecollection.com\/de","name":"VENISE COLLECTION","description":"","publisher":{"@id":"https:\/\/www.venisecollection.com\/de#organization"},"potentialAction":[{"@type":"SearchAction","target":{"@type":"EntryPoint","urlTemplate":"https:\/\/www.venisecollection.com\/de?s={search_term_string}"},"query-input":{"@type":"PropertyValueSpecification","valueRequired":true,"valueName":"search_term_string"}}],"inLanguage":"de"},{"@type":"Organization","@id":"https:\/\/www.venisecollection.com\/de#organization","name":"VENISE COLLECTION","url":"https:\/\/www.venisecollection.com\/de","logo":{"@type":"ImageObject","inLanguage":"de","@id":"https:\/\/www.venisecollection.com\/de#\/schema\/logo\/image\/","url":"https:\/\/www.venisecollection.com\/cdn\/seo.png","contentUrl":"https:\/\/www.venisecollection.com\/cdn\/seo.png","width":1080,"height":1080,"caption":"VENISE COLLECTION"},"image":{"@id":"https:\/\/www.venisecollection.com\/de#\/schema\/logo\/image\/"},"sameAs":["https:\/\/www.instagram.com\/venisecollection\/","https:\/\/fr.pinterest.com\/venisecollection\/"]}]}},"_links":{"self":[{"href":"https:\/\/www.venisecollection.com\/de\/wp-json\/wp\/v2\/product\/23357","targetHints":{"allow":["GET"]}}],"collection":[{"href":"https:\/\/www.venisecollection.com\/de\/wp-json\/wp\/v2\/product"}],"about":[{"href":"https:\/\/www.venisecollection.com\/de\/wp-json\/wp\/v2\/types\/product"}],"wp:featuredmedia":[{"embeddable":true,"href":"https:\/\/www.venisecollection.com\/de\/wp-json\/wp\/v2\/media\/23385"}],"wp:attachment":[{"href":"https:\/\/www.venisecollection.com\/de\/wp-json\/wp\/v2\/media?parent=23357"}],"wp:term":[{"taxonomy":"product_brand","embeddable":true,"href":"https:\/\/www.venisecollection.com\/de\/wp-json\/wp\/v2\/product_brand?post=23357"},{"taxonomy":"product_cat","embeddable":true,"href":"https:\/\/www.venisecollection.com\/de\/wp-json\/wp\/v2\/product_cat?post=23357"},{"taxonomy":"product_tag","embeddable":true,"href":"https:\/\/www.venisecollection.com\/de\/wp-json\/wp\/v2\/product_tag?post=23357"}],"curies":[{"name":"wp","href":"https:\/\/api.w.org\/{rel}","templated":true}]}}