{"id":23525,"date":"2026-04-07T11:14:26","date_gmt":"2026-04-07T11:14:26","guid":{"rendered":"https:\/\/www.venisecollection.com\/?post_type=product&#038;p=23525"},"modified":"2026-04-07T11:19:25","modified_gmt":"2026-04-07T11:19:25","slug":"2609-79-miss-verde-lilla","status":"publish","type":"product","link":"https:\/\/www.venisecollection.com\/de\/shop\/women\/sandale\/2609-79-miss-verde-lilla","title":{"rendered":"2609-79 MISS. VERDE LILLA"},"content":{"rendered":"<p data-path-to-node=\"18\">Bringen Sie mit den <b data-path-to-node=\"18\" data-index-in-node=\"297\">2609-79 Sommer-Pantoletten in der Farbe MISS. VERDE LILLA<\/b> von <b data-path-to-node=\"18\" data-index-in-node=\"359\">VENISE COLLECTION<\/b> lebendige Energie in Ihre Sommergarderobe. Diese exklusive Limited Edition wird stolz in <b data-path-to-node=\"18\" data-index-in-node=\"466\">Italien gefertigt<\/b> (Made in Italy) und ist das absolute Must-have f\u00fcr sonnige Tage. Das \u00e4u\u00dfere Obermaterial besteht aus hochwertigem Stoff mit einem farbenfrohen geometrischen Zickzack-Muster in leuchtenden Gr\u00fcn-, Flieder-, Rot- und warmen Gelbt\u00f6nen. Dieses markante Design f\u00e4ngt eine verspielte, schicke Boho-\u00c4sthetik perfekt ein.<\/p>\n<p data-path-to-node=\"19\">Um Ihren ultimativen Komfort bei langen Sommerspazierg\u00e4ngen zu priorisieren, ist die Innenseite komplett mit hochwertigem Echtleder gef\u00fcttert, einschlie\u00dflich eines glatten Lederfu\u00dfbetts, das Ihre F\u00fc\u00dfe angenehm k\u00fchl h\u00e4lt. Das hochfunktionale Design verf\u00fcgt \u00fcber zwei breite Riemen mit verdeckten Klettverschl\u00fcssen, die eine vollst\u00e4ndig individuelle Passform erm\u00f6glichen. Diese stilvollen Pantoletten stehen auf einer klobigen Sohle mit rustikalem Kork-\u00e4hnlichem Finish und einer ergonomischen Form, die hervorragenden Halt bietet.<\/p>\n<ul data-path-to-node=\"20\">\n<li>\n<p data-path-to-node=\"20,0,0\"><b data-path-to-node=\"20,0,0\" data-index-in-node=\"0\">Herkunft:<\/b> Hergestellt in Italien (Made in Italy)<\/p>\n<\/li>\n<li>\n<p data-path-to-node=\"20,1,0\"><b data-path-to-node=\"20,1,0\" data-index-in-node=\"0\">Farbe:<\/b> MISS. VERDE LILLA (Lebhaftes mehrfarbiges Zickzack-Muster)<\/p>\n<\/li>\n<li>\n<p data-path-to-node=\"20,2,0\"><b data-path-to-node=\"20,2,0\" data-index-in-node=\"0\">Innenfutter:<\/b> 100% echtes Leder<\/p>\n<\/li>\n<li>\n<p data-path-to-node=\"20,3,0\"><b data-path-to-node=\"20,3,0\" data-index-in-node=\"0\">Sohle:<\/b> Ergonomische Plateausohle in Kork-Optik<\/p>\n<\/li>\n<li>\n<p data-path-to-node=\"20,4,0\"><b data-path-to-node=\"20,4,0\" data-index-in-node=\"0\">Verschluss:<\/b> Zwei verstellbare Klettverschlussriemen<\/p>\n<\/li>\n<\/ul>\n","protected":false},"excerpt":{"rendered":"<p>Bringen Sie mit den 2609-79 Sommer-Pantoletten in der Farbe MISS. VERDE LILLA von VENISE COLLECTION lebendige Energie in Ihre Sommergarderobe. Diese exklusive Limited Edition wird stolz in Italien gefertigt (Made in Italy) und ist das absolute Must-have f\u00fcr sonnige Tage. Das \u00e4u\u00dfere Obermaterial besteht aus hochwertigem Stoff mit einem farbenfrohen geometrischen Zickzack-Muster in leuchtenden Gr\u00fcn-, &hellip;<\/p>\n","protected":false},"featured_media":23559,"template":"","meta":[],"product_brand":[357],"product_cat":[333],"product_tag":[],"class_list":{"0":"post-23525","1":"product","2":"type-product","3":"status-publish","4":"has-post-thumbnail","6":"product_brand-venise-collection","7":"product_cat-sandale","9":"first","10":"instock","11":"shipping-taxable","12":"purchasable","13":"product-type-variable","14":"has-default-attributes"},"yoast_head":"<!-- This site is optimized with the Yoast SEO plugin v27.3 - https:\/\/yoast.com\/product\/yoast-seo-wordpress\/ -->\n<title>Bunte Sommer-Pantoletten Limited Edition - Miss Verde Lilla<\/title>\n<meta name=\"robots\" content=\"index, follow, max-snippet:-1, max-image-preview:large, max-video-preview:-1\" \/>\n<link rel=\"canonical\" href=\"https:\/\/www.venisecollection.com\/de\/shop\/women\/sandale\/2609-79-miss-verde-lilla\" \/>\n<meta property=\"og:locale\" content=\"de_DE\" \/>\n<meta property=\"og:type\" content=\"article\" \/>\n<meta property=\"og:title\" content=\"Bunte Sommer-Pantoletten Limited Edition - Miss Verde Lilla\" \/>\n<meta property=\"og:description\" content=\"Bringen Sie mit den 2609-79 Sommer-Pantoletten in der Farbe MISS. VERDE LILLA von VENISE COLLECTION lebendige Energie in Ihre Sommergarderobe. Diese exklusive Limited Edition wird stolz in Italien gefertigt (Made in Italy) und ist das absolute Must-have f\u00fcr sonnige Tage. Das \u00e4u\u00dfere Obermaterial besteht aus hochwertigem Stoff mit einem farbenfrohen geometrischen Zickzack-Muster in leuchtenden Gr\u00fcn-, &hellip;\" \/>\n<meta property=\"og:url\" content=\"https:\/\/www.venisecollection.com\/de\/shop\/women\/sandale\/2609-79-miss-verde-lilla\" \/>\n<meta property=\"og:site_name\" content=\"VENISE COLLECTION\" \/>\n<meta property=\"article:modified_time\" content=\"2026-04-07T11:19:25+00:00\" \/>\n<meta property=\"og:image\" content=\"https:\/\/www.venisecollection.com\/cdn\/image-186-1.webp\" \/>\n\t<meta property=\"og:image:width\" content=\"1280\" \/>\n\t<meta property=\"og:image:height\" content=\"1588\" \/>\n\t<meta property=\"og:image:type\" content=\"image\/webp\" \/>\n<meta name=\"twitter:card\" content=\"summary_large_image\" \/>\n<meta name=\"twitter:label1\" content=\"Gesch\u00e4tzte Lesezeit\" \/>\n\t<meta name=\"twitter:data1\" content=\"1\u00a0Minute\" \/>\n<script type=\"application\/ld+json\" class=\"yoast-schema-graph\">{\"@context\":\"https:\\\/\\\/schema.org\",\"@graph\":[{\"@type\":\"WebPage\",\"@id\":\"https:\\\/\\\/www.venisecollection.com\\\/de\\\/shop\\\/women\\\/sandale\\\/2609-79-miss-verde-lilla\",\"url\":\"https:\\\/\\\/www.venisecollection.com\\\/de\\\/shop\\\/women\\\/sandale\\\/2609-79-miss-verde-lilla\",\"name\":\"Bunte Sommer-Pantoletten Limited Edition - Miss Verde Lilla\",\"isPartOf\":{\"@id\":\"https:\\\/\\\/www.venisecollection.com\\\/de#website\"},\"primaryImageOfPage\":{\"@id\":\"https:\\\/\\\/www.venisecollection.com\\\/de\\\/shop\\\/women\\\/sandale\\\/2609-79-miss-verde-lilla#primaryimage\"},\"image\":{\"@id\":\"https:\\\/\\\/www.venisecollection.com\\\/de\\\/shop\\\/women\\\/sandale\\\/2609-79-miss-verde-lilla#primaryimage\"},\"thumbnailUrl\":\"https:\\\/\\\/www.venisecollection.com\\\/cdn\\\/image-186-1.webp\",\"datePublished\":\"2026-04-07T11:14:26+00:00\",\"dateModified\":\"2026-04-07T11:19:25+00:00\",\"breadcrumb\":{\"@id\":\"https:\\\/\\\/www.venisecollection.com\\\/de\\\/shop\\\/women\\\/sandale\\\/2609-79-miss-verde-lilla#breadcrumb\"},\"inLanguage\":\"de\",\"potentialAction\":[{\"@type\":\"ReadAction\",\"target\":[\"https:\\\/\\\/www.venisecollection.com\\\/de\\\/shop\\\/women\\\/sandale\\\/2609-79-miss-verde-lilla\"]}]},{\"@type\":\"ImageObject\",\"inLanguage\":\"de\",\"@id\":\"https:\\\/\\\/www.venisecollection.com\\\/de\\\/shop\\\/women\\\/sandale\\\/2609-79-miss-verde-lilla#primaryimage\",\"url\":\"https:\\\/\\\/www.venisecollection.com\\\/cdn\\\/image-186-1.webp\",\"contentUrl\":\"https:\\\/\\\/www.venisecollection.com\\\/cdn\\\/image-186-1.webp\",\"width\":1280,\"height\":1588},{\"@type\":\"BreadcrumbList\",\"@id\":\"https:\\\/\\\/www.venisecollection.com\\\/de\\\/shop\\\/women\\\/sandale\\\/2609-79-miss-verde-lilla#breadcrumb\",\"itemListElement\":[{\"@type\":\"ListItem\",\"position\":1,\"name\":\"Home\",\"item\":\"https:\\\/\\\/www.venisecollection.com\\\/de\\\/shop\"},{\"@type\":\"ListItem\",\"position\":2,\"name\":\"Startseite\",\"item\":\"https:\\\/\\\/www.venisecollection.com\\\/de\\\/shop\"},{\"@type\":\"ListItem\",\"position\":3,\"name\":\"2609-79 MISS. VERDE LILLA\"}]},{\"@type\":\"WebSite\",\"@id\":\"https:\\\/\\\/www.venisecollection.com\\\/de#website\",\"url\":\"https:\\\/\\\/www.venisecollection.com\\\/de\",\"name\":\"VENISE COLLECTION\",\"description\":\"\",\"publisher\":{\"@id\":\"https:\\\/\\\/www.venisecollection.com\\\/de#organization\"},\"potentialAction\":[{\"@type\":\"SearchAction\",\"target\":{\"@type\":\"EntryPoint\",\"urlTemplate\":\"https:\\\/\\\/www.venisecollection.com\\\/de?s={search_term_string}\"},\"query-input\":{\"@type\":\"PropertyValueSpecification\",\"valueRequired\":true,\"valueName\":\"search_term_string\"}}],\"inLanguage\":\"de\"},{\"@type\":\"Organization\",\"@id\":\"https:\\\/\\\/www.venisecollection.com\\\/de#organization\",\"name\":\"VENISE COLLECTION\",\"url\":\"https:\\\/\\\/www.venisecollection.com\\\/de\",\"logo\":{\"@type\":\"ImageObject\",\"inLanguage\":\"de\",\"@id\":\"https:\\\/\\\/www.venisecollection.com\\\/de#\\\/schema\\\/logo\\\/image\\\/\",\"url\":\"https:\\\/\\\/www.venisecollection.com\\\/cdn\\\/seo.png\",\"contentUrl\":\"https:\\\/\\\/www.venisecollection.com\\\/cdn\\\/seo.png\",\"width\":1080,\"height\":1080,\"caption\":\"VENISE COLLECTION\"},\"image\":{\"@id\":\"https:\\\/\\\/www.venisecollection.com\\\/de#\\\/schema\\\/logo\\\/image\\\/\"},\"sameAs\":[\"https:\\\/\\\/www.instagram.com\\\/venisecollection\\\/\",\"https:\\\/\\\/fr.pinterest.com\\\/venisecollection\\\/\"]}]}<\/script>\n<!-- \/ Yoast SEO plugin. -->","yoast_head_json":{"title":"Bunte Sommer-Pantoletten Limited Edition - Miss Verde Lilla","robots":{"index":"index","follow":"follow","max-snippet":"max-snippet:-1","max-image-preview":"max-image-preview:large","max-video-preview":"max-video-preview:-1"},"canonical":"https:\/\/www.venisecollection.com\/de\/shop\/women\/sandale\/2609-79-miss-verde-lilla","og_locale":"de_DE","og_type":"article","og_title":"Bunte Sommer-Pantoletten Limited Edition - Miss Verde Lilla","og_description":"Bringen Sie mit den 2609-79 Sommer-Pantoletten in der Farbe MISS. VERDE LILLA von VENISE COLLECTION lebendige Energie in Ihre Sommergarderobe. Diese exklusive Limited Edition wird stolz in Italien gefertigt (Made in Italy) und ist das absolute Must-have f\u00fcr sonnige Tage. Das \u00e4u\u00dfere Obermaterial besteht aus hochwertigem Stoff mit einem farbenfrohen geometrischen Zickzack-Muster in leuchtenden Gr\u00fcn-, &hellip;","og_url":"https:\/\/www.venisecollection.com\/de\/shop\/women\/sandale\/2609-79-miss-verde-lilla","og_site_name":"VENISE COLLECTION","article_modified_time":"2026-04-07T11:19:25+00:00","og_image":[{"width":1280,"height":1588,"url":"https:\/\/www.venisecollection.com\/cdn\/image-186-1.webp","type":"image\/webp"}],"twitter_card":"summary_large_image","twitter_misc":{"Gesch\u00e4tzte Lesezeit":"1\u00a0Minute"},"schema":{"@context":"https:\/\/schema.org","@graph":[{"@type":"WebPage","@id":"https:\/\/www.venisecollection.com\/de\/shop\/women\/sandale\/2609-79-miss-verde-lilla","url":"https:\/\/www.venisecollection.com\/de\/shop\/women\/sandale\/2609-79-miss-verde-lilla","name":"Bunte Sommer-Pantoletten Limited Edition - Miss Verde Lilla","isPartOf":{"@id":"https:\/\/www.venisecollection.com\/de#website"},"primaryImageOfPage":{"@id":"https:\/\/www.venisecollection.com\/de\/shop\/women\/sandale\/2609-79-miss-verde-lilla#primaryimage"},"image":{"@id":"https:\/\/www.venisecollection.com\/de\/shop\/women\/sandale\/2609-79-miss-verde-lilla#primaryimage"},"thumbnailUrl":"https:\/\/www.venisecollection.com\/cdn\/image-186-1.webp","datePublished":"2026-04-07T11:14:26+00:00","dateModified":"2026-04-07T11:19:25+00:00","breadcrumb":{"@id":"https:\/\/www.venisecollection.com\/de\/shop\/women\/sandale\/2609-79-miss-verde-lilla#breadcrumb"},"inLanguage":"de","potentialAction":[{"@type":"ReadAction","target":["https:\/\/www.venisecollection.com\/de\/shop\/women\/sandale\/2609-79-miss-verde-lilla"]}]},{"@type":"ImageObject","inLanguage":"de","@id":"https:\/\/www.venisecollection.com\/de\/shop\/women\/sandale\/2609-79-miss-verde-lilla#primaryimage","url":"https:\/\/www.venisecollection.com\/cdn\/image-186-1.webp","contentUrl":"https:\/\/www.venisecollection.com\/cdn\/image-186-1.webp","width":1280,"height":1588},{"@type":"BreadcrumbList","@id":"https:\/\/www.venisecollection.com\/de\/shop\/women\/sandale\/2609-79-miss-verde-lilla#breadcrumb","itemListElement":[{"@type":"ListItem","position":1,"name":"Home","item":"https:\/\/www.venisecollection.com\/de\/shop"},{"@type":"ListItem","position":2,"name":"Startseite","item":"https:\/\/www.venisecollection.com\/de\/shop"},{"@type":"ListItem","position":3,"name":"2609-79 MISS. VERDE LILLA"}]},{"@type":"WebSite","@id":"https:\/\/www.venisecollection.com\/de#website","url":"https:\/\/www.venisecollection.com\/de","name":"VENISE COLLECTION","description":"","publisher":{"@id":"https:\/\/www.venisecollection.com\/de#organization"},"potentialAction":[{"@type":"SearchAction","target":{"@type":"EntryPoint","urlTemplate":"https:\/\/www.venisecollection.com\/de?s={search_term_string}"},"query-input":{"@type":"PropertyValueSpecification","valueRequired":true,"valueName":"search_term_string"}}],"inLanguage":"de"},{"@type":"Organization","@id":"https:\/\/www.venisecollection.com\/de#organization","name":"VENISE COLLECTION","url":"https:\/\/www.venisecollection.com\/de","logo":{"@type":"ImageObject","inLanguage":"de","@id":"https:\/\/www.venisecollection.com\/de#\/schema\/logo\/image\/","url":"https:\/\/www.venisecollection.com\/cdn\/seo.png","contentUrl":"https:\/\/www.venisecollection.com\/cdn\/seo.png","width":1080,"height":1080,"caption":"VENISE COLLECTION"},"image":{"@id":"https:\/\/www.venisecollection.com\/de#\/schema\/logo\/image\/"},"sameAs":["https:\/\/www.instagram.com\/venisecollection\/","https:\/\/fr.pinterest.com\/venisecollection\/"]}]}},"_links":{"self":[{"href":"https:\/\/www.venisecollection.com\/de\/wp-json\/wp\/v2\/product\/23525","targetHints":{"allow":["GET"]}}],"collection":[{"href":"https:\/\/www.venisecollection.com\/de\/wp-json\/wp\/v2\/product"}],"about":[{"href":"https:\/\/www.venisecollection.com\/de\/wp-json\/wp\/v2\/types\/product"}],"wp:featuredmedia":[{"embeddable":true,"href":"https:\/\/www.venisecollection.com\/de\/wp-json\/wp\/v2\/media\/23559"}],"wp:attachment":[{"href":"https:\/\/www.venisecollection.com\/de\/wp-json\/wp\/v2\/media?parent=23525"}],"wp:term":[{"taxonomy":"product_brand","embeddable":true,"href":"https:\/\/www.venisecollection.com\/de\/wp-json\/wp\/v2\/product_brand?post=23525"},{"taxonomy":"product_cat","embeddable":true,"href":"https:\/\/www.venisecollection.com\/de\/wp-json\/wp\/v2\/product_cat?post=23525"},{"taxonomy":"product_tag","embeddable":true,"href":"https:\/\/www.venisecollection.com\/de\/wp-json\/wp\/v2\/product_tag?post=23525"}],"curies":[{"name":"wp","href":"https:\/\/api.w.org\/{rel}","templated":true}]}}