{"id":23669,"date":"2026-04-07T15:15:21","date_gmt":"2026-04-07T15:15:21","guid":{"rendered":"https:\/\/www.venisecollection.com\/?post_type=product&#038;p=23669"},"modified":"2026-04-07T15:26:13","modified_gmt":"2026-04-07T15:26:13","slug":"ash-eva-black","status":"publish","type":"product","link":"https:\/\/www.venisecollection.com\/de\/shop\/women\/sandale\/ash-eva-black","title":{"rendered":"ASH EVA BLACK"},"content":{"rendered":"<p data-path-to-node=\"19\">Werten Sie Ihre zeitgem\u00e4\u00dfe Garderobe mit den raffinierten <b data-path-to-node=\"19\" data-index-in-node=\"338\">EVA BLACK Sandaletten<\/b> von <b data-path-to-node=\"19\" data-index-in-node=\"364\">ASH<\/b> auf. Diese m\u00fchelos schicken Schlupfsandalen sind aus geschmeidigem schwarzem Nappaleder gefertigt und werden durch ein wundersch\u00f6n gerafftes, mehrb\u00e4ndiges Obermaterial hervorgehoben, das einen Hauch von volumin\u00f6ser Textur und modernem Flair verleiht.<\/p>\n<p data-path-to-node=\"20\">Ganz im Sinne aktueller Trends verf\u00fcgt die Sandale \u00fcber eine markante, eckige Zehenpartie (Square Toe), die eine moderne Silhouette und eine bequeme Passform bietet. Der elegant geschwungene 2,55-Zoll-Blockabsatz bietet die perfekte H\u00f6he und sorgt gleichzeitig f\u00fcr Stabilit\u00e4t und ganzt\u00e4gigen Komfort. Ausgestattet mit einer strapazierf\u00e4higen Gummisohle sind diese Slip-On-Sandalen das ultimative, vielseitige Schuhwerk, das sich makellos zu allem kombinieren l\u00e4sst, von eleganten Hosen bis hin zu Ihren Lieblings-Abendkleidern.<\/p>\n<ul data-path-to-node=\"21\">\n<li>\n<p data-path-to-node=\"21,0,0\"><b data-path-to-node=\"21,0,0\" data-index-in-node=\"0\">Obermaterial:<\/b> Hochwertiges schwarzes Nappaleder mit gerafftem Design<\/p>\n<\/li>\n<li>\n<p data-path-to-node=\"21,1,0\"><b data-path-to-node=\"21,1,0\" data-index-in-node=\"0\">Stil:<\/b> Slip-On Sandalette mit moderner eckiger Zehenpartie<\/p>\n<\/li>\n<li>\n<p data-path-to-node=\"21,2,0\"><b data-path-to-node=\"21,2,0\" data-index-in-node=\"0\">Absatzh\u00f6he:<\/b> 2,55 Zoll geschwungener Blockabsatz<\/p>\n<\/li>\n<li>\n<p data-path-to-node=\"21,3,0\"><b data-path-to-node=\"21,3,0\" data-index-in-node=\"0\">Futter &amp; Sohle:<\/b> Futter aus 80% Synthetik, 20% Leder mit strapazierf\u00e4higer Gummilaufsohle<\/p>\n<\/li>\n<li>\n<p data-path-to-node=\"21,4,0\"><b data-path-to-node=\"21,4,0\" data-index-in-node=\"0\">Pflege:<\/b> Nur punktuelle Reinigung (Spot clean)<\/p>\n<\/li>\n<\/ul>\n","protected":false},"excerpt":{"rendered":"<p>Werten Sie Ihre zeitgem\u00e4\u00dfe Garderobe mit den raffinierten EVA BLACK Sandaletten von ASH auf. Diese m\u00fchelos schicken Schlupfsandalen sind aus geschmeidigem schwarzem Nappaleder gefertigt und werden durch ein wundersch\u00f6n gerafftes, mehrb\u00e4ndiges Obermaterial hervorgehoben, das einen Hauch von volumin\u00f6ser Textur und modernem Flair verleiht. Ganz im Sinne aktueller Trends verf\u00fcgt die Sandale \u00fcber eine markante, eckige &hellip;<\/p>\n","protected":false},"featured_media":23702,"template":"","meta":[],"product_brand":[391],"product_cat":[333],"product_tag":[],"class_list":{"0":"post-23669","1":"product","2":"type-product","3":"status-publish","4":"has-post-thumbnail","6":"product_brand-ash","7":"product_cat-sandale","9":"first","10":"instock","11":"shipping-taxable","12":"purchasable","13":"product-type-variable","14":"has-default-attributes"},"yoast_head":"<!-- This site is optimized with the Yoast SEO plugin v27.3 - https:\/\/yoast.com\/product\/yoast-seo-wordpress\/ -->\n<title>Schwarze geraffte Leder-Sandaletten mit Blockabsatz - ASH EVA<\/title>\n<meta name=\"robots\" content=\"index, follow, max-snippet:-1, max-image-preview:large, max-video-preview:-1\" \/>\n<link rel=\"canonical\" href=\"https:\/\/www.venisecollection.com\/de\/shop\/women\/sandale\/ash-eva-black\" \/>\n<meta property=\"og:locale\" content=\"de_DE\" \/>\n<meta property=\"og:type\" content=\"article\" \/>\n<meta property=\"og:title\" content=\"Schwarze geraffte Leder-Sandaletten mit Blockabsatz - ASH EVA\" \/>\n<meta property=\"og:description\" content=\"Werten Sie Ihre zeitgem\u00e4\u00dfe Garderobe mit den raffinierten EVA BLACK Sandaletten von ASH auf. Diese m\u00fchelos schicken Schlupfsandalen sind aus geschmeidigem schwarzem Nappaleder gefertigt und werden durch ein wundersch\u00f6n gerafftes, mehrb\u00e4ndiges Obermaterial hervorgehoben, das einen Hauch von volumin\u00f6ser Textur und modernem Flair verleiht. Ganz im Sinne aktueller Trends verf\u00fcgt die Sandale \u00fcber eine markante, eckige &hellip;\" \/>\n<meta property=\"og:url\" content=\"https:\/\/www.venisecollection.com\/de\/shop\/women\/sandale\/ash-eva-black\" \/>\n<meta property=\"og:site_name\" content=\"VENISE COLLECTION\" \/>\n<meta property=\"article:modified_time\" content=\"2026-04-07T15:26:13+00:00\" \/>\n<meta property=\"og:image\" content=\"https:\/\/www.venisecollection.com\/cdn\/image-198-1.webp\" \/>\n\t<meta property=\"og:image:width\" content=\"1280\" \/>\n\t<meta property=\"og:image:height\" content=\"1588\" \/>\n\t<meta property=\"og:image:type\" content=\"image\/webp\" \/>\n<meta name=\"twitter:card\" content=\"summary_large_image\" \/>\n<meta name=\"twitter:label1\" content=\"Gesch\u00e4tzte Lesezeit\" \/>\n\t<meta name=\"twitter:data1\" content=\"1\u00a0Minute\" \/>\n<script type=\"application\/ld+json\" class=\"yoast-schema-graph\">{\"@context\":\"https:\\\/\\\/schema.org\",\"@graph\":[{\"@type\":\"WebPage\",\"@id\":\"https:\\\/\\\/www.venisecollection.com\\\/de\\\/shop\\\/women\\\/sandale\\\/ash-eva-black\",\"url\":\"https:\\\/\\\/www.venisecollection.com\\\/de\\\/shop\\\/women\\\/sandale\\\/ash-eva-black\",\"name\":\"Schwarze geraffte Leder-Sandaletten mit Blockabsatz - ASH EVA\",\"isPartOf\":{\"@id\":\"https:\\\/\\\/www.venisecollection.com\\\/de#website\"},\"primaryImageOfPage\":{\"@id\":\"https:\\\/\\\/www.venisecollection.com\\\/de\\\/shop\\\/women\\\/sandale\\\/ash-eva-black#primaryimage\"},\"image\":{\"@id\":\"https:\\\/\\\/www.venisecollection.com\\\/de\\\/shop\\\/women\\\/sandale\\\/ash-eva-black#primaryimage\"},\"thumbnailUrl\":\"https:\\\/\\\/www.venisecollection.com\\\/cdn\\\/image-198-1.webp\",\"datePublished\":\"2026-04-07T15:15:21+00:00\",\"dateModified\":\"2026-04-07T15:26:13+00:00\",\"breadcrumb\":{\"@id\":\"https:\\\/\\\/www.venisecollection.com\\\/de\\\/shop\\\/women\\\/sandale\\\/ash-eva-black#breadcrumb\"},\"inLanguage\":\"de\",\"potentialAction\":[{\"@type\":\"ReadAction\",\"target\":[\"https:\\\/\\\/www.venisecollection.com\\\/de\\\/shop\\\/women\\\/sandale\\\/ash-eva-black\"]}]},{\"@type\":\"ImageObject\",\"inLanguage\":\"de\",\"@id\":\"https:\\\/\\\/www.venisecollection.com\\\/de\\\/shop\\\/women\\\/sandale\\\/ash-eva-black#primaryimage\",\"url\":\"https:\\\/\\\/www.venisecollection.com\\\/cdn\\\/image-198-1.webp\",\"contentUrl\":\"https:\\\/\\\/www.venisecollection.com\\\/cdn\\\/image-198-1.webp\",\"width\":1280,\"height\":1588},{\"@type\":\"BreadcrumbList\",\"@id\":\"https:\\\/\\\/www.venisecollection.com\\\/de\\\/shop\\\/women\\\/sandale\\\/ash-eva-black#breadcrumb\",\"itemListElement\":[{\"@type\":\"ListItem\",\"position\":1,\"name\":\"Home\",\"item\":\"https:\\\/\\\/www.venisecollection.com\\\/de\\\/shop\"},{\"@type\":\"ListItem\",\"position\":2,\"name\":\"Startseite\",\"item\":\"https:\\\/\\\/www.venisecollection.com\\\/de\\\/shop\"},{\"@type\":\"ListItem\",\"position\":3,\"name\":\"ASH EVA BLACK\"}]},{\"@type\":\"WebSite\",\"@id\":\"https:\\\/\\\/www.venisecollection.com\\\/de#website\",\"url\":\"https:\\\/\\\/www.venisecollection.com\\\/de\",\"name\":\"VENISE COLLECTION\",\"description\":\"\",\"publisher\":{\"@id\":\"https:\\\/\\\/www.venisecollection.com\\\/de#organization\"},\"potentialAction\":[{\"@type\":\"SearchAction\",\"target\":{\"@type\":\"EntryPoint\",\"urlTemplate\":\"https:\\\/\\\/www.venisecollection.com\\\/de?s={search_term_string}\"},\"query-input\":{\"@type\":\"PropertyValueSpecification\",\"valueRequired\":true,\"valueName\":\"search_term_string\"}}],\"inLanguage\":\"de\"},{\"@type\":\"Organization\",\"@id\":\"https:\\\/\\\/www.venisecollection.com\\\/de#organization\",\"name\":\"VENISE COLLECTION\",\"url\":\"https:\\\/\\\/www.venisecollection.com\\\/de\",\"logo\":{\"@type\":\"ImageObject\",\"inLanguage\":\"de\",\"@id\":\"https:\\\/\\\/www.venisecollection.com\\\/de#\\\/schema\\\/logo\\\/image\\\/\",\"url\":\"https:\\\/\\\/www.venisecollection.com\\\/cdn\\\/seo.png\",\"contentUrl\":\"https:\\\/\\\/www.venisecollection.com\\\/cdn\\\/seo.png\",\"width\":1080,\"height\":1080,\"caption\":\"VENISE COLLECTION\"},\"image\":{\"@id\":\"https:\\\/\\\/www.venisecollection.com\\\/de#\\\/schema\\\/logo\\\/image\\\/\"},\"sameAs\":[\"https:\\\/\\\/www.instagram.com\\\/venisecollection\\\/\",\"https:\\\/\\\/fr.pinterest.com\\\/venisecollection\\\/\"]}]}<\/script>\n<!-- \/ Yoast SEO plugin. -->","yoast_head_json":{"title":"Schwarze geraffte Leder-Sandaletten mit Blockabsatz - ASH EVA","robots":{"index":"index","follow":"follow","max-snippet":"max-snippet:-1","max-image-preview":"max-image-preview:large","max-video-preview":"max-video-preview:-1"},"canonical":"https:\/\/www.venisecollection.com\/de\/shop\/women\/sandale\/ash-eva-black","og_locale":"de_DE","og_type":"article","og_title":"Schwarze geraffte Leder-Sandaletten mit Blockabsatz - ASH EVA","og_description":"Werten Sie Ihre zeitgem\u00e4\u00dfe Garderobe mit den raffinierten EVA BLACK Sandaletten von ASH auf. Diese m\u00fchelos schicken Schlupfsandalen sind aus geschmeidigem schwarzem Nappaleder gefertigt und werden durch ein wundersch\u00f6n gerafftes, mehrb\u00e4ndiges Obermaterial hervorgehoben, das einen Hauch von volumin\u00f6ser Textur und modernem Flair verleiht. Ganz im Sinne aktueller Trends verf\u00fcgt die Sandale \u00fcber eine markante, eckige &hellip;","og_url":"https:\/\/www.venisecollection.com\/de\/shop\/women\/sandale\/ash-eva-black","og_site_name":"VENISE COLLECTION","article_modified_time":"2026-04-07T15:26:13+00:00","og_image":[{"width":1280,"height":1588,"url":"https:\/\/www.venisecollection.com\/cdn\/image-198-1.webp","type":"image\/webp"}],"twitter_card":"summary_large_image","twitter_misc":{"Gesch\u00e4tzte Lesezeit":"1\u00a0Minute"},"schema":{"@context":"https:\/\/schema.org","@graph":[{"@type":"WebPage","@id":"https:\/\/www.venisecollection.com\/de\/shop\/women\/sandale\/ash-eva-black","url":"https:\/\/www.venisecollection.com\/de\/shop\/women\/sandale\/ash-eva-black","name":"Schwarze geraffte Leder-Sandaletten mit Blockabsatz - ASH EVA","isPartOf":{"@id":"https:\/\/www.venisecollection.com\/de#website"},"primaryImageOfPage":{"@id":"https:\/\/www.venisecollection.com\/de\/shop\/women\/sandale\/ash-eva-black#primaryimage"},"image":{"@id":"https:\/\/www.venisecollection.com\/de\/shop\/women\/sandale\/ash-eva-black#primaryimage"},"thumbnailUrl":"https:\/\/www.venisecollection.com\/cdn\/image-198-1.webp","datePublished":"2026-04-07T15:15:21+00:00","dateModified":"2026-04-07T15:26:13+00:00","breadcrumb":{"@id":"https:\/\/www.venisecollection.com\/de\/shop\/women\/sandale\/ash-eva-black#breadcrumb"},"inLanguage":"de","potentialAction":[{"@type":"ReadAction","target":["https:\/\/www.venisecollection.com\/de\/shop\/women\/sandale\/ash-eva-black"]}]},{"@type":"ImageObject","inLanguage":"de","@id":"https:\/\/www.venisecollection.com\/de\/shop\/women\/sandale\/ash-eva-black#primaryimage","url":"https:\/\/www.venisecollection.com\/cdn\/image-198-1.webp","contentUrl":"https:\/\/www.venisecollection.com\/cdn\/image-198-1.webp","width":1280,"height":1588},{"@type":"BreadcrumbList","@id":"https:\/\/www.venisecollection.com\/de\/shop\/women\/sandale\/ash-eva-black#breadcrumb","itemListElement":[{"@type":"ListItem","position":1,"name":"Home","item":"https:\/\/www.venisecollection.com\/de\/shop"},{"@type":"ListItem","position":2,"name":"Startseite","item":"https:\/\/www.venisecollection.com\/de\/shop"},{"@type":"ListItem","position":3,"name":"ASH EVA BLACK"}]},{"@type":"WebSite","@id":"https:\/\/www.venisecollection.com\/de#website","url":"https:\/\/www.venisecollection.com\/de","name":"VENISE COLLECTION","description":"","publisher":{"@id":"https:\/\/www.venisecollection.com\/de#organization"},"potentialAction":[{"@type":"SearchAction","target":{"@type":"EntryPoint","urlTemplate":"https:\/\/www.venisecollection.com\/de?s={search_term_string}"},"query-input":{"@type":"PropertyValueSpecification","valueRequired":true,"valueName":"search_term_string"}}],"inLanguage":"de"},{"@type":"Organization","@id":"https:\/\/www.venisecollection.com\/de#organization","name":"VENISE COLLECTION","url":"https:\/\/www.venisecollection.com\/de","logo":{"@type":"ImageObject","inLanguage":"de","@id":"https:\/\/www.venisecollection.com\/de#\/schema\/logo\/image\/","url":"https:\/\/www.venisecollection.com\/cdn\/seo.png","contentUrl":"https:\/\/www.venisecollection.com\/cdn\/seo.png","width":1080,"height":1080,"caption":"VENISE COLLECTION"},"image":{"@id":"https:\/\/www.venisecollection.com\/de#\/schema\/logo\/image\/"},"sameAs":["https:\/\/www.instagram.com\/venisecollection\/","https:\/\/fr.pinterest.com\/venisecollection\/"]}]}},"_links":{"self":[{"href":"https:\/\/www.venisecollection.com\/de\/wp-json\/wp\/v2\/product\/23669","targetHints":{"allow":["GET"]}}],"collection":[{"href":"https:\/\/www.venisecollection.com\/de\/wp-json\/wp\/v2\/product"}],"about":[{"href":"https:\/\/www.venisecollection.com\/de\/wp-json\/wp\/v2\/types\/product"}],"wp:featuredmedia":[{"embeddable":true,"href":"https:\/\/www.venisecollection.com\/de\/wp-json\/wp\/v2\/media\/23702"}],"wp:attachment":[{"href":"https:\/\/www.venisecollection.com\/de\/wp-json\/wp\/v2\/media?parent=23669"}],"wp:term":[{"taxonomy":"product_brand","embeddable":true,"href":"https:\/\/www.venisecollection.com\/de\/wp-json\/wp\/v2\/product_brand?post=23669"},{"taxonomy":"product_cat","embeddable":true,"href":"https:\/\/www.venisecollection.com\/de\/wp-json\/wp\/v2\/product_cat?post=23669"},{"taxonomy":"product_tag","embeddable":true,"href":"https:\/\/www.venisecollection.com\/de\/wp-json\/wp\/v2\/product_tag?post=23669"}],"curies":[{"name":"wp","href":"https:\/\/api.w.org\/{rel}","templated":true}]}}