{"id":23926,"date":"2026-04-13T15:20:24","date_gmt":"2026-04-13T15:20:24","guid":{"rendered":"https:\/\/www.venisecollection.com\/?post_type=product&#038;p=23926"},"modified":"2026-04-13T15:47:34","modified_gmt":"2026-04-13T15:47:34","slug":"955z00hg-black-myna-sandal","status":"publish","type":"product","link":"https:\/\/www.venisecollection.com\/de\/shop\/women\/sandale\/955z00hg-black-myna-sandal","title":{"rendered":"955Z00HG Black MYNA SANDAL"},"content":{"rendered":"<p data-path-to-node=\"18\">Werten Sie Ihren Abendlook mit der raffinierten <b data-path-to-node=\"18\" data-index-in-node=\"305\">MYNA SANDAL<\/b> der Marke <b data-path-to-node=\"18\" data-index-in-node=\"327\">BIBILOU<\/b> auf. Diese eleganten Sandaletten sind aus hochwertigem schwarzem Leder gefertigt und sorgen f\u00fcr einen unvergesslichen, glamour\u00f6sen Auftritt bei jedem besonderen Anlass. Das herausragende Merkmal ist das aufsehenerregende Riemchendesign, das vollst\u00e4ndig mit funkelnden Mikrokristallen und Strasssteinen verziert ist, die sich in einem schicken zentralen Knoten treffen.<\/p>\n<p data-path-to-node=\"19\">Diese schillernde Verzierung bildet einen luxuri\u00f6sen Kontrast zur glatten schwarzen Lederbasis. Auf einem stabilen und bequemen Blockabsatz stehend, bieten sie optimalen Halt f\u00fcr die ganze Nacht. Der verstellbare Kn\u00f6chelriemen, veredelt mit einer dunklen Metallschnalle, garantiert einen sicheren und individuellen Sitz. Diese strahlenden Abs\u00e4tze sind die ultimative Wahl, um Ihre elegante Abendgarderobe abzurunden.<\/p>\n<ul data-path-to-node=\"20\">\n<li>\n<p data-path-to-node=\"20,0,0\"><b data-path-to-node=\"20,0,0\" data-index-in-node=\"0\">Basismaterial:<\/b> Hochwertiges schwarzes Leder<\/p>\n<\/li>\n<li>\n<p data-path-to-node=\"20,1,0\"><b data-path-to-node=\"20,1,0\" data-index-in-node=\"0\">Marke:<\/b> BIBILOU<\/p>\n<\/li>\n<li>\n<p data-path-to-node=\"20,2,0\"><b data-path-to-node=\"20,2,0\" data-index-in-node=\"0\">Design-Details:<\/b> Mit funkelndem Strass verzierte Riemchen und zentraler Knoten<\/p>\n<\/li>\n<li>\n<p data-path-to-node=\"20,3,0\"><b data-path-to-node=\"20,3,0\" data-index-in-node=\"0\">Absatz:<\/b> Bequemer und stabiler Blockabsatz<\/p>\n<\/li>\n<li>\n<p data-path-to-node=\"20,4,0\"><b data-path-to-node=\"20,4,0\" data-index-in-node=\"0\">Verschluss:<\/b> Verstellbarer Kn\u00f6chelriemen mit Schnalle<\/p>\n<\/li>\n<\/ul>\n","protected":false},"excerpt":{"rendered":"<p>Werten Sie Ihren Abendlook mit der raffinierten MYNA SANDAL der Marke BIBILOU auf. Diese eleganten Sandaletten sind aus hochwertigem schwarzem Leder gefertigt und sorgen f\u00fcr einen unvergesslichen, glamour\u00f6sen Auftritt bei jedem besonderen Anlass. Das herausragende Merkmal ist das aufsehenerregende Riemchendesign, das vollst\u00e4ndig mit funkelnden Mikrokristallen und Strasssteinen verziert ist, die sich in einem schicken zentralen &hellip;<\/p>\n","protected":false},"featured_media":23959,"template":"","meta":[],"product_brand":[395],"product_cat":[333],"product_tag":[],"class_list":{"0":"post-23926","1":"product","2":"type-product","3":"status-publish","4":"has-post-thumbnail","6":"product_brand-bibilou","7":"product_cat-sandale","9":"first","10":"instock","11":"shipping-taxable","12":"purchasable","13":"product-type-variable","14":"has-default-attributes"},"yoast_head":"<!-- This site is optimized with the Yoast SEO plugin v27.4 - https:\/\/yoast.com\/product\/yoast-seo-wordpress\/ -->\n<title>Schwarze Leder-Sandaletten mit Strass - BIBILOU MYNA SANDAL<\/title>\n<meta name=\"robots\" content=\"index, follow, max-snippet:-1, max-image-preview:large, max-video-preview:-1\" \/>\n<link rel=\"canonical\" href=\"https:\/\/www.venisecollection.com\/de\/shop\/women\/sandale\/955z00hg-black-myna-sandal\" \/>\n<meta property=\"og:locale\" content=\"de_DE\" \/>\n<meta property=\"og:type\" content=\"article\" \/>\n<meta property=\"og:title\" content=\"Schwarze Leder-Sandaletten mit Strass - BIBILOU MYNA SANDAL\" \/>\n<meta property=\"og:description\" content=\"Werten Sie Ihren Abendlook mit der raffinierten MYNA SANDAL der Marke BIBILOU auf. Diese eleganten Sandaletten sind aus hochwertigem schwarzem Leder gefertigt und sorgen f\u00fcr einen unvergesslichen, glamour\u00f6sen Auftritt bei jedem besonderen Anlass. Das herausragende Merkmal ist das aufsehenerregende Riemchendesign, das vollst\u00e4ndig mit funkelnden Mikrokristallen und Strasssteinen verziert ist, die sich in einem schicken zentralen &hellip;\" \/>\n<meta property=\"og:url\" content=\"https:\/\/www.venisecollection.com\/de\/shop\/women\/sandale\/955z00hg-black-myna-sandal\" \/>\n<meta property=\"og:site_name\" content=\"VENISE COLLECTION\" \/>\n<meta property=\"article:modified_time\" content=\"2026-04-13T15:47:34+00:00\" \/>\n<meta property=\"og:image\" content=\"https:\/\/www.venisecollection.com\/cdn\/image-208-1.webp\" \/>\n\t<meta property=\"og:image:width\" content=\"1280\" \/>\n\t<meta property=\"og:image:height\" content=\"1588\" \/>\n\t<meta property=\"og:image:type\" content=\"image\/webp\" \/>\n<meta name=\"twitter:card\" content=\"summary_large_image\" \/>\n<meta name=\"twitter:label1\" content=\"Gesch\u00e4tzte Lesezeit\" \/>\n\t<meta name=\"twitter:data1\" content=\"1\u00a0Minute\" \/>\n<script type=\"application\/ld+json\" class=\"yoast-schema-graph\">{\"@context\":\"https:\\\/\\\/schema.org\",\"@graph\":[{\"@type\":\"WebPage\",\"@id\":\"https:\\\/\\\/www.venisecollection.com\\\/de\\\/shop\\\/women\\\/sandale\\\/955z00hg-black-myna-sandal\",\"url\":\"https:\\\/\\\/www.venisecollection.com\\\/de\\\/shop\\\/women\\\/sandale\\\/955z00hg-black-myna-sandal\",\"name\":\"Schwarze Leder-Sandaletten mit Strass - BIBILOU MYNA SANDAL\",\"isPartOf\":{\"@id\":\"https:\\\/\\\/www.venisecollection.com\\\/de#website\"},\"primaryImageOfPage\":{\"@id\":\"https:\\\/\\\/www.venisecollection.com\\\/de\\\/shop\\\/women\\\/sandale\\\/955z00hg-black-myna-sandal#primaryimage\"},\"image\":{\"@id\":\"https:\\\/\\\/www.venisecollection.com\\\/de\\\/shop\\\/women\\\/sandale\\\/955z00hg-black-myna-sandal#primaryimage\"},\"thumbnailUrl\":\"https:\\\/\\\/www.venisecollection.com\\\/cdn\\\/image-208-1.webp\",\"datePublished\":\"2026-04-13T15:20:24+00:00\",\"dateModified\":\"2026-04-13T15:47:34+00:00\",\"breadcrumb\":{\"@id\":\"https:\\\/\\\/www.venisecollection.com\\\/de\\\/shop\\\/women\\\/sandale\\\/955z00hg-black-myna-sandal#breadcrumb\"},\"inLanguage\":\"de\",\"potentialAction\":[{\"@type\":\"ReadAction\",\"target\":[\"https:\\\/\\\/www.venisecollection.com\\\/de\\\/shop\\\/women\\\/sandale\\\/955z00hg-black-myna-sandal\"]}]},{\"@type\":\"ImageObject\",\"inLanguage\":\"de\",\"@id\":\"https:\\\/\\\/www.venisecollection.com\\\/de\\\/shop\\\/women\\\/sandale\\\/955z00hg-black-myna-sandal#primaryimage\",\"url\":\"https:\\\/\\\/www.venisecollection.com\\\/cdn\\\/image-208-1.webp\",\"contentUrl\":\"https:\\\/\\\/www.venisecollection.com\\\/cdn\\\/image-208-1.webp\",\"width\":1280,\"height\":1588},{\"@type\":\"BreadcrumbList\",\"@id\":\"https:\\\/\\\/www.venisecollection.com\\\/de\\\/shop\\\/women\\\/sandale\\\/955z00hg-black-myna-sandal#breadcrumb\",\"itemListElement\":[{\"@type\":\"ListItem\",\"position\":1,\"name\":\"Home\",\"item\":\"https:\\\/\\\/www.venisecollection.com\\\/de\\\/shop\"},{\"@type\":\"ListItem\",\"position\":2,\"name\":\"Startseite\",\"item\":\"https:\\\/\\\/www.venisecollection.com\\\/de\\\/shop\"},{\"@type\":\"ListItem\",\"position\":3,\"name\":\"955Z00HG Black MYNA SANDAL\"}]},{\"@type\":\"WebSite\",\"@id\":\"https:\\\/\\\/www.venisecollection.com\\\/de#website\",\"url\":\"https:\\\/\\\/www.venisecollection.com\\\/de\",\"name\":\"VENISE COLLECTION\",\"description\":\"\",\"publisher\":{\"@id\":\"https:\\\/\\\/www.venisecollection.com\\\/de#organization\"},\"potentialAction\":[{\"@type\":\"SearchAction\",\"target\":{\"@type\":\"EntryPoint\",\"urlTemplate\":\"https:\\\/\\\/www.venisecollection.com\\\/de?s={search_term_string}\"},\"query-input\":{\"@type\":\"PropertyValueSpecification\",\"valueRequired\":true,\"valueName\":\"search_term_string\"}}],\"inLanguage\":\"de\"},{\"@type\":\"Organization\",\"@id\":\"https:\\\/\\\/www.venisecollection.com\\\/de#organization\",\"name\":\"VENISE COLLECTION\",\"url\":\"https:\\\/\\\/www.venisecollection.com\\\/de\",\"logo\":{\"@type\":\"ImageObject\",\"inLanguage\":\"de\",\"@id\":\"https:\\\/\\\/www.venisecollection.com\\\/de#\\\/schema\\\/logo\\\/image\\\/\",\"url\":\"https:\\\/\\\/www.venisecollection.com\\\/cdn\\\/seo.png\",\"contentUrl\":\"https:\\\/\\\/www.venisecollection.com\\\/cdn\\\/seo.png\",\"width\":1080,\"height\":1080,\"caption\":\"VENISE COLLECTION\"},\"image\":{\"@id\":\"https:\\\/\\\/www.venisecollection.com\\\/de#\\\/schema\\\/logo\\\/image\\\/\"},\"sameAs\":[\"https:\\\/\\\/www.instagram.com\\\/venisecollection\\\/\",\"https:\\\/\\\/fr.pinterest.com\\\/venisecollection\\\/\"]}]}<\/script>\n<!-- \/ Yoast SEO plugin. -->","yoast_head_json":{"title":"Schwarze Leder-Sandaletten mit Strass - BIBILOU MYNA SANDAL","robots":{"index":"index","follow":"follow","max-snippet":"max-snippet:-1","max-image-preview":"max-image-preview:large","max-video-preview":"max-video-preview:-1"},"canonical":"https:\/\/www.venisecollection.com\/de\/shop\/women\/sandale\/955z00hg-black-myna-sandal","og_locale":"de_DE","og_type":"article","og_title":"Schwarze Leder-Sandaletten mit Strass - BIBILOU MYNA SANDAL","og_description":"Werten Sie Ihren Abendlook mit der raffinierten MYNA SANDAL der Marke BIBILOU auf. Diese eleganten Sandaletten sind aus hochwertigem schwarzem Leder gefertigt und sorgen f\u00fcr einen unvergesslichen, glamour\u00f6sen Auftritt bei jedem besonderen Anlass. Das herausragende Merkmal ist das aufsehenerregende Riemchendesign, das vollst\u00e4ndig mit funkelnden Mikrokristallen und Strasssteinen verziert ist, die sich in einem schicken zentralen &hellip;","og_url":"https:\/\/www.venisecollection.com\/de\/shop\/women\/sandale\/955z00hg-black-myna-sandal","og_site_name":"VENISE COLLECTION","article_modified_time":"2026-04-13T15:47:34+00:00","og_image":[{"width":1280,"height":1588,"url":"https:\/\/www.venisecollection.com\/cdn\/image-208-1.webp","type":"image\/webp"}],"twitter_card":"summary_large_image","twitter_misc":{"Gesch\u00e4tzte Lesezeit":"1\u00a0Minute"},"schema":{"@context":"https:\/\/schema.org","@graph":[{"@type":"WebPage","@id":"https:\/\/www.venisecollection.com\/de\/shop\/women\/sandale\/955z00hg-black-myna-sandal","url":"https:\/\/www.venisecollection.com\/de\/shop\/women\/sandale\/955z00hg-black-myna-sandal","name":"Schwarze Leder-Sandaletten mit Strass - BIBILOU MYNA SANDAL","isPartOf":{"@id":"https:\/\/www.venisecollection.com\/de#website"},"primaryImageOfPage":{"@id":"https:\/\/www.venisecollection.com\/de\/shop\/women\/sandale\/955z00hg-black-myna-sandal#primaryimage"},"image":{"@id":"https:\/\/www.venisecollection.com\/de\/shop\/women\/sandale\/955z00hg-black-myna-sandal#primaryimage"},"thumbnailUrl":"https:\/\/www.venisecollection.com\/cdn\/image-208-1.webp","datePublished":"2026-04-13T15:20:24+00:00","dateModified":"2026-04-13T15:47:34+00:00","breadcrumb":{"@id":"https:\/\/www.venisecollection.com\/de\/shop\/women\/sandale\/955z00hg-black-myna-sandal#breadcrumb"},"inLanguage":"de","potentialAction":[{"@type":"ReadAction","target":["https:\/\/www.venisecollection.com\/de\/shop\/women\/sandale\/955z00hg-black-myna-sandal"]}]},{"@type":"ImageObject","inLanguage":"de","@id":"https:\/\/www.venisecollection.com\/de\/shop\/women\/sandale\/955z00hg-black-myna-sandal#primaryimage","url":"https:\/\/www.venisecollection.com\/cdn\/image-208-1.webp","contentUrl":"https:\/\/www.venisecollection.com\/cdn\/image-208-1.webp","width":1280,"height":1588},{"@type":"BreadcrumbList","@id":"https:\/\/www.venisecollection.com\/de\/shop\/women\/sandale\/955z00hg-black-myna-sandal#breadcrumb","itemListElement":[{"@type":"ListItem","position":1,"name":"Home","item":"https:\/\/www.venisecollection.com\/de\/shop"},{"@type":"ListItem","position":2,"name":"Startseite","item":"https:\/\/www.venisecollection.com\/de\/shop"},{"@type":"ListItem","position":3,"name":"955Z00HG Black MYNA SANDAL"}]},{"@type":"WebSite","@id":"https:\/\/www.venisecollection.com\/de#website","url":"https:\/\/www.venisecollection.com\/de","name":"VENISE COLLECTION","description":"","publisher":{"@id":"https:\/\/www.venisecollection.com\/de#organization"},"potentialAction":[{"@type":"SearchAction","target":{"@type":"EntryPoint","urlTemplate":"https:\/\/www.venisecollection.com\/de?s={search_term_string}"},"query-input":{"@type":"PropertyValueSpecification","valueRequired":true,"valueName":"search_term_string"}}],"inLanguage":"de"},{"@type":"Organization","@id":"https:\/\/www.venisecollection.com\/de#organization","name":"VENISE COLLECTION","url":"https:\/\/www.venisecollection.com\/de","logo":{"@type":"ImageObject","inLanguage":"de","@id":"https:\/\/www.venisecollection.com\/de#\/schema\/logo\/image\/","url":"https:\/\/www.venisecollection.com\/cdn\/seo.png","contentUrl":"https:\/\/www.venisecollection.com\/cdn\/seo.png","width":1080,"height":1080,"caption":"VENISE COLLECTION"},"image":{"@id":"https:\/\/www.venisecollection.com\/de#\/schema\/logo\/image\/"},"sameAs":["https:\/\/www.instagram.com\/venisecollection\/","https:\/\/fr.pinterest.com\/venisecollection\/"]}]}},"_links":{"self":[{"href":"https:\/\/www.venisecollection.com\/de\/wp-json\/wp\/v2\/product\/23926","targetHints":{"allow":["GET"]}}],"collection":[{"href":"https:\/\/www.venisecollection.com\/de\/wp-json\/wp\/v2\/product"}],"about":[{"href":"https:\/\/www.venisecollection.com\/de\/wp-json\/wp\/v2\/types\/product"}],"wp:featuredmedia":[{"embeddable":true,"href":"https:\/\/www.venisecollection.com\/de\/wp-json\/wp\/v2\/media\/23959"}],"wp:attachment":[{"href":"https:\/\/www.venisecollection.com\/de\/wp-json\/wp\/v2\/media?parent=23926"}],"wp:term":[{"taxonomy":"product_brand","embeddable":true,"href":"https:\/\/www.venisecollection.com\/de\/wp-json\/wp\/v2\/product_brand?post=23926"},{"taxonomy":"product_cat","embeddable":true,"href":"https:\/\/www.venisecollection.com\/de\/wp-json\/wp\/v2\/product_cat?post=23926"},{"taxonomy":"product_tag","embeddable":true,"href":"https:\/\/www.venisecollection.com\/de\/wp-json\/wp\/v2\/product_tag?post=23926"}],"curies":[{"name":"wp","href":"https:\/\/api.w.org\/{rel}","templated":true}]}}