{"id":23996,"date":"2026-04-13T17:40:53","date_gmt":"2026-04-13T17:40:53","guid":{"rendered":"https:\/\/www.venisecollection.com\/?post_type=product&#038;p=23996"},"modified":"2026-04-13T17:46:32","modified_gmt":"2026-04-13T17:46:32","slug":"054-camoscio-t-moro","status":"publish","type":"product","link":"https:\/\/www.venisecollection.com\/de\/shop\/women\/sandale\/054-camoscio-t-moro","title":{"rendered":"054 CAMOSCIO T.MORO"},"content":{"rendered":"<p data-path-to-node=\"19\">Erleben Sie k\u00fcnstlerische Eleganz mit den <b data-path-to-node=\"19\" data-index-in-node=\"327\">Boho Pantoletten mit Webmuster<\/b> von <b data-path-to-node=\"19\" data-index-in-node=\"362\">VENISE COLLECTION<\/b>. Diese stolz in <b data-path-to-node=\"19\" data-index-in-node=\"396\">Italien gefertigten<\/b> (Made in Italy) Schlupfschuhe, offiziell als <b data-path-to-node=\"19\" data-index-in-node=\"461\">Modell 054 CAMOSCIO T.MORO<\/b> bezeichnet, sind ein Meisterwerk aus vintage-inspiriertem Design und Komfort. Das auff\u00e4llige Obermaterial besteht aus einem reichhaltigen, strukturierten Webstoff mit einem geometrischen Retro-Rautenmuster, das wundersch\u00f6n Lilat\u00f6ne, Senfgelb und Braun kombiniert.<\/p>\n<p data-path-to-node=\"20\">Das Fu\u00dfbett ist f\u00fcr erstklassigen Komfort aus echtem, dunkelbraunem Wildleder (Camoscio T.Moro) gefertigt und bietet eine weiche, atmungsaktive Basis f\u00fcr Ihre F\u00fc\u00dfe. Abgerundet wird diese Boh\u00e8me-Silhouette durch einen stabilen, niedrigen Blockabsatz in Holzoptik, der von klassischen Clog-Designs inspiriert ist und hervorragende Stabilit\u00e4t sowie rustikalen Charme bietet. Diese m\u00fchelosen Pantoletten sind das perfekte Statement-Piece.<\/p>\n<ul data-path-to-node=\"21\">\n<li>\n<p data-path-to-node=\"21,0,0\"><b data-path-to-node=\"21,0,0\" data-index-in-node=\"0\">Herkunft:<\/b> Hergestellt in Italien (Made in Italy)<\/p>\n<\/li>\n<li>\n<p data-path-to-node=\"21,1,0\"><b data-path-to-node=\"21,1,0\" data-index-in-node=\"0\">Modellname:<\/b> 054 CAMOSCIO T.MORO<\/p>\n<\/li>\n<li>\n<p data-path-to-node=\"21,2,0\"><b data-path-to-node=\"21,2,0\" data-index-in-node=\"0\">Stil:<\/b> Boho Schlupf-Pantolette \/ Clog-Stil<\/p>\n<\/li>\n<li>\n<p data-path-to-node=\"21,3,0\"><b data-path-to-node=\"21,3,0\" data-index-in-node=\"0\">Obermaterial:<\/b> Strukturierter Webstoff mit geometrischem Muster<\/p>\n<\/li>\n<li>\n<p data-path-to-node=\"21,4,0\"><b data-path-to-node=\"21,4,0\" data-index-in-node=\"0\">Fu\u00dfbett:<\/b> Echtes dunkelbraunes Wildleder<\/p>\n<\/li>\n<li>\n<p data-path-to-node=\"21,5,0\"><b data-path-to-node=\"21,5,0\" data-index-in-node=\"0\">Sohle\/Absatz:<\/b> Niedriger Blockabsatz in Holzoptik<\/p>\n<\/li>\n<\/ul>\n","protected":false},"excerpt":{"rendered":"<p>Erleben Sie k\u00fcnstlerische Eleganz mit den Boho Pantoletten mit Webmuster von VENISE COLLECTION. Diese stolz in Italien gefertigten (Made in Italy) Schlupfschuhe, offiziell als Modell 054 CAMOSCIO T.MORO bezeichnet, sind ein Meisterwerk aus vintage-inspiriertem Design und Komfort. Das auff\u00e4llige Obermaterial besteht aus einem reichhaltigen, strukturierten Webstoff mit einem geometrischen Retro-Rautenmuster, das wundersch\u00f6n Lilat\u00f6ne, Senfgelb und &hellip;<\/p>\n","protected":false},"featured_media":24024,"template":"","meta":[],"product_brand":[357],"product_cat":[333],"product_tag":[],"class_list":{"0":"post-23996","1":"product","2":"type-product","3":"status-publish","4":"has-post-thumbnail","6":"product_brand-venise-collection","7":"product_cat-sandale","9":"first","10":"instock","11":"shipping-taxable","12":"purchasable","13":"product-type-variable","14":"has-default-attributes"},"yoast_head":"<!-- This site is optimized with the Yoast SEO plugin v27.4 - https:\/\/yoast.com\/product\/yoast-seo-wordpress\/ -->\n<title>Boho Pantoletten mit Webmuster in Lila - Made in Italy<\/title>\n<meta name=\"robots\" content=\"index, follow, max-snippet:-1, max-image-preview:large, max-video-preview:-1\" \/>\n<link rel=\"canonical\" href=\"https:\/\/www.venisecollection.com\/de\/shop\/women\/sandale\/054-camoscio-t-moro\" \/>\n<meta property=\"og:locale\" content=\"de_DE\" \/>\n<meta property=\"og:type\" content=\"article\" \/>\n<meta property=\"og:title\" content=\"Boho Pantoletten mit Webmuster in Lila - Made in Italy\" \/>\n<meta property=\"og:description\" content=\"Erleben Sie k\u00fcnstlerische Eleganz mit den Boho Pantoletten mit Webmuster von VENISE COLLECTION. Diese stolz in Italien gefertigten (Made in Italy) Schlupfschuhe, offiziell als Modell 054 CAMOSCIO T.MORO bezeichnet, sind ein Meisterwerk aus vintage-inspiriertem Design und Komfort. Das auff\u00e4llige Obermaterial besteht aus einem reichhaltigen, strukturierten Webstoff mit einem geometrischen Retro-Rautenmuster, das wundersch\u00f6n Lilat\u00f6ne, Senfgelb und &hellip;\" \/>\n<meta property=\"og:url\" content=\"https:\/\/www.venisecollection.com\/de\/shop\/women\/sandale\/054-camoscio-t-moro\" \/>\n<meta property=\"og:site_name\" content=\"VENISE COLLECTION\" \/>\n<meta property=\"article:modified_time\" content=\"2026-04-13T17:46:32+00:00\" \/>\n<meta property=\"og:image\" content=\"https:\/\/www.venisecollection.com\/cdn\/image-213.webp\" \/>\n\t<meta property=\"og:image:width\" content=\"1280\" \/>\n\t<meta property=\"og:image:height\" content=\"1588\" \/>\n\t<meta property=\"og:image:type\" content=\"image\/webp\" \/>\n<meta name=\"twitter:card\" content=\"summary_large_image\" \/>\n<meta name=\"twitter:label1\" content=\"Gesch\u00e4tzte Lesezeit\" \/>\n\t<meta name=\"twitter:data1\" content=\"1\u00a0Minute\" \/>\n<script type=\"application\/ld+json\" class=\"yoast-schema-graph\">{\"@context\":\"https:\\\/\\\/schema.org\",\"@graph\":[{\"@type\":\"WebPage\",\"@id\":\"https:\\\/\\\/www.venisecollection.com\\\/de\\\/shop\\\/women\\\/sandale\\\/054-camoscio-t-moro\",\"url\":\"https:\\\/\\\/www.venisecollection.com\\\/de\\\/shop\\\/women\\\/sandale\\\/054-camoscio-t-moro\",\"name\":\"Boho Pantoletten mit Webmuster in Lila - Made in Italy\",\"isPartOf\":{\"@id\":\"https:\\\/\\\/www.venisecollection.com\\\/de#website\"},\"primaryImageOfPage\":{\"@id\":\"https:\\\/\\\/www.venisecollection.com\\\/de\\\/shop\\\/women\\\/sandale\\\/054-camoscio-t-moro#primaryimage\"},\"image\":{\"@id\":\"https:\\\/\\\/www.venisecollection.com\\\/de\\\/shop\\\/women\\\/sandale\\\/054-camoscio-t-moro#primaryimage\"},\"thumbnailUrl\":\"https:\\\/\\\/www.venisecollection.com\\\/cdn\\\/image-213.webp\",\"datePublished\":\"2026-04-13T17:40:53+00:00\",\"dateModified\":\"2026-04-13T17:46:32+00:00\",\"breadcrumb\":{\"@id\":\"https:\\\/\\\/www.venisecollection.com\\\/de\\\/shop\\\/women\\\/sandale\\\/054-camoscio-t-moro#breadcrumb\"},\"inLanguage\":\"de\",\"potentialAction\":[{\"@type\":\"ReadAction\",\"target\":[\"https:\\\/\\\/www.venisecollection.com\\\/de\\\/shop\\\/women\\\/sandale\\\/054-camoscio-t-moro\"]}]},{\"@type\":\"ImageObject\",\"inLanguage\":\"de\",\"@id\":\"https:\\\/\\\/www.venisecollection.com\\\/de\\\/shop\\\/women\\\/sandale\\\/054-camoscio-t-moro#primaryimage\",\"url\":\"https:\\\/\\\/www.venisecollection.com\\\/cdn\\\/image-213.webp\",\"contentUrl\":\"https:\\\/\\\/www.venisecollection.com\\\/cdn\\\/image-213.webp\",\"width\":1280,\"height\":1588},{\"@type\":\"BreadcrumbList\",\"@id\":\"https:\\\/\\\/www.venisecollection.com\\\/de\\\/shop\\\/women\\\/sandale\\\/054-camoscio-t-moro#breadcrumb\",\"itemListElement\":[{\"@type\":\"ListItem\",\"position\":1,\"name\":\"Home\",\"item\":\"https:\\\/\\\/www.venisecollection.com\\\/de\\\/shop\"},{\"@type\":\"ListItem\",\"position\":2,\"name\":\"Startseite\",\"item\":\"https:\\\/\\\/www.venisecollection.com\\\/de\\\/shop\"},{\"@type\":\"ListItem\",\"position\":3,\"name\":\"054 CAMOSCIO T.MORO\"}]},{\"@type\":\"WebSite\",\"@id\":\"https:\\\/\\\/www.venisecollection.com\\\/de#website\",\"url\":\"https:\\\/\\\/www.venisecollection.com\\\/de\",\"name\":\"VENISE COLLECTION\",\"description\":\"\",\"publisher\":{\"@id\":\"https:\\\/\\\/www.venisecollection.com\\\/de#organization\"},\"potentialAction\":[{\"@type\":\"SearchAction\",\"target\":{\"@type\":\"EntryPoint\",\"urlTemplate\":\"https:\\\/\\\/www.venisecollection.com\\\/de?s={search_term_string}\"},\"query-input\":{\"@type\":\"PropertyValueSpecification\",\"valueRequired\":true,\"valueName\":\"search_term_string\"}}],\"inLanguage\":\"de\"},{\"@type\":\"Organization\",\"@id\":\"https:\\\/\\\/www.venisecollection.com\\\/de#organization\",\"name\":\"VENISE COLLECTION\",\"url\":\"https:\\\/\\\/www.venisecollection.com\\\/de\",\"logo\":{\"@type\":\"ImageObject\",\"inLanguage\":\"de\",\"@id\":\"https:\\\/\\\/www.venisecollection.com\\\/de#\\\/schema\\\/logo\\\/image\\\/\",\"url\":\"https:\\\/\\\/www.venisecollection.com\\\/cdn\\\/seo.png\",\"contentUrl\":\"https:\\\/\\\/www.venisecollection.com\\\/cdn\\\/seo.png\",\"width\":1080,\"height\":1080,\"caption\":\"VENISE COLLECTION\"},\"image\":{\"@id\":\"https:\\\/\\\/www.venisecollection.com\\\/de#\\\/schema\\\/logo\\\/image\\\/\"},\"sameAs\":[\"https:\\\/\\\/www.instagram.com\\\/venisecollection\\\/\",\"https:\\\/\\\/fr.pinterest.com\\\/venisecollection\\\/\"]}]}<\/script>\n<!-- \/ Yoast SEO plugin. -->","yoast_head_json":{"title":"Boho Pantoletten mit Webmuster in Lila - Made in Italy","robots":{"index":"index","follow":"follow","max-snippet":"max-snippet:-1","max-image-preview":"max-image-preview:large","max-video-preview":"max-video-preview:-1"},"canonical":"https:\/\/www.venisecollection.com\/de\/shop\/women\/sandale\/054-camoscio-t-moro","og_locale":"de_DE","og_type":"article","og_title":"Boho Pantoletten mit Webmuster in Lila - Made in Italy","og_description":"Erleben Sie k\u00fcnstlerische Eleganz mit den Boho Pantoletten mit Webmuster von VENISE COLLECTION. Diese stolz in Italien gefertigten (Made in Italy) Schlupfschuhe, offiziell als Modell 054 CAMOSCIO T.MORO bezeichnet, sind ein Meisterwerk aus vintage-inspiriertem Design und Komfort. Das auff\u00e4llige Obermaterial besteht aus einem reichhaltigen, strukturierten Webstoff mit einem geometrischen Retro-Rautenmuster, das wundersch\u00f6n Lilat\u00f6ne, Senfgelb und &hellip;","og_url":"https:\/\/www.venisecollection.com\/de\/shop\/women\/sandale\/054-camoscio-t-moro","og_site_name":"VENISE COLLECTION","article_modified_time":"2026-04-13T17:46:32+00:00","og_image":[{"width":1280,"height":1588,"url":"https:\/\/www.venisecollection.com\/cdn\/image-213.webp","type":"image\/webp"}],"twitter_card":"summary_large_image","twitter_misc":{"Gesch\u00e4tzte Lesezeit":"1\u00a0Minute"},"schema":{"@context":"https:\/\/schema.org","@graph":[{"@type":"WebPage","@id":"https:\/\/www.venisecollection.com\/de\/shop\/women\/sandale\/054-camoscio-t-moro","url":"https:\/\/www.venisecollection.com\/de\/shop\/women\/sandale\/054-camoscio-t-moro","name":"Boho Pantoletten mit Webmuster in Lila - Made in Italy","isPartOf":{"@id":"https:\/\/www.venisecollection.com\/de#website"},"primaryImageOfPage":{"@id":"https:\/\/www.venisecollection.com\/de\/shop\/women\/sandale\/054-camoscio-t-moro#primaryimage"},"image":{"@id":"https:\/\/www.venisecollection.com\/de\/shop\/women\/sandale\/054-camoscio-t-moro#primaryimage"},"thumbnailUrl":"https:\/\/www.venisecollection.com\/cdn\/image-213.webp","datePublished":"2026-04-13T17:40:53+00:00","dateModified":"2026-04-13T17:46:32+00:00","breadcrumb":{"@id":"https:\/\/www.venisecollection.com\/de\/shop\/women\/sandale\/054-camoscio-t-moro#breadcrumb"},"inLanguage":"de","potentialAction":[{"@type":"ReadAction","target":["https:\/\/www.venisecollection.com\/de\/shop\/women\/sandale\/054-camoscio-t-moro"]}]},{"@type":"ImageObject","inLanguage":"de","@id":"https:\/\/www.venisecollection.com\/de\/shop\/women\/sandale\/054-camoscio-t-moro#primaryimage","url":"https:\/\/www.venisecollection.com\/cdn\/image-213.webp","contentUrl":"https:\/\/www.venisecollection.com\/cdn\/image-213.webp","width":1280,"height":1588},{"@type":"BreadcrumbList","@id":"https:\/\/www.venisecollection.com\/de\/shop\/women\/sandale\/054-camoscio-t-moro#breadcrumb","itemListElement":[{"@type":"ListItem","position":1,"name":"Home","item":"https:\/\/www.venisecollection.com\/de\/shop"},{"@type":"ListItem","position":2,"name":"Startseite","item":"https:\/\/www.venisecollection.com\/de\/shop"},{"@type":"ListItem","position":3,"name":"054 CAMOSCIO T.MORO"}]},{"@type":"WebSite","@id":"https:\/\/www.venisecollection.com\/de#website","url":"https:\/\/www.venisecollection.com\/de","name":"VENISE COLLECTION","description":"","publisher":{"@id":"https:\/\/www.venisecollection.com\/de#organization"},"potentialAction":[{"@type":"SearchAction","target":{"@type":"EntryPoint","urlTemplate":"https:\/\/www.venisecollection.com\/de?s={search_term_string}"},"query-input":{"@type":"PropertyValueSpecification","valueRequired":true,"valueName":"search_term_string"}}],"inLanguage":"de"},{"@type":"Organization","@id":"https:\/\/www.venisecollection.com\/de#organization","name":"VENISE COLLECTION","url":"https:\/\/www.venisecollection.com\/de","logo":{"@type":"ImageObject","inLanguage":"de","@id":"https:\/\/www.venisecollection.com\/de#\/schema\/logo\/image\/","url":"https:\/\/www.venisecollection.com\/cdn\/seo.png","contentUrl":"https:\/\/www.venisecollection.com\/cdn\/seo.png","width":1080,"height":1080,"caption":"VENISE COLLECTION"},"image":{"@id":"https:\/\/www.venisecollection.com\/de#\/schema\/logo\/image\/"},"sameAs":["https:\/\/www.instagram.com\/venisecollection\/","https:\/\/fr.pinterest.com\/venisecollection\/"]}]}},"_links":{"self":[{"href":"https:\/\/www.venisecollection.com\/de\/wp-json\/wp\/v2\/product\/23996","targetHints":{"allow":["GET"]}}],"collection":[{"href":"https:\/\/www.venisecollection.com\/de\/wp-json\/wp\/v2\/product"}],"about":[{"href":"https:\/\/www.venisecollection.com\/de\/wp-json\/wp\/v2\/types\/product"}],"wp:featuredmedia":[{"embeddable":true,"href":"https:\/\/www.venisecollection.com\/de\/wp-json\/wp\/v2\/media\/24024"}],"wp:attachment":[{"href":"https:\/\/www.venisecollection.com\/de\/wp-json\/wp\/v2\/media?parent=23996"}],"wp:term":[{"taxonomy":"product_brand","embeddable":true,"href":"https:\/\/www.venisecollection.com\/de\/wp-json\/wp\/v2\/product_brand?post=23996"},{"taxonomy":"product_cat","embeddable":true,"href":"https:\/\/www.venisecollection.com\/de\/wp-json\/wp\/v2\/product_cat?post=23996"},{"taxonomy":"product_tag","embeddable":true,"href":"https:\/\/www.venisecollection.com\/de\/wp-json\/wp\/v2\/product_tag?post=23996"}],"curies":[{"name":"wp","href":"https:\/\/api.w.org\/{rel}","templated":true}]}}