{"id":24081,"date":"2026-04-14T15:53:55","date_gmt":"2026-04-14T15:53:55","guid":{"rendered":"https:\/\/www.venisecollection.com\/?post_type=product&#038;p=24081"},"modified":"2026-04-14T15:59:55","modified_gmt":"2026-04-14T15:59:55","slug":"054-camoscio-bordo","status":"publish","type":"product","link":"https:\/\/www.venisecollection.com\/de\/shop\/women\/sandale\/054-camoscio-bordo","title":{"rendered":"054 CAMOSCIO BORDO"},"content":{"rendered":"<p data-path-to-node=\"18\">Erleben Sie k\u00fcnstlerische, m\u00fchelose Eleganz mit den <b data-path-to-node=\"18\" data-index-in-node=\"337\">Boho Pantoletten mit Webmuster<\/b> von <b data-path-to-node=\"18\" data-index-in-node=\"372\">VENISE COLLECTION<\/b>. Diese stolz in <b data-path-to-node=\"18\" data-index-in-node=\"406\">Italien gefertigten<\/b> (Made in Italy) Schlupfschuhe verbinden vintage-inspiriertes Design perfekt mit allt\u00e4glichem Komfort. Das auff\u00e4llige Obermaterial besteht aus einem reichhaltigen, strukturierten Webstoff mit einem geometrischen Muster, das wundersch\u00f6n tiefe Rot-\/Bordeaux-T\u00f6ne, leuchtendes Blau und Creme kombiniert.<\/p>\n<p data-path-to-node=\"19\">Das Fu\u00dfbett ist f\u00fcr erstklassigen Komfort aus weichem, bordeauxrotem Wildleder gefertigt und bietet eine atmungsaktive Basis f\u00fcr Ihre F\u00fc\u00dfe. Abgerundet wird diese Boh\u00e8me-Silhouette durch einen stabilen, niedrigen Blockabsatz in heller Holzoptik, der von klassischen Clog-Designs inspiriert ist und hervorragende Stabilit\u00e4t sowie rustikalen Charme bietet. Diese m\u00fchelosen Pantoletten sind das perfekte Statement-Piece f\u00fcr leichte Sommeroutfits.<\/p>\n<ul data-path-to-node=\"20\">\n<li>\n<p data-path-to-node=\"20,0,0\"><b data-path-to-node=\"20,0,0\" data-index-in-node=\"0\">Herkunft:<\/b> Hergestellt in Italien (Made in Italy)<\/p>\n<\/li>\n<li>\n<p data-path-to-node=\"20,1,0\"><b data-path-to-node=\"20,1,0\" data-index-in-node=\"0\">Stil:<\/b> Boho Schlupf-Pantolette \/ Clog-Stil<\/p>\n<\/li>\n<li>\n<p data-path-to-node=\"20,2,0\"><b data-path-to-node=\"20,2,0\" data-index-in-node=\"0\">Obermaterial:<\/b> Strukturierter Webstoff mit geometrischem Muster (Bordeaux\/Blau\/Creme)<\/p>\n<\/li>\n<li>\n<p data-path-to-node=\"20,3,0\"><b data-path-to-node=\"20,3,0\" data-index-in-node=\"0\">Fu\u00dfbett:<\/b> Echtes bordeauxrotes Wildleder<\/p>\n<\/li>\n<li>\n<p data-path-to-node=\"20,4,0\"><b data-path-to-node=\"20,4,0\" data-index-in-node=\"0\">Sohle\/Absatz:<\/b> Niedriger Blockabsatz in heller Holzoptik<\/p>\n<\/li>\n<\/ul>\n","protected":false},"excerpt":{"rendered":"<p>Erleben Sie k\u00fcnstlerische, m\u00fchelose Eleganz mit den Boho Pantoletten mit Webmuster von VENISE COLLECTION. Diese stolz in Italien gefertigten (Made in Italy) Schlupfschuhe verbinden vintage-inspiriertes Design perfekt mit allt\u00e4glichem Komfort. Das auff\u00e4llige Obermaterial besteht aus einem reichhaltigen, strukturierten Webstoff mit einem geometrischen Muster, das wundersch\u00f6n tiefe Rot-\/Bordeaux-T\u00f6ne, leuchtendes Blau und Creme kombiniert. Das Fu\u00dfbett ist &hellip;<\/p>\n","protected":false},"featured_media":24109,"template":"","meta":[],"product_brand":[357],"product_cat":[333],"product_tag":[],"class_list":{"0":"post-24081","1":"product","2":"type-product","3":"status-publish","4":"has-post-thumbnail","6":"product_brand-venise-collection","7":"product_cat-sandale","9":"first","10":"instock","11":"shipping-taxable","12":"purchasable","13":"product-type-variable","14":"has-default-attributes"},"yoast_head":"<!-- This site is optimized with the Yoast SEO plugin v27.4 - https:\/\/yoast.com\/product\/yoast-seo-wordpress\/ -->\n<title>Boho Pantoletten mit Webmuster in Rot &amp; Blau Made in Italy<\/title>\n<meta name=\"robots\" content=\"index, follow, max-snippet:-1, max-image-preview:large, max-video-preview:-1\" \/>\n<link rel=\"canonical\" href=\"https:\/\/www.venisecollection.com\/de\/shop\/women\/sandale\/054-camoscio-bordo\" \/>\n<meta property=\"og:locale\" content=\"de_DE\" \/>\n<meta property=\"og:type\" content=\"article\" \/>\n<meta property=\"og:title\" content=\"Boho Pantoletten mit Webmuster in Rot &amp; Blau Made in Italy\" \/>\n<meta property=\"og:description\" content=\"Erleben Sie k\u00fcnstlerische, m\u00fchelose Eleganz mit den Boho Pantoletten mit Webmuster von VENISE COLLECTION. Diese stolz in Italien gefertigten (Made in Italy) Schlupfschuhe verbinden vintage-inspiriertes Design perfekt mit allt\u00e4glichem Komfort. Das auff\u00e4llige Obermaterial besteht aus einem reichhaltigen, strukturierten Webstoff mit einem geometrischen Muster, das wundersch\u00f6n tiefe Rot-\/Bordeaux-T\u00f6ne, leuchtendes Blau und Creme kombiniert. Das Fu\u00dfbett ist &hellip;\" \/>\n<meta property=\"og:url\" content=\"https:\/\/www.venisecollection.com\/de\/shop\/women\/sandale\/054-camoscio-bordo\" \/>\n<meta property=\"og:site_name\" content=\"VENISE COLLECTION\" \/>\n<meta property=\"article:modified_time\" content=\"2026-04-14T15:59:55+00:00\" \/>\n<meta property=\"og:image\" content=\"https:\/\/www.venisecollection.com\/cdn\/image-219.webp\" \/>\n\t<meta property=\"og:image:width\" content=\"1280\" \/>\n\t<meta property=\"og:image:height\" content=\"1588\" \/>\n\t<meta property=\"og:image:type\" content=\"image\/webp\" \/>\n<meta name=\"twitter:card\" content=\"summary_large_image\" \/>\n<meta name=\"twitter:label1\" content=\"Gesch\u00e4tzte Lesezeit\" \/>\n\t<meta name=\"twitter:data1\" content=\"1\u00a0Minute\" \/>\n<script type=\"application\/ld+json\" class=\"yoast-schema-graph\">{\"@context\":\"https:\\\/\\\/schema.org\",\"@graph\":[{\"@type\":\"WebPage\",\"@id\":\"https:\\\/\\\/www.venisecollection.com\\\/de\\\/shop\\\/women\\\/sandale\\\/054-camoscio-bordo\",\"url\":\"https:\\\/\\\/www.venisecollection.com\\\/de\\\/shop\\\/women\\\/sandale\\\/054-camoscio-bordo\",\"name\":\"Boho Pantoletten mit Webmuster in Rot & Blau Made in Italy\",\"isPartOf\":{\"@id\":\"https:\\\/\\\/www.venisecollection.com\\\/de#website\"},\"primaryImageOfPage\":{\"@id\":\"https:\\\/\\\/www.venisecollection.com\\\/de\\\/shop\\\/women\\\/sandale\\\/054-camoscio-bordo#primaryimage\"},\"image\":{\"@id\":\"https:\\\/\\\/www.venisecollection.com\\\/de\\\/shop\\\/women\\\/sandale\\\/054-camoscio-bordo#primaryimage\"},\"thumbnailUrl\":\"https:\\\/\\\/www.venisecollection.com\\\/cdn\\\/image-219.webp\",\"datePublished\":\"2026-04-14T15:53:55+00:00\",\"dateModified\":\"2026-04-14T15:59:55+00:00\",\"breadcrumb\":{\"@id\":\"https:\\\/\\\/www.venisecollection.com\\\/de\\\/shop\\\/women\\\/sandale\\\/054-camoscio-bordo#breadcrumb\"},\"inLanguage\":\"de\",\"potentialAction\":[{\"@type\":\"ReadAction\",\"target\":[\"https:\\\/\\\/www.venisecollection.com\\\/de\\\/shop\\\/women\\\/sandale\\\/054-camoscio-bordo\"]}]},{\"@type\":\"ImageObject\",\"inLanguage\":\"de\",\"@id\":\"https:\\\/\\\/www.venisecollection.com\\\/de\\\/shop\\\/women\\\/sandale\\\/054-camoscio-bordo#primaryimage\",\"url\":\"https:\\\/\\\/www.venisecollection.com\\\/cdn\\\/image-219.webp\",\"contentUrl\":\"https:\\\/\\\/www.venisecollection.com\\\/cdn\\\/image-219.webp\",\"width\":1280,\"height\":1588},{\"@type\":\"BreadcrumbList\",\"@id\":\"https:\\\/\\\/www.venisecollection.com\\\/de\\\/shop\\\/women\\\/sandale\\\/054-camoscio-bordo#breadcrumb\",\"itemListElement\":[{\"@type\":\"ListItem\",\"position\":1,\"name\":\"Home\",\"item\":\"https:\\\/\\\/www.venisecollection.com\\\/de\\\/shop\"},{\"@type\":\"ListItem\",\"position\":2,\"name\":\"Startseite\",\"item\":\"https:\\\/\\\/www.venisecollection.com\\\/de\\\/shop\"},{\"@type\":\"ListItem\",\"position\":3,\"name\":\"054 CAMOSCIO BORDO\"}]},{\"@type\":\"WebSite\",\"@id\":\"https:\\\/\\\/www.venisecollection.com\\\/de#website\",\"url\":\"https:\\\/\\\/www.venisecollection.com\\\/de\",\"name\":\"VENISE COLLECTION\",\"description\":\"\",\"publisher\":{\"@id\":\"https:\\\/\\\/www.venisecollection.com\\\/de#organization\"},\"potentialAction\":[{\"@type\":\"SearchAction\",\"target\":{\"@type\":\"EntryPoint\",\"urlTemplate\":\"https:\\\/\\\/www.venisecollection.com\\\/de?s={search_term_string}\"},\"query-input\":{\"@type\":\"PropertyValueSpecification\",\"valueRequired\":true,\"valueName\":\"search_term_string\"}}],\"inLanguage\":\"de\"},{\"@type\":\"Organization\",\"@id\":\"https:\\\/\\\/www.venisecollection.com\\\/de#organization\",\"name\":\"VENISE COLLECTION\",\"url\":\"https:\\\/\\\/www.venisecollection.com\\\/de\",\"logo\":{\"@type\":\"ImageObject\",\"inLanguage\":\"de\",\"@id\":\"https:\\\/\\\/www.venisecollection.com\\\/de#\\\/schema\\\/logo\\\/image\\\/\",\"url\":\"https:\\\/\\\/www.venisecollection.com\\\/cdn\\\/seo.png\",\"contentUrl\":\"https:\\\/\\\/www.venisecollection.com\\\/cdn\\\/seo.png\",\"width\":1080,\"height\":1080,\"caption\":\"VENISE COLLECTION\"},\"image\":{\"@id\":\"https:\\\/\\\/www.venisecollection.com\\\/de#\\\/schema\\\/logo\\\/image\\\/\"},\"sameAs\":[\"https:\\\/\\\/www.instagram.com\\\/venisecollection\\\/\",\"https:\\\/\\\/fr.pinterest.com\\\/venisecollection\\\/\"]}]}<\/script>\n<!-- \/ Yoast SEO plugin. -->","yoast_head_json":{"title":"Boho Pantoletten mit Webmuster in Rot & Blau Made in Italy","robots":{"index":"index","follow":"follow","max-snippet":"max-snippet:-1","max-image-preview":"max-image-preview:large","max-video-preview":"max-video-preview:-1"},"canonical":"https:\/\/www.venisecollection.com\/de\/shop\/women\/sandale\/054-camoscio-bordo","og_locale":"de_DE","og_type":"article","og_title":"Boho Pantoletten mit Webmuster in Rot & Blau Made in Italy","og_description":"Erleben Sie k\u00fcnstlerische, m\u00fchelose Eleganz mit den Boho Pantoletten mit Webmuster von VENISE COLLECTION. Diese stolz in Italien gefertigten (Made in Italy) Schlupfschuhe verbinden vintage-inspiriertes Design perfekt mit allt\u00e4glichem Komfort. Das auff\u00e4llige Obermaterial besteht aus einem reichhaltigen, strukturierten Webstoff mit einem geometrischen Muster, das wundersch\u00f6n tiefe Rot-\/Bordeaux-T\u00f6ne, leuchtendes Blau und Creme kombiniert. Das Fu\u00dfbett ist &hellip;","og_url":"https:\/\/www.venisecollection.com\/de\/shop\/women\/sandale\/054-camoscio-bordo","og_site_name":"VENISE COLLECTION","article_modified_time":"2026-04-14T15:59:55+00:00","og_image":[{"width":1280,"height":1588,"url":"https:\/\/www.venisecollection.com\/cdn\/image-219.webp","type":"image\/webp"}],"twitter_card":"summary_large_image","twitter_misc":{"Gesch\u00e4tzte Lesezeit":"1\u00a0Minute"},"schema":{"@context":"https:\/\/schema.org","@graph":[{"@type":"WebPage","@id":"https:\/\/www.venisecollection.com\/de\/shop\/women\/sandale\/054-camoscio-bordo","url":"https:\/\/www.venisecollection.com\/de\/shop\/women\/sandale\/054-camoscio-bordo","name":"Boho Pantoletten mit Webmuster in Rot & Blau Made in Italy","isPartOf":{"@id":"https:\/\/www.venisecollection.com\/de#website"},"primaryImageOfPage":{"@id":"https:\/\/www.venisecollection.com\/de\/shop\/women\/sandale\/054-camoscio-bordo#primaryimage"},"image":{"@id":"https:\/\/www.venisecollection.com\/de\/shop\/women\/sandale\/054-camoscio-bordo#primaryimage"},"thumbnailUrl":"https:\/\/www.venisecollection.com\/cdn\/image-219.webp","datePublished":"2026-04-14T15:53:55+00:00","dateModified":"2026-04-14T15:59:55+00:00","breadcrumb":{"@id":"https:\/\/www.venisecollection.com\/de\/shop\/women\/sandale\/054-camoscio-bordo#breadcrumb"},"inLanguage":"de","potentialAction":[{"@type":"ReadAction","target":["https:\/\/www.venisecollection.com\/de\/shop\/women\/sandale\/054-camoscio-bordo"]}]},{"@type":"ImageObject","inLanguage":"de","@id":"https:\/\/www.venisecollection.com\/de\/shop\/women\/sandale\/054-camoscio-bordo#primaryimage","url":"https:\/\/www.venisecollection.com\/cdn\/image-219.webp","contentUrl":"https:\/\/www.venisecollection.com\/cdn\/image-219.webp","width":1280,"height":1588},{"@type":"BreadcrumbList","@id":"https:\/\/www.venisecollection.com\/de\/shop\/women\/sandale\/054-camoscio-bordo#breadcrumb","itemListElement":[{"@type":"ListItem","position":1,"name":"Home","item":"https:\/\/www.venisecollection.com\/de\/shop"},{"@type":"ListItem","position":2,"name":"Startseite","item":"https:\/\/www.venisecollection.com\/de\/shop"},{"@type":"ListItem","position":3,"name":"054 CAMOSCIO BORDO"}]},{"@type":"WebSite","@id":"https:\/\/www.venisecollection.com\/de#website","url":"https:\/\/www.venisecollection.com\/de","name":"VENISE COLLECTION","description":"","publisher":{"@id":"https:\/\/www.venisecollection.com\/de#organization"},"potentialAction":[{"@type":"SearchAction","target":{"@type":"EntryPoint","urlTemplate":"https:\/\/www.venisecollection.com\/de?s={search_term_string}"},"query-input":{"@type":"PropertyValueSpecification","valueRequired":true,"valueName":"search_term_string"}}],"inLanguage":"de"},{"@type":"Organization","@id":"https:\/\/www.venisecollection.com\/de#organization","name":"VENISE COLLECTION","url":"https:\/\/www.venisecollection.com\/de","logo":{"@type":"ImageObject","inLanguage":"de","@id":"https:\/\/www.venisecollection.com\/de#\/schema\/logo\/image\/","url":"https:\/\/www.venisecollection.com\/cdn\/seo.png","contentUrl":"https:\/\/www.venisecollection.com\/cdn\/seo.png","width":1080,"height":1080,"caption":"VENISE COLLECTION"},"image":{"@id":"https:\/\/www.venisecollection.com\/de#\/schema\/logo\/image\/"},"sameAs":["https:\/\/www.instagram.com\/venisecollection\/","https:\/\/fr.pinterest.com\/venisecollection\/"]}]}},"_links":{"self":[{"href":"https:\/\/www.venisecollection.com\/de\/wp-json\/wp\/v2\/product\/24081","targetHints":{"allow":["GET"]}}],"collection":[{"href":"https:\/\/www.venisecollection.com\/de\/wp-json\/wp\/v2\/product"}],"about":[{"href":"https:\/\/www.venisecollection.com\/de\/wp-json\/wp\/v2\/types\/product"}],"wp:featuredmedia":[{"embeddable":true,"href":"https:\/\/www.venisecollection.com\/de\/wp-json\/wp\/v2\/media\/24109"}],"wp:attachment":[{"href":"https:\/\/www.venisecollection.com\/de\/wp-json\/wp\/v2\/media?parent=24081"}],"wp:term":[{"taxonomy":"product_brand","embeddable":true,"href":"https:\/\/www.venisecollection.com\/de\/wp-json\/wp\/v2\/product_brand?post=24081"},{"taxonomy":"product_cat","embeddable":true,"href":"https:\/\/www.venisecollection.com\/de\/wp-json\/wp\/v2\/product_cat?post=24081"},{"taxonomy":"product_tag","embeddable":true,"href":"https:\/\/www.venisecollection.com\/de\/wp-json\/wp\/v2\/product_tag?post=24081"}],"curies":[{"name":"wp","href":"https:\/\/api.w.org\/{rel}","templated":true}]}}