{"id":24376,"date":"2026-04-19T23:25:31","date_gmt":"2026-04-19T23:25:31","guid":{"rendered":"https:\/\/www.venisecollection.com\/?post_type=product&#038;p=24376"},"modified":"2026-04-19T23:38:08","modified_gmt":"2026-04-19T23:38:08","slug":"kima-catena-brown","status":"publish","type":"product","link":"https:\/\/www.venisecollection.com\/de\/shop\/women\/sandale\/kima-catena-brown","title":{"rendered":"KIMA CATENA BROWN"},"content":{"rendered":"<p data-path-to-node=\"19\">Die <b data-path-to-node=\"19\" data-index-in-node=\"18\">KIMA CATENA BROWN<\/b> Sandale ist die Definition von sommerlicher Eleganz. Diese hochwertigen Damen-Sandalen aus echtem braunem Leder bestechen durch ihre filigrane Verarbeitung. Das Highlight sind die mit goldfarbenen Ketten besetzten Riemen, die luxuri\u00f6se Akzente setzen. Dank der ergonomischen Zehenschlaufe genie\u00dfen Sie den ganzen Tag \u00fcber maximalen Tragekomfort.<\/p>\n<ul data-path-to-node=\"20\">\n<li>\n<p data-path-to-node=\"20,0,0\"><b data-path-to-node=\"20,0,0\" data-index-in-node=\"0\">Material:<\/b> Hochwertiges Echtleder<\/p>\n<\/li>\n<li>\n<p data-path-to-node=\"20,1,0\"><b data-path-to-node=\"20,1,0\" data-index-in-node=\"0\">Farbe:<\/b> Klassisches Braun<\/p>\n<\/li>\n<li>\n<p data-path-to-node=\"20,2,0\"><b data-path-to-node=\"20,2,0\" data-index-in-node=\"0\">Besonderheiten:<\/b> Goldfarbene Kettenverzierung, Zehenring-Design<\/p>\n<\/li>\n<li>\n<p data-path-to-node=\"20,3,0\"><b data-path-to-node=\"20,3,0\" data-index-in-node=\"0\">Passform:<\/b> Sicherer Halt durch \u00fcberkreuzte Riemen.<\/p>\n<\/li>\n<\/ul>\n","protected":false},"excerpt":{"rendered":"<p>Die KIMA CATENA BROWN Sandale ist die Definition von sommerlicher Eleganz. Diese hochwertigen Damen-Sandalen aus echtem braunem Leder bestechen durch ihre filigrane Verarbeitung. Das Highlight sind die mit goldfarbenen Ketten besetzten Riemen, die luxuri\u00f6se Akzente setzen. Dank der ergonomischen Zehenschlaufe genie\u00dfen Sie den ganzen Tag \u00fcber maximalen Tragekomfort. Material: Hochwertiges Echtleder Farbe: Klassisches Braun Besonderheiten: &hellip;<\/p>\n","protected":false},"featured_media":24404,"template":"","meta":[],"product_brand":[357],"product_cat":[333],"product_tag":[],"class_list":{"0":"post-24376","1":"product","2":"type-product","3":"status-publish","4":"has-post-thumbnail","6":"product_brand-venise-collection","7":"product_cat-sandale","9":"first","10":"instock","11":"shipping-taxable","12":"purchasable","13":"product-type-variable","14":"has-default-attributes"},"yoast_head":"<!-- This site is optimized with the Yoast SEO plugin v27.4 - https:\/\/yoast.com\/product\/yoast-seo-wordpress\/ -->\n<title>KIMA CATENA BROWN - Elegante Damen-Ledersandalen in Braun<\/title>\n<meta name=\"robots\" content=\"index, follow, max-snippet:-1, max-image-preview:large, max-video-preview:-1\" \/>\n<link rel=\"canonical\" href=\"https:\/\/www.venisecollection.com\/de\/shop\/women\/sandale\/kima-catena-brown\" \/>\n<meta property=\"og:locale\" content=\"de_DE\" \/>\n<meta property=\"og:type\" content=\"article\" \/>\n<meta property=\"og:title\" content=\"KIMA CATENA BROWN - Elegante Damen-Ledersandalen in Braun\" \/>\n<meta property=\"og:description\" content=\"Die KIMA CATENA BROWN Sandale ist die Definition von sommerlicher Eleganz. Diese hochwertigen Damen-Sandalen aus echtem braunem Leder bestechen durch ihre filigrane Verarbeitung. Das Highlight sind die mit goldfarbenen Ketten besetzten Riemen, die luxuri\u00f6se Akzente setzen. Dank der ergonomischen Zehenschlaufe genie\u00dfen Sie den ganzen Tag \u00fcber maximalen Tragekomfort. Material: Hochwertiges Echtleder Farbe: Klassisches Braun Besonderheiten: &hellip;\" \/>\n<meta property=\"og:url\" content=\"https:\/\/www.venisecollection.com\/de\/shop\/women\/sandale\/kima-catena-brown\" \/>\n<meta property=\"og:site_name\" content=\"VENISE COLLECTION\" \/>\n<meta property=\"article:modified_time\" content=\"2026-04-19T23:38:08+00:00\" \/>\n<meta property=\"og:image\" content=\"https:\/\/www.venisecollection.com\/cdn\/image.psd-132-1.webp\" \/>\n\t<meta property=\"og:image:width\" content=\"1280\" \/>\n\t<meta property=\"og:image:height\" content=\"1588\" \/>\n\t<meta property=\"og:image:type\" content=\"image\/webp\" \/>\n<meta name=\"twitter:card\" content=\"summary_large_image\" \/>\n<meta name=\"twitter:label1\" content=\"Gesch\u00e4tzte Lesezeit\" \/>\n\t<meta name=\"twitter:data1\" content=\"1\u00a0Minute\" \/>\n<script type=\"application\/ld+json\" class=\"yoast-schema-graph\">{\"@context\":\"https:\\\/\\\/schema.org\",\"@graph\":[{\"@type\":\"WebPage\",\"@id\":\"https:\\\/\\\/www.venisecollection.com\\\/de\\\/shop\\\/women\\\/sandale\\\/kima-catena-brown\",\"url\":\"https:\\\/\\\/www.venisecollection.com\\\/de\\\/shop\\\/women\\\/sandale\\\/kima-catena-brown\",\"name\":\"KIMA CATENA BROWN - Elegante Damen-Ledersandalen in Braun\",\"isPartOf\":{\"@id\":\"https:\\\/\\\/www.venisecollection.com\\\/de#website\"},\"primaryImageOfPage\":{\"@id\":\"https:\\\/\\\/www.venisecollection.com\\\/de\\\/shop\\\/women\\\/sandale\\\/kima-catena-brown#primaryimage\"},\"image\":{\"@id\":\"https:\\\/\\\/www.venisecollection.com\\\/de\\\/shop\\\/women\\\/sandale\\\/kima-catena-brown#primaryimage\"},\"thumbnailUrl\":\"https:\\\/\\\/www.venisecollection.com\\\/cdn\\\/image.psd-132-1.webp\",\"datePublished\":\"2026-04-19T23:25:31+00:00\",\"dateModified\":\"2026-04-19T23:38:08+00:00\",\"breadcrumb\":{\"@id\":\"https:\\\/\\\/www.venisecollection.com\\\/de\\\/shop\\\/women\\\/sandale\\\/kima-catena-brown#breadcrumb\"},\"inLanguage\":\"de\",\"potentialAction\":[{\"@type\":\"ReadAction\",\"target\":[\"https:\\\/\\\/www.venisecollection.com\\\/de\\\/shop\\\/women\\\/sandale\\\/kima-catena-brown\"]}]},{\"@type\":\"ImageObject\",\"inLanguage\":\"de\",\"@id\":\"https:\\\/\\\/www.venisecollection.com\\\/de\\\/shop\\\/women\\\/sandale\\\/kima-catena-brown#primaryimage\",\"url\":\"https:\\\/\\\/www.venisecollection.com\\\/cdn\\\/image.psd-132-1.webp\",\"contentUrl\":\"https:\\\/\\\/www.venisecollection.com\\\/cdn\\\/image.psd-132-1.webp\",\"width\":1280,\"height\":1588},{\"@type\":\"BreadcrumbList\",\"@id\":\"https:\\\/\\\/www.venisecollection.com\\\/de\\\/shop\\\/women\\\/sandale\\\/kima-catena-brown#breadcrumb\",\"itemListElement\":[{\"@type\":\"ListItem\",\"position\":1,\"name\":\"Home\",\"item\":\"https:\\\/\\\/www.venisecollection.com\\\/de\\\/shop\"},{\"@type\":\"ListItem\",\"position\":2,\"name\":\"Startseite\",\"item\":\"https:\\\/\\\/www.venisecollection.com\\\/de\\\/shop\"},{\"@type\":\"ListItem\",\"position\":3,\"name\":\"KIMA CATENA BROWN\"}]},{\"@type\":\"WebSite\",\"@id\":\"https:\\\/\\\/www.venisecollection.com\\\/de#website\",\"url\":\"https:\\\/\\\/www.venisecollection.com\\\/de\",\"name\":\"VENISE COLLECTION\",\"description\":\"\",\"publisher\":{\"@id\":\"https:\\\/\\\/www.venisecollection.com\\\/de#organization\"},\"potentialAction\":[{\"@type\":\"SearchAction\",\"target\":{\"@type\":\"EntryPoint\",\"urlTemplate\":\"https:\\\/\\\/www.venisecollection.com\\\/de?s={search_term_string}\"},\"query-input\":{\"@type\":\"PropertyValueSpecification\",\"valueRequired\":true,\"valueName\":\"search_term_string\"}}],\"inLanguage\":\"de\"},{\"@type\":\"Organization\",\"@id\":\"https:\\\/\\\/www.venisecollection.com\\\/de#organization\",\"name\":\"VENISE COLLECTION\",\"url\":\"https:\\\/\\\/www.venisecollection.com\\\/de\",\"logo\":{\"@type\":\"ImageObject\",\"inLanguage\":\"de\",\"@id\":\"https:\\\/\\\/www.venisecollection.com\\\/de#\\\/schema\\\/logo\\\/image\\\/\",\"url\":\"https:\\\/\\\/www.venisecollection.com\\\/cdn\\\/seo.png\",\"contentUrl\":\"https:\\\/\\\/www.venisecollection.com\\\/cdn\\\/seo.png\",\"width\":1080,\"height\":1080,\"caption\":\"VENISE COLLECTION\"},\"image\":{\"@id\":\"https:\\\/\\\/www.venisecollection.com\\\/de#\\\/schema\\\/logo\\\/image\\\/\"},\"sameAs\":[\"https:\\\/\\\/www.instagram.com\\\/venisecollection\\\/\",\"https:\\\/\\\/fr.pinterest.com\\\/venisecollection\\\/\"]}]}<\/script>\n<!-- \/ Yoast SEO plugin. -->","yoast_head_json":{"title":"KIMA CATENA BROWN - Elegante Damen-Ledersandalen in Braun","robots":{"index":"index","follow":"follow","max-snippet":"max-snippet:-1","max-image-preview":"max-image-preview:large","max-video-preview":"max-video-preview:-1"},"canonical":"https:\/\/www.venisecollection.com\/de\/shop\/women\/sandale\/kima-catena-brown","og_locale":"de_DE","og_type":"article","og_title":"KIMA CATENA BROWN - Elegante Damen-Ledersandalen in Braun","og_description":"Die KIMA CATENA BROWN Sandale ist die Definition von sommerlicher Eleganz. Diese hochwertigen Damen-Sandalen aus echtem braunem Leder bestechen durch ihre filigrane Verarbeitung. Das Highlight sind die mit goldfarbenen Ketten besetzten Riemen, die luxuri\u00f6se Akzente setzen. Dank der ergonomischen Zehenschlaufe genie\u00dfen Sie den ganzen Tag \u00fcber maximalen Tragekomfort. Material: Hochwertiges Echtleder Farbe: Klassisches Braun Besonderheiten: &hellip;","og_url":"https:\/\/www.venisecollection.com\/de\/shop\/women\/sandale\/kima-catena-brown","og_site_name":"VENISE COLLECTION","article_modified_time":"2026-04-19T23:38:08+00:00","og_image":[{"width":1280,"height":1588,"url":"https:\/\/www.venisecollection.com\/cdn\/image.psd-132-1.webp","type":"image\/webp"}],"twitter_card":"summary_large_image","twitter_misc":{"Gesch\u00e4tzte Lesezeit":"1\u00a0Minute"},"schema":{"@context":"https:\/\/schema.org","@graph":[{"@type":"WebPage","@id":"https:\/\/www.venisecollection.com\/de\/shop\/women\/sandale\/kima-catena-brown","url":"https:\/\/www.venisecollection.com\/de\/shop\/women\/sandale\/kima-catena-brown","name":"KIMA CATENA BROWN - Elegante Damen-Ledersandalen in Braun","isPartOf":{"@id":"https:\/\/www.venisecollection.com\/de#website"},"primaryImageOfPage":{"@id":"https:\/\/www.venisecollection.com\/de\/shop\/women\/sandale\/kima-catena-brown#primaryimage"},"image":{"@id":"https:\/\/www.venisecollection.com\/de\/shop\/women\/sandale\/kima-catena-brown#primaryimage"},"thumbnailUrl":"https:\/\/www.venisecollection.com\/cdn\/image.psd-132-1.webp","datePublished":"2026-04-19T23:25:31+00:00","dateModified":"2026-04-19T23:38:08+00:00","breadcrumb":{"@id":"https:\/\/www.venisecollection.com\/de\/shop\/women\/sandale\/kima-catena-brown#breadcrumb"},"inLanguage":"de","potentialAction":[{"@type":"ReadAction","target":["https:\/\/www.venisecollection.com\/de\/shop\/women\/sandale\/kima-catena-brown"]}]},{"@type":"ImageObject","inLanguage":"de","@id":"https:\/\/www.venisecollection.com\/de\/shop\/women\/sandale\/kima-catena-brown#primaryimage","url":"https:\/\/www.venisecollection.com\/cdn\/image.psd-132-1.webp","contentUrl":"https:\/\/www.venisecollection.com\/cdn\/image.psd-132-1.webp","width":1280,"height":1588},{"@type":"BreadcrumbList","@id":"https:\/\/www.venisecollection.com\/de\/shop\/women\/sandale\/kima-catena-brown#breadcrumb","itemListElement":[{"@type":"ListItem","position":1,"name":"Home","item":"https:\/\/www.venisecollection.com\/de\/shop"},{"@type":"ListItem","position":2,"name":"Startseite","item":"https:\/\/www.venisecollection.com\/de\/shop"},{"@type":"ListItem","position":3,"name":"KIMA CATENA BROWN"}]},{"@type":"WebSite","@id":"https:\/\/www.venisecollection.com\/de#website","url":"https:\/\/www.venisecollection.com\/de","name":"VENISE COLLECTION","description":"","publisher":{"@id":"https:\/\/www.venisecollection.com\/de#organization"},"potentialAction":[{"@type":"SearchAction","target":{"@type":"EntryPoint","urlTemplate":"https:\/\/www.venisecollection.com\/de?s={search_term_string}"},"query-input":{"@type":"PropertyValueSpecification","valueRequired":true,"valueName":"search_term_string"}}],"inLanguage":"de"},{"@type":"Organization","@id":"https:\/\/www.venisecollection.com\/de#organization","name":"VENISE COLLECTION","url":"https:\/\/www.venisecollection.com\/de","logo":{"@type":"ImageObject","inLanguage":"de","@id":"https:\/\/www.venisecollection.com\/de#\/schema\/logo\/image\/","url":"https:\/\/www.venisecollection.com\/cdn\/seo.png","contentUrl":"https:\/\/www.venisecollection.com\/cdn\/seo.png","width":1080,"height":1080,"caption":"VENISE COLLECTION"},"image":{"@id":"https:\/\/www.venisecollection.com\/de#\/schema\/logo\/image\/"},"sameAs":["https:\/\/www.instagram.com\/venisecollection\/","https:\/\/fr.pinterest.com\/venisecollection\/"]}]}},"_links":{"self":[{"href":"https:\/\/www.venisecollection.com\/de\/wp-json\/wp\/v2\/product\/24376","targetHints":{"allow":["GET"]}}],"collection":[{"href":"https:\/\/www.venisecollection.com\/de\/wp-json\/wp\/v2\/product"}],"about":[{"href":"https:\/\/www.venisecollection.com\/de\/wp-json\/wp\/v2\/types\/product"}],"wp:featuredmedia":[{"embeddable":true,"href":"https:\/\/www.venisecollection.com\/de\/wp-json\/wp\/v2\/media\/24404"}],"wp:attachment":[{"href":"https:\/\/www.venisecollection.com\/de\/wp-json\/wp\/v2\/media?parent=24376"}],"wp:term":[{"taxonomy":"product_brand","embeddable":true,"href":"https:\/\/www.venisecollection.com\/de\/wp-json\/wp\/v2\/product_brand?post=24376"},{"taxonomy":"product_cat","embeddable":true,"href":"https:\/\/www.venisecollection.com\/de\/wp-json\/wp\/v2\/product_cat?post=24376"},{"taxonomy":"product_tag","embeddable":true,"href":"https:\/\/www.venisecollection.com\/de\/wp-json\/wp\/v2\/product_tag?post=24376"}],"curies":[{"name":"wp","href":"https:\/\/api.w.org\/{rel}","templated":true}]}}