{"id":24734,"date":"2026-04-20T01:01:54","date_gmt":"2026-04-20T01:01:54","guid":{"rendered":"https:\/\/www.venisecollection.com\/?post_type=product&#038;p=24734"},"modified":"2026-04-20T01:11:47","modified_gmt":"2026-04-20T01:11:47","slug":"toledo-luxor-silver","status":"publish","type":"product","link":"https:\/\/www.venisecollection.com\/de\/shop\/women\/sandale\/toledo-luxor-silver","title":{"rendered":"TOLEDO LUXOR SILVER"},"content":{"rendered":"<p data-path-to-node=\"19\">Erleben Sie italienische Handwerkskunst auf h\u00f6chstem Niveau mit der <b data-path-to-node=\"19\" data-index-in-node=\"82\">TOLEDO LUXOR SILVER<\/b> von <b data-path-to-node=\"19\" data-index-in-node=\"106\">Roberto Festa Milano<\/b>. Diese luxuri\u00f6se Sandalette besticht nicht nur durch ihre Optik, sondern vor allem durch ihre inneren Werte: Sowohl das Obermaterial als auch das <b data-path-to-node=\"19\" data-index-in-node=\"273\">Futter und die Sohle bestehen zu 100% aus hochwertigem Kalbsleder<\/b>. Diese Vollleder-Ausstattung sorgt f\u00fcr ein exzellentes Fu\u00dfklima und h\u00f6chste Langlebigkeit. Die funkelnde Schmuckbrosche macht diesen Schuh zum perfekten Begleiter f\u00fcr glamour\u00f6se B\u00e4lle.<\/p>\n<ul data-path-to-node=\"20\">\n<li>\n<p data-path-to-node=\"20,0,0\"><b data-path-to-node=\"20,0,0\" data-index-in-node=\"0\">Marke:<\/b> Roberto Festa Milano (Handgefertigt in Italien)<\/p>\n<\/li>\n<li>\n<p data-path-to-node=\"20,1,0\"><b data-path-to-node=\"20,1,0\" data-index-in-node=\"0\">Material:<\/b> Au\u00dfenmaterial, Futter und Sohle aus 100% Kalbsleder<\/p>\n<\/li>\n<li>\n<p data-path-to-node=\"20,2,0\"><b data-path-to-node=\"20,2,0\" data-index-in-node=\"0\">Absatz:<\/b> Eleganter Stiletto-Absatz<\/p>\n<\/li>\n<li>\n<p data-path-to-node=\"20,3,0\"><b data-path-to-node=\"20,3,0\" data-index-in-node=\"0\">Highlights:<\/b> Funkelnde Kristall-Brosche<\/p>\n<\/li>\n<li>\n<p data-path-to-node=\"20,4,0\"><b data-path-to-node=\"20,4,0\" data-index-in-node=\"0\">Anlass:<\/b> Perfekt f\u00fcr Br\u00e4ute und exklusive Abendveranstaltungen.<\/p>\n<\/li>\n<\/ul>\n","protected":false},"excerpt":{"rendered":"<p>Erleben Sie italienische Handwerkskunst auf h\u00f6chstem Niveau mit der TOLEDO LUXOR SILVER von Roberto Festa Milano. Diese luxuri\u00f6se Sandalette besticht nicht nur durch ihre Optik, sondern vor allem durch ihre inneren Werte: Sowohl das Obermaterial als auch das Futter und die Sohle bestehen zu 100% aus hochwertigem Kalbsleder. Diese Vollleder-Ausstattung sorgt f\u00fcr ein exzellentes Fu\u00dfklima &hellip;<\/p>\n","protected":false},"featured_media":24766,"template":"","meta":[],"product_brand":[360],"product_cat":[333],"product_tag":[],"class_list":{"0":"post-24734","1":"product","2":"type-product","3":"status-publish","4":"has-post-thumbnail","6":"product_brand-roberto-festa","7":"product_cat-sandale","9":"first","10":"instock","11":"shipping-taxable","12":"purchasable","13":"product-type-variable","14":"has-default-attributes"},"yoast_head":"<!-- This site is optimized with the Yoast SEO plugin v27.4 - https:\/\/yoast.com\/product\/yoast-seo-wordpress\/ -->\n<title>TOLEDO LUXOR SILVER - Luxus-Sandaletten aus 100% Kalbsleder<\/title>\n<meta name=\"robots\" content=\"index, follow, max-snippet:-1, max-image-preview:large, max-video-preview:-1\" \/>\n<link rel=\"canonical\" href=\"https:\/\/www.venisecollection.com\/de\/shop\/women\/sandale\/toledo-luxor-silver\" \/>\n<meta property=\"og:locale\" content=\"de_DE\" \/>\n<meta property=\"og:type\" content=\"article\" \/>\n<meta property=\"og:title\" content=\"TOLEDO LUXOR SILVER - Luxus-Sandaletten aus 100% Kalbsleder\" \/>\n<meta property=\"og:description\" content=\"Erleben Sie italienische Handwerkskunst auf h\u00f6chstem Niveau mit der TOLEDO LUXOR SILVER von Roberto Festa Milano. Diese luxuri\u00f6se Sandalette besticht nicht nur durch ihre Optik, sondern vor allem durch ihre inneren Werte: Sowohl das Obermaterial als auch das Futter und die Sohle bestehen zu 100% aus hochwertigem Kalbsleder. Diese Vollleder-Ausstattung sorgt f\u00fcr ein exzellentes Fu\u00dfklima &hellip;\" \/>\n<meta property=\"og:url\" content=\"https:\/\/www.venisecollection.com\/de\/shop\/women\/sandale\/toledo-luxor-silver\" \/>\n<meta property=\"og:site_name\" content=\"VENISE COLLECTION\" \/>\n<meta property=\"article:modified_time\" content=\"2026-04-20T01:11:47+00:00\" \/>\n<meta property=\"og:image\" content=\"https:\/\/www.venisecollection.com\/cdn\/image.psd-146.webp\" \/>\n\t<meta property=\"og:image:width\" content=\"1280\" \/>\n\t<meta property=\"og:image:height\" content=\"1588\" \/>\n\t<meta property=\"og:image:type\" content=\"image\/webp\" \/>\n<meta name=\"twitter:card\" content=\"summary_large_image\" \/>\n<meta name=\"twitter:label1\" content=\"Gesch\u00e4tzte Lesezeit\" \/>\n\t<meta name=\"twitter:data1\" content=\"1\u00a0Minute\" \/>\n<script type=\"application\/ld+json\" class=\"yoast-schema-graph\">{\"@context\":\"https:\\\/\\\/schema.org\",\"@graph\":[{\"@type\":\"WebPage\",\"@id\":\"https:\\\/\\\/www.venisecollection.com\\\/de\\\/shop\\\/women\\\/sandale\\\/toledo-luxor-silver\",\"url\":\"https:\\\/\\\/www.venisecollection.com\\\/de\\\/shop\\\/women\\\/sandale\\\/toledo-luxor-silver\",\"name\":\"TOLEDO LUXOR SILVER - Luxus-Sandaletten aus 100% Kalbsleder\",\"isPartOf\":{\"@id\":\"https:\\\/\\\/www.venisecollection.com\\\/de#website\"},\"primaryImageOfPage\":{\"@id\":\"https:\\\/\\\/www.venisecollection.com\\\/de\\\/shop\\\/women\\\/sandale\\\/toledo-luxor-silver#primaryimage\"},\"image\":{\"@id\":\"https:\\\/\\\/www.venisecollection.com\\\/de\\\/shop\\\/women\\\/sandale\\\/toledo-luxor-silver#primaryimage\"},\"thumbnailUrl\":\"https:\\\/\\\/www.venisecollection.com\\\/cdn\\\/image.psd-146.webp\",\"datePublished\":\"2026-04-20T01:01:54+00:00\",\"dateModified\":\"2026-04-20T01:11:47+00:00\",\"breadcrumb\":{\"@id\":\"https:\\\/\\\/www.venisecollection.com\\\/de\\\/shop\\\/women\\\/sandale\\\/toledo-luxor-silver#breadcrumb\"},\"inLanguage\":\"de\",\"potentialAction\":[{\"@type\":\"ReadAction\",\"target\":[\"https:\\\/\\\/www.venisecollection.com\\\/de\\\/shop\\\/women\\\/sandale\\\/toledo-luxor-silver\"]}]},{\"@type\":\"ImageObject\",\"inLanguage\":\"de\",\"@id\":\"https:\\\/\\\/www.venisecollection.com\\\/de\\\/shop\\\/women\\\/sandale\\\/toledo-luxor-silver#primaryimage\",\"url\":\"https:\\\/\\\/www.venisecollection.com\\\/cdn\\\/image.psd-146.webp\",\"contentUrl\":\"https:\\\/\\\/www.venisecollection.com\\\/cdn\\\/image.psd-146.webp\",\"width\":1280,\"height\":1588},{\"@type\":\"BreadcrumbList\",\"@id\":\"https:\\\/\\\/www.venisecollection.com\\\/de\\\/shop\\\/women\\\/sandale\\\/toledo-luxor-silver#breadcrumb\",\"itemListElement\":[{\"@type\":\"ListItem\",\"position\":1,\"name\":\"Home\",\"item\":\"https:\\\/\\\/www.venisecollection.com\\\/de\\\/shop\"},{\"@type\":\"ListItem\",\"position\":2,\"name\":\"Startseite\",\"item\":\"https:\\\/\\\/www.venisecollection.com\\\/de\\\/shop\"},{\"@type\":\"ListItem\",\"position\":3,\"name\":\"TOLEDO LUXOR SILVER\"}]},{\"@type\":\"WebSite\",\"@id\":\"https:\\\/\\\/www.venisecollection.com\\\/de#website\",\"url\":\"https:\\\/\\\/www.venisecollection.com\\\/de\",\"name\":\"VENISE COLLECTION\",\"description\":\"\",\"publisher\":{\"@id\":\"https:\\\/\\\/www.venisecollection.com\\\/de#organization\"},\"potentialAction\":[{\"@type\":\"SearchAction\",\"target\":{\"@type\":\"EntryPoint\",\"urlTemplate\":\"https:\\\/\\\/www.venisecollection.com\\\/de?s={search_term_string}\"},\"query-input\":{\"@type\":\"PropertyValueSpecification\",\"valueRequired\":true,\"valueName\":\"search_term_string\"}}],\"inLanguage\":\"de\"},{\"@type\":\"Organization\",\"@id\":\"https:\\\/\\\/www.venisecollection.com\\\/de#organization\",\"name\":\"VENISE COLLECTION\",\"url\":\"https:\\\/\\\/www.venisecollection.com\\\/de\",\"logo\":{\"@type\":\"ImageObject\",\"inLanguage\":\"de\",\"@id\":\"https:\\\/\\\/www.venisecollection.com\\\/de#\\\/schema\\\/logo\\\/image\\\/\",\"url\":\"https:\\\/\\\/www.venisecollection.com\\\/cdn\\\/seo.png\",\"contentUrl\":\"https:\\\/\\\/www.venisecollection.com\\\/cdn\\\/seo.png\",\"width\":1080,\"height\":1080,\"caption\":\"VENISE COLLECTION\"},\"image\":{\"@id\":\"https:\\\/\\\/www.venisecollection.com\\\/de#\\\/schema\\\/logo\\\/image\\\/\"},\"sameAs\":[\"https:\\\/\\\/www.instagram.com\\\/venisecollection\\\/\",\"https:\\\/\\\/fr.pinterest.com\\\/venisecollection\\\/\"]}]}<\/script>\n<!-- \/ Yoast SEO plugin. -->","yoast_head_json":{"title":"TOLEDO LUXOR SILVER - Luxus-Sandaletten aus 100% Kalbsleder","robots":{"index":"index","follow":"follow","max-snippet":"max-snippet:-1","max-image-preview":"max-image-preview:large","max-video-preview":"max-video-preview:-1"},"canonical":"https:\/\/www.venisecollection.com\/de\/shop\/women\/sandale\/toledo-luxor-silver","og_locale":"de_DE","og_type":"article","og_title":"TOLEDO LUXOR SILVER - Luxus-Sandaletten aus 100% Kalbsleder","og_description":"Erleben Sie italienische Handwerkskunst auf h\u00f6chstem Niveau mit der TOLEDO LUXOR SILVER von Roberto Festa Milano. Diese luxuri\u00f6se Sandalette besticht nicht nur durch ihre Optik, sondern vor allem durch ihre inneren Werte: Sowohl das Obermaterial als auch das Futter und die Sohle bestehen zu 100% aus hochwertigem Kalbsleder. Diese Vollleder-Ausstattung sorgt f\u00fcr ein exzellentes Fu\u00dfklima &hellip;","og_url":"https:\/\/www.venisecollection.com\/de\/shop\/women\/sandale\/toledo-luxor-silver","og_site_name":"VENISE COLLECTION","article_modified_time":"2026-04-20T01:11:47+00:00","og_image":[{"width":1280,"height":1588,"url":"https:\/\/www.venisecollection.com\/cdn\/image.psd-146.webp","type":"image\/webp"}],"twitter_card":"summary_large_image","twitter_misc":{"Gesch\u00e4tzte Lesezeit":"1\u00a0Minute"},"schema":{"@context":"https:\/\/schema.org","@graph":[{"@type":"WebPage","@id":"https:\/\/www.venisecollection.com\/de\/shop\/women\/sandale\/toledo-luxor-silver","url":"https:\/\/www.venisecollection.com\/de\/shop\/women\/sandale\/toledo-luxor-silver","name":"TOLEDO LUXOR SILVER - Luxus-Sandaletten aus 100% Kalbsleder","isPartOf":{"@id":"https:\/\/www.venisecollection.com\/de#website"},"primaryImageOfPage":{"@id":"https:\/\/www.venisecollection.com\/de\/shop\/women\/sandale\/toledo-luxor-silver#primaryimage"},"image":{"@id":"https:\/\/www.venisecollection.com\/de\/shop\/women\/sandale\/toledo-luxor-silver#primaryimage"},"thumbnailUrl":"https:\/\/www.venisecollection.com\/cdn\/image.psd-146.webp","datePublished":"2026-04-20T01:01:54+00:00","dateModified":"2026-04-20T01:11:47+00:00","breadcrumb":{"@id":"https:\/\/www.venisecollection.com\/de\/shop\/women\/sandale\/toledo-luxor-silver#breadcrumb"},"inLanguage":"de","potentialAction":[{"@type":"ReadAction","target":["https:\/\/www.venisecollection.com\/de\/shop\/women\/sandale\/toledo-luxor-silver"]}]},{"@type":"ImageObject","inLanguage":"de","@id":"https:\/\/www.venisecollection.com\/de\/shop\/women\/sandale\/toledo-luxor-silver#primaryimage","url":"https:\/\/www.venisecollection.com\/cdn\/image.psd-146.webp","contentUrl":"https:\/\/www.venisecollection.com\/cdn\/image.psd-146.webp","width":1280,"height":1588},{"@type":"BreadcrumbList","@id":"https:\/\/www.venisecollection.com\/de\/shop\/women\/sandale\/toledo-luxor-silver#breadcrumb","itemListElement":[{"@type":"ListItem","position":1,"name":"Home","item":"https:\/\/www.venisecollection.com\/de\/shop"},{"@type":"ListItem","position":2,"name":"Startseite","item":"https:\/\/www.venisecollection.com\/de\/shop"},{"@type":"ListItem","position":3,"name":"TOLEDO LUXOR SILVER"}]},{"@type":"WebSite","@id":"https:\/\/www.venisecollection.com\/de#website","url":"https:\/\/www.venisecollection.com\/de","name":"VENISE COLLECTION","description":"","publisher":{"@id":"https:\/\/www.venisecollection.com\/de#organization"},"potentialAction":[{"@type":"SearchAction","target":{"@type":"EntryPoint","urlTemplate":"https:\/\/www.venisecollection.com\/de?s={search_term_string}"},"query-input":{"@type":"PropertyValueSpecification","valueRequired":true,"valueName":"search_term_string"}}],"inLanguage":"de"},{"@type":"Organization","@id":"https:\/\/www.venisecollection.com\/de#organization","name":"VENISE COLLECTION","url":"https:\/\/www.venisecollection.com\/de","logo":{"@type":"ImageObject","inLanguage":"de","@id":"https:\/\/www.venisecollection.com\/de#\/schema\/logo\/image\/","url":"https:\/\/www.venisecollection.com\/cdn\/seo.png","contentUrl":"https:\/\/www.venisecollection.com\/cdn\/seo.png","width":1080,"height":1080,"caption":"VENISE COLLECTION"},"image":{"@id":"https:\/\/www.venisecollection.com\/de#\/schema\/logo\/image\/"},"sameAs":["https:\/\/www.instagram.com\/venisecollection\/","https:\/\/fr.pinterest.com\/venisecollection\/"]}]}},"_links":{"self":[{"href":"https:\/\/www.venisecollection.com\/de\/wp-json\/wp\/v2\/product\/24734","targetHints":{"allow":["GET"]}}],"collection":[{"href":"https:\/\/www.venisecollection.com\/de\/wp-json\/wp\/v2\/product"}],"about":[{"href":"https:\/\/www.venisecollection.com\/de\/wp-json\/wp\/v2\/types\/product"}],"wp:featuredmedia":[{"embeddable":true,"href":"https:\/\/www.venisecollection.com\/de\/wp-json\/wp\/v2\/media\/24766"}],"wp:attachment":[{"href":"https:\/\/www.venisecollection.com\/de\/wp-json\/wp\/v2\/media?parent=24734"}],"wp:term":[{"taxonomy":"product_brand","embeddable":true,"href":"https:\/\/www.venisecollection.com\/de\/wp-json\/wp\/v2\/product_brand?post=24734"},{"taxonomy":"product_cat","embeddable":true,"href":"https:\/\/www.venisecollection.com\/de\/wp-json\/wp\/v2\/product_cat?post=24734"},{"taxonomy":"product_tag","embeddable":true,"href":"https:\/\/www.venisecollection.com\/de\/wp-json\/wp\/v2\/product_tag?post=24734"}],"curies":[{"name":"wp","href":"https:\/\/api.w.org\/{rel}","templated":true}]}}