{"id":25225,"date":"2026-04-22T15:12:14","date_gmt":"2026-04-22T15:12:14","guid":{"rendered":"https:\/\/www.venisecollection.com\/?post_type=product&#038;p=25225"},"modified":"2026-04-22T15:20:37","modified_gmt":"2026-04-22T15:20:37","slug":"mu-sw631003a-cog","status":"publish","type":"product","link":"https:\/\/www.venisecollection.com\/de\/shop\/women\/sabot\/mu-sw631003a-cog","title":{"rendered":"MU.SW631003A COG"},"content":{"rendered":"<p data-path-to-node=\"20\">Diese exklusiven Sabots von <b data-path-to-node=\"20\" data-index-in-node=\"42\">MOU<\/b> vereinen rustikales Design mit modernem Komfort. Gefertigt aus cognacfarbenem Wildleder und veredelt mit den charakteristischen H\u00e4keln\u00e4hten, bieten diese r\u00fcckseitig offenen Schuhe (Sabots) dank des ergonomischen Fu\u00dfbetts einen unvergleichlichen Tragekomfort. Die verstellbaren Schnallen sorgen f\u00fcr individuellen Halt \u2013 ein Must-have f\u00fcr entspannte Sommertage.<\/p>\n<ul data-path-to-node=\"21\">\n<li>\n<p data-path-to-node=\"21,0,0\"><b data-path-to-node=\"21,0,0\" data-index-in-node=\"0\">Typ:<\/b> Sabot \/ Pantolette<\/p>\n<\/li>\n<li>\n<p data-path-to-node=\"21,1,0\"><b data-path-to-node=\"21,1,0\" data-index-in-node=\"0\">Besonderheit:<\/b> Handgefertigte Wolln\u00e4hte, Bio-Sohle<\/p>\n<\/li>\n<li>\n<p data-path-to-node=\"21,2,0\"><b data-path-to-node=\"21,2,0\" data-index-in-node=\"0\">Pflege:<\/b> Vor N\u00e4sse und Hitze sch\u00fctzen. Zur Aufbewahrung mit Seidenpapier f\u00fcllen.<\/p>\n<\/li>\n<\/ul>\n","protected":false},"excerpt":{"rendered":"<p>Diese exklusiven Sabots von MOU vereinen rustikales Design mit modernem Komfort. Gefertigt aus cognacfarbenem Wildleder und veredelt mit den charakteristischen H\u00e4keln\u00e4hten, bieten diese r\u00fcckseitig offenen Schuhe (Sabots) dank des ergonomischen Fu\u00dfbetts einen unvergleichlichen Tragekomfort. Die verstellbaren Schnallen sorgen f\u00fcr individuellen Halt \u2013 ein Must-have f\u00fcr entspannte Sommertage. Typ: Sabot \/ Pantolette Besonderheit: Handgefertigte Wolln\u00e4hte, Bio-Sohle &hellip;<\/p>\n","protected":false},"featured_media":25243,"template":"","meta":[],"product_brand":[386],"product_cat":[344],"product_tag":[],"class_list":{"0":"post-25225","1":"product","2":"type-product","3":"status-publish","4":"has-post-thumbnail","6":"product_brand-mou","7":"product_cat-sabot","9":"first","10":"instock","11":"shipping-taxable","12":"purchasable","13":"product-type-variable","14":"has-default-attributes"},"yoast_head":"<!-- This site is optimized with the Yoast SEO plugin v27.4 - https:\/\/yoast.com\/product\/yoast-seo-wordpress\/ -->\n<title>MOU COG - Bio-Buckle Sabots aus Wildleder<\/title>\n<meta name=\"robots\" content=\"index, follow, max-snippet:-1, max-image-preview:large, max-video-preview:-1\" \/>\n<link rel=\"canonical\" href=\"https:\/\/www.venisecollection.com\/de\/shop\/women\/sabot\/mu-sw631003a-cog\" \/>\n<meta property=\"og:locale\" content=\"de_DE\" \/>\n<meta property=\"og:type\" content=\"article\" \/>\n<meta property=\"og:title\" content=\"MOU COG - Bio-Buckle Sabots aus Wildleder\" \/>\n<meta property=\"og:description\" content=\"Diese exklusiven Sabots von MOU vereinen rustikales Design mit modernem Komfort. Gefertigt aus cognacfarbenem Wildleder und veredelt mit den charakteristischen H\u00e4keln\u00e4hten, bieten diese r\u00fcckseitig offenen Schuhe (Sabots) dank des ergonomischen Fu\u00dfbetts einen unvergleichlichen Tragekomfort. Die verstellbaren Schnallen sorgen f\u00fcr individuellen Halt \u2013 ein Must-have f\u00fcr entspannte Sommertage. Typ: Sabot \/ Pantolette Besonderheit: Handgefertigte Wolln\u00e4hte, Bio-Sohle &hellip;\" \/>\n<meta property=\"og:url\" content=\"https:\/\/www.venisecollection.com\/de\/shop\/women\/sabot\/mu-sw631003a-cog\" \/>\n<meta property=\"og:site_name\" content=\"VENISE COLLECTION\" \/>\n<meta property=\"article:modified_time\" content=\"2026-04-22T15:20:37+00:00\" \/>\n<meta property=\"og:image\" content=\"https:\/\/www.venisecollection.com\/cdn\/image.psd-155-5-2.webp\" \/>\n\t<meta property=\"og:image:width\" content=\"1280\" \/>\n\t<meta property=\"og:image:height\" content=\"1588\" \/>\n\t<meta property=\"og:image:type\" content=\"image\/webp\" \/>\n<meta name=\"twitter:card\" content=\"summary_large_image\" \/>\n<meta name=\"twitter:label1\" content=\"Gesch\u00e4tzte Lesezeit\" \/>\n\t<meta name=\"twitter:data1\" content=\"1\u00a0Minute\" \/>\n<script type=\"application\/ld+json\" class=\"yoast-schema-graph\">{\"@context\":\"https:\\\/\\\/schema.org\",\"@graph\":[{\"@type\":\"WebPage\",\"@id\":\"https:\\\/\\\/www.venisecollection.com\\\/de\\\/shop\\\/women\\\/sabot\\\/mu-sw631003a-cog\",\"url\":\"https:\\\/\\\/www.venisecollection.com\\\/de\\\/shop\\\/women\\\/sabot\\\/mu-sw631003a-cog\",\"name\":\"MOU COG - Bio-Buckle Sabots aus Wildleder\",\"isPartOf\":{\"@id\":\"https:\\\/\\\/www.venisecollection.com\\\/de#website\"},\"primaryImageOfPage\":{\"@id\":\"https:\\\/\\\/www.venisecollection.com\\\/de\\\/shop\\\/women\\\/sabot\\\/mu-sw631003a-cog#primaryimage\"},\"image\":{\"@id\":\"https:\\\/\\\/www.venisecollection.com\\\/de\\\/shop\\\/women\\\/sabot\\\/mu-sw631003a-cog#primaryimage\"},\"thumbnailUrl\":\"https:\\\/\\\/www.venisecollection.com\\\/cdn\\\/image.psd-155-5-2.webp\",\"datePublished\":\"2026-04-22T15:12:14+00:00\",\"dateModified\":\"2026-04-22T15:20:37+00:00\",\"breadcrumb\":{\"@id\":\"https:\\\/\\\/www.venisecollection.com\\\/de\\\/shop\\\/women\\\/sabot\\\/mu-sw631003a-cog#breadcrumb\"},\"inLanguage\":\"de\",\"potentialAction\":[{\"@type\":\"ReadAction\",\"target\":[\"https:\\\/\\\/www.venisecollection.com\\\/de\\\/shop\\\/women\\\/sabot\\\/mu-sw631003a-cog\"]}]},{\"@type\":\"ImageObject\",\"inLanguage\":\"de\",\"@id\":\"https:\\\/\\\/www.venisecollection.com\\\/de\\\/shop\\\/women\\\/sabot\\\/mu-sw631003a-cog#primaryimage\",\"url\":\"https:\\\/\\\/www.venisecollection.com\\\/cdn\\\/image.psd-155-5-2.webp\",\"contentUrl\":\"https:\\\/\\\/www.venisecollection.com\\\/cdn\\\/image.psd-155-5-2.webp\",\"width\":1280,\"height\":1588},{\"@type\":\"BreadcrumbList\",\"@id\":\"https:\\\/\\\/www.venisecollection.com\\\/de\\\/shop\\\/women\\\/sabot\\\/mu-sw631003a-cog#breadcrumb\",\"itemListElement\":[{\"@type\":\"ListItem\",\"position\":1,\"name\":\"Home\",\"item\":\"https:\\\/\\\/www.venisecollection.com\\\/de\\\/shop\"},{\"@type\":\"ListItem\",\"position\":2,\"name\":\"Startseite\",\"item\":\"https:\\\/\\\/www.venisecollection.com\\\/de\\\/shop\"},{\"@type\":\"ListItem\",\"position\":3,\"name\":\"MU.SW631003A COG\"}]},{\"@type\":\"WebSite\",\"@id\":\"https:\\\/\\\/www.venisecollection.com\\\/de#website\",\"url\":\"https:\\\/\\\/www.venisecollection.com\\\/de\",\"name\":\"VENISE COLLECTION\",\"description\":\"\",\"publisher\":{\"@id\":\"https:\\\/\\\/www.venisecollection.com\\\/de#organization\"},\"potentialAction\":[{\"@type\":\"SearchAction\",\"target\":{\"@type\":\"EntryPoint\",\"urlTemplate\":\"https:\\\/\\\/www.venisecollection.com\\\/de?s={search_term_string}\"},\"query-input\":{\"@type\":\"PropertyValueSpecification\",\"valueRequired\":true,\"valueName\":\"search_term_string\"}}],\"inLanguage\":\"de\"},{\"@type\":\"Organization\",\"@id\":\"https:\\\/\\\/www.venisecollection.com\\\/de#organization\",\"name\":\"VENISE COLLECTION\",\"url\":\"https:\\\/\\\/www.venisecollection.com\\\/de\",\"logo\":{\"@type\":\"ImageObject\",\"inLanguage\":\"de\",\"@id\":\"https:\\\/\\\/www.venisecollection.com\\\/de#\\\/schema\\\/logo\\\/image\\\/\",\"url\":\"https:\\\/\\\/www.venisecollection.com\\\/cdn\\\/seo.png\",\"contentUrl\":\"https:\\\/\\\/www.venisecollection.com\\\/cdn\\\/seo.png\",\"width\":1080,\"height\":1080,\"caption\":\"VENISE COLLECTION\"},\"image\":{\"@id\":\"https:\\\/\\\/www.venisecollection.com\\\/de#\\\/schema\\\/logo\\\/image\\\/\"},\"sameAs\":[\"https:\\\/\\\/www.instagram.com\\\/venisecollection\\\/\",\"https:\\\/\\\/fr.pinterest.com\\\/venisecollection\\\/\"]}]}<\/script>\n<!-- \/ Yoast SEO plugin. -->","yoast_head_json":{"title":"MOU COG - Bio-Buckle Sabots aus Wildleder","robots":{"index":"index","follow":"follow","max-snippet":"max-snippet:-1","max-image-preview":"max-image-preview:large","max-video-preview":"max-video-preview:-1"},"canonical":"https:\/\/www.venisecollection.com\/de\/shop\/women\/sabot\/mu-sw631003a-cog","og_locale":"de_DE","og_type":"article","og_title":"MOU COG - Bio-Buckle Sabots aus Wildleder","og_description":"Diese exklusiven Sabots von MOU vereinen rustikales Design mit modernem Komfort. Gefertigt aus cognacfarbenem Wildleder und veredelt mit den charakteristischen H\u00e4keln\u00e4hten, bieten diese r\u00fcckseitig offenen Schuhe (Sabots) dank des ergonomischen Fu\u00dfbetts einen unvergleichlichen Tragekomfort. Die verstellbaren Schnallen sorgen f\u00fcr individuellen Halt \u2013 ein Must-have f\u00fcr entspannte Sommertage. Typ: Sabot \/ Pantolette Besonderheit: Handgefertigte Wolln\u00e4hte, Bio-Sohle &hellip;","og_url":"https:\/\/www.venisecollection.com\/de\/shop\/women\/sabot\/mu-sw631003a-cog","og_site_name":"VENISE COLLECTION","article_modified_time":"2026-04-22T15:20:37+00:00","og_image":[{"width":1280,"height":1588,"url":"https:\/\/www.venisecollection.com\/cdn\/image.psd-155-5-2.webp","type":"image\/webp"}],"twitter_card":"summary_large_image","twitter_misc":{"Gesch\u00e4tzte Lesezeit":"1\u00a0Minute"},"schema":{"@context":"https:\/\/schema.org","@graph":[{"@type":"WebPage","@id":"https:\/\/www.venisecollection.com\/de\/shop\/women\/sabot\/mu-sw631003a-cog","url":"https:\/\/www.venisecollection.com\/de\/shop\/women\/sabot\/mu-sw631003a-cog","name":"MOU COG - Bio-Buckle Sabots aus Wildleder","isPartOf":{"@id":"https:\/\/www.venisecollection.com\/de#website"},"primaryImageOfPage":{"@id":"https:\/\/www.venisecollection.com\/de\/shop\/women\/sabot\/mu-sw631003a-cog#primaryimage"},"image":{"@id":"https:\/\/www.venisecollection.com\/de\/shop\/women\/sabot\/mu-sw631003a-cog#primaryimage"},"thumbnailUrl":"https:\/\/www.venisecollection.com\/cdn\/image.psd-155-5-2.webp","datePublished":"2026-04-22T15:12:14+00:00","dateModified":"2026-04-22T15:20:37+00:00","breadcrumb":{"@id":"https:\/\/www.venisecollection.com\/de\/shop\/women\/sabot\/mu-sw631003a-cog#breadcrumb"},"inLanguage":"de","potentialAction":[{"@type":"ReadAction","target":["https:\/\/www.venisecollection.com\/de\/shop\/women\/sabot\/mu-sw631003a-cog"]}]},{"@type":"ImageObject","inLanguage":"de","@id":"https:\/\/www.venisecollection.com\/de\/shop\/women\/sabot\/mu-sw631003a-cog#primaryimage","url":"https:\/\/www.venisecollection.com\/cdn\/image.psd-155-5-2.webp","contentUrl":"https:\/\/www.venisecollection.com\/cdn\/image.psd-155-5-2.webp","width":1280,"height":1588},{"@type":"BreadcrumbList","@id":"https:\/\/www.venisecollection.com\/de\/shop\/women\/sabot\/mu-sw631003a-cog#breadcrumb","itemListElement":[{"@type":"ListItem","position":1,"name":"Home","item":"https:\/\/www.venisecollection.com\/de\/shop"},{"@type":"ListItem","position":2,"name":"Startseite","item":"https:\/\/www.venisecollection.com\/de\/shop"},{"@type":"ListItem","position":3,"name":"MU.SW631003A COG"}]},{"@type":"WebSite","@id":"https:\/\/www.venisecollection.com\/de#website","url":"https:\/\/www.venisecollection.com\/de","name":"VENISE COLLECTION","description":"","publisher":{"@id":"https:\/\/www.venisecollection.com\/de#organization"},"potentialAction":[{"@type":"SearchAction","target":{"@type":"EntryPoint","urlTemplate":"https:\/\/www.venisecollection.com\/de?s={search_term_string}"},"query-input":{"@type":"PropertyValueSpecification","valueRequired":true,"valueName":"search_term_string"}}],"inLanguage":"de"},{"@type":"Organization","@id":"https:\/\/www.venisecollection.com\/de#organization","name":"VENISE COLLECTION","url":"https:\/\/www.venisecollection.com\/de","logo":{"@type":"ImageObject","inLanguage":"de","@id":"https:\/\/www.venisecollection.com\/de#\/schema\/logo\/image\/","url":"https:\/\/www.venisecollection.com\/cdn\/seo.png","contentUrl":"https:\/\/www.venisecollection.com\/cdn\/seo.png","width":1080,"height":1080,"caption":"VENISE COLLECTION"},"image":{"@id":"https:\/\/www.venisecollection.com\/de#\/schema\/logo\/image\/"},"sameAs":["https:\/\/www.instagram.com\/venisecollection\/","https:\/\/fr.pinterest.com\/venisecollection\/"]}]}},"_links":{"self":[{"href":"https:\/\/www.venisecollection.com\/de\/wp-json\/wp\/v2\/product\/25225","targetHints":{"allow":["GET"]}}],"collection":[{"href":"https:\/\/www.venisecollection.com\/de\/wp-json\/wp\/v2\/product"}],"about":[{"href":"https:\/\/www.venisecollection.com\/de\/wp-json\/wp\/v2\/types\/product"}],"wp:featuredmedia":[{"embeddable":true,"href":"https:\/\/www.venisecollection.com\/de\/wp-json\/wp\/v2\/media\/25243"}],"wp:attachment":[{"href":"https:\/\/www.venisecollection.com\/de\/wp-json\/wp\/v2\/media?parent=25225"}],"wp:term":[{"taxonomy":"product_brand","embeddable":true,"href":"https:\/\/www.venisecollection.com\/de\/wp-json\/wp\/v2\/product_brand?post=25225"},{"taxonomy":"product_cat","embeddable":true,"href":"https:\/\/www.venisecollection.com\/de\/wp-json\/wp\/v2\/product_cat?post=25225"},{"taxonomy":"product_tag","embeddable":true,"href":"https:\/\/www.venisecollection.com\/de\/wp-json\/wp\/v2\/product_tag?post=25225"}],"curies":[{"name":"wp","href":"https:\/\/api.w.org\/{rel}","templated":true}]}}