{"id":25289,"date":"2026-04-22T16:39:59","date_gmt":"2026-04-22T16:39:59","guid":{"rendered":"https:\/\/www.venisecollection.com\/?post_type=product&#038;p=25289"},"modified":"2026-04-22T16:45:38","modified_gmt":"2026-04-22T16:45:38","slug":"mu-sw731008a-chlk","status":"publish","type":"product","link":"https:\/\/www.venisecollection.com\/de\/shop\/women\/ballerinas\/mu-sw731008a-chlk","title":{"rendered":"MU.SW731008A CHLK"},"content":{"rendered":"<p data-path-to-node=\"20\">Erleben Sie den Inbegriff von Komfort und Stil mit den <b data-path-to-node=\"20\" data-index-in-node=\"69\">MOU CHLK Ballerinas<\/b>. Diese luxuri\u00f6sen flachen Schuhe sind aus feinstem Rinds-Wildleder in einem sanften Kreidewei\u00df gefertigt. Einzigartige lasergeschnittene Perforationen und handgearbeitete Ziern\u00e4hte verleihen diesem Modell einen unverwechselbaren Vintage-Look. Der breite Kn\u00f6chelriemen mit markanter Bronzeschnalle und Metallringen sorgt f\u00fcr einen sicheren Halt und setzt ein modisches Statement. Dank der robusten Gummisohle ist dieser Schuh der ideale Begleiter f\u00fcr den anspruchsvollen Alltag.<\/p>\n<ul data-path-to-node=\"21\">\n<li>\n<p data-path-to-node=\"21,0,0\"><b data-path-to-node=\"21,0,0\" data-index-in-node=\"0\">Material:<\/b> Obermaterial aus Rinds-Wildleder; Gummisohle<\/p>\n<\/li>\n<li>\n<p data-path-to-node=\"21,1,0\"><b data-path-to-node=\"21,1,0\" data-index-in-node=\"0\">Farbe:<\/b> CHLK (Chalk \/ Kreide)<\/p>\n<\/li>\n<li>\n<p data-path-to-node=\"21,2,0\"><b data-path-to-node=\"21,2,0\" data-index-in-node=\"0\">Highlights:<\/b> Geometrische Lochmuster, verstellbarer Riemen, handgen\u00e4hte Kanten<\/p>\n<\/li>\n<li>\n<p data-path-to-node=\"21,3,0\"><b data-path-to-node=\"21,3,0\" data-index-in-node=\"0\">Anlass:<\/b> Perfekt f\u00fcr elegante Freizeit-Looks und sommerliche Events.<\/p>\n<\/li>\n<\/ul>\n","protected":false},"excerpt":{"rendered":"<p>Erleben Sie den Inbegriff von Komfort und Stil mit den MOU CHLK Ballerinas. Diese luxuri\u00f6sen flachen Schuhe sind aus feinstem Rinds-Wildleder in einem sanften Kreidewei\u00df gefertigt. Einzigartige lasergeschnittene Perforationen und handgearbeitete Ziern\u00e4hte verleihen diesem Modell einen unverwechselbaren Vintage-Look. Der breite Kn\u00f6chelriemen mit markanter Bronzeschnalle und Metallringen sorgt f\u00fcr einen sicheren Halt und setzt ein modisches &hellip;<\/p>\n","protected":false},"featured_media":25323,"template":"","meta":[],"product_brand":[386],"product_cat":[111],"product_tag":[],"class_list":{"0":"post-25289","1":"product","2":"type-product","3":"status-publish","4":"has-post-thumbnail","6":"product_brand-mou","7":"product_cat-ballerinas","9":"first","10":"instock","11":"shipping-taxable","12":"purchasable","13":"product-type-variable","14":"has-default-attributes"},"yoast_head":"<!-- This site is optimized with the Yoast SEO plugin v27.4 - https:\/\/yoast.com\/product\/yoast-seo-wordpress\/ -->\n<title>MOU CHLK Damen Ballerinas aus Wildleder mit Kn\u00f6chelriemen - Kreide<\/title>\n<meta name=\"robots\" content=\"index, follow, max-snippet:-1, max-image-preview:large, max-video-preview:-1\" \/>\n<link rel=\"canonical\" href=\"https:\/\/www.venisecollection.com\/de\/shop\/women\/ballerinas\/mu-sw731008a-chlk\" \/>\n<meta property=\"og:locale\" content=\"de_DE\" \/>\n<meta property=\"og:type\" content=\"article\" \/>\n<meta property=\"og:title\" content=\"MOU CHLK Damen Ballerinas aus Wildleder mit Kn\u00f6chelriemen - Kreide\" \/>\n<meta property=\"og:description\" content=\"Erleben Sie den Inbegriff von Komfort und Stil mit den MOU CHLK Ballerinas. Diese luxuri\u00f6sen flachen Schuhe sind aus feinstem Rinds-Wildleder in einem sanften Kreidewei\u00df gefertigt. Einzigartige lasergeschnittene Perforationen und handgearbeitete Ziern\u00e4hte verleihen diesem Modell einen unverwechselbaren Vintage-Look. Der breite Kn\u00f6chelriemen mit markanter Bronzeschnalle und Metallringen sorgt f\u00fcr einen sicheren Halt und setzt ein modisches &hellip;\" \/>\n<meta property=\"og:url\" content=\"https:\/\/www.venisecollection.com\/de\/shop\/women\/ballerinas\/mu-sw731008a-chlk\" \/>\n<meta property=\"og:site_name\" content=\"VENISE COLLECTION\" \/>\n<meta property=\"article:modified_time\" content=\"2026-04-22T16:45:38+00:00\" \/>\n<meta property=\"og:image\" content=\"https:\/\/www.venisecollection.com\/cdn\/image.psd-157-1.webp\" \/>\n\t<meta property=\"og:image:width\" content=\"1280\" \/>\n\t<meta property=\"og:image:height\" content=\"1588\" \/>\n\t<meta property=\"og:image:type\" content=\"image\/webp\" \/>\n<meta name=\"twitter:card\" content=\"summary_large_image\" \/>\n<meta name=\"twitter:label1\" content=\"Gesch\u00e4tzte Lesezeit\" \/>\n\t<meta name=\"twitter:data1\" content=\"1\u00a0Minute\" \/>\n<script type=\"application\/ld+json\" class=\"yoast-schema-graph\">{\"@context\":\"https:\\\/\\\/schema.org\",\"@graph\":[{\"@type\":\"WebPage\",\"@id\":\"https:\\\/\\\/www.venisecollection.com\\\/de\\\/shop\\\/women\\\/ballerinas\\\/mu-sw731008a-chlk\",\"url\":\"https:\\\/\\\/www.venisecollection.com\\\/de\\\/shop\\\/women\\\/ballerinas\\\/mu-sw731008a-chlk\",\"name\":\"MOU CHLK Damen Ballerinas aus Wildleder mit Kn\u00f6chelriemen - Kreide\",\"isPartOf\":{\"@id\":\"https:\\\/\\\/www.venisecollection.com\\\/de#website\"},\"primaryImageOfPage\":{\"@id\":\"https:\\\/\\\/www.venisecollection.com\\\/de\\\/shop\\\/women\\\/ballerinas\\\/mu-sw731008a-chlk#primaryimage\"},\"image\":{\"@id\":\"https:\\\/\\\/www.venisecollection.com\\\/de\\\/shop\\\/women\\\/ballerinas\\\/mu-sw731008a-chlk#primaryimage\"},\"thumbnailUrl\":\"https:\\\/\\\/www.venisecollection.com\\\/cdn\\\/image.psd-157-1.webp\",\"datePublished\":\"2026-04-22T16:39:59+00:00\",\"dateModified\":\"2026-04-22T16:45:38+00:00\",\"breadcrumb\":{\"@id\":\"https:\\\/\\\/www.venisecollection.com\\\/de\\\/shop\\\/women\\\/ballerinas\\\/mu-sw731008a-chlk#breadcrumb\"},\"inLanguage\":\"de\",\"potentialAction\":[{\"@type\":\"ReadAction\",\"target\":[\"https:\\\/\\\/www.venisecollection.com\\\/de\\\/shop\\\/women\\\/ballerinas\\\/mu-sw731008a-chlk\"]}]},{\"@type\":\"ImageObject\",\"inLanguage\":\"de\",\"@id\":\"https:\\\/\\\/www.venisecollection.com\\\/de\\\/shop\\\/women\\\/ballerinas\\\/mu-sw731008a-chlk#primaryimage\",\"url\":\"https:\\\/\\\/www.venisecollection.com\\\/cdn\\\/image.psd-157-1.webp\",\"contentUrl\":\"https:\\\/\\\/www.venisecollection.com\\\/cdn\\\/image.psd-157-1.webp\",\"width\":1280,\"height\":1588},{\"@type\":\"BreadcrumbList\",\"@id\":\"https:\\\/\\\/www.venisecollection.com\\\/de\\\/shop\\\/women\\\/ballerinas\\\/mu-sw731008a-chlk#breadcrumb\",\"itemListElement\":[{\"@type\":\"ListItem\",\"position\":1,\"name\":\"Home\",\"item\":\"https:\\\/\\\/www.venisecollection.com\\\/de\\\/shop\"},{\"@type\":\"ListItem\",\"position\":2,\"name\":\"Startseite\",\"item\":\"https:\\\/\\\/www.venisecollection.com\\\/de\\\/shop\"},{\"@type\":\"ListItem\",\"position\":3,\"name\":\"MU.SW731008A CHLK\"}]},{\"@type\":\"WebSite\",\"@id\":\"https:\\\/\\\/www.venisecollection.com\\\/de#website\",\"url\":\"https:\\\/\\\/www.venisecollection.com\\\/de\",\"name\":\"VENISE COLLECTION\",\"description\":\"\",\"publisher\":{\"@id\":\"https:\\\/\\\/www.venisecollection.com\\\/de#organization\"},\"potentialAction\":[{\"@type\":\"SearchAction\",\"target\":{\"@type\":\"EntryPoint\",\"urlTemplate\":\"https:\\\/\\\/www.venisecollection.com\\\/de?s={search_term_string}\"},\"query-input\":{\"@type\":\"PropertyValueSpecification\",\"valueRequired\":true,\"valueName\":\"search_term_string\"}}],\"inLanguage\":\"de\"},{\"@type\":\"Organization\",\"@id\":\"https:\\\/\\\/www.venisecollection.com\\\/de#organization\",\"name\":\"VENISE COLLECTION\",\"url\":\"https:\\\/\\\/www.venisecollection.com\\\/de\",\"logo\":{\"@type\":\"ImageObject\",\"inLanguage\":\"de\",\"@id\":\"https:\\\/\\\/www.venisecollection.com\\\/de#\\\/schema\\\/logo\\\/image\\\/\",\"url\":\"https:\\\/\\\/www.venisecollection.com\\\/cdn\\\/seo.png\",\"contentUrl\":\"https:\\\/\\\/www.venisecollection.com\\\/cdn\\\/seo.png\",\"width\":1080,\"height\":1080,\"caption\":\"VENISE COLLECTION\"},\"image\":{\"@id\":\"https:\\\/\\\/www.venisecollection.com\\\/de#\\\/schema\\\/logo\\\/image\\\/\"},\"sameAs\":[\"https:\\\/\\\/www.instagram.com\\\/venisecollection\\\/\",\"https:\\\/\\\/fr.pinterest.com\\\/venisecollection\\\/\"]}]}<\/script>\n<!-- \/ Yoast SEO plugin. -->","yoast_head_json":{"title":"MOU CHLK Damen Ballerinas aus Wildleder mit Kn\u00f6chelriemen - Kreide","robots":{"index":"index","follow":"follow","max-snippet":"max-snippet:-1","max-image-preview":"max-image-preview:large","max-video-preview":"max-video-preview:-1"},"canonical":"https:\/\/www.venisecollection.com\/de\/shop\/women\/ballerinas\/mu-sw731008a-chlk","og_locale":"de_DE","og_type":"article","og_title":"MOU CHLK Damen Ballerinas aus Wildleder mit Kn\u00f6chelriemen - Kreide","og_description":"Erleben Sie den Inbegriff von Komfort und Stil mit den MOU CHLK Ballerinas. Diese luxuri\u00f6sen flachen Schuhe sind aus feinstem Rinds-Wildleder in einem sanften Kreidewei\u00df gefertigt. Einzigartige lasergeschnittene Perforationen und handgearbeitete Ziern\u00e4hte verleihen diesem Modell einen unverwechselbaren Vintage-Look. Der breite Kn\u00f6chelriemen mit markanter Bronzeschnalle und Metallringen sorgt f\u00fcr einen sicheren Halt und setzt ein modisches &hellip;","og_url":"https:\/\/www.venisecollection.com\/de\/shop\/women\/ballerinas\/mu-sw731008a-chlk","og_site_name":"VENISE COLLECTION","article_modified_time":"2026-04-22T16:45:38+00:00","og_image":[{"width":1280,"height":1588,"url":"https:\/\/www.venisecollection.com\/cdn\/image.psd-157-1.webp","type":"image\/webp"}],"twitter_card":"summary_large_image","twitter_misc":{"Gesch\u00e4tzte Lesezeit":"1\u00a0Minute"},"schema":{"@context":"https:\/\/schema.org","@graph":[{"@type":"WebPage","@id":"https:\/\/www.venisecollection.com\/de\/shop\/women\/ballerinas\/mu-sw731008a-chlk","url":"https:\/\/www.venisecollection.com\/de\/shop\/women\/ballerinas\/mu-sw731008a-chlk","name":"MOU CHLK Damen Ballerinas aus Wildleder mit Kn\u00f6chelriemen - Kreide","isPartOf":{"@id":"https:\/\/www.venisecollection.com\/de#website"},"primaryImageOfPage":{"@id":"https:\/\/www.venisecollection.com\/de\/shop\/women\/ballerinas\/mu-sw731008a-chlk#primaryimage"},"image":{"@id":"https:\/\/www.venisecollection.com\/de\/shop\/women\/ballerinas\/mu-sw731008a-chlk#primaryimage"},"thumbnailUrl":"https:\/\/www.venisecollection.com\/cdn\/image.psd-157-1.webp","datePublished":"2026-04-22T16:39:59+00:00","dateModified":"2026-04-22T16:45:38+00:00","breadcrumb":{"@id":"https:\/\/www.venisecollection.com\/de\/shop\/women\/ballerinas\/mu-sw731008a-chlk#breadcrumb"},"inLanguage":"de","potentialAction":[{"@type":"ReadAction","target":["https:\/\/www.venisecollection.com\/de\/shop\/women\/ballerinas\/mu-sw731008a-chlk"]}]},{"@type":"ImageObject","inLanguage":"de","@id":"https:\/\/www.venisecollection.com\/de\/shop\/women\/ballerinas\/mu-sw731008a-chlk#primaryimage","url":"https:\/\/www.venisecollection.com\/cdn\/image.psd-157-1.webp","contentUrl":"https:\/\/www.venisecollection.com\/cdn\/image.psd-157-1.webp","width":1280,"height":1588},{"@type":"BreadcrumbList","@id":"https:\/\/www.venisecollection.com\/de\/shop\/women\/ballerinas\/mu-sw731008a-chlk#breadcrumb","itemListElement":[{"@type":"ListItem","position":1,"name":"Home","item":"https:\/\/www.venisecollection.com\/de\/shop"},{"@type":"ListItem","position":2,"name":"Startseite","item":"https:\/\/www.venisecollection.com\/de\/shop"},{"@type":"ListItem","position":3,"name":"MU.SW731008A CHLK"}]},{"@type":"WebSite","@id":"https:\/\/www.venisecollection.com\/de#website","url":"https:\/\/www.venisecollection.com\/de","name":"VENISE COLLECTION","description":"","publisher":{"@id":"https:\/\/www.venisecollection.com\/de#organization"},"potentialAction":[{"@type":"SearchAction","target":{"@type":"EntryPoint","urlTemplate":"https:\/\/www.venisecollection.com\/de?s={search_term_string}"},"query-input":{"@type":"PropertyValueSpecification","valueRequired":true,"valueName":"search_term_string"}}],"inLanguage":"de"},{"@type":"Organization","@id":"https:\/\/www.venisecollection.com\/de#organization","name":"VENISE COLLECTION","url":"https:\/\/www.venisecollection.com\/de","logo":{"@type":"ImageObject","inLanguage":"de","@id":"https:\/\/www.venisecollection.com\/de#\/schema\/logo\/image\/","url":"https:\/\/www.venisecollection.com\/cdn\/seo.png","contentUrl":"https:\/\/www.venisecollection.com\/cdn\/seo.png","width":1080,"height":1080,"caption":"VENISE COLLECTION"},"image":{"@id":"https:\/\/www.venisecollection.com\/de#\/schema\/logo\/image\/"},"sameAs":["https:\/\/www.instagram.com\/venisecollection\/","https:\/\/fr.pinterest.com\/venisecollection\/"]}]}},"_links":{"self":[{"href":"https:\/\/www.venisecollection.com\/de\/wp-json\/wp\/v2\/product\/25289","targetHints":{"allow":["GET"]}}],"collection":[{"href":"https:\/\/www.venisecollection.com\/de\/wp-json\/wp\/v2\/product"}],"about":[{"href":"https:\/\/www.venisecollection.com\/de\/wp-json\/wp\/v2\/types\/product"}],"wp:featuredmedia":[{"embeddable":true,"href":"https:\/\/www.venisecollection.com\/de\/wp-json\/wp\/v2\/media\/25323"}],"wp:attachment":[{"href":"https:\/\/www.venisecollection.com\/de\/wp-json\/wp\/v2\/media?parent=25289"}],"wp:term":[{"taxonomy":"product_brand","embeddable":true,"href":"https:\/\/www.venisecollection.com\/de\/wp-json\/wp\/v2\/product_brand?post=25289"},{"taxonomy":"product_cat","embeddable":true,"href":"https:\/\/www.venisecollection.com\/de\/wp-json\/wp\/v2\/product_cat?post=25289"},{"taxonomy":"product_tag","embeddable":true,"href":"https:\/\/www.venisecollection.com\/de\/wp-json\/wp\/v2\/product_tag?post=25289"}],"curies":[{"name":"wp","href":"https:\/\/api.w.org\/{rel}","templated":true}]}}