{"id":25666,"date":"2026-04-27T14:32:28","date_gmt":"2026-04-27T14:32:28","guid":{"rendered":"https:\/\/www.venisecollection.com\/?post_type=product&#038;p=25666"},"modified":"2026-04-27T14:53:14","modified_gmt":"2026-04-27T14:53:14","slug":"kore-desert-moka","status":"publish","type":"product","link":"https:\/\/www.venisecollection.com\/de\/shop\/women\/sneakers\/kore-desert-moka","title":{"rendered":"Kore Desert Moka"},"content":{"rendered":"<p data-path-to-node=\"20\">Der <b data-path-to-node=\"20\" data-index-in-node=\"18\">ASH Kore Desert<\/b> ist der ideale Begleiter f\u00fcr aktive Sommertage. Dieser Hybrid-Sneaker kombiniert feinstes Ziegenwildleder mit gro\u00dffl\u00e4chigen Mesh-Eins\u00e4tzen, die f\u00fcr eine exzellente Luftzirkulation sorgen. Das sportliche Design mit dem charakteristischen Riemen und der d\u00e4mpfenden Laufsohle bietet den gewohnten Komfort eines hochwertigen Sneakers bei maximaler Leichtigkeit. Das Innenfutter aus echtem Kalbsleder sorgt f\u00fcr ein luxuri\u00f6ses Tragegef\u00fchl, w\u00e4hrend die robuste Gummisohle perfekten Halt auf allen Wegen garantiert.<\/p>\n<ul data-path-to-node=\"21\">\n<li>\n<p data-path-to-node=\"21,0,0\"><b data-path-to-node=\"21,0,0\" data-index-in-node=\"0\">Obermaterial:<\/b> 100% Ziegenwildleder und technisches Mesh<\/p>\n<\/li>\n<li>\n<p data-path-to-node=\"21,1,0\"><b data-path-to-node=\"21,1,0\" data-index-in-node=\"0\">Innenfutter:<\/b> 100% Hochwertiges Kalbsleder<\/p>\n<\/li>\n<li>\n<p data-path-to-node=\"21,2,0\"><b data-path-to-node=\"21,2,0\" data-index-in-node=\"0\">Sohle:<\/b> Rutschfester Gummi mit sportlichem Profil<\/p>\n<\/li>\n<li>\n<p data-path-to-node=\"21,3,0\"><b data-path-to-node=\"21,3,0\" data-index-in-node=\"0\">Besonderheit:<\/b> Atmungsaktives Design f\u00fcr hei\u00dfe Tage.<\/p>\n<\/li>\n<\/ul>\n","protected":false},"excerpt":{"rendered":"<p>Der ASH Kore Desert ist der ideale Begleiter f\u00fcr aktive Sommertage. Dieser Hybrid-Sneaker kombiniert feinstes Ziegenwildleder mit gro\u00dffl\u00e4chigen Mesh-Eins\u00e4tzen, die f\u00fcr eine exzellente Luftzirkulation sorgen. Das sportliche Design mit dem charakteristischen Riemen und der d\u00e4mpfenden Laufsohle bietet den gewohnten Komfort eines hochwertigen Sneakers bei maximaler Leichtigkeit. Das Innenfutter aus echtem Kalbsleder sorgt f\u00fcr ein luxuri\u00f6ses &hellip;<\/p>\n","protected":false},"featured_media":25700,"template":"","meta":[],"product_brand":[391],"product_cat":[114],"product_tag":[],"class_list":{"0":"post-25666","1":"product","2":"type-product","3":"status-publish","4":"has-post-thumbnail","6":"product_brand-ash","7":"product_cat-sneakers","9":"first","10":"instock","11":"shipping-taxable","12":"purchasable","13":"product-type-variable","14":"has-default-attributes"},"yoast_head":"<!-- This site is optimized with the Yoast SEO plugin v27.5 - https:\/\/yoast.com\/product\/yoast-seo-wordpress\/ -->\n<title>ASH Damen Sommer-Sneaker - Luftige Wanderschuhe aus Wildleder und Mesh<\/title>\n<meta name=\"robots\" content=\"index, follow, max-snippet:-1, max-image-preview:large, max-video-preview:-1\" \/>\n<link rel=\"canonical\" href=\"https:\/\/www.venisecollection.com\/de\/shop\/women\/sneakers\/kore-desert-moka\" \/>\n<meta property=\"og:locale\" content=\"de_DE\" \/>\n<meta property=\"og:type\" content=\"article\" \/>\n<meta property=\"og:title\" content=\"ASH Damen Sommer-Sneaker - Luftige Wanderschuhe aus Wildleder und Mesh\" \/>\n<meta property=\"og:description\" content=\"Der ASH Kore Desert ist der ideale Begleiter f\u00fcr aktive Sommertage. Dieser Hybrid-Sneaker kombiniert feinstes Ziegenwildleder mit gro\u00dffl\u00e4chigen Mesh-Eins\u00e4tzen, die f\u00fcr eine exzellente Luftzirkulation sorgen. Das sportliche Design mit dem charakteristischen Riemen und der d\u00e4mpfenden Laufsohle bietet den gewohnten Komfort eines hochwertigen Sneakers bei maximaler Leichtigkeit. Das Innenfutter aus echtem Kalbsleder sorgt f\u00fcr ein luxuri\u00f6ses &hellip;\" \/>\n<meta property=\"og:url\" content=\"https:\/\/www.venisecollection.com\/de\/shop\/women\/sneakers\/kore-desert-moka\" \/>\n<meta property=\"og:site_name\" content=\"VENISE COLLECTION\" \/>\n<meta property=\"article:modified_time\" content=\"2026-04-27T14:53:14+00:00\" \/>\n<meta property=\"og:image\" content=\"https:\/\/www.venisecollection.com\/cdn\/image-244.webp\" \/>\n\t<meta property=\"og:image:width\" content=\"1280\" \/>\n\t<meta property=\"og:image:height\" content=\"1588\" \/>\n\t<meta property=\"og:image:type\" content=\"image\/webp\" \/>\n<meta name=\"twitter:card\" content=\"summary_large_image\" \/>\n<meta name=\"twitter:label1\" content=\"Gesch\u00e4tzte Lesezeit\" \/>\n\t<meta name=\"twitter:data1\" content=\"1\u00a0Minute\" \/>\n<script type=\"application\/ld+json\" class=\"yoast-schema-graph\">{\"@context\":\"https:\\\/\\\/schema.org\",\"@graph\":[{\"@type\":\"WebPage\",\"@id\":\"https:\\\/\\\/www.venisecollection.com\\\/de\\\/shop\\\/women\\\/sneakers\\\/kore-desert-moka\",\"url\":\"https:\\\/\\\/www.venisecollection.com\\\/de\\\/shop\\\/women\\\/sneakers\\\/kore-desert-moka\",\"name\":\"ASH Damen Sommer-Sneaker - Luftige Wanderschuhe aus Wildleder und Mesh\",\"isPartOf\":{\"@id\":\"https:\\\/\\\/www.venisecollection.com\\\/de#website\"},\"primaryImageOfPage\":{\"@id\":\"https:\\\/\\\/www.venisecollection.com\\\/de\\\/shop\\\/women\\\/sneakers\\\/kore-desert-moka#primaryimage\"},\"image\":{\"@id\":\"https:\\\/\\\/www.venisecollection.com\\\/de\\\/shop\\\/women\\\/sneakers\\\/kore-desert-moka#primaryimage\"},\"thumbnailUrl\":\"https:\\\/\\\/www.venisecollection.com\\\/cdn\\\/image-244.webp\",\"datePublished\":\"2026-04-27T14:32:28+00:00\",\"dateModified\":\"2026-04-27T14:53:14+00:00\",\"breadcrumb\":{\"@id\":\"https:\\\/\\\/www.venisecollection.com\\\/de\\\/shop\\\/women\\\/sneakers\\\/kore-desert-moka#breadcrumb\"},\"inLanguage\":\"de\",\"potentialAction\":[{\"@type\":\"ReadAction\",\"target\":[\"https:\\\/\\\/www.venisecollection.com\\\/de\\\/shop\\\/women\\\/sneakers\\\/kore-desert-moka\"]}]},{\"@type\":\"ImageObject\",\"inLanguage\":\"de\",\"@id\":\"https:\\\/\\\/www.venisecollection.com\\\/de\\\/shop\\\/women\\\/sneakers\\\/kore-desert-moka#primaryimage\",\"url\":\"https:\\\/\\\/www.venisecollection.com\\\/cdn\\\/image-244.webp\",\"contentUrl\":\"https:\\\/\\\/www.venisecollection.com\\\/cdn\\\/image-244.webp\",\"width\":1280,\"height\":1588},{\"@type\":\"BreadcrumbList\",\"@id\":\"https:\\\/\\\/www.venisecollection.com\\\/de\\\/shop\\\/women\\\/sneakers\\\/kore-desert-moka#breadcrumb\",\"itemListElement\":[{\"@type\":\"ListItem\",\"position\":1,\"name\":\"Home\",\"item\":\"https:\\\/\\\/www.venisecollection.com\\\/de\\\/shop\"},{\"@type\":\"ListItem\",\"position\":2,\"name\":\"Startseite\",\"item\":\"https:\\\/\\\/www.venisecollection.com\\\/de\\\/shop\"},{\"@type\":\"ListItem\",\"position\":3,\"name\":\"Kore Desert Moka\"}]},{\"@type\":\"WebSite\",\"@id\":\"https:\\\/\\\/www.venisecollection.com\\\/de#website\",\"url\":\"https:\\\/\\\/www.venisecollection.com\\\/de\",\"name\":\"VENISE COLLECTION\",\"description\":\"\",\"publisher\":{\"@id\":\"https:\\\/\\\/www.venisecollection.com\\\/de#organization\"},\"potentialAction\":[{\"@type\":\"SearchAction\",\"target\":{\"@type\":\"EntryPoint\",\"urlTemplate\":\"https:\\\/\\\/www.venisecollection.com\\\/de?s={search_term_string}\"},\"query-input\":{\"@type\":\"PropertyValueSpecification\",\"valueRequired\":true,\"valueName\":\"search_term_string\"}}],\"inLanguage\":\"de\"},{\"@type\":\"Organization\",\"@id\":\"https:\\\/\\\/www.venisecollection.com\\\/de#organization\",\"name\":\"VENISE COLLECTION\",\"url\":\"https:\\\/\\\/www.venisecollection.com\\\/de\",\"logo\":{\"@type\":\"ImageObject\",\"inLanguage\":\"de\",\"@id\":\"https:\\\/\\\/www.venisecollection.com\\\/de#\\\/schema\\\/logo\\\/image\\\/\",\"url\":\"https:\\\/\\\/www.venisecollection.com\\\/cdn\\\/seo.png\",\"contentUrl\":\"https:\\\/\\\/www.venisecollection.com\\\/cdn\\\/seo.png\",\"width\":1080,\"height\":1080,\"caption\":\"VENISE COLLECTION\"},\"image\":{\"@id\":\"https:\\\/\\\/www.venisecollection.com\\\/de#\\\/schema\\\/logo\\\/image\\\/\"},\"sameAs\":[\"https:\\\/\\\/www.instagram.com\\\/venisecollection\\\/\",\"https:\\\/\\\/fr.pinterest.com\\\/venisecollection\\\/\"]}]}<\/script>\n<!-- \/ Yoast SEO plugin. -->","yoast_head_json":{"title":"ASH Damen Sommer-Sneaker - Luftige Wanderschuhe aus Wildleder und Mesh","robots":{"index":"index","follow":"follow","max-snippet":"max-snippet:-1","max-image-preview":"max-image-preview:large","max-video-preview":"max-video-preview:-1"},"canonical":"https:\/\/www.venisecollection.com\/de\/shop\/women\/sneakers\/kore-desert-moka","og_locale":"de_DE","og_type":"article","og_title":"ASH Damen Sommer-Sneaker - Luftige Wanderschuhe aus Wildleder und Mesh","og_description":"Der ASH Kore Desert ist der ideale Begleiter f\u00fcr aktive Sommertage. Dieser Hybrid-Sneaker kombiniert feinstes Ziegenwildleder mit gro\u00dffl\u00e4chigen Mesh-Eins\u00e4tzen, die f\u00fcr eine exzellente Luftzirkulation sorgen. Das sportliche Design mit dem charakteristischen Riemen und der d\u00e4mpfenden Laufsohle bietet den gewohnten Komfort eines hochwertigen Sneakers bei maximaler Leichtigkeit. Das Innenfutter aus echtem Kalbsleder sorgt f\u00fcr ein luxuri\u00f6ses &hellip;","og_url":"https:\/\/www.venisecollection.com\/de\/shop\/women\/sneakers\/kore-desert-moka","og_site_name":"VENISE COLLECTION","article_modified_time":"2026-04-27T14:53:14+00:00","og_image":[{"width":1280,"height":1588,"url":"https:\/\/www.venisecollection.com\/cdn\/image-244.webp","type":"image\/webp"}],"twitter_card":"summary_large_image","twitter_misc":{"Gesch\u00e4tzte Lesezeit":"1\u00a0Minute"},"schema":{"@context":"https:\/\/schema.org","@graph":[{"@type":"WebPage","@id":"https:\/\/www.venisecollection.com\/de\/shop\/women\/sneakers\/kore-desert-moka","url":"https:\/\/www.venisecollection.com\/de\/shop\/women\/sneakers\/kore-desert-moka","name":"ASH Damen Sommer-Sneaker - Luftige Wanderschuhe aus Wildleder und Mesh","isPartOf":{"@id":"https:\/\/www.venisecollection.com\/de#website"},"primaryImageOfPage":{"@id":"https:\/\/www.venisecollection.com\/de\/shop\/women\/sneakers\/kore-desert-moka#primaryimage"},"image":{"@id":"https:\/\/www.venisecollection.com\/de\/shop\/women\/sneakers\/kore-desert-moka#primaryimage"},"thumbnailUrl":"https:\/\/www.venisecollection.com\/cdn\/image-244.webp","datePublished":"2026-04-27T14:32:28+00:00","dateModified":"2026-04-27T14:53:14+00:00","breadcrumb":{"@id":"https:\/\/www.venisecollection.com\/de\/shop\/women\/sneakers\/kore-desert-moka#breadcrumb"},"inLanguage":"de","potentialAction":[{"@type":"ReadAction","target":["https:\/\/www.venisecollection.com\/de\/shop\/women\/sneakers\/kore-desert-moka"]}]},{"@type":"ImageObject","inLanguage":"de","@id":"https:\/\/www.venisecollection.com\/de\/shop\/women\/sneakers\/kore-desert-moka#primaryimage","url":"https:\/\/www.venisecollection.com\/cdn\/image-244.webp","contentUrl":"https:\/\/www.venisecollection.com\/cdn\/image-244.webp","width":1280,"height":1588},{"@type":"BreadcrumbList","@id":"https:\/\/www.venisecollection.com\/de\/shop\/women\/sneakers\/kore-desert-moka#breadcrumb","itemListElement":[{"@type":"ListItem","position":1,"name":"Home","item":"https:\/\/www.venisecollection.com\/de\/shop"},{"@type":"ListItem","position":2,"name":"Startseite","item":"https:\/\/www.venisecollection.com\/de\/shop"},{"@type":"ListItem","position":3,"name":"Kore Desert Moka"}]},{"@type":"WebSite","@id":"https:\/\/www.venisecollection.com\/de#website","url":"https:\/\/www.venisecollection.com\/de","name":"VENISE COLLECTION","description":"","publisher":{"@id":"https:\/\/www.venisecollection.com\/de#organization"},"potentialAction":[{"@type":"SearchAction","target":{"@type":"EntryPoint","urlTemplate":"https:\/\/www.venisecollection.com\/de?s={search_term_string}"},"query-input":{"@type":"PropertyValueSpecification","valueRequired":true,"valueName":"search_term_string"}}],"inLanguage":"de"},{"@type":"Organization","@id":"https:\/\/www.venisecollection.com\/de#organization","name":"VENISE COLLECTION","url":"https:\/\/www.venisecollection.com\/de","logo":{"@type":"ImageObject","inLanguage":"de","@id":"https:\/\/www.venisecollection.com\/de#\/schema\/logo\/image\/","url":"https:\/\/www.venisecollection.com\/cdn\/seo.png","contentUrl":"https:\/\/www.venisecollection.com\/cdn\/seo.png","width":1080,"height":1080,"caption":"VENISE COLLECTION"},"image":{"@id":"https:\/\/www.venisecollection.com\/de#\/schema\/logo\/image\/"},"sameAs":["https:\/\/www.instagram.com\/venisecollection\/","https:\/\/fr.pinterest.com\/venisecollection\/"]}]}},"_links":{"self":[{"href":"https:\/\/www.venisecollection.com\/de\/wp-json\/wp\/v2\/product\/25666","targetHints":{"allow":["GET"]}}],"collection":[{"href":"https:\/\/www.venisecollection.com\/de\/wp-json\/wp\/v2\/product"}],"about":[{"href":"https:\/\/www.venisecollection.com\/de\/wp-json\/wp\/v2\/types\/product"}],"wp:featuredmedia":[{"embeddable":true,"href":"https:\/\/www.venisecollection.com\/de\/wp-json\/wp\/v2\/media\/25700"}],"wp:attachment":[{"href":"https:\/\/www.venisecollection.com\/de\/wp-json\/wp\/v2\/media?parent=25666"}],"wp:term":[{"taxonomy":"product_brand","embeddable":true,"href":"https:\/\/www.venisecollection.com\/de\/wp-json\/wp\/v2\/product_brand?post=25666"},{"taxonomy":"product_cat","embeddable":true,"href":"https:\/\/www.venisecollection.com\/de\/wp-json\/wp\/v2\/product_cat?post=25666"},{"taxonomy":"product_tag","embeddable":true,"href":"https:\/\/www.venisecollection.com\/de\/wp-json\/wp\/v2\/product_tag?post=25666"}],"curies":[{"name":"wp","href":"https:\/\/api.w.org\/{rel}","templated":true}]}}