{"id":26255,"date":"2026-05-03T21:05:37","date_gmt":"2026-05-03T21:05:37","guid":{"rendered":"https:\/\/www.venisecollection.com\/?post_type=product&#038;p=26255"},"modified":"2026-05-03T21:13:08","modified_gmt":"2026-05-03T21:13:08","slug":"69216-venise-black","status":"publish","type":"product","link":"https:\/\/www.venisecollection.com\/de\/shop\/women\/sandale\/69216-venise-black","title":{"rendered":"69216 VENISE BLACK"},"content":{"rendered":"<p data-path-to-node=\"19\">Die <b data-path-to-node=\"19\" data-index-in-node=\"18\">VENISE BLACK<\/b> Sandale von <b data-path-to-node=\"19\" data-index-in-node=\"43\">Venise Collection<\/b> ist die perfekte Symbiose aus markantem Design und erstklassigem Tragekomfort. Gefertigt aus hochwertigem schwarzem Leder, besticht dieses Modell durch zwei breite Riemen, die mit einer Kombination aus goldfarbenen Nieten und dunklen Metallkugeln verziert sind. Die gro\u00dfe goldene Schnalle am oberen Riemen setzt einen luxuri\u00f6sen Akzent und erm\u00f6glicht eine individuelle Passform. Dank des anatomisch geformten Fu\u00dfbetts und der leichten Plateausohle bietet diese Sandale auch an langen Tagen eine hervorragende Unterst\u00fctzung f\u00fcr Ihre F\u00fc\u00dfe.<\/p>\n<ul data-path-to-node=\"20\">\n<li>\n<p data-path-to-node=\"20,0,0\"><b data-path-to-node=\"20,0,0\" data-index-in-node=\"0\">Material:<\/b> 100% Hochwertiges Echtleder<\/p>\n<\/li>\n<li>\n<p data-path-to-node=\"20,1,0\"><b data-path-to-node=\"20,1,0\" data-index-in-node=\"0\">Dekoration:<\/b> \u00dcbergro\u00dfe goldfarbene Schnalle, Metallnieten und Zierperlen<\/p>\n<\/li>\n<li>\n<p data-path-to-node=\"20,2,0\"><b data-path-to-node=\"20,2,0\" data-index-in-node=\"0\">Highlights:<\/b> Ergonomisches Lederfu\u00dfbett, rutschfeste Plateausohle<\/p>\n<\/li>\n<li>\n<p data-path-to-node=\"20,3,0\"><b data-path-to-node=\"20,3,0\" data-index-in-node=\"0\">Anlass:<\/b> Freizeit, Stadtbummel, sommerliche Events mit Stil<\/p>\n<\/li>\n<\/ul>\n","protected":false},"excerpt":{"rendered":"<p>Die VENISE BLACK Sandale von Venise Collection ist die perfekte Symbiose aus markantem Design und erstklassigem Tragekomfort. Gefertigt aus hochwertigem schwarzem Leder, besticht dieses Modell durch zwei breite Riemen, die mit einer Kombination aus goldfarbenen Nieten und dunklen Metallkugeln verziert sind. Die gro\u00dfe goldene Schnalle am oberen Riemen setzt einen luxuri\u00f6sen Akzent und erm\u00f6glicht eine &hellip;<\/p>\n","protected":false},"featured_media":26288,"template":"","meta":[],"product_brand":[357],"product_cat":[333],"product_tag":[],"class_list":{"0":"post-26255","1":"product","2":"type-product","3":"status-publish","4":"has-post-thumbnail","6":"product_brand-venise-collection","7":"product_cat-sandale","9":"first","10":"instock","11":"shipping-taxable","12":"purchasable","13":"product-type-variable","14":"has-default-attributes"},"yoast_head":"<!-- This site is optimized with the Yoast SEO plugin v27.5 - https:\/\/yoast.com\/product\/yoast-seo-wordpress\/ -->\n<title>Schwarze Plateau-Ledersandalen f\u00fcr Damen<\/title>\n<meta name=\"robots\" content=\"index, follow, max-snippet:-1, max-image-preview:large, max-video-preview:-1\" \/>\n<link rel=\"canonical\" href=\"https:\/\/www.venisecollection.com\/de\/shop\/women\/sandale\/69216-venise-black\" \/>\n<meta property=\"og:locale\" content=\"de_DE\" \/>\n<meta property=\"og:type\" content=\"article\" \/>\n<meta property=\"og:title\" content=\"Schwarze Plateau-Ledersandalen f\u00fcr Damen\" \/>\n<meta property=\"og:description\" content=\"Die VENISE BLACK Sandale von Venise Collection ist die perfekte Symbiose aus markantem Design und erstklassigem Tragekomfort. Gefertigt aus hochwertigem schwarzem Leder, besticht dieses Modell durch zwei breite Riemen, die mit einer Kombination aus goldfarbenen Nieten und dunklen Metallkugeln verziert sind. Die gro\u00dfe goldene Schnalle am oberen Riemen setzt einen luxuri\u00f6sen Akzent und erm\u00f6glicht eine &hellip;\" \/>\n<meta property=\"og:url\" content=\"https:\/\/www.venisecollection.com\/de\/shop\/women\/sandale\/69216-venise-black\" \/>\n<meta property=\"og:site_name\" content=\"VENISE COLLECTION\" \/>\n<meta property=\"article:modified_time\" content=\"2026-05-03T21:13:08+00:00\" \/>\n<meta property=\"og:image\" content=\"https:\/\/www.venisecollection.com\/cdn\/image-293.webp\" \/>\n\t<meta property=\"og:image:width\" content=\"1280\" \/>\n\t<meta property=\"og:image:height\" content=\"1588\" \/>\n\t<meta property=\"og:image:type\" content=\"image\/webp\" \/>\n<meta name=\"twitter:card\" content=\"summary_large_image\" \/>\n<meta name=\"twitter:label1\" content=\"Gesch\u00e4tzte Lesezeit\" \/>\n\t<meta name=\"twitter:data1\" content=\"1\u00a0Minute\" \/>\n<script type=\"application\/ld+json\" class=\"yoast-schema-graph\">{\"@context\":\"https:\\\/\\\/schema.org\",\"@graph\":[{\"@type\":\"WebPage\",\"@id\":\"https:\\\/\\\/www.venisecollection.com\\\/de\\\/shop\\\/women\\\/sandale\\\/69216-venise-black\",\"url\":\"https:\\\/\\\/www.venisecollection.com\\\/de\\\/shop\\\/women\\\/sandale\\\/69216-venise-black\",\"name\":\"Schwarze Plateau-Ledersandalen f\u00fcr Damen\",\"isPartOf\":{\"@id\":\"https:\\\/\\\/www.venisecollection.com\\\/de#website\"},\"primaryImageOfPage\":{\"@id\":\"https:\\\/\\\/www.venisecollection.com\\\/de\\\/shop\\\/women\\\/sandale\\\/69216-venise-black#primaryimage\"},\"image\":{\"@id\":\"https:\\\/\\\/www.venisecollection.com\\\/de\\\/shop\\\/women\\\/sandale\\\/69216-venise-black#primaryimage\"},\"thumbnailUrl\":\"https:\\\/\\\/www.venisecollection.com\\\/cdn\\\/image-293.webp\",\"datePublished\":\"2026-05-03T21:05:37+00:00\",\"dateModified\":\"2026-05-03T21:13:08+00:00\",\"breadcrumb\":{\"@id\":\"https:\\\/\\\/www.venisecollection.com\\\/de\\\/shop\\\/women\\\/sandale\\\/69216-venise-black#breadcrumb\"},\"inLanguage\":\"de\",\"potentialAction\":[{\"@type\":\"ReadAction\",\"target\":[\"https:\\\/\\\/www.venisecollection.com\\\/de\\\/shop\\\/women\\\/sandale\\\/69216-venise-black\"]}]},{\"@type\":\"ImageObject\",\"inLanguage\":\"de\",\"@id\":\"https:\\\/\\\/www.venisecollection.com\\\/de\\\/shop\\\/women\\\/sandale\\\/69216-venise-black#primaryimage\",\"url\":\"https:\\\/\\\/www.venisecollection.com\\\/cdn\\\/image-293.webp\",\"contentUrl\":\"https:\\\/\\\/www.venisecollection.com\\\/cdn\\\/image-293.webp\",\"width\":1280,\"height\":1588},{\"@type\":\"BreadcrumbList\",\"@id\":\"https:\\\/\\\/www.venisecollection.com\\\/de\\\/shop\\\/women\\\/sandale\\\/69216-venise-black#breadcrumb\",\"itemListElement\":[{\"@type\":\"ListItem\",\"position\":1,\"name\":\"Home\",\"item\":\"https:\\\/\\\/www.venisecollection.com\\\/de\\\/shop\"},{\"@type\":\"ListItem\",\"position\":2,\"name\":\"Startseite\",\"item\":\"https:\\\/\\\/www.venisecollection.com\\\/de\\\/shop\"},{\"@type\":\"ListItem\",\"position\":3,\"name\":\"69216 VENISE BLACK\"}]},{\"@type\":\"WebSite\",\"@id\":\"https:\\\/\\\/www.venisecollection.com\\\/de#website\",\"url\":\"https:\\\/\\\/www.venisecollection.com\\\/de\",\"name\":\"VENISE COLLECTION\",\"description\":\"\",\"publisher\":{\"@id\":\"https:\\\/\\\/www.venisecollection.com\\\/de#organization\"},\"potentialAction\":[{\"@type\":\"SearchAction\",\"target\":{\"@type\":\"EntryPoint\",\"urlTemplate\":\"https:\\\/\\\/www.venisecollection.com\\\/de?s={search_term_string}\"},\"query-input\":{\"@type\":\"PropertyValueSpecification\",\"valueRequired\":true,\"valueName\":\"search_term_string\"}}],\"inLanguage\":\"de\"},{\"@type\":\"Organization\",\"@id\":\"https:\\\/\\\/www.venisecollection.com\\\/de#organization\",\"name\":\"VENISE COLLECTION\",\"url\":\"https:\\\/\\\/www.venisecollection.com\\\/de\",\"logo\":{\"@type\":\"ImageObject\",\"inLanguage\":\"de\",\"@id\":\"https:\\\/\\\/www.venisecollection.com\\\/de#\\\/schema\\\/logo\\\/image\\\/\",\"url\":\"https:\\\/\\\/www.venisecollection.com\\\/cdn\\\/seo.png\",\"contentUrl\":\"https:\\\/\\\/www.venisecollection.com\\\/cdn\\\/seo.png\",\"width\":1080,\"height\":1080,\"caption\":\"VENISE COLLECTION\"},\"image\":{\"@id\":\"https:\\\/\\\/www.venisecollection.com\\\/de#\\\/schema\\\/logo\\\/image\\\/\"},\"sameAs\":[\"https:\\\/\\\/www.instagram.com\\\/venisecollection\\\/\",\"https:\\\/\\\/fr.pinterest.com\\\/venisecollection\\\/\"]}]}<\/script>\n<!-- \/ Yoast SEO plugin. -->","yoast_head_json":{"title":"Schwarze Plateau-Ledersandalen f\u00fcr Damen","robots":{"index":"index","follow":"follow","max-snippet":"max-snippet:-1","max-image-preview":"max-image-preview:large","max-video-preview":"max-video-preview:-1"},"canonical":"https:\/\/www.venisecollection.com\/de\/shop\/women\/sandale\/69216-venise-black","og_locale":"de_DE","og_type":"article","og_title":"Schwarze Plateau-Ledersandalen f\u00fcr Damen","og_description":"Die VENISE BLACK Sandale von Venise Collection ist die perfekte Symbiose aus markantem Design und erstklassigem Tragekomfort. Gefertigt aus hochwertigem schwarzem Leder, besticht dieses Modell durch zwei breite Riemen, die mit einer Kombination aus goldfarbenen Nieten und dunklen Metallkugeln verziert sind. Die gro\u00dfe goldene Schnalle am oberen Riemen setzt einen luxuri\u00f6sen Akzent und erm\u00f6glicht eine &hellip;","og_url":"https:\/\/www.venisecollection.com\/de\/shop\/women\/sandale\/69216-venise-black","og_site_name":"VENISE COLLECTION","article_modified_time":"2026-05-03T21:13:08+00:00","og_image":[{"width":1280,"height":1588,"url":"https:\/\/www.venisecollection.com\/cdn\/image-293.webp","type":"image\/webp"}],"twitter_card":"summary_large_image","twitter_misc":{"Gesch\u00e4tzte Lesezeit":"1\u00a0Minute"},"schema":{"@context":"https:\/\/schema.org","@graph":[{"@type":"WebPage","@id":"https:\/\/www.venisecollection.com\/de\/shop\/women\/sandale\/69216-venise-black","url":"https:\/\/www.venisecollection.com\/de\/shop\/women\/sandale\/69216-venise-black","name":"Schwarze Plateau-Ledersandalen f\u00fcr Damen","isPartOf":{"@id":"https:\/\/www.venisecollection.com\/de#website"},"primaryImageOfPage":{"@id":"https:\/\/www.venisecollection.com\/de\/shop\/women\/sandale\/69216-venise-black#primaryimage"},"image":{"@id":"https:\/\/www.venisecollection.com\/de\/shop\/women\/sandale\/69216-venise-black#primaryimage"},"thumbnailUrl":"https:\/\/www.venisecollection.com\/cdn\/image-293.webp","datePublished":"2026-05-03T21:05:37+00:00","dateModified":"2026-05-03T21:13:08+00:00","breadcrumb":{"@id":"https:\/\/www.venisecollection.com\/de\/shop\/women\/sandale\/69216-venise-black#breadcrumb"},"inLanguage":"de","potentialAction":[{"@type":"ReadAction","target":["https:\/\/www.venisecollection.com\/de\/shop\/women\/sandale\/69216-venise-black"]}]},{"@type":"ImageObject","inLanguage":"de","@id":"https:\/\/www.venisecollection.com\/de\/shop\/women\/sandale\/69216-venise-black#primaryimage","url":"https:\/\/www.venisecollection.com\/cdn\/image-293.webp","contentUrl":"https:\/\/www.venisecollection.com\/cdn\/image-293.webp","width":1280,"height":1588},{"@type":"BreadcrumbList","@id":"https:\/\/www.venisecollection.com\/de\/shop\/women\/sandale\/69216-venise-black#breadcrumb","itemListElement":[{"@type":"ListItem","position":1,"name":"Home","item":"https:\/\/www.venisecollection.com\/de\/shop"},{"@type":"ListItem","position":2,"name":"Startseite","item":"https:\/\/www.venisecollection.com\/de\/shop"},{"@type":"ListItem","position":3,"name":"69216 VENISE BLACK"}]},{"@type":"WebSite","@id":"https:\/\/www.venisecollection.com\/de#website","url":"https:\/\/www.venisecollection.com\/de","name":"VENISE COLLECTION","description":"","publisher":{"@id":"https:\/\/www.venisecollection.com\/de#organization"},"potentialAction":[{"@type":"SearchAction","target":{"@type":"EntryPoint","urlTemplate":"https:\/\/www.venisecollection.com\/de?s={search_term_string}"},"query-input":{"@type":"PropertyValueSpecification","valueRequired":true,"valueName":"search_term_string"}}],"inLanguage":"de"},{"@type":"Organization","@id":"https:\/\/www.venisecollection.com\/de#organization","name":"VENISE COLLECTION","url":"https:\/\/www.venisecollection.com\/de","logo":{"@type":"ImageObject","inLanguage":"de","@id":"https:\/\/www.venisecollection.com\/de#\/schema\/logo\/image\/","url":"https:\/\/www.venisecollection.com\/cdn\/seo.png","contentUrl":"https:\/\/www.venisecollection.com\/cdn\/seo.png","width":1080,"height":1080,"caption":"VENISE COLLECTION"},"image":{"@id":"https:\/\/www.venisecollection.com\/de#\/schema\/logo\/image\/"},"sameAs":["https:\/\/www.instagram.com\/venisecollection\/","https:\/\/fr.pinterest.com\/venisecollection\/"]}]}},"_links":{"self":[{"href":"https:\/\/www.venisecollection.com\/de\/wp-json\/wp\/v2\/product\/26255","targetHints":{"allow":["GET"]}}],"collection":[{"href":"https:\/\/www.venisecollection.com\/de\/wp-json\/wp\/v2\/product"}],"about":[{"href":"https:\/\/www.venisecollection.com\/de\/wp-json\/wp\/v2\/types\/product"}],"wp:featuredmedia":[{"embeddable":true,"href":"https:\/\/www.venisecollection.com\/de\/wp-json\/wp\/v2\/media\/26288"}],"wp:attachment":[{"href":"https:\/\/www.venisecollection.com\/de\/wp-json\/wp\/v2\/media?parent=26255"}],"wp:term":[{"taxonomy":"product_brand","embeddable":true,"href":"https:\/\/www.venisecollection.com\/de\/wp-json\/wp\/v2\/product_brand?post=26255"},{"taxonomy":"product_cat","embeddable":true,"href":"https:\/\/www.venisecollection.com\/de\/wp-json\/wp\/v2\/product_cat?post=26255"},{"taxonomy":"product_tag","embeddable":true,"href":"https:\/\/www.venisecollection.com\/de\/wp-json\/wp\/v2\/product_tag?post=26255"}],"curies":[{"name":"wp","href":"https:\/\/api.w.org\/{rel}","templated":true}]}}