{"id":26726,"date":"2026-05-11T13:38:35","date_gmt":"2026-05-11T13:38:35","guid":{"rendered":"https:\/\/www.venisecollection.com\/?post_type=product&#038;p=26726"},"modified":"2026-05-11T13:42:29","modified_gmt":"2026-05-11T13:42:29","slug":"e108-029-white-leather","status":"publish","type":"product","link":"https:\/\/www.venisecollection.com\/de\/shop\/women\/sandale\/e108-029-white-leather","title":{"rendered":"E108-029 White Leather"},"content":{"rendered":"<p data-path-to-node=\"20\">Die <b data-path-to-node=\"20\" data-index-in-node=\"18\">White Leather<\/b> Sandale von <b data-path-to-node=\"20\" data-index-in-node=\"44\">Venise Collection<\/b> ist der Inbegriff von sommerlicher Leichtigkeit und italienischem Stil. Gefertigt aus erstklassigem <b data-path-to-node=\"20\" data-index-in-node=\"162\">Echtleder<\/b> in strahlendem Wei\u00df, besticht dieses Modell durch seine kunstvollen geometrischen Aussparungen und die gl\u00e4nzenden goldfarbenen Metallapplikationen. Das weiche Lederfu\u00dfbett sorgt f\u00fcr ein angenehmes Tragegef\u00fchl und h\u00f6chste Atmungsaktivit\u00e4t an hei\u00dfen Tagen. Dank ihres zeitlosen Designs lassen sich diese flachen Sandalen vielseitig kombinieren \u2013 ob zur edlen Leinenhose oder zum leichten Sommerkleid.<\/p>\n<ul data-path-to-node=\"21\">\n<li>\n<p data-path-to-node=\"21,0,0\"><b data-path-to-node=\"21,0,0\" data-index-in-node=\"0\">Material:<\/b> 100% Hochwertiges Echtleder<\/p>\n<\/li>\n<li>\n<p data-path-to-node=\"21,1,0\"><b data-path-to-node=\"21,1,0\" data-index-in-node=\"0\">Dekoration:<\/b> Polierte goldfarbene Metallnieten<\/p>\n<\/li>\n<li>\n<p data-path-to-node=\"21,2,0\"><b data-path-to-node=\"21,2,0\" data-index-in-node=\"0\">Highlights:<\/b> Atmungsaktives Laser-Cut-Design, flache und flexible Sohle<\/p>\n<\/li>\n<li>\n<p data-path-to-node=\"21,3,0\"><b data-path-to-node=\"21,3,0\" data-index-in-node=\"0\">Anlass:<\/b> Freizeit, Strandurlaub, elegante Sommer-Events<\/p>\n<\/li>\n<\/ul>\n","protected":false},"excerpt":{"rendered":"<p>Die White Leather Sandale von Venise Collection ist der Inbegriff von sommerlicher Leichtigkeit und italienischem Stil. Gefertigt aus erstklassigem Echtleder in strahlendem Wei\u00df, besticht dieses Modell durch seine kunstvollen geometrischen Aussparungen und die gl\u00e4nzenden goldfarbenen Metallapplikationen. Das weiche Lederfu\u00dfbett sorgt f\u00fcr ein angenehmes Tragegef\u00fchl und h\u00f6chste Atmungsaktivit\u00e4t an hei\u00dfen Tagen. Dank ihres zeitlosen Designs lassen &hellip;<\/p>\n","protected":false},"featured_media":26759,"template":"","meta":[],"product_brand":[357],"product_cat":[333],"product_tag":[],"class_list":{"0":"post-26726","1":"product","2":"type-product","3":"status-publish","4":"has-post-thumbnail","6":"product_brand-venise-collection","7":"product_cat-sandale","9":"first","10":"instock","11":"shipping-taxable","12":"purchasable","13":"product-type-variable","14":"has-default-attributes"},"yoast_head":"<!-- This site is optimized with the Yoast SEO plugin v27.6 - https:\/\/yoast.com\/product\/yoast-seo-wordpress\/ -->\n<title>Wei\u00dfe Damen Leder-Sandalen<\/title>\n<meta name=\"robots\" content=\"index, follow, max-snippet:-1, max-image-preview:large, max-video-preview:-1\" \/>\n<link rel=\"canonical\" href=\"https:\/\/www.venisecollection.com\/de\/shop\/women\/sandale\/e108-029-white-leather\" \/>\n<meta property=\"og:locale\" content=\"de_DE\" \/>\n<meta property=\"og:type\" content=\"article\" \/>\n<meta property=\"og:title\" content=\"Wei\u00dfe Damen Leder-Sandalen\" \/>\n<meta property=\"og:description\" content=\"Die White Leather Sandale von Venise Collection ist der Inbegriff von sommerlicher Leichtigkeit und italienischem Stil. Gefertigt aus erstklassigem Echtleder in strahlendem Wei\u00df, besticht dieses Modell durch seine kunstvollen geometrischen Aussparungen und die gl\u00e4nzenden goldfarbenen Metallapplikationen. Das weiche Lederfu\u00dfbett sorgt f\u00fcr ein angenehmes Tragegef\u00fchl und h\u00f6chste Atmungsaktivit\u00e4t an hei\u00dfen Tagen. Dank ihres zeitlosen Designs lassen &hellip;\" \/>\n<meta property=\"og:url\" content=\"https:\/\/www.venisecollection.com\/de\/shop\/women\/sandale\/e108-029-white-leather\" \/>\n<meta property=\"og:site_name\" content=\"VENISE COLLECTION\" \/>\n<meta property=\"article:modified_time\" content=\"2026-05-11T13:42:29+00:00\" \/>\n<meta property=\"og:image\" content=\"https:\/\/www.venisecollection.com\/cdn\/image-318.webp\" \/>\n\t<meta property=\"og:image:width\" content=\"1280\" \/>\n\t<meta property=\"og:image:height\" content=\"1588\" \/>\n\t<meta property=\"og:image:type\" content=\"image\/webp\" \/>\n<meta name=\"twitter:card\" content=\"summary_large_image\" \/>\n<meta name=\"twitter:label1\" content=\"Gesch\u00e4tzte Lesezeit\" \/>\n\t<meta name=\"twitter:data1\" content=\"1\u00a0Minute\" \/>\n<script type=\"application\/ld+json\" class=\"yoast-schema-graph\">{\"@context\":\"https:\\\/\\\/schema.org\",\"@graph\":[{\"@type\":\"WebPage\",\"@id\":\"https:\\\/\\\/www.venisecollection.com\\\/de\\\/shop\\\/women\\\/sandale\\\/e108-029-white-leather\",\"url\":\"https:\\\/\\\/www.venisecollection.com\\\/de\\\/shop\\\/women\\\/sandale\\\/e108-029-white-leather\",\"name\":\"Wei\u00dfe Damen Leder-Sandalen\",\"isPartOf\":{\"@id\":\"https:\\\/\\\/www.venisecollection.com\\\/de#website\"},\"primaryImageOfPage\":{\"@id\":\"https:\\\/\\\/www.venisecollection.com\\\/de\\\/shop\\\/women\\\/sandale\\\/e108-029-white-leather#primaryimage\"},\"image\":{\"@id\":\"https:\\\/\\\/www.venisecollection.com\\\/de\\\/shop\\\/women\\\/sandale\\\/e108-029-white-leather#primaryimage\"},\"thumbnailUrl\":\"https:\\\/\\\/www.venisecollection.com\\\/cdn\\\/image-318.webp\",\"datePublished\":\"2026-05-11T13:38:35+00:00\",\"dateModified\":\"2026-05-11T13:42:29+00:00\",\"breadcrumb\":{\"@id\":\"https:\\\/\\\/www.venisecollection.com\\\/de\\\/shop\\\/women\\\/sandale\\\/e108-029-white-leather#breadcrumb\"},\"inLanguage\":\"de\",\"potentialAction\":[{\"@type\":\"ReadAction\",\"target\":[\"https:\\\/\\\/www.venisecollection.com\\\/de\\\/shop\\\/women\\\/sandale\\\/e108-029-white-leather\"]}]},{\"@type\":\"ImageObject\",\"inLanguage\":\"de\",\"@id\":\"https:\\\/\\\/www.venisecollection.com\\\/de\\\/shop\\\/women\\\/sandale\\\/e108-029-white-leather#primaryimage\",\"url\":\"https:\\\/\\\/www.venisecollection.com\\\/cdn\\\/image-318.webp\",\"contentUrl\":\"https:\\\/\\\/www.venisecollection.com\\\/cdn\\\/image-318.webp\",\"width\":1280,\"height\":1588},{\"@type\":\"BreadcrumbList\",\"@id\":\"https:\\\/\\\/www.venisecollection.com\\\/de\\\/shop\\\/women\\\/sandale\\\/e108-029-white-leather#breadcrumb\",\"itemListElement\":[{\"@type\":\"ListItem\",\"position\":1,\"name\":\"Home\",\"item\":\"https:\\\/\\\/www.venisecollection.com\\\/de\\\/shop\"},{\"@type\":\"ListItem\",\"position\":2,\"name\":\"Startseite\",\"item\":\"https:\\\/\\\/www.venisecollection.com\\\/de\\\/shop\"},{\"@type\":\"ListItem\",\"position\":3,\"name\":\"E108-029 White Leather\"}]},{\"@type\":\"WebSite\",\"@id\":\"https:\\\/\\\/www.venisecollection.com\\\/de#website\",\"url\":\"https:\\\/\\\/www.venisecollection.com\\\/de\",\"name\":\"VENISE COLLECTION\",\"description\":\"\",\"publisher\":{\"@id\":\"https:\\\/\\\/www.venisecollection.com\\\/de#organization\"},\"potentialAction\":[{\"@type\":\"SearchAction\",\"target\":{\"@type\":\"EntryPoint\",\"urlTemplate\":\"https:\\\/\\\/www.venisecollection.com\\\/de?s={search_term_string}\"},\"query-input\":{\"@type\":\"PropertyValueSpecification\",\"valueRequired\":true,\"valueName\":\"search_term_string\"}}],\"inLanguage\":\"de\"},{\"@type\":\"Organization\",\"@id\":\"https:\\\/\\\/www.venisecollection.com\\\/de#organization\",\"name\":\"VENISE COLLECTION\",\"url\":\"https:\\\/\\\/www.venisecollection.com\\\/de\",\"logo\":{\"@type\":\"ImageObject\",\"inLanguage\":\"de\",\"@id\":\"https:\\\/\\\/www.venisecollection.com\\\/de#\\\/schema\\\/logo\\\/image\\\/\",\"url\":\"https:\\\/\\\/www.venisecollection.com\\\/cdn\\\/seo.png\",\"contentUrl\":\"https:\\\/\\\/www.venisecollection.com\\\/cdn\\\/seo.png\",\"width\":1080,\"height\":1080,\"caption\":\"VENISE COLLECTION\"},\"image\":{\"@id\":\"https:\\\/\\\/www.venisecollection.com\\\/de#\\\/schema\\\/logo\\\/image\\\/\"},\"sameAs\":[\"https:\\\/\\\/www.instagram.com\\\/venisecollection\\\/\",\"https:\\\/\\\/fr.pinterest.com\\\/venisecollection\\\/\"]}]}<\/script>\n<!-- \/ Yoast SEO plugin. -->","yoast_head_json":{"title":"Wei\u00dfe Damen Leder-Sandalen","robots":{"index":"index","follow":"follow","max-snippet":"max-snippet:-1","max-image-preview":"max-image-preview:large","max-video-preview":"max-video-preview:-1"},"canonical":"https:\/\/www.venisecollection.com\/de\/shop\/women\/sandale\/e108-029-white-leather","og_locale":"de_DE","og_type":"article","og_title":"Wei\u00dfe Damen Leder-Sandalen","og_description":"Die White Leather Sandale von Venise Collection ist der Inbegriff von sommerlicher Leichtigkeit und italienischem Stil. Gefertigt aus erstklassigem Echtleder in strahlendem Wei\u00df, besticht dieses Modell durch seine kunstvollen geometrischen Aussparungen und die gl\u00e4nzenden goldfarbenen Metallapplikationen. Das weiche Lederfu\u00dfbett sorgt f\u00fcr ein angenehmes Tragegef\u00fchl und h\u00f6chste Atmungsaktivit\u00e4t an hei\u00dfen Tagen. Dank ihres zeitlosen Designs lassen &hellip;","og_url":"https:\/\/www.venisecollection.com\/de\/shop\/women\/sandale\/e108-029-white-leather","og_site_name":"VENISE COLLECTION","article_modified_time":"2026-05-11T13:42:29+00:00","og_image":[{"width":1280,"height":1588,"url":"https:\/\/www.venisecollection.com\/cdn\/image-318.webp","type":"image\/webp"}],"twitter_card":"summary_large_image","twitter_misc":{"Gesch\u00e4tzte Lesezeit":"1\u00a0Minute"},"schema":{"@context":"https:\/\/schema.org","@graph":[{"@type":"WebPage","@id":"https:\/\/www.venisecollection.com\/de\/shop\/women\/sandale\/e108-029-white-leather","url":"https:\/\/www.venisecollection.com\/de\/shop\/women\/sandale\/e108-029-white-leather","name":"Wei\u00dfe Damen Leder-Sandalen","isPartOf":{"@id":"https:\/\/www.venisecollection.com\/de#website"},"primaryImageOfPage":{"@id":"https:\/\/www.venisecollection.com\/de\/shop\/women\/sandale\/e108-029-white-leather#primaryimage"},"image":{"@id":"https:\/\/www.venisecollection.com\/de\/shop\/women\/sandale\/e108-029-white-leather#primaryimage"},"thumbnailUrl":"https:\/\/www.venisecollection.com\/cdn\/image-318.webp","datePublished":"2026-05-11T13:38:35+00:00","dateModified":"2026-05-11T13:42:29+00:00","breadcrumb":{"@id":"https:\/\/www.venisecollection.com\/de\/shop\/women\/sandale\/e108-029-white-leather#breadcrumb"},"inLanguage":"de","potentialAction":[{"@type":"ReadAction","target":["https:\/\/www.venisecollection.com\/de\/shop\/women\/sandale\/e108-029-white-leather"]}]},{"@type":"ImageObject","inLanguage":"de","@id":"https:\/\/www.venisecollection.com\/de\/shop\/women\/sandale\/e108-029-white-leather#primaryimage","url":"https:\/\/www.venisecollection.com\/cdn\/image-318.webp","contentUrl":"https:\/\/www.venisecollection.com\/cdn\/image-318.webp","width":1280,"height":1588},{"@type":"BreadcrumbList","@id":"https:\/\/www.venisecollection.com\/de\/shop\/women\/sandale\/e108-029-white-leather#breadcrumb","itemListElement":[{"@type":"ListItem","position":1,"name":"Home","item":"https:\/\/www.venisecollection.com\/de\/shop"},{"@type":"ListItem","position":2,"name":"Startseite","item":"https:\/\/www.venisecollection.com\/de\/shop"},{"@type":"ListItem","position":3,"name":"E108-029 White Leather"}]},{"@type":"WebSite","@id":"https:\/\/www.venisecollection.com\/de#website","url":"https:\/\/www.venisecollection.com\/de","name":"VENISE COLLECTION","description":"","publisher":{"@id":"https:\/\/www.venisecollection.com\/de#organization"},"potentialAction":[{"@type":"SearchAction","target":{"@type":"EntryPoint","urlTemplate":"https:\/\/www.venisecollection.com\/de?s={search_term_string}"},"query-input":{"@type":"PropertyValueSpecification","valueRequired":true,"valueName":"search_term_string"}}],"inLanguage":"de"},{"@type":"Organization","@id":"https:\/\/www.venisecollection.com\/de#organization","name":"VENISE COLLECTION","url":"https:\/\/www.venisecollection.com\/de","logo":{"@type":"ImageObject","inLanguage":"de","@id":"https:\/\/www.venisecollection.com\/de#\/schema\/logo\/image\/","url":"https:\/\/www.venisecollection.com\/cdn\/seo.png","contentUrl":"https:\/\/www.venisecollection.com\/cdn\/seo.png","width":1080,"height":1080,"caption":"VENISE COLLECTION"},"image":{"@id":"https:\/\/www.venisecollection.com\/de#\/schema\/logo\/image\/"},"sameAs":["https:\/\/www.instagram.com\/venisecollection\/","https:\/\/fr.pinterest.com\/venisecollection\/"]}]}},"_links":{"self":[{"href":"https:\/\/www.venisecollection.com\/de\/wp-json\/wp\/v2\/product\/26726","targetHints":{"allow":["GET"]}}],"collection":[{"href":"https:\/\/www.venisecollection.com\/de\/wp-json\/wp\/v2\/product"}],"about":[{"href":"https:\/\/www.venisecollection.com\/de\/wp-json\/wp\/v2\/types\/product"}],"wp:featuredmedia":[{"embeddable":true,"href":"https:\/\/www.venisecollection.com\/de\/wp-json\/wp\/v2\/media\/26759"}],"wp:attachment":[{"href":"https:\/\/www.venisecollection.com\/de\/wp-json\/wp\/v2\/media?parent=26726"}],"wp:term":[{"taxonomy":"product_brand","embeddable":true,"href":"https:\/\/www.venisecollection.com\/de\/wp-json\/wp\/v2\/product_brand?post=26726"},{"taxonomy":"product_cat","embeddable":true,"href":"https:\/\/www.venisecollection.com\/de\/wp-json\/wp\/v2\/product_cat?post=26726"},{"taxonomy":"product_tag","embeddable":true,"href":"https:\/\/www.venisecollection.com\/de\/wp-json\/wp\/v2\/product_tag?post=26726"}],"curies":[{"name":"wp","href":"https:\/\/api.w.org\/{rel}","templated":true}]}}