{"id":26845,"date":"2026-05-11T14:19:37","date_gmt":"2026-05-11T14:19:37","guid":{"rendered":"https:\/\/www.venisecollection.com\/?post_type=product&#038;p=26845"},"modified":"2026-05-11T14:23:25","modified_gmt":"2026-05-11T14:23:25","slug":"r1326-nappa-nero","status":"publish","type":"product","link":"https:\/\/www.venisecollection.com\/de\/shop\/women\/pumps\/r1326-nappa-nero","title":{"rendered":"R1326 NAPPA NERO"},"content":{"rendered":"<p data-path-to-node=\"20\">Erleben Sie italienische Handwerkskunst auf h\u00f6chstem Niveau mit dem <b data-path-to-node=\"20\" data-index-in-node=\"82\">NAPPA NERO ZANZARIERA<\/b> von <b data-path-to-node=\"20\" data-index-in-node=\"108\">Venise Collection<\/b>. Diese eleganten Slingback-Pumps kombinieren hochwertiges Nappa-Leder mit transparenten Mesh-Eins\u00e4tzen f\u00fcr einen verf\u00fchrerischen und zugleich stilvollen Look. Die kunstvollen Lederapplikationen und die spitze Form verleihen diesem Schuh eine feminine Silhouette. Dank der Innensohle aus echtem Leder und des perfekt ausbalancierten Absatzes bietet dieser Schuh Luxus und Komfort f\u00fcr jeden besonderen Anlass.<\/p>\n<ul data-path-to-node=\"21\">\n<li>\n<p data-path-to-node=\"21,0,0\"><b data-path-to-node=\"21,0,0\" data-index-in-node=\"0\">Marke:<\/b> Venise Collection (Hergestellt in Italien)<\/p>\n<\/li>\n<li>\n<p data-path-to-node=\"21,1,0\"><b data-path-to-node=\"21,1,0\" data-index-in-node=\"0\">Material:<\/b> Echtes Nappa-Leder &amp; hochwertiges Mesh<\/p>\n<\/li>\n<li>\n<p data-path-to-node=\"21,2,0\"><b data-path-to-node=\"21,2,0\" data-index-in-node=\"0\">Farbe:<\/b> Schwarz (Nero) mit neutralem Mesh<\/p>\n<\/li>\n<li>\n<p data-path-to-node=\"21,3,0\"><b data-path-to-node=\"21,3,0\" data-index-in-node=\"0\">Highlights:<\/b> Spitze Kappe, schmaler Absatz, elastischer Fersenriemen<\/p>\n<\/li>\n<li>\n<p data-path-to-node=\"21,4,0\"><b data-path-to-node=\"21,4,0\" data-index-in-node=\"0\">Anlass:<\/b> Glamour\u00f6se Abendveranstaltungen und festliche Anl\u00e4sse.<\/p>\n<\/li>\n<\/ul>\n","protected":false},"excerpt":{"rendered":"<p>Erleben Sie italienische Handwerkskunst auf h\u00f6chstem Niveau mit dem NAPPA NERO ZANZARIERA von Venise Collection. Diese eleganten Slingback-Pumps kombinieren hochwertiges Nappa-Leder mit transparenten Mesh-Eins\u00e4tzen f\u00fcr einen verf\u00fchrerischen und zugleich stilvollen Look. Die kunstvollen Lederapplikationen und die spitze Form verleihen diesem Schuh eine feminine Silhouette. Dank der Innensohle aus echtem Leder und des perfekt ausbalancierten Absatzes &hellip;<\/p>\n","protected":false},"featured_media":26878,"template":"","meta":[],"product_brand":[357],"product_cat":[110],"product_tag":[],"class_list":{"0":"post-26845","1":"product","2":"type-product","3":"status-publish","4":"has-post-thumbnail","6":"product_brand-venise-collection","7":"product_cat-pumps","9":"first","10":"instock","11":"shipping-taxable","12":"purchasable","13":"product-type-variable","14":"has-default-attributes"},"yoast_head":"<!-- This site is optimized with the Yoast SEO plugin v27.6 - https:\/\/yoast.com\/product\/yoast-seo-wordpress\/ -->\n<title>Schwarze Slingback-Pumps aus Leder und Mesh<\/title>\n<meta name=\"robots\" content=\"index, follow, max-snippet:-1, max-image-preview:large, max-video-preview:-1\" \/>\n<link rel=\"canonical\" href=\"https:\/\/www.venisecollection.com\/de\/shop\/women\/pumps\/r1326-nappa-nero\" \/>\n<meta property=\"og:locale\" content=\"de_DE\" \/>\n<meta property=\"og:type\" content=\"article\" \/>\n<meta property=\"og:title\" content=\"Schwarze Slingback-Pumps aus Leder und Mesh\" \/>\n<meta property=\"og:description\" content=\"Erleben Sie italienische Handwerkskunst auf h\u00f6chstem Niveau mit dem NAPPA NERO ZANZARIERA von Venise Collection. Diese eleganten Slingback-Pumps kombinieren hochwertiges Nappa-Leder mit transparenten Mesh-Eins\u00e4tzen f\u00fcr einen verf\u00fchrerischen und zugleich stilvollen Look. Die kunstvollen Lederapplikationen und die spitze Form verleihen diesem Schuh eine feminine Silhouette. Dank der Innensohle aus echtem Leder und des perfekt ausbalancierten Absatzes &hellip;\" \/>\n<meta property=\"og:url\" content=\"https:\/\/www.venisecollection.com\/de\/shop\/women\/pumps\/r1326-nappa-nero\" \/>\n<meta property=\"og:site_name\" content=\"VENISE COLLECTION\" \/>\n<meta property=\"article:modified_time\" content=\"2026-05-11T14:23:25+00:00\" \/>\n<meta property=\"og:image\" content=\"https:\/\/www.venisecollection.com\/cdn\/image-328.webp\" \/>\n\t<meta property=\"og:image:width\" content=\"1280\" \/>\n\t<meta property=\"og:image:height\" content=\"1588\" \/>\n\t<meta property=\"og:image:type\" content=\"image\/webp\" \/>\n<meta name=\"twitter:card\" content=\"summary_large_image\" \/>\n<meta name=\"twitter:label1\" content=\"Gesch\u00e4tzte Lesezeit\" \/>\n\t<meta name=\"twitter:data1\" content=\"1\u00a0Minute\" \/>\n<script type=\"application\/ld+json\" class=\"yoast-schema-graph\">{\"@context\":\"https:\\\/\\\/schema.org\",\"@graph\":[{\"@type\":\"WebPage\",\"@id\":\"https:\\\/\\\/www.venisecollection.com\\\/de\\\/shop\\\/women\\\/pumps\\\/r1326-nappa-nero\",\"url\":\"https:\\\/\\\/www.venisecollection.com\\\/de\\\/shop\\\/women\\\/pumps\\\/r1326-nappa-nero\",\"name\":\"Schwarze Slingback-Pumps aus Leder und Mesh\",\"isPartOf\":{\"@id\":\"https:\\\/\\\/www.venisecollection.com\\\/de#website\"},\"primaryImageOfPage\":{\"@id\":\"https:\\\/\\\/www.venisecollection.com\\\/de\\\/shop\\\/women\\\/pumps\\\/r1326-nappa-nero#primaryimage\"},\"image\":{\"@id\":\"https:\\\/\\\/www.venisecollection.com\\\/de\\\/shop\\\/women\\\/pumps\\\/r1326-nappa-nero#primaryimage\"},\"thumbnailUrl\":\"https:\\\/\\\/www.venisecollection.com\\\/cdn\\\/image-328.webp\",\"datePublished\":\"2026-05-11T14:19:37+00:00\",\"dateModified\":\"2026-05-11T14:23:25+00:00\",\"breadcrumb\":{\"@id\":\"https:\\\/\\\/www.venisecollection.com\\\/de\\\/shop\\\/women\\\/pumps\\\/r1326-nappa-nero#breadcrumb\"},\"inLanguage\":\"de\",\"potentialAction\":[{\"@type\":\"ReadAction\",\"target\":[\"https:\\\/\\\/www.venisecollection.com\\\/de\\\/shop\\\/women\\\/pumps\\\/r1326-nappa-nero\"]}]},{\"@type\":\"ImageObject\",\"inLanguage\":\"de\",\"@id\":\"https:\\\/\\\/www.venisecollection.com\\\/de\\\/shop\\\/women\\\/pumps\\\/r1326-nappa-nero#primaryimage\",\"url\":\"https:\\\/\\\/www.venisecollection.com\\\/cdn\\\/image-328.webp\",\"contentUrl\":\"https:\\\/\\\/www.venisecollection.com\\\/cdn\\\/image-328.webp\",\"width\":1280,\"height\":1588},{\"@type\":\"BreadcrumbList\",\"@id\":\"https:\\\/\\\/www.venisecollection.com\\\/de\\\/shop\\\/women\\\/pumps\\\/r1326-nappa-nero#breadcrumb\",\"itemListElement\":[{\"@type\":\"ListItem\",\"position\":1,\"name\":\"Home\",\"item\":\"https:\\\/\\\/www.venisecollection.com\\\/de\\\/shop\"},{\"@type\":\"ListItem\",\"position\":2,\"name\":\"Startseite\",\"item\":\"https:\\\/\\\/www.venisecollection.com\\\/de\\\/shop\"},{\"@type\":\"ListItem\",\"position\":3,\"name\":\"R1326 NAPPA NERO\"}]},{\"@type\":\"WebSite\",\"@id\":\"https:\\\/\\\/www.venisecollection.com\\\/de#website\",\"url\":\"https:\\\/\\\/www.venisecollection.com\\\/de\",\"name\":\"VENISE COLLECTION\",\"description\":\"\",\"publisher\":{\"@id\":\"https:\\\/\\\/www.venisecollection.com\\\/de#organization\"},\"potentialAction\":[{\"@type\":\"SearchAction\",\"target\":{\"@type\":\"EntryPoint\",\"urlTemplate\":\"https:\\\/\\\/www.venisecollection.com\\\/de?s={search_term_string}\"},\"query-input\":{\"@type\":\"PropertyValueSpecification\",\"valueRequired\":true,\"valueName\":\"search_term_string\"}}],\"inLanguage\":\"de\"},{\"@type\":\"Organization\",\"@id\":\"https:\\\/\\\/www.venisecollection.com\\\/de#organization\",\"name\":\"VENISE COLLECTION\",\"url\":\"https:\\\/\\\/www.venisecollection.com\\\/de\",\"logo\":{\"@type\":\"ImageObject\",\"inLanguage\":\"de\",\"@id\":\"https:\\\/\\\/www.venisecollection.com\\\/de#\\\/schema\\\/logo\\\/image\\\/\",\"url\":\"https:\\\/\\\/www.venisecollection.com\\\/cdn\\\/seo.png\",\"contentUrl\":\"https:\\\/\\\/www.venisecollection.com\\\/cdn\\\/seo.png\",\"width\":1080,\"height\":1080,\"caption\":\"VENISE COLLECTION\"},\"image\":{\"@id\":\"https:\\\/\\\/www.venisecollection.com\\\/de#\\\/schema\\\/logo\\\/image\\\/\"},\"sameAs\":[\"https:\\\/\\\/www.instagram.com\\\/venisecollection\\\/\",\"https:\\\/\\\/fr.pinterest.com\\\/venisecollection\\\/\"]}]}<\/script>\n<!-- \/ Yoast SEO plugin. -->","yoast_head_json":{"title":"Schwarze Slingback-Pumps aus Leder und Mesh","robots":{"index":"index","follow":"follow","max-snippet":"max-snippet:-1","max-image-preview":"max-image-preview:large","max-video-preview":"max-video-preview:-1"},"canonical":"https:\/\/www.venisecollection.com\/de\/shop\/women\/pumps\/r1326-nappa-nero","og_locale":"de_DE","og_type":"article","og_title":"Schwarze Slingback-Pumps aus Leder und Mesh","og_description":"Erleben Sie italienische Handwerkskunst auf h\u00f6chstem Niveau mit dem NAPPA NERO ZANZARIERA von Venise Collection. Diese eleganten Slingback-Pumps kombinieren hochwertiges Nappa-Leder mit transparenten Mesh-Eins\u00e4tzen f\u00fcr einen verf\u00fchrerischen und zugleich stilvollen Look. Die kunstvollen Lederapplikationen und die spitze Form verleihen diesem Schuh eine feminine Silhouette. Dank der Innensohle aus echtem Leder und des perfekt ausbalancierten Absatzes &hellip;","og_url":"https:\/\/www.venisecollection.com\/de\/shop\/women\/pumps\/r1326-nappa-nero","og_site_name":"VENISE COLLECTION","article_modified_time":"2026-05-11T14:23:25+00:00","og_image":[{"width":1280,"height":1588,"url":"https:\/\/www.venisecollection.com\/cdn\/image-328.webp","type":"image\/webp"}],"twitter_card":"summary_large_image","twitter_misc":{"Gesch\u00e4tzte Lesezeit":"1\u00a0Minute"},"schema":{"@context":"https:\/\/schema.org","@graph":[{"@type":"WebPage","@id":"https:\/\/www.venisecollection.com\/de\/shop\/women\/pumps\/r1326-nappa-nero","url":"https:\/\/www.venisecollection.com\/de\/shop\/women\/pumps\/r1326-nappa-nero","name":"Schwarze Slingback-Pumps aus Leder und Mesh","isPartOf":{"@id":"https:\/\/www.venisecollection.com\/de#website"},"primaryImageOfPage":{"@id":"https:\/\/www.venisecollection.com\/de\/shop\/women\/pumps\/r1326-nappa-nero#primaryimage"},"image":{"@id":"https:\/\/www.venisecollection.com\/de\/shop\/women\/pumps\/r1326-nappa-nero#primaryimage"},"thumbnailUrl":"https:\/\/www.venisecollection.com\/cdn\/image-328.webp","datePublished":"2026-05-11T14:19:37+00:00","dateModified":"2026-05-11T14:23:25+00:00","breadcrumb":{"@id":"https:\/\/www.venisecollection.com\/de\/shop\/women\/pumps\/r1326-nappa-nero#breadcrumb"},"inLanguage":"de","potentialAction":[{"@type":"ReadAction","target":["https:\/\/www.venisecollection.com\/de\/shop\/women\/pumps\/r1326-nappa-nero"]}]},{"@type":"ImageObject","inLanguage":"de","@id":"https:\/\/www.venisecollection.com\/de\/shop\/women\/pumps\/r1326-nappa-nero#primaryimage","url":"https:\/\/www.venisecollection.com\/cdn\/image-328.webp","contentUrl":"https:\/\/www.venisecollection.com\/cdn\/image-328.webp","width":1280,"height":1588},{"@type":"BreadcrumbList","@id":"https:\/\/www.venisecollection.com\/de\/shop\/women\/pumps\/r1326-nappa-nero#breadcrumb","itemListElement":[{"@type":"ListItem","position":1,"name":"Home","item":"https:\/\/www.venisecollection.com\/de\/shop"},{"@type":"ListItem","position":2,"name":"Startseite","item":"https:\/\/www.venisecollection.com\/de\/shop"},{"@type":"ListItem","position":3,"name":"R1326 NAPPA NERO"}]},{"@type":"WebSite","@id":"https:\/\/www.venisecollection.com\/de#website","url":"https:\/\/www.venisecollection.com\/de","name":"VENISE COLLECTION","description":"","publisher":{"@id":"https:\/\/www.venisecollection.com\/de#organization"},"potentialAction":[{"@type":"SearchAction","target":{"@type":"EntryPoint","urlTemplate":"https:\/\/www.venisecollection.com\/de?s={search_term_string}"},"query-input":{"@type":"PropertyValueSpecification","valueRequired":true,"valueName":"search_term_string"}}],"inLanguage":"de"},{"@type":"Organization","@id":"https:\/\/www.venisecollection.com\/de#organization","name":"VENISE COLLECTION","url":"https:\/\/www.venisecollection.com\/de","logo":{"@type":"ImageObject","inLanguage":"de","@id":"https:\/\/www.venisecollection.com\/de#\/schema\/logo\/image\/","url":"https:\/\/www.venisecollection.com\/cdn\/seo.png","contentUrl":"https:\/\/www.venisecollection.com\/cdn\/seo.png","width":1080,"height":1080,"caption":"VENISE COLLECTION"},"image":{"@id":"https:\/\/www.venisecollection.com\/de#\/schema\/logo\/image\/"},"sameAs":["https:\/\/www.instagram.com\/venisecollection\/","https:\/\/fr.pinterest.com\/venisecollection\/"]}]}},"_links":{"self":[{"href":"https:\/\/www.venisecollection.com\/de\/wp-json\/wp\/v2\/product\/26845","targetHints":{"allow":["GET"]}}],"collection":[{"href":"https:\/\/www.venisecollection.com\/de\/wp-json\/wp\/v2\/product"}],"about":[{"href":"https:\/\/www.venisecollection.com\/de\/wp-json\/wp\/v2\/types\/product"}],"wp:featuredmedia":[{"embeddable":true,"href":"https:\/\/www.venisecollection.com\/de\/wp-json\/wp\/v2\/media\/26878"}],"wp:attachment":[{"href":"https:\/\/www.venisecollection.com\/de\/wp-json\/wp\/v2\/media?parent=26845"}],"wp:term":[{"taxonomy":"product_brand","embeddable":true,"href":"https:\/\/www.venisecollection.com\/de\/wp-json\/wp\/v2\/product_brand?post=26845"},{"taxonomy":"product_cat","embeddable":true,"href":"https:\/\/www.venisecollection.com\/de\/wp-json\/wp\/v2\/product_cat?post=26845"},{"taxonomy":"product_tag","embeddable":true,"href":"https:\/\/www.venisecollection.com\/de\/wp-json\/wp\/v2\/product_tag?post=26845"}],"curies":[{"name":"wp","href":"https:\/\/api.w.org\/{rel}","templated":true}]}}