{"id":5533,"date":"2025-11-20T16:22:26","date_gmt":"2025-11-20T16:22:26","guid":{"rendered":"https:\/\/www.venisecollection.com\/shop\/women\/unkategorisiert\/venise-catherine-jaguar-miele\/"},"modified":"2026-04-16T00:38:17","modified_gmt":"2026-04-16T00:38:17","slug":"venise-catherine-jaguar-miele","status":"publish","type":"product","link":"https:\/\/www.venisecollection.com\/de\/shop\/women\/pumps\/venise-catherine-jaguar-miele","title":{"rendered":"VENISE CATHERINE JAGUAR MIELE"},"content":{"rendered":"<p style=\"text-align: justify;\" data-start=\"1425\" data-end=\"1920\">Verleihen Sie Ihrem Look zeitlose Eleganz mit dem VENISE CATHERINE JAGUAR MIELE High Heel f\u00fcr Damen aus der VENISE COLLECTION. Dieser elegante Schuh aus Kalbsleder im Pony-Stil mit honigfarbenem Jaguar-Print verleiht jedem Schritt Raffinesse und Reiz. <\/p>\n<p style=\"text-align: justify;\" data-start=\"1425\" data-end=\"1920\">Der hohe, formsch\u00f6ne Absatz streckt die Silhouette, w\u00e4hrend das ergonomische Fu\u00dfgew\u00f6lbedesign f\u00fcr dauerhaften Komfort sorgt. Das Innenfutter aus Leder erh\u00f6ht die Weichheit und bietet eine luxuri\u00f6se Passform, ideal f\u00fcr Tag und Abend. <\/p>\n","protected":false},"excerpt":{"rendered":"<p>Verleihen Sie Ihrem Look zeitlose Eleganz mit dem VENISE CATHERINE JAGUAR MIELE High Heel f\u00fcr Damen aus der VENISE COLLECTION. Dieser elegante Schuh aus Kalbsleder im Pony-Stil mit honigfarbenem Jaguar-Print verleiht jedem Schritt Raffinesse und Reiz. Der hohe, formsch\u00f6ne Absatz streckt die Silhouette, w\u00e4hrend das ergonomische Fu\u00dfgew\u00f6lbedesign f\u00fcr dauerhaften Komfort sorgt. Das Innenfutter aus Leder &hellip;<\/p>\n","protected":false},"featured_media":5535,"template":"","meta":[],"product_brand":[69],"product_cat":[73],"product_tag":[],"class_list":{"0":"post-5533","1":"product","2":"type-product","3":"status-publish","4":"has-post-thumbnail","6":"product_brand-venise-collection","7":"product_cat-pumps","9":"first","10":"instock","11":"shipping-taxable","12":"purchasable","13":"product-type-variable","14":"has-default-attributes"},"yoast_head":"<!-- This site is optimized with the Yoast SEO plugin v27.4 - https:\/\/yoast.com\/product\/yoast-seo-wordpress\/ -->\n<title>VENISE CATHERINE JAGUAR MIELE - VENISE COLLECTION<\/title>\n<meta name=\"robots\" content=\"index, follow, max-snippet:-1, max-image-preview:large, max-video-preview:-1\" \/>\n<link rel=\"canonical\" href=\"https:\/\/www.venisecollection.com\/de\/shop\/women\/pumps\/venise-catherine-jaguar-miele\" \/>\n<meta property=\"og:locale\" content=\"de_DE\" \/>\n<meta property=\"og:type\" content=\"article\" \/>\n<meta property=\"og:title\" content=\"VENISE CATHERINE JAGUAR MIELE - VENISE COLLECTION\" \/>\n<meta property=\"og:description\" content=\"Verleihen Sie Ihrem Look zeitlose Eleganz mit dem VENISE CATHERINE JAGUAR MIELE High Heel f\u00fcr Damen aus der VENISE COLLECTION. Dieser elegante Schuh aus Kalbsleder im Pony-Stil mit honigfarbenem Jaguar-Print verleiht jedem Schritt Raffinesse und Reiz. Der hohe, formsch\u00f6ne Absatz streckt die Silhouette, w\u00e4hrend das ergonomische Fu\u00dfgew\u00f6lbedesign f\u00fcr dauerhaften Komfort sorgt. Das Innenfutter aus Leder &hellip;\" \/>\n<meta property=\"og:url\" content=\"https:\/\/www.venisecollection.com\/de\/shop\/women\/pumps\/venise-catherine-jaguar-miele\" \/>\n<meta property=\"og:site_name\" content=\"VENISE COLLECTION\" \/>\n<meta property=\"article:modified_time\" content=\"2026-04-16T00:38:17+00:00\" \/>\n<meta property=\"og:image\" content=\"https:\/\/www.venisecollection.com\/cdn\/image-202.webp\" \/>\n\t<meta property=\"og:image:width\" content=\"1280\" \/>\n\t<meta property=\"og:image:height\" content=\"1588\" \/>\n\t<meta property=\"og:image:type\" content=\"image\/webp\" \/>\n<meta name=\"twitter:card\" content=\"summary_large_image\" \/>\n<script type=\"application\/ld+json\" class=\"yoast-schema-graph\">{\"@context\":\"https:\\\/\\\/schema.org\",\"@graph\":[{\"@type\":\"WebPage\",\"@id\":\"https:\\\/\\\/www.venisecollection.com\\\/de\\\/shop\\\/women\\\/pumps\\\/venise-catherine-jaguar-miele\",\"url\":\"https:\\\/\\\/www.venisecollection.com\\\/de\\\/shop\\\/women\\\/pumps\\\/venise-catherine-jaguar-miele\",\"name\":\"VENISE CATHERINE JAGUAR MIELE - VENISE COLLECTION\",\"isPartOf\":{\"@id\":\"https:\\\/\\\/www.venisecollection.com\\\/de#website\"},\"primaryImageOfPage\":{\"@id\":\"https:\\\/\\\/www.venisecollection.com\\\/de\\\/shop\\\/women\\\/pumps\\\/venise-catherine-jaguar-miele#primaryimage\"},\"image\":{\"@id\":\"https:\\\/\\\/www.venisecollection.com\\\/de\\\/shop\\\/women\\\/pumps\\\/venise-catherine-jaguar-miele#primaryimage\"},\"thumbnailUrl\":\"https:\\\/\\\/www.venisecollection.com\\\/cdn\\\/image-202.webp\",\"datePublished\":\"2025-11-20T16:22:26+00:00\",\"dateModified\":\"2026-04-16T00:38:17+00:00\",\"breadcrumb\":{\"@id\":\"https:\\\/\\\/www.venisecollection.com\\\/de\\\/shop\\\/women\\\/pumps\\\/venise-catherine-jaguar-miele#breadcrumb\"},\"inLanguage\":\"de\",\"potentialAction\":[{\"@type\":\"ReadAction\",\"target\":[\"https:\\\/\\\/www.venisecollection.com\\\/de\\\/shop\\\/women\\\/pumps\\\/venise-catherine-jaguar-miele\"]}]},{\"@type\":\"ImageObject\",\"inLanguage\":\"de\",\"@id\":\"https:\\\/\\\/www.venisecollection.com\\\/de\\\/shop\\\/women\\\/pumps\\\/venise-catherine-jaguar-miele#primaryimage\",\"url\":\"https:\\\/\\\/www.venisecollection.com\\\/cdn\\\/image-202.webp\",\"contentUrl\":\"https:\\\/\\\/www.venisecollection.com\\\/cdn\\\/image-202.webp\",\"width\":1280,\"height\":1588},{\"@type\":\"BreadcrumbList\",\"@id\":\"https:\\\/\\\/www.venisecollection.com\\\/de\\\/shop\\\/women\\\/pumps\\\/venise-catherine-jaguar-miele#breadcrumb\",\"itemListElement\":[{\"@type\":\"ListItem\",\"position\":1,\"name\":\"Home\",\"item\":\"https:\\\/\\\/www.venisecollection.com\\\/de\\\/shop\"},{\"@type\":\"ListItem\",\"position\":2,\"name\":\"Startseite\",\"item\":\"https:\\\/\\\/www.venisecollection.com\\\/de\\\/shop\"},{\"@type\":\"ListItem\",\"position\":3,\"name\":\"VENISE CATHERINE JAGUAR MIELE\"}]},{\"@type\":\"WebSite\",\"@id\":\"https:\\\/\\\/www.venisecollection.com\\\/de#website\",\"url\":\"https:\\\/\\\/www.venisecollection.com\\\/de\",\"name\":\"VENISE COLLECTION\",\"description\":\"\",\"publisher\":{\"@id\":\"https:\\\/\\\/www.venisecollection.com\\\/de#organization\"},\"potentialAction\":[{\"@type\":\"SearchAction\",\"target\":{\"@type\":\"EntryPoint\",\"urlTemplate\":\"https:\\\/\\\/www.venisecollection.com\\\/de?s={search_term_string}\"},\"query-input\":{\"@type\":\"PropertyValueSpecification\",\"valueRequired\":true,\"valueName\":\"search_term_string\"}}],\"inLanguage\":\"de\"},{\"@type\":\"Organization\",\"@id\":\"https:\\\/\\\/www.venisecollection.com\\\/de#organization\",\"name\":\"VENISE COLLECTION\",\"url\":\"https:\\\/\\\/www.venisecollection.com\\\/de\",\"logo\":{\"@type\":\"ImageObject\",\"inLanguage\":\"de\",\"@id\":\"https:\\\/\\\/www.venisecollection.com\\\/de#\\\/schema\\\/logo\\\/image\\\/\",\"url\":\"https:\\\/\\\/www.venisecollection.com\\\/cdn\\\/seo.png\",\"contentUrl\":\"https:\\\/\\\/www.venisecollection.com\\\/cdn\\\/seo.png\",\"width\":1080,\"height\":1080,\"caption\":\"VENISE COLLECTION\"},\"image\":{\"@id\":\"https:\\\/\\\/www.venisecollection.com\\\/de#\\\/schema\\\/logo\\\/image\\\/\"},\"sameAs\":[\"https:\\\/\\\/www.instagram.com\\\/venisecollection\\\/\",\"https:\\\/\\\/fr.pinterest.com\\\/venisecollection\\\/\"]}]}<\/script>\n<!-- \/ Yoast SEO plugin. -->","yoast_head_json":{"title":"VENISE CATHERINE JAGUAR MIELE - VENISE COLLECTION","robots":{"index":"index","follow":"follow","max-snippet":"max-snippet:-1","max-image-preview":"max-image-preview:large","max-video-preview":"max-video-preview:-1"},"canonical":"https:\/\/www.venisecollection.com\/de\/shop\/women\/pumps\/venise-catherine-jaguar-miele","og_locale":"de_DE","og_type":"article","og_title":"VENISE CATHERINE JAGUAR MIELE - VENISE COLLECTION","og_description":"Verleihen Sie Ihrem Look zeitlose Eleganz mit dem VENISE CATHERINE JAGUAR MIELE High Heel f\u00fcr Damen aus der VENISE COLLECTION. Dieser elegante Schuh aus Kalbsleder im Pony-Stil mit honigfarbenem Jaguar-Print verleiht jedem Schritt Raffinesse und Reiz. Der hohe, formsch\u00f6ne Absatz streckt die Silhouette, w\u00e4hrend das ergonomische Fu\u00dfgew\u00f6lbedesign f\u00fcr dauerhaften Komfort sorgt. Das Innenfutter aus Leder &hellip;","og_url":"https:\/\/www.venisecollection.com\/de\/shop\/women\/pumps\/venise-catherine-jaguar-miele","og_site_name":"VENISE COLLECTION","article_modified_time":"2026-04-16T00:38:17+00:00","og_image":[{"width":1280,"height":1588,"url":"https:\/\/www.venisecollection.com\/cdn\/image-202.webp","type":"image\/webp"}],"twitter_card":"summary_large_image","schema":{"@context":"https:\/\/schema.org","@graph":[{"@type":"WebPage","@id":"https:\/\/www.venisecollection.com\/de\/shop\/women\/pumps\/venise-catherine-jaguar-miele","url":"https:\/\/www.venisecollection.com\/de\/shop\/women\/pumps\/venise-catherine-jaguar-miele","name":"VENISE CATHERINE JAGUAR MIELE - VENISE COLLECTION","isPartOf":{"@id":"https:\/\/www.venisecollection.com\/de#website"},"primaryImageOfPage":{"@id":"https:\/\/www.venisecollection.com\/de\/shop\/women\/pumps\/venise-catherine-jaguar-miele#primaryimage"},"image":{"@id":"https:\/\/www.venisecollection.com\/de\/shop\/women\/pumps\/venise-catherine-jaguar-miele#primaryimage"},"thumbnailUrl":"https:\/\/www.venisecollection.com\/cdn\/image-202.webp","datePublished":"2025-11-20T16:22:26+00:00","dateModified":"2026-04-16T00:38:17+00:00","breadcrumb":{"@id":"https:\/\/www.venisecollection.com\/de\/shop\/women\/pumps\/venise-catherine-jaguar-miele#breadcrumb"},"inLanguage":"de","potentialAction":[{"@type":"ReadAction","target":["https:\/\/www.venisecollection.com\/de\/shop\/women\/pumps\/venise-catherine-jaguar-miele"]}]},{"@type":"ImageObject","inLanguage":"de","@id":"https:\/\/www.venisecollection.com\/de\/shop\/women\/pumps\/venise-catherine-jaguar-miele#primaryimage","url":"https:\/\/www.venisecollection.com\/cdn\/image-202.webp","contentUrl":"https:\/\/www.venisecollection.com\/cdn\/image-202.webp","width":1280,"height":1588},{"@type":"BreadcrumbList","@id":"https:\/\/www.venisecollection.com\/de\/shop\/women\/pumps\/venise-catherine-jaguar-miele#breadcrumb","itemListElement":[{"@type":"ListItem","position":1,"name":"Home","item":"https:\/\/www.venisecollection.com\/de\/shop"},{"@type":"ListItem","position":2,"name":"Startseite","item":"https:\/\/www.venisecollection.com\/de\/shop"},{"@type":"ListItem","position":3,"name":"VENISE CATHERINE JAGUAR MIELE"}]},{"@type":"WebSite","@id":"https:\/\/www.venisecollection.com\/de#website","url":"https:\/\/www.venisecollection.com\/de","name":"VENISE COLLECTION","description":"","publisher":{"@id":"https:\/\/www.venisecollection.com\/de#organization"},"potentialAction":[{"@type":"SearchAction","target":{"@type":"EntryPoint","urlTemplate":"https:\/\/www.venisecollection.com\/de?s={search_term_string}"},"query-input":{"@type":"PropertyValueSpecification","valueRequired":true,"valueName":"search_term_string"}}],"inLanguage":"de"},{"@type":"Organization","@id":"https:\/\/www.venisecollection.com\/de#organization","name":"VENISE COLLECTION","url":"https:\/\/www.venisecollection.com\/de","logo":{"@type":"ImageObject","inLanguage":"de","@id":"https:\/\/www.venisecollection.com\/de#\/schema\/logo\/image\/","url":"https:\/\/www.venisecollection.com\/cdn\/seo.png","contentUrl":"https:\/\/www.venisecollection.com\/cdn\/seo.png","width":1080,"height":1080,"caption":"VENISE COLLECTION"},"image":{"@id":"https:\/\/www.venisecollection.com\/de#\/schema\/logo\/image\/"},"sameAs":["https:\/\/www.instagram.com\/venisecollection\/","https:\/\/fr.pinterest.com\/venisecollection\/"]}]}},"_links":{"self":[{"href":"https:\/\/www.venisecollection.com\/de\/wp-json\/wp\/v2\/product\/5533","targetHints":{"allow":["GET"]}}],"collection":[{"href":"https:\/\/www.venisecollection.com\/de\/wp-json\/wp\/v2\/product"}],"about":[{"href":"https:\/\/www.venisecollection.com\/de\/wp-json\/wp\/v2\/types\/product"}],"wp:featuredmedia":[{"embeddable":true,"href":"https:\/\/www.venisecollection.com\/de\/wp-json\/wp\/v2\/media\/5535"}],"wp:attachment":[{"href":"https:\/\/www.venisecollection.com\/de\/wp-json\/wp\/v2\/media?parent=5533"}],"wp:term":[{"taxonomy":"product_brand","embeddable":true,"href":"https:\/\/www.venisecollection.com\/de\/wp-json\/wp\/v2\/product_brand?post=5533"},{"taxonomy":"product_cat","embeddable":true,"href":"https:\/\/www.venisecollection.com\/de\/wp-json\/wp\/v2\/product_cat?post=5533"},{"taxonomy":"product_tag","embeddable":true,"href":"https:\/\/www.venisecollection.com\/de\/wp-json\/wp\/v2\/product_tag?post=5533"}],"curies":[{"name":"wp","href":"https:\/\/api.w.org\/{rel}","templated":true}]}}