{"id":5534,"date":"2025-11-20T16:22:31","date_gmt":"2025-11-20T16:22:31","guid":{"rendered":"https:\/\/www.venisecollection.com\/shop\/women\/unkategorisiert\/elena-iachi-kaliko-gruen-tetris\/"},"modified":"2025-12-26T15:08:06","modified_gmt":"2025-12-26T15:08:06","slug":"elena-iachi-kaliko-gruen-tetris","status":"publish","type":"product","link":"https:\/\/www.venisecollection.com\/de\/shop\/women\/ballerinas\/elena-iachi-kaliko-gruen-tetris","title":{"rendered":"ELENA IACHI KALIKO GR\u00dcN TETRIS"},"content":{"rendered":"<p style=\"text-align: justify;\" data-start=\"1339\" data-end=\"1687\">Der KALIKO GR\u00dcN TETRIS von ELENA IACHI ist ein einzigartiger, k\u00fcnstlerischer Damen-Ballerina, gefertigt aus reich besticktem Multicolor-Gewebe mit lebhaften geometrischen Mustern, inspiriert vom ikonischen Tetris-Thema. Seine k\u00fchne Kombination aus Gr\u00fcn, Pink, Orange, Lila und Blau macht diesen Schuh zu einem echten Statement-Piece, das jeden Look sofort aufwertet. <\/p>\n<p style=\"text-align: justify;\" data-start=\"1689\" data-end=\"1895\">Das Futter aus echtem Leder sorgt f\u00fcr ein weiches, angenehmes Tragegef\u00fchl, w\u00e4hrend die Premium-Ledersohle mit einem 7-mm-Absatz f\u00fcr Leichtigkeit und Stabilit\u00e4t sorgt \u2013 perfekt f\u00fcr den Alltag, Stadtspazierg\u00e4nge oder raffinierte Freizeitoutfits. F\u00fcr Frauen, die sowohl Komfort als auch ein herausragendes k\u00fcnstlerisches Design suchen, ist dieser Ballerina eine au\u00dfergew\u00f6hnliche Wahl. <\/p>\n","protected":false},"excerpt":{"rendered":"<p>Der KALIKO GR\u00dcN TETRIS von ELENA IACHI ist ein einzigartiger, k\u00fcnstlerischer Damen-Ballerina, gefertigt aus reich besticktem Multicolor-Gewebe mit lebhaften geometrischen Mustern, inspiriert vom ikonischen Tetris-Thema. Seine k\u00fchne Kombination aus Gr\u00fcn, Pink, Orange, Lila und Blau macht diesen Schuh zu einem echten Statement-Piece, das jeden Look sofort aufwertet. Das Futter aus echtem Leder sorgt f\u00fcr ein &hellip;<\/p>\n","protected":false},"featured_media":5542,"template":"","meta":[],"product_brand":[351],"product_cat":[111],"product_tag":[],"class_list":{"0":"post-5534","1":"product","2":"type-product","3":"status-publish","4":"has-post-thumbnail","6":"product_brand-elena-iachi","7":"product_cat-ballerinas","9":"first","10":"instock","11":"shipping-taxable","12":"purchasable","13":"product-type-variable","14":"has-default-attributes"},"yoast_head":"<!-- This site is optimized with the Yoast SEO plugin v27.4 - https:\/\/yoast.com\/product\/yoast-seo-wordpress\/ -->\n<title>ELENA IACHI KALIKO GR\u00dcN TETRIS - VENISE COLLECTION<\/title>\n<meta name=\"robots\" content=\"index, follow, max-snippet:-1, max-image-preview:large, max-video-preview:-1\" \/>\n<link rel=\"canonical\" href=\"https:\/\/www.venisecollection.com\/de\/shop\/women\/ballerinas\/elena-iachi-kaliko-gruen-tetris\" \/>\n<meta property=\"og:locale\" content=\"de_DE\" \/>\n<meta property=\"og:type\" content=\"article\" \/>\n<meta property=\"og:title\" content=\"ELENA IACHI KALIKO GR\u00dcN TETRIS - VENISE COLLECTION\" \/>\n<meta property=\"og:description\" content=\"Der KALIKO GR\u00dcN TETRIS von ELENA IACHI ist ein einzigartiger, k\u00fcnstlerischer Damen-Ballerina, gefertigt aus reich besticktem Multicolor-Gewebe mit lebhaften geometrischen Mustern, inspiriert vom ikonischen Tetris-Thema. Seine k\u00fchne Kombination aus Gr\u00fcn, Pink, Orange, Lila und Blau macht diesen Schuh zu einem echten Statement-Piece, das jeden Look sofort aufwertet. Das Futter aus echtem Leder sorgt f\u00fcr ein &hellip;\" \/>\n<meta property=\"og:url\" content=\"https:\/\/www.venisecollection.com\/de\/shop\/women\/ballerinas\/elena-iachi-kaliko-gruen-tetris\" \/>\n<meta property=\"og:site_name\" content=\"VENISE COLLECTION\" \/>\n<meta property=\"article:modified_time\" content=\"2025-12-26T15:08:06+00:00\" \/>\n<meta property=\"og:image\" content=\"https:\/\/www.venisecollection.com\/cdn\/image.psd-217.webp\" \/>\n\t<meta property=\"og:image:width\" content=\"1280\" \/>\n\t<meta property=\"og:image:height\" content=\"1588\" \/>\n\t<meta property=\"og:image:type\" content=\"image\/webp\" \/>\n<meta name=\"twitter:card\" content=\"summary_large_image\" \/>\n<meta name=\"twitter:label1\" content=\"Gesch\u00e4tzte Lesezeit\" \/>\n\t<meta name=\"twitter:data1\" content=\"1\u00a0Minute\" \/>\n<script type=\"application\/ld+json\" class=\"yoast-schema-graph\">{\"@context\":\"https:\\\/\\\/schema.org\",\"@graph\":[{\"@type\":\"WebPage\",\"@id\":\"https:\\\/\\\/www.venisecollection.com\\\/de\\\/shop\\\/women\\\/ballerinas\\\/elena-iachi-kaliko-gruen-tetris\",\"url\":\"https:\\\/\\\/www.venisecollection.com\\\/de\\\/shop\\\/women\\\/ballerinas\\\/elena-iachi-kaliko-gruen-tetris\",\"name\":\"ELENA IACHI KALIKO GR\u00dcN TETRIS - VENISE COLLECTION\",\"isPartOf\":{\"@id\":\"https:\\\/\\\/www.venisecollection.com\\\/de#website\"},\"primaryImageOfPage\":{\"@id\":\"https:\\\/\\\/www.venisecollection.com\\\/de\\\/shop\\\/women\\\/ballerinas\\\/elena-iachi-kaliko-gruen-tetris#primaryimage\"},\"image\":{\"@id\":\"https:\\\/\\\/www.venisecollection.com\\\/de\\\/shop\\\/women\\\/ballerinas\\\/elena-iachi-kaliko-gruen-tetris#primaryimage\"},\"thumbnailUrl\":\"https:\\\/\\\/www.venisecollection.com\\\/cdn\\\/image.psd-217.webp\",\"datePublished\":\"2025-11-20T16:22:31+00:00\",\"dateModified\":\"2025-12-26T15:08:06+00:00\",\"breadcrumb\":{\"@id\":\"https:\\\/\\\/www.venisecollection.com\\\/de\\\/shop\\\/women\\\/ballerinas\\\/elena-iachi-kaliko-gruen-tetris#breadcrumb\"},\"inLanguage\":\"de\",\"potentialAction\":[{\"@type\":\"ReadAction\",\"target\":[\"https:\\\/\\\/www.venisecollection.com\\\/de\\\/shop\\\/women\\\/ballerinas\\\/elena-iachi-kaliko-gruen-tetris\"]}]},{\"@type\":\"ImageObject\",\"inLanguage\":\"de\",\"@id\":\"https:\\\/\\\/www.venisecollection.com\\\/de\\\/shop\\\/women\\\/ballerinas\\\/elena-iachi-kaliko-gruen-tetris#primaryimage\",\"url\":\"https:\\\/\\\/www.venisecollection.com\\\/cdn\\\/image.psd-217.webp\",\"contentUrl\":\"https:\\\/\\\/www.venisecollection.com\\\/cdn\\\/image.psd-217.webp\",\"width\":1280,\"height\":1588},{\"@type\":\"BreadcrumbList\",\"@id\":\"https:\\\/\\\/www.venisecollection.com\\\/de\\\/shop\\\/women\\\/ballerinas\\\/elena-iachi-kaliko-gruen-tetris#breadcrumb\",\"itemListElement\":[{\"@type\":\"ListItem\",\"position\":1,\"name\":\"Home\",\"item\":\"https:\\\/\\\/www.venisecollection.com\\\/de\\\/shop\"},{\"@type\":\"ListItem\",\"position\":2,\"name\":\"Startseite\",\"item\":\"https:\\\/\\\/www.venisecollection.com\\\/de\\\/shop\"},{\"@type\":\"ListItem\",\"position\":3,\"name\":\"ELENA IACHI KALIKO GR\u00dcN TETRIS\"}]},{\"@type\":\"WebSite\",\"@id\":\"https:\\\/\\\/www.venisecollection.com\\\/de#website\",\"url\":\"https:\\\/\\\/www.venisecollection.com\\\/de\",\"name\":\"VENISE COLLECTION\",\"description\":\"\",\"publisher\":{\"@id\":\"https:\\\/\\\/www.venisecollection.com\\\/de#organization\"},\"potentialAction\":[{\"@type\":\"SearchAction\",\"target\":{\"@type\":\"EntryPoint\",\"urlTemplate\":\"https:\\\/\\\/www.venisecollection.com\\\/de?s={search_term_string}\"},\"query-input\":{\"@type\":\"PropertyValueSpecification\",\"valueRequired\":true,\"valueName\":\"search_term_string\"}}],\"inLanguage\":\"de\"},{\"@type\":\"Organization\",\"@id\":\"https:\\\/\\\/www.venisecollection.com\\\/de#organization\",\"name\":\"VENISE COLLECTION\",\"url\":\"https:\\\/\\\/www.venisecollection.com\\\/de\",\"logo\":{\"@type\":\"ImageObject\",\"inLanguage\":\"de\",\"@id\":\"https:\\\/\\\/www.venisecollection.com\\\/de#\\\/schema\\\/logo\\\/image\\\/\",\"url\":\"https:\\\/\\\/www.venisecollection.com\\\/cdn\\\/seo.png\",\"contentUrl\":\"https:\\\/\\\/www.venisecollection.com\\\/cdn\\\/seo.png\",\"width\":1080,\"height\":1080,\"caption\":\"VENISE COLLECTION\"},\"image\":{\"@id\":\"https:\\\/\\\/www.venisecollection.com\\\/de#\\\/schema\\\/logo\\\/image\\\/\"},\"sameAs\":[\"https:\\\/\\\/www.instagram.com\\\/venisecollection\\\/\",\"https:\\\/\\\/fr.pinterest.com\\\/venisecollection\\\/\"]}]}<\/script>\n<!-- \/ Yoast SEO plugin. -->","yoast_head_json":{"title":"ELENA IACHI KALIKO GR\u00dcN TETRIS - VENISE COLLECTION","robots":{"index":"index","follow":"follow","max-snippet":"max-snippet:-1","max-image-preview":"max-image-preview:large","max-video-preview":"max-video-preview:-1"},"canonical":"https:\/\/www.venisecollection.com\/de\/shop\/women\/ballerinas\/elena-iachi-kaliko-gruen-tetris","og_locale":"de_DE","og_type":"article","og_title":"ELENA IACHI KALIKO GR\u00dcN TETRIS - VENISE COLLECTION","og_description":"Der KALIKO GR\u00dcN TETRIS von ELENA IACHI ist ein einzigartiger, k\u00fcnstlerischer Damen-Ballerina, gefertigt aus reich besticktem Multicolor-Gewebe mit lebhaften geometrischen Mustern, inspiriert vom ikonischen Tetris-Thema. Seine k\u00fchne Kombination aus Gr\u00fcn, Pink, Orange, Lila und Blau macht diesen Schuh zu einem echten Statement-Piece, das jeden Look sofort aufwertet. Das Futter aus echtem Leder sorgt f\u00fcr ein &hellip;","og_url":"https:\/\/www.venisecollection.com\/de\/shop\/women\/ballerinas\/elena-iachi-kaliko-gruen-tetris","og_site_name":"VENISE COLLECTION","article_modified_time":"2025-12-26T15:08:06+00:00","og_image":[{"width":1280,"height":1588,"url":"https:\/\/www.venisecollection.com\/cdn\/image.psd-217.webp","type":"image\/webp"}],"twitter_card":"summary_large_image","twitter_misc":{"Gesch\u00e4tzte Lesezeit":"1\u00a0Minute"},"schema":{"@context":"https:\/\/schema.org","@graph":[{"@type":"WebPage","@id":"https:\/\/www.venisecollection.com\/de\/shop\/women\/ballerinas\/elena-iachi-kaliko-gruen-tetris","url":"https:\/\/www.venisecollection.com\/de\/shop\/women\/ballerinas\/elena-iachi-kaliko-gruen-tetris","name":"ELENA IACHI KALIKO GR\u00dcN TETRIS - VENISE COLLECTION","isPartOf":{"@id":"https:\/\/www.venisecollection.com\/de#website"},"primaryImageOfPage":{"@id":"https:\/\/www.venisecollection.com\/de\/shop\/women\/ballerinas\/elena-iachi-kaliko-gruen-tetris#primaryimage"},"image":{"@id":"https:\/\/www.venisecollection.com\/de\/shop\/women\/ballerinas\/elena-iachi-kaliko-gruen-tetris#primaryimage"},"thumbnailUrl":"https:\/\/www.venisecollection.com\/cdn\/image.psd-217.webp","datePublished":"2025-11-20T16:22:31+00:00","dateModified":"2025-12-26T15:08:06+00:00","breadcrumb":{"@id":"https:\/\/www.venisecollection.com\/de\/shop\/women\/ballerinas\/elena-iachi-kaliko-gruen-tetris#breadcrumb"},"inLanguage":"de","potentialAction":[{"@type":"ReadAction","target":["https:\/\/www.venisecollection.com\/de\/shop\/women\/ballerinas\/elena-iachi-kaliko-gruen-tetris"]}]},{"@type":"ImageObject","inLanguage":"de","@id":"https:\/\/www.venisecollection.com\/de\/shop\/women\/ballerinas\/elena-iachi-kaliko-gruen-tetris#primaryimage","url":"https:\/\/www.venisecollection.com\/cdn\/image.psd-217.webp","contentUrl":"https:\/\/www.venisecollection.com\/cdn\/image.psd-217.webp","width":1280,"height":1588},{"@type":"BreadcrumbList","@id":"https:\/\/www.venisecollection.com\/de\/shop\/women\/ballerinas\/elena-iachi-kaliko-gruen-tetris#breadcrumb","itemListElement":[{"@type":"ListItem","position":1,"name":"Home","item":"https:\/\/www.venisecollection.com\/de\/shop"},{"@type":"ListItem","position":2,"name":"Startseite","item":"https:\/\/www.venisecollection.com\/de\/shop"},{"@type":"ListItem","position":3,"name":"ELENA IACHI KALIKO GR\u00dcN TETRIS"}]},{"@type":"WebSite","@id":"https:\/\/www.venisecollection.com\/de#website","url":"https:\/\/www.venisecollection.com\/de","name":"VENISE COLLECTION","description":"","publisher":{"@id":"https:\/\/www.venisecollection.com\/de#organization"},"potentialAction":[{"@type":"SearchAction","target":{"@type":"EntryPoint","urlTemplate":"https:\/\/www.venisecollection.com\/de?s={search_term_string}"},"query-input":{"@type":"PropertyValueSpecification","valueRequired":true,"valueName":"search_term_string"}}],"inLanguage":"de"},{"@type":"Organization","@id":"https:\/\/www.venisecollection.com\/de#organization","name":"VENISE COLLECTION","url":"https:\/\/www.venisecollection.com\/de","logo":{"@type":"ImageObject","inLanguage":"de","@id":"https:\/\/www.venisecollection.com\/de#\/schema\/logo\/image\/","url":"https:\/\/www.venisecollection.com\/cdn\/seo.png","contentUrl":"https:\/\/www.venisecollection.com\/cdn\/seo.png","width":1080,"height":1080,"caption":"VENISE COLLECTION"},"image":{"@id":"https:\/\/www.venisecollection.com\/de#\/schema\/logo\/image\/"},"sameAs":["https:\/\/www.instagram.com\/venisecollection\/","https:\/\/fr.pinterest.com\/venisecollection\/"]}]}},"_links":{"self":[{"href":"https:\/\/www.venisecollection.com\/de\/wp-json\/wp\/v2\/product\/5534","targetHints":{"allow":["GET"]}}],"collection":[{"href":"https:\/\/www.venisecollection.com\/de\/wp-json\/wp\/v2\/product"}],"about":[{"href":"https:\/\/www.venisecollection.com\/de\/wp-json\/wp\/v2\/types\/product"}],"wp:featuredmedia":[{"embeddable":true,"href":"https:\/\/www.venisecollection.com\/de\/wp-json\/wp\/v2\/media\/5542"}],"wp:attachment":[{"href":"https:\/\/www.venisecollection.com\/de\/wp-json\/wp\/v2\/media?parent=5534"}],"wp:term":[{"taxonomy":"product_brand","embeddable":true,"href":"https:\/\/www.venisecollection.com\/de\/wp-json\/wp\/v2\/product_brand?post=5534"},{"taxonomy":"product_cat","embeddable":true,"href":"https:\/\/www.venisecollection.com\/de\/wp-json\/wp\/v2\/product_cat?post=5534"},{"taxonomy":"product_tag","embeddable":true,"href":"https:\/\/www.venisecollection.com\/de\/wp-json\/wp\/v2\/product_tag?post=5534"}],"curies":[{"name":"wp","href":"https:\/\/api.w.org\/{rel}","templated":true}]}}