{"id":5555,"date":"2025-12-20T16:23:00","date_gmt":"2025-12-20T16:23:00","guid":{"rendered":"https:\/\/www.venisecollection.com\/shop\/women\/unkategorisiert\/elena-iachi-scilla-tarzan-raso\/"},"modified":"2025-12-26T15:09:50","modified_gmt":"2025-12-26T15:09:50","slug":"elena-iachi-scilla-tarzan-raso","status":"publish","type":"product","link":"https:\/\/www.venisecollection.com\/de\/shop\/women\/ballerinas\/elena-iachi-scilla-tarzan-raso","title":{"rendered":"ELENA IACHI SCILLA TARZAN RASO"},"content":{"rendered":"<p style=\"text-align: justify;\" data-start=\"1139\" data-end=\"1607\">Der Damen-Ballerina SCILLA TARZAN RASO von ELENA IACHI verf\u00fcgt \u00fcber ein luxuri\u00f6ses Obermaterial aus bedrucktem Satin mit einem weichen Lederfutter und einer echten Lederlaufsohle f\u00fcr au\u00dfergew\u00f6hnlichen Komfort und Langlebigkeit. Sein minimaler Absatz sorgt f\u00fcr leichtes Tragen den ganzen Tag \u00fcber. Perfekt f\u00fcr allt\u00e4gliche, legere oder halbformelle Anl\u00e4sse, wertet dieser elegante Ballerina Ihren Stil m\u00fchelos auf.  <\/p>\n","protected":false},"excerpt":{"rendered":"<p>Der Damen-Ballerina SCILLA TARZAN RASO von ELENA IACHI verf\u00fcgt \u00fcber ein luxuri\u00f6ses Obermaterial aus bedrucktem Satin mit einem weichen Lederfutter und einer echten Lederlaufsohle f\u00fcr au\u00dfergew\u00f6hnlichen Komfort und Langlebigkeit. Sein minimaler Absatz sorgt f\u00fcr leichtes Tragen den ganzen Tag \u00fcber. Perfekt f\u00fcr allt\u00e4gliche, legere oder halbformelle Anl\u00e4sse, wertet dieser elegante Ballerina Ihren Stil m\u00fchelos auf.<\/p>\n","protected":false},"featured_media":5557,"template":"","meta":[],"product_brand":[351],"product_cat":[111],"product_tag":[],"class_list":{"0":"post-5555","1":"product","2":"type-product","3":"status-publish","4":"has-post-thumbnail","6":"product_brand-elena-iachi","7":"product_cat-ballerinas","9":"first","10":"instock","11":"shipping-taxable","12":"purchasable","13":"product-type-variable","14":"has-default-attributes"},"yoast_head":"<!-- This site is optimized with the Yoast SEO plugin v27.4 - https:\/\/yoast.com\/product\/yoast-seo-wordpress\/ -->\n<title>ELENA IACHI SCILLA TARZAN RASO - VENISE COLLECTION<\/title>\n<meta name=\"robots\" content=\"index, follow, max-snippet:-1, max-image-preview:large, max-video-preview:-1\" \/>\n<link rel=\"canonical\" href=\"https:\/\/www.venisecollection.com\/de\/shop\/women\/ballerinas\/elena-iachi-scilla-tarzan-raso\" \/>\n<meta property=\"og:locale\" content=\"de_DE\" \/>\n<meta property=\"og:type\" content=\"article\" \/>\n<meta property=\"og:title\" content=\"ELENA IACHI SCILLA TARZAN RASO - VENISE COLLECTION\" \/>\n<meta property=\"og:description\" content=\"Der Damen-Ballerina SCILLA TARZAN RASO von ELENA IACHI verf\u00fcgt \u00fcber ein luxuri\u00f6ses Obermaterial aus bedrucktem Satin mit einem weichen Lederfutter und einer echten Lederlaufsohle f\u00fcr au\u00dfergew\u00f6hnlichen Komfort und Langlebigkeit. Sein minimaler Absatz sorgt f\u00fcr leichtes Tragen den ganzen Tag \u00fcber. Perfekt f\u00fcr allt\u00e4gliche, legere oder halbformelle Anl\u00e4sse, wertet dieser elegante Ballerina Ihren Stil m\u00fchelos auf.\" \/>\n<meta property=\"og:url\" content=\"https:\/\/www.venisecollection.com\/de\/shop\/women\/ballerinas\/elena-iachi-scilla-tarzan-raso\" \/>\n<meta property=\"og:site_name\" content=\"VENISE COLLECTION\" \/>\n<meta property=\"article:modified_time\" content=\"2025-12-26T15:09:50+00:00\" \/>\n<meta property=\"og:image\" content=\"https:\/\/www.venisecollection.com\/cdn\/image.psd-227.webp\" \/>\n\t<meta property=\"og:image:width\" content=\"1280\" \/>\n\t<meta property=\"og:image:height\" content=\"1588\" \/>\n\t<meta property=\"og:image:type\" content=\"image\/webp\" \/>\n<meta name=\"twitter:card\" content=\"summary_large_image\" \/>\n<script type=\"application\/ld+json\" class=\"yoast-schema-graph\">{\"@context\":\"https:\\\/\\\/schema.org\",\"@graph\":[{\"@type\":\"WebPage\",\"@id\":\"https:\\\/\\\/www.venisecollection.com\\\/de\\\/shop\\\/women\\\/ballerinas\\\/elena-iachi-scilla-tarzan-raso\",\"url\":\"https:\\\/\\\/www.venisecollection.com\\\/de\\\/shop\\\/women\\\/ballerinas\\\/elena-iachi-scilla-tarzan-raso\",\"name\":\"ELENA IACHI SCILLA TARZAN RASO - VENISE COLLECTION\",\"isPartOf\":{\"@id\":\"https:\\\/\\\/www.venisecollection.com\\\/de#website\"},\"primaryImageOfPage\":{\"@id\":\"https:\\\/\\\/www.venisecollection.com\\\/de\\\/shop\\\/women\\\/ballerinas\\\/elena-iachi-scilla-tarzan-raso#primaryimage\"},\"image\":{\"@id\":\"https:\\\/\\\/www.venisecollection.com\\\/de\\\/shop\\\/women\\\/ballerinas\\\/elena-iachi-scilla-tarzan-raso#primaryimage\"},\"thumbnailUrl\":\"https:\\\/\\\/www.venisecollection.com\\\/cdn\\\/image.psd-227.webp\",\"datePublished\":\"2025-12-20T16:23:00+00:00\",\"dateModified\":\"2025-12-26T15:09:50+00:00\",\"breadcrumb\":{\"@id\":\"https:\\\/\\\/www.venisecollection.com\\\/de\\\/shop\\\/women\\\/ballerinas\\\/elena-iachi-scilla-tarzan-raso#breadcrumb\"},\"inLanguage\":\"de\",\"potentialAction\":[{\"@type\":\"ReadAction\",\"target\":[\"https:\\\/\\\/www.venisecollection.com\\\/de\\\/shop\\\/women\\\/ballerinas\\\/elena-iachi-scilla-tarzan-raso\"]}]},{\"@type\":\"ImageObject\",\"inLanguage\":\"de\",\"@id\":\"https:\\\/\\\/www.venisecollection.com\\\/de\\\/shop\\\/women\\\/ballerinas\\\/elena-iachi-scilla-tarzan-raso#primaryimage\",\"url\":\"https:\\\/\\\/www.venisecollection.com\\\/cdn\\\/image.psd-227.webp\",\"contentUrl\":\"https:\\\/\\\/www.venisecollection.com\\\/cdn\\\/image.psd-227.webp\",\"width\":1280,\"height\":1588},{\"@type\":\"BreadcrumbList\",\"@id\":\"https:\\\/\\\/www.venisecollection.com\\\/de\\\/shop\\\/women\\\/ballerinas\\\/elena-iachi-scilla-tarzan-raso#breadcrumb\",\"itemListElement\":[{\"@type\":\"ListItem\",\"position\":1,\"name\":\"Home\",\"item\":\"https:\\\/\\\/www.venisecollection.com\\\/de\\\/shop\"},{\"@type\":\"ListItem\",\"position\":2,\"name\":\"Startseite\",\"item\":\"https:\\\/\\\/www.venisecollection.com\\\/de\\\/shop\"},{\"@type\":\"ListItem\",\"position\":3,\"name\":\"ELENA IACHI SCILLA TARZAN RASO\"}]},{\"@type\":\"WebSite\",\"@id\":\"https:\\\/\\\/www.venisecollection.com\\\/de#website\",\"url\":\"https:\\\/\\\/www.venisecollection.com\\\/de\",\"name\":\"VENISE COLLECTION\",\"description\":\"\",\"publisher\":{\"@id\":\"https:\\\/\\\/www.venisecollection.com\\\/de#organization\"},\"potentialAction\":[{\"@type\":\"SearchAction\",\"target\":{\"@type\":\"EntryPoint\",\"urlTemplate\":\"https:\\\/\\\/www.venisecollection.com\\\/de?s={search_term_string}\"},\"query-input\":{\"@type\":\"PropertyValueSpecification\",\"valueRequired\":true,\"valueName\":\"search_term_string\"}}],\"inLanguage\":\"de\"},{\"@type\":\"Organization\",\"@id\":\"https:\\\/\\\/www.venisecollection.com\\\/de#organization\",\"name\":\"VENISE COLLECTION\",\"url\":\"https:\\\/\\\/www.venisecollection.com\\\/de\",\"logo\":{\"@type\":\"ImageObject\",\"inLanguage\":\"de\",\"@id\":\"https:\\\/\\\/www.venisecollection.com\\\/de#\\\/schema\\\/logo\\\/image\\\/\",\"url\":\"https:\\\/\\\/www.venisecollection.com\\\/cdn\\\/seo.png\",\"contentUrl\":\"https:\\\/\\\/www.venisecollection.com\\\/cdn\\\/seo.png\",\"width\":1080,\"height\":1080,\"caption\":\"VENISE COLLECTION\"},\"image\":{\"@id\":\"https:\\\/\\\/www.venisecollection.com\\\/de#\\\/schema\\\/logo\\\/image\\\/\"},\"sameAs\":[\"https:\\\/\\\/www.instagram.com\\\/venisecollection\\\/\",\"https:\\\/\\\/fr.pinterest.com\\\/venisecollection\\\/\"]}]}<\/script>\n<!-- \/ Yoast SEO plugin. -->","yoast_head_json":{"title":"ELENA IACHI SCILLA TARZAN RASO - VENISE COLLECTION","robots":{"index":"index","follow":"follow","max-snippet":"max-snippet:-1","max-image-preview":"max-image-preview:large","max-video-preview":"max-video-preview:-1"},"canonical":"https:\/\/www.venisecollection.com\/de\/shop\/women\/ballerinas\/elena-iachi-scilla-tarzan-raso","og_locale":"de_DE","og_type":"article","og_title":"ELENA IACHI SCILLA TARZAN RASO - VENISE COLLECTION","og_description":"Der Damen-Ballerina SCILLA TARZAN RASO von ELENA IACHI verf\u00fcgt \u00fcber ein luxuri\u00f6ses Obermaterial aus bedrucktem Satin mit einem weichen Lederfutter und einer echten Lederlaufsohle f\u00fcr au\u00dfergew\u00f6hnlichen Komfort und Langlebigkeit. Sein minimaler Absatz sorgt f\u00fcr leichtes Tragen den ganzen Tag \u00fcber. Perfekt f\u00fcr allt\u00e4gliche, legere oder halbformelle Anl\u00e4sse, wertet dieser elegante Ballerina Ihren Stil m\u00fchelos auf.","og_url":"https:\/\/www.venisecollection.com\/de\/shop\/women\/ballerinas\/elena-iachi-scilla-tarzan-raso","og_site_name":"VENISE COLLECTION","article_modified_time":"2025-12-26T15:09:50+00:00","og_image":[{"width":1280,"height":1588,"url":"https:\/\/www.venisecollection.com\/cdn\/image.psd-227.webp","type":"image\/webp"}],"twitter_card":"summary_large_image","schema":{"@context":"https:\/\/schema.org","@graph":[{"@type":"WebPage","@id":"https:\/\/www.venisecollection.com\/de\/shop\/women\/ballerinas\/elena-iachi-scilla-tarzan-raso","url":"https:\/\/www.venisecollection.com\/de\/shop\/women\/ballerinas\/elena-iachi-scilla-tarzan-raso","name":"ELENA IACHI SCILLA TARZAN RASO - VENISE COLLECTION","isPartOf":{"@id":"https:\/\/www.venisecollection.com\/de#website"},"primaryImageOfPage":{"@id":"https:\/\/www.venisecollection.com\/de\/shop\/women\/ballerinas\/elena-iachi-scilla-tarzan-raso#primaryimage"},"image":{"@id":"https:\/\/www.venisecollection.com\/de\/shop\/women\/ballerinas\/elena-iachi-scilla-tarzan-raso#primaryimage"},"thumbnailUrl":"https:\/\/www.venisecollection.com\/cdn\/image.psd-227.webp","datePublished":"2025-12-20T16:23:00+00:00","dateModified":"2025-12-26T15:09:50+00:00","breadcrumb":{"@id":"https:\/\/www.venisecollection.com\/de\/shop\/women\/ballerinas\/elena-iachi-scilla-tarzan-raso#breadcrumb"},"inLanguage":"de","potentialAction":[{"@type":"ReadAction","target":["https:\/\/www.venisecollection.com\/de\/shop\/women\/ballerinas\/elena-iachi-scilla-tarzan-raso"]}]},{"@type":"ImageObject","inLanguage":"de","@id":"https:\/\/www.venisecollection.com\/de\/shop\/women\/ballerinas\/elena-iachi-scilla-tarzan-raso#primaryimage","url":"https:\/\/www.venisecollection.com\/cdn\/image.psd-227.webp","contentUrl":"https:\/\/www.venisecollection.com\/cdn\/image.psd-227.webp","width":1280,"height":1588},{"@type":"BreadcrumbList","@id":"https:\/\/www.venisecollection.com\/de\/shop\/women\/ballerinas\/elena-iachi-scilla-tarzan-raso#breadcrumb","itemListElement":[{"@type":"ListItem","position":1,"name":"Home","item":"https:\/\/www.venisecollection.com\/de\/shop"},{"@type":"ListItem","position":2,"name":"Startseite","item":"https:\/\/www.venisecollection.com\/de\/shop"},{"@type":"ListItem","position":3,"name":"ELENA IACHI SCILLA TARZAN RASO"}]},{"@type":"WebSite","@id":"https:\/\/www.venisecollection.com\/de#website","url":"https:\/\/www.venisecollection.com\/de","name":"VENISE COLLECTION","description":"","publisher":{"@id":"https:\/\/www.venisecollection.com\/de#organization"},"potentialAction":[{"@type":"SearchAction","target":{"@type":"EntryPoint","urlTemplate":"https:\/\/www.venisecollection.com\/de?s={search_term_string}"},"query-input":{"@type":"PropertyValueSpecification","valueRequired":true,"valueName":"search_term_string"}}],"inLanguage":"de"},{"@type":"Organization","@id":"https:\/\/www.venisecollection.com\/de#organization","name":"VENISE COLLECTION","url":"https:\/\/www.venisecollection.com\/de","logo":{"@type":"ImageObject","inLanguage":"de","@id":"https:\/\/www.venisecollection.com\/de#\/schema\/logo\/image\/","url":"https:\/\/www.venisecollection.com\/cdn\/seo.png","contentUrl":"https:\/\/www.venisecollection.com\/cdn\/seo.png","width":1080,"height":1080,"caption":"VENISE COLLECTION"},"image":{"@id":"https:\/\/www.venisecollection.com\/de#\/schema\/logo\/image\/"},"sameAs":["https:\/\/www.instagram.com\/venisecollection\/","https:\/\/fr.pinterest.com\/venisecollection\/"]}]}},"_links":{"self":[{"href":"https:\/\/www.venisecollection.com\/de\/wp-json\/wp\/v2\/product\/5555","targetHints":{"allow":["GET"]}}],"collection":[{"href":"https:\/\/www.venisecollection.com\/de\/wp-json\/wp\/v2\/product"}],"about":[{"href":"https:\/\/www.venisecollection.com\/de\/wp-json\/wp\/v2\/types\/product"}],"wp:featuredmedia":[{"embeddable":true,"href":"https:\/\/www.venisecollection.com\/de\/wp-json\/wp\/v2\/media\/5557"}],"wp:attachment":[{"href":"https:\/\/www.venisecollection.com\/de\/wp-json\/wp\/v2\/media?parent=5555"}],"wp:term":[{"taxonomy":"product_brand","embeddable":true,"href":"https:\/\/www.venisecollection.com\/de\/wp-json\/wp\/v2\/product_brand?post=5555"},{"taxonomy":"product_cat","embeddable":true,"href":"https:\/\/www.venisecollection.com\/de\/wp-json\/wp\/v2\/product_cat?post=5555"},{"taxonomy":"product_tag","embeddable":true,"href":"https:\/\/www.venisecollection.com\/de\/wp-json\/wp\/v2\/product_tag?post=5555"}],"curies":[{"name":"wp","href":"https:\/\/api.w.org\/{rel}","templated":true}]}}