{"id":5589,"date":"2025-11-20T16:22:28","date_gmt":"2025-11-20T16:22:28","guid":{"rendered":"https:\/\/www.venisecollection.com\/shop\/women\/unkategorisiert\/bottes-noires-brillantes\/"},"modified":"2025-12-26T15:08:11","modified_gmt":"2025-12-26T15:08:11","slug":"bottes-noires-brillantes","status":"publish","type":"product","link":"https:\/\/www.venisecollection.com\/de\/shop\/women\/hohe-stiefel\/bottes-noires-brillantes","title":{"rendered":"BOTTES NOIRES BRILLANTES"},"content":{"rendered":"<p style=\"text-align: justify;\" data-start=\"1063\" data-end=\"1690\">Erleben Sie anspruchsvolle Pariser Eleganz mit den Damenstiefeln BOTTES NOIRES BRILLANTES. Gefertigt aus echtem schwarzem Lackleder mit einem weichen Lederfutter, vereinen diese Stiefel Luxus, Komfort und zeitlosen Stil. <\/p>\n<p style=\"text-align: justify;\" data-start=\"1063\" data-end=\"1690\">Der seitliche Rei\u00dfverschluss erm\u00f6glicht ein m\u00fcheloses Anziehen, w\u00e4hrend der 4 cm hohe Absatz die perfekte Mischung aus Femininit\u00e4t und Stabilit\u00e4t gew\u00e4hrleistet. Mit einer Schafth\u00f6he von 37 cm und einer schmalen Passform strecken sie das Bein wundersch\u00f6n \u2013 ideal f\u00fcr raffinierte Herbst- und Winter-Looks, von Stadtausfl\u00fcgen bis hin zu Abendveranstaltungen. <\/p>\n","protected":false},"excerpt":{"rendered":"<p>Erleben Sie anspruchsvolle Pariser Eleganz mit den Damenstiefeln BOTTES NOIRES BRILLANTES. Gefertigt aus echtem schwarzem Lackleder mit einem weichen Lederfutter, vereinen diese Stiefel Luxus, Komfort und zeitlosen Stil. Der seitliche Rei\u00dfverschluss erm\u00f6glicht ein m\u00fcheloses Anziehen, w\u00e4hrend der 4 cm hohe Absatz die perfekte Mischung aus Femininit\u00e4t und Stabilit\u00e4t gew\u00e4hrleistet. Mit einer Schafth\u00f6he von 37 cm &hellip;<\/p>\n","protected":false},"featured_media":5591,"template":"","meta":[],"product_brand":[357],"product_cat":[113],"product_tag":[],"class_list":{"0":"post-5589","1":"product","2":"type-product","3":"status-publish","4":"has-post-thumbnail","6":"product_brand-venise-collection","7":"product_cat-hohe-stiefel","9":"first","10":"instock","11":"shipping-taxable","12":"purchasable","13":"product-type-variable","14":"has-default-attributes"},"yoast_head":"<!-- This site is optimized with the Yoast SEO plugin v27.4 - https:\/\/yoast.com\/product\/yoast-seo-wordpress\/ -->\n<title>BOTTES NOIRES BRILLANTES - VENISE COLLECTION<\/title>\n<meta name=\"robots\" content=\"index, follow, max-snippet:-1, max-image-preview:large, max-video-preview:-1\" \/>\n<link rel=\"canonical\" href=\"https:\/\/www.venisecollection.com\/de\/shop\/women\/hohe-stiefel\/bottes-noires-brillantes\" \/>\n<meta property=\"og:locale\" content=\"de_DE\" \/>\n<meta property=\"og:type\" content=\"article\" \/>\n<meta property=\"og:title\" content=\"BOTTES NOIRES BRILLANTES - VENISE COLLECTION\" \/>\n<meta property=\"og:description\" content=\"Erleben Sie anspruchsvolle Pariser Eleganz mit den Damenstiefeln BOTTES NOIRES BRILLANTES. Gefertigt aus echtem schwarzem Lackleder mit einem weichen Lederfutter, vereinen diese Stiefel Luxus, Komfort und zeitlosen Stil. Der seitliche Rei\u00dfverschluss erm\u00f6glicht ein m\u00fcheloses Anziehen, w\u00e4hrend der 4 cm hohe Absatz die perfekte Mischung aus Femininit\u00e4t und Stabilit\u00e4t gew\u00e4hrleistet. Mit einer Schafth\u00f6he von 37 cm &hellip;\" \/>\n<meta property=\"og:url\" content=\"https:\/\/www.venisecollection.com\/de\/shop\/women\/hohe-stiefel\/bottes-noires-brillantes\" \/>\n<meta property=\"og:site_name\" content=\"VENISE COLLECTION\" \/>\n<meta property=\"article:modified_time\" content=\"2025-12-26T15:08:11+00:00\" \/>\n<meta property=\"og:image\" content=\"https:\/\/www.venisecollection.com\/cdn\/image-206.webp\" \/>\n\t<meta property=\"og:image:width\" content=\"1280\" \/>\n\t<meta property=\"og:image:height\" content=\"1588\" \/>\n\t<meta property=\"og:image:type\" content=\"image\/webp\" \/>\n<meta name=\"twitter:card\" content=\"summary_large_image\" \/>\n<script type=\"application\/ld+json\" class=\"yoast-schema-graph\">{\"@context\":\"https:\\\/\\\/schema.org\",\"@graph\":[{\"@type\":\"WebPage\",\"@id\":\"https:\\\/\\\/www.venisecollection.com\\\/de\\\/shop\\\/women\\\/hohe-stiefel\\\/bottes-noires-brillantes\",\"url\":\"https:\\\/\\\/www.venisecollection.com\\\/de\\\/shop\\\/women\\\/hohe-stiefel\\\/bottes-noires-brillantes\",\"name\":\"BOTTES NOIRES BRILLANTES - VENISE COLLECTION\",\"isPartOf\":{\"@id\":\"https:\\\/\\\/www.venisecollection.com\\\/de#website\"},\"primaryImageOfPage\":{\"@id\":\"https:\\\/\\\/www.venisecollection.com\\\/de\\\/shop\\\/women\\\/hohe-stiefel\\\/bottes-noires-brillantes#primaryimage\"},\"image\":{\"@id\":\"https:\\\/\\\/www.venisecollection.com\\\/de\\\/shop\\\/women\\\/hohe-stiefel\\\/bottes-noires-brillantes#primaryimage\"},\"thumbnailUrl\":\"https:\\\/\\\/www.venisecollection.com\\\/cdn\\\/image-206.webp\",\"datePublished\":\"2025-11-20T16:22:28+00:00\",\"dateModified\":\"2025-12-26T15:08:11+00:00\",\"breadcrumb\":{\"@id\":\"https:\\\/\\\/www.venisecollection.com\\\/de\\\/shop\\\/women\\\/hohe-stiefel\\\/bottes-noires-brillantes#breadcrumb\"},\"inLanguage\":\"de\",\"potentialAction\":[{\"@type\":\"ReadAction\",\"target\":[\"https:\\\/\\\/www.venisecollection.com\\\/de\\\/shop\\\/women\\\/hohe-stiefel\\\/bottes-noires-brillantes\"]}]},{\"@type\":\"ImageObject\",\"inLanguage\":\"de\",\"@id\":\"https:\\\/\\\/www.venisecollection.com\\\/de\\\/shop\\\/women\\\/hohe-stiefel\\\/bottes-noires-brillantes#primaryimage\",\"url\":\"https:\\\/\\\/www.venisecollection.com\\\/cdn\\\/image-206.webp\",\"contentUrl\":\"https:\\\/\\\/www.venisecollection.com\\\/cdn\\\/image-206.webp\",\"width\":1280,\"height\":1588},{\"@type\":\"BreadcrumbList\",\"@id\":\"https:\\\/\\\/www.venisecollection.com\\\/de\\\/shop\\\/women\\\/hohe-stiefel\\\/bottes-noires-brillantes#breadcrumb\",\"itemListElement\":[{\"@type\":\"ListItem\",\"position\":1,\"name\":\"Home\",\"item\":\"https:\\\/\\\/www.venisecollection.com\\\/de\\\/shop\"},{\"@type\":\"ListItem\",\"position\":2,\"name\":\"Startseite\",\"item\":\"https:\\\/\\\/www.venisecollection.com\\\/de\\\/shop\"},{\"@type\":\"ListItem\",\"position\":3,\"name\":\"BOTTES NOIRES BRILLANTES\"}]},{\"@type\":\"WebSite\",\"@id\":\"https:\\\/\\\/www.venisecollection.com\\\/de#website\",\"url\":\"https:\\\/\\\/www.venisecollection.com\\\/de\",\"name\":\"VENISE COLLECTION\",\"description\":\"\",\"publisher\":{\"@id\":\"https:\\\/\\\/www.venisecollection.com\\\/de#organization\"},\"potentialAction\":[{\"@type\":\"SearchAction\",\"target\":{\"@type\":\"EntryPoint\",\"urlTemplate\":\"https:\\\/\\\/www.venisecollection.com\\\/de?s={search_term_string}\"},\"query-input\":{\"@type\":\"PropertyValueSpecification\",\"valueRequired\":true,\"valueName\":\"search_term_string\"}}],\"inLanguage\":\"de\"},{\"@type\":\"Organization\",\"@id\":\"https:\\\/\\\/www.venisecollection.com\\\/de#organization\",\"name\":\"VENISE COLLECTION\",\"url\":\"https:\\\/\\\/www.venisecollection.com\\\/de\",\"logo\":{\"@type\":\"ImageObject\",\"inLanguage\":\"de\",\"@id\":\"https:\\\/\\\/www.venisecollection.com\\\/de#\\\/schema\\\/logo\\\/image\\\/\",\"url\":\"https:\\\/\\\/www.venisecollection.com\\\/cdn\\\/seo.png\",\"contentUrl\":\"https:\\\/\\\/www.venisecollection.com\\\/cdn\\\/seo.png\",\"width\":1080,\"height\":1080,\"caption\":\"VENISE COLLECTION\"},\"image\":{\"@id\":\"https:\\\/\\\/www.venisecollection.com\\\/de#\\\/schema\\\/logo\\\/image\\\/\"},\"sameAs\":[\"https:\\\/\\\/www.instagram.com\\\/venisecollection\\\/\",\"https:\\\/\\\/fr.pinterest.com\\\/venisecollection\\\/\"]}]}<\/script>\n<!-- \/ Yoast SEO plugin. -->","yoast_head_json":{"title":"BOTTES NOIRES BRILLANTES - VENISE COLLECTION","robots":{"index":"index","follow":"follow","max-snippet":"max-snippet:-1","max-image-preview":"max-image-preview:large","max-video-preview":"max-video-preview:-1"},"canonical":"https:\/\/www.venisecollection.com\/de\/shop\/women\/hohe-stiefel\/bottes-noires-brillantes","og_locale":"de_DE","og_type":"article","og_title":"BOTTES NOIRES BRILLANTES - VENISE COLLECTION","og_description":"Erleben Sie anspruchsvolle Pariser Eleganz mit den Damenstiefeln BOTTES NOIRES BRILLANTES. Gefertigt aus echtem schwarzem Lackleder mit einem weichen Lederfutter, vereinen diese Stiefel Luxus, Komfort und zeitlosen Stil. Der seitliche Rei\u00dfverschluss erm\u00f6glicht ein m\u00fcheloses Anziehen, w\u00e4hrend der 4 cm hohe Absatz die perfekte Mischung aus Femininit\u00e4t und Stabilit\u00e4t gew\u00e4hrleistet. Mit einer Schafth\u00f6he von 37 cm &hellip;","og_url":"https:\/\/www.venisecollection.com\/de\/shop\/women\/hohe-stiefel\/bottes-noires-brillantes","og_site_name":"VENISE COLLECTION","article_modified_time":"2025-12-26T15:08:11+00:00","og_image":[{"width":1280,"height":1588,"url":"https:\/\/www.venisecollection.com\/cdn\/image-206.webp","type":"image\/webp"}],"twitter_card":"summary_large_image","schema":{"@context":"https:\/\/schema.org","@graph":[{"@type":"WebPage","@id":"https:\/\/www.venisecollection.com\/de\/shop\/women\/hohe-stiefel\/bottes-noires-brillantes","url":"https:\/\/www.venisecollection.com\/de\/shop\/women\/hohe-stiefel\/bottes-noires-brillantes","name":"BOTTES NOIRES BRILLANTES - VENISE COLLECTION","isPartOf":{"@id":"https:\/\/www.venisecollection.com\/de#website"},"primaryImageOfPage":{"@id":"https:\/\/www.venisecollection.com\/de\/shop\/women\/hohe-stiefel\/bottes-noires-brillantes#primaryimage"},"image":{"@id":"https:\/\/www.venisecollection.com\/de\/shop\/women\/hohe-stiefel\/bottes-noires-brillantes#primaryimage"},"thumbnailUrl":"https:\/\/www.venisecollection.com\/cdn\/image-206.webp","datePublished":"2025-11-20T16:22:28+00:00","dateModified":"2025-12-26T15:08:11+00:00","breadcrumb":{"@id":"https:\/\/www.venisecollection.com\/de\/shop\/women\/hohe-stiefel\/bottes-noires-brillantes#breadcrumb"},"inLanguage":"de","potentialAction":[{"@type":"ReadAction","target":["https:\/\/www.venisecollection.com\/de\/shop\/women\/hohe-stiefel\/bottes-noires-brillantes"]}]},{"@type":"ImageObject","inLanguage":"de","@id":"https:\/\/www.venisecollection.com\/de\/shop\/women\/hohe-stiefel\/bottes-noires-brillantes#primaryimage","url":"https:\/\/www.venisecollection.com\/cdn\/image-206.webp","contentUrl":"https:\/\/www.venisecollection.com\/cdn\/image-206.webp","width":1280,"height":1588},{"@type":"BreadcrumbList","@id":"https:\/\/www.venisecollection.com\/de\/shop\/women\/hohe-stiefel\/bottes-noires-brillantes#breadcrumb","itemListElement":[{"@type":"ListItem","position":1,"name":"Home","item":"https:\/\/www.venisecollection.com\/de\/shop"},{"@type":"ListItem","position":2,"name":"Startseite","item":"https:\/\/www.venisecollection.com\/de\/shop"},{"@type":"ListItem","position":3,"name":"BOTTES NOIRES BRILLANTES"}]},{"@type":"WebSite","@id":"https:\/\/www.venisecollection.com\/de#website","url":"https:\/\/www.venisecollection.com\/de","name":"VENISE COLLECTION","description":"","publisher":{"@id":"https:\/\/www.venisecollection.com\/de#organization"},"potentialAction":[{"@type":"SearchAction","target":{"@type":"EntryPoint","urlTemplate":"https:\/\/www.venisecollection.com\/de?s={search_term_string}"},"query-input":{"@type":"PropertyValueSpecification","valueRequired":true,"valueName":"search_term_string"}}],"inLanguage":"de"},{"@type":"Organization","@id":"https:\/\/www.venisecollection.com\/de#organization","name":"VENISE COLLECTION","url":"https:\/\/www.venisecollection.com\/de","logo":{"@type":"ImageObject","inLanguage":"de","@id":"https:\/\/www.venisecollection.com\/de#\/schema\/logo\/image\/","url":"https:\/\/www.venisecollection.com\/cdn\/seo.png","contentUrl":"https:\/\/www.venisecollection.com\/cdn\/seo.png","width":1080,"height":1080,"caption":"VENISE COLLECTION"},"image":{"@id":"https:\/\/www.venisecollection.com\/de#\/schema\/logo\/image\/"},"sameAs":["https:\/\/www.instagram.com\/venisecollection\/","https:\/\/fr.pinterest.com\/venisecollection\/"]}]}},"_links":{"self":[{"href":"https:\/\/www.venisecollection.com\/de\/wp-json\/wp\/v2\/product\/5589","targetHints":{"allow":["GET"]}}],"collection":[{"href":"https:\/\/www.venisecollection.com\/de\/wp-json\/wp\/v2\/product"}],"about":[{"href":"https:\/\/www.venisecollection.com\/de\/wp-json\/wp\/v2\/types\/product"}],"wp:featuredmedia":[{"embeddable":true,"href":"https:\/\/www.venisecollection.com\/de\/wp-json\/wp\/v2\/media\/5591"}],"wp:attachment":[{"href":"https:\/\/www.venisecollection.com\/de\/wp-json\/wp\/v2\/media?parent=5589"}],"wp:term":[{"taxonomy":"product_brand","embeddable":true,"href":"https:\/\/www.venisecollection.com\/de\/wp-json\/wp\/v2\/product_brand?post=5589"},{"taxonomy":"product_cat","embeddable":true,"href":"https:\/\/www.venisecollection.com\/de\/wp-json\/wp\/v2\/product_cat?post=5589"},{"taxonomy":"product_tag","embeddable":true,"href":"https:\/\/www.venisecollection.com\/de\/wp-json\/wp\/v2\/product_tag?post=5589"}],"curies":[{"name":"wp","href":"https:\/\/api.w.org\/{rel}","templated":true}]}}