{"id":5601,"date":"2025-12-20T16:21:52","date_gmt":"2025-12-20T16:21:52","guid":{"rendered":"https:\/\/www.venisecollection.com\/shop\/women\/unkategorisiert\/paul-smith-dover-army-green\/"},"modified":"2026-04-21T00:18:44","modified_gmt":"2026-04-21T00:18:44","slug":"paul-smith-dover-army-green","status":"publish","type":"product","link":"https:\/\/www.venisecollection.com\/de\/shop\/women\/sneakers\/paul-smith-dover-army-green","title":{"rendered":"Paul Smith DOVER ARMY GREEN"},"content":{"rendered":"<p style=\"text-align: justify;\" data-start=\"1335\" data-end=\"1811\">Tauchen Sie ein in zeitlosen Stil mit dem Paul Smith DOVER ARMY GREEN Damen-Sneaker. Entwickelt f\u00fcr die Herbst-Winter-Saison 2025-2026, vereint dieser Schuh luxuri\u00f6sen Khaki-Samt mit Akzenten aus verschiedenen Materialien und verbindet dabei Eleganz mit Komfort. Die seitlich gen\u00e4hte Konstruktion gew\u00e4hrleistet eine lange Haltbarkeit, w\u00e4hrend die Gummisohle hervorragenden Halt und Flexibilit\u00e4t bietet. Sein Innenfutter aus Leder und Textil sorgt f\u00fcr Weichheit und Atmungsaktivit\u00e4t f\u00fcr ganzt\u00e4gigen Komfort.   <\/p>\n","protected":false},"excerpt":{"rendered":"<p>Tauchen Sie ein in zeitlosen Stil mit dem Paul Smith DOVER ARMY GREEN Damen-Sneaker. Entwickelt f\u00fcr die Herbst-Winter-Saison 2025-2026, vereint dieser Schuh luxuri\u00f6sen Khaki-Samt mit Akzenten aus verschiedenen Materialien und verbindet dabei Eleganz mit Komfort. Die seitlich gen\u00e4hte Konstruktion gew\u00e4hrleistet eine lange Haltbarkeit, w\u00e4hrend die Gummisohle hervorragenden Halt und Flexibilit\u00e4t bietet. Sein Innenfutter aus Leder &hellip;<\/p>\n","protected":false},"featured_media":5602,"template":"","meta":[],"product_brand":[67],"product_cat":[66],"product_tag":[],"class_list":{"0":"post-5601","1":"product","2":"type-product","3":"status-publish","4":"has-post-thumbnail","6":"product_brand-paul-smith","7":"product_cat-sneakers","9":"first","10":"instock","11":"shipping-taxable","12":"purchasable","13":"product-type-variable","14":"has-default-attributes"},"yoast_head":"<!-- This site is optimized with the Yoast SEO plugin v27.4 - https:\/\/yoast.com\/product\/yoast-seo-wordpress\/ -->\n<title>Paul Smith DOVER ARMY GREEN - VENISE COLLECTION<\/title>\n<meta name=\"robots\" content=\"index, follow, max-snippet:-1, max-image-preview:large, max-video-preview:-1\" \/>\n<link rel=\"canonical\" href=\"https:\/\/www.venisecollection.com\/de\/shop\/women\/sneakers\/paul-smith-dover-army-green\" \/>\n<meta property=\"og:locale\" content=\"de_DE\" \/>\n<meta property=\"og:type\" content=\"article\" \/>\n<meta property=\"og:title\" content=\"Paul Smith DOVER ARMY GREEN - VENISE COLLECTION\" \/>\n<meta property=\"og:description\" content=\"Tauchen Sie ein in zeitlosen Stil mit dem Paul Smith DOVER ARMY GREEN Damen-Sneaker. Entwickelt f\u00fcr die Herbst-Winter-Saison 2025-2026, vereint dieser Schuh luxuri\u00f6sen Khaki-Samt mit Akzenten aus verschiedenen Materialien und verbindet dabei Eleganz mit Komfort. Die seitlich gen\u00e4hte Konstruktion gew\u00e4hrleistet eine lange Haltbarkeit, w\u00e4hrend die Gummisohle hervorragenden Halt und Flexibilit\u00e4t bietet. Sein Innenfutter aus Leder &hellip;\" \/>\n<meta property=\"og:url\" content=\"https:\/\/www.venisecollection.com\/de\/shop\/women\/sneakers\/paul-smith-dover-army-green\" \/>\n<meta property=\"og:site_name\" content=\"VENISE COLLECTION\" \/>\n<meta property=\"article:modified_time\" content=\"2026-04-21T00:18:44+00:00\" \/>\n<meta property=\"og:image\" content=\"https:\/\/www.venisecollection.com\/cdn\/image-189.webp\" \/>\n\t<meta property=\"og:image:width\" content=\"1280\" \/>\n\t<meta property=\"og:image:height\" content=\"1588\" \/>\n\t<meta property=\"og:image:type\" content=\"image\/webp\" \/>\n<meta name=\"twitter:card\" content=\"summary_large_image\" \/>\n<script type=\"application\/ld+json\" class=\"yoast-schema-graph\">{\"@context\":\"https:\\\/\\\/schema.org\",\"@graph\":[{\"@type\":\"WebPage\",\"@id\":\"https:\\\/\\\/www.venisecollection.com\\\/de\\\/shop\\\/women\\\/sneakers\\\/paul-smith-dover-army-green\",\"url\":\"https:\\\/\\\/www.venisecollection.com\\\/de\\\/shop\\\/women\\\/sneakers\\\/paul-smith-dover-army-green\",\"name\":\"Paul Smith DOVER ARMY GREEN - VENISE COLLECTION\",\"isPartOf\":{\"@id\":\"https:\\\/\\\/www.venisecollection.com\\\/de#website\"},\"primaryImageOfPage\":{\"@id\":\"https:\\\/\\\/www.venisecollection.com\\\/de\\\/shop\\\/women\\\/sneakers\\\/paul-smith-dover-army-green#primaryimage\"},\"image\":{\"@id\":\"https:\\\/\\\/www.venisecollection.com\\\/de\\\/shop\\\/women\\\/sneakers\\\/paul-smith-dover-army-green#primaryimage\"},\"thumbnailUrl\":\"https:\\\/\\\/www.venisecollection.com\\\/cdn\\\/image-189.webp\",\"datePublished\":\"2025-12-20T16:21:52+00:00\",\"dateModified\":\"2026-04-21T00:18:44+00:00\",\"breadcrumb\":{\"@id\":\"https:\\\/\\\/www.venisecollection.com\\\/de\\\/shop\\\/women\\\/sneakers\\\/paul-smith-dover-army-green#breadcrumb\"},\"inLanguage\":\"de\",\"potentialAction\":[{\"@type\":\"ReadAction\",\"target\":[\"https:\\\/\\\/www.venisecollection.com\\\/de\\\/shop\\\/women\\\/sneakers\\\/paul-smith-dover-army-green\"]}]},{\"@type\":\"ImageObject\",\"inLanguage\":\"de\",\"@id\":\"https:\\\/\\\/www.venisecollection.com\\\/de\\\/shop\\\/women\\\/sneakers\\\/paul-smith-dover-army-green#primaryimage\",\"url\":\"https:\\\/\\\/www.venisecollection.com\\\/cdn\\\/image-189.webp\",\"contentUrl\":\"https:\\\/\\\/www.venisecollection.com\\\/cdn\\\/image-189.webp\",\"width\":1280,\"height\":1588},{\"@type\":\"BreadcrumbList\",\"@id\":\"https:\\\/\\\/www.venisecollection.com\\\/de\\\/shop\\\/women\\\/sneakers\\\/paul-smith-dover-army-green#breadcrumb\",\"itemListElement\":[{\"@type\":\"ListItem\",\"position\":1,\"name\":\"Home\",\"item\":\"https:\\\/\\\/www.venisecollection.com\\\/de\\\/shop\"},{\"@type\":\"ListItem\",\"position\":2,\"name\":\"Startseite\",\"item\":\"https:\\\/\\\/www.venisecollection.com\\\/de\\\/shop\"},{\"@type\":\"ListItem\",\"position\":3,\"name\":\"Paul Smith DOVER ARMY GREEN\"}]},{\"@type\":\"WebSite\",\"@id\":\"https:\\\/\\\/www.venisecollection.com\\\/de#website\",\"url\":\"https:\\\/\\\/www.venisecollection.com\\\/de\",\"name\":\"VENISE COLLECTION\",\"description\":\"\",\"publisher\":{\"@id\":\"https:\\\/\\\/www.venisecollection.com\\\/de#organization\"},\"potentialAction\":[{\"@type\":\"SearchAction\",\"target\":{\"@type\":\"EntryPoint\",\"urlTemplate\":\"https:\\\/\\\/www.venisecollection.com\\\/de?s={search_term_string}\"},\"query-input\":{\"@type\":\"PropertyValueSpecification\",\"valueRequired\":true,\"valueName\":\"search_term_string\"}}],\"inLanguage\":\"de\"},{\"@type\":\"Organization\",\"@id\":\"https:\\\/\\\/www.venisecollection.com\\\/de#organization\",\"name\":\"VENISE COLLECTION\",\"url\":\"https:\\\/\\\/www.venisecollection.com\\\/de\",\"logo\":{\"@type\":\"ImageObject\",\"inLanguage\":\"de\",\"@id\":\"https:\\\/\\\/www.venisecollection.com\\\/de#\\\/schema\\\/logo\\\/image\\\/\",\"url\":\"https:\\\/\\\/www.venisecollection.com\\\/cdn\\\/seo.png\",\"contentUrl\":\"https:\\\/\\\/www.venisecollection.com\\\/cdn\\\/seo.png\",\"width\":1080,\"height\":1080,\"caption\":\"VENISE COLLECTION\"},\"image\":{\"@id\":\"https:\\\/\\\/www.venisecollection.com\\\/de#\\\/schema\\\/logo\\\/image\\\/\"},\"sameAs\":[\"https:\\\/\\\/www.instagram.com\\\/venisecollection\\\/\",\"https:\\\/\\\/fr.pinterest.com\\\/venisecollection\\\/\"]}]}<\/script>\n<!-- \/ Yoast SEO plugin. -->","yoast_head_json":{"title":"Paul Smith DOVER ARMY GREEN - VENISE COLLECTION","robots":{"index":"index","follow":"follow","max-snippet":"max-snippet:-1","max-image-preview":"max-image-preview:large","max-video-preview":"max-video-preview:-1"},"canonical":"https:\/\/www.venisecollection.com\/de\/shop\/women\/sneakers\/paul-smith-dover-army-green","og_locale":"de_DE","og_type":"article","og_title":"Paul Smith DOVER ARMY GREEN - VENISE COLLECTION","og_description":"Tauchen Sie ein in zeitlosen Stil mit dem Paul Smith DOVER ARMY GREEN Damen-Sneaker. Entwickelt f\u00fcr die Herbst-Winter-Saison 2025-2026, vereint dieser Schuh luxuri\u00f6sen Khaki-Samt mit Akzenten aus verschiedenen Materialien und verbindet dabei Eleganz mit Komfort. Die seitlich gen\u00e4hte Konstruktion gew\u00e4hrleistet eine lange Haltbarkeit, w\u00e4hrend die Gummisohle hervorragenden Halt und Flexibilit\u00e4t bietet. Sein Innenfutter aus Leder &hellip;","og_url":"https:\/\/www.venisecollection.com\/de\/shop\/women\/sneakers\/paul-smith-dover-army-green","og_site_name":"VENISE COLLECTION","article_modified_time":"2026-04-21T00:18:44+00:00","og_image":[{"width":1280,"height":1588,"url":"https:\/\/www.venisecollection.com\/cdn\/image-189.webp","type":"image\/webp"}],"twitter_card":"summary_large_image","schema":{"@context":"https:\/\/schema.org","@graph":[{"@type":"WebPage","@id":"https:\/\/www.venisecollection.com\/de\/shop\/women\/sneakers\/paul-smith-dover-army-green","url":"https:\/\/www.venisecollection.com\/de\/shop\/women\/sneakers\/paul-smith-dover-army-green","name":"Paul Smith DOVER ARMY GREEN - VENISE COLLECTION","isPartOf":{"@id":"https:\/\/www.venisecollection.com\/de#website"},"primaryImageOfPage":{"@id":"https:\/\/www.venisecollection.com\/de\/shop\/women\/sneakers\/paul-smith-dover-army-green#primaryimage"},"image":{"@id":"https:\/\/www.venisecollection.com\/de\/shop\/women\/sneakers\/paul-smith-dover-army-green#primaryimage"},"thumbnailUrl":"https:\/\/www.venisecollection.com\/cdn\/image-189.webp","datePublished":"2025-12-20T16:21:52+00:00","dateModified":"2026-04-21T00:18:44+00:00","breadcrumb":{"@id":"https:\/\/www.venisecollection.com\/de\/shop\/women\/sneakers\/paul-smith-dover-army-green#breadcrumb"},"inLanguage":"de","potentialAction":[{"@type":"ReadAction","target":["https:\/\/www.venisecollection.com\/de\/shop\/women\/sneakers\/paul-smith-dover-army-green"]}]},{"@type":"ImageObject","inLanguage":"de","@id":"https:\/\/www.venisecollection.com\/de\/shop\/women\/sneakers\/paul-smith-dover-army-green#primaryimage","url":"https:\/\/www.venisecollection.com\/cdn\/image-189.webp","contentUrl":"https:\/\/www.venisecollection.com\/cdn\/image-189.webp","width":1280,"height":1588},{"@type":"BreadcrumbList","@id":"https:\/\/www.venisecollection.com\/de\/shop\/women\/sneakers\/paul-smith-dover-army-green#breadcrumb","itemListElement":[{"@type":"ListItem","position":1,"name":"Home","item":"https:\/\/www.venisecollection.com\/de\/shop"},{"@type":"ListItem","position":2,"name":"Startseite","item":"https:\/\/www.venisecollection.com\/de\/shop"},{"@type":"ListItem","position":3,"name":"Paul Smith DOVER ARMY GREEN"}]},{"@type":"WebSite","@id":"https:\/\/www.venisecollection.com\/de#website","url":"https:\/\/www.venisecollection.com\/de","name":"VENISE COLLECTION","description":"","publisher":{"@id":"https:\/\/www.venisecollection.com\/de#organization"},"potentialAction":[{"@type":"SearchAction","target":{"@type":"EntryPoint","urlTemplate":"https:\/\/www.venisecollection.com\/de?s={search_term_string}"},"query-input":{"@type":"PropertyValueSpecification","valueRequired":true,"valueName":"search_term_string"}}],"inLanguage":"de"},{"@type":"Organization","@id":"https:\/\/www.venisecollection.com\/de#organization","name":"VENISE COLLECTION","url":"https:\/\/www.venisecollection.com\/de","logo":{"@type":"ImageObject","inLanguage":"de","@id":"https:\/\/www.venisecollection.com\/de#\/schema\/logo\/image\/","url":"https:\/\/www.venisecollection.com\/cdn\/seo.png","contentUrl":"https:\/\/www.venisecollection.com\/cdn\/seo.png","width":1080,"height":1080,"caption":"VENISE COLLECTION"},"image":{"@id":"https:\/\/www.venisecollection.com\/de#\/schema\/logo\/image\/"},"sameAs":["https:\/\/www.instagram.com\/venisecollection\/","https:\/\/fr.pinterest.com\/venisecollection\/"]}]}},"_links":{"self":[{"href":"https:\/\/www.venisecollection.com\/de\/wp-json\/wp\/v2\/product\/5601","targetHints":{"allow":["GET"]}}],"collection":[{"href":"https:\/\/www.venisecollection.com\/de\/wp-json\/wp\/v2\/product"}],"about":[{"href":"https:\/\/www.venisecollection.com\/de\/wp-json\/wp\/v2\/types\/product"}],"wp:featuredmedia":[{"embeddable":true,"href":"https:\/\/www.venisecollection.com\/de\/wp-json\/wp\/v2\/media\/5602"}],"wp:attachment":[{"href":"https:\/\/www.venisecollection.com\/de\/wp-json\/wp\/v2\/media?parent=5601"}],"wp:term":[{"taxonomy":"product_brand","embeddable":true,"href":"https:\/\/www.venisecollection.com\/de\/wp-json\/wp\/v2\/product_brand?post=5601"},{"taxonomy":"product_cat","embeddable":true,"href":"https:\/\/www.venisecollection.com\/de\/wp-json\/wp\/v2\/product_cat?post=5601"},{"taxonomy":"product_tag","embeddable":true,"href":"https:\/\/www.venisecollection.com\/de\/wp-json\/wp\/v2\/product_tag?post=5601"}],"curies":[{"name":"wp","href":"https:\/\/api.w.org\/{rel}","templated":true}]}}