{"id":5605,"date":"2025-11-20T16:21:54","date_gmt":"2025-11-20T16:21:54","guid":{"rendered":"https:\/\/www.venisecollection.com\/shop\/women\/unkategorisiert\/paul-smith-dover-terracotta\/"},"modified":"2026-04-21T00:18:44","modified_gmt":"2026-04-21T00:18:44","slug":"paul-smith-dover-terracotta","status":"publish","type":"product","link":"https:\/\/www.venisecollection.com\/de\/shop\/women\/sneakers\/paul-smith-dover-terracotta","title":{"rendered":"Paul Smith DOVER TERRACOTTA"},"content":{"rendered":"<p style=\"text-align: justify;\" data-start=\"1407\" data-end=\"1853\">Entdecken Sie den raffinierten Charme des Paul Smith DOVER TERRACOTTA Damen-Sneakers. Gefertigt aus luxuri\u00f6sem Terrakotta-Samt, vereint dieser Schuh britische Eleganz mit modernem Komfort, perfekt f\u00fcr die Herbst-Winter-Saison 2025-2026. <\/p>\n<p style=\"text-align: justify;\" data-start=\"1407\" data-end=\"1853\">Mit seitlich gen\u00e4hter Konstruktion f\u00fcr Langlebigkeit, einer Gummisohle f\u00fcr Flexibilit\u00e4t und einem Leder-Textil-Futter f\u00fcr Atmungsaktivit\u00e4t gew\u00e4hrleistet er ganzt\u00e4gigen Komfort mit einem m\u00fchelos schicken Stil. Der Dover Terracotta l\u00e4sst sich wunderbar mit Jeans, R\u00f6cken oder eleganten Hosen kombinieren und verleiht Ihrer Garderobe eine warme und elegante Note. <\/p>\n","protected":false},"excerpt":{"rendered":"<p>Entdecken Sie den raffinierten Charme des Paul Smith DOVER TERRACOTTA Damen-Sneakers. Gefertigt aus luxuri\u00f6sem Terrakotta-Samt, vereint dieser Schuh britische Eleganz mit modernem Komfort, perfekt f\u00fcr die Herbst-Winter-Saison 2025-2026. Mit seitlich gen\u00e4hter Konstruktion f\u00fcr Langlebigkeit, einer Gummisohle f\u00fcr Flexibilit\u00e4t und einem Leder-Textil-Futter f\u00fcr Atmungsaktivit\u00e4t gew\u00e4hrleistet er ganzt\u00e4gigen Komfort mit einem m\u00fchelos schicken Stil. Der Dover Terracotta &hellip;<\/p>\n","protected":false},"featured_media":5610,"template":"","meta":[],"product_brand":[67],"product_cat":[66],"product_tag":[],"class_list":{"0":"post-5605","1":"product","2":"type-product","3":"status-publish","4":"has-post-thumbnail","6":"product_brand-paul-smith","7":"product_cat-sneakers","9":"first","10":"instock","11":"shipping-taxable","12":"purchasable","13":"product-type-variable","14":"has-default-attributes"},"yoast_head":"<!-- This site is optimized with the Yoast SEO plugin v27.4 - https:\/\/yoast.com\/product\/yoast-seo-wordpress\/ -->\n<title>Paul Smith DOVER TERRACOTTA - VENISE COLLECTION<\/title>\n<meta name=\"robots\" content=\"index, follow, max-snippet:-1, max-image-preview:large, max-video-preview:-1\" \/>\n<link rel=\"canonical\" href=\"https:\/\/www.venisecollection.com\/de\/shop\/women\/sneakers\/paul-smith-dover-terracotta\" \/>\n<meta property=\"og:locale\" content=\"de_DE\" \/>\n<meta property=\"og:type\" content=\"article\" \/>\n<meta property=\"og:title\" content=\"Paul Smith DOVER TERRACOTTA - VENISE COLLECTION\" \/>\n<meta property=\"og:description\" content=\"Entdecken Sie den raffinierten Charme des Paul Smith DOVER TERRACOTTA Damen-Sneakers. Gefertigt aus luxuri\u00f6sem Terrakotta-Samt, vereint dieser Schuh britische Eleganz mit modernem Komfort, perfekt f\u00fcr die Herbst-Winter-Saison 2025-2026. Mit seitlich gen\u00e4hter Konstruktion f\u00fcr Langlebigkeit, einer Gummisohle f\u00fcr Flexibilit\u00e4t und einem Leder-Textil-Futter f\u00fcr Atmungsaktivit\u00e4t gew\u00e4hrleistet er ganzt\u00e4gigen Komfort mit einem m\u00fchelos schicken Stil. Der Dover Terracotta &hellip;\" \/>\n<meta property=\"og:url\" content=\"https:\/\/www.venisecollection.com\/de\/shop\/women\/sneakers\/paul-smith-dover-terracotta\" \/>\n<meta property=\"og:site_name\" content=\"VENISE COLLECTION\" \/>\n<meta property=\"article:modified_time\" content=\"2026-04-21T00:18:44+00:00\" \/>\n<meta property=\"og:image\" content=\"https:\/\/www.venisecollection.com\/cdn\/image-193.webp\" \/>\n\t<meta property=\"og:image:width\" content=\"1280\" \/>\n\t<meta property=\"og:image:height\" content=\"1588\" \/>\n\t<meta property=\"og:image:type\" content=\"image\/webp\" \/>\n<meta name=\"twitter:card\" content=\"summary_large_image\" \/>\n<script type=\"application\/ld+json\" class=\"yoast-schema-graph\">{\"@context\":\"https:\\\/\\\/schema.org\",\"@graph\":[{\"@type\":\"WebPage\",\"@id\":\"https:\\\/\\\/www.venisecollection.com\\\/de\\\/shop\\\/women\\\/sneakers\\\/paul-smith-dover-terracotta\",\"url\":\"https:\\\/\\\/www.venisecollection.com\\\/de\\\/shop\\\/women\\\/sneakers\\\/paul-smith-dover-terracotta\",\"name\":\"Paul Smith DOVER TERRACOTTA - VENISE COLLECTION\",\"isPartOf\":{\"@id\":\"https:\\\/\\\/www.venisecollection.com\\\/de#website\"},\"primaryImageOfPage\":{\"@id\":\"https:\\\/\\\/www.venisecollection.com\\\/de\\\/shop\\\/women\\\/sneakers\\\/paul-smith-dover-terracotta#primaryimage\"},\"image\":{\"@id\":\"https:\\\/\\\/www.venisecollection.com\\\/de\\\/shop\\\/women\\\/sneakers\\\/paul-smith-dover-terracotta#primaryimage\"},\"thumbnailUrl\":\"https:\\\/\\\/www.venisecollection.com\\\/cdn\\\/image-193.webp\",\"datePublished\":\"2025-11-20T16:21:54+00:00\",\"dateModified\":\"2026-04-21T00:18:44+00:00\",\"breadcrumb\":{\"@id\":\"https:\\\/\\\/www.venisecollection.com\\\/de\\\/shop\\\/women\\\/sneakers\\\/paul-smith-dover-terracotta#breadcrumb\"},\"inLanguage\":\"de\",\"potentialAction\":[{\"@type\":\"ReadAction\",\"target\":[\"https:\\\/\\\/www.venisecollection.com\\\/de\\\/shop\\\/women\\\/sneakers\\\/paul-smith-dover-terracotta\"]}]},{\"@type\":\"ImageObject\",\"inLanguage\":\"de\",\"@id\":\"https:\\\/\\\/www.venisecollection.com\\\/de\\\/shop\\\/women\\\/sneakers\\\/paul-smith-dover-terracotta#primaryimage\",\"url\":\"https:\\\/\\\/www.venisecollection.com\\\/cdn\\\/image-193.webp\",\"contentUrl\":\"https:\\\/\\\/www.venisecollection.com\\\/cdn\\\/image-193.webp\",\"width\":1280,\"height\":1588},{\"@type\":\"BreadcrumbList\",\"@id\":\"https:\\\/\\\/www.venisecollection.com\\\/de\\\/shop\\\/women\\\/sneakers\\\/paul-smith-dover-terracotta#breadcrumb\",\"itemListElement\":[{\"@type\":\"ListItem\",\"position\":1,\"name\":\"Home\",\"item\":\"https:\\\/\\\/www.venisecollection.com\\\/de\\\/shop\"},{\"@type\":\"ListItem\",\"position\":2,\"name\":\"Startseite\",\"item\":\"https:\\\/\\\/www.venisecollection.com\\\/de\\\/shop\"},{\"@type\":\"ListItem\",\"position\":3,\"name\":\"Paul Smith DOVER TERRACOTTA\"}]},{\"@type\":\"WebSite\",\"@id\":\"https:\\\/\\\/www.venisecollection.com\\\/de#website\",\"url\":\"https:\\\/\\\/www.venisecollection.com\\\/de\",\"name\":\"VENISE COLLECTION\",\"description\":\"\",\"publisher\":{\"@id\":\"https:\\\/\\\/www.venisecollection.com\\\/de#organization\"},\"potentialAction\":[{\"@type\":\"SearchAction\",\"target\":{\"@type\":\"EntryPoint\",\"urlTemplate\":\"https:\\\/\\\/www.venisecollection.com\\\/de?s={search_term_string}\"},\"query-input\":{\"@type\":\"PropertyValueSpecification\",\"valueRequired\":true,\"valueName\":\"search_term_string\"}}],\"inLanguage\":\"de\"},{\"@type\":\"Organization\",\"@id\":\"https:\\\/\\\/www.venisecollection.com\\\/de#organization\",\"name\":\"VENISE COLLECTION\",\"url\":\"https:\\\/\\\/www.venisecollection.com\\\/de\",\"logo\":{\"@type\":\"ImageObject\",\"inLanguage\":\"de\",\"@id\":\"https:\\\/\\\/www.venisecollection.com\\\/de#\\\/schema\\\/logo\\\/image\\\/\",\"url\":\"https:\\\/\\\/www.venisecollection.com\\\/cdn\\\/seo.png\",\"contentUrl\":\"https:\\\/\\\/www.venisecollection.com\\\/cdn\\\/seo.png\",\"width\":1080,\"height\":1080,\"caption\":\"VENISE COLLECTION\"},\"image\":{\"@id\":\"https:\\\/\\\/www.venisecollection.com\\\/de#\\\/schema\\\/logo\\\/image\\\/\"},\"sameAs\":[\"https:\\\/\\\/www.instagram.com\\\/venisecollection\\\/\",\"https:\\\/\\\/fr.pinterest.com\\\/venisecollection\\\/\"]}]}<\/script>\n<!-- \/ Yoast SEO plugin. -->","yoast_head_json":{"title":"Paul Smith DOVER TERRACOTTA - VENISE COLLECTION","robots":{"index":"index","follow":"follow","max-snippet":"max-snippet:-1","max-image-preview":"max-image-preview:large","max-video-preview":"max-video-preview:-1"},"canonical":"https:\/\/www.venisecollection.com\/de\/shop\/women\/sneakers\/paul-smith-dover-terracotta","og_locale":"de_DE","og_type":"article","og_title":"Paul Smith DOVER TERRACOTTA - VENISE COLLECTION","og_description":"Entdecken Sie den raffinierten Charme des Paul Smith DOVER TERRACOTTA Damen-Sneakers. Gefertigt aus luxuri\u00f6sem Terrakotta-Samt, vereint dieser Schuh britische Eleganz mit modernem Komfort, perfekt f\u00fcr die Herbst-Winter-Saison 2025-2026. Mit seitlich gen\u00e4hter Konstruktion f\u00fcr Langlebigkeit, einer Gummisohle f\u00fcr Flexibilit\u00e4t und einem Leder-Textil-Futter f\u00fcr Atmungsaktivit\u00e4t gew\u00e4hrleistet er ganzt\u00e4gigen Komfort mit einem m\u00fchelos schicken Stil. Der Dover Terracotta &hellip;","og_url":"https:\/\/www.venisecollection.com\/de\/shop\/women\/sneakers\/paul-smith-dover-terracotta","og_site_name":"VENISE COLLECTION","article_modified_time":"2026-04-21T00:18:44+00:00","og_image":[{"width":1280,"height":1588,"url":"https:\/\/www.venisecollection.com\/cdn\/image-193.webp","type":"image\/webp"}],"twitter_card":"summary_large_image","schema":{"@context":"https:\/\/schema.org","@graph":[{"@type":"WebPage","@id":"https:\/\/www.venisecollection.com\/de\/shop\/women\/sneakers\/paul-smith-dover-terracotta","url":"https:\/\/www.venisecollection.com\/de\/shop\/women\/sneakers\/paul-smith-dover-terracotta","name":"Paul Smith DOVER TERRACOTTA - VENISE COLLECTION","isPartOf":{"@id":"https:\/\/www.venisecollection.com\/de#website"},"primaryImageOfPage":{"@id":"https:\/\/www.venisecollection.com\/de\/shop\/women\/sneakers\/paul-smith-dover-terracotta#primaryimage"},"image":{"@id":"https:\/\/www.venisecollection.com\/de\/shop\/women\/sneakers\/paul-smith-dover-terracotta#primaryimage"},"thumbnailUrl":"https:\/\/www.venisecollection.com\/cdn\/image-193.webp","datePublished":"2025-11-20T16:21:54+00:00","dateModified":"2026-04-21T00:18:44+00:00","breadcrumb":{"@id":"https:\/\/www.venisecollection.com\/de\/shop\/women\/sneakers\/paul-smith-dover-terracotta#breadcrumb"},"inLanguage":"de","potentialAction":[{"@type":"ReadAction","target":["https:\/\/www.venisecollection.com\/de\/shop\/women\/sneakers\/paul-smith-dover-terracotta"]}]},{"@type":"ImageObject","inLanguage":"de","@id":"https:\/\/www.venisecollection.com\/de\/shop\/women\/sneakers\/paul-smith-dover-terracotta#primaryimage","url":"https:\/\/www.venisecollection.com\/cdn\/image-193.webp","contentUrl":"https:\/\/www.venisecollection.com\/cdn\/image-193.webp","width":1280,"height":1588},{"@type":"BreadcrumbList","@id":"https:\/\/www.venisecollection.com\/de\/shop\/women\/sneakers\/paul-smith-dover-terracotta#breadcrumb","itemListElement":[{"@type":"ListItem","position":1,"name":"Home","item":"https:\/\/www.venisecollection.com\/de\/shop"},{"@type":"ListItem","position":2,"name":"Startseite","item":"https:\/\/www.venisecollection.com\/de\/shop"},{"@type":"ListItem","position":3,"name":"Paul Smith DOVER TERRACOTTA"}]},{"@type":"WebSite","@id":"https:\/\/www.venisecollection.com\/de#website","url":"https:\/\/www.venisecollection.com\/de","name":"VENISE COLLECTION","description":"","publisher":{"@id":"https:\/\/www.venisecollection.com\/de#organization"},"potentialAction":[{"@type":"SearchAction","target":{"@type":"EntryPoint","urlTemplate":"https:\/\/www.venisecollection.com\/de?s={search_term_string}"},"query-input":{"@type":"PropertyValueSpecification","valueRequired":true,"valueName":"search_term_string"}}],"inLanguage":"de"},{"@type":"Organization","@id":"https:\/\/www.venisecollection.com\/de#organization","name":"VENISE COLLECTION","url":"https:\/\/www.venisecollection.com\/de","logo":{"@type":"ImageObject","inLanguage":"de","@id":"https:\/\/www.venisecollection.com\/de#\/schema\/logo\/image\/","url":"https:\/\/www.venisecollection.com\/cdn\/seo.png","contentUrl":"https:\/\/www.venisecollection.com\/cdn\/seo.png","width":1080,"height":1080,"caption":"VENISE COLLECTION"},"image":{"@id":"https:\/\/www.venisecollection.com\/de#\/schema\/logo\/image\/"},"sameAs":["https:\/\/www.instagram.com\/venisecollection\/","https:\/\/fr.pinterest.com\/venisecollection\/"]}]}},"_links":{"self":[{"href":"https:\/\/www.venisecollection.com\/de\/wp-json\/wp\/v2\/product\/5605","targetHints":{"allow":["GET"]}}],"collection":[{"href":"https:\/\/www.venisecollection.com\/de\/wp-json\/wp\/v2\/product"}],"about":[{"href":"https:\/\/www.venisecollection.com\/de\/wp-json\/wp\/v2\/types\/product"}],"wp:featuredmedia":[{"embeddable":true,"href":"https:\/\/www.venisecollection.com\/de\/wp-json\/wp\/v2\/media\/5610"}],"wp:attachment":[{"href":"https:\/\/www.venisecollection.com\/de\/wp-json\/wp\/v2\/media?parent=5605"}],"wp:term":[{"taxonomy":"product_brand","embeddable":true,"href":"https:\/\/www.venisecollection.com\/de\/wp-json\/wp\/v2\/product_brand?post=5605"},{"taxonomy":"product_cat","embeddable":true,"href":"https:\/\/www.venisecollection.com\/de\/wp-json\/wp\/v2\/product_cat?post=5605"},{"taxonomy":"product_tag","embeddable":true,"href":"https:\/\/www.venisecollection.com\/de\/wp-json\/wp\/v2\/product_tag?post=5605"}],"curies":[{"name":"wp","href":"https:\/\/api.w.org\/{rel}","templated":true}]}}