{"id":5651,"date":"2025-11-20T16:18:51","date_gmt":"2025-11-20T16:18:51","guid":{"rendered":"https:\/\/www.venisecollection.com\/shop\/women\/unkategorisiert\/biker-boot-blau\/"},"modified":"2026-04-29T01:43:45","modified_gmt":"2026-04-29T01:43:45","slug":"biker-boot-blau","status":"publish","type":"product","link":"https:\/\/www.venisecollection.com\/de\/shop\/women\/stiefel\/biker-boot-blau","title":{"rendered":"BIKER BOOT BLAU"},"content":{"rendered":"<p style=\"text-align: justify;\" data-start=\"992\" data-end=\"1203\">Der BIKER BOOT BLAU von VENISE COLLECTION vereint k\u00fchnes, urbanes Design mit raffinierter italienischer Handwerkskunst. Gefertigt aus hochwertigem Wildleder, verleiht sein tiefblauer Farbton jedem Outfit eine moderne Note. <\/p>\n<p style=\"text-align: justify;\" data-start=\"1205\" data-end=\"1414\">Mit einer robusten Sohle und kontrastierenden schwarzen Schn\u00fcrsenkeln bietet dieser Stiefel sowohl Komfort als auch Strapazierf\u00e4higkeit und beh\u00e4lt gleichzeitig einen m\u00fchelos schicken Look. Perfekt f\u00fcr selbstbewusste Frauen, die sowohl Wert auf St\u00e4rke als auch auf Stil legen. <\/p>\n","protected":false},"excerpt":{"rendered":"<p>Der BIKER BOOT BLAU von VENISE COLLECTION vereint k\u00fchnes, urbanes Design mit raffinierter italienischer Handwerkskunst. Gefertigt aus hochwertigem Wildleder, verleiht sein tiefblauer Farbton jedem Outfit eine moderne Note. Mit einer robusten Sohle und kontrastierenden schwarzen Schn\u00fcrsenkeln bietet dieser Stiefel sowohl Komfort als auch Strapazierf\u00e4higkeit und beh\u00e4lt gleichzeitig einen m\u00fchelos schicken Look. Perfekt f\u00fcr selbstbewusste Frauen, &hellip;<\/p>\n","protected":false},"featured_media":5659,"template":"","meta":[],"product_brand":[357],"product_cat":[115],"product_tag":[],"class_list":{"0":"post-5651","1":"product","2":"type-product","3":"status-publish","4":"has-post-thumbnail","6":"product_brand-venise-collection","7":"product_cat-stiefel","9":"first","10":"instock","11":"shipping-taxable","12":"purchasable","13":"product-type-variable","14":"has-default-attributes"},"yoast_head":"<!-- This site is optimized with the Yoast SEO plugin v27.5 - https:\/\/yoast.com\/product\/yoast-seo-wordpress\/ -->\n<title>BIKER BOOT BLAU - VENISE COLLECTION<\/title>\n<meta name=\"robots\" content=\"index, follow, max-snippet:-1, max-image-preview:large, max-video-preview:-1\" \/>\n<link rel=\"canonical\" href=\"https:\/\/www.venisecollection.com\/de\/shop\/women\/stiefel\/biker-boot-blau\" \/>\n<meta property=\"og:locale\" content=\"de_DE\" \/>\n<meta property=\"og:type\" content=\"article\" \/>\n<meta property=\"og:title\" content=\"BIKER BOOT BLAU - VENISE COLLECTION\" \/>\n<meta property=\"og:description\" content=\"Der BIKER BOOT BLAU von VENISE COLLECTION vereint k\u00fchnes, urbanes Design mit raffinierter italienischer Handwerkskunst. Gefertigt aus hochwertigem Wildleder, verleiht sein tiefblauer Farbton jedem Outfit eine moderne Note. Mit einer robusten Sohle und kontrastierenden schwarzen Schn\u00fcrsenkeln bietet dieser Stiefel sowohl Komfort als auch Strapazierf\u00e4higkeit und beh\u00e4lt gleichzeitig einen m\u00fchelos schicken Look. Perfekt f\u00fcr selbstbewusste Frauen, &hellip;\" \/>\n<meta property=\"og:url\" content=\"https:\/\/www.venisecollection.com\/de\/shop\/women\/stiefel\/biker-boot-blau\" \/>\n<meta property=\"og:site_name\" content=\"VENISE COLLECTION\" \/>\n<meta property=\"article:modified_time\" content=\"2026-04-29T01:43:45+00:00\" \/>\n<meta property=\"og:image\" content=\"https:\/\/www.venisecollection.com\/cdn\/image-144.webp\" \/>\n\t<meta property=\"og:image:width\" content=\"1280\" \/>\n\t<meta property=\"og:image:height\" content=\"1588\" \/>\n\t<meta property=\"og:image:type\" content=\"image\/webp\" \/>\n<meta name=\"twitter:card\" content=\"summary_large_image\" \/>\n<script type=\"application\/ld+json\" class=\"yoast-schema-graph\">{\"@context\":\"https:\\\/\\\/schema.org\",\"@graph\":[{\"@type\":\"WebPage\",\"@id\":\"https:\\\/\\\/www.venisecollection.com\\\/de\\\/shop\\\/women\\\/stiefel\\\/biker-boot-blau\",\"url\":\"https:\\\/\\\/www.venisecollection.com\\\/de\\\/shop\\\/women\\\/stiefel\\\/biker-boot-blau\",\"name\":\"BIKER BOOT BLAU - VENISE COLLECTION\",\"isPartOf\":{\"@id\":\"https:\\\/\\\/www.venisecollection.com\\\/de#website\"},\"primaryImageOfPage\":{\"@id\":\"https:\\\/\\\/www.venisecollection.com\\\/de\\\/shop\\\/women\\\/stiefel\\\/biker-boot-blau#primaryimage\"},\"image\":{\"@id\":\"https:\\\/\\\/www.venisecollection.com\\\/de\\\/shop\\\/women\\\/stiefel\\\/biker-boot-blau#primaryimage\"},\"thumbnailUrl\":\"https:\\\/\\\/www.venisecollection.com\\\/cdn\\\/image-144.webp\",\"datePublished\":\"2025-11-20T16:18:51+00:00\",\"dateModified\":\"2026-04-29T01:43:45+00:00\",\"breadcrumb\":{\"@id\":\"https:\\\/\\\/www.venisecollection.com\\\/de\\\/shop\\\/women\\\/stiefel\\\/biker-boot-blau#breadcrumb\"},\"inLanguage\":\"de\",\"potentialAction\":[{\"@type\":\"ReadAction\",\"target\":[\"https:\\\/\\\/www.venisecollection.com\\\/de\\\/shop\\\/women\\\/stiefel\\\/biker-boot-blau\"]}]},{\"@type\":\"ImageObject\",\"inLanguage\":\"de\",\"@id\":\"https:\\\/\\\/www.venisecollection.com\\\/de\\\/shop\\\/women\\\/stiefel\\\/biker-boot-blau#primaryimage\",\"url\":\"https:\\\/\\\/www.venisecollection.com\\\/cdn\\\/image-144.webp\",\"contentUrl\":\"https:\\\/\\\/www.venisecollection.com\\\/cdn\\\/image-144.webp\",\"width\":1280,\"height\":1588},{\"@type\":\"BreadcrumbList\",\"@id\":\"https:\\\/\\\/www.venisecollection.com\\\/de\\\/shop\\\/women\\\/stiefel\\\/biker-boot-blau#breadcrumb\",\"itemListElement\":[{\"@type\":\"ListItem\",\"position\":1,\"name\":\"Home\",\"item\":\"https:\\\/\\\/www.venisecollection.com\\\/de\\\/shop\"},{\"@type\":\"ListItem\",\"position\":2,\"name\":\"Startseite\",\"item\":\"https:\\\/\\\/www.venisecollection.com\\\/de\\\/shop\"},{\"@type\":\"ListItem\",\"position\":3,\"name\":\"BIKER BOOT BLAU\"}]},{\"@type\":\"WebSite\",\"@id\":\"https:\\\/\\\/www.venisecollection.com\\\/de#website\",\"url\":\"https:\\\/\\\/www.venisecollection.com\\\/de\",\"name\":\"VENISE COLLECTION\",\"description\":\"\",\"publisher\":{\"@id\":\"https:\\\/\\\/www.venisecollection.com\\\/de#organization\"},\"potentialAction\":[{\"@type\":\"SearchAction\",\"target\":{\"@type\":\"EntryPoint\",\"urlTemplate\":\"https:\\\/\\\/www.venisecollection.com\\\/de?s={search_term_string}\"},\"query-input\":{\"@type\":\"PropertyValueSpecification\",\"valueRequired\":true,\"valueName\":\"search_term_string\"}}],\"inLanguage\":\"de\"},{\"@type\":\"Organization\",\"@id\":\"https:\\\/\\\/www.venisecollection.com\\\/de#organization\",\"name\":\"VENISE COLLECTION\",\"url\":\"https:\\\/\\\/www.venisecollection.com\\\/de\",\"logo\":{\"@type\":\"ImageObject\",\"inLanguage\":\"de\",\"@id\":\"https:\\\/\\\/www.venisecollection.com\\\/de#\\\/schema\\\/logo\\\/image\\\/\",\"url\":\"https:\\\/\\\/www.venisecollection.com\\\/cdn\\\/seo.png\",\"contentUrl\":\"https:\\\/\\\/www.venisecollection.com\\\/cdn\\\/seo.png\",\"width\":1080,\"height\":1080,\"caption\":\"VENISE COLLECTION\"},\"image\":{\"@id\":\"https:\\\/\\\/www.venisecollection.com\\\/de#\\\/schema\\\/logo\\\/image\\\/\"},\"sameAs\":[\"https:\\\/\\\/www.instagram.com\\\/venisecollection\\\/\",\"https:\\\/\\\/fr.pinterest.com\\\/venisecollection\\\/\"]}]}<\/script>\n<!-- \/ Yoast SEO plugin. -->","yoast_head_json":{"title":"BIKER BOOT BLAU - VENISE COLLECTION","robots":{"index":"index","follow":"follow","max-snippet":"max-snippet:-1","max-image-preview":"max-image-preview:large","max-video-preview":"max-video-preview:-1"},"canonical":"https:\/\/www.venisecollection.com\/de\/shop\/women\/stiefel\/biker-boot-blau","og_locale":"de_DE","og_type":"article","og_title":"BIKER BOOT BLAU - VENISE COLLECTION","og_description":"Der BIKER BOOT BLAU von VENISE COLLECTION vereint k\u00fchnes, urbanes Design mit raffinierter italienischer Handwerkskunst. Gefertigt aus hochwertigem Wildleder, verleiht sein tiefblauer Farbton jedem Outfit eine moderne Note. Mit einer robusten Sohle und kontrastierenden schwarzen Schn\u00fcrsenkeln bietet dieser Stiefel sowohl Komfort als auch Strapazierf\u00e4higkeit und beh\u00e4lt gleichzeitig einen m\u00fchelos schicken Look. Perfekt f\u00fcr selbstbewusste Frauen, &hellip;","og_url":"https:\/\/www.venisecollection.com\/de\/shop\/women\/stiefel\/biker-boot-blau","og_site_name":"VENISE COLLECTION","article_modified_time":"2026-04-29T01:43:45+00:00","og_image":[{"width":1280,"height":1588,"url":"https:\/\/www.venisecollection.com\/cdn\/image-144.webp","type":"image\/webp"}],"twitter_card":"summary_large_image","schema":{"@context":"https:\/\/schema.org","@graph":[{"@type":"WebPage","@id":"https:\/\/www.venisecollection.com\/de\/shop\/women\/stiefel\/biker-boot-blau","url":"https:\/\/www.venisecollection.com\/de\/shop\/women\/stiefel\/biker-boot-blau","name":"BIKER BOOT BLAU - VENISE COLLECTION","isPartOf":{"@id":"https:\/\/www.venisecollection.com\/de#website"},"primaryImageOfPage":{"@id":"https:\/\/www.venisecollection.com\/de\/shop\/women\/stiefel\/biker-boot-blau#primaryimage"},"image":{"@id":"https:\/\/www.venisecollection.com\/de\/shop\/women\/stiefel\/biker-boot-blau#primaryimage"},"thumbnailUrl":"https:\/\/www.venisecollection.com\/cdn\/image-144.webp","datePublished":"2025-11-20T16:18:51+00:00","dateModified":"2026-04-29T01:43:45+00:00","breadcrumb":{"@id":"https:\/\/www.venisecollection.com\/de\/shop\/women\/stiefel\/biker-boot-blau#breadcrumb"},"inLanguage":"de","potentialAction":[{"@type":"ReadAction","target":["https:\/\/www.venisecollection.com\/de\/shop\/women\/stiefel\/biker-boot-blau"]}]},{"@type":"ImageObject","inLanguage":"de","@id":"https:\/\/www.venisecollection.com\/de\/shop\/women\/stiefel\/biker-boot-blau#primaryimage","url":"https:\/\/www.venisecollection.com\/cdn\/image-144.webp","contentUrl":"https:\/\/www.venisecollection.com\/cdn\/image-144.webp","width":1280,"height":1588},{"@type":"BreadcrumbList","@id":"https:\/\/www.venisecollection.com\/de\/shop\/women\/stiefel\/biker-boot-blau#breadcrumb","itemListElement":[{"@type":"ListItem","position":1,"name":"Home","item":"https:\/\/www.venisecollection.com\/de\/shop"},{"@type":"ListItem","position":2,"name":"Startseite","item":"https:\/\/www.venisecollection.com\/de\/shop"},{"@type":"ListItem","position":3,"name":"BIKER BOOT BLAU"}]},{"@type":"WebSite","@id":"https:\/\/www.venisecollection.com\/de#website","url":"https:\/\/www.venisecollection.com\/de","name":"VENISE COLLECTION","description":"","publisher":{"@id":"https:\/\/www.venisecollection.com\/de#organization"},"potentialAction":[{"@type":"SearchAction","target":{"@type":"EntryPoint","urlTemplate":"https:\/\/www.venisecollection.com\/de?s={search_term_string}"},"query-input":{"@type":"PropertyValueSpecification","valueRequired":true,"valueName":"search_term_string"}}],"inLanguage":"de"},{"@type":"Organization","@id":"https:\/\/www.venisecollection.com\/de#organization","name":"VENISE COLLECTION","url":"https:\/\/www.venisecollection.com\/de","logo":{"@type":"ImageObject","inLanguage":"de","@id":"https:\/\/www.venisecollection.com\/de#\/schema\/logo\/image\/","url":"https:\/\/www.venisecollection.com\/cdn\/seo.png","contentUrl":"https:\/\/www.venisecollection.com\/cdn\/seo.png","width":1080,"height":1080,"caption":"VENISE COLLECTION"},"image":{"@id":"https:\/\/www.venisecollection.com\/de#\/schema\/logo\/image\/"},"sameAs":["https:\/\/www.instagram.com\/venisecollection\/","https:\/\/fr.pinterest.com\/venisecollection\/"]}]}},"_links":{"self":[{"href":"https:\/\/www.venisecollection.com\/de\/wp-json\/wp\/v2\/product\/5651","targetHints":{"allow":["GET"]}}],"collection":[{"href":"https:\/\/www.venisecollection.com\/de\/wp-json\/wp\/v2\/product"}],"about":[{"href":"https:\/\/www.venisecollection.com\/de\/wp-json\/wp\/v2\/types\/product"}],"wp:featuredmedia":[{"embeddable":true,"href":"https:\/\/www.venisecollection.com\/de\/wp-json\/wp\/v2\/media\/5659"}],"wp:attachment":[{"href":"https:\/\/www.venisecollection.com\/de\/wp-json\/wp\/v2\/media?parent=5651"}],"wp:term":[{"taxonomy":"product_brand","embeddable":true,"href":"https:\/\/www.venisecollection.com\/de\/wp-json\/wp\/v2\/product_brand?post=5651"},{"taxonomy":"product_cat","embeddable":true,"href":"https:\/\/www.venisecollection.com\/de\/wp-json\/wp\/v2\/product_cat?post=5651"},{"taxonomy":"product_tag","embeddable":true,"href":"https:\/\/www.venisecollection.com\/de\/wp-json\/wp\/v2\/product_tag?post=5651"}],"curies":[{"name":"wp","href":"https:\/\/api.w.org\/{rel}","templated":true}]}}