{"id":5660,"date":"2025-11-20T16:20:11","date_gmt":"2025-11-20T16:20:11","guid":{"rendered":"https:\/\/www.venisecollection.com\/shop\/women\/unkategorisiert\/roberto-festa-commy-nappa-creme\/"},"modified":"2025-12-26T15:07:31","modified_gmt":"2025-12-26T15:07:31","slug":"roberto-festa-commy-nappa-creme","status":"publish","type":"product","link":"https:\/\/www.venisecollection.com\/de\/shop\/women\/stiefel\/roberto-festa-commy-nappa-creme","title":{"rendered":"ROBERTO FESTA COMMY NAPPA CREME"},"content":{"rendered":"<p style=\"text-align: justify;\" data-start=\"1095\" data-end=\"1738\">Die Damenstiefel ROBERTO FESTA COMMY NAPPA CREME sind aus hochwertigem Nappaleder in einem eleganten Cremeton gefertigt und zeugen von raffinierter italienischer Handwerkskunst. Mit einem 8 cm hohen Absatz und einem praktischen Seitenrei\u00dfverschluss bieten diese Stiefel sowohl Eleganz als auch Komfort. <\/p>\n<p style=\"text-align: justify;\" data-start=\"1095\" data-end=\"1738\">Ihre neutrale Cremefarbe wertet jedes Outfit auf, von schicken Winterm\u00e4nteln bis hin zu minimalistischen Kleidern, was sie zu einem unverzichtbaren Bestandteil jeder modernen Garderobe macht. Perfekt f\u00fcr den Alltag und besondere Anl\u00e4sse, verk\u00f6rpern sie zeitlosen italienischen Stil mit einem modernen Touch. <\/p>\n","protected":false},"excerpt":{"rendered":"<p>Die Damenstiefel ROBERTO FESTA COMMY NAPPA CREME sind aus hochwertigem Nappaleder in einem eleganten Cremeton gefertigt und zeugen von raffinierter italienischer Handwerkskunst. Mit einem 8 cm hohen Absatz und einem praktischen Seitenrei\u00dfverschluss bieten diese Stiefel sowohl Eleganz als auch Komfort. Ihre neutrale Cremefarbe wertet jedes Outfit auf, von schicken Winterm\u00e4nteln bis hin zu minimalistischen Kleidern, &hellip;<\/p>\n","protected":false},"featured_media":5665,"template":"","meta":[],"product_brand":[360],"product_cat":[115],"product_tag":[],"class_list":{"0":"post-5660","1":"product","2":"type-product","3":"status-publish","4":"has-post-thumbnail","6":"product_brand-roberto-festa","7":"product_cat-stiefel","9":"first","10":"outofstock","11":"shipping-taxable","12":"product-type-variable"},"yoast_head":"<!-- This site is optimized with the Yoast SEO plugin v27.4 - https:\/\/yoast.com\/product\/yoast-seo-wordpress\/ -->\n<title>ROBERTO FESTA COMMY NAPPA CREME - VENISE COLLECTION<\/title>\n<meta name=\"robots\" content=\"index, follow, max-snippet:-1, max-image-preview:large, max-video-preview:-1\" \/>\n<link rel=\"canonical\" href=\"https:\/\/www.venisecollection.com\/de\/shop\/women\/stiefel\/roberto-festa-commy-nappa-creme\" \/>\n<meta property=\"og:locale\" content=\"de_DE\" \/>\n<meta property=\"og:type\" content=\"article\" \/>\n<meta property=\"og:title\" content=\"ROBERTO FESTA COMMY NAPPA CREME - VENISE COLLECTION\" \/>\n<meta property=\"og:description\" content=\"Die Damenstiefel ROBERTO FESTA COMMY NAPPA CREME sind aus hochwertigem Nappaleder in einem eleganten Cremeton gefertigt und zeugen von raffinierter italienischer Handwerkskunst. Mit einem 8 cm hohen Absatz und einem praktischen Seitenrei\u00dfverschluss bieten diese Stiefel sowohl Eleganz als auch Komfort. Ihre neutrale Cremefarbe wertet jedes Outfit auf, von schicken Winterm\u00e4nteln bis hin zu minimalistischen Kleidern, &hellip;\" \/>\n<meta property=\"og:url\" content=\"https:\/\/www.venisecollection.com\/de\/shop\/women\/stiefel\/roberto-festa-commy-nappa-creme\" \/>\n<meta property=\"og:site_name\" content=\"VENISE COLLECTION\" \/>\n<meta property=\"article:modified_time\" content=\"2025-12-26T15:07:31+00:00\" \/>\n<meta property=\"og:image\" content=\"https:\/\/www.venisecollection.com\/cdn\/image-162.webp\" \/>\n\t<meta property=\"og:image:width\" content=\"1280\" \/>\n\t<meta property=\"og:image:height\" content=\"1588\" \/>\n\t<meta property=\"og:image:type\" content=\"image\/webp\" \/>\n<meta name=\"twitter:card\" content=\"summary_large_image\" \/>\n<script type=\"application\/ld+json\" class=\"yoast-schema-graph\">{\"@context\":\"https:\\\/\\\/schema.org\",\"@graph\":[{\"@type\":\"WebPage\",\"@id\":\"https:\\\/\\\/www.venisecollection.com\\\/de\\\/shop\\\/women\\\/stiefel\\\/roberto-festa-commy-nappa-creme\",\"url\":\"https:\\\/\\\/www.venisecollection.com\\\/de\\\/shop\\\/women\\\/stiefel\\\/roberto-festa-commy-nappa-creme\",\"name\":\"ROBERTO FESTA COMMY NAPPA CREME - VENISE COLLECTION\",\"isPartOf\":{\"@id\":\"https:\\\/\\\/www.venisecollection.com\\\/de#website\"},\"primaryImageOfPage\":{\"@id\":\"https:\\\/\\\/www.venisecollection.com\\\/de\\\/shop\\\/women\\\/stiefel\\\/roberto-festa-commy-nappa-creme#primaryimage\"},\"image\":{\"@id\":\"https:\\\/\\\/www.venisecollection.com\\\/de\\\/shop\\\/women\\\/stiefel\\\/roberto-festa-commy-nappa-creme#primaryimage\"},\"thumbnailUrl\":\"https:\\\/\\\/www.venisecollection.com\\\/cdn\\\/image-162.webp\",\"datePublished\":\"2025-11-20T16:20:11+00:00\",\"dateModified\":\"2025-12-26T15:07:31+00:00\",\"breadcrumb\":{\"@id\":\"https:\\\/\\\/www.venisecollection.com\\\/de\\\/shop\\\/women\\\/stiefel\\\/roberto-festa-commy-nappa-creme#breadcrumb\"},\"inLanguage\":\"de\",\"potentialAction\":[{\"@type\":\"ReadAction\",\"target\":[\"https:\\\/\\\/www.venisecollection.com\\\/de\\\/shop\\\/women\\\/stiefel\\\/roberto-festa-commy-nappa-creme\"]}]},{\"@type\":\"ImageObject\",\"inLanguage\":\"de\",\"@id\":\"https:\\\/\\\/www.venisecollection.com\\\/de\\\/shop\\\/women\\\/stiefel\\\/roberto-festa-commy-nappa-creme#primaryimage\",\"url\":\"https:\\\/\\\/www.venisecollection.com\\\/cdn\\\/image-162.webp\",\"contentUrl\":\"https:\\\/\\\/www.venisecollection.com\\\/cdn\\\/image-162.webp\",\"width\":1280,\"height\":1588},{\"@type\":\"BreadcrumbList\",\"@id\":\"https:\\\/\\\/www.venisecollection.com\\\/de\\\/shop\\\/women\\\/stiefel\\\/roberto-festa-commy-nappa-creme#breadcrumb\",\"itemListElement\":[{\"@type\":\"ListItem\",\"position\":1,\"name\":\"Home\",\"item\":\"https:\\\/\\\/www.venisecollection.com\\\/de\\\/shop\"},{\"@type\":\"ListItem\",\"position\":2,\"name\":\"Startseite\",\"item\":\"https:\\\/\\\/www.venisecollection.com\\\/de\\\/shop\"},{\"@type\":\"ListItem\",\"position\":3,\"name\":\"ROBERTO FESTA COMMY NAPPA CREME\"}]},{\"@type\":\"WebSite\",\"@id\":\"https:\\\/\\\/www.venisecollection.com\\\/de#website\",\"url\":\"https:\\\/\\\/www.venisecollection.com\\\/de\",\"name\":\"VENISE COLLECTION\",\"description\":\"\",\"publisher\":{\"@id\":\"https:\\\/\\\/www.venisecollection.com\\\/de#organization\"},\"potentialAction\":[{\"@type\":\"SearchAction\",\"target\":{\"@type\":\"EntryPoint\",\"urlTemplate\":\"https:\\\/\\\/www.venisecollection.com\\\/de?s={search_term_string}\"},\"query-input\":{\"@type\":\"PropertyValueSpecification\",\"valueRequired\":true,\"valueName\":\"search_term_string\"}}],\"inLanguage\":\"de\"},{\"@type\":\"Organization\",\"@id\":\"https:\\\/\\\/www.venisecollection.com\\\/de#organization\",\"name\":\"VENISE COLLECTION\",\"url\":\"https:\\\/\\\/www.venisecollection.com\\\/de\",\"logo\":{\"@type\":\"ImageObject\",\"inLanguage\":\"de\",\"@id\":\"https:\\\/\\\/www.venisecollection.com\\\/de#\\\/schema\\\/logo\\\/image\\\/\",\"url\":\"https:\\\/\\\/www.venisecollection.com\\\/cdn\\\/seo.png\",\"contentUrl\":\"https:\\\/\\\/www.venisecollection.com\\\/cdn\\\/seo.png\",\"width\":1080,\"height\":1080,\"caption\":\"VENISE COLLECTION\"},\"image\":{\"@id\":\"https:\\\/\\\/www.venisecollection.com\\\/de#\\\/schema\\\/logo\\\/image\\\/\"},\"sameAs\":[\"https:\\\/\\\/www.instagram.com\\\/venisecollection\\\/\",\"https:\\\/\\\/fr.pinterest.com\\\/venisecollection\\\/\"]}]}<\/script>\n<!-- \/ Yoast SEO plugin. -->","yoast_head_json":{"title":"ROBERTO FESTA COMMY NAPPA CREME - VENISE COLLECTION","robots":{"index":"index","follow":"follow","max-snippet":"max-snippet:-1","max-image-preview":"max-image-preview:large","max-video-preview":"max-video-preview:-1"},"canonical":"https:\/\/www.venisecollection.com\/de\/shop\/women\/stiefel\/roberto-festa-commy-nappa-creme","og_locale":"de_DE","og_type":"article","og_title":"ROBERTO FESTA COMMY NAPPA CREME - VENISE COLLECTION","og_description":"Die Damenstiefel ROBERTO FESTA COMMY NAPPA CREME sind aus hochwertigem Nappaleder in einem eleganten Cremeton gefertigt und zeugen von raffinierter italienischer Handwerkskunst. Mit einem 8 cm hohen Absatz und einem praktischen Seitenrei\u00dfverschluss bieten diese Stiefel sowohl Eleganz als auch Komfort. Ihre neutrale Cremefarbe wertet jedes Outfit auf, von schicken Winterm\u00e4nteln bis hin zu minimalistischen Kleidern, &hellip;","og_url":"https:\/\/www.venisecollection.com\/de\/shop\/women\/stiefel\/roberto-festa-commy-nappa-creme","og_site_name":"VENISE COLLECTION","article_modified_time":"2025-12-26T15:07:31+00:00","og_image":[{"width":1280,"height":1588,"url":"https:\/\/www.venisecollection.com\/cdn\/image-162.webp","type":"image\/webp"}],"twitter_card":"summary_large_image","schema":{"@context":"https:\/\/schema.org","@graph":[{"@type":"WebPage","@id":"https:\/\/www.venisecollection.com\/de\/shop\/women\/stiefel\/roberto-festa-commy-nappa-creme","url":"https:\/\/www.venisecollection.com\/de\/shop\/women\/stiefel\/roberto-festa-commy-nappa-creme","name":"ROBERTO FESTA COMMY NAPPA CREME - VENISE COLLECTION","isPartOf":{"@id":"https:\/\/www.venisecollection.com\/de#website"},"primaryImageOfPage":{"@id":"https:\/\/www.venisecollection.com\/de\/shop\/women\/stiefel\/roberto-festa-commy-nappa-creme#primaryimage"},"image":{"@id":"https:\/\/www.venisecollection.com\/de\/shop\/women\/stiefel\/roberto-festa-commy-nappa-creme#primaryimage"},"thumbnailUrl":"https:\/\/www.venisecollection.com\/cdn\/image-162.webp","datePublished":"2025-11-20T16:20:11+00:00","dateModified":"2025-12-26T15:07:31+00:00","breadcrumb":{"@id":"https:\/\/www.venisecollection.com\/de\/shop\/women\/stiefel\/roberto-festa-commy-nappa-creme#breadcrumb"},"inLanguage":"de","potentialAction":[{"@type":"ReadAction","target":["https:\/\/www.venisecollection.com\/de\/shop\/women\/stiefel\/roberto-festa-commy-nappa-creme"]}]},{"@type":"ImageObject","inLanguage":"de","@id":"https:\/\/www.venisecollection.com\/de\/shop\/women\/stiefel\/roberto-festa-commy-nappa-creme#primaryimage","url":"https:\/\/www.venisecollection.com\/cdn\/image-162.webp","contentUrl":"https:\/\/www.venisecollection.com\/cdn\/image-162.webp","width":1280,"height":1588},{"@type":"BreadcrumbList","@id":"https:\/\/www.venisecollection.com\/de\/shop\/women\/stiefel\/roberto-festa-commy-nappa-creme#breadcrumb","itemListElement":[{"@type":"ListItem","position":1,"name":"Home","item":"https:\/\/www.venisecollection.com\/de\/shop"},{"@type":"ListItem","position":2,"name":"Startseite","item":"https:\/\/www.venisecollection.com\/de\/shop"},{"@type":"ListItem","position":3,"name":"ROBERTO FESTA COMMY NAPPA CREME"}]},{"@type":"WebSite","@id":"https:\/\/www.venisecollection.com\/de#website","url":"https:\/\/www.venisecollection.com\/de","name":"VENISE COLLECTION","description":"","publisher":{"@id":"https:\/\/www.venisecollection.com\/de#organization"},"potentialAction":[{"@type":"SearchAction","target":{"@type":"EntryPoint","urlTemplate":"https:\/\/www.venisecollection.com\/de?s={search_term_string}"},"query-input":{"@type":"PropertyValueSpecification","valueRequired":true,"valueName":"search_term_string"}}],"inLanguage":"de"},{"@type":"Organization","@id":"https:\/\/www.venisecollection.com\/de#organization","name":"VENISE COLLECTION","url":"https:\/\/www.venisecollection.com\/de","logo":{"@type":"ImageObject","inLanguage":"de","@id":"https:\/\/www.venisecollection.com\/de#\/schema\/logo\/image\/","url":"https:\/\/www.venisecollection.com\/cdn\/seo.png","contentUrl":"https:\/\/www.venisecollection.com\/cdn\/seo.png","width":1080,"height":1080,"caption":"VENISE COLLECTION"},"image":{"@id":"https:\/\/www.venisecollection.com\/de#\/schema\/logo\/image\/"},"sameAs":["https:\/\/www.instagram.com\/venisecollection\/","https:\/\/fr.pinterest.com\/venisecollection\/"]}]}},"_links":{"self":[{"href":"https:\/\/www.venisecollection.com\/de\/wp-json\/wp\/v2\/product\/5660","targetHints":{"allow":["GET"]}}],"collection":[{"href":"https:\/\/www.venisecollection.com\/de\/wp-json\/wp\/v2\/product"}],"about":[{"href":"https:\/\/www.venisecollection.com\/de\/wp-json\/wp\/v2\/types\/product"}],"wp:featuredmedia":[{"embeddable":true,"href":"https:\/\/www.venisecollection.com\/de\/wp-json\/wp\/v2\/media\/5665"}],"wp:attachment":[{"href":"https:\/\/www.venisecollection.com\/de\/wp-json\/wp\/v2\/media?parent=5660"}],"wp:term":[{"taxonomy":"product_brand","embeddable":true,"href":"https:\/\/www.venisecollection.com\/de\/wp-json\/wp\/v2\/product_brand?post=5660"},{"taxonomy":"product_cat","embeddable":true,"href":"https:\/\/www.venisecollection.com\/de\/wp-json\/wp\/v2\/product_cat?post=5660"},{"taxonomy":"product_tag","embeddable":true,"href":"https:\/\/www.venisecollection.com\/de\/wp-json\/wp\/v2\/product_tag?post=5660"}],"curies":[{"name":"wp","href":"https:\/\/api.w.org\/{rel}","templated":true}]}}