{"id":5681,"date":"2025-12-20T16:20:48","date_gmt":"2025-12-20T16:20:48","guid":{"rendered":"https:\/\/www.venisecollection.com\/shop\/women\/unkategorisiert\/wara-pony-west\/"},"modified":"2026-04-16T00:38:10","modified_gmt":"2026-04-16T00:38:10","slug":"wara-pony-west","status":"publish","type":"product","link":"https:\/\/www.venisecollection.com\/de\/shop\/women\/pumps\/wara-pony-west","title":{"rendered":"WARA PONY WEST"},"content":{"rendered":"<p style=\"text-align: justify;\" data-start=\"1045\" data-end=\"1610\">Der WARA High Heel von VENISE COLLECTION vereint perfekt Kunstfertigkeit und Raffinesse. Gefertigt aus hochwertigem Leder und echtem Rindsleder (Peau de Vache), offenbart seine texturierte Oberfl\u00e4che das weiche und nat\u00fcrliche Haar des Fells und verleiht jedem Paar einen einzigartigen Charakter. <\/p>\n<p style=\"text-align: justify;\" data-start=\"1045\" data-end=\"1610\">Das satte Braun-, Schwarz- und Crememuster verleiht eine k\u00fchne und doch raffinierte Eleganz, w\u00e4hrend der mittelhohe Absatz Komfort gew\u00e4hrleistet, ohne auf Stil zu verzichten. Ideal sowohl f\u00fcr elegante Alltagslooks als auch f\u00fcr besondere Anl\u00e4sse, verleihen diese Pumps jedem Outfit eine gewagte und zeitlose Note. <\/p>\n","protected":false},"excerpt":{"rendered":"<p>Der WARA High Heel von VENISE COLLECTION vereint perfekt Kunstfertigkeit und Raffinesse. Gefertigt aus hochwertigem Leder und echtem Rindsleder (Peau de Vache), offenbart seine texturierte Oberfl\u00e4che das weiche und nat\u00fcrliche Haar des Fells und verleiht jedem Paar einen einzigartigen Charakter. Das satte Braun-, Schwarz- und Crememuster verleiht eine k\u00fchne und doch raffinierte Eleganz, w\u00e4hrend der &hellip;<\/p>\n","protected":false},"featured_media":5682,"template":"","meta":[],"product_brand":[69],"product_cat":[73],"product_tag":[],"class_list":{"0":"post-5681","1":"product","2":"type-product","3":"status-publish","4":"has-post-thumbnail","6":"product_brand-venise-collection","7":"product_cat-pumps","9":"first","10":"instock","11":"shipping-taxable","12":"purchasable","13":"product-type-variable","14":"has-default-attributes"},"yoast_head":"<!-- This site is optimized with the Yoast SEO plugin v27.4 - https:\/\/yoast.com\/product\/yoast-seo-wordpress\/ -->\n<title>WARA PONY WEST - VENISE COLLECTION<\/title>\n<meta name=\"robots\" content=\"index, follow, max-snippet:-1, max-image-preview:large, max-video-preview:-1\" \/>\n<link rel=\"canonical\" href=\"https:\/\/www.venisecollection.com\/de\/shop\/women\/pumps\/wara-pony-west\" \/>\n<meta property=\"og:locale\" content=\"de_DE\" \/>\n<meta property=\"og:type\" content=\"article\" \/>\n<meta property=\"og:title\" content=\"WARA PONY WEST - VENISE COLLECTION\" \/>\n<meta property=\"og:description\" content=\"Der WARA High Heel von VENISE COLLECTION vereint perfekt Kunstfertigkeit und Raffinesse. Gefertigt aus hochwertigem Leder und echtem Rindsleder (Peau de Vache), offenbart seine texturierte Oberfl\u00e4che das weiche und nat\u00fcrliche Haar des Fells und verleiht jedem Paar einen einzigartigen Charakter. Das satte Braun-, Schwarz- und Crememuster verleiht eine k\u00fchne und doch raffinierte Eleganz, w\u00e4hrend der &hellip;\" \/>\n<meta property=\"og:url\" content=\"https:\/\/www.venisecollection.com\/de\/shop\/women\/pumps\/wara-pony-west\" \/>\n<meta property=\"og:site_name\" content=\"VENISE COLLECTION\" \/>\n<meta property=\"article:modified_time\" content=\"2026-04-16T00:38:10+00:00\" \/>\n<meta property=\"og:image\" content=\"https:\/\/www.venisecollection.com\/cdn\/image-173.webp\" \/>\n\t<meta property=\"og:image:width\" content=\"1280\" \/>\n\t<meta property=\"og:image:height\" content=\"1588\" \/>\n\t<meta property=\"og:image:type\" content=\"image\/webp\" \/>\n<meta name=\"twitter:card\" content=\"summary_large_image\" \/>\n<script type=\"application\/ld+json\" class=\"yoast-schema-graph\">{\"@context\":\"https:\\\/\\\/schema.org\",\"@graph\":[{\"@type\":\"WebPage\",\"@id\":\"https:\\\/\\\/www.venisecollection.com\\\/de\\\/shop\\\/women\\\/pumps\\\/wara-pony-west\",\"url\":\"https:\\\/\\\/www.venisecollection.com\\\/de\\\/shop\\\/women\\\/pumps\\\/wara-pony-west\",\"name\":\"WARA PONY WEST - VENISE COLLECTION\",\"isPartOf\":{\"@id\":\"https:\\\/\\\/www.venisecollection.com\\\/de#website\"},\"primaryImageOfPage\":{\"@id\":\"https:\\\/\\\/www.venisecollection.com\\\/de\\\/shop\\\/women\\\/pumps\\\/wara-pony-west#primaryimage\"},\"image\":{\"@id\":\"https:\\\/\\\/www.venisecollection.com\\\/de\\\/shop\\\/women\\\/pumps\\\/wara-pony-west#primaryimage\"},\"thumbnailUrl\":\"https:\\\/\\\/www.venisecollection.com\\\/cdn\\\/image-173.webp\",\"datePublished\":\"2025-12-20T16:20:48+00:00\",\"dateModified\":\"2026-04-16T00:38:10+00:00\",\"breadcrumb\":{\"@id\":\"https:\\\/\\\/www.venisecollection.com\\\/de\\\/shop\\\/women\\\/pumps\\\/wara-pony-west#breadcrumb\"},\"inLanguage\":\"de\",\"potentialAction\":[{\"@type\":\"ReadAction\",\"target\":[\"https:\\\/\\\/www.venisecollection.com\\\/de\\\/shop\\\/women\\\/pumps\\\/wara-pony-west\"]}]},{\"@type\":\"ImageObject\",\"inLanguage\":\"de\",\"@id\":\"https:\\\/\\\/www.venisecollection.com\\\/de\\\/shop\\\/women\\\/pumps\\\/wara-pony-west#primaryimage\",\"url\":\"https:\\\/\\\/www.venisecollection.com\\\/cdn\\\/image-173.webp\",\"contentUrl\":\"https:\\\/\\\/www.venisecollection.com\\\/cdn\\\/image-173.webp\",\"width\":1280,\"height\":1588},{\"@type\":\"BreadcrumbList\",\"@id\":\"https:\\\/\\\/www.venisecollection.com\\\/de\\\/shop\\\/women\\\/pumps\\\/wara-pony-west#breadcrumb\",\"itemListElement\":[{\"@type\":\"ListItem\",\"position\":1,\"name\":\"Home\",\"item\":\"https:\\\/\\\/www.venisecollection.com\\\/de\\\/shop\"},{\"@type\":\"ListItem\",\"position\":2,\"name\":\"Startseite\",\"item\":\"https:\\\/\\\/www.venisecollection.com\\\/de\\\/shop\"},{\"@type\":\"ListItem\",\"position\":3,\"name\":\"WARA PONY WEST\"}]},{\"@type\":\"WebSite\",\"@id\":\"https:\\\/\\\/www.venisecollection.com\\\/de#website\",\"url\":\"https:\\\/\\\/www.venisecollection.com\\\/de\",\"name\":\"VENISE COLLECTION\",\"description\":\"\",\"publisher\":{\"@id\":\"https:\\\/\\\/www.venisecollection.com\\\/de#organization\"},\"potentialAction\":[{\"@type\":\"SearchAction\",\"target\":{\"@type\":\"EntryPoint\",\"urlTemplate\":\"https:\\\/\\\/www.venisecollection.com\\\/de?s={search_term_string}\"},\"query-input\":{\"@type\":\"PropertyValueSpecification\",\"valueRequired\":true,\"valueName\":\"search_term_string\"}}],\"inLanguage\":\"de\"},{\"@type\":\"Organization\",\"@id\":\"https:\\\/\\\/www.venisecollection.com\\\/de#organization\",\"name\":\"VENISE COLLECTION\",\"url\":\"https:\\\/\\\/www.venisecollection.com\\\/de\",\"logo\":{\"@type\":\"ImageObject\",\"inLanguage\":\"de\",\"@id\":\"https:\\\/\\\/www.venisecollection.com\\\/de#\\\/schema\\\/logo\\\/image\\\/\",\"url\":\"https:\\\/\\\/www.venisecollection.com\\\/cdn\\\/seo.png\",\"contentUrl\":\"https:\\\/\\\/www.venisecollection.com\\\/cdn\\\/seo.png\",\"width\":1080,\"height\":1080,\"caption\":\"VENISE COLLECTION\"},\"image\":{\"@id\":\"https:\\\/\\\/www.venisecollection.com\\\/de#\\\/schema\\\/logo\\\/image\\\/\"},\"sameAs\":[\"https:\\\/\\\/www.instagram.com\\\/venisecollection\\\/\",\"https:\\\/\\\/fr.pinterest.com\\\/venisecollection\\\/\"]}]}<\/script>\n<!-- \/ Yoast SEO plugin. -->","yoast_head_json":{"title":"WARA PONY WEST - VENISE COLLECTION","robots":{"index":"index","follow":"follow","max-snippet":"max-snippet:-1","max-image-preview":"max-image-preview:large","max-video-preview":"max-video-preview:-1"},"canonical":"https:\/\/www.venisecollection.com\/de\/shop\/women\/pumps\/wara-pony-west","og_locale":"de_DE","og_type":"article","og_title":"WARA PONY WEST - VENISE COLLECTION","og_description":"Der WARA High Heel von VENISE COLLECTION vereint perfekt Kunstfertigkeit und Raffinesse. Gefertigt aus hochwertigem Leder und echtem Rindsleder (Peau de Vache), offenbart seine texturierte Oberfl\u00e4che das weiche und nat\u00fcrliche Haar des Fells und verleiht jedem Paar einen einzigartigen Charakter. Das satte Braun-, Schwarz- und Crememuster verleiht eine k\u00fchne und doch raffinierte Eleganz, w\u00e4hrend der &hellip;","og_url":"https:\/\/www.venisecollection.com\/de\/shop\/women\/pumps\/wara-pony-west","og_site_name":"VENISE COLLECTION","article_modified_time":"2026-04-16T00:38:10+00:00","og_image":[{"width":1280,"height":1588,"url":"https:\/\/www.venisecollection.com\/cdn\/image-173.webp","type":"image\/webp"}],"twitter_card":"summary_large_image","schema":{"@context":"https:\/\/schema.org","@graph":[{"@type":"WebPage","@id":"https:\/\/www.venisecollection.com\/de\/shop\/women\/pumps\/wara-pony-west","url":"https:\/\/www.venisecollection.com\/de\/shop\/women\/pumps\/wara-pony-west","name":"WARA PONY WEST - VENISE COLLECTION","isPartOf":{"@id":"https:\/\/www.venisecollection.com\/de#website"},"primaryImageOfPage":{"@id":"https:\/\/www.venisecollection.com\/de\/shop\/women\/pumps\/wara-pony-west#primaryimage"},"image":{"@id":"https:\/\/www.venisecollection.com\/de\/shop\/women\/pumps\/wara-pony-west#primaryimage"},"thumbnailUrl":"https:\/\/www.venisecollection.com\/cdn\/image-173.webp","datePublished":"2025-12-20T16:20:48+00:00","dateModified":"2026-04-16T00:38:10+00:00","breadcrumb":{"@id":"https:\/\/www.venisecollection.com\/de\/shop\/women\/pumps\/wara-pony-west#breadcrumb"},"inLanguage":"de","potentialAction":[{"@type":"ReadAction","target":["https:\/\/www.venisecollection.com\/de\/shop\/women\/pumps\/wara-pony-west"]}]},{"@type":"ImageObject","inLanguage":"de","@id":"https:\/\/www.venisecollection.com\/de\/shop\/women\/pumps\/wara-pony-west#primaryimage","url":"https:\/\/www.venisecollection.com\/cdn\/image-173.webp","contentUrl":"https:\/\/www.venisecollection.com\/cdn\/image-173.webp","width":1280,"height":1588},{"@type":"BreadcrumbList","@id":"https:\/\/www.venisecollection.com\/de\/shop\/women\/pumps\/wara-pony-west#breadcrumb","itemListElement":[{"@type":"ListItem","position":1,"name":"Home","item":"https:\/\/www.venisecollection.com\/de\/shop"},{"@type":"ListItem","position":2,"name":"Startseite","item":"https:\/\/www.venisecollection.com\/de\/shop"},{"@type":"ListItem","position":3,"name":"WARA PONY WEST"}]},{"@type":"WebSite","@id":"https:\/\/www.venisecollection.com\/de#website","url":"https:\/\/www.venisecollection.com\/de","name":"VENISE COLLECTION","description":"","publisher":{"@id":"https:\/\/www.venisecollection.com\/de#organization"},"potentialAction":[{"@type":"SearchAction","target":{"@type":"EntryPoint","urlTemplate":"https:\/\/www.venisecollection.com\/de?s={search_term_string}"},"query-input":{"@type":"PropertyValueSpecification","valueRequired":true,"valueName":"search_term_string"}}],"inLanguage":"de"},{"@type":"Organization","@id":"https:\/\/www.venisecollection.com\/de#organization","name":"VENISE COLLECTION","url":"https:\/\/www.venisecollection.com\/de","logo":{"@type":"ImageObject","inLanguage":"de","@id":"https:\/\/www.venisecollection.com\/de#\/schema\/logo\/image\/","url":"https:\/\/www.venisecollection.com\/cdn\/seo.png","contentUrl":"https:\/\/www.venisecollection.com\/cdn\/seo.png","width":1080,"height":1080,"caption":"VENISE COLLECTION"},"image":{"@id":"https:\/\/www.venisecollection.com\/de#\/schema\/logo\/image\/"},"sameAs":["https:\/\/www.instagram.com\/venisecollection\/","https:\/\/fr.pinterest.com\/venisecollection\/"]}]}},"_links":{"self":[{"href":"https:\/\/www.venisecollection.com\/de\/wp-json\/wp\/v2\/product\/5681","targetHints":{"allow":["GET"]}}],"collection":[{"href":"https:\/\/www.venisecollection.com\/de\/wp-json\/wp\/v2\/product"}],"about":[{"href":"https:\/\/www.venisecollection.com\/de\/wp-json\/wp\/v2\/types\/product"}],"wp:featuredmedia":[{"embeddable":true,"href":"https:\/\/www.venisecollection.com\/de\/wp-json\/wp\/v2\/media\/5682"}],"wp:attachment":[{"href":"https:\/\/www.venisecollection.com\/de\/wp-json\/wp\/v2\/media?parent=5681"}],"wp:term":[{"taxonomy":"product_brand","embeddable":true,"href":"https:\/\/www.venisecollection.com\/de\/wp-json\/wp\/v2\/product_brand?post=5681"},{"taxonomy":"product_cat","embeddable":true,"href":"https:\/\/www.venisecollection.com\/de\/wp-json\/wp\/v2\/product_cat?post=5681"},{"taxonomy":"product_tag","embeddable":true,"href":"https:\/\/www.venisecollection.com\/de\/wp-json\/wp\/v2\/product_tag?post=5681"}],"curies":[{"name":"wp","href":"https:\/\/api.w.org\/{rel}","templated":true}]}}