{"id":5693,"date":"2025-11-20T16:20:21","date_gmt":"2025-11-20T16:20:21","guid":{"rendered":"https:\/\/www.venisecollection.com\/shop\/women\/unkategorisiert\/coco-basket-negro\/"},"modified":"2026-04-21T00:18:44","modified_gmt":"2026-04-21T00:18:44","slug":"coco-basket-negro","status":"publish","type":"product","link":"https:\/\/www.venisecollection.com\/de\/shop\/women\/sneakers\/coco-basket-negro","title":{"rendered":"COCO BASKET NEGRO"},"content":{"rendered":"<p style=\"text-align: justify;\" data-start=\"972\" data-end=\"1581\">Die COCO BASKET Negro Damen-Sneakers verk\u00f6rpern zeitlose Eleganz mit einer schlanken, minimalistischen Silhouette. Dieses in Spanien aus hochwertigem, echtem schwarzem Leder gefertigte Paar verf\u00fcgt \u00fcber ein weiches Synthetikfutter, eine atmungsaktive Innensohle aus Leder und eine strapazierf\u00e4hige Elastomer-Au\u00dfensohle f\u00fcr optimalen Komfort und Halt. <\/p>\n<p style=\"text-align: justify;\" data-start=\"972\" data-end=\"1581\">Das klassische schwarze (Negro) Finish erm\u00f6glicht eine einfache Kombination mit jedem Outfit, von l\u00e4ssig bis schick. Er ist f\u00fcr den t\u00e4glichen Gebrauch konzipiert und bietet Stil und Haltbarkeit bei jedem Schritt. <\/p>\n","protected":false},"excerpt":{"rendered":"<p>Die COCO BASKET Negro Damen-Sneakers verk\u00f6rpern zeitlose Eleganz mit einer schlanken, minimalistischen Silhouette. Dieses in Spanien aus hochwertigem, echtem schwarzem Leder gefertigte Paar verf\u00fcgt \u00fcber ein weiches Synthetikfutter, eine atmungsaktive Innensohle aus Leder und eine strapazierf\u00e4hige Elastomer-Au\u00dfensohle f\u00fcr optimalen Komfort und Halt. Das klassische schwarze (Negro) Finish erm\u00f6glicht eine einfache Kombination mit jedem Outfit, von &hellip;<\/p>\n","protected":false},"featured_media":5694,"template":"","meta":[],"product_brand":[69],"product_cat":[66],"product_tag":[],"class_list":{"0":"post-5693","1":"product","2":"type-product","3":"status-publish","4":"has-post-thumbnail","6":"product_brand-venise-collection","7":"product_cat-sneakers","9":"first","10":"instock","11":"shipping-taxable","12":"purchasable","13":"product-type-variable","14":"has-default-attributes"},"yoast_head":"<!-- This site is optimized with the Yoast SEO plugin v27.4 - https:\/\/yoast.com\/product\/yoast-seo-wordpress\/ -->\n<title>COCO BASKET NEGRO - VENISE COLLECTION<\/title>\n<meta name=\"robots\" content=\"index, follow, max-snippet:-1, max-image-preview:large, max-video-preview:-1\" \/>\n<link rel=\"canonical\" href=\"https:\/\/www.venisecollection.com\/de\/shop\/women\/sneakers\/coco-basket-negro\" \/>\n<meta property=\"og:locale\" content=\"de_DE\" \/>\n<meta property=\"og:type\" content=\"article\" \/>\n<meta property=\"og:title\" content=\"COCO BASKET NEGRO - VENISE COLLECTION\" \/>\n<meta property=\"og:description\" content=\"Die COCO BASKET Negro Damen-Sneakers verk\u00f6rpern zeitlose Eleganz mit einer schlanken, minimalistischen Silhouette. Dieses in Spanien aus hochwertigem, echtem schwarzem Leder gefertigte Paar verf\u00fcgt \u00fcber ein weiches Synthetikfutter, eine atmungsaktive Innensohle aus Leder und eine strapazierf\u00e4hige Elastomer-Au\u00dfensohle f\u00fcr optimalen Komfort und Halt. Das klassische schwarze (Negro) Finish erm\u00f6glicht eine einfache Kombination mit jedem Outfit, von &hellip;\" \/>\n<meta property=\"og:url\" content=\"https:\/\/www.venisecollection.com\/de\/shop\/women\/sneakers\/coco-basket-negro\" \/>\n<meta property=\"og:site_name\" content=\"VENISE COLLECTION\" \/>\n<meta property=\"article:modified_time\" content=\"2026-04-21T00:18:44+00:00\" \/>\n<meta property=\"og:image\" content=\"https:\/\/www.venisecollection.com\/cdn\/image-169.webp\" \/>\n\t<meta property=\"og:image:width\" content=\"1280\" \/>\n\t<meta property=\"og:image:height\" content=\"1588\" \/>\n\t<meta property=\"og:image:type\" content=\"image\/webp\" \/>\n<meta name=\"twitter:card\" content=\"summary_large_image\" \/>\n<script type=\"application\/ld+json\" class=\"yoast-schema-graph\">{\"@context\":\"https:\\\/\\\/schema.org\",\"@graph\":[{\"@type\":\"WebPage\",\"@id\":\"https:\\\/\\\/www.venisecollection.com\\\/de\\\/shop\\\/women\\\/sneakers\\\/coco-basket-negro\",\"url\":\"https:\\\/\\\/www.venisecollection.com\\\/de\\\/shop\\\/women\\\/sneakers\\\/coco-basket-negro\",\"name\":\"COCO BASKET NEGRO - VENISE COLLECTION\",\"isPartOf\":{\"@id\":\"https:\\\/\\\/www.venisecollection.com\\\/de#website\"},\"primaryImageOfPage\":{\"@id\":\"https:\\\/\\\/www.venisecollection.com\\\/de\\\/shop\\\/women\\\/sneakers\\\/coco-basket-negro#primaryimage\"},\"image\":{\"@id\":\"https:\\\/\\\/www.venisecollection.com\\\/de\\\/shop\\\/women\\\/sneakers\\\/coco-basket-negro#primaryimage\"},\"thumbnailUrl\":\"https:\\\/\\\/www.venisecollection.com\\\/cdn\\\/image-169.webp\",\"datePublished\":\"2025-11-20T16:20:21+00:00\",\"dateModified\":\"2026-04-21T00:18:44+00:00\",\"breadcrumb\":{\"@id\":\"https:\\\/\\\/www.venisecollection.com\\\/de\\\/shop\\\/women\\\/sneakers\\\/coco-basket-negro#breadcrumb\"},\"inLanguage\":\"de\",\"potentialAction\":[{\"@type\":\"ReadAction\",\"target\":[\"https:\\\/\\\/www.venisecollection.com\\\/de\\\/shop\\\/women\\\/sneakers\\\/coco-basket-negro\"]}]},{\"@type\":\"ImageObject\",\"inLanguage\":\"de\",\"@id\":\"https:\\\/\\\/www.venisecollection.com\\\/de\\\/shop\\\/women\\\/sneakers\\\/coco-basket-negro#primaryimage\",\"url\":\"https:\\\/\\\/www.venisecollection.com\\\/cdn\\\/image-169.webp\",\"contentUrl\":\"https:\\\/\\\/www.venisecollection.com\\\/cdn\\\/image-169.webp\",\"width\":1280,\"height\":1588},{\"@type\":\"BreadcrumbList\",\"@id\":\"https:\\\/\\\/www.venisecollection.com\\\/de\\\/shop\\\/women\\\/sneakers\\\/coco-basket-negro#breadcrumb\",\"itemListElement\":[{\"@type\":\"ListItem\",\"position\":1,\"name\":\"Home\",\"item\":\"https:\\\/\\\/www.venisecollection.com\\\/de\\\/shop\"},{\"@type\":\"ListItem\",\"position\":2,\"name\":\"Startseite\",\"item\":\"https:\\\/\\\/www.venisecollection.com\\\/de\\\/shop\"},{\"@type\":\"ListItem\",\"position\":3,\"name\":\"COCO BASKET NEGRO\"}]},{\"@type\":\"WebSite\",\"@id\":\"https:\\\/\\\/www.venisecollection.com\\\/de#website\",\"url\":\"https:\\\/\\\/www.venisecollection.com\\\/de\",\"name\":\"VENISE COLLECTION\",\"description\":\"\",\"publisher\":{\"@id\":\"https:\\\/\\\/www.venisecollection.com\\\/de#organization\"},\"potentialAction\":[{\"@type\":\"SearchAction\",\"target\":{\"@type\":\"EntryPoint\",\"urlTemplate\":\"https:\\\/\\\/www.venisecollection.com\\\/de?s={search_term_string}\"},\"query-input\":{\"@type\":\"PropertyValueSpecification\",\"valueRequired\":true,\"valueName\":\"search_term_string\"}}],\"inLanguage\":\"de\"},{\"@type\":\"Organization\",\"@id\":\"https:\\\/\\\/www.venisecollection.com\\\/de#organization\",\"name\":\"VENISE COLLECTION\",\"url\":\"https:\\\/\\\/www.venisecollection.com\\\/de\",\"logo\":{\"@type\":\"ImageObject\",\"inLanguage\":\"de\",\"@id\":\"https:\\\/\\\/www.venisecollection.com\\\/de#\\\/schema\\\/logo\\\/image\\\/\",\"url\":\"https:\\\/\\\/www.venisecollection.com\\\/cdn\\\/seo.png\",\"contentUrl\":\"https:\\\/\\\/www.venisecollection.com\\\/cdn\\\/seo.png\",\"width\":1080,\"height\":1080,\"caption\":\"VENISE COLLECTION\"},\"image\":{\"@id\":\"https:\\\/\\\/www.venisecollection.com\\\/de#\\\/schema\\\/logo\\\/image\\\/\"},\"sameAs\":[\"https:\\\/\\\/www.instagram.com\\\/venisecollection\\\/\",\"https:\\\/\\\/fr.pinterest.com\\\/venisecollection\\\/\"]}]}<\/script>\n<!-- \/ Yoast SEO plugin. -->","yoast_head_json":{"title":"COCO BASKET NEGRO - VENISE COLLECTION","robots":{"index":"index","follow":"follow","max-snippet":"max-snippet:-1","max-image-preview":"max-image-preview:large","max-video-preview":"max-video-preview:-1"},"canonical":"https:\/\/www.venisecollection.com\/de\/shop\/women\/sneakers\/coco-basket-negro","og_locale":"de_DE","og_type":"article","og_title":"COCO BASKET NEGRO - VENISE COLLECTION","og_description":"Die COCO BASKET Negro Damen-Sneakers verk\u00f6rpern zeitlose Eleganz mit einer schlanken, minimalistischen Silhouette. Dieses in Spanien aus hochwertigem, echtem schwarzem Leder gefertigte Paar verf\u00fcgt \u00fcber ein weiches Synthetikfutter, eine atmungsaktive Innensohle aus Leder und eine strapazierf\u00e4hige Elastomer-Au\u00dfensohle f\u00fcr optimalen Komfort und Halt. Das klassische schwarze (Negro) Finish erm\u00f6glicht eine einfache Kombination mit jedem Outfit, von &hellip;","og_url":"https:\/\/www.venisecollection.com\/de\/shop\/women\/sneakers\/coco-basket-negro","og_site_name":"VENISE COLLECTION","article_modified_time":"2026-04-21T00:18:44+00:00","og_image":[{"width":1280,"height":1588,"url":"https:\/\/www.venisecollection.com\/cdn\/image-169.webp","type":"image\/webp"}],"twitter_card":"summary_large_image","schema":{"@context":"https:\/\/schema.org","@graph":[{"@type":"WebPage","@id":"https:\/\/www.venisecollection.com\/de\/shop\/women\/sneakers\/coco-basket-negro","url":"https:\/\/www.venisecollection.com\/de\/shop\/women\/sneakers\/coco-basket-negro","name":"COCO BASKET NEGRO - VENISE COLLECTION","isPartOf":{"@id":"https:\/\/www.venisecollection.com\/de#website"},"primaryImageOfPage":{"@id":"https:\/\/www.venisecollection.com\/de\/shop\/women\/sneakers\/coco-basket-negro#primaryimage"},"image":{"@id":"https:\/\/www.venisecollection.com\/de\/shop\/women\/sneakers\/coco-basket-negro#primaryimage"},"thumbnailUrl":"https:\/\/www.venisecollection.com\/cdn\/image-169.webp","datePublished":"2025-11-20T16:20:21+00:00","dateModified":"2026-04-21T00:18:44+00:00","breadcrumb":{"@id":"https:\/\/www.venisecollection.com\/de\/shop\/women\/sneakers\/coco-basket-negro#breadcrumb"},"inLanguage":"de","potentialAction":[{"@type":"ReadAction","target":["https:\/\/www.venisecollection.com\/de\/shop\/women\/sneakers\/coco-basket-negro"]}]},{"@type":"ImageObject","inLanguage":"de","@id":"https:\/\/www.venisecollection.com\/de\/shop\/women\/sneakers\/coco-basket-negro#primaryimage","url":"https:\/\/www.venisecollection.com\/cdn\/image-169.webp","contentUrl":"https:\/\/www.venisecollection.com\/cdn\/image-169.webp","width":1280,"height":1588},{"@type":"BreadcrumbList","@id":"https:\/\/www.venisecollection.com\/de\/shop\/women\/sneakers\/coco-basket-negro#breadcrumb","itemListElement":[{"@type":"ListItem","position":1,"name":"Home","item":"https:\/\/www.venisecollection.com\/de\/shop"},{"@type":"ListItem","position":2,"name":"Startseite","item":"https:\/\/www.venisecollection.com\/de\/shop"},{"@type":"ListItem","position":3,"name":"COCO BASKET NEGRO"}]},{"@type":"WebSite","@id":"https:\/\/www.venisecollection.com\/de#website","url":"https:\/\/www.venisecollection.com\/de","name":"VENISE COLLECTION","description":"","publisher":{"@id":"https:\/\/www.venisecollection.com\/de#organization"},"potentialAction":[{"@type":"SearchAction","target":{"@type":"EntryPoint","urlTemplate":"https:\/\/www.venisecollection.com\/de?s={search_term_string}"},"query-input":{"@type":"PropertyValueSpecification","valueRequired":true,"valueName":"search_term_string"}}],"inLanguage":"de"},{"@type":"Organization","@id":"https:\/\/www.venisecollection.com\/de#organization","name":"VENISE COLLECTION","url":"https:\/\/www.venisecollection.com\/de","logo":{"@type":"ImageObject","inLanguage":"de","@id":"https:\/\/www.venisecollection.com\/de#\/schema\/logo\/image\/","url":"https:\/\/www.venisecollection.com\/cdn\/seo.png","contentUrl":"https:\/\/www.venisecollection.com\/cdn\/seo.png","width":1080,"height":1080,"caption":"VENISE COLLECTION"},"image":{"@id":"https:\/\/www.venisecollection.com\/de#\/schema\/logo\/image\/"},"sameAs":["https:\/\/www.instagram.com\/venisecollection\/","https:\/\/fr.pinterest.com\/venisecollection\/"]}]}},"_links":{"self":[{"href":"https:\/\/www.venisecollection.com\/de\/wp-json\/wp\/v2\/product\/5693","targetHints":{"allow":["GET"]}}],"collection":[{"href":"https:\/\/www.venisecollection.com\/de\/wp-json\/wp\/v2\/product"}],"about":[{"href":"https:\/\/www.venisecollection.com\/de\/wp-json\/wp\/v2\/types\/product"}],"wp:featuredmedia":[{"embeddable":true,"href":"https:\/\/www.venisecollection.com\/de\/wp-json\/wp\/v2\/media\/5694"}],"wp:attachment":[{"href":"https:\/\/www.venisecollection.com\/de\/wp-json\/wp\/v2\/media?parent=5693"}],"wp:term":[{"taxonomy":"product_brand","embeddable":true,"href":"https:\/\/www.venisecollection.com\/de\/wp-json\/wp\/v2\/product_brand?post=5693"},{"taxonomy":"product_cat","embeddable":true,"href":"https:\/\/www.venisecollection.com\/de\/wp-json\/wp\/v2\/product_cat?post=5693"},{"taxonomy":"product_tag","embeddable":true,"href":"https:\/\/www.venisecollection.com\/de\/wp-json\/wp\/v2\/product_tag?post=5693"}],"curies":[{"name":"wp","href":"https:\/\/api.w.org\/{rel}","templated":true}]}}