{"id":5718,"date":"2025-11-20T16:20:16","date_gmt":"2025-11-20T16:20:16","guid":{"rendered":"https:\/\/www.venisecollection.com\/shop\/women\/unkategorisiert\/coco-basket-rovere\/"},"modified":"2026-04-21T00:18:45","modified_gmt":"2026-04-21T00:18:45","slug":"coco-basket-rovere","status":"publish","type":"product","link":"https:\/\/www.venisecollection.com\/de\/shop\/women\/sneakers\/coco-basket-rovere","title":{"rendered":"COCO BASKET ROVERE"},"content":{"rendered":"<p style=\"text-align: justify;\" data-start=\"951\" data-end=\"1558\">Die COCO BASKET Rovere Damen-Sneakers vereinen Eleganz und Komfort perfekt mit einem raffinierten, minimalistischen Design.<\/p>\n<p style=\"text-align: justify;\" data-start=\"951\" data-end=\"1558\">Dieses Modell wird in Spanien aus hochwertigem Echtleder gefertigt und verf\u00fcgt \u00fcber ein weiches Futter, eine atmungsaktive Innensohle aus Leder und eine strapazierf\u00e4hige Elastomer-Au\u00dfensohle f\u00fcr hervorragenden Komfort und Halt.<\/p>\n<p style=\"text-align: justify;\" data-start=\"951\" data-end=\"1558\">Der hellbraune Rovere-Ton verleiht Ihren Alltagslooks eine warme, elegante Note. Mit seinem Schn\u00fcrverschluss und dem schlanken Low-Top-Profil ist er ideal f\u00fcr sowohl l\u00e4ssige als auch schicke Outfits. <\/p>\n","protected":false},"excerpt":{"rendered":"<p>Die COCO BASKET Rovere Damen-Sneakers vereinen Eleganz und Komfort perfekt mit einem raffinierten, minimalistischen Design. Dieses Modell wird in Spanien aus hochwertigem Echtleder gefertigt und verf\u00fcgt \u00fcber ein weiches Futter, eine atmungsaktive Innensohle aus Leder und eine strapazierf\u00e4hige Elastomer-Au\u00dfensohle f\u00fcr hervorragenden Komfort und Halt. Der hellbraune Rovere-Ton verleiht Ihren Alltagslooks eine warme, elegante Note. Mit &hellip;<\/p>\n","protected":false},"featured_media":5722,"template":"","meta":[],"product_brand":[69],"product_cat":[66],"product_tag":[],"class_list":{"0":"post-5718","1":"product","2":"type-product","3":"status-publish","4":"has-post-thumbnail","6":"product_brand-venise-collection","7":"product_cat-sneakers","9":"first","10":"instock","11":"shipping-taxable","12":"purchasable","13":"product-type-variable","14":"has-default-attributes"},"yoast_head":"<!-- This site is optimized with the Yoast SEO plugin v27.4 - https:\/\/yoast.com\/product\/yoast-seo-wordpress\/ -->\n<title>COCO BASKET ROVERE - VENISE COLLECTION<\/title>\n<meta name=\"robots\" content=\"index, follow, max-snippet:-1, max-image-preview:large, max-video-preview:-1\" \/>\n<link rel=\"canonical\" href=\"https:\/\/www.venisecollection.com\/de\/shop\/women\/sneakers\/coco-basket-rovere\" \/>\n<meta property=\"og:locale\" content=\"de_DE\" \/>\n<meta property=\"og:type\" content=\"article\" \/>\n<meta property=\"og:title\" content=\"COCO BASKET ROVERE - VENISE COLLECTION\" \/>\n<meta property=\"og:description\" content=\"Die COCO BASKET Rovere Damen-Sneakers vereinen Eleganz und Komfort perfekt mit einem raffinierten, minimalistischen Design. Dieses Modell wird in Spanien aus hochwertigem Echtleder gefertigt und verf\u00fcgt \u00fcber ein weiches Futter, eine atmungsaktive Innensohle aus Leder und eine strapazierf\u00e4hige Elastomer-Au\u00dfensohle f\u00fcr hervorragenden Komfort und Halt. Der hellbraune Rovere-Ton verleiht Ihren Alltagslooks eine warme, elegante Note. Mit &hellip;\" \/>\n<meta property=\"og:url\" content=\"https:\/\/www.venisecollection.com\/de\/shop\/women\/sneakers\/coco-basket-rovere\" \/>\n<meta property=\"og:site_name\" content=\"VENISE COLLECTION\" \/>\n<meta property=\"article:modified_time\" content=\"2026-04-21T00:18:45+00:00\" \/>\n<meta property=\"og:image\" content=\"https:\/\/www.venisecollection.com\/cdn\/image-165.webp\" \/>\n\t<meta property=\"og:image:width\" content=\"1280\" \/>\n\t<meta property=\"og:image:height\" content=\"1588\" \/>\n\t<meta property=\"og:image:type\" content=\"image\/webp\" \/>\n<meta name=\"twitter:card\" content=\"summary_large_image\" \/>\n<script type=\"application\/ld+json\" class=\"yoast-schema-graph\">{\"@context\":\"https:\\\/\\\/schema.org\",\"@graph\":[{\"@type\":\"WebPage\",\"@id\":\"https:\\\/\\\/www.venisecollection.com\\\/de\\\/shop\\\/women\\\/sneakers\\\/coco-basket-rovere\",\"url\":\"https:\\\/\\\/www.venisecollection.com\\\/de\\\/shop\\\/women\\\/sneakers\\\/coco-basket-rovere\",\"name\":\"COCO BASKET ROVERE - VENISE COLLECTION\",\"isPartOf\":{\"@id\":\"https:\\\/\\\/www.venisecollection.com\\\/de#website\"},\"primaryImageOfPage\":{\"@id\":\"https:\\\/\\\/www.venisecollection.com\\\/de\\\/shop\\\/women\\\/sneakers\\\/coco-basket-rovere#primaryimage\"},\"image\":{\"@id\":\"https:\\\/\\\/www.venisecollection.com\\\/de\\\/shop\\\/women\\\/sneakers\\\/coco-basket-rovere#primaryimage\"},\"thumbnailUrl\":\"https:\\\/\\\/www.venisecollection.com\\\/cdn\\\/image-165.webp\",\"datePublished\":\"2025-11-20T16:20:16+00:00\",\"dateModified\":\"2026-04-21T00:18:45+00:00\",\"breadcrumb\":{\"@id\":\"https:\\\/\\\/www.venisecollection.com\\\/de\\\/shop\\\/women\\\/sneakers\\\/coco-basket-rovere#breadcrumb\"},\"inLanguage\":\"de\",\"potentialAction\":[{\"@type\":\"ReadAction\",\"target\":[\"https:\\\/\\\/www.venisecollection.com\\\/de\\\/shop\\\/women\\\/sneakers\\\/coco-basket-rovere\"]}]},{\"@type\":\"ImageObject\",\"inLanguage\":\"de\",\"@id\":\"https:\\\/\\\/www.venisecollection.com\\\/de\\\/shop\\\/women\\\/sneakers\\\/coco-basket-rovere#primaryimage\",\"url\":\"https:\\\/\\\/www.venisecollection.com\\\/cdn\\\/image-165.webp\",\"contentUrl\":\"https:\\\/\\\/www.venisecollection.com\\\/cdn\\\/image-165.webp\",\"width\":1280,\"height\":1588},{\"@type\":\"BreadcrumbList\",\"@id\":\"https:\\\/\\\/www.venisecollection.com\\\/de\\\/shop\\\/women\\\/sneakers\\\/coco-basket-rovere#breadcrumb\",\"itemListElement\":[{\"@type\":\"ListItem\",\"position\":1,\"name\":\"Home\",\"item\":\"https:\\\/\\\/www.venisecollection.com\\\/de\\\/shop\"},{\"@type\":\"ListItem\",\"position\":2,\"name\":\"Startseite\",\"item\":\"https:\\\/\\\/www.venisecollection.com\\\/de\\\/shop\"},{\"@type\":\"ListItem\",\"position\":3,\"name\":\"COCO BASKET ROVERE\"}]},{\"@type\":\"WebSite\",\"@id\":\"https:\\\/\\\/www.venisecollection.com\\\/de#website\",\"url\":\"https:\\\/\\\/www.venisecollection.com\\\/de\",\"name\":\"VENISE COLLECTION\",\"description\":\"\",\"publisher\":{\"@id\":\"https:\\\/\\\/www.venisecollection.com\\\/de#organization\"},\"potentialAction\":[{\"@type\":\"SearchAction\",\"target\":{\"@type\":\"EntryPoint\",\"urlTemplate\":\"https:\\\/\\\/www.venisecollection.com\\\/de?s={search_term_string}\"},\"query-input\":{\"@type\":\"PropertyValueSpecification\",\"valueRequired\":true,\"valueName\":\"search_term_string\"}}],\"inLanguage\":\"de\"},{\"@type\":\"Organization\",\"@id\":\"https:\\\/\\\/www.venisecollection.com\\\/de#organization\",\"name\":\"VENISE COLLECTION\",\"url\":\"https:\\\/\\\/www.venisecollection.com\\\/de\",\"logo\":{\"@type\":\"ImageObject\",\"inLanguage\":\"de\",\"@id\":\"https:\\\/\\\/www.venisecollection.com\\\/de#\\\/schema\\\/logo\\\/image\\\/\",\"url\":\"https:\\\/\\\/www.venisecollection.com\\\/cdn\\\/seo.png\",\"contentUrl\":\"https:\\\/\\\/www.venisecollection.com\\\/cdn\\\/seo.png\",\"width\":1080,\"height\":1080,\"caption\":\"VENISE COLLECTION\"},\"image\":{\"@id\":\"https:\\\/\\\/www.venisecollection.com\\\/de#\\\/schema\\\/logo\\\/image\\\/\"},\"sameAs\":[\"https:\\\/\\\/www.instagram.com\\\/venisecollection\\\/\",\"https:\\\/\\\/fr.pinterest.com\\\/venisecollection\\\/\"]}]}<\/script>\n<!-- \/ Yoast SEO plugin. -->","yoast_head_json":{"title":"COCO BASKET ROVERE - VENISE COLLECTION","robots":{"index":"index","follow":"follow","max-snippet":"max-snippet:-1","max-image-preview":"max-image-preview:large","max-video-preview":"max-video-preview:-1"},"canonical":"https:\/\/www.venisecollection.com\/de\/shop\/women\/sneakers\/coco-basket-rovere","og_locale":"de_DE","og_type":"article","og_title":"COCO BASKET ROVERE - VENISE COLLECTION","og_description":"Die COCO BASKET Rovere Damen-Sneakers vereinen Eleganz und Komfort perfekt mit einem raffinierten, minimalistischen Design. Dieses Modell wird in Spanien aus hochwertigem Echtleder gefertigt und verf\u00fcgt \u00fcber ein weiches Futter, eine atmungsaktive Innensohle aus Leder und eine strapazierf\u00e4hige Elastomer-Au\u00dfensohle f\u00fcr hervorragenden Komfort und Halt. Der hellbraune Rovere-Ton verleiht Ihren Alltagslooks eine warme, elegante Note. Mit &hellip;","og_url":"https:\/\/www.venisecollection.com\/de\/shop\/women\/sneakers\/coco-basket-rovere","og_site_name":"VENISE COLLECTION","article_modified_time":"2026-04-21T00:18:45+00:00","og_image":[{"width":1280,"height":1588,"url":"https:\/\/www.venisecollection.com\/cdn\/image-165.webp","type":"image\/webp"}],"twitter_card":"summary_large_image","schema":{"@context":"https:\/\/schema.org","@graph":[{"@type":"WebPage","@id":"https:\/\/www.venisecollection.com\/de\/shop\/women\/sneakers\/coco-basket-rovere","url":"https:\/\/www.venisecollection.com\/de\/shop\/women\/sneakers\/coco-basket-rovere","name":"COCO BASKET ROVERE - VENISE COLLECTION","isPartOf":{"@id":"https:\/\/www.venisecollection.com\/de#website"},"primaryImageOfPage":{"@id":"https:\/\/www.venisecollection.com\/de\/shop\/women\/sneakers\/coco-basket-rovere#primaryimage"},"image":{"@id":"https:\/\/www.venisecollection.com\/de\/shop\/women\/sneakers\/coco-basket-rovere#primaryimage"},"thumbnailUrl":"https:\/\/www.venisecollection.com\/cdn\/image-165.webp","datePublished":"2025-11-20T16:20:16+00:00","dateModified":"2026-04-21T00:18:45+00:00","breadcrumb":{"@id":"https:\/\/www.venisecollection.com\/de\/shop\/women\/sneakers\/coco-basket-rovere#breadcrumb"},"inLanguage":"de","potentialAction":[{"@type":"ReadAction","target":["https:\/\/www.venisecollection.com\/de\/shop\/women\/sneakers\/coco-basket-rovere"]}]},{"@type":"ImageObject","inLanguage":"de","@id":"https:\/\/www.venisecollection.com\/de\/shop\/women\/sneakers\/coco-basket-rovere#primaryimage","url":"https:\/\/www.venisecollection.com\/cdn\/image-165.webp","contentUrl":"https:\/\/www.venisecollection.com\/cdn\/image-165.webp","width":1280,"height":1588},{"@type":"BreadcrumbList","@id":"https:\/\/www.venisecollection.com\/de\/shop\/women\/sneakers\/coco-basket-rovere#breadcrumb","itemListElement":[{"@type":"ListItem","position":1,"name":"Home","item":"https:\/\/www.venisecollection.com\/de\/shop"},{"@type":"ListItem","position":2,"name":"Startseite","item":"https:\/\/www.venisecollection.com\/de\/shop"},{"@type":"ListItem","position":3,"name":"COCO BASKET ROVERE"}]},{"@type":"WebSite","@id":"https:\/\/www.venisecollection.com\/de#website","url":"https:\/\/www.venisecollection.com\/de","name":"VENISE COLLECTION","description":"","publisher":{"@id":"https:\/\/www.venisecollection.com\/de#organization"},"potentialAction":[{"@type":"SearchAction","target":{"@type":"EntryPoint","urlTemplate":"https:\/\/www.venisecollection.com\/de?s={search_term_string}"},"query-input":{"@type":"PropertyValueSpecification","valueRequired":true,"valueName":"search_term_string"}}],"inLanguage":"de"},{"@type":"Organization","@id":"https:\/\/www.venisecollection.com\/de#organization","name":"VENISE COLLECTION","url":"https:\/\/www.venisecollection.com\/de","logo":{"@type":"ImageObject","inLanguage":"de","@id":"https:\/\/www.venisecollection.com\/de#\/schema\/logo\/image\/","url":"https:\/\/www.venisecollection.com\/cdn\/seo.png","contentUrl":"https:\/\/www.venisecollection.com\/cdn\/seo.png","width":1080,"height":1080,"caption":"VENISE COLLECTION"},"image":{"@id":"https:\/\/www.venisecollection.com\/de#\/schema\/logo\/image\/"},"sameAs":["https:\/\/www.instagram.com\/venisecollection\/","https:\/\/fr.pinterest.com\/venisecollection\/"]}]}},"_links":{"self":[{"href":"https:\/\/www.venisecollection.com\/de\/wp-json\/wp\/v2\/product\/5718","targetHints":{"allow":["GET"]}}],"collection":[{"href":"https:\/\/www.venisecollection.com\/de\/wp-json\/wp\/v2\/product"}],"about":[{"href":"https:\/\/www.venisecollection.com\/de\/wp-json\/wp\/v2\/types\/product"}],"wp:featuredmedia":[{"embeddable":true,"href":"https:\/\/www.venisecollection.com\/de\/wp-json\/wp\/v2\/media\/5722"}],"wp:attachment":[{"href":"https:\/\/www.venisecollection.com\/de\/wp-json\/wp\/v2\/media?parent=5718"}],"wp:term":[{"taxonomy":"product_brand","embeddable":true,"href":"https:\/\/www.venisecollection.com\/de\/wp-json\/wp\/v2\/product_brand?post=5718"},{"taxonomy":"product_cat","embeddable":true,"href":"https:\/\/www.venisecollection.com\/de\/wp-json\/wp\/v2\/product_cat?post=5718"},{"taxonomy":"product_tag","embeddable":true,"href":"https:\/\/www.venisecollection.com\/de\/wp-json\/wp\/v2\/product_tag?post=5718"}],"curies":[{"name":"wp","href":"https:\/\/api.w.org\/{rel}","templated":true}]}}