{"id":5719,"date":"2025-11-20T16:19:35","date_gmt":"2025-11-20T16:19:35","guid":{"rendered":"https:\/\/www.venisecollection.com\/shop\/women\/unkategorisiert\/roberto-festa-commy-nappa-gruen\/"},"modified":"2026-04-29T01:43:35","modified_gmt":"2026-04-29T01:43:35","slug":"roberto-festa-commy-nappa-gruen","status":"publish","type":"product","link":"https:\/\/www.venisecollection.com\/de\/shop\/women\/stiefel\/roberto-festa-commy-nappa-gruen","title":{"rendered":"ROBERTO FESTA COMMY NAPPA GR\u00dcN"},"content":{"rendered":"<p style=\"text-align: justify;\" data-start=\"1106\" data-end=\"1764\">Die Damenstiefel ROBERTO FESTA COMMY NAPPA GR\u00dcN sind aus hochwertigem Echtleder in einem eleganten Milit\u00e4rgr\u00fcn gefertigt. Diese eleganten, in Italien hergestellten Stiefel verf\u00fcgen \u00fcber einen 8 cm hohen Absatz, der sowohl Komfort als auch eine raffinierte Silhouette bietet. <\/p>\n<p style=\"text-align: justify;\" data-start=\"1106\" data-end=\"1764\">Ihr minimalistisches und dennoch auff\u00e4lliges Design macht sie zur perfekten Wahl, um jedes Outfit aufzuwerten, von Skinny Jeans \u00fcber flie\u00dfende R\u00f6cke bis hin zu ma\u00dfgeschneiderten M\u00e4nteln. Diese Stiefel sind eine perfekte Balance aus zeitloser Handwerkskunst und modernem Stil und eignen sich ideal f\u00fcr den Alltag und besondere Anl\u00e4sse. <\/p>\n","protected":false},"excerpt":{"rendered":"<p>Die Damenstiefel ROBERTO FESTA COMMY NAPPA GR\u00dcN sind aus hochwertigem Echtleder in einem eleganten Milit\u00e4rgr\u00fcn gefertigt. Diese eleganten, in Italien hergestellten Stiefel verf\u00fcgen \u00fcber einen 8 cm hohen Absatz, der sowohl Komfort als auch eine raffinierte Silhouette bietet. Ihr minimalistisches und dennoch auff\u00e4lliges Design macht sie zur perfekten Wahl, um jedes Outfit aufzuwerten, von Skinny &hellip;<\/p>\n","protected":false},"featured_media":5723,"template":"","meta":[],"product_brand":[360],"product_cat":[115],"product_tag":[],"class_list":{"0":"post-5719","1":"product","2":"type-product","3":"status-publish","4":"has-post-thumbnail","6":"product_brand-roberto-festa","7":"product_cat-stiefel","9":"first","10":"instock","11":"shipping-taxable","12":"purchasable","13":"product-type-variable","14":"has-default-attributes"},"yoast_head":"<!-- This site is optimized with the Yoast SEO plugin v27.5 - https:\/\/yoast.com\/product\/yoast-seo-wordpress\/ -->\n<title>ROBERTO FESTA COMMY NAPPA GR\u00dcN - VENISE COLLECTION<\/title>\n<meta name=\"robots\" content=\"index, follow, max-snippet:-1, max-image-preview:large, max-video-preview:-1\" \/>\n<link rel=\"canonical\" href=\"https:\/\/www.venisecollection.com\/de\/shop\/women\/stiefel\/roberto-festa-commy-nappa-gruen\" \/>\n<meta property=\"og:locale\" content=\"de_DE\" \/>\n<meta property=\"og:type\" content=\"article\" \/>\n<meta property=\"og:title\" content=\"ROBERTO FESTA COMMY NAPPA GR\u00dcN - VENISE COLLECTION\" \/>\n<meta property=\"og:description\" content=\"Die Damenstiefel ROBERTO FESTA COMMY NAPPA GR\u00dcN sind aus hochwertigem Echtleder in einem eleganten Milit\u00e4rgr\u00fcn gefertigt. Diese eleganten, in Italien hergestellten Stiefel verf\u00fcgen \u00fcber einen 8 cm hohen Absatz, der sowohl Komfort als auch eine raffinierte Silhouette bietet. Ihr minimalistisches und dennoch auff\u00e4lliges Design macht sie zur perfekten Wahl, um jedes Outfit aufzuwerten, von Skinny &hellip;\" \/>\n<meta property=\"og:url\" content=\"https:\/\/www.venisecollection.com\/de\/shop\/women\/stiefel\/roberto-festa-commy-nappa-gruen\" \/>\n<meta property=\"og:site_name\" content=\"VENISE COLLECTION\" \/>\n<meta property=\"article:modified_time\" content=\"2026-04-29T01:43:35+00:00\" \/>\n<meta property=\"og:image\" content=\"https:\/\/www.venisecollection.com\/cdn\/image-156.webp\" \/>\n\t<meta property=\"og:image:width\" content=\"1280\" \/>\n\t<meta property=\"og:image:height\" content=\"1588\" \/>\n\t<meta property=\"og:image:type\" content=\"image\/webp\" \/>\n<meta name=\"twitter:card\" content=\"summary_large_image\" \/>\n<script type=\"application\/ld+json\" class=\"yoast-schema-graph\">{\"@context\":\"https:\\\/\\\/schema.org\",\"@graph\":[{\"@type\":\"WebPage\",\"@id\":\"https:\\\/\\\/www.venisecollection.com\\\/de\\\/shop\\\/women\\\/stiefel\\\/roberto-festa-commy-nappa-gruen\",\"url\":\"https:\\\/\\\/www.venisecollection.com\\\/de\\\/shop\\\/women\\\/stiefel\\\/roberto-festa-commy-nappa-gruen\",\"name\":\"ROBERTO FESTA COMMY NAPPA GR\u00dcN - VENISE COLLECTION\",\"isPartOf\":{\"@id\":\"https:\\\/\\\/www.venisecollection.com\\\/de#website\"},\"primaryImageOfPage\":{\"@id\":\"https:\\\/\\\/www.venisecollection.com\\\/de\\\/shop\\\/women\\\/stiefel\\\/roberto-festa-commy-nappa-gruen#primaryimage\"},\"image\":{\"@id\":\"https:\\\/\\\/www.venisecollection.com\\\/de\\\/shop\\\/women\\\/stiefel\\\/roberto-festa-commy-nappa-gruen#primaryimage\"},\"thumbnailUrl\":\"https:\\\/\\\/www.venisecollection.com\\\/cdn\\\/image-156.webp\",\"datePublished\":\"2025-11-20T16:19:35+00:00\",\"dateModified\":\"2026-04-29T01:43:35+00:00\",\"breadcrumb\":{\"@id\":\"https:\\\/\\\/www.venisecollection.com\\\/de\\\/shop\\\/women\\\/stiefel\\\/roberto-festa-commy-nappa-gruen#breadcrumb\"},\"inLanguage\":\"de\",\"potentialAction\":[{\"@type\":\"ReadAction\",\"target\":[\"https:\\\/\\\/www.venisecollection.com\\\/de\\\/shop\\\/women\\\/stiefel\\\/roberto-festa-commy-nappa-gruen\"]}]},{\"@type\":\"ImageObject\",\"inLanguage\":\"de\",\"@id\":\"https:\\\/\\\/www.venisecollection.com\\\/de\\\/shop\\\/women\\\/stiefel\\\/roberto-festa-commy-nappa-gruen#primaryimage\",\"url\":\"https:\\\/\\\/www.venisecollection.com\\\/cdn\\\/image-156.webp\",\"contentUrl\":\"https:\\\/\\\/www.venisecollection.com\\\/cdn\\\/image-156.webp\",\"width\":1280,\"height\":1588},{\"@type\":\"BreadcrumbList\",\"@id\":\"https:\\\/\\\/www.venisecollection.com\\\/de\\\/shop\\\/women\\\/stiefel\\\/roberto-festa-commy-nappa-gruen#breadcrumb\",\"itemListElement\":[{\"@type\":\"ListItem\",\"position\":1,\"name\":\"Home\",\"item\":\"https:\\\/\\\/www.venisecollection.com\\\/de\\\/shop\"},{\"@type\":\"ListItem\",\"position\":2,\"name\":\"Startseite\",\"item\":\"https:\\\/\\\/www.venisecollection.com\\\/de\\\/shop\"},{\"@type\":\"ListItem\",\"position\":3,\"name\":\"ROBERTO FESTA COMMY NAPPA GR\u00dcN\"}]},{\"@type\":\"WebSite\",\"@id\":\"https:\\\/\\\/www.venisecollection.com\\\/de#website\",\"url\":\"https:\\\/\\\/www.venisecollection.com\\\/de\",\"name\":\"VENISE COLLECTION\",\"description\":\"\",\"publisher\":{\"@id\":\"https:\\\/\\\/www.venisecollection.com\\\/de#organization\"},\"potentialAction\":[{\"@type\":\"SearchAction\",\"target\":{\"@type\":\"EntryPoint\",\"urlTemplate\":\"https:\\\/\\\/www.venisecollection.com\\\/de?s={search_term_string}\"},\"query-input\":{\"@type\":\"PropertyValueSpecification\",\"valueRequired\":true,\"valueName\":\"search_term_string\"}}],\"inLanguage\":\"de\"},{\"@type\":\"Organization\",\"@id\":\"https:\\\/\\\/www.venisecollection.com\\\/de#organization\",\"name\":\"VENISE COLLECTION\",\"url\":\"https:\\\/\\\/www.venisecollection.com\\\/de\",\"logo\":{\"@type\":\"ImageObject\",\"inLanguage\":\"de\",\"@id\":\"https:\\\/\\\/www.venisecollection.com\\\/de#\\\/schema\\\/logo\\\/image\\\/\",\"url\":\"https:\\\/\\\/www.venisecollection.com\\\/cdn\\\/seo.png\",\"contentUrl\":\"https:\\\/\\\/www.venisecollection.com\\\/cdn\\\/seo.png\",\"width\":1080,\"height\":1080,\"caption\":\"VENISE COLLECTION\"},\"image\":{\"@id\":\"https:\\\/\\\/www.venisecollection.com\\\/de#\\\/schema\\\/logo\\\/image\\\/\"},\"sameAs\":[\"https:\\\/\\\/www.instagram.com\\\/venisecollection\\\/\",\"https:\\\/\\\/fr.pinterest.com\\\/venisecollection\\\/\"]}]}<\/script>\n<!-- \/ Yoast SEO plugin. -->","yoast_head_json":{"title":"ROBERTO FESTA COMMY NAPPA GR\u00dcN - VENISE COLLECTION","robots":{"index":"index","follow":"follow","max-snippet":"max-snippet:-1","max-image-preview":"max-image-preview:large","max-video-preview":"max-video-preview:-1"},"canonical":"https:\/\/www.venisecollection.com\/de\/shop\/women\/stiefel\/roberto-festa-commy-nappa-gruen","og_locale":"de_DE","og_type":"article","og_title":"ROBERTO FESTA COMMY NAPPA GR\u00dcN - VENISE COLLECTION","og_description":"Die Damenstiefel ROBERTO FESTA COMMY NAPPA GR\u00dcN sind aus hochwertigem Echtleder in einem eleganten Milit\u00e4rgr\u00fcn gefertigt. Diese eleganten, in Italien hergestellten Stiefel verf\u00fcgen \u00fcber einen 8 cm hohen Absatz, der sowohl Komfort als auch eine raffinierte Silhouette bietet. Ihr minimalistisches und dennoch auff\u00e4lliges Design macht sie zur perfekten Wahl, um jedes Outfit aufzuwerten, von Skinny &hellip;","og_url":"https:\/\/www.venisecollection.com\/de\/shop\/women\/stiefel\/roberto-festa-commy-nappa-gruen","og_site_name":"VENISE COLLECTION","article_modified_time":"2026-04-29T01:43:35+00:00","og_image":[{"width":1280,"height":1588,"url":"https:\/\/www.venisecollection.com\/cdn\/image-156.webp","type":"image\/webp"}],"twitter_card":"summary_large_image","schema":{"@context":"https:\/\/schema.org","@graph":[{"@type":"WebPage","@id":"https:\/\/www.venisecollection.com\/de\/shop\/women\/stiefel\/roberto-festa-commy-nappa-gruen","url":"https:\/\/www.venisecollection.com\/de\/shop\/women\/stiefel\/roberto-festa-commy-nappa-gruen","name":"ROBERTO FESTA COMMY NAPPA GR\u00dcN - VENISE COLLECTION","isPartOf":{"@id":"https:\/\/www.venisecollection.com\/de#website"},"primaryImageOfPage":{"@id":"https:\/\/www.venisecollection.com\/de\/shop\/women\/stiefel\/roberto-festa-commy-nappa-gruen#primaryimage"},"image":{"@id":"https:\/\/www.venisecollection.com\/de\/shop\/women\/stiefel\/roberto-festa-commy-nappa-gruen#primaryimage"},"thumbnailUrl":"https:\/\/www.venisecollection.com\/cdn\/image-156.webp","datePublished":"2025-11-20T16:19:35+00:00","dateModified":"2026-04-29T01:43:35+00:00","breadcrumb":{"@id":"https:\/\/www.venisecollection.com\/de\/shop\/women\/stiefel\/roberto-festa-commy-nappa-gruen#breadcrumb"},"inLanguage":"de","potentialAction":[{"@type":"ReadAction","target":["https:\/\/www.venisecollection.com\/de\/shop\/women\/stiefel\/roberto-festa-commy-nappa-gruen"]}]},{"@type":"ImageObject","inLanguage":"de","@id":"https:\/\/www.venisecollection.com\/de\/shop\/women\/stiefel\/roberto-festa-commy-nappa-gruen#primaryimage","url":"https:\/\/www.venisecollection.com\/cdn\/image-156.webp","contentUrl":"https:\/\/www.venisecollection.com\/cdn\/image-156.webp","width":1280,"height":1588},{"@type":"BreadcrumbList","@id":"https:\/\/www.venisecollection.com\/de\/shop\/women\/stiefel\/roberto-festa-commy-nappa-gruen#breadcrumb","itemListElement":[{"@type":"ListItem","position":1,"name":"Home","item":"https:\/\/www.venisecollection.com\/de\/shop"},{"@type":"ListItem","position":2,"name":"Startseite","item":"https:\/\/www.venisecollection.com\/de\/shop"},{"@type":"ListItem","position":3,"name":"ROBERTO FESTA COMMY NAPPA GR\u00dcN"}]},{"@type":"WebSite","@id":"https:\/\/www.venisecollection.com\/de#website","url":"https:\/\/www.venisecollection.com\/de","name":"VENISE COLLECTION","description":"","publisher":{"@id":"https:\/\/www.venisecollection.com\/de#organization"},"potentialAction":[{"@type":"SearchAction","target":{"@type":"EntryPoint","urlTemplate":"https:\/\/www.venisecollection.com\/de?s={search_term_string}"},"query-input":{"@type":"PropertyValueSpecification","valueRequired":true,"valueName":"search_term_string"}}],"inLanguage":"de"},{"@type":"Organization","@id":"https:\/\/www.venisecollection.com\/de#organization","name":"VENISE COLLECTION","url":"https:\/\/www.venisecollection.com\/de","logo":{"@type":"ImageObject","inLanguage":"de","@id":"https:\/\/www.venisecollection.com\/de#\/schema\/logo\/image\/","url":"https:\/\/www.venisecollection.com\/cdn\/seo.png","contentUrl":"https:\/\/www.venisecollection.com\/cdn\/seo.png","width":1080,"height":1080,"caption":"VENISE COLLECTION"},"image":{"@id":"https:\/\/www.venisecollection.com\/de#\/schema\/logo\/image\/"},"sameAs":["https:\/\/www.instagram.com\/venisecollection\/","https:\/\/fr.pinterest.com\/venisecollection\/"]}]}},"_links":{"self":[{"href":"https:\/\/www.venisecollection.com\/de\/wp-json\/wp\/v2\/product\/5719","targetHints":{"allow":["GET"]}}],"collection":[{"href":"https:\/\/www.venisecollection.com\/de\/wp-json\/wp\/v2\/product"}],"about":[{"href":"https:\/\/www.venisecollection.com\/de\/wp-json\/wp\/v2\/types\/product"}],"wp:featuredmedia":[{"embeddable":true,"href":"https:\/\/www.venisecollection.com\/de\/wp-json\/wp\/v2\/media\/5723"}],"wp:attachment":[{"href":"https:\/\/www.venisecollection.com\/de\/wp-json\/wp\/v2\/media?parent=5719"}],"wp:term":[{"taxonomy":"product_brand","embeddable":true,"href":"https:\/\/www.venisecollection.com\/de\/wp-json\/wp\/v2\/product_brand?post=5719"},{"taxonomy":"product_cat","embeddable":true,"href":"https:\/\/www.venisecollection.com\/de\/wp-json\/wp\/v2\/product_cat?post=5719"},{"taxonomy":"product_tag","embeddable":true,"href":"https:\/\/www.venisecollection.com\/de\/wp-json\/wp\/v2\/product_tag?post=5719"}],"curies":[{"name":"wp","href":"https:\/\/api.w.org\/{rel}","templated":true}]}}