{"id":5721,"date":"2025-11-20T16:18:12","date_gmt":"2025-11-20T16:18:12","guid":{"rendered":"https:\/\/www.venisecollection.com\/shop\/women\/unkategorisiert\/roberto-festa-palima\/"},"modified":"2026-04-29T01:43:54","modified_gmt":"2026-04-29T01:43:54","slug":"roberto-festa-palima","status":"publish","type":"product","link":"https:\/\/www.venisecollection.com\/de\/shop\/women\/stiefel\/roberto-festa-palima","title":{"rendered":"ROBERTO FESTA PALIMA"},"content":{"rendered":"<p style=\"text-align: justify;\" data-start=\"1218\" data-end=\"1764\">Die ROBERTO FESTA PALIMA Stiefel verk\u00f6rpern italienische Handwerkskunst und zeitlosen Luxus. Sie sind aus hochwertigem Echtleder gefertigt und verf\u00fcgen \u00fcber einen weichen Pelzbesatz am oberen Schaft, der sowohl Textur als auch W\u00e4rme spendet und sie ideal f\u00fcr kalte Wintertage macht. <\/p>\n<p style=\"text-align: justify;\" data-start=\"1218\" data-end=\"1764\">Der Lederriemen mit einer raffinierten Schnalle unterstreicht die Eleganz des Designs, w\u00e4hrend die robuste Sohle Strapazierf\u00e4higkeit und Komfort f\u00fcr den t\u00e4glichen Gebrauch bietet. Eine perfekte Mischung aus Eleganz, Gem\u00fctlichkeit und urbanem Chic. <\/p>\n","protected":false},"excerpt":{"rendered":"<p>Die ROBERTO FESTA PALIMA Stiefel verk\u00f6rpern italienische Handwerkskunst und zeitlosen Luxus. Sie sind aus hochwertigem Echtleder gefertigt und verf\u00fcgen \u00fcber einen weichen Pelzbesatz am oberen Schaft, der sowohl Textur als auch W\u00e4rme spendet und sie ideal f\u00fcr kalte Wintertage macht. Der Lederriemen mit einer raffinierten Schnalle unterstreicht die Eleganz des Designs, w\u00e4hrend die robuste Sohle &hellip;<\/p>\n","protected":false},"featured_media":5736,"template":"","meta":[],"product_brand":[360],"product_cat":[115],"product_tag":[],"class_list":{"0":"post-5721","1":"product","2":"type-product","3":"status-publish","4":"has-post-thumbnail","6":"product_brand-roberto-festa","7":"product_cat-stiefel","9":"first","10":"instock","11":"shipping-taxable","12":"purchasable","13":"product-type-variable","14":"has-default-attributes"},"yoast_head":"<!-- This site is optimized with the Yoast SEO plugin v27.5 - https:\/\/yoast.com\/product\/yoast-seo-wordpress\/ -->\n<title>ROBERTO FESTA PALIMA - VENISE COLLECTION<\/title>\n<meta name=\"robots\" content=\"index, follow, max-snippet:-1, max-image-preview:large, max-video-preview:-1\" \/>\n<link rel=\"canonical\" href=\"https:\/\/www.venisecollection.com\/de\/shop\/women\/stiefel\/roberto-festa-palima\" \/>\n<meta property=\"og:locale\" content=\"de_DE\" \/>\n<meta property=\"og:type\" content=\"article\" \/>\n<meta property=\"og:title\" content=\"ROBERTO FESTA PALIMA - VENISE COLLECTION\" \/>\n<meta property=\"og:description\" content=\"Die ROBERTO FESTA PALIMA Stiefel verk\u00f6rpern italienische Handwerkskunst und zeitlosen Luxus. Sie sind aus hochwertigem Echtleder gefertigt und verf\u00fcgen \u00fcber einen weichen Pelzbesatz am oberen Schaft, der sowohl Textur als auch W\u00e4rme spendet und sie ideal f\u00fcr kalte Wintertage macht. Der Lederriemen mit einer raffinierten Schnalle unterstreicht die Eleganz des Designs, w\u00e4hrend die robuste Sohle &hellip;\" \/>\n<meta property=\"og:url\" content=\"https:\/\/www.venisecollection.com\/de\/shop\/women\/stiefel\/roberto-festa-palima\" \/>\n<meta property=\"og:site_name\" content=\"VENISE COLLECTION\" \/>\n<meta property=\"article:modified_time\" content=\"2026-04-29T01:43:54+00:00\" \/>\n<meta property=\"og:image\" content=\"https:\/\/www.venisecollection.com\/cdn\/image-136.webp\" \/>\n\t<meta property=\"og:image:width\" content=\"1280\" \/>\n\t<meta property=\"og:image:height\" content=\"1588\" \/>\n\t<meta property=\"og:image:type\" content=\"image\/webp\" \/>\n<meta name=\"twitter:card\" content=\"summary_large_image\" \/>\n<script type=\"application\/ld+json\" class=\"yoast-schema-graph\">{\"@context\":\"https:\\\/\\\/schema.org\",\"@graph\":[{\"@type\":\"WebPage\",\"@id\":\"https:\\\/\\\/www.venisecollection.com\\\/de\\\/shop\\\/women\\\/stiefel\\\/roberto-festa-palima\",\"url\":\"https:\\\/\\\/www.venisecollection.com\\\/de\\\/shop\\\/women\\\/stiefel\\\/roberto-festa-palima\",\"name\":\"ROBERTO FESTA PALIMA - VENISE COLLECTION\",\"isPartOf\":{\"@id\":\"https:\\\/\\\/www.venisecollection.com\\\/de#website\"},\"primaryImageOfPage\":{\"@id\":\"https:\\\/\\\/www.venisecollection.com\\\/de\\\/shop\\\/women\\\/stiefel\\\/roberto-festa-palima#primaryimage\"},\"image\":{\"@id\":\"https:\\\/\\\/www.venisecollection.com\\\/de\\\/shop\\\/women\\\/stiefel\\\/roberto-festa-palima#primaryimage\"},\"thumbnailUrl\":\"https:\\\/\\\/www.venisecollection.com\\\/cdn\\\/image-136.webp\",\"datePublished\":\"2025-11-20T16:18:12+00:00\",\"dateModified\":\"2026-04-29T01:43:54+00:00\",\"breadcrumb\":{\"@id\":\"https:\\\/\\\/www.venisecollection.com\\\/de\\\/shop\\\/women\\\/stiefel\\\/roberto-festa-palima#breadcrumb\"},\"inLanguage\":\"de\",\"potentialAction\":[{\"@type\":\"ReadAction\",\"target\":[\"https:\\\/\\\/www.venisecollection.com\\\/de\\\/shop\\\/women\\\/stiefel\\\/roberto-festa-palima\"]}]},{\"@type\":\"ImageObject\",\"inLanguage\":\"de\",\"@id\":\"https:\\\/\\\/www.venisecollection.com\\\/de\\\/shop\\\/women\\\/stiefel\\\/roberto-festa-palima#primaryimage\",\"url\":\"https:\\\/\\\/www.venisecollection.com\\\/cdn\\\/image-136.webp\",\"contentUrl\":\"https:\\\/\\\/www.venisecollection.com\\\/cdn\\\/image-136.webp\",\"width\":1280,\"height\":1588},{\"@type\":\"BreadcrumbList\",\"@id\":\"https:\\\/\\\/www.venisecollection.com\\\/de\\\/shop\\\/women\\\/stiefel\\\/roberto-festa-palima#breadcrumb\",\"itemListElement\":[{\"@type\":\"ListItem\",\"position\":1,\"name\":\"Home\",\"item\":\"https:\\\/\\\/www.venisecollection.com\\\/de\\\/shop\"},{\"@type\":\"ListItem\",\"position\":2,\"name\":\"Startseite\",\"item\":\"https:\\\/\\\/www.venisecollection.com\\\/de\\\/shop\"},{\"@type\":\"ListItem\",\"position\":3,\"name\":\"ROBERTO FESTA PALIMA\"}]},{\"@type\":\"WebSite\",\"@id\":\"https:\\\/\\\/www.venisecollection.com\\\/de#website\",\"url\":\"https:\\\/\\\/www.venisecollection.com\\\/de\",\"name\":\"VENISE COLLECTION\",\"description\":\"\",\"publisher\":{\"@id\":\"https:\\\/\\\/www.venisecollection.com\\\/de#organization\"},\"potentialAction\":[{\"@type\":\"SearchAction\",\"target\":{\"@type\":\"EntryPoint\",\"urlTemplate\":\"https:\\\/\\\/www.venisecollection.com\\\/de?s={search_term_string}\"},\"query-input\":{\"@type\":\"PropertyValueSpecification\",\"valueRequired\":true,\"valueName\":\"search_term_string\"}}],\"inLanguage\":\"de\"},{\"@type\":\"Organization\",\"@id\":\"https:\\\/\\\/www.venisecollection.com\\\/de#organization\",\"name\":\"VENISE COLLECTION\",\"url\":\"https:\\\/\\\/www.venisecollection.com\\\/de\",\"logo\":{\"@type\":\"ImageObject\",\"inLanguage\":\"de\",\"@id\":\"https:\\\/\\\/www.venisecollection.com\\\/de#\\\/schema\\\/logo\\\/image\\\/\",\"url\":\"https:\\\/\\\/www.venisecollection.com\\\/cdn\\\/seo.png\",\"contentUrl\":\"https:\\\/\\\/www.venisecollection.com\\\/cdn\\\/seo.png\",\"width\":1080,\"height\":1080,\"caption\":\"VENISE COLLECTION\"},\"image\":{\"@id\":\"https:\\\/\\\/www.venisecollection.com\\\/de#\\\/schema\\\/logo\\\/image\\\/\"},\"sameAs\":[\"https:\\\/\\\/www.instagram.com\\\/venisecollection\\\/\",\"https:\\\/\\\/fr.pinterest.com\\\/venisecollection\\\/\"]}]}<\/script>\n<!-- \/ Yoast SEO plugin. -->","yoast_head_json":{"title":"ROBERTO FESTA PALIMA - VENISE COLLECTION","robots":{"index":"index","follow":"follow","max-snippet":"max-snippet:-1","max-image-preview":"max-image-preview:large","max-video-preview":"max-video-preview:-1"},"canonical":"https:\/\/www.venisecollection.com\/de\/shop\/women\/stiefel\/roberto-festa-palima","og_locale":"de_DE","og_type":"article","og_title":"ROBERTO FESTA PALIMA - VENISE COLLECTION","og_description":"Die ROBERTO FESTA PALIMA Stiefel verk\u00f6rpern italienische Handwerkskunst und zeitlosen Luxus. Sie sind aus hochwertigem Echtleder gefertigt und verf\u00fcgen \u00fcber einen weichen Pelzbesatz am oberen Schaft, der sowohl Textur als auch W\u00e4rme spendet und sie ideal f\u00fcr kalte Wintertage macht. Der Lederriemen mit einer raffinierten Schnalle unterstreicht die Eleganz des Designs, w\u00e4hrend die robuste Sohle &hellip;","og_url":"https:\/\/www.venisecollection.com\/de\/shop\/women\/stiefel\/roberto-festa-palima","og_site_name":"VENISE COLLECTION","article_modified_time":"2026-04-29T01:43:54+00:00","og_image":[{"width":1280,"height":1588,"url":"https:\/\/www.venisecollection.com\/cdn\/image-136.webp","type":"image\/webp"}],"twitter_card":"summary_large_image","schema":{"@context":"https:\/\/schema.org","@graph":[{"@type":"WebPage","@id":"https:\/\/www.venisecollection.com\/de\/shop\/women\/stiefel\/roberto-festa-palima","url":"https:\/\/www.venisecollection.com\/de\/shop\/women\/stiefel\/roberto-festa-palima","name":"ROBERTO FESTA PALIMA - VENISE COLLECTION","isPartOf":{"@id":"https:\/\/www.venisecollection.com\/de#website"},"primaryImageOfPage":{"@id":"https:\/\/www.venisecollection.com\/de\/shop\/women\/stiefel\/roberto-festa-palima#primaryimage"},"image":{"@id":"https:\/\/www.venisecollection.com\/de\/shop\/women\/stiefel\/roberto-festa-palima#primaryimage"},"thumbnailUrl":"https:\/\/www.venisecollection.com\/cdn\/image-136.webp","datePublished":"2025-11-20T16:18:12+00:00","dateModified":"2026-04-29T01:43:54+00:00","breadcrumb":{"@id":"https:\/\/www.venisecollection.com\/de\/shop\/women\/stiefel\/roberto-festa-palima#breadcrumb"},"inLanguage":"de","potentialAction":[{"@type":"ReadAction","target":["https:\/\/www.venisecollection.com\/de\/shop\/women\/stiefel\/roberto-festa-palima"]}]},{"@type":"ImageObject","inLanguage":"de","@id":"https:\/\/www.venisecollection.com\/de\/shop\/women\/stiefel\/roberto-festa-palima#primaryimage","url":"https:\/\/www.venisecollection.com\/cdn\/image-136.webp","contentUrl":"https:\/\/www.venisecollection.com\/cdn\/image-136.webp","width":1280,"height":1588},{"@type":"BreadcrumbList","@id":"https:\/\/www.venisecollection.com\/de\/shop\/women\/stiefel\/roberto-festa-palima#breadcrumb","itemListElement":[{"@type":"ListItem","position":1,"name":"Home","item":"https:\/\/www.venisecollection.com\/de\/shop"},{"@type":"ListItem","position":2,"name":"Startseite","item":"https:\/\/www.venisecollection.com\/de\/shop"},{"@type":"ListItem","position":3,"name":"ROBERTO FESTA PALIMA"}]},{"@type":"WebSite","@id":"https:\/\/www.venisecollection.com\/de#website","url":"https:\/\/www.venisecollection.com\/de","name":"VENISE COLLECTION","description":"","publisher":{"@id":"https:\/\/www.venisecollection.com\/de#organization"},"potentialAction":[{"@type":"SearchAction","target":{"@type":"EntryPoint","urlTemplate":"https:\/\/www.venisecollection.com\/de?s={search_term_string}"},"query-input":{"@type":"PropertyValueSpecification","valueRequired":true,"valueName":"search_term_string"}}],"inLanguage":"de"},{"@type":"Organization","@id":"https:\/\/www.venisecollection.com\/de#organization","name":"VENISE COLLECTION","url":"https:\/\/www.venisecollection.com\/de","logo":{"@type":"ImageObject","inLanguage":"de","@id":"https:\/\/www.venisecollection.com\/de#\/schema\/logo\/image\/","url":"https:\/\/www.venisecollection.com\/cdn\/seo.png","contentUrl":"https:\/\/www.venisecollection.com\/cdn\/seo.png","width":1080,"height":1080,"caption":"VENISE COLLECTION"},"image":{"@id":"https:\/\/www.venisecollection.com\/de#\/schema\/logo\/image\/"},"sameAs":["https:\/\/www.instagram.com\/venisecollection\/","https:\/\/fr.pinterest.com\/venisecollection\/"]}]}},"_links":{"self":[{"href":"https:\/\/www.venisecollection.com\/de\/wp-json\/wp\/v2\/product\/5721","targetHints":{"allow":["GET"]}}],"collection":[{"href":"https:\/\/www.venisecollection.com\/de\/wp-json\/wp\/v2\/product"}],"about":[{"href":"https:\/\/www.venisecollection.com\/de\/wp-json\/wp\/v2\/types\/product"}],"wp:featuredmedia":[{"embeddable":true,"href":"https:\/\/www.venisecollection.com\/de\/wp-json\/wp\/v2\/media\/5736"}],"wp:attachment":[{"href":"https:\/\/www.venisecollection.com\/de\/wp-json\/wp\/v2\/media?parent=5721"}],"wp:term":[{"taxonomy":"product_brand","embeddable":true,"href":"https:\/\/www.venisecollection.com\/de\/wp-json\/wp\/v2\/product_brand?post=5721"},{"taxonomy":"product_cat","embeddable":true,"href":"https:\/\/www.venisecollection.com\/de\/wp-json\/wp\/v2\/product_cat?post=5721"},{"taxonomy":"product_tag","embeddable":true,"href":"https:\/\/www.venisecollection.com\/de\/wp-json\/wp\/v2\/product_tag?post=5721"}],"curies":[{"name":"wp","href":"https:\/\/api.w.org\/{rel}","templated":true}]}}