{"id":5762,"date":"2025-12-23T16:19:32","date_gmt":"2025-12-23T16:19:32","guid":{"rendered":"https:\/\/www.venisecollection.com\/shop\/women\/unkategorisiert\/biker-boot-schwarz\/"},"modified":"2025-12-26T15:10:14","modified_gmt":"2025-12-26T15:10:14","slug":"biker-boot-schwarz","status":"publish","type":"product","link":"https:\/\/www.venisecollection.com\/de\/shop\/women\/stiefel\/biker-boot-schwarz","title":{"rendered":"BIKER BOOT SCHWARZ"},"content":{"rendered":"<p style=\"text-align: justify;\" data-start=\"5981\" data-end=\"6200\">Der BIKER BOOT SCHWARZ von VENISE COLLECTION definiert zeitlose Eleganz neu. Gefertigt aus hochwertigem Naturveloursleder, ist dieser schwarze Stiefel vielseitig, strapazierf\u00e4hig und m\u00fchelos stilvoll \u2013 ein echtes Must-have f\u00fcr jede Garderobe. <\/p>\n<p style=\"text-align: justify;\" data-start=\"6202\" data-end=\"6374\">Mit seiner klobigen Sohle und dem Schn\u00fcrverschluss bietet er eine perfekte Mischung aus Komfort und modernem urbanen Charakter. Entwickelt f\u00fcr selbstbewusste Frauen, die St\u00e4rke und Eleganz sch\u00e4tzen. <\/p>\n","protected":false},"excerpt":{"rendered":"<p>Der BIKER BOOT SCHWARZ von VENISE COLLECTION definiert zeitlose Eleganz neu. Gefertigt aus hochwertigem Naturveloursleder, ist dieser schwarze Stiefel vielseitig, strapazierf\u00e4hig und m\u00fchelos stilvoll \u2013 ein echtes Must-have f\u00fcr jede Garderobe. Mit seiner klobigen Sohle und dem Schn\u00fcrverschluss bietet er eine perfekte Mischung aus Komfort und modernem urbanen Charakter. Entwickelt f\u00fcr selbstbewusste Frauen, die St\u00e4rke &hellip;<\/p>\n","protected":false},"featured_media":5764,"template":"","meta":[],"product_brand":[357],"product_cat":[115],"product_tag":[],"class_list":{"0":"post-5762","1":"product","2":"type-product","3":"status-publish","4":"has-post-thumbnail","6":"product_brand-venise-collection","7":"product_cat-stiefel","9":"first","10":"instock","11":"sale","12":"shipping-taxable","13":"purchasable","14":"product-type-variable","15":"has-default-attributes"},"yoast_head":"<!-- This site is optimized with the Yoast SEO plugin v27.4 - https:\/\/yoast.com\/product\/yoast-seo-wordpress\/ -->\n<title>BIKER BOOT SCHWARZ - VENISE COLLECTION<\/title>\n<meta name=\"robots\" content=\"index, follow, max-snippet:-1, max-image-preview:large, max-video-preview:-1\" \/>\n<link rel=\"canonical\" href=\"https:\/\/www.venisecollection.com\/de\/shop\/women\/stiefel\/biker-boot-schwarz\" \/>\n<meta property=\"og:locale\" content=\"de_DE\" \/>\n<meta property=\"og:type\" content=\"article\" \/>\n<meta property=\"og:title\" content=\"BIKER BOOT SCHWARZ - VENISE COLLECTION\" \/>\n<meta property=\"og:description\" content=\"Der BIKER BOOT SCHWARZ von VENISE COLLECTION definiert zeitlose Eleganz neu. Gefertigt aus hochwertigem Naturveloursleder, ist dieser schwarze Stiefel vielseitig, strapazierf\u00e4hig und m\u00fchelos stilvoll \u2013 ein echtes Must-have f\u00fcr jede Garderobe. Mit seiner klobigen Sohle und dem Schn\u00fcrverschluss bietet er eine perfekte Mischung aus Komfort und modernem urbanen Charakter. Entwickelt f\u00fcr selbstbewusste Frauen, die St\u00e4rke &hellip;\" \/>\n<meta property=\"og:url\" content=\"https:\/\/www.venisecollection.com\/de\/shop\/women\/stiefel\/biker-boot-schwarz\" \/>\n<meta property=\"og:site_name\" content=\"VENISE COLLECTION\" \/>\n<meta property=\"article:modified_time\" content=\"2025-12-26T15:10:14+00:00\" \/>\n<meta property=\"og:image\" content=\"https:\/\/www.venisecollection.com\/cdn\/image-152.webp\" \/>\n\t<meta property=\"og:image:width\" content=\"1280\" \/>\n\t<meta property=\"og:image:height\" content=\"1588\" \/>\n\t<meta property=\"og:image:type\" content=\"image\/webp\" \/>\n<meta name=\"twitter:card\" content=\"summary_large_image\" \/>\n<script type=\"application\/ld+json\" class=\"yoast-schema-graph\">{\"@context\":\"https:\\\/\\\/schema.org\",\"@graph\":[{\"@type\":\"WebPage\",\"@id\":\"https:\\\/\\\/www.venisecollection.com\\\/de\\\/shop\\\/women\\\/stiefel\\\/biker-boot-schwarz\",\"url\":\"https:\\\/\\\/www.venisecollection.com\\\/de\\\/shop\\\/women\\\/stiefel\\\/biker-boot-schwarz\",\"name\":\"BIKER BOOT SCHWARZ - VENISE COLLECTION\",\"isPartOf\":{\"@id\":\"https:\\\/\\\/www.venisecollection.com\\\/de#website\"},\"primaryImageOfPage\":{\"@id\":\"https:\\\/\\\/www.venisecollection.com\\\/de\\\/shop\\\/women\\\/stiefel\\\/biker-boot-schwarz#primaryimage\"},\"image\":{\"@id\":\"https:\\\/\\\/www.venisecollection.com\\\/de\\\/shop\\\/women\\\/stiefel\\\/biker-boot-schwarz#primaryimage\"},\"thumbnailUrl\":\"https:\\\/\\\/www.venisecollection.com\\\/cdn\\\/image-152.webp\",\"datePublished\":\"2025-12-23T16:19:32+00:00\",\"dateModified\":\"2025-12-26T15:10:14+00:00\",\"breadcrumb\":{\"@id\":\"https:\\\/\\\/www.venisecollection.com\\\/de\\\/shop\\\/women\\\/stiefel\\\/biker-boot-schwarz#breadcrumb\"},\"inLanguage\":\"de\",\"potentialAction\":[{\"@type\":\"ReadAction\",\"target\":[\"https:\\\/\\\/www.venisecollection.com\\\/de\\\/shop\\\/women\\\/stiefel\\\/biker-boot-schwarz\"]}]},{\"@type\":\"ImageObject\",\"inLanguage\":\"de\",\"@id\":\"https:\\\/\\\/www.venisecollection.com\\\/de\\\/shop\\\/women\\\/stiefel\\\/biker-boot-schwarz#primaryimage\",\"url\":\"https:\\\/\\\/www.venisecollection.com\\\/cdn\\\/image-152.webp\",\"contentUrl\":\"https:\\\/\\\/www.venisecollection.com\\\/cdn\\\/image-152.webp\",\"width\":1280,\"height\":1588},{\"@type\":\"BreadcrumbList\",\"@id\":\"https:\\\/\\\/www.venisecollection.com\\\/de\\\/shop\\\/women\\\/stiefel\\\/biker-boot-schwarz#breadcrumb\",\"itemListElement\":[{\"@type\":\"ListItem\",\"position\":1,\"name\":\"Home\",\"item\":\"https:\\\/\\\/www.venisecollection.com\\\/de\\\/shop\"},{\"@type\":\"ListItem\",\"position\":2,\"name\":\"Startseite\",\"item\":\"https:\\\/\\\/www.venisecollection.com\\\/de\\\/shop\"},{\"@type\":\"ListItem\",\"position\":3,\"name\":\"BIKER BOOT SCHWARZ\"}]},{\"@type\":\"WebSite\",\"@id\":\"https:\\\/\\\/www.venisecollection.com\\\/de#website\",\"url\":\"https:\\\/\\\/www.venisecollection.com\\\/de\",\"name\":\"VENISE COLLECTION\",\"description\":\"\",\"publisher\":{\"@id\":\"https:\\\/\\\/www.venisecollection.com\\\/de#organization\"},\"potentialAction\":[{\"@type\":\"SearchAction\",\"target\":{\"@type\":\"EntryPoint\",\"urlTemplate\":\"https:\\\/\\\/www.venisecollection.com\\\/de?s={search_term_string}\"},\"query-input\":{\"@type\":\"PropertyValueSpecification\",\"valueRequired\":true,\"valueName\":\"search_term_string\"}}],\"inLanguage\":\"de\"},{\"@type\":\"Organization\",\"@id\":\"https:\\\/\\\/www.venisecollection.com\\\/de#organization\",\"name\":\"VENISE COLLECTION\",\"url\":\"https:\\\/\\\/www.venisecollection.com\\\/de\",\"logo\":{\"@type\":\"ImageObject\",\"inLanguage\":\"de\",\"@id\":\"https:\\\/\\\/www.venisecollection.com\\\/de#\\\/schema\\\/logo\\\/image\\\/\",\"url\":\"https:\\\/\\\/www.venisecollection.com\\\/cdn\\\/seo.png\",\"contentUrl\":\"https:\\\/\\\/www.venisecollection.com\\\/cdn\\\/seo.png\",\"width\":1080,\"height\":1080,\"caption\":\"VENISE COLLECTION\"},\"image\":{\"@id\":\"https:\\\/\\\/www.venisecollection.com\\\/de#\\\/schema\\\/logo\\\/image\\\/\"},\"sameAs\":[\"https:\\\/\\\/www.instagram.com\\\/venisecollection\\\/\",\"https:\\\/\\\/fr.pinterest.com\\\/venisecollection\\\/\"]}]}<\/script>\n<!-- \/ Yoast SEO plugin. -->","yoast_head_json":{"title":"BIKER BOOT SCHWARZ - VENISE COLLECTION","robots":{"index":"index","follow":"follow","max-snippet":"max-snippet:-1","max-image-preview":"max-image-preview:large","max-video-preview":"max-video-preview:-1"},"canonical":"https:\/\/www.venisecollection.com\/de\/shop\/women\/stiefel\/biker-boot-schwarz","og_locale":"de_DE","og_type":"article","og_title":"BIKER BOOT SCHWARZ - VENISE COLLECTION","og_description":"Der BIKER BOOT SCHWARZ von VENISE COLLECTION definiert zeitlose Eleganz neu. Gefertigt aus hochwertigem Naturveloursleder, ist dieser schwarze Stiefel vielseitig, strapazierf\u00e4hig und m\u00fchelos stilvoll \u2013 ein echtes Must-have f\u00fcr jede Garderobe. Mit seiner klobigen Sohle und dem Schn\u00fcrverschluss bietet er eine perfekte Mischung aus Komfort und modernem urbanen Charakter. Entwickelt f\u00fcr selbstbewusste Frauen, die St\u00e4rke &hellip;","og_url":"https:\/\/www.venisecollection.com\/de\/shop\/women\/stiefel\/biker-boot-schwarz","og_site_name":"VENISE COLLECTION","article_modified_time":"2025-12-26T15:10:14+00:00","og_image":[{"width":1280,"height":1588,"url":"https:\/\/www.venisecollection.com\/cdn\/image-152.webp","type":"image\/webp"}],"twitter_card":"summary_large_image","schema":{"@context":"https:\/\/schema.org","@graph":[{"@type":"WebPage","@id":"https:\/\/www.venisecollection.com\/de\/shop\/women\/stiefel\/biker-boot-schwarz","url":"https:\/\/www.venisecollection.com\/de\/shop\/women\/stiefel\/biker-boot-schwarz","name":"BIKER BOOT SCHWARZ - VENISE COLLECTION","isPartOf":{"@id":"https:\/\/www.venisecollection.com\/de#website"},"primaryImageOfPage":{"@id":"https:\/\/www.venisecollection.com\/de\/shop\/women\/stiefel\/biker-boot-schwarz#primaryimage"},"image":{"@id":"https:\/\/www.venisecollection.com\/de\/shop\/women\/stiefel\/biker-boot-schwarz#primaryimage"},"thumbnailUrl":"https:\/\/www.venisecollection.com\/cdn\/image-152.webp","datePublished":"2025-12-23T16:19:32+00:00","dateModified":"2025-12-26T15:10:14+00:00","breadcrumb":{"@id":"https:\/\/www.venisecollection.com\/de\/shop\/women\/stiefel\/biker-boot-schwarz#breadcrumb"},"inLanguage":"de","potentialAction":[{"@type":"ReadAction","target":["https:\/\/www.venisecollection.com\/de\/shop\/women\/stiefel\/biker-boot-schwarz"]}]},{"@type":"ImageObject","inLanguage":"de","@id":"https:\/\/www.venisecollection.com\/de\/shop\/women\/stiefel\/biker-boot-schwarz#primaryimage","url":"https:\/\/www.venisecollection.com\/cdn\/image-152.webp","contentUrl":"https:\/\/www.venisecollection.com\/cdn\/image-152.webp","width":1280,"height":1588},{"@type":"BreadcrumbList","@id":"https:\/\/www.venisecollection.com\/de\/shop\/women\/stiefel\/biker-boot-schwarz#breadcrumb","itemListElement":[{"@type":"ListItem","position":1,"name":"Home","item":"https:\/\/www.venisecollection.com\/de\/shop"},{"@type":"ListItem","position":2,"name":"Startseite","item":"https:\/\/www.venisecollection.com\/de\/shop"},{"@type":"ListItem","position":3,"name":"BIKER BOOT SCHWARZ"}]},{"@type":"WebSite","@id":"https:\/\/www.venisecollection.com\/de#website","url":"https:\/\/www.venisecollection.com\/de","name":"VENISE COLLECTION","description":"","publisher":{"@id":"https:\/\/www.venisecollection.com\/de#organization"},"potentialAction":[{"@type":"SearchAction","target":{"@type":"EntryPoint","urlTemplate":"https:\/\/www.venisecollection.com\/de?s={search_term_string}"},"query-input":{"@type":"PropertyValueSpecification","valueRequired":true,"valueName":"search_term_string"}}],"inLanguage":"de"},{"@type":"Organization","@id":"https:\/\/www.venisecollection.com\/de#organization","name":"VENISE COLLECTION","url":"https:\/\/www.venisecollection.com\/de","logo":{"@type":"ImageObject","inLanguage":"de","@id":"https:\/\/www.venisecollection.com\/de#\/schema\/logo\/image\/","url":"https:\/\/www.venisecollection.com\/cdn\/seo.png","contentUrl":"https:\/\/www.venisecollection.com\/cdn\/seo.png","width":1080,"height":1080,"caption":"VENISE COLLECTION"},"image":{"@id":"https:\/\/www.venisecollection.com\/de#\/schema\/logo\/image\/"},"sameAs":["https:\/\/www.instagram.com\/venisecollection\/","https:\/\/fr.pinterest.com\/venisecollection\/"]}]}},"_links":{"self":[{"href":"https:\/\/www.venisecollection.com\/de\/wp-json\/wp\/v2\/product\/5762","targetHints":{"allow":["GET"]}}],"collection":[{"href":"https:\/\/www.venisecollection.com\/de\/wp-json\/wp\/v2\/product"}],"about":[{"href":"https:\/\/www.venisecollection.com\/de\/wp-json\/wp\/v2\/types\/product"}],"wp:featuredmedia":[{"embeddable":true,"href":"https:\/\/www.venisecollection.com\/de\/wp-json\/wp\/v2\/media\/5764"}],"wp:attachment":[{"href":"https:\/\/www.venisecollection.com\/de\/wp-json\/wp\/v2\/media?parent=5762"}],"wp:term":[{"taxonomy":"product_brand","embeddable":true,"href":"https:\/\/www.venisecollection.com\/de\/wp-json\/wp\/v2\/product_brand?post=5762"},{"taxonomy":"product_cat","embeddable":true,"href":"https:\/\/www.venisecollection.com\/de\/wp-json\/wp\/v2\/product_cat?post=5762"},{"taxonomy":"product_tag","embeddable":true,"href":"https:\/\/www.venisecollection.com\/de\/wp-json\/wp\/v2\/product_tag?post=5762"}],"curies":[{"name":"wp","href":"https:\/\/api.w.org\/{rel}","templated":true}]}}