{"id":5775,"date":"2025-12-23T16:18:09","date_gmt":"2025-12-23T16:18:09","guid":{"rendered":"https:\/\/www.venisecollection.com\/shop\/women\/unkategorisiert\/toral-luciana-serraje-anteado\/"},"modified":"2026-04-30T00:30:18","modified_gmt":"2026-04-30T00:30:18","slug":"toral-luciana-serraje-anteado","status":"publish","type":"product","link":"https:\/\/www.venisecollection.com\/de\/shop\/women\/boots\/toral-luciana-serraje-anteado","title":{"rendered":"TORAL LUCIANA Serraje Anteado"},"content":{"rendered":"<p style=\"text-align: justify;\" data-start=\"1226\" data-end=\"1743\">Die TORAL LUCIANA Serraje Anteado Stiefeletten in einem eleganten, dunklen Burgunder-Farbton verbinden zeitgem\u00e4\u00dfes Design mit zeitloser Eleganz. Sie sind fachm\u00e4nnisch aus echtem Wildleder gefertigt und zeichnen sich durch eine schlanke, figurbetonte Silhouette mit einem mittelhohen Blockabsatz aus, der sowohl Komfort als auch Stil bietet. <\/p>\n<p style=\"text-align: justify;\" data-start=\"1226\" data-end=\"1743\">Die spitze Zehenpartie verl\u00e4ngert das Bein und macht sie zu einer perfekten Wahl f\u00fcr elegante Winterlooks, Abendoutfits oder raffinierte Alltagskleidung.<\/p>\n","protected":false},"excerpt":{"rendered":"<p>Die TORAL LUCIANA Serraje Anteado Stiefeletten in einem eleganten, dunklen Burgunder-Farbton verbinden zeitgem\u00e4\u00dfes Design mit zeitloser Eleganz. Sie sind fachm\u00e4nnisch aus echtem Wildleder gefertigt und zeichnen sich durch eine schlanke, figurbetonte Silhouette mit einem mittelhohen Blockabsatz aus, der sowohl Komfort als auch Stil bietet. Die spitze Zehenpartie verl\u00e4ngert das Bein und macht sie zu einer &hellip;<\/p>\n","protected":false},"featured_media":5787,"template":"","meta":[],"product_brand":[323,69],"product_cat":[63],"product_tag":[],"class_list":{"0":"post-5775","1":"product","2":"type-product","3":"status-publish","4":"has-post-thumbnail","6":"product_brand-toral","7":"product_brand-venise-collection","8":"product_cat-boots","10":"first","11":"instock","12":"shipping-taxable","13":"purchasable","14":"product-type-variable","15":"has-default-attributes"},"yoast_head":"<!-- This site is optimized with the Yoast SEO plugin v27.5 - https:\/\/yoast.com\/product\/yoast-seo-wordpress\/ -->\n<title>TORAL LUCIANA Serraje Anteado - VENISE COLLECTION<\/title>\n<meta name=\"robots\" content=\"index, follow, max-snippet:-1, max-image-preview:large, max-video-preview:-1\" \/>\n<link rel=\"canonical\" href=\"https:\/\/www.venisecollection.com\/de\/shop\/women\/boots\/toral-luciana-serraje-anteado\" \/>\n<meta property=\"og:locale\" content=\"de_DE\" \/>\n<meta property=\"og:type\" content=\"article\" \/>\n<meta property=\"og:title\" content=\"TORAL LUCIANA Serraje Anteado - VENISE COLLECTION\" \/>\n<meta property=\"og:description\" content=\"Die TORAL LUCIANA Serraje Anteado Stiefeletten in einem eleganten, dunklen Burgunder-Farbton verbinden zeitgem\u00e4\u00dfes Design mit zeitloser Eleganz. Sie sind fachm\u00e4nnisch aus echtem Wildleder gefertigt und zeichnen sich durch eine schlanke, figurbetonte Silhouette mit einem mittelhohen Blockabsatz aus, der sowohl Komfort als auch Stil bietet. Die spitze Zehenpartie verl\u00e4ngert das Bein und macht sie zu einer &hellip;\" \/>\n<meta property=\"og:url\" content=\"https:\/\/www.venisecollection.com\/de\/shop\/women\/boots\/toral-luciana-serraje-anteado\" \/>\n<meta property=\"og:site_name\" content=\"VENISE COLLECTION\" \/>\n<meta property=\"article:modified_time\" content=\"2026-04-30T00:30:18+00:00\" \/>\n<meta property=\"og:image\" content=\"https:\/\/www.venisecollection.com\/cdn\/image-132.webp\" \/>\n\t<meta property=\"og:image:width\" content=\"1280\" \/>\n\t<meta property=\"og:image:height\" content=\"1588\" \/>\n\t<meta property=\"og:image:type\" content=\"image\/webp\" \/>\n<meta name=\"twitter:card\" content=\"summary_large_image\" \/>\n<script type=\"application\/ld+json\" class=\"yoast-schema-graph\">{\"@context\":\"https:\\\/\\\/schema.org\",\"@graph\":[{\"@type\":\"WebPage\",\"@id\":\"https:\\\/\\\/www.venisecollection.com\\\/de\\\/shop\\\/women\\\/boots\\\/toral-luciana-serraje-anteado\",\"url\":\"https:\\\/\\\/www.venisecollection.com\\\/de\\\/shop\\\/women\\\/boots\\\/toral-luciana-serraje-anteado\",\"name\":\"TORAL LUCIANA Serraje Anteado - VENISE COLLECTION\",\"isPartOf\":{\"@id\":\"https:\\\/\\\/www.venisecollection.com\\\/de#website\"},\"primaryImageOfPage\":{\"@id\":\"https:\\\/\\\/www.venisecollection.com\\\/de\\\/shop\\\/women\\\/boots\\\/toral-luciana-serraje-anteado#primaryimage\"},\"image\":{\"@id\":\"https:\\\/\\\/www.venisecollection.com\\\/de\\\/shop\\\/women\\\/boots\\\/toral-luciana-serraje-anteado#primaryimage\"},\"thumbnailUrl\":\"https:\\\/\\\/www.venisecollection.com\\\/cdn\\\/image-132.webp\",\"datePublished\":\"2025-12-23T16:18:09+00:00\",\"dateModified\":\"2026-04-30T00:30:18+00:00\",\"breadcrumb\":{\"@id\":\"https:\\\/\\\/www.venisecollection.com\\\/de\\\/shop\\\/women\\\/boots\\\/toral-luciana-serraje-anteado#breadcrumb\"},\"inLanguage\":\"de\",\"potentialAction\":[{\"@type\":\"ReadAction\",\"target\":[\"https:\\\/\\\/www.venisecollection.com\\\/de\\\/shop\\\/women\\\/boots\\\/toral-luciana-serraje-anteado\"]}]},{\"@type\":\"ImageObject\",\"inLanguage\":\"de\",\"@id\":\"https:\\\/\\\/www.venisecollection.com\\\/de\\\/shop\\\/women\\\/boots\\\/toral-luciana-serraje-anteado#primaryimage\",\"url\":\"https:\\\/\\\/www.venisecollection.com\\\/cdn\\\/image-132.webp\",\"contentUrl\":\"https:\\\/\\\/www.venisecollection.com\\\/cdn\\\/image-132.webp\",\"width\":1280,\"height\":1588},{\"@type\":\"BreadcrumbList\",\"@id\":\"https:\\\/\\\/www.venisecollection.com\\\/de\\\/shop\\\/women\\\/boots\\\/toral-luciana-serraje-anteado#breadcrumb\",\"itemListElement\":[{\"@type\":\"ListItem\",\"position\":1,\"name\":\"Home\",\"item\":\"https:\\\/\\\/www.venisecollection.com\\\/de\\\/shop\"},{\"@type\":\"ListItem\",\"position\":2,\"name\":\"Startseite\",\"item\":\"https:\\\/\\\/www.venisecollection.com\\\/de\\\/shop\"},{\"@type\":\"ListItem\",\"position\":3,\"name\":\"TORAL LUCIANA Serraje Anteado\"}]},{\"@type\":\"WebSite\",\"@id\":\"https:\\\/\\\/www.venisecollection.com\\\/de#website\",\"url\":\"https:\\\/\\\/www.venisecollection.com\\\/de\",\"name\":\"VENISE COLLECTION\",\"description\":\"\",\"publisher\":{\"@id\":\"https:\\\/\\\/www.venisecollection.com\\\/de#organization\"},\"potentialAction\":[{\"@type\":\"SearchAction\",\"target\":{\"@type\":\"EntryPoint\",\"urlTemplate\":\"https:\\\/\\\/www.venisecollection.com\\\/de?s={search_term_string}\"},\"query-input\":{\"@type\":\"PropertyValueSpecification\",\"valueRequired\":true,\"valueName\":\"search_term_string\"}}],\"inLanguage\":\"de\"},{\"@type\":\"Organization\",\"@id\":\"https:\\\/\\\/www.venisecollection.com\\\/de#organization\",\"name\":\"VENISE COLLECTION\",\"url\":\"https:\\\/\\\/www.venisecollection.com\\\/de\",\"logo\":{\"@type\":\"ImageObject\",\"inLanguage\":\"de\",\"@id\":\"https:\\\/\\\/www.venisecollection.com\\\/de#\\\/schema\\\/logo\\\/image\\\/\",\"url\":\"https:\\\/\\\/www.venisecollection.com\\\/cdn\\\/seo.png\",\"contentUrl\":\"https:\\\/\\\/www.venisecollection.com\\\/cdn\\\/seo.png\",\"width\":1080,\"height\":1080,\"caption\":\"VENISE COLLECTION\"},\"image\":{\"@id\":\"https:\\\/\\\/www.venisecollection.com\\\/de#\\\/schema\\\/logo\\\/image\\\/\"},\"sameAs\":[\"https:\\\/\\\/www.instagram.com\\\/venisecollection\\\/\",\"https:\\\/\\\/fr.pinterest.com\\\/venisecollection\\\/\"]}]}<\/script>\n<!-- \/ Yoast SEO plugin. -->","yoast_head_json":{"title":"TORAL LUCIANA Serraje Anteado - VENISE COLLECTION","robots":{"index":"index","follow":"follow","max-snippet":"max-snippet:-1","max-image-preview":"max-image-preview:large","max-video-preview":"max-video-preview:-1"},"canonical":"https:\/\/www.venisecollection.com\/de\/shop\/women\/boots\/toral-luciana-serraje-anteado","og_locale":"de_DE","og_type":"article","og_title":"TORAL LUCIANA Serraje Anteado - VENISE COLLECTION","og_description":"Die TORAL LUCIANA Serraje Anteado Stiefeletten in einem eleganten, dunklen Burgunder-Farbton verbinden zeitgem\u00e4\u00dfes Design mit zeitloser Eleganz. Sie sind fachm\u00e4nnisch aus echtem Wildleder gefertigt und zeichnen sich durch eine schlanke, figurbetonte Silhouette mit einem mittelhohen Blockabsatz aus, der sowohl Komfort als auch Stil bietet. Die spitze Zehenpartie verl\u00e4ngert das Bein und macht sie zu einer &hellip;","og_url":"https:\/\/www.venisecollection.com\/de\/shop\/women\/boots\/toral-luciana-serraje-anteado","og_site_name":"VENISE COLLECTION","article_modified_time":"2026-04-30T00:30:18+00:00","og_image":[{"width":1280,"height":1588,"url":"https:\/\/www.venisecollection.com\/cdn\/image-132.webp","type":"image\/webp"}],"twitter_card":"summary_large_image","schema":{"@context":"https:\/\/schema.org","@graph":[{"@type":"WebPage","@id":"https:\/\/www.venisecollection.com\/de\/shop\/women\/boots\/toral-luciana-serraje-anteado","url":"https:\/\/www.venisecollection.com\/de\/shop\/women\/boots\/toral-luciana-serraje-anteado","name":"TORAL LUCIANA Serraje Anteado - VENISE COLLECTION","isPartOf":{"@id":"https:\/\/www.venisecollection.com\/de#website"},"primaryImageOfPage":{"@id":"https:\/\/www.venisecollection.com\/de\/shop\/women\/boots\/toral-luciana-serraje-anteado#primaryimage"},"image":{"@id":"https:\/\/www.venisecollection.com\/de\/shop\/women\/boots\/toral-luciana-serraje-anteado#primaryimage"},"thumbnailUrl":"https:\/\/www.venisecollection.com\/cdn\/image-132.webp","datePublished":"2025-12-23T16:18:09+00:00","dateModified":"2026-04-30T00:30:18+00:00","breadcrumb":{"@id":"https:\/\/www.venisecollection.com\/de\/shop\/women\/boots\/toral-luciana-serraje-anteado#breadcrumb"},"inLanguage":"de","potentialAction":[{"@type":"ReadAction","target":["https:\/\/www.venisecollection.com\/de\/shop\/women\/boots\/toral-luciana-serraje-anteado"]}]},{"@type":"ImageObject","inLanguage":"de","@id":"https:\/\/www.venisecollection.com\/de\/shop\/women\/boots\/toral-luciana-serraje-anteado#primaryimage","url":"https:\/\/www.venisecollection.com\/cdn\/image-132.webp","contentUrl":"https:\/\/www.venisecollection.com\/cdn\/image-132.webp","width":1280,"height":1588},{"@type":"BreadcrumbList","@id":"https:\/\/www.venisecollection.com\/de\/shop\/women\/boots\/toral-luciana-serraje-anteado#breadcrumb","itemListElement":[{"@type":"ListItem","position":1,"name":"Home","item":"https:\/\/www.venisecollection.com\/de\/shop"},{"@type":"ListItem","position":2,"name":"Startseite","item":"https:\/\/www.venisecollection.com\/de\/shop"},{"@type":"ListItem","position":3,"name":"TORAL LUCIANA Serraje Anteado"}]},{"@type":"WebSite","@id":"https:\/\/www.venisecollection.com\/de#website","url":"https:\/\/www.venisecollection.com\/de","name":"VENISE COLLECTION","description":"","publisher":{"@id":"https:\/\/www.venisecollection.com\/de#organization"},"potentialAction":[{"@type":"SearchAction","target":{"@type":"EntryPoint","urlTemplate":"https:\/\/www.venisecollection.com\/de?s={search_term_string}"},"query-input":{"@type":"PropertyValueSpecification","valueRequired":true,"valueName":"search_term_string"}}],"inLanguage":"de"},{"@type":"Organization","@id":"https:\/\/www.venisecollection.com\/de#organization","name":"VENISE COLLECTION","url":"https:\/\/www.venisecollection.com\/de","logo":{"@type":"ImageObject","inLanguage":"de","@id":"https:\/\/www.venisecollection.com\/de#\/schema\/logo\/image\/","url":"https:\/\/www.venisecollection.com\/cdn\/seo.png","contentUrl":"https:\/\/www.venisecollection.com\/cdn\/seo.png","width":1080,"height":1080,"caption":"VENISE COLLECTION"},"image":{"@id":"https:\/\/www.venisecollection.com\/de#\/schema\/logo\/image\/"},"sameAs":["https:\/\/www.instagram.com\/venisecollection\/","https:\/\/fr.pinterest.com\/venisecollection\/"]}]}},"_links":{"self":[{"href":"https:\/\/www.venisecollection.com\/de\/wp-json\/wp\/v2\/product\/5775","targetHints":{"allow":["GET"]}}],"collection":[{"href":"https:\/\/www.venisecollection.com\/de\/wp-json\/wp\/v2\/product"}],"about":[{"href":"https:\/\/www.venisecollection.com\/de\/wp-json\/wp\/v2\/types\/product"}],"wp:featuredmedia":[{"embeddable":true,"href":"https:\/\/www.venisecollection.com\/de\/wp-json\/wp\/v2\/media\/5787"}],"wp:attachment":[{"href":"https:\/\/www.venisecollection.com\/de\/wp-json\/wp\/v2\/media?parent=5775"}],"wp:term":[{"taxonomy":"product_brand","embeddable":true,"href":"https:\/\/www.venisecollection.com\/de\/wp-json\/wp\/v2\/product_brand?post=5775"},{"taxonomy":"product_cat","embeddable":true,"href":"https:\/\/www.venisecollection.com\/de\/wp-json\/wp\/v2\/product_cat?post=5775"},{"taxonomy":"product_tag","embeddable":true,"href":"https:\/\/www.venisecollection.com\/de\/wp-json\/wp\/v2\/product_tag?post=5775"}],"curies":[{"name":"wp","href":"https:\/\/api.w.org\/{rel}","templated":true}]}}