{"id":5778,"date":"2025-12-23T16:17:33","date_gmt":"2025-12-23T16:17:33","guid":{"rendered":"https:\/\/www.venisecollection.com\/shop\/women\/unkategorisiert\/elena-iachi-nature-nero\/"},"modified":"2025-11-28T15:24:18","modified_gmt":"2025-11-28T15:24:18","slug":"elena-iachi-nature-nero","status":"publish","type":"product","link":"https:\/\/www.venisecollection.com\/de\/shop\/women\/santiags\/elena-iachi-nature-nero","title":{"rendered":"ELENA IACHI NATURE NERO"},"content":{"rendered":"<p style=\"text-align: justify;\" data-start=\"1186\" data-end=\"1947\">Der ELENA IACHI SANTIAGS NATURE Damenstiefel ist eine beeindruckende Verbindung von luxuri\u00f6ser Handwerkskunst und k\u00fchner Eleganz. Er wird in Italien aus hochwertigem schwarzem Leder gefertigt und verf\u00fcgt \u00fcber eine spektakul\u00e4re Ledergamasche, die mit Metallic-Nieten besetzt ist und sich bis zum Schaft erstreckt. <\/p>\n<p style=\"text-align: justify;\" data-start=\"1186\" data-end=\"1947\">Eine vertikale Nietenlinie auf der R\u00fcckseite sorgt f\u00fcr ein einzigartiges, auff\u00e4lliges Detail, das Aufmerksamkeit verdient. Der obere Verschluss ist aus dem gleichen feinen Leder gefertigt, was ein stimmiges Design gew\u00e4hrleistet. <\/p>\n<p style=\"text-align: justify;\" data-start=\"1186\" data-end=\"1947\">Mit einem 8 cm hohen Absatz und einer perfekt geformten Silhouette bietet dieser Stiefel sowohl Komfort als auch Eleganz. Entworfen f\u00fcr Frauen, die authentische italienische Qualit\u00e4t und furchtlosen Stil sch\u00e4tzen. Innen und au\u00dfen: 100 % Leder. Sohle: Leder. Schafth\u00f6he: ca. 30 cm. Hergestellt in Italien     <\/p>\n","protected":false},"excerpt":{"rendered":"<p>Der ELENA IACHI SANTIAGS NATURE Damenstiefel ist eine beeindruckende Verbindung von luxuri\u00f6ser Handwerkskunst und k\u00fchner Eleganz. Er wird in Italien aus hochwertigem schwarzem Leder gefertigt und verf\u00fcgt \u00fcber eine spektakul\u00e4re Ledergamasche, die mit Metallic-Nieten besetzt ist und sich bis zum Schaft erstreckt. Eine vertikale Nietenlinie auf der R\u00fcckseite sorgt f\u00fcr ein einzigartiges, auff\u00e4lliges Detail, das &hellip;<\/p>\n","protected":false},"featured_media":5790,"template":"","meta":[],"product_brand":[351],"product_cat":[116],"product_tag":[],"class_list":{"0":"post-5778","1":"product","2":"type-product","3":"status-publish","4":"has-post-thumbnail","6":"product_brand-elena-iachi","7":"product_cat-santiags","9":"first","10":"instock","11":"shipping-taxable","12":"purchasable","13":"product-type-variable","14":"has-default-attributes"},"yoast_head":"<!-- This site is optimized with the Yoast SEO plugin v27.4 - https:\/\/yoast.com\/product\/yoast-seo-wordpress\/ -->\n<title>ELENA IACHI NATURE NERO - VENISE COLLECTION<\/title>\n<meta name=\"robots\" content=\"index, follow, max-snippet:-1, max-image-preview:large, max-video-preview:-1\" \/>\n<link rel=\"canonical\" href=\"https:\/\/www.venisecollection.com\/de\/shop\/women\/santiags\/elena-iachi-nature-nero\" \/>\n<meta property=\"og:locale\" content=\"de_DE\" \/>\n<meta property=\"og:type\" content=\"article\" \/>\n<meta property=\"og:title\" content=\"ELENA IACHI NATURE NERO - VENISE COLLECTION\" \/>\n<meta property=\"og:description\" content=\"Der ELENA IACHI SANTIAGS NATURE Damenstiefel ist eine beeindruckende Verbindung von luxuri\u00f6ser Handwerkskunst und k\u00fchner Eleganz. Er wird in Italien aus hochwertigem schwarzem Leder gefertigt und verf\u00fcgt \u00fcber eine spektakul\u00e4re Ledergamasche, die mit Metallic-Nieten besetzt ist und sich bis zum Schaft erstreckt. Eine vertikale Nietenlinie auf der R\u00fcckseite sorgt f\u00fcr ein einzigartiges, auff\u00e4lliges Detail, das &hellip;\" \/>\n<meta property=\"og:url\" content=\"https:\/\/www.venisecollection.com\/de\/shop\/women\/santiags\/elena-iachi-nature-nero\" \/>\n<meta property=\"og:site_name\" content=\"VENISE COLLECTION\" \/>\n<meta property=\"og:image\" content=\"https:\/\/www.venisecollection.com\/cdn\/image.psd-208.webp\" \/>\n\t<meta property=\"og:image:width\" content=\"1280\" \/>\n\t<meta property=\"og:image:height\" content=\"1588\" \/>\n\t<meta property=\"og:image:type\" content=\"image\/webp\" \/>\n<meta name=\"twitter:card\" content=\"summary_large_image\" \/>\n<meta name=\"twitter:label1\" content=\"Gesch\u00e4tzte Lesezeit\" \/>\n\t<meta name=\"twitter:data1\" content=\"1\u00a0Minute\" \/>\n<script type=\"application\/ld+json\" class=\"yoast-schema-graph\">{\"@context\":\"https:\\\/\\\/schema.org\",\"@graph\":[{\"@type\":\"WebPage\",\"@id\":\"https:\\\/\\\/www.venisecollection.com\\\/de\\\/shop\\\/women\\\/santiags\\\/elena-iachi-nature-nero\",\"url\":\"https:\\\/\\\/www.venisecollection.com\\\/de\\\/shop\\\/women\\\/santiags\\\/elena-iachi-nature-nero\",\"name\":\"ELENA IACHI NATURE NERO - VENISE COLLECTION\",\"isPartOf\":{\"@id\":\"https:\\\/\\\/www.venisecollection.com\\\/de#website\"},\"primaryImageOfPage\":{\"@id\":\"https:\\\/\\\/www.venisecollection.com\\\/de\\\/shop\\\/women\\\/santiags\\\/elena-iachi-nature-nero#primaryimage\"},\"image\":{\"@id\":\"https:\\\/\\\/www.venisecollection.com\\\/de\\\/shop\\\/women\\\/santiags\\\/elena-iachi-nature-nero#primaryimage\"},\"thumbnailUrl\":\"https:\\\/\\\/www.venisecollection.com\\\/cdn\\\/image.psd-208.webp\",\"datePublished\":\"2025-12-23T16:17:33+00:00\",\"breadcrumb\":{\"@id\":\"https:\\\/\\\/www.venisecollection.com\\\/de\\\/shop\\\/women\\\/santiags\\\/elena-iachi-nature-nero#breadcrumb\"},\"inLanguage\":\"de\",\"potentialAction\":[{\"@type\":\"ReadAction\",\"target\":[\"https:\\\/\\\/www.venisecollection.com\\\/de\\\/shop\\\/women\\\/santiags\\\/elena-iachi-nature-nero\"]}]},{\"@type\":\"ImageObject\",\"inLanguage\":\"de\",\"@id\":\"https:\\\/\\\/www.venisecollection.com\\\/de\\\/shop\\\/women\\\/santiags\\\/elena-iachi-nature-nero#primaryimage\",\"url\":\"https:\\\/\\\/www.venisecollection.com\\\/cdn\\\/image.psd-208.webp\",\"contentUrl\":\"https:\\\/\\\/www.venisecollection.com\\\/cdn\\\/image.psd-208.webp\",\"width\":1280,\"height\":1588},{\"@type\":\"BreadcrumbList\",\"@id\":\"https:\\\/\\\/www.venisecollection.com\\\/de\\\/shop\\\/women\\\/santiags\\\/elena-iachi-nature-nero#breadcrumb\",\"itemListElement\":[{\"@type\":\"ListItem\",\"position\":1,\"name\":\"Home\",\"item\":\"https:\\\/\\\/www.venisecollection.com\\\/de\\\/shop\"},{\"@type\":\"ListItem\",\"position\":2,\"name\":\"Startseite\",\"item\":\"https:\\\/\\\/www.venisecollection.com\\\/de\\\/shop\"},{\"@type\":\"ListItem\",\"position\":3,\"name\":\"ELENA IACHI NATURE NERO\"}]},{\"@type\":\"WebSite\",\"@id\":\"https:\\\/\\\/www.venisecollection.com\\\/de#website\",\"url\":\"https:\\\/\\\/www.venisecollection.com\\\/de\",\"name\":\"VENISE COLLECTION\",\"description\":\"\",\"publisher\":{\"@id\":\"https:\\\/\\\/www.venisecollection.com\\\/de#organization\"},\"potentialAction\":[{\"@type\":\"SearchAction\",\"target\":{\"@type\":\"EntryPoint\",\"urlTemplate\":\"https:\\\/\\\/www.venisecollection.com\\\/de?s={search_term_string}\"},\"query-input\":{\"@type\":\"PropertyValueSpecification\",\"valueRequired\":true,\"valueName\":\"search_term_string\"}}],\"inLanguage\":\"de\"},{\"@type\":\"Organization\",\"@id\":\"https:\\\/\\\/www.venisecollection.com\\\/de#organization\",\"name\":\"VENISE COLLECTION\",\"url\":\"https:\\\/\\\/www.venisecollection.com\\\/de\",\"logo\":{\"@type\":\"ImageObject\",\"inLanguage\":\"de\",\"@id\":\"https:\\\/\\\/www.venisecollection.com\\\/de#\\\/schema\\\/logo\\\/image\\\/\",\"url\":\"https:\\\/\\\/www.venisecollection.com\\\/cdn\\\/seo.png\",\"contentUrl\":\"https:\\\/\\\/www.venisecollection.com\\\/cdn\\\/seo.png\",\"width\":1080,\"height\":1080,\"caption\":\"VENISE COLLECTION\"},\"image\":{\"@id\":\"https:\\\/\\\/www.venisecollection.com\\\/de#\\\/schema\\\/logo\\\/image\\\/\"},\"sameAs\":[\"https:\\\/\\\/www.instagram.com\\\/venisecollection\\\/\",\"https:\\\/\\\/fr.pinterest.com\\\/venisecollection\\\/\"]}]}<\/script>\n<!-- \/ Yoast SEO plugin. -->","yoast_head_json":{"title":"ELENA IACHI NATURE NERO - VENISE COLLECTION","robots":{"index":"index","follow":"follow","max-snippet":"max-snippet:-1","max-image-preview":"max-image-preview:large","max-video-preview":"max-video-preview:-1"},"canonical":"https:\/\/www.venisecollection.com\/de\/shop\/women\/santiags\/elena-iachi-nature-nero","og_locale":"de_DE","og_type":"article","og_title":"ELENA IACHI NATURE NERO - VENISE COLLECTION","og_description":"Der ELENA IACHI SANTIAGS NATURE Damenstiefel ist eine beeindruckende Verbindung von luxuri\u00f6ser Handwerkskunst und k\u00fchner Eleganz. Er wird in Italien aus hochwertigem schwarzem Leder gefertigt und verf\u00fcgt \u00fcber eine spektakul\u00e4re Ledergamasche, die mit Metallic-Nieten besetzt ist und sich bis zum Schaft erstreckt. Eine vertikale Nietenlinie auf der R\u00fcckseite sorgt f\u00fcr ein einzigartiges, auff\u00e4lliges Detail, das &hellip;","og_url":"https:\/\/www.venisecollection.com\/de\/shop\/women\/santiags\/elena-iachi-nature-nero","og_site_name":"VENISE COLLECTION","og_image":[{"width":1280,"height":1588,"url":"https:\/\/www.venisecollection.com\/cdn\/image.psd-208.webp","type":"image\/webp"}],"twitter_card":"summary_large_image","twitter_misc":{"Gesch\u00e4tzte Lesezeit":"1\u00a0Minute"},"schema":{"@context":"https:\/\/schema.org","@graph":[{"@type":"WebPage","@id":"https:\/\/www.venisecollection.com\/de\/shop\/women\/santiags\/elena-iachi-nature-nero","url":"https:\/\/www.venisecollection.com\/de\/shop\/women\/santiags\/elena-iachi-nature-nero","name":"ELENA IACHI NATURE NERO - VENISE COLLECTION","isPartOf":{"@id":"https:\/\/www.venisecollection.com\/de#website"},"primaryImageOfPage":{"@id":"https:\/\/www.venisecollection.com\/de\/shop\/women\/santiags\/elena-iachi-nature-nero#primaryimage"},"image":{"@id":"https:\/\/www.venisecollection.com\/de\/shop\/women\/santiags\/elena-iachi-nature-nero#primaryimage"},"thumbnailUrl":"https:\/\/www.venisecollection.com\/cdn\/image.psd-208.webp","datePublished":"2025-12-23T16:17:33+00:00","breadcrumb":{"@id":"https:\/\/www.venisecollection.com\/de\/shop\/women\/santiags\/elena-iachi-nature-nero#breadcrumb"},"inLanguage":"de","potentialAction":[{"@type":"ReadAction","target":["https:\/\/www.venisecollection.com\/de\/shop\/women\/santiags\/elena-iachi-nature-nero"]}]},{"@type":"ImageObject","inLanguage":"de","@id":"https:\/\/www.venisecollection.com\/de\/shop\/women\/santiags\/elena-iachi-nature-nero#primaryimage","url":"https:\/\/www.venisecollection.com\/cdn\/image.psd-208.webp","contentUrl":"https:\/\/www.venisecollection.com\/cdn\/image.psd-208.webp","width":1280,"height":1588},{"@type":"BreadcrumbList","@id":"https:\/\/www.venisecollection.com\/de\/shop\/women\/santiags\/elena-iachi-nature-nero#breadcrumb","itemListElement":[{"@type":"ListItem","position":1,"name":"Home","item":"https:\/\/www.venisecollection.com\/de\/shop"},{"@type":"ListItem","position":2,"name":"Startseite","item":"https:\/\/www.venisecollection.com\/de\/shop"},{"@type":"ListItem","position":3,"name":"ELENA IACHI NATURE NERO"}]},{"@type":"WebSite","@id":"https:\/\/www.venisecollection.com\/de#website","url":"https:\/\/www.venisecollection.com\/de","name":"VENISE COLLECTION","description":"","publisher":{"@id":"https:\/\/www.venisecollection.com\/de#organization"},"potentialAction":[{"@type":"SearchAction","target":{"@type":"EntryPoint","urlTemplate":"https:\/\/www.venisecollection.com\/de?s={search_term_string}"},"query-input":{"@type":"PropertyValueSpecification","valueRequired":true,"valueName":"search_term_string"}}],"inLanguage":"de"},{"@type":"Organization","@id":"https:\/\/www.venisecollection.com\/de#organization","name":"VENISE COLLECTION","url":"https:\/\/www.venisecollection.com\/de","logo":{"@type":"ImageObject","inLanguage":"de","@id":"https:\/\/www.venisecollection.com\/de#\/schema\/logo\/image\/","url":"https:\/\/www.venisecollection.com\/cdn\/seo.png","contentUrl":"https:\/\/www.venisecollection.com\/cdn\/seo.png","width":1080,"height":1080,"caption":"VENISE COLLECTION"},"image":{"@id":"https:\/\/www.venisecollection.com\/de#\/schema\/logo\/image\/"},"sameAs":["https:\/\/www.instagram.com\/venisecollection\/","https:\/\/fr.pinterest.com\/venisecollection\/"]}]}},"_links":{"self":[{"href":"https:\/\/www.venisecollection.com\/de\/wp-json\/wp\/v2\/product\/5778","targetHints":{"allow":["GET"]}}],"collection":[{"href":"https:\/\/www.venisecollection.com\/de\/wp-json\/wp\/v2\/product"}],"about":[{"href":"https:\/\/www.venisecollection.com\/de\/wp-json\/wp\/v2\/types\/product"}],"wp:featuredmedia":[{"embeddable":true,"href":"https:\/\/www.venisecollection.com\/de\/wp-json\/wp\/v2\/media\/5790"}],"wp:attachment":[{"href":"https:\/\/www.venisecollection.com\/de\/wp-json\/wp\/v2\/media?parent=5778"}],"wp:term":[{"taxonomy":"product_brand","embeddable":true,"href":"https:\/\/www.venisecollection.com\/de\/wp-json\/wp\/v2\/product_brand?post=5778"},{"taxonomy":"product_cat","embeddable":true,"href":"https:\/\/www.venisecollection.com\/de\/wp-json\/wp\/v2\/product_cat?post=5778"},{"taxonomy":"product_tag","embeddable":true,"href":"https:\/\/www.venisecollection.com\/de\/wp-json\/wp\/v2\/product_tag?post=5778"}],"curies":[{"name":"wp","href":"https:\/\/api.w.org\/{rel}","templated":true}]}}