{"id":6104,"date":"2025-11-20T16:17:03","date_gmt":"2025-11-20T16:17:03","guid":{"rendered":"https:\/\/www.venisecollection.com\/shop\/women\/unkategorisiert\/viola-square-luxe\/"},"modified":"2026-04-30T00:50:11","modified_gmt":"2026-04-30T00:50:11","slug":"viola-square-luxe","status":"publish","type":"product","link":"https:\/\/www.venisecollection.com\/de\/shop\/women\/tall-boots\/viola-square-luxe","title":{"rendered":"Viola Square Luxe"},"content":{"rendered":"<p style=\"text-align: justify;\" data-start=\"1129\" data-end=\"1689\">Der Damenstiefel Viola Square Luxe ist eine edle Kreation aus sattem, violettem Wildleder und Leder, entworfen f\u00fcr Frauen, die Raffinesse mit einem modernen Touch lieben. Seine quadratische Zehenform verleiht ihm eine k\u00fchne, geometrische Eleganz, w\u00e4hrend der mittelhohe Absatz den ganzen Tag \u00fcber Komfort und Selbstvertrauen gew\u00e4hrleistet. Die geschmeidige Wildleder-Leder-Mischung verbessert sowohl die Struktur als auch die Weichheit und macht ihn zur perfekten Wahl f\u00fcr Herbst- und Winterlooks \u2013 von City Chic bis hin zu eleganter Abendgarderobe.  <\/p>\n","protected":false},"excerpt":{"rendered":"<p>Der Damenstiefel Viola Square Luxe ist eine edle Kreation aus sattem, violettem Wildleder und Leder, entworfen f\u00fcr Frauen, die Raffinesse mit einem modernen Touch lieben. Seine quadratische Zehenform verleiht ihm eine k\u00fchne, geometrische Eleganz, w\u00e4hrend der mittelhohe Absatz den ganzen Tag \u00fcber Komfort und Selbstvertrauen gew\u00e4hrleistet. Die geschmeidige Wildleder-Leder-Mischung verbessert sowohl die Struktur als auch &hellip;<\/p>\n","protected":false},"featured_media":6113,"template":"","meta":[],"product_brand":[69],"product_cat":[71],"product_tag":[],"class_list":{"0":"post-6104","1":"product","2":"type-product","3":"status-publish","4":"has-post-thumbnail","6":"product_brand-venise-collection","7":"product_cat-tall-boots","9":"first","10":"instock","11":"shipping-taxable","12":"purchasable","13":"product-type-variable","14":"has-default-attributes"},"yoast_head":"<!-- This site is optimized with the Yoast SEO plugin v27.5 - https:\/\/yoast.com\/product\/yoast-seo-wordpress\/ -->\n<title>Viola Square Luxe - VENISE COLLECTION<\/title>\n<meta name=\"robots\" content=\"index, follow, max-snippet:-1, max-image-preview:large, max-video-preview:-1\" \/>\n<link rel=\"canonical\" href=\"https:\/\/www.venisecollection.com\/de\/shop\/women\/tall-boots\/viola-square-luxe\" \/>\n<meta property=\"og:locale\" content=\"de_DE\" \/>\n<meta property=\"og:type\" content=\"article\" \/>\n<meta property=\"og:title\" content=\"Viola Square Luxe - VENISE COLLECTION\" \/>\n<meta property=\"og:description\" content=\"Der Damenstiefel Viola Square Luxe ist eine edle Kreation aus sattem, violettem Wildleder und Leder, entworfen f\u00fcr Frauen, die Raffinesse mit einem modernen Touch lieben. Seine quadratische Zehenform verleiht ihm eine k\u00fchne, geometrische Eleganz, w\u00e4hrend der mittelhohe Absatz den ganzen Tag \u00fcber Komfort und Selbstvertrauen gew\u00e4hrleistet. Die geschmeidige Wildleder-Leder-Mischung verbessert sowohl die Struktur als auch &hellip;\" \/>\n<meta property=\"og:url\" content=\"https:\/\/www.venisecollection.com\/de\/shop\/women\/tall-boots\/viola-square-luxe\" \/>\n<meta property=\"og:site_name\" content=\"VENISE COLLECTION\" \/>\n<meta property=\"article:modified_time\" content=\"2026-04-30T00:50:11+00:00\" \/>\n<meta property=\"og:image\" content=\"https:\/\/www.venisecollection.com\/cdn\/image.psd-204.webp\" \/>\n\t<meta property=\"og:image:width\" content=\"1280\" \/>\n\t<meta property=\"og:image:height\" content=\"1588\" \/>\n\t<meta property=\"og:image:type\" content=\"image\/webp\" \/>\n<meta name=\"twitter:card\" content=\"summary_large_image\" \/>\n<script type=\"application\/ld+json\" class=\"yoast-schema-graph\">{\"@context\":\"https:\\\/\\\/schema.org\",\"@graph\":[{\"@type\":\"WebPage\",\"@id\":\"https:\\\/\\\/www.venisecollection.com\\\/de\\\/shop\\\/women\\\/tall-boots\\\/viola-square-luxe\",\"url\":\"https:\\\/\\\/www.venisecollection.com\\\/de\\\/shop\\\/women\\\/tall-boots\\\/viola-square-luxe\",\"name\":\"Viola Square Luxe - VENISE COLLECTION\",\"isPartOf\":{\"@id\":\"https:\\\/\\\/www.venisecollection.com\\\/de#website\"},\"primaryImageOfPage\":{\"@id\":\"https:\\\/\\\/www.venisecollection.com\\\/de\\\/shop\\\/women\\\/tall-boots\\\/viola-square-luxe#primaryimage\"},\"image\":{\"@id\":\"https:\\\/\\\/www.venisecollection.com\\\/de\\\/shop\\\/women\\\/tall-boots\\\/viola-square-luxe#primaryimage\"},\"thumbnailUrl\":\"https:\\\/\\\/www.venisecollection.com\\\/cdn\\\/image.psd-204.webp\",\"datePublished\":\"2025-11-20T16:17:03+00:00\",\"dateModified\":\"2026-04-30T00:50:11+00:00\",\"breadcrumb\":{\"@id\":\"https:\\\/\\\/www.venisecollection.com\\\/de\\\/shop\\\/women\\\/tall-boots\\\/viola-square-luxe#breadcrumb\"},\"inLanguage\":\"de\",\"potentialAction\":[{\"@type\":\"ReadAction\",\"target\":[\"https:\\\/\\\/www.venisecollection.com\\\/de\\\/shop\\\/women\\\/tall-boots\\\/viola-square-luxe\"]}]},{\"@type\":\"ImageObject\",\"inLanguage\":\"de\",\"@id\":\"https:\\\/\\\/www.venisecollection.com\\\/de\\\/shop\\\/women\\\/tall-boots\\\/viola-square-luxe#primaryimage\",\"url\":\"https:\\\/\\\/www.venisecollection.com\\\/cdn\\\/image.psd-204.webp\",\"contentUrl\":\"https:\\\/\\\/www.venisecollection.com\\\/cdn\\\/image.psd-204.webp\",\"width\":1280,\"height\":1588},{\"@type\":\"BreadcrumbList\",\"@id\":\"https:\\\/\\\/www.venisecollection.com\\\/de\\\/shop\\\/women\\\/tall-boots\\\/viola-square-luxe#breadcrumb\",\"itemListElement\":[{\"@type\":\"ListItem\",\"position\":1,\"name\":\"Home\",\"item\":\"https:\\\/\\\/www.venisecollection.com\\\/de\\\/shop\"},{\"@type\":\"ListItem\",\"position\":2,\"name\":\"Startseite\",\"item\":\"https:\\\/\\\/www.venisecollection.com\\\/de\\\/shop\"},{\"@type\":\"ListItem\",\"position\":3,\"name\":\"Viola Square Luxe\"}]},{\"@type\":\"WebSite\",\"@id\":\"https:\\\/\\\/www.venisecollection.com\\\/de#website\",\"url\":\"https:\\\/\\\/www.venisecollection.com\\\/de\",\"name\":\"VENISE COLLECTION\",\"description\":\"\",\"publisher\":{\"@id\":\"https:\\\/\\\/www.venisecollection.com\\\/de#organization\"},\"potentialAction\":[{\"@type\":\"SearchAction\",\"target\":{\"@type\":\"EntryPoint\",\"urlTemplate\":\"https:\\\/\\\/www.venisecollection.com\\\/de?s={search_term_string}\"},\"query-input\":{\"@type\":\"PropertyValueSpecification\",\"valueRequired\":true,\"valueName\":\"search_term_string\"}}],\"inLanguage\":\"de\"},{\"@type\":\"Organization\",\"@id\":\"https:\\\/\\\/www.venisecollection.com\\\/de#organization\",\"name\":\"VENISE COLLECTION\",\"url\":\"https:\\\/\\\/www.venisecollection.com\\\/de\",\"logo\":{\"@type\":\"ImageObject\",\"inLanguage\":\"de\",\"@id\":\"https:\\\/\\\/www.venisecollection.com\\\/de#\\\/schema\\\/logo\\\/image\\\/\",\"url\":\"https:\\\/\\\/www.venisecollection.com\\\/cdn\\\/seo.png\",\"contentUrl\":\"https:\\\/\\\/www.venisecollection.com\\\/cdn\\\/seo.png\",\"width\":1080,\"height\":1080,\"caption\":\"VENISE COLLECTION\"},\"image\":{\"@id\":\"https:\\\/\\\/www.venisecollection.com\\\/de#\\\/schema\\\/logo\\\/image\\\/\"},\"sameAs\":[\"https:\\\/\\\/www.instagram.com\\\/venisecollection\\\/\",\"https:\\\/\\\/fr.pinterest.com\\\/venisecollection\\\/\"]}]}<\/script>\n<!-- \/ Yoast SEO plugin. -->","yoast_head_json":{"title":"Viola Square Luxe - VENISE COLLECTION","robots":{"index":"index","follow":"follow","max-snippet":"max-snippet:-1","max-image-preview":"max-image-preview:large","max-video-preview":"max-video-preview:-1"},"canonical":"https:\/\/www.venisecollection.com\/de\/shop\/women\/tall-boots\/viola-square-luxe","og_locale":"de_DE","og_type":"article","og_title":"Viola Square Luxe - VENISE COLLECTION","og_description":"Der Damenstiefel Viola Square Luxe ist eine edle Kreation aus sattem, violettem Wildleder und Leder, entworfen f\u00fcr Frauen, die Raffinesse mit einem modernen Touch lieben. Seine quadratische Zehenform verleiht ihm eine k\u00fchne, geometrische Eleganz, w\u00e4hrend der mittelhohe Absatz den ganzen Tag \u00fcber Komfort und Selbstvertrauen gew\u00e4hrleistet. Die geschmeidige Wildleder-Leder-Mischung verbessert sowohl die Struktur als auch &hellip;","og_url":"https:\/\/www.venisecollection.com\/de\/shop\/women\/tall-boots\/viola-square-luxe","og_site_name":"VENISE COLLECTION","article_modified_time":"2026-04-30T00:50:11+00:00","og_image":[{"width":1280,"height":1588,"url":"https:\/\/www.venisecollection.com\/cdn\/image.psd-204.webp","type":"image\/webp"}],"twitter_card":"summary_large_image","schema":{"@context":"https:\/\/schema.org","@graph":[{"@type":"WebPage","@id":"https:\/\/www.venisecollection.com\/de\/shop\/women\/tall-boots\/viola-square-luxe","url":"https:\/\/www.venisecollection.com\/de\/shop\/women\/tall-boots\/viola-square-luxe","name":"Viola Square Luxe - VENISE COLLECTION","isPartOf":{"@id":"https:\/\/www.venisecollection.com\/de#website"},"primaryImageOfPage":{"@id":"https:\/\/www.venisecollection.com\/de\/shop\/women\/tall-boots\/viola-square-luxe#primaryimage"},"image":{"@id":"https:\/\/www.venisecollection.com\/de\/shop\/women\/tall-boots\/viola-square-luxe#primaryimage"},"thumbnailUrl":"https:\/\/www.venisecollection.com\/cdn\/image.psd-204.webp","datePublished":"2025-11-20T16:17:03+00:00","dateModified":"2026-04-30T00:50:11+00:00","breadcrumb":{"@id":"https:\/\/www.venisecollection.com\/de\/shop\/women\/tall-boots\/viola-square-luxe#breadcrumb"},"inLanguage":"de","potentialAction":[{"@type":"ReadAction","target":["https:\/\/www.venisecollection.com\/de\/shop\/women\/tall-boots\/viola-square-luxe"]}]},{"@type":"ImageObject","inLanguage":"de","@id":"https:\/\/www.venisecollection.com\/de\/shop\/women\/tall-boots\/viola-square-luxe#primaryimage","url":"https:\/\/www.venisecollection.com\/cdn\/image.psd-204.webp","contentUrl":"https:\/\/www.venisecollection.com\/cdn\/image.psd-204.webp","width":1280,"height":1588},{"@type":"BreadcrumbList","@id":"https:\/\/www.venisecollection.com\/de\/shop\/women\/tall-boots\/viola-square-luxe#breadcrumb","itemListElement":[{"@type":"ListItem","position":1,"name":"Home","item":"https:\/\/www.venisecollection.com\/de\/shop"},{"@type":"ListItem","position":2,"name":"Startseite","item":"https:\/\/www.venisecollection.com\/de\/shop"},{"@type":"ListItem","position":3,"name":"Viola Square Luxe"}]},{"@type":"WebSite","@id":"https:\/\/www.venisecollection.com\/de#website","url":"https:\/\/www.venisecollection.com\/de","name":"VENISE COLLECTION","description":"","publisher":{"@id":"https:\/\/www.venisecollection.com\/de#organization"},"potentialAction":[{"@type":"SearchAction","target":{"@type":"EntryPoint","urlTemplate":"https:\/\/www.venisecollection.com\/de?s={search_term_string}"},"query-input":{"@type":"PropertyValueSpecification","valueRequired":true,"valueName":"search_term_string"}}],"inLanguage":"de"},{"@type":"Organization","@id":"https:\/\/www.venisecollection.com\/de#organization","name":"VENISE COLLECTION","url":"https:\/\/www.venisecollection.com\/de","logo":{"@type":"ImageObject","inLanguage":"de","@id":"https:\/\/www.venisecollection.com\/de#\/schema\/logo\/image\/","url":"https:\/\/www.venisecollection.com\/cdn\/seo.png","contentUrl":"https:\/\/www.venisecollection.com\/cdn\/seo.png","width":1080,"height":1080,"caption":"VENISE COLLECTION"},"image":{"@id":"https:\/\/www.venisecollection.com\/de#\/schema\/logo\/image\/"},"sameAs":["https:\/\/www.instagram.com\/venisecollection\/","https:\/\/fr.pinterest.com\/venisecollection\/"]}]}},"_links":{"self":[{"href":"https:\/\/www.venisecollection.com\/de\/wp-json\/wp\/v2\/product\/6104","targetHints":{"allow":["GET"]}}],"collection":[{"href":"https:\/\/www.venisecollection.com\/de\/wp-json\/wp\/v2\/product"}],"about":[{"href":"https:\/\/www.venisecollection.com\/de\/wp-json\/wp\/v2\/types\/product"}],"wp:featuredmedia":[{"embeddable":true,"href":"https:\/\/www.venisecollection.com\/de\/wp-json\/wp\/v2\/media\/6113"}],"wp:attachment":[{"href":"https:\/\/www.venisecollection.com\/de\/wp-json\/wp\/v2\/media?parent=6104"}],"wp:term":[{"taxonomy":"product_brand","embeddable":true,"href":"https:\/\/www.venisecollection.com\/de\/wp-json\/wp\/v2\/product_brand?post=6104"},{"taxonomy":"product_cat","embeddable":true,"href":"https:\/\/www.venisecollection.com\/de\/wp-json\/wp\/v2\/product_cat?post=6104"},{"taxonomy":"product_tag","embeddable":true,"href":"https:\/\/www.venisecollection.com\/de\/wp-json\/wp\/v2\/product_tag?post=6104"}],"curies":[{"name":"wp","href":"https:\/\/api.w.org\/{rel}","templated":true}]}}