{"id":6138,"date":"2025-11-20T16:16:58","date_gmt":"2025-11-20T16:16:58","guid":{"rendered":"https:\/\/www.venisecollection.com\/shop\/women\/unkategorisiert\/hoher-stiefel-aus-wildleder\/"},"modified":"2025-12-26T15:07:01","modified_gmt":"2025-12-26T15:07:01","slug":"hoher-stiefel-aus-wildleder","status":"publish","type":"product","link":"https:\/\/www.venisecollection.com\/de\/shop\/women\/hohe-stiefel\/hoher-stiefel-aus-wildleder","title":{"rendered":"Hoher Stiefel aus Wildleder"},"content":{"rendered":"<p style=\"text-align: justify;\" data-start=\"1019\" data-end=\"1568\">Der Damenstiefel Stivale Alto Scamosciato aus sattem braunem Wildleder vereint raffinierte Eleganz mit k\u00fchner italienischer Handwerkskunst. Sein hoher Schaft mit umgeschlagenem Design und goldener Schnalle verleiht Ihrem Outfit einen Hauch von modernem Luxus. Der 70-mm-Absatz und die Ledersohle sorgen f\u00fcr Komfort, Stabilit\u00e4t und Stil. Dieser Stiefel ist perfekt f\u00fcr Herbst- und Winterlooks und verleiht jeder Garderobe zeitlose Eleganz.   <\/p>\n","protected":false},"excerpt":{"rendered":"<p>Der Damenstiefel Stivale Alto Scamosciato aus sattem braunem Wildleder vereint raffinierte Eleganz mit k\u00fchner italienischer Handwerkskunst. Sein hoher Schaft mit umgeschlagenem Design und goldener Schnalle verleiht Ihrem Outfit einen Hauch von modernem Luxus. Der 70-mm-Absatz und die Ledersohle sorgen f\u00fcr Komfort, Stabilit\u00e4t und Stil. Dieser Stiefel ist perfekt f\u00fcr Herbst- und Winterlooks und verleiht jeder &hellip;<\/p>\n","protected":false},"featured_media":6146,"template":"","meta":[],"product_brand":[351],"product_cat":[113],"product_tag":[],"class_list":{"0":"post-6138","1":"product","2":"type-product","3":"status-publish","4":"has-post-thumbnail","6":"product_brand-elena-iachi","7":"product_cat-hohe-stiefel","9":"first","10":"instock","11":"shipping-taxable","12":"purchasable","13":"product-type-variable","14":"has-default-attributes"},"yoast_head":"<!-- This site is optimized with the Yoast SEO plugin v27.4 - https:\/\/yoast.com\/product\/yoast-seo-wordpress\/ -->\n<title>Hoher Stiefel aus Wildleder - VENISE COLLECTION<\/title>\n<meta name=\"robots\" content=\"index, follow, max-snippet:-1, max-image-preview:large, max-video-preview:-1\" \/>\n<link rel=\"canonical\" href=\"https:\/\/www.venisecollection.com\/de\/shop\/women\/hohe-stiefel\/hoher-stiefel-aus-wildleder\" \/>\n<meta property=\"og:locale\" content=\"de_DE\" \/>\n<meta property=\"og:type\" content=\"article\" \/>\n<meta property=\"og:title\" content=\"Hoher Stiefel aus Wildleder - VENISE COLLECTION\" \/>\n<meta property=\"og:description\" content=\"Der Damenstiefel Stivale Alto Scamosciato aus sattem braunem Wildleder vereint raffinierte Eleganz mit k\u00fchner italienischer Handwerkskunst. Sein hoher Schaft mit umgeschlagenem Design und goldener Schnalle verleiht Ihrem Outfit einen Hauch von modernem Luxus. Der 70-mm-Absatz und die Ledersohle sorgen f\u00fcr Komfort, Stabilit\u00e4t und Stil. Dieser Stiefel ist perfekt f\u00fcr Herbst- und Winterlooks und verleiht jeder &hellip;\" \/>\n<meta property=\"og:url\" content=\"https:\/\/www.venisecollection.com\/de\/shop\/women\/hohe-stiefel\/hoher-stiefel-aus-wildleder\" \/>\n<meta property=\"og:site_name\" content=\"VENISE COLLECTION\" \/>\n<meta property=\"article:modified_time\" content=\"2025-12-26T15:07:01+00:00\" \/>\n<meta property=\"og:image\" content=\"https:\/\/www.venisecollection.com\/cdn\/image.psd-200.webp\" \/>\n\t<meta property=\"og:image:width\" content=\"1280\" \/>\n\t<meta property=\"og:image:height\" content=\"1588\" \/>\n\t<meta property=\"og:image:type\" content=\"image\/webp\" \/>\n<meta name=\"twitter:card\" content=\"summary_large_image\" \/>\n<script type=\"application\/ld+json\" class=\"yoast-schema-graph\">{\"@context\":\"https:\\\/\\\/schema.org\",\"@graph\":[{\"@type\":\"WebPage\",\"@id\":\"https:\\\/\\\/www.venisecollection.com\\\/de\\\/shop\\\/women\\\/hohe-stiefel\\\/hoher-stiefel-aus-wildleder\",\"url\":\"https:\\\/\\\/www.venisecollection.com\\\/de\\\/shop\\\/women\\\/hohe-stiefel\\\/hoher-stiefel-aus-wildleder\",\"name\":\"Hoher Stiefel aus Wildleder - VENISE COLLECTION\",\"isPartOf\":{\"@id\":\"https:\\\/\\\/www.venisecollection.com\\\/de#website\"},\"primaryImageOfPage\":{\"@id\":\"https:\\\/\\\/www.venisecollection.com\\\/de\\\/shop\\\/women\\\/hohe-stiefel\\\/hoher-stiefel-aus-wildleder#primaryimage\"},\"image\":{\"@id\":\"https:\\\/\\\/www.venisecollection.com\\\/de\\\/shop\\\/women\\\/hohe-stiefel\\\/hoher-stiefel-aus-wildleder#primaryimage\"},\"thumbnailUrl\":\"https:\\\/\\\/www.venisecollection.com\\\/cdn\\\/image.psd-200.webp\",\"datePublished\":\"2025-11-20T16:16:58+00:00\",\"dateModified\":\"2025-12-26T15:07:01+00:00\",\"breadcrumb\":{\"@id\":\"https:\\\/\\\/www.venisecollection.com\\\/de\\\/shop\\\/women\\\/hohe-stiefel\\\/hoher-stiefel-aus-wildleder#breadcrumb\"},\"inLanguage\":\"de\",\"potentialAction\":[{\"@type\":\"ReadAction\",\"target\":[\"https:\\\/\\\/www.venisecollection.com\\\/de\\\/shop\\\/women\\\/hohe-stiefel\\\/hoher-stiefel-aus-wildleder\"]}]},{\"@type\":\"ImageObject\",\"inLanguage\":\"de\",\"@id\":\"https:\\\/\\\/www.venisecollection.com\\\/de\\\/shop\\\/women\\\/hohe-stiefel\\\/hoher-stiefel-aus-wildleder#primaryimage\",\"url\":\"https:\\\/\\\/www.venisecollection.com\\\/cdn\\\/image.psd-200.webp\",\"contentUrl\":\"https:\\\/\\\/www.venisecollection.com\\\/cdn\\\/image.psd-200.webp\",\"width\":1280,\"height\":1588},{\"@type\":\"BreadcrumbList\",\"@id\":\"https:\\\/\\\/www.venisecollection.com\\\/de\\\/shop\\\/women\\\/hohe-stiefel\\\/hoher-stiefel-aus-wildleder#breadcrumb\",\"itemListElement\":[{\"@type\":\"ListItem\",\"position\":1,\"name\":\"Home\",\"item\":\"https:\\\/\\\/www.venisecollection.com\\\/de\\\/shop\"},{\"@type\":\"ListItem\",\"position\":2,\"name\":\"Startseite\",\"item\":\"https:\\\/\\\/www.venisecollection.com\\\/de\\\/shop\"},{\"@type\":\"ListItem\",\"position\":3,\"name\":\"Hoher Stiefel aus Wildleder\"}]},{\"@type\":\"WebSite\",\"@id\":\"https:\\\/\\\/www.venisecollection.com\\\/de#website\",\"url\":\"https:\\\/\\\/www.venisecollection.com\\\/de\",\"name\":\"VENISE COLLECTION\",\"description\":\"\",\"publisher\":{\"@id\":\"https:\\\/\\\/www.venisecollection.com\\\/de#organization\"},\"potentialAction\":[{\"@type\":\"SearchAction\",\"target\":{\"@type\":\"EntryPoint\",\"urlTemplate\":\"https:\\\/\\\/www.venisecollection.com\\\/de?s={search_term_string}\"},\"query-input\":{\"@type\":\"PropertyValueSpecification\",\"valueRequired\":true,\"valueName\":\"search_term_string\"}}],\"inLanguage\":\"de\"},{\"@type\":\"Organization\",\"@id\":\"https:\\\/\\\/www.venisecollection.com\\\/de#organization\",\"name\":\"VENISE COLLECTION\",\"url\":\"https:\\\/\\\/www.venisecollection.com\\\/de\",\"logo\":{\"@type\":\"ImageObject\",\"inLanguage\":\"de\",\"@id\":\"https:\\\/\\\/www.venisecollection.com\\\/de#\\\/schema\\\/logo\\\/image\\\/\",\"url\":\"https:\\\/\\\/www.venisecollection.com\\\/cdn\\\/seo.png\",\"contentUrl\":\"https:\\\/\\\/www.venisecollection.com\\\/cdn\\\/seo.png\",\"width\":1080,\"height\":1080,\"caption\":\"VENISE COLLECTION\"},\"image\":{\"@id\":\"https:\\\/\\\/www.venisecollection.com\\\/de#\\\/schema\\\/logo\\\/image\\\/\"},\"sameAs\":[\"https:\\\/\\\/www.instagram.com\\\/venisecollection\\\/\",\"https:\\\/\\\/fr.pinterest.com\\\/venisecollection\\\/\"]}]}<\/script>\n<!-- \/ Yoast SEO plugin. -->","yoast_head_json":{"title":"Hoher Stiefel aus Wildleder - VENISE COLLECTION","robots":{"index":"index","follow":"follow","max-snippet":"max-snippet:-1","max-image-preview":"max-image-preview:large","max-video-preview":"max-video-preview:-1"},"canonical":"https:\/\/www.venisecollection.com\/de\/shop\/women\/hohe-stiefel\/hoher-stiefel-aus-wildleder","og_locale":"de_DE","og_type":"article","og_title":"Hoher Stiefel aus Wildleder - VENISE COLLECTION","og_description":"Der Damenstiefel Stivale Alto Scamosciato aus sattem braunem Wildleder vereint raffinierte Eleganz mit k\u00fchner italienischer Handwerkskunst. Sein hoher Schaft mit umgeschlagenem Design und goldener Schnalle verleiht Ihrem Outfit einen Hauch von modernem Luxus. Der 70-mm-Absatz und die Ledersohle sorgen f\u00fcr Komfort, Stabilit\u00e4t und Stil. Dieser Stiefel ist perfekt f\u00fcr Herbst- und Winterlooks und verleiht jeder &hellip;","og_url":"https:\/\/www.venisecollection.com\/de\/shop\/women\/hohe-stiefel\/hoher-stiefel-aus-wildleder","og_site_name":"VENISE COLLECTION","article_modified_time":"2025-12-26T15:07:01+00:00","og_image":[{"width":1280,"height":1588,"url":"https:\/\/www.venisecollection.com\/cdn\/image.psd-200.webp","type":"image\/webp"}],"twitter_card":"summary_large_image","schema":{"@context":"https:\/\/schema.org","@graph":[{"@type":"WebPage","@id":"https:\/\/www.venisecollection.com\/de\/shop\/women\/hohe-stiefel\/hoher-stiefel-aus-wildleder","url":"https:\/\/www.venisecollection.com\/de\/shop\/women\/hohe-stiefel\/hoher-stiefel-aus-wildleder","name":"Hoher Stiefel aus Wildleder - VENISE COLLECTION","isPartOf":{"@id":"https:\/\/www.venisecollection.com\/de#website"},"primaryImageOfPage":{"@id":"https:\/\/www.venisecollection.com\/de\/shop\/women\/hohe-stiefel\/hoher-stiefel-aus-wildleder#primaryimage"},"image":{"@id":"https:\/\/www.venisecollection.com\/de\/shop\/women\/hohe-stiefel\/hoher-stiefel-aus-wildleder#primaryimage"},"thumbnailUrl":"https:\/\/www.venisecollection.com\/cdn\/image.psd-200.webp","datePublished":"2025-11-20T16:16:58+00:00","dateModified":"2025-12-26T15:07:01+00:00","breadcrumb":{"@id":"https:\/\/www.venisecollection.com\/de\/shop\/women\/hohe-stiefel\/hoher-stiefel-aus-wildleder#breadcrumb"},"inLanguage":"de","potentialAction":[{"@type":"ReadAction","target":["https:\/\/www.venisecollection.com\/de\/shop\/women\/hohe-stiefel\/hoher-stiefel-aus-wildleder"]}]},{"@type":"ImageObject","inLanguage":"de","@id":"https:\/\/www.venisecollection.com\/de\/shop\/women\/hohe-stiefel\/hoher-stiefel-aus-wildleder#primaryimage","url":"https:\/\/www.venisecollection.com\/cdn\/image.psd-200.webp","contentUrl":"https:\/\/www.venisecollection.com\/cdn\/image.psd-200.webp","width":1280,"height":1588},{"@type":"BreadcrumbList","@id":"https:\/\/www.venisecollection.com\/de\/shop\/women\/hohe-stiefel\/hoher-stiefel-aus-wildleder#breadcrumb","itemListElement":[{"@type":"ListItem","position":1,"name":"Home","item":"https:\/\/www.venisecollection.com\/de\/shop"},{"@type":"ListItem","position":2,"name":"Startseite","item":"https:\/\/www.venisecollection.com\/de\/shop"},{"@type":"ListItem","position":3,"name":"Hoher Stiefel aus Wildleder"}]},{"@type":"WebSite","@id":"https:\/\/www.venisecollection.com\/de#website","url":"https:\/\/www.venisecollection.com\/de","name":"VENISE COLLECTION","description":"","publisher":{"@id":"https:\/\/www.venisecollection.com\/de#organization"},"potentialAction":[{"@type":"SearchAction","target":{"@type":"EntryPoint","urlTemplate":"https:\/\/www.venisecollection.com\/de?s={search_term_string}"},"query-input":{"@type":"PropertyValueSpecification","valueRequired":true,"valueName":"search_term_string"}}],"inLanguage":"de"},{"@type":"Organization","@id":"https:\/\/www.venisecollection.com\/de#organization","name":"VENISE COLLECTION","url":"https:\/\/www.venisecollection.com\/de","logo":{"@type":"ImageObject","inLanguage":"de","@id":"https:\/\/www.venisecollection.com\/de#\/schema\/logo\/image\/","url":"https:\/\/www.venisecollection.com\/cdn\/seo.png","contentUrl":"https:\/\/www.venisecollection.com\/cdn\/seo.png","width":1080,"height":1080,"caption":"VENISE COLLECTION"},"image":{"@id":"https:\/\/www.venisecollection.com\/de#\/schema\/logo\/image\/"},"sameAs":["https:\/\/www.instagram.com\/venisecollection\/","https:\/\/fr.pinterest.com\/venisecollection\/"]}]}},"_links":{"self":[{"href":"https:\/\/www.venisecollection.com\/de\/wp-json\/wp\/v2\/product\/6138","targetHints":{"allow":["GET"]}}],"collection":[{"href":"https:\/\/www.venisecollection.com\/de\/wp-json\/wp\/v2\/product"}],"about":[{"href":"https:\/\/www.venisecollection.com\/de\/wp-json\/wp\/v2\/types\/product"}],"wp:featuredmedia":[{"embeddable":true,"href":"https:\/\/www.venisecollection.com\/de\/wp-json\/wp\/v2\/media\/6146"}],"wp:attachment":[{"href":"https:\/\/www.venisecollection.com\/de\/wp-json\/wp\/v2\/media?parent=6138"}],"wp:term":[{"taxonomy":"product_brand","embeddable":true,"href":"https:\/\/www.venisecollection.com\/de\/wp-json\/wp\/v2\/product_brand?post=6138"},{"taxonomy":"product_cat","embeddable":true,"href":"https:\/\/www.venisecollection.com\/de\/wp-json\/wp\/v2\/product_cat?post=6138"},{"taxonomy":"product_tag","embeddable":true,"href":"https:\/\/www.venisecollection.com\/de\/wp-json\/wp\/v2\/product_tag?post=6138"}],"curies":[{"name":"wp","href":"https:\/\/api.w.org\/{rel}","templated":true}]}}