{"id":6192,"date":"2025-11-20T16:16:55","date_gmt":"2025-11-20T16:16:55","guid":{"rendered":"https:\/\/www.venisecollection.com\/shop\/women\/unkategorisiert\/eleganza-caramello\/"},"modified":"2025-12-26T15:07:06","modified_gmt":"2025-12-26T15:07:06","slug":"eleganza-caramello","status":"publish","type":"product","link":"https:\/\/www.venisecollection.com\/de\/shop\/women\/stiefel\/eleganza-caramello","title":{"rendered":"Eleganza Caramello"},"content":{"rendered":"<p style=\"text-align: justify;\" data-start=\"1461\" data-end=\"2228\">Die Eleganza Caramello Damenstiefel von VENISE COLLECTION verbinden italienische Eleganz mit k\u00fchnen, modernen Details. Gefertigt aus hochwertigem, dunklem Karamell-Wildleder, bieten sie ein warmes, elegantes Finish, ideal f\u00fcr Herbst- und Winterlooks. Das Design mit mittelhohem Absatz sorgt f\u00fcr ganzt\u00e4gigen Komfort, ohne Kompromisse beim Stil einzugehen.  <\/p>\n<p style=\"text-align: justify;\" data-start=\"1461\" data-end=\"2228\">Wie auf dem beigef\u00fcgten Bild zu sehen, verf\u00fcgt die Au\u00dfenseite \u00fcber ein von Leoparden inspiriertes Design, das mit einem goldenen Ringdetail akzentuiert ist \u2013 eine luxuri\u00f6se und ausdrucksstarke Note, die dieses Modell wirklich unverwechselbar macht. Das weiche Lederfutter sorgt f\u00fcr h\u00f6chsten Komfort und Atmungsaktivit\u00e4t, w\u00e4hrend die pr\u00e4zisen N\u00e4hte das Engagement der Marke f\u00fcr Qualit\u00e4t und zeitlosen Stil widerspiegeln. <\/p>\n","protected":false},"excerpt":{"rendered":"<p>Die Eleganza Caramello Damenstiefel von VENISE COLLECTION verbinden italienische Eleganz mit k\u00fchnen, modernen Details. Gefertigt aus hochwertigem, dunklem Karamell-Wildleder, bieten sie ein warmes, elegantes Finish, ideal f\u00fcr Herbst- und Winterlooks. Das Design mit mittelhohem Absatz sorgt f\u00fcr ganzt\u00e4gigen Komfort, ohne Kompromisse beim Stil einzugehen. Wie auf dem beigef\u00fcgten Bild zu sehen, verf\u00fcgt die Au\u00dfenseite \u00fcber &hellip;<\/p>\n","protected":false},"featured_media":6202,"template":"","meta":[],"product_brand":[357],"product_cat":[115],"product_tag":[],"class_list":{"0":"post-6192","1":"product","2":"type-product","3":"status-publish","4":"has-post-thumbnail","6":"product_brand-venise-collection","7":"product_cat-stiefel","9":"first","10":"outofstock","11":"shipping-taxable","12":"product-type-variable","13":"has-default-attributes"},"yoast_head":"<!-- This site is optimized with the Yoast SEO plugin v27.4 - https:\/\/yoast.com\/product\/yoast-seo-wordpress\/ -->\n<title>Eleganza Caramello - VENISE COLLECTION<\/title>\n<meta name=\"robots\" content=\"index, follow, max-snippet:-1, max-image-preview:large, max-video-preview:-1\" \/>\n<link rel=\"canonical\" href=\"https:\/\/www.venisecollection.com\/de\/shop\/women\/stiefel\/eleganza-caramello\" \/>\n<meta property=\"og:locale\" content=\"de_DE\" \/>\n<meta property=\"og:type\" content=\"article\" \/>\n<meta property=\"og:title\" content=\"Eleganza Caramello - VENISE COLLECTION\" \/>\n<meta property=\"og:description\" content=\"Die Eleganza Caramello Damenstiefel von VENISE COLLECTION verbinden italienische Eleganz mit k\u00fchnen, modernen Details. Gefertigt aus hochwertigem, dunklem Karamell-Wildleder, bieten sie ein warmes, elegantes Finish, ideal f\u00fcr Herbst- und Winterlooks. Das Design mit mittelhohem Absatz sorgt f\u00fcr ganzt\u00e4gigen Komfort, ohne Kompromisse beim Stil einzugehen. Wie auf dem beigef\u00fcgten Bild zu sehen, verf\u00fcgt die Au\u00dfenseite \u00fcber &hellip;\" \/>\n<meta property=\"og:url\" content=\"https:\/\/www.venisecollection.com\/de\/shop\/women\/stiefel\/eleganza-caramello\" \/>\n<meta property=\"og:site_name\" content=\"VENISE COLLECTION\" \/>\n<meta property=\"article:modified_time\" content=\"2025-12-26T15:07:06+00:00\" \/>\n<meta property=\"og:image\" content=\"https:\/\/www.venisecollection.com\/cdn\/image.psd-54.webp\" \/>\n\t<meta property=\"og:image:width\" content=\"1280\" \/>\n\t<meta property=\"og:image:height\" content=\"1588\" \/>\n\t<meta property=\"og:image:type\" content=\"image\/webp\" \/>\n<meta name=\"twitter:card\" content=\"summary_large_image\" \/>\n<meta name=\"twitter:label1\" content=\"Gesch\u00e4tzte Lesezeit\" \/>\n\t<meta name=\"twitter:data1\" content=\"1\u00a0Minute\" \/>\n<script type=\"application\/ld+json\" class=\"yoast-schema-graph\">{\"@context\":\"https:\\\/\\\/schema.org\",\"@graph\":[{\"@type\":\"WebPage\",\"@id\":\"https:\\\/\\\/www.venisecollection.com\\\/de\\\/shop\\\/women\\\/stiefel\\\/eleganza-caramello\",\"url\":\"https:\\\/\\\/www.venisecollection.com\\\/de\\\/shop\\\/women\\\/stiefel\\\/eleganza-caramello\",\"name\":\"Eleganza Caramello - VENISE COLLECTION\",\"isPartOf\":{\"@id\":\"https:\\\/\\\/www.venisecollection.com\\\/de#website\"},\"primaryImageOfPage\":{\"@id\":\"https:\\\/\\\/www.venisecollection.com\\\/de\\\/shop\\\/women\\\/stiefel\\\/eleganza-caramello#primaryimage\"},\"image\":{\"@id\":\"https:\\\/\\\/www.venisecollection.com\\\/de\\\/shop\\\/women\\\/stiefel\\\/eleganza-caramello#primaryimage\"},\"thumbnailUrl\":\"https:\\\/\\\/www.venisecollection.com\\\/cdn\\\/image.psd-54.webp\",\"datePublished\":\"2025-11-20T16:16:55+00:00\",\"dateModified\":\"2025-12-26T15:07:06+00:00\",\"breadcrumb\":{\"@id\":\"https:\\\/\\\/www.venisecollection.com\\\/de\\\/shop\\\/women\\\/stiefel\\\/eleganza-caramello#breadcrumb\"},\"inLanguage\":\"de\",\"potentialAction\":[{\"@type\":\"ReadAction\",\"target\":[\"https:\\\/\\\/www.venisecollection.com\\\/de\\\/shop\\\/women\\\/stiefel\\\/eleganza-caramello\"]}]},{\"@type\":\"ImageObject\",\"inLanguage\":\"de\",\"@id\":\"https:\\\/\\\/www.venisecollection.com\\\/de\\\/shop\\\/women\\\/stiefel\\\/eleganza-caramello#primaryimage\",\"url\":\"https:\\\/\\\/www.venisecollection.com\\\/cdn\\\/image.psd-54.webp\",\"contentUrl\":\"https:\\\/\\\/www.venisecollection.com\\\/cdn\\\/image.psd-54.webp\",\"width\":1280,\"height\":1588},{\"@type\":\"BreadcrumbList\",\"@id\":\"https:\\\/\\\/www.venisecollection.com\\\/de\\\/shop\\\/women\\\/stiefel\\\/eleganza-caramello#breadcrumb\",\"itemListElement\":[{\"@type\":\"ListItem\",\"position\":1,\"name\":\"Home\",\"item\":\"https:\\\/\\\/www.venisecollection.com\\\/de\\\/shop\"},{\"@type\":\"ListItem\",\"position\":2,\"name\":\"Startseite\",\"item\":\"https:\\\/\\\/www.venisecollection.com\\\/de\\\/shop\"},{\"@type\":\"ListItem\",\"position\":3,\"name\":\"Eleganza Caramello\"}]},{\"@type\":\"WebSite\",\"@id\":\"https:\\\/\\\/www.venisecollection.com\\\/de#website\",\"url\":\"https:\\\/\\\/www.venisecollection.com\\\/de\",\"name\":\"VENISE COLLECTION\",\"description\":\"\",\"publisher\":{\"@id\":\"https:\\\/\\\/www.venisecollection.com\\\/de#organization\"},\"potentialAction\":[{\"@type\":\"SearchAction\",\"target\":{\"@type\":\"EntryPoint\",\"urlTemplate\":\"https:\\\/\\\/www.venisecollection.com\\\/de?s={search_term_string}\"},\"query-input\":{\"@type\":\"PropertyValueSpecification\",\"valueRequired\":true,\"valueName\":\"search_term_string\"}}],\"inLanguage\":\"de\"},{\"@type\":\"Organization\",\"@id\":\"https:\\\/\\\/www.venisecollection.com\\\/de#organization\",\"name\":\"VENISE COLLECTION\",\"url\":\"https:\\\/\\\/www.venisecollection.com\\\/de\",\"logo\":{\"@type\":\"ImageObject\",\"inLanguage\":\"de\",\"@id\":\"https:\\\/\\\/www.venisecollection.com\\\/de#\\\/schema\\\/logo\\\/image\\\/\",\"url\":\"https:\\\/\\\/www.venisecollection.com\\\/cdn\\\/seo.png\",\"contentUrl\":\"https:\\\/\\\/www.venisecollection.com\\\/cdn\\\/seo.png\",\"width\":1080,\"height\":1080,\"caption\":\"VENISE COLLECTION\"},\"image\":{\"@id\":\"https:\\\/\\\/www.venisecollection.com\\\/de#\\\/schema\\\/logo\\\/image\\\/\"},\"sameAs\":[\"https:\\\/\\\/www.instagram.com\\\/venisecollection\\\/\",\"https:\\\/\\\/fr.pinterest.com\\\/venisecollection\\\/\"]}]}<\/script>\n<!-- \/ Yoast SEO plugin. -->","yoast_head_json":{"title":"Eleganza Caramello - VENISE COLLECTION","robots":{"index":"index","follow":"follow","max-snippet":"max-snippet:-1","max-image-preview":"max-image-preview:large","max-video-preview":"max-video-preview:-1"},"canonical":"https:\/\/www.venisecollection.com\/de\/shop\/women\/stiefel\/eleganza-caramello","og_locale":"de_DE","og_type":"article","og_title":"Eleganza Caramello - VENISE COLLECTION","og_description":"Die Eleganza Caramello Damenstiefel von VENISE COLLECTION verbinden italienische Eleganz mit k\u00fchnen, modernen Details. Gefertigt aus hochwertigem, dunklem Karamell-Wildleder, bieten sie ein warmes, elegantes Finish, ideal f\u00fcr Herbst- und Winterlooks. Das Design mit mittelhohem Absatz sorgt f\u00fcr ganzt\u00e4gigen Komfort, ohne Kompromisse beim Stil einzugehen. Wie auf dem beigef\u00fcgten Bild zu sehen, verf\u00fcgt die Au\u00dfenseite \u00fcber &hellip;","og_url":"https:\/\/www.venisecollection.com\/de\/shop\/women\/stiefel\/eleganza-caramello","og_site_name":"VENISE COLLECTION","article_modified_time":"2025-12-26T15:07:06+00:00","og_image":[{"width":1280,"height":1588,"url":"https:\/\/www.venisecollection.com\/cdn\/image.psd-54.webp","type":"image\/webp"}],"twitter_card":"summary_large_image","twitter_misc":{"Gesch\u00e4tzte Lesezeit":"1\u00a0Minute"},"schema":{"@context":"https:\/\/schema.org","@graph":[{"@type":"WebPage","@id":"https:\/\/www.venisecollection.com\/de\/shop\/women\/stiefel\/eleganza-caramello","url":"https:\/\/www.venisecollection.com\/de\/shop\/women\/stiefel\/eleganza-caramello","name":"Eleganza Caramello - VENISE COLLECTION","isPartOf":{"@id":"https:\/\/www.venisecollection.com\/de#website"},"primaryImageOfPage":{"@id":"https:\/\/www.venisecollection.com\/de\/shop\/women\/stiefel\/eleganza-caramello#primaryimage"},"image":{"@id":"https:\/\/www.venisecollection.com\/de\/shop\/women\/stiefel\/eleganza-caramello#primaryimage"},"thumbnailUrl":"https:\/\/www.venisecollection.com\/cdn\/image.psd-54.webp","datePublished":"2025-11-20T16:16:55+00:00","dateModified":"2025-12-26T15:07:06+00:00","breadcrumb":{"@id":"https:\/\/www.venisecollection.com\/de\/shop\/women\/stiefel\/eleganza-caramello#breadcrumb"},"inLanguage":"de","potentialAction":[{"@type":"ReadAction","target":["https:\/\/www.venisecollection.com\/de\/shop\/women\/stiefel\/eleganza-caramello"]}]},{"@type":"ImageObject","inLanguage":"de","@id":"https:\/\/www.venisecollection.com\/de\/shop\/women\/stiefel\/eleganza-caramello#primaryimage","url":"https:\/\/www.venisecollection.com\/cdn\/image.psd-54.webp","contentUrl":"https:\/\/www.venisecollection.com\/cdn\/image.psd-54.webp","width":1280,"height":1588},{"@type":"BreadcrumbList","@id":"https:\/\/www.venisecollection.com\/de\/shop\/women\/stiefel\/eleganza-caramello#breadcrumb","itemListElement":[{"@type":"ListItem","position":1,"name":"Home","item":"https:\/\/www.venisecollection.com\/de\/shop"},{"@type":"ListItem","position":2,"name":"Startseite","item":"https:\/\/www.venisecollection.com\/de\/shop"},{"@type":"ListItem","position":3,"name":"Eleganza Caramello"}]},{"@type":"WebSite","@id":"https:\/\/www.venisecollection.com\/de#website","url":"https:\/\/www.venisecollection.com\/de","name":"VENISE COLLECTION","description":"","publisher":{"@id":"https:\/\/www.venisecollection.com\/de#organization"},"potentialAction":[{"@type":"SearchAction","target":{"@type":"EntryPoint","urlTemplate":"https:\/\/www.venisecollection.com\/de?s={search_term_string}"},"query-input":{"@type":"PropertyValueSpecification","valueRequired":true,"valueName":"search_term_string"}}],"inLanguage":"de"},{"@type":"Organization","@id":"https:\/\/www.venisecollection.com\/de#organization","name":"VENISE COLLECTION","url":"https:\/\/www.venisecollection.com\/de","logo":{"@type":"ImageObject","inLanguage":"de","@id":"https:\/\/www.venisecollection.com\/de#\/schema\/logo\/image\/","url":"https:\/\/www.venisecollection.com\/cdn\/seo.png","contentUrl":"https:\/\/www.venisecollection.com\/cdn\/seo.png","width":1080,"height":1080,"caption":"VENISE COLLECTION"},"image":{"@id":"https:\/\/www.venisecollection.com\/de#\/schema\/logo\/image\/"},"sameAs":["https:\/\/www.instagram.com\/venisecollection\/","https:\/\/fr.pinterest.com\/venisecollection\/"]}]}},"_links":{"self":[{"href":"https:\/\/www.venisecollection.com\/de\/wp-json\/wp\/v2\/product\/6192","targetHints":{"allow":["GET"]}}],"collection":[{"href":"https:\/\/www.venisecollection.com\/de\/wp-json\/wp\/v2\/product"}],"about":[{"href":"https:\/\/www.venisecollection.com\/de\/wp-json\/wp\/v2\/types\/product"}],"wp:featuredmedia":[{"embeddable":true,"href":"https:\/\/www.venisecollection.com\/de\/wp-json\/wp\/v2\/media\/6202"}],"wp:attachment":[{"href":"https:\/\/www.venisecollection.com\/de\/wp-json\/wp\/v2\/media?parent=6192"}],"wp:term":[{"taxonomy":"product_brand","embeddable":true,"href":"https:\/\/www.venisecollection.com\/de\/wp-json\/wp\/v2\/product_brand?post=6192"},{"taxonomy":"product_cat","embeddable":true,"href":"https:\/\/www.venisecollection.com\/de\/wp-json\/wp\/v2\/product_cat?post=6192"},{"taxonomy":"product_tag","embeddable":true,"href":"https:\/\/www.venisecollection.com\/de\/wp-json\/wp\/v2\/product_tag?post=6192"}],"curies":[{"name":"wp","href":"https:\/\/api.w.org\/{rel}","templated":true}]}}