{"id":6215,"date":"2025-11-20T16:15:47","date_gmt":"2025-11-20T16:15:47","guid":{"rendered":"https:\/\/www.venisecollection.com\/shop\/women\/unkategorisiert\/velour-marmota-hma-beige\/"},"modified":"2025-12-26T15:06:43","modified_gmt":"2025-12-26T15:06:43","slug":"velour-marmota-hma-beige","status":"publish","type":"product","link":"https:\/\/www.venisecollection.com\/de\/shop\/women\/stiefel\/velour-marmota-hma-beige","title":{"rendered":"VELOUR MARMOTA HMA beige"},"content":{"rendered":"<p style=\"text-align: justify;\">Entdecken Sie Eleganz und Komfort in einem mit diesem Damen-Plateau-Stiefel von VELOUR MARMOTA HMA Beige. Dieser Stiefel ist aus hochwertigem Naturleder gefertigt und auf einer markanten Plateausohle gesetzt. Er bietet Ihnen sowohl H\u00f6he als auch Stabilit\u00e4t und verleiht Ihnen gleichzeitig einen modernen urbanen Look. <\/p>\n<p style=\"text-align: justify;\">Der Malto-Farbton sorgt f\u00fcr einen warmen, raffinierten Ton, der wunderbar zu Winterm\u00e4nteln und modernen Kleidungsst\u00fccken passt. Die elastischen Seiteneins\u00e4tze gew\u00e4hrleisten m\u00fchelosen Tragekomfort und machen ihn zu einer perfekten Wahl f\u00fcr die Frau, die einen vielseitigen Damenstiefel f\u00fcr den t\u00e4glichen Stadtgebrauch und elegante Anl\u00e4sse sucht. <\/p>\n","protected":false},"excerpt":{"rendered":"<p>Entdecken Sie Eleganz und Komfort in einem mit diesem Damen-Plateau-Stiefel von VELOUR MARMOTA HMA Beige. Dieser Stiefel ist aus hochwertigem Naturleder gefertigt und auf einer markanten Plateausohle gesetzt. Er bietet Ihnen sowohl H\u00f6he als auch Stabilit\u00e4t und verleiht Ihnen gleichzeitig einen modernen urbanen Look. Der Malto-Farbton sorgt f\u00fcr einen warmen, raffinierten Ton, der wunderbar zu &hellip;<\/p>\n","protected":false},"featured_media":6224,"template":"","meta":[],"product_brand":[357],"product_cat":[115],"product_tag":[],"class_list":{"0":"post-6215","1":"product","2":"type-product","3":"status-publish","4":"has-post-thumbnail","6":"product_brand-venise-collection","7":"product_cat-stiefel","9":"first","10":"instock","11":"shipping-taxable","12":"purchasable","13":"product-type-variable","14":"has-default-attributes"},"yoast_head":"<!-- This site is optimized with the Yoast SEO plugin v27.4 - https:\/\/yoast.com\/product\/yoast-seo-wordpress\/ -->\n<title>VELOUR MARMOTA HMA beige - VENISE COLLECTION<\/title>\n<meta name=\"robots\" content=\"index, follow, max-snippet:-1, max-image-preview:large, max-video-preview:-1\" \/>\n<link rel=\"canonical\" href=\"https:\/\/www.venisecollection.com\/de\/shop\/women\/stiefel\/velour-marmota-hma-beige\" \/>\n<meta property=\"og:locale\" content=\"de_DE\" \/>\n<meta property=\"og:type\" content=\"article\" \/>\n<meta property=\"og:title\" content=\"VELOUR MARMOTA HMA beige - VENISE COLLECTION\" \/>\n<meta property=\"og:description\" content=\"Entdecken Sie Eleganz und Komfort in einem mit diesem Damen-Plateau-Stiefel von VELOUR MARMOTA HMA Beige. Dieser Stiefel ist aus hochwertigem Naturleder gefertigt und auf einer markanten Plateausohle gesetzt. Er bietet Ihnen sowohl H\u00f6he als auch Stabilit\u00e4t und verleiht Ihnen gleichzeitig einen modernen urbanen Look. Der Malto-Farbton sorgt f\u00fcr einen warmen, raffinierten Ton, der wunderbar zu &hellip;\" \/>\n<meta property=\"og:url\" content=\"https:\/\/www.venisecollection.com\/de\/shop\/women\/stiefel\/velour-marmota-hma-beige\" \/>\n<meta property=\"og:site_name\" content=\"VENISE COLLECTION\" \/>\n<meta property=\"article:modified_time\" content=\"2025-12-26T15:06:43+00:00\" \/>\n<meta property=\"og:image\" content=\"https:\/\/www.venisecollection.com\/cdn\/image.psd-66.webp\" \/>\n\t<meta property=\"og:image:width\" content=\"1280\" \/>\n\t<meta property=\"og:image:height\" content=\"1588\" \/>\n\t<meta property=\"og:image:type\" content=\"image\/webp\" \/>\n<meta name=\"twitter:card\" content=\"summary_large_image\" \/>\n<meta name=\"twitter:label1\" content=\"Gesch\u00e4tzte Lesezeit\" \/>\n\t<meta name=\"twitter:data1\" content=\"1\u00a0Minute\" \/>\n<script type=\"application\/ld+json\" class=\"yoast-schema-graph\">{\"@context\":\"https:\\\/\\\/schema.org\",\"@graph\":[{\"@type\":\"WebPage\",\"@id\":\"https:\\\/\\\/www.venisecollection.com\\\/de\\\/shop\\\/women\\\/stiefel\\\/velour-marmota-hma-beige\",\"url\":\"https:\\\/\\\/www.venisecollection.com\\\/de\\\/shop\\\/women\\\/stiefel\\\/velour-marmota-hma-beige\",\"name\":\"VELOUR MARMOTA HMA beige - VENISE COLLECTION\",\"isPartOf\":{\"@id\":\"https:\\\/\\\/www.venisecollection.com\\\/de#website\"},\"primaryImageOfPage\":{\"@id\":\"https:\\\/\\\/www.venisecollection.com\\\/de\\\/shop\\\/women\\\/stiefel\\\/velour-marmota-hma-beige#primaryimage\"},\"image\":{\"@id\":\"https:\\\/\\\/www.venisecollection.com\\\/de\\\/shop\\\/women\\\/stiefel\\\/velour-marmota-hma-beige#primaryimage\"},\"thumbnailUrl\":\"https:\\\/\\\/www.venisecollection.com\\\/cdn\\\/image.psd-66.webp\",\"datePublished\":\"2025-11-20T16:15:47+00:00\",\"dateModified\":\"2025-12-26T15:06:43+00:00\",\"breadcrumb\":{\"@id\":\"https:\\\/\\\/www.venisecollection.com\\\/de\\\/shop\\\/women\\\/stiefel\\\/velour-marmota-hma-beige#breadcrumb\"},\"inLanguage\":\"de\",\"potentialAction\":[{\"@type\":\"ReadAction\",\"target\":[\"https:\\\/\\\/www.venisecollection.com\\\/de\\\/shop\\\/women\\\/stiefel\\\/velour-marmota-hma-beige\"]}]},{\"@type\":\"ImageObject\",\"inLanguage\":\"de\",\"@id\":\"https:\\\/\\\/www.venisecollection.com\\\/de\\\/shop\\\/women\\\/stiefel\\\/velour-marmota-hma-beige#primaryimage\",\"url\":\"https:\\\/\\\/www.venisecollection.com\\\/cdn\\\/image.psd-66.webp\",\"contentUrl\":\"https:\\\/\\\/www.venisecollection.com\\\/cdn\\\/image.psd-66.webp\",\"width\":1280,\"height\":1588},{\"@type\":\"BreadcrumbList\",\"@id\":\"https:\\\/\\\/www.venisecollection.com\\\/de\\\/shop\\\/women\\\/stiefel\\\/velour-marmota-hma-beige#breadcrumb\",\"itemListElement\":[{\"@type\":\"ListItem\",\"position\":1,\"name\":\"Home\",\"item\":\"https:\\\/\\\/www.venisecollection.com\\\/de\\\/shop\"},{\"@type\":\"ListItem\",\"position\":2,\"name\":\"Startseite\",\"item\":\"https:\\\/\\\/www.venisecollection.com\\\/de\\\/shop\"},{\"@type\":\"ListItem\",\"position\":3,\"name\":\"VELOUR MARMOTA HMA beige\"}]},{\"@type\":\"WebSite\",\"@id\":\"https:\\\/\\\/www.venisecollection.com\\\/de#website\",\"url\":\"https:\\\/\\\/www.venisecollection.com\\\/de\",\"name\":\"VENISE COLLECTION\",\"description\":\"\",\"publisher\":{\"@id\":\"https:\\\/\\\/www.venisecollection.com\\\/de#organization\"},\"potentialAction\":[{\"@type\":\"SearchAction\",\"target\":{\"@type\":\"EntryPoint\",\"urlTemplate\":\"https:\\\/\\\/www.venisecollection.com\\\/de?s={search_term_string}\"},\"query-input\":{\"@type\":\"PropertyValueSpecification\",\"valueRequired\":true,\"valueName\":\"search_term_string\"}}],\"inLanguage\":\"de\"},{\"@type\":\"Organization\",\"@id\":\"https:\\\/\\\/www.venisecollection.com\\\/de#organization\",\"name\":\"VENISE COLLECTION\",\"url\":\"https:\\\/\\\/www.venisecollection.com\\\/de\",\"logo\":{\"@type\":\"ImageObject\",\"inLanguage\":\"de\",\"@id\":\"https:\\\/\\\/www.venisecollection.com\\\/de#\\\/schema\\\/logo\\\/image\\\/\",\"url\":\"https:\\\/\\\/www.venisecollection.com\\\/cdn\\\/seo.png\",\"contentUrl\":\"https:\\\/\\\/www.venisecollection.com\\\/cdn\\\/seo.png\",\"width\":1080,\"height\":1080,\"caption\":\"VENISE COLLECTION\"},\"image\":{\"@id\":\"https:\\\/\\\/www.venisecollection.com\\\/de#\\\/schema\\\/logo\\\/image\\\/\"},\"sameAs\":[\"https:\\\/\\\/www.instagram.com\\\/venisecollection\\\/\",\"https:\\\/\\\/fr.pinterest.com\\\/venisecollection\\\/\"]}]}<\/script>\n<!-- \/ Yoast SEO plugin. -->","yoast_head_json":{"title":"VELOUR MARMOTA HMA beige - VENISE COLLECTION","robots":{"index":"index","follow":"follow","max-snippet":"max-snippet:-1","max-image-preview":"max-image-preview:large","max-video-preview":"max-video-preview:-1"},"canonical":"https:\/\/www.venisecollection.com\/de\/shop\/women\/stiefel\/velour-marmota-hma-beige","og_locale":"de_DE","og_type":"article","og_title":"VELOUR MARMOTA HMA beige - VENISE COLLECTION","og_description":"Entdecken Sie Eleganz und Komfort in einem mit diesem Damen-Plateau-Stiefel von VELOUR MARMOTA HMA Beige. Dieser Stiefel ist aus hochwertigem Naturleder gefertigt und auf einer markanten Plateausohle gesetzt. Er bietet Ihnen sowohl H\u00f6he als auch Stabilit\u00e4t und verleiht Ihnen gleichzeitig einen modernen urbanen Look. Der Malto-Farbton sorgt f\u00fcr einen warmen, raffinierten Ton, der wunderbar zu &hellip;","og_url":"https:\/\/www.venisecollection.com\/de\/shop\/women\/stiefel\/velour-marmota-hma-beige","og_site_name":"VENISE COLLECTION","article_modified_time":"2025-12-26T15:06:43+00:00","og_image":[{"width":1280,"height":1588,"url":"https:\/\/www.venisecollection.com\/cdn\/image.psd-66.webp","type":"image\/webp"}],"twitter_card":"summary_large_image","twitter_misc":{"Gesch\u00e4tzte Lesezeit":"1\u00a0Minute"},"schema":{"@context":"https:\/\/schema.org","@graph":[{"@type":"WebPage","@id":"https:\/\/www.venisecollection.com\/de\/shop\/women\/stiefel\/velour-marmota-hma-beige","url":"https:\/\/www.venisecollection.com\/de\/shop\/women\/stiefel\/velour-marmota-hma-beige","name":"VELOUR MARMOTA HMA beige - VENISE COLLECTION","isPartOf":{"@id":"https:\/\/www.venisecollection.com\/de#website"},"primaryImageOfPage":{"@id":"https:\/\/www.venisecollection.com\/de\/shop\/women\/stiefel\/velour-marmota-hma-beige#primaryimage"},"image":{"@id":"https:\/\/www.venisecollection.com\/de\/shop\/women\/stiefel\/velour-marmota-hma-beige#primaryimage"},"thumbnailUrl":"https:\/\/www.venisecollection.com\/cdn\/image.psd-66.webp","datePublished":"2025-11-20T16:15:47+00:00","dateModified":"2025-12-26T15:06:43+00:00","breadcrumb":{"@id":"https:\/\/www.venisecollection.com\/de\/shop\/women\/stiefel\/velour-marmota-hma-beige#breadcrumb"},"inLanguage":"de","potentialAction":[{"@type":"ReadAction","target":["https:\/\/www.venisecollection.com\/de\/shop\/women\/stiefel\/velour-marmota-hma-beige"]}]},{"@type":"ImageObject","inLanguage":"de","@id":"https:\/\/www.venisecollection.com\/de\/shop\/women\/stiefel\/velour-marmota-hma-beige#primaryimage","url":"https:\/\/www.venisecollection.com\/cdn\/image.psd-66.webp","contentUrl":"https:\/\/www.venisecollection.com\/cdn\/image.psd-66.webp","width":1280,"height":1588},{"@type":"BreadcrumbList","@id":"https:\/\/www.venisecollection.com\/de\/shop\/women\/stiefel\/velour-marmota-hma-beige#breadcrumb","itemListElement":[{"@type":"ListItem","position":1,"name":"Home","item":"https:\/\/www.venisecollection.com\/de\/shop"},{"@type":"ListItem","position":2,"name":"Startseite","item":"https:\/\/www.venisecollection.com\/de\/shop"},{"@type":"ListItem","position":3,"name":"VELOUR MARMOTA HMA beige"}]},{"@type":"WebSite","@id":"https:\/\/www.venisecollection.com\/de#website","url":"https:\/\/www.venisecollection.com\/de","name":"VENISE COLLECTION","description":"","publisher":{"@id":"https:\/\/www.venisecollection.com\/de#organization"},"potentialAction":[{"@type":"SearchAction","target":{"@type":"EntryPoint","urlTemplate":"https:\/\/www.venisecollection.com\/de?s={search_term_string}"},"query-input":{"@type":"PropertyValueSpecification","valueRequired":true,"valueName":"search_term_string"}}],"inLanguage":"de"},{"@type":"Organization","@id":"https:\/\/www.venisecollection.com\/de#organization","name":"VENISE COLLECTION","url":"https:\/\/www.venisecollection.com\/de","logo":{"@type":"ImageObject","inLanguage":"de","@id":"https:\/\/www.venisecollection.com\/de#\/schema\/logo\/image\/","url":"https:\/\/www.venisecollection.com\/cdn\/seo.png","contentUrl":"https:\/\/www.venisecollection.com\/cdn\/seo.png","width":1080,"height":1080,"caption":"VENISE COLLECTION"},"image":{"@id":"https:\/\/www.venisecollection.com\/de#\/schema\/logo\/image\/"},"sameAs":["https:\/\/www.instagram.com\/venisecollection\/","https:\/\/fr.pinterest.com\/venisecollection\/"]}]}},"_links":{"self":[{"href":"https:\/\/www.venisecollection.com\/de\/wp-json\/wp\/v2\/product\/6215","targetHints":{"allow":["GET"]}}],"collection":[{"href":"https:\/\/www.venisecollection.com\/de\/wp-json\/wp\/v2\/product"}],"about":[{"href":"https:\/\/www.venisecollection.com\/de\/wp-json\/wp\/v2\/types\/product"}],"wp:featuredmedia":[{"embeddable":true,"href":"https:\/\/www.venisecollection.com\/de\/wp-json\/wp\/v2\/media\/6224"}],"wp:attachment":[{"href":"https:\/\/www.venisecollection.com\/de\/wp-json\/wp\/v2\/media?parent=6215"}],"wp:term":[{"taxonomy":"product_brand","embeddable":true,"href":"https:\/\/www.venisecollection.com\/de\/wp-json\/wp\/v2\/product_brand?post=6215"},{"taxonomy":"product_cat","embeddable":true,"href":"https:\/\/www.venisecollection.com\/de\/wp-json\/wp\/v2\/product_cat?post=6215"},{"taxonomy":"product_tag","embeddable":true,"href":"https:\/\/www.venisecollection.com\/de\/wp-json\/wp\/v2\/product_tag?post=6215"}],"curies":[{"name":"wp","href":"https:\/\/api.w.org\/{rel}","templated":true}]}}