{"id":6265,"date":"2025-12-23T16:14:30","date_gmt":"2025-12-23T16:14:30","guid":{"rendered":"https:\/\/www.venisecollection.com\/shop\/women\/unkategorisiert\/elena-iachi-boston-nero\/"},"modified":"2025-12-26T15:10:08","modified_gmt":"2025-12-26T15:10:08","slug":"elena-iachi-boston-nero","status":"publish","type":"product","link":"https:\/\/www.venisecollection.com\/de\/shop\/women\/stiefel\/elena-iachi-boston-nero","title":{"rendered":"Elena iachi BOSTON NERO"},"content":{"rendered":"<p style=\"text-align: justify;\">Die Damenstiefel Elena Iachi BOSTON NERO sind ein Ausdruck von raffinierter italienischer Handwerkskunst und moderner femininer St\u00e4rke. Diese Stiefel werden aus hochwertigem schwarzem Leder mit einem matten Finish gefertigt und vereinen zeitlosen Stil mit allt\u00e4glichem Komfort. Der breite 60-mm-Blockabsatz und die rutschfeste Gummisohle bieten perfekte Balance und Stabilit\u00e4t, w\u00e4hrend die minimalistische Silhouette vielseitige Stylingm\u00f6glichkeiten von Casual Chic bis hin zu eleganten Looks gew\u00e4hrleistet.  <\/p>\n<p style=\"text-align: justify;\">Dieses in Italien gefertigte Design f\u00e4ngt die Essenz zeitgen\u00f6ssischen Luxus ein. Ideal f\u00fcr Herbst- und Winteroutfits, l\u00e4sst es sich m\u00fchelos mit Skinny-Hosen, langen M\u00e4nteln oder Midir\u00f6cken kombinieren. <\/p>\n","protected":false},"excerpt":{"rendered":"<p>Die Damenstiefel Elena Iachi BOSTON NERO sind ein Ausdruck von raffinierter italienischer Handwerkskunst und moderner femininer St\u00e4rke. Diese Stiefel werden aus hochwertigem schwarzem Leder mit einem matten Finish gefertigt und vereinen zeitlosen Stil mit allt\u00e4glichem Komfort. Der breite 60-mm-Blockabsatz und die rutschfeste Gummisohle bieten perfekte Balance und Stabilit\u00e4t, w\u00e4hrend die minimalistische Silhouette vielseitige Stylingm\u00f6glichkeiten von &hellip;<\/p>\n","protected":false},"featured_media":6287,"template":"","meta":[],"product_brand":[351],"product_cat":[115],"product_tag":[],"class_list":{"0":"post-6265","1":"product","2":"type-product","3":"status-publish","4":"has-post-thumbnail","6":"product_brand-elena-iachi","7":"product_cat-stiefel","9":"first","10":"instock","11":"shipping-taxable","12":"purchasable","13":"product-type-variable","14":"has-default-attributes"},"yoast_head":"<!-- This site is optimized with the Yoast SEO plugin v27.4 - https:\/\/yoast.com\/product\/yoast-seo-wordpress\/ -->\n<title>Elena iachi BOSTON NERO - VENISE COLLECTION<\/title>\n<meta name=\"robots\" content=\"index, follow, max-snippet:-1, max-image-preview:large, max-video-preview:-1\" \/>\n<link rel=\"canonical\" href=\"https:\/\/www.venisecollection.com\/de\/shop\/women\/stiefel\/elena-iachi-boston-nero\" \/>\n<meta property=\"og:locale\" content=\"de_DE\" \/>\n<meta property=\"og:type\" content=\"article\" \/>\n<meta property=\"og:title\" content=\"Elena iachi BOSTON NERO - VENISE COLLECTION\" \/>\n<meta property=\"og:description\" content=\"Die Damenstiefel Elena Iachi BOSTON NERO sind ein Ausdruck von raffinierter italienischer Handwerkskunst und moderner femininer St\u00e4rke. Diese Stiefel werden aus hochwertigem schwarzem Leder mit einem matten Finish gefertigt und vereinen zeitlosen Stil mit allt\u00e4glichem Komfort. Der breite 60-mm-Blockabsatz und die rutschfeste Gummisohle bieten perfekte Balance und Stabilit\u00e4t, w\u00e4hrend die minimalistische Silhouette vielseitige Stylingm\u00f6glichkeiten von &hellip;\" \/>\n<meta property=\"og:url\" content=\"https:\/\/www.venisecollection.com\/de\/shop\/women\/stiefel\/elena-iachi-boston-nero\" \/>\n<meta property=\"og:site_name\" content=\"VENISE COLLECTION\" \/>\n<meta property=\"article:modified_time\" content=\"2025-12-26T15:10:08+00:00\" \/>\n<meta property=\"og:image\" content=\"https:\/\/www.venisecollection.com\/cdn\/image.psd-83-1.webp\" \/>\n\t<meta property=\"og:image:width\" content=\"1280\" \/>\n\t<meta property=\"og:image:height\" content=\"1588\" \/>\n\t<meta property=\"og:image:type\" content=\"image\/webp\" \/>\n<meta name=\"twitter:card\" content=\"summary_large_image\" \/>\n<meta name=\"twitter:label1\" content=\"Gesch\u00e4tzte Lesezeit\" \/>\n\t<meta name=\"twitter:data1\" content=\"1\u00a0Minute\" \/>\n<script type=\"application\/ld+json\" class=\"yoast-schema-graph\">{\"@context\":\"https:\\\/\\\/schema.org\",\"@graph\":[{\"@type\":\"WebPage\",\"@id\":\"https:\\\/\\\/www.venisecollection.com\\\/de\\\/shop\\\/women\\\/stiefel\\\/elena-iachi-boston-nero\",\"url\":\"https:\\\/\\\/www.venisecollection.com\\\/de\\\/shop\\\/women\\\/stiefel\\\/elena-iachi-boston-nero\",\"name\":\"Elena iachi BOSTON NERO - VENISE COLLECTION\",\"isPartOf\":{\"@id\":\"https:\\\/\\\/www.venisecollection.com\\\/de#website\"},\"primaryImageOfPage\":{\"@id\":\"https:\\\/\\\/www.venisecollection.com\\\/de\\\/shop\\\/women\\\/stiefel\\\/elena-iachi-boston-nero#primaryimage\"},\"image\":{\"@id\":\"https:\\\/\\\/www.venisecollection.com\\\/de\\\/shop\\\/women\\\/stiefel\\\/elena-iachi-boston-nero#primaryimage\"},\"thumbnailUrl\":\"https:\\\/\\\/www.venisecollection.com\\\/cdn\\\/image.psd-83-1.webp\",\"datePublished\":\"2025-12-23T16:14:30+00:00\",\"dateModified\":\"2025-12-26T15:10:08+00:00\",\"breadcrumb\":{\"@id\":\"https:\\\/\\\/www.venisecollection.com\\\/de\\\/shop\\\/women\\\/stiefel\\\/elena-iachi-boston-nero#breadcrumb\"},\"inLanguage\":\"de\",\"potentialAction\":[{\"@type\":\"ReadAction\",\"target\":[\"https:\\\/\\\/www.venisecollection.com\\\/de\\\/shop\\\/women\\\/stiefel\\\/elena-iachi-boston-nero\"]}]},{\"@type\":\"ImageObject\",\"inLanguage\":\"de\",\"@id\":\"https:\\\/\\\/www.venisecollection.com\\\/de\\\/shop\\\/women\\\/stiefel\\\/elena-iachi-boston-nero#primaryimage\",\"url\":\"https:\\\/\\\/www.venisecollection.com\\\/cdn\\\/image.psd-83-1.webp\",\"contentUrl\":\"https:\\\/\\\/www.venisecollection.com\\\/cdn\\\/image.psd-83-1.webp\",\"width\":1280,\"height\":1588},{\"@type\":\"BreadcrumbList\",\"@id\":\"https:\\\/\\\/www.venisecollection.com\\\/de\\\/shop\\\/women\\\/stiefel\\\/elena-iachi-boston-nero#breadcrumb\",\"itemListElement\":[{\"@type\":\"ListItem\",\"position\":1,\"name\":\"Home\",\"item\":\"https:\\\/\\\/www.venisecollection.com\\\/de\\\/shop\"},{\"@type\":\"ListItem\",\"position\":2,\"name\":\"Startseite\",\"item\":\"https:\\\/\\\/www.venisecollection.com\\\/de\\\/shop\"},{\"@type\":\"ListItem\",\"position\":3,\"name\":\"Elena iachi BOSTON NERO\"}]},{\"@type\":\"WebSite\",\"@id\":\"https:\\\/\\\/www.venisecollection.com\\\/de#website\",\"url\":\"https:\\\/\\\/www.venisecollection.com\\\/de\",\"name\":\"VENISE COLLECTION\",\"description\":\"\",\"publisher\":{\"@id\":\"https:\\\/\\\/www.venisecollection.com\\\/de#organization\"},\"potentialAction\":[{\"@type\":\"SearchAction\",\"target\":{\"@type\":\"EntryPoint\",\"urlTemplate\":\"https:\\\/\\\/www.venisecollection.com\\\/de?s={search_term_string}\"},\"query-input\":{\"@type\":\"PropertyValueSpecification\",\"valueRequired\":true,\"valueName\":\"search_term_string\"}}],\"inLanguage\":\"de\"},{\"@type\":\"Organization\",\"@id\":\"https:\\\/\\\/www.venisecollection.com\\\/de#organization\",\"name\":\"VENISE COLLECTION\",\"url\":\"https:\\\/\\\/www.venisecollection.com\\\/de\",\"logo\":{\"@type\":\"ImageObject\",\"inLanguage\":\"de\",\"@id\":\"https:\\\/\\\/www.venisecollection.com\\\/de#\\\/schema\\\/logo\\\/image\\\/\",\"url\":\"https:\\\/\\\/www.venisecollection.com\\\/cdn\\\/seo.png\",\"contentUrl\":\"https:\\\/\\\/www.venisecollection.com\\\/cdn\\\/seo.png\",\"width\":1080,\"height\":1080,\"caption\":\"VENISE COLLECTION\"},\"image\":{\"@id\":\"https:\\\/\\\/www.venisecollection.com\\\/de#\\\/schema\\\/logo\\\/image\\\/\"},\"sameAs\":[\"https:\\\/\\\/www.instagram.com\\\/venisecollection\\\/\",\"https:\\\/\\\/fr.pinterest.com\\\/venisecollection\\\/\"]}]}<\/script>\n<!-- \/ Yoast SEO plugin. -->","yoast_head_json":{"title":"Elena iachi BOSTON NERO - VENISE COLLECTION","robots":{"index":"index","follow":"follow","max-snippet":"max-snippet:-1","max-image-preview":"max-image-preview:large","max-video-preview":"max-video-preview:-1"},"canonical":"https:\/\/www.venisecollection.com\/de\/shop\/women\/stiefel\/elena-iachi-boston-nero","og_locale":"de_DE","og_type":"article","og_title":"Elena iachi BOSTON NERO - VENISE COLLECTION","og_description":"Die Damenstiefel Elena Iachi BOSTON NERO sind ein Ausdruck von raffinierter italienischer Handwerkskunst und moderner femininer St\u00e4rke. Diese Stiefel werden aus hochwertigem schwarzem Leder mit einem matten Finish gefertigt und vereinen zeitlosen Stil mit allt\u00e4glichem Komfort. Der breite 60-mm-Blockabsatz und die rutschfeste Gummisohle bieten perfekte Balance und Stabilit\u00e4t, w\u00e4hrend die minimalistische Silhouette vielseitige Stylingm\u00f6glichkeiten von &hellip;","og_url":"https:\/\/www.venisecollection.com\/de\/shop\/women\/stiefel\/elena-iachi-boston-nero","og_site_name":"VENISE COLLECTION","article_modified_time":"2025-12-26T15:10:08+00:00","og_image":[{"width":1280,"height":1588,"url":"https:\/\/www.venisecollection.com\/cdn\/image.psd-83-1.webp","type":"image\/webp"}],"twitter_card":"summary_large_image","twitter_misc":{"Gesch\u00e4tzte Lesezeit":"1\u00a0Minute"},"schema":{"@context":"https:\/\/schema.org","@graph":[{"@type":"WebPage","@id":"https:\/\/www.venisecollection.com\/de\/shop\/women\/stiefel\/elena-iachi-boston-nero","url":"https:\/\/www.venisecollection.com\/de\/shop\/women\/stiefel\/elena-iachi-boston-nero","name":"Elena iachi BOSTON NERO - VENISE COLLECTION","isPartOf":{"@id":"https:\/\/www.venisecollection.com\/de#website"},"primaryImageOfPage":{"@id":"https:\/\/www.venisecollection.com\/de\/shop\/women\/stiefel\/elena-iachi-boston-nero#primaryimage"},"image":{"@id":"https:\/\/www.venisecollection.com\/de\/shop\/women\/stiefel\/elena-iachi-boston-nero#primaryimage"},"thumbnailUrl":"https:\/\/www.venisecollection.com\/cdn\/image.psd-83-1.webp","datePublished":"2025-12-23T16:14:30+00:00","dateModified":"2025-12-26T15:10:08+00:00","breadcrumb":{"@id":"https:\/\/www.venisecollection.com\/de\/shop\/women\/stiefel\/elena-iachi-boston-nero#breadcrumb"},"inLanguage":"de","potentialAction":[{"@type":"ReadAction","target":["https:\/\/www.venisecollection.com\/de\/shop\/women\/stiefel\/elena-iachi-boston-nero"]}]},{"@type":"ImageObject","inLanguage":"de","@id":"https:\/\/www.venisecollection.com\/de\/shop\/women\/stiefel\/elena-iachi-boston-nero#primaryimage","url":"https:\/\/www.venisecollection.com\/cdn\/image.psd-83-1.webp","contentUrl":"https:\/\/www.venisecollection.com\/cdn\/image.psd-83-1.webp","width":1280,"height":1588},{"@type":"BreadcrumbList","@id":"https:\/\/www.venisecollection.com\/de\/shop\/women\/stiefel\/elena-iachi-boston-nero#breadcrumb","itemListElement":[{"@type":"ListItem","position":1,"name":"Home","item":"https:\/\/www.venisecollection.com\/de\/shop"},{"@type":"ListItem","position":2,"name":"Startseite","item":"https:\/\/www.venisecollection.com\/de\/shop"},{"@type":"ListItem","position":3,"name":"Elena iachi BOSTON NERO"}]},{"@type":"WebSite","@id":"https:\/\/www.venisecollection.com\/de#website","url":"https:\/\/www.venisecollection.com\/de","name":"VENISE COLLECTION","description":"","publisher":{"@id":"https:\/\/www.venisecollection.com\/de#organization"},"potentialAction":[{"@type":"SearchAction","target":{"@type":"EntryPoint","urlTemplate":"https:\/\/www.venisecollection.com\/de?s={search_term_string}"},"query-input":{"@type":"PropertyValueSpecification","valueRequired":true,"valueName":"search_term_string"}}],"inLanguage":"de"},{"@type":"Organization","@id":"https:\/\/www.venisecollection.com\/de#organization","name":"VENISE COLLECTION","url":"https:\/\/www.venisecollection.com\/de","logo":{"@type":"ImageObject","inLanguage":"de","@id":"https:\/\/www.venisecollection.com\/de#\/schema\/logo\/image\/","url":"https:\/\/www.venisecollection.com\/cdn\/seo.png","contentUrl":"https:\/\/www.venisecollection.com\/cdn\/seo.png","width":1080,"height":1080,"caption":"VENISE COLLECTION"},"image":{"@id":"https:\/\/www.venisecollection.com\/de#\/schema\/logo\/image\/"},"sameAs":["https:\/\/www.instagram.com\/venisecollection\/","https:\/\/fr.pinterest.com\/venisecollection\/"]}]}},"_links":{"self":[{"href":"https:\/\/www.venisecollection.com\/de\/wp-json\/wp\/v2\/product\/6265","targetHints":{"allow":["GET"]}}],"collection":[{"href":"https:\/\/www.venisecollection.com\/de\/wp-json\/wp\/v2\/product"}],"about":[{"href":"https:\/\/www.venisecollection.com\/de\/wp-json\/wp\/v2\/types\/product"}],"wp:featuredmedia":[{"embeddable":true,"href":"https:\/\/www.venisecollection.com\/de\/wp-json\/wp\/v2\/media\/6287"}],"wp:attachment":[{"href":"https:\/\/www.venisecollection.com\/de\/wp-json\/wp\/v2\/media?parent=6265"}],"wp:term":[{"taxonomy":"product_brand","embeddable":true,"href":"https:\/\/www.venisecollection.com\/de\/wp-json\/wp\/v2\/product_brand?post=6265"},{"taxonomy":"product_cat","embeddable":true,"href":"https:\/\/www.venisecollection.com\/de\/wp-json\/wp\/v2\/product_cat?post=6265"},{"taxonomy":"product_tag","embeddable":true,"href":"https:\/\/www.venisecollection.com\/de\/wp-json\/wp\/v2\/product_tag?post=6265"}],"curies":[{"name":"wp","href":"https:\/\/api.w.org\/{rel}","templated":true}]}}