{"id":6362,"date":"2025-11-20T16:13:47","date_gmt":"2025-11-20T16:13:47","guid":{"rendered":"https:\/\/www.venisecollection.com\/shop\/women\/unkategorisiert\/vitello-tejus-marrone\/"},"modified":"2026-04-30T00:43:22","modified_gmt":"2026-04-30T00:43:22","slug":"vitello-tejus-marrone","status":"publish","type":"product","link":"https:\/\/www.venisecollection.com\/de\/shop\/women\/loafers-and-derbies\/vitello-tejus-marrone","title":{"rendered":"Vitello tejus marrone"},"content":{"rendered":"<p style=\"text-align: justify;\" data-start=\"1064\" data-end=\"1492\">Die Vitello Tejus Marrone Damen-Mokassins von VENISE COLLECTION vereinen Eleganz mit h\u00f6chstem Komfort. Mit einer lederartigen Textur auf der Vorderseite und vollst\u00e4ndig aus hochwertigem Naturleder gefertigt, erg\u00e4nzen diese Schuhe in einem warmen Braunton jedes Outfit perfekt und bieten einen anspruchsvollen und dennoch modernen Look. Sie sind f\u00fcr Damen konzipiert und eignen sich ideal sowohl f\u00fcr den Alltag als auch f\u00fcr besondere Anl\u00e4sse.  <\/p>\n","protected":false},"excerpt":{"rendered":"<p>Die Vitello Tejus Marrone Damen-Mokassins von VENISE COLLECTION vereinen Eleganz mit h\u00f6chstem Komfort. Mit einer lederartigen Textur auf der Vorderseite und vollst\u00e4ndig aus hochwertigem Naturleder gefertigt, erg\u00e4nzen diese Schuhe in einem warmen Braunton jedes Outfit perfekt und bieten einen anspruchsvollen und dennoch modernen Look. Sie sind f\u00fcr Damen konzipiert und eignen sich ideal sowohl f\u00fcr &hellip;<\/p>\n","protected":false},"featured_media":6380,"template":"","meta":[],"product_brand":[69],"product_cat":[72],"product_tag":[],"class_list":{"0":"post-6362","1":"product","2":"type-product","3":"status-publish","4":"has-post-thumbnail","6":"product_brand-venise-collection","7":"product_cat-loafers-and-derbies","9":"first","10":"instock","11":"shipping-taxable","12":"purchasable","13":"product-type-variable","14":"has-default-attributes"},"yoast_head":"<!-- This site is optimized with the Yoast SEO plugin v27.5 - https:\/\/yoast.com\/product\/yoast-seo-wordpress\/ -->\n<title>Vitello tejus marrone - VENISE COLLECTION<\/title>\n<meta name=\"robots\" content=\"index, follow, max-snippet:-1, max-image-preview:large, max-video-preview:-1\" \/>\n<link rel=\"canonical\" href=\"https:\/\/www.venisecollection.com\/de\/shop\/women\/loafers-and-derbies\/vitello-tejus-marrone\" \/>\n<meta property=\"og:locale\" content=\"de_DE\" \/>\n<meta property=\"og:type\" content=\"article\" \/>\n<meta property=\"og:title\" content=\"Vitello tejus marrone - VENISE COLLECTION\" \/>\n<meta property=\"og:description\" content=\"Die Vitello Tejus Marrone Damen-Mokassins von VENISE COLLECTION vereinen Eleganz mit h\u00f6chstem Komfort. Mit einer lederartigen Textur auf der Vorderseite und vollst\u00e4ndig aus hochwertigem Naturleder gefertigt, erg\u00e4nzen diese Schuhe in einem warmen Braunton jedes Outfit perfekt und bieten einen anspruchsvollen und dennoch modernen Look. Sie sind f\u00fcr Damen konzipiert und eignen sich ideal sowohl f\u00fcr &hellip;\" \/>\n<meta property=\"og:url\" content=\"https:\/\/www.venisecollection.com\/de\/shop\/women\/loafers-and-derbies\/vitello-tejus-marrone\" \/>\n<meta property=\"og:site_name\" content=\"VENISE COLLECTION\" \/>\n<meta property=\"article:modified_time\" content=\"2026-04-30T00:43:22+00:00\" \/>\n<meta property=\"og:image\" content=\"https:\/\/www.venisecollection.com\/cdn\/image.psd-111.webp\" \/>\n\t<meta property=\"og:image:width\" content=\"1280\" \/>\n\t<meta property=\"og:image:height\" content=\"1588\" \/>\n\t<meta property=\"og:image:type\" content=\"image\/webp\" \/>\n<meta name=\"twitter:card\" content=\"summary_large_image\" \/>\n<script type=\"application\/ld+json\" class=\"yoast-schema-graph\">{\"@context\":\"https:\\\/\\\/schema.org\",\"@graph\":[{\"@type\":\"WebPage\",\"@id\":\"https:\\\/\\\/www.venisecollection.com\\\/de\\\/shop\\\/women\\\/loafers-and-derbies\\\/vitello-tejus-marrone\",\"url\":\"https:\\\/\\\/www.venisecollection.com\\\/de\\\/shop\\\/women\\\/loafers-and-derbies\\\/vitello-tejus-marrone\",\"name\":\"Vitello tejus marrone - VENISE COLLECTION\",\"isPartOf\":{\"@id\":\"https:\\\/\\\/www.venisecollection.com\\\/de#website\"},\"primaryImageOfPage\":{\"@id\":\"https:\\\/\\\/www.venisecollection.com\\\/de\\\/shop\\\/women\\\/loafers-and-derbies\\\/vitello-tejus-marrone#primaryimage\"},\"image\":{\"@id\":\"https:\\\/\\\/www.venisecollection.com\\\/de\\\/shop\\\/women\\\/loafers-and-derbies\\\/vitello-tejus-marrone#primaryimage\"},\"thumbnailUrl\":\"https:\\\/\\\/www.venisecollection.com\\\/cdn\\\/image.psd-111.webp\",\"datePublished\":\"2025-11-20T16:13:47+00:00\",\"dateModified\":\"2026-04-30T00:43:22+00:00\",\"breadcrumb\":{\"@id\":\"https:\\\/\\\/www.venisecollection.com\\\/de\\\/shop\\\/women\\\/loafers-and-derbies\\\/vitello-tejus-marrone#breadcrumb\"},\"inLanguage\":\"de\",\"potentialAction\":[{\"@type\":\"ReadAction\",\"target\":[\"https:\\\/\\\/www.venisecollection.com\\\/de\\\/shop\\\/women\\\/loafers-and-derbies\\\/vitello-tejus-marrone\"]}]},{\"@type\":\"ImageObject\",\"inLanguage\":\"de\",\"@id\":\"https:\\\/\\\/www.venisecollection.com\\\/de\\\/shop\\\/women\\\/loafers-and-derbies\\\/vitello-tejus-marrone#primaryimage\",\"url\":\"https:\\\/\\\/www.venisecollection.com\\\/cdn\\\/image.psd-111.webp\",\"contentUrl\":\"https:\\\/\\\/www.venisecollection.com\\\/cdn\\\/image.psd-111.webp\",\"width\":1280,\"height\":1588},{\"@type\":\"BreadcrumbList\",\"@id\":\"https:\\\/\\\/www.venisecollection.com\\\/de\\\/shop\\\/women\\\/loafers-and-derbies\\\/vitello-tejus-marrone#breadcrumb\",\"itemListElement\":[{\"@type\":\"ListItem\",\"position\":1,\"name\":\"Home\",\"item\":\"https:\\\/\\\/www.venisecollection.com\\\/de\\\/shop\"},{\"@type\":\"ListItem\",\"position\":2,\"name\":\"Startseite\",\"item\":\"https:\\\/\\\/www.venisecollection.com\\\/de\\\/shop\"},{\"@type\":\"ListItem\",\"position\":3,\"name\":\"Vitello tejus marrone\"}]},{\"@type\":\"WebSite\",\"@id\":\"https:\\\/\\\/www.venisecollection.com\\\/de#website\",\"url\":\"https:\\\/\\\/www.venisecollection.com\\\/de\",\"name\":\"VENISE COLLECTION\",\"description\":\"\",\"publisher\":{\"@id\":\"https:\\\/\\\/www.venisecollection.com\\\/de#organization\"},\"potentialAction\":[{\"@type\":\"SearchAction\",\"target\":{\"@type\":\"EntryPoint\",\"urlTemplate\":\"https:\\\/\\\/www.venisecollection.com\\\/de?s={search_term_string}\"},\"query-input\":{\"@type\":\"PropertyValueSpecification\",\"valueRequired\":true,\"valueName\":\"search_term_string\"}}],\"inLanguage\":\"de\"},{\"@type\":\"Organization\",\"@id\":\"https:\\\/\\\/www.venisecollection.com\\\/de#organization\",\"name\":\"VENISE COLLECTION\",\"url\":\"https:\\\/\\\/www.venisecollection.com\\\/de\",\"logo\":{\"@type\":\"ImageObject\",\"inLanguage\":\"de\",\"@id\":\"https:\\\/\\\/www.venisecollection.com\\\/de#\\\/schema\\\/logo\\\/image\\\/\",\"url\":\"https:\\\/\\\/www.venisecollection.com\\\/cdn\\\/seo.png\",\"contentUrl\":\"https:\\\/\\\/www.venisecollection.com\\\/cdn\\\/seo.png\",\"width\":1080,\"height\":1080,\"caption\":\"VENISE COLLECTION\"},\"image\":{\"@id\":\"https:\\\/\\\/www.venisecollection.com\\\/de#\\\/schema\\\/logo\\\/image\\\/\"},\"sameAs\":[\"https:\\\/\\\/www.instagram.com\\\/venisecollection\\\/\",\"https:\\\/\\\/fr.pinterest.com\\\/venisecollection\\\/\"]}]}<\/script>\n<!-- \/ Yoast SEO plugin. -->","yoast_head_json":{"title":"Vitello tejus marrone - VENISE COLLECTION","robots":{"index":"index","follow":"follow","max-snippet":"max-snippet:-1","max-image-preview":"max-image-preview:large","max-video-preview":"max-video-preview:-1"},"canonical":"https:\/\/www.venisecollection.com\/de\/shop\/women\/loafers-and-derbies\/vitello-tejus-marrone","og_locale":"de_DE","og_type":"article","og_title":"Vitello tejus marrone - VENISE COLLECTION","og_description":"Die Vitello Tejus Marrone Damen-Mokassins von VENISE COLLECTION vereinen Eleganz mit h\u00f6chstem Komfort. Mit einer lederartigen Textur auf der Vorderseite und vollst\u00e4ndig aus hochwertigem Naturleder gefertigt, erg\u00e4nzen diese Schuhe in einem warmen Braunton jedes Outfit perfekt und bieten einen anspruchsvollen und dennoch modernen Look. Sie sind f\u00fcr Damen konzipiert und eignen sich ideal sowohl f\u00fcr &hellip;","og_url":"https:\/\/www.venisecollection.com\/de\/shop\/women\/loafers-and-derbies\/vitello-tejus-marrone","og_site_name":"VENISE COLLECTION","article_modified_time":"2026-04-30T00:43:22+00:00","og_image":[{"width":1280,"height":1588,"url":"https:\/\/www.venisecollection.com\/cdn\/image.psd-111.webp","type":"image\/webp"}],"twitter_card":"summary_large_image","schema":{"@context":"https:\/\/schema.org","@graph":[{"@type":"WebPage","@id":"https:\/\/www.venisecollection.com\/de\/shop\/women\/loafers-and-derbies\/vitello-tejus-marrone","url":"https:\/\/www.venisecollection.com\/de\/shop\/women\/loafers-and-derbies\/vitello-tejus-marrone","name":"Vitello tejus marrone - VENISE COLLECTION","isPartOf":{"@id":"https:\/\/www.venisecollection.com\/de#website"},"primaryImageOfPage":{"@id":"https:\/\/www.venisecollection.com\/de\/shop\/women\/loafers-and-derbies\/vitello-tejus-marrone#primaryimage"},"image":{"@id":"https:\/\/www.venisecollection.com\/de\/shop\/women\/loafers-and-derbies\/vitello-tejus-marrone#primaryimage"},"thumbnailUrl":"https:\/\/www.venisecollection.com\/cdn\/image.psd-111.webp","datePublished":"2025-11-20T16:13:47+00:00","dateModified":"2026-04-30T00:43:22+00:00","breadcrumb":{"@id":"https:\/\/www.venisecollection.com\/de\/shop\/women\/loafers-and-derbies\/vitello-tejus-marrone#breadcrumb"},"inLanguage":"de","potentialAction":[{"@type":"ReadAction","target":["https:\/\/www.venisecollection.com\/de\/shop\/women\/loafers-and-derbies\/vitello-tejus-marrone"]}]},{"@type":"ImageObject","inLanguage":"de","@id":"https:\/\/www.venisecollection.com\/de\/shop\/women\/loafers-and-derbies\/vitello-tejus-marrone#primaryimage","url":"https:\/\/www.venisecollection.com\/cdn\/image.psd-111.webp","contentUrl":"https:\/\/www.venisecollection.com\/cdn\/image.psd-111.webp","width":1280,"height":1588},{"@type":"BreadcrumbList","@id":"https:\/\/www.venisecollection.com\/de\/shop\/women\/loafers-and-derbies\/vitello-tejus-marrone#breadcrumb","itemListElement":[{"@type":"ListItem","position":1,"name":"Home","item":"https:\/\/www.venisecollection.com\/de\/shop"},{"@type":"ListItem","position":2,"name":"Startseite","item":"https:\/\/www.venisecollection.com\/de\/shop"},{"@type":"ListItem","position":3,"name":"Vitello tejus marrone"}]},{"@type":"WebSite","@id":"https:\/\/www.venisecollection.com\/de#website","url":"https:\/\/www.venisecollection.com\/de","name":"VENISE COLLECTION","description":"","publisher":{"@id":"https:\/\/www.venisecollection.com\/de#organization"},"potentialAction":[{"@type":"SearchAction","target":{"@type":"EntryPoint","urlTemplate":"https:\/\/www.venisecollection.com\/de?s={search_term_string}"},"query-input":{"@type":"PropertyValueSpecification","valueRequired":true,"valueName":"search_term_string"}}],"inLanguage":"de"},{"@type":"Organization","@id":"https:\/\/www.venisecollection.com\/de#organization","name":"VENISE COLLECTION","url":"https:\/\/www.venisecollection.com\/de","logo":{"@type":"ImageObject","inLanguage":"de","@id":"https:\/\/www.venisecollection.com\/de#\/schema\/logo\/image\/","url":"https:\/\/www.venisecollection.com\/cdn\/seo.png","contentUrl":"https:\/\/www.venisecollection.com\/cdn\/seo.png","width":1080,"height":1080,"caption":"VENISE COLLECTION"},"image":{"@id":"https:\/\/www.venisecollection.com\/de#\/schema\/logo\/image\/"},"sameAs":["https:\/\/www.instagram.com\/venisecollection\/","https:\/\/fr.pinterest.com\/venisecollection\/"]}]}},"_links":{"self":[{"href":"https:\/\/www.venisecollection.com\/de\/wp-json\/wp\/v2\/product\/6362","targetHints":{"allow":["GET"]}}],"collection":[{"href":"https:\/\/www.venisecollection.com\/de\/wp-json\/wp\/v2\/product"}],"about":[{"href":"https:\/\/www.venisecollection.com\/de\/wp-json\/wp\/v2\/types\/product"}],"wp:featuredmedia":[{"embeddable":true,"href":"https:\/\/www.venisecollection.com\/de\/wp-json\/wp\/v2\/media\/6380"}],"wp:attachment":[{"href":"https:\/\/www.venisecollection.com\/de\/wp-json\/wp\/v2\/media?parent=6362"}],"wp:term":[{"taxonomy":"product_brand","embeddable":true,"href":"https:\/\/www.venisecollection.com\/de\/wp-json\/wp\/v2\/product_brand?post=6362"},{"taxonomy":"product_cat","embeddable":true,"href":"https:\/\/www.venisecollection.com\/de\/wp-json\/wp\/v2\/product_cat?post=6362"},{"taxonomy":"product_tag","embeddable":true,"href":"https:\/\/www.venisecollection.com\/de\/wp-json\/wp\/v2\/product_tag?post=6362"}],"curies":[{"name":"wp","href":"https:\/\/api.w.org\/{rel}","templated":true}]}}