{"id":6385,"date":"2025-11-20T16:13:49","date_gmt":"2025-11-20T16:13:49","guid":{"rendered":"https:\/\/www.venisecollection.com\/shop\/women\/unkategorisiert\/camoscio-blaue-galaxie\/"},"modified":"2026-04-30T00:34:04","modified_gmt":"2026-04-30T00:34:04","slug":"camoscio-blaue-galaxie","status":"publish","type":"product","link":"https:\/\/www.venisecollection.com\/de\/shop\/women\/loafers-and-derbies\/camoscio-blaue-galaxie","title":{"rendered":"CAMOSCIO blaue Galaxie"},"content":{"rendered":"<p data-start=\"946\" data-end=\"1309\">Die Damenmokassins CAMOSCIO Blue Galaxy von VENISE COLLECTION vereinen Eleganz und Komfort perfekt. Mit einer Vorderseite in Lederoptik und vollst\u00e4ndig aus hochwertigem Wildleder gefertigt, verleihen diese Schuhe in einem galaktischen Blauton jedem Outfit eine moderne und auff\u00e4llige Note. Ideal sowohl f\u00fcr den Alltag als auch f\u00fcr besondere Anl\u00e4sse.  <\/p>\n","protected":false},"excerpt":{"rendered":"<p>Die Damenmokassins CAMOSCIO Blue Galaxy von VENISE COLLECTION vereinen Eleganz und Komfort perfekt. Mit einer Vorderseite in Lederoptik und vollst\u00e4ndig aus hochwertigem Wildleder gefertigt, verleihen diese Schuhe in einem galaktischen Blauton jedem Outfit eine moderne und auff\u00e4llige Note. Ideal sowohl f\u00fcr den Alltag als auch f\u00fcr besondere Anl\u00e4sse.<\/p>\n","protected":false},"featured_media":6400,"template":"","meta":[],"product_brand":[69],"product_cat":[72],"product_tag":[],"class_list":{"0":"post-6385","1":"product","2":"type-product","3":"status-publish","4":"has-post-thumbnail","6":"product_brand-venise-collection","7":"product_cat-loafers-and-derbies","9":"first","10":"instock","11":"shipping-taxable","12":"purchasable","13":"product-type-variable","14":"has-default-attributes"},"yoast_head":"<!-- This site is optimized with the Yoast SEO plugin v27.5 - https:\/\/yoast.com\/product\/yoast-seo-wordpress\/ -->\n<title>CAMOSCIO blaue Galaxie - VENISE COLLECTION<\/title>\n<meta name=\"robots\" content=\"index, follow, max-snippet:-1, max-image-preview:large, max-video-preview:-1\" \/>\n<link rel=\"canonical\" href=\"https:\/\/www.venisecollection.com\/de\/shop\/women\/loafers-and-derbies\/camoscio-blaue-galaxie\" \/>\n<meta property=\"og:locale\" content=\"de_DE\" \/>\n<meta property=\"og:type\" content=\"article\" \/>\n<meta property=\"og:title\" content=\"CAMOSCIO blaue Galaxie - VENISE COLLECTION\" \/>\n<meta property=\"og:description\" content=\"Die Damenmokassins CAMOSCIO Blue Galaxy von VENISE COLLECTION vereinen Eleganz und Komfort perfekt. Mit einer Vorderseite in Lederoptik und vollst\u00e4ndig aus hochwertigem Wildleder gefertigt, verleihen diese Schuhe in einem galaktischen Blauton jedem Outfit eine moderne und auff\u00e4llige Note. Ideal sowohl f\u00fcr den Alltag als auch f\u00fcr besondere Anl\u00e4sse.\" \/>\n<meta property=\"og:url\" content=\"https:\/\/www.venisecollection.com\/de\/shop\/women\/loafers-and-derbies\/camoscio-blaue-galaxie\" \/>\n<meta property=\"og:site_name\" content=\"VENISE COLLECTION\" \/>\n<meta property=\"article:modified_time\" content=\"2026-04-30T00:34:04+00:00\" \/>\n<meta property=\"og:image\" content=\"https:\/\/www.venisecollection.com\/cdn\/image.psd-107.webp\" \/>\n\t<meta property=\"og:image:width\" content=\"1280\" \/>\n\t<meta property=\"og:image:height\" content=\"1588\" \/>\n\t<meta property=\"og:image:type\" content=\"image\/webp\" \/>\n<meta name=\"twitter:card\" content=\"summary_large_image\" \/>\n<script type=\"application\/ld+json\" class=\"yoast-schema-graph\">{\"@context\":\"https:\\\/\\\/schema.org\",\"@graph\":[{\"@type\":\"WebPage\",\"@id\":\"https:\\\/\\\/www.venisecollection.com\\\/de\\\/shop\\\/women\\\/loafers-and-derbies\\\/camoscio-blaue-galaxie\",\"url\":\"https:\\\/\\\/www.venisecollection.com\\\/de\\\/shop\\\/women\\\/loafers-and-derbies\\\/camoscio-blaue-galaxie\",\"name\":\"CAMOSCIO blaue Galaxie - VENISE COLLECTION\",\"isPartOf\":{\"@id\":\"https:\\\/\\\/www.venisecollection.com\\\/de#website\"},\"primaryImageOfPage\":{\"@id\":\"https:\\\/\\\/www.venisecollection.com\\\/de\\\/shop\\\/women\\\/loafers-and-derbies\\\/camoscio-blaue-galaxie#primaryimage\"},\"image\":{\"@id\":\"https:\\\/\\\/www.venisecollection.com\\\/de\\\/shop\\\/women\\\/loafers-and-derbies\\\/camoscio-blaue-galaxie#primaryimage\"},\"thumbnailUrl\":\"https:\\\/\\\/www.venisecollection.com\\\/cdn\\\/image.psd-107.webp\",\"datePublished\":\"2025-11-20T16:13:49+00:00\",\"dateModified\":\"2026-04-30T00:34:04+00:00\",\"breadcrumb\":{\"@id\":\"https:\\\/\\\/www.venisecollection.com\\\/de\\\/shop\\\/women\\\/loafers-and-derbies\\\/camoscio-blaue-galaxie#breadcrumb\"},\"inLanguage\":\"de\",\"potentialAction\":[{\"@type\":\"ReadAction\",\"target\":[\"https:\\\/\\\/www.venisecollection.com\\\/de\\\/shop\\\/women\\\/loafers-and-derbies\\\/camoscio-blaue-galaxie\"]}]},{\"@type\":\"ImageObject\",\"inLanguage\":\"de\",\"@id\":\"https:\\\/\\\/www.venisecollection.com\\\/de\\\/shop\\\/women\\\/loafers-and-derbies\\\/camoscio-blaue-galaxie#primaryimage\",\"url\":\"https:\\\/\\\/www.venisecollection.com\\\/cdn\\\/image.psd-107.webp\",\"contentUrl\":\"https:\\\/\\\/www.venisecollection.com\\\/cdn\\\/image.psd-107.webp\",\"width\":1280,\"height\":1588},{\"@type\":\"BreadcrumbList\",\"@id\":\"https:\\\/\\\/www.venisecollection.com\\\/de\\\/shop\\\/women\\\/loafers-and-derbies\\\/camoscio-blaue-galaxie#breadcrumb\",\"itemListElement\":[{\"@type\":\"ListItem\",\"position\":1,\"name\":\"Home\",\"item\":\"https:\\\/\\\/www.venisecollection.com\\\/de\\\/shop\"},{\"@type\":\"ListItem\",\"position\":2,\"name\":\"Startseite\",\"item\":\"https:\\\/\\\/www.venisecollection.com\\\/de\\\/shop\"},{\"@type\":\"ListItem\",\"position\":3,\"name\":\"CAMOSCIO blaue Galaxie\"}]},{\"@type\":\"WebSite\",\"@id\":\"https:\\\/\\\/www.venisecollection.com\\\/de#website\",\"url\":\"https:\\\/\\\/www.venisecollection.com\\\/de\",\"name\":\"VENISE COLLECTION\",\"description\":\"\",\"publisher\":{\"@id\":\"https:\\\/\\\/www.venisecollection.com\\\/de#organization\"},\"potentialAction\":[{\"@type\":\"SearchAction\",\"target\":{\"@type\":\"EntryPoint\",\"urlTemplate\":\"https:\\\/\\\/www.venisecollection.com\\\/de?s={search_term_string}\"},\"query-input\":{\"@type\":\"PropertyValueSpecification\",\"valueRequired\":true,\"valueName\":\"search_term_string\"}}],\"inLanguage\":\"de\"},{\"@type\":\"Organization\",\"@id\":\"https:\\\/\\\/www.venisecollection.com\\\/de#organization\",\"name\":\"VENISE COLLECTION\",\"url\":\"https:\\\/\\\/www.venisecollection.com\\\/de\",\"logo\":{\"@type\":\"ImageObject\",\"inLanguage\":\"de\",\"@id\":\"https:\\\/\\\/www.venisecollection.com\\\/de#\\\/schema\\\/logo\\\/image\\\/\",\"url\":\"https:\\\/\\\/www.venisecollection.com\\\/cdn\\\/seo.png\",\"contentUrl\":\"https:\\\/\\\/www.venisecollection.com\\\/cdn\\\/seo.png\",\"width\":1080,\"height\":1080,\"caption\":\"VENISE COLLECTION\"},\"image\":{\"@id\":\"https:\\\/\\\/www.venisecollection.com\\\/de#\\\/schema\\\/logo\\\/image\\\/\"},\"sameAs\":[\"https:\\\/\\\/www.instagram.com\\\/venisecollection\\\/\",\"https:\\\/\\\/fr.pinterest.com\\\/venisecollection\\\/\"]}]}<\/script>\n<!-- \/ Yoast SEO plugin. -->","yoast_head_json":{"title":"CAMOSCIO blaue Galaxie - VENISE COLLECTION","robots":{"index":"index","follow":"follow","max-snippet":"max-snippet:-1","max-image-preview":"max-image-preview:large","max-video-preview":"max-video-preview:-1"},"canonical":"https:\/\/www.venisecollection.com\/de\/shop\/women\/loafers-and-derbies\/camoscio-blaue-galaxie","og_locale":"de_DE","og_type":"article","og_title":"CAMOSCIO blaue Galaxie - VENISE COLLECTION","og_description":"Die Damenmokassins CAMOSCIO Blue Galaxy von VENISE COLLECTION vereinen Eleganz und Komfort perfekt. Mit einer Vorderseite in Lederoptik und vollst\u00e4ndig aus hochwertigem Wildleder gefertigt, verleihen diese Schuhe in einem galaktischen Blauton jedem Outfit eine moderne und auff\u00e4llige Note. Ideal sowohl f\u00fcr den Alltag als auch f\u00fcr besondere Anl\u00e4sse.","og_url":"https:\/\/www.venisecollection.com\/de\/shop\/women\/loafers-and-derbies\/camoscio-blaue-galaxie","og_site_name":"VENISE COLLECTION","article_modified_time":"2026-04-30T00:34:04+00:00","og_image":[{"width":1280,"height":1588,"url":"https:\/\/www.venisecollection.com\/cdn\/image.psd-107.webp","type":"image\/webp"}],"twitter_card":"summary_large_image","schema":{"@context":"https:\/\/schema.org","@graph":[{"@type":"WebPage","@id":"https:\/\/www.venisecollection.com\/de\/shop\/women\/loafers-and-derbies\/camoscio-blaue-galaxie","url":"https:\/\/www.venisecollection.com\/de\/shop\/women\/loafers-and-derbies\/camoscio-blaue-galaxie","name":"CAMOSCIO blaue Galaxie - VENISE COLLECTION","isPartOf":{"@id":"https:\/\/www.venisecollection.com\/de#website"},"primaryImageOfPage":{"@id":"https:\/\/www.venisecollection.com\/de\/shop\/women\/loafers-and-derbies\/camoscio-blaue-galaxie#primaryimage"},"image":{"@id":"https:\/\/www.venisecollection.com\/de\/shop\/women\/loafers-and-derbies\/camoscio-blaue-galaxie#primaryimage"},"thumbnailUrl":"https:\/\/www.venisecollection.com\/cdn\/image.psd-107.webp","datePublished":"2025-11-20T16:13:49+00:00","dateModified":"2026-04-30T00:34:04+00:00","breadcrumb":{"@id":"https:\/\/www.venisecollection.com\/de\/shop\/women\/loafers-and-derbies\/camoscio-blaue-galaxie#breadcrumb"},"inLanguage":"de","potentialAction":[{"@type":"ReadAction","target":["https:\/\/www.venisecollection.com\/de\/shop\/women\/loafers-and-derbies\/camoscio-blaue-galaxie"]}]},{"@type":"ImageObject","inLanguage":"de","@id":"https:\/\/www.venisecollection.com\/de\/shop\/women\/loafers-and-derbies\/camoscio-blaue-galaxie#primaryimage","url":"https:\/\/www.venisecollection.com\/cdn\/image.psd-107.webp","contentUrl":"https:\/\/www.venisecollection.com\/cdn\/image.psd-107.webp","width":1280,"height":1588},{"@type":"BreadcrumbList","@id":"https:\/\/www.venisecollection.com\/de\/shop\/women\/loafers-and-derbies\/camoscio-blaue-galaxie#breadcrumb","itemListElement":[{"@type":"ListItem","position":1,"name":"Home","item":"https:\/\/www.venisecollection.com\/de\/shop"},{"@type":"ListItem","position":2,"name":"Startseite","item":"https:\/\/www.venisecollection.com\/de\/shop"},{"@type":"ListItem","position":3,"name":"CAMOSCIO blaue Galaxie"}]},{"@type":"WebSite","@id":"https:\/\/www.venisecollection.com\/de#website","url":"https:\/\/www.venisecollection.com\/de","name":"VENISE COLLECTION","description":"","publisher":{"@id":"https:\/\/www.venisecollection.com\/de#organization"},"potentialAction":[{"@type":"SearchAction","target":{"@type":"EntryPoint","urlTemplate":"https:\/\/www.venisecollection.com\/de?s={search_term_string}"},"query-input":{"@type":"PropertyValueSpecification","valueRequired":true,"valueName":"search_term_string"}}],"inLanguage":"de"},{"@type":"Organization","@id":"https:\/\/www.venisecollection.com\/de#organization","name":"VENISE COLLECTION","url":"https:\/\/www.venisecollection.com\/de","logo":{"@type":"ImageObject","inLanguage":"de","@id":"https:\/\/www.venisecollection.com\/de#\/schema\/logo\/image\/","url":"https:\/\/www.venisecollection.com\/cdn\/seo.png","contentUrl":"https:\/\/www.venisecollection.com\/cdn\/seo.png","width":1080,"height":1080,"caption":"VENISE COLLECTION"},"image":{"@id":"https:\/\/www.venisecollection.com\/de#\/schema\/logo\/image\/"},"sameAs":["https:\/\/www.instagram.com\/venisecollection\/","https:\/\/fr.pinterest.com\/venisecollection\/"]}]}},"_links":{"self":[{"href":"https:\/\/www.venisecollection.com\/de\/wp-json\/wp\/v2\/product\/6385","targetHints":{"allow":["GET"]}}],"collection":[{"href":"https:\/\/www.venisecollection.com\/de\/wp-json\/wp\/v2\/product"}],"about":[{"href":"https:\/\/www.venisecollection.com\/de\/wp-json\/wp\/v2\/types\/product"}],"wp:featuredmedia":[{"embeddable":true,"href":"https:\/\/www.venisecollection.com\/de\/wp-json\/wp\/v2\/media\/6400"}],"wp:attachment":[{"href":"https:\/\/www.venisecollection.com\/de\/wp-json\/wp\/v2\/media?parent=6385"}],"wp:term":[{"taxonomy":"product_brand","embeddable":true,"href":"https:\/\/www.venisecollection.com\/de\/wp-json\/wp\/v2\/product_brand?post=6385"},{"taxonomy":"product_cat","embeddable":true,"href":"https:\/\/www.venisecollection.com\/de\/wp-json\/wp\/v2\/product_cat?post=6385"},{"taxonomy":"product_tag","embeddable":true,"href":"https:\/\/www.venisecollection.com\/de\/wp-json\/wp\/v2\/product_tag?post=6385"}],"curies":[{"name":"wp","href":"https:\/\/api.w.org\/{rel}","templated":true}]}}