{"id":6392,"date":"2025-12-20T16:13:44","date_gmt":"2025-12-20T16:13:44","guid":{"rendered":"https:\/\/www.venisecollection.com\/shop\/women\/unkategorisiert\/met-top-smog\/"},"modified":"2025-12-26T15:09:23","modified_gmt":"2025-12-26T15:09:23","slug":"met-top-smog","status":"publish","type":"product","link":"https:\/\/www.venisecollection.com\/de\/shop\/women\/loafer-und-derbys\/met-top-smog","title":{"rendered":"MET TOP SMOG"},"content":{"rendered":"<p style=\"text-align: justify;\" data-start=\"1148\" data-end=\"1791\">Diese goldenen Damen-Mokassins aus der limitierten VENISE COLLECTION Edition bieten eine beeindruckende Mischung aus zeitgen\u00f6ssischem und innovativem Stil. Sie sind aus gl\u00e4nzendem Leder (Dessus cuir verni) mit einer strapazierf\u00e4higen Gummisohle gefertigt und verf\u00fcgen \u00fcber ein Lederfu\u00dfbett und -futter f\u00fcr maximalen Komfort sowie einen charakteristischen Penny Loafer-Riemen, der Eleganz und Raffinesse verleiht. <\/p>\n<p style=\"text-align: justify;\" data-start=\"1148\" data-end=\"1791\">Der Absatz misst ca. 32 mm (1,25 Zoll) und die Patin ca. 13 mm (0,75 Zoll), wodurch ein perfektes Gleichgewicht zwischen Stil und Tragbarkeit entsteht. Diese leicht anzuziehenden Mokassins sind ideal f\u00fcr formelle und informelle Anl\u00e4sse. <\/p>\n","protected":false},"excerpt":{"rendered":"<p>Diese goldenen Damen-Mokassins aus der limitierten VENISE COLLECTION Edition bieten eine beeindruckende Mischung aus zeitgen\u00f6ssischem und innovativem Stil. Sie sind aus gl\u00e4nzendem Leder (Dessus cuir verni) mit einer strapazierf\u00e4higen Gummisohle gefertigt und verf\u00fcgen \u00fcber ein Lederfu\u00dfbett und -futter f\u00fcr maximalen Komfort sowie einen charakteristischen Penny Loafer-Riemen, der Eleganz und Raffinesse verleiht. Der Absatz misst ca. &hellip;<\/p>\n","protected":false},"featured_media":6401,"template":"","meta":[],"product_brand":[357],"product_cat":[125],"product_tag":[],"class_list":{"0":"post-6392","1":"product","2":"type-product","3":"status-publish","4":"has-post-thumbnail","6":"product_brand-venise-collection","7":"product_cat-loafer-und-derbys","9":"first","10":"instock","11":"shipping-taxable","12":"purchasable","13":"product-type-variable","14":"has-default-attributes"},"yoast_head":"<!-- This site is optimized with the Yoast SEO plugin v27.4 - https:\/\/yoast.com\/product\/yoast-seo-wordpress\/ -->\n<title>MET TOP SMOG - VENISE COLLECTION<\/title>\n<meta name=\"robots\" content=\"index, follow, max-snippet:-1, max-image-preview:large, max-video-preview:-1\" \/>\n<link rel=\"canonical\" href=\"https:\/\/www.venisecollection.com\/de\/shop\/women\/loafer-und-derbys\/met-top-smog\" \/>\n<meta property=\"og:locale\" content=\"de_DE\" \/>\n<meta property=\"og:type\" content=\"article\" \/>\n<meta property=\"og:title\" content=\"MET TOP SMOG - VENISE COLLECTION\" \/>\n<meta property=\"og:description\" content=\"Diese goldenen Damen-Mokassins aus der limitierten VENISE COLLECTION Edition bieten eine beeindruckende Mischung aus zeitgen\u00f6ssischem und innovativem Stil. Sie sind aus gl\u00e4nzendem Leder (Dessus cuir verni) mit einer strapazierf\u00e4higen Gummisohle gefertigt und verf\u00fcgen \u00fcber ein Lederfu\u00dfbett und -futter f\u00fcr maximalen Komfort sowie einen charakteristischen Penny Loafer-Riemen, der Eleganz und Raffinesse verleiht. Der Absatz misst ca. &hellip;\" \/>\n<meta property=\"og:url\" content=\"https:\/\/www.venisecollection.com\/de\/shop\/women\/loafer-und-derbys\/met-top-smog\" \/>\n<meta property=\"og:site_name\" content=\"VENISE COLLECTION\" \/>\n<meta property=\"article:modified_time\" content=\"2025-12-26T15:09:23+00:00\" \/>\n<meta property=\"og:image\" content=\"https:\/\/www.venisecollection.com\/cdn\/image.psd-127.webp\" \/>\n\t<meta property=\"og:image:width\" content=\"1280\" \/>\n\t<meta property=\"og:image:height\" content=\"1588\" \/>\n\t<meta property=\"og:image:type\" content=\"image\/webp\" \/>\n<meta name=\"twitter:card\" content=\"summary_large_image\" \/>\n<script type=\"application\/ld+json\" class=\"yoast-schema-graph\">{\"@context\":\"https:\\\/\\\/schema.org\",\"@graph\":[{\"@type\":\"WebPage\",\"@id\":\"https:\\\/\\\/www.venisecollection.com\\\/de\\\/shop\\\/women\\\/loafer-und-derbys\\\/met-top-smog\",\"url\":\"https:\\\/\\\/www.venisecollection.com\\\/de\\\/shop\\\/women\\\/loafer-und-derbys\\\/met-top-smog\",\"name\":\"MET TOP SMOG - VENISE COLLECTION\",\"isPartOf\":{\"@id\":\"https:\\\/\\\/www.venisecollection.com\\\/de#website\"},\"primaryImageOfPage\":{\"@id\":\"https:\\\/\\\/www.venisecollection.com\\\/de\\\/shop\\\/women\\\/loafer-und-derbys\\\/met-top-smog#primaryimage\"},\"image\":{\"@id\":\"https:\\\/\\\/www.venisecollection.com\\\/de\\\/shop\\\/women\\\/loafer-und-derbys\\\/met-top-smog#primaryimage\"},\"thumbnailUrl\":\"https:\\\/\\\/www.venisecollection.com\\\/cdn\\\/image.psd-127.webp\",\"datePublished\":\"2025-12-20T16:13:44+00:00\",\"dateModified\":\"2025-12-26T15:09:23+00:00\",\"breadcrumb\":{\"@id\":\"https:\\\/\\\/www.venisecollection.com\\\/de\\\/shop\\\/women\\\/loafer-und-derbys\\\/met-top-smog#breadcrumb\"},\"inLanguage\":\"de\",\"potentialAction\":[{\"@type\":\"ReadAction\",\"target\":[\"https:\\\/\\\/www.venisecollection.com\\\/de\\\/shop\\\/women\\\/loafer-und-derbys\\\/met-top-smog\"]}]},{\"@type\":\"ImageObject\",\"inLanguage\":\"de\",\"@id\":\"https:\\\/\\\/www.venisecollection.com\\\/de\\\/shop\\\/women\\\/loafer-und-derbys\\\/met-top-smog#primaryimage\",\"url\":\"https:\\\/\\\/www.venisecollection.com\\\/cdn\\\/image.psd-127.webp\",\"contentUrl\":\"https:\\\/\\\/www.venisecollection.com\\\/cdn\\\/image.psd-127.webp\",\"width\":1280,\"height\":1588},{\"@type\":\"BreadcrumbList\",\"@id\":\"https:\\\/\\\/www.venisecollection.com\\\/de\\\/shop\\\/women\\\/loafer-und-derbys\\\/met-top-smog#breadcrumb\",\"itemListElement\":[{\"@type\":\"ListItem\",\"position\":1,\"name\":\"Home\",\"item\":\"https:\\\/\\\/www.venisecollection.com\\\/de\\\/shop\"},{\"@type\":\"ListItem\",\"position\":2,\"name\":\"Startseite\",\"item\":\"https:\\\/\\\/www.venisecollection.com\\\/de\\\/shop\"},{\"@type\":\"ListItem\",\"position\":3,\"name\":\"MET TOP SMOG\"}]},{\"@type\":\"WebSite\",\"@id\":\"https:\\\/\\\/www.venisecollection.com\\\/de#website\",\"url\":\"https:\\\/\\\/www.venisecollection.com\\\/de\",\"name\":\"VENISE COLLECTION\",\"description\":\"\",\"publisher\":{\"@id\":\"https:\\\/\\\/www.venisecollection.com\\\/de#organization\"},\"potentialAction\":[{\"@type\":\"SearchAction\",\"target\":{\"@type\":\"EntryPoint\",\"urlTemplate\":\"https:\\\/\\\/www.venisecollection.com\\\/de?s={search_term_string}\"},\"query-input\":{\"@type\":\"PropertyValueSpecification\",\"valueRequired\":true,\"valueName\":\"search_term_string\"}}],\"inLanguage\":\"de\"},{\"@type\":\"Organization\",\"@id\":\"https:\\\/\\\/www.venisecollection.com\\\/de#organization\",\"name\":\"VENISE COLLECTION\",\"url\":\"https:\\\/\\\/www.venisecollection.com\\\/de\",\"logo\":{\"@type\":\"ImageObject\",\"inLanguage\":\"de\",\"@id\":\"https:\\\/\\\/www.venisecollection.com\\\/de#\\\/schema\\\/logo\\\/image\\\/\",\"url\":\"https:\\\/\\\/www.venisecollection.com\\\/cdn\\\/seo.png\",\"contentUrl\":\"https:\\\/\\\/www.venisecollection.com\\\/cdn\\\/seo.png\",\"width\":1080,\"height\":1080,\"caption\":\"VENISE COLLECTION\"},\"image\":{\"@id\":\"https:\\\/\\\/www.venisecollection.com\\\/de#\\\/schema\\\/logo\\\/image\\\/\"},\"sameAs\":[\"https:\\\/\\\/www.instagram.com\\\/venisecollection\\\/\",\"https:\\\/\\\/fr.pinterest.com\\\/venisecollection\\\/\"]}]}<\/script>\n<!-- \/ Yoast SEO plugin. -->","yoast_head_json":{"title":"MET TOP SMOG - VENISE COLLECTION","robots":{"index":"index","follow":"follow","max-snippet":"max-snippet:-1","max-image-preview":"max-image-preview:large","max-video-preview":"max-video-preview:-1"},"canonical":"https:\/\/www.venisecollection.com\/de\/shop\/women\/loafer-und-derbys\/met-top-smog","og_locale":"de_DE","og_type":"article","og_title":"MET TOP SMOG - VENISE COLLECTION","og_description":"Diese goldenen Damen-Mokassins aus der limitierten VENISE COLLECTION Edition bieten eine beeindruckende Mischung aus zeitgen\u00f6ssischem und innovativem Stil. Sie sind aus gl\u00e4nzendem Leder (Dessus cuir verni) mit einer strapazierf\u00e4higen Gummisohle gefertigt und verf\u00fcgen \u00fcber ein Lederfu\u00dfbett und -futter f\u00fcr maximalen Komfort sowie einen charakteristischen Penny Loafer-Riemen, der Eleganz und Raffinesse verleiht. Der Absatz misst ca. &hellip;","og_url":"https:\/\/www.venisecollection.com\/de\/shop\/women\/loafer-und-derbys\/met-top-smog","og_site_name":"VENISE COLLECTION","article_modified_time":"2025-12-26T15:09:23+00:00","og_image":[{"width":1280,"height":1588,"url":"https:\/\/www.venisecollection.com\/cdn\/image.psd-127.webp","type":"image\/webp"}],"twitter_card":"summary_large_image","schema":{"@context":"https:\/\/schema.org","@graph":[{"@type":"WebPage","@id":"https:\/\/www.venisecollection.com\/de\/shop\/women\/loafer-und-derbys\/met-top-smog","url":"https:\/\/www.venisecollection.com\/de\/shop\/women\/loafer-und-derbys\/met-top-smog","name":"MET TOP SMOG - VENISE COLLECTION","isPartOf":{"@id":"https:\/\/www.venisecollection.com\/de#website"},"primaryImageOfPage":{"@id":"https:\/\/www.venisecollection.com\/de\/shop\/women\/loafer-und-derbys\/met-top-smog#primaryimage"},"image":{"@id":"https:\/\/www.venisecollection.com\/de\/shop\/women\/loafer-und-derbys\/met-top-smog#primaryimage"},"thumbnailUrl":"https:\/\/www.venisecollection.com\/cdn\/image.psd-127.webp","datePublished":"2025-12-20T16:13:44+00:00","dateModified":"2025-12-26T15:09:23+00:00","breadcrumb":{"@id":"https:\/\/www.venisecollection.com\/de\/shop\/women\/loafer-und-derbys\/met-top-smog#breadcrumb"},"inLanguage":"de","potentialAction":[{"@type":"ReadAction","target":["https:\/\/www.venisecollection.com\/de\/shop\/women\/loafer-und-derbys\/met-top-smog"]}]},{"@type":"ImageObject","inLanguage":"de","@id":"https:\/\/www.venisecollection.com\/de\/shop\/women\/loafer-und-derbys\/met-top-smog#primaryimage","url":"https:\/\/www.venisecollection.com\/cdn\/image.psd-127.webp","contentUrl":"https:\/\/www.venisecollection.com\/cdn\/image.psd-127.webp","width":1280,"height":1588},{"@type":"BreadcrumbList","@id":"https:\/\/www.venisecollection.com\/de\/shop\/women\/loafer-und-derbys\/met-top-smog#breadcrumb","itemListElement":[{"@type":"ListItem","position":1,"name":"Home","item":"https:\/\/www.venisecollection.com\/de\/shop"},{"@type":"ListItem","position":2,"name":"Startseite","item":"https:\/\/www.venisecollection.com\/de\/shop"},{"@type":"ListItem","position":3,"name":"MET TOP SMOG"}]},{"@type":"WebSite","@id":"https:\/\/www.venisecollection.com\/de#website","url":"https:\/\/www.venisecollection.com\/de","name":"VENISE COLLECTION","description":"","publisher":{"@id":"https:\/\/www.venisecollection.com\/de#organization"},"potentialAction":[{"@type":"SearchAction","target":{"@type":"EntryPoint","urlTemplate":"https:\/\/www.venisecollection.com\/de?s={search_term_string}"},"query-input":{"@type":"PropertyValueSpecification","valueRequired":true,"valueName":"search_term_string"}}],"inLanguage":"de"},{"@type":"Organization","@id":"https:\/\/www.venisecollection.com\/de#organization","name":"VENISE COLLECTION","url":"https:\/\/www.venisecollection.com\/de","logo":{"@type":"ImageObject","inLanguage":"de","@id":"https:\/\/www.venisecollection.com\/de#\/schema\/logo\/image\/","url":"https:\/\/www.venisecollection.com\/cdn\/seo.png","contentUrl":"https:\/\/www.venisecollection.com\/cdn\/seo.png","width":1080,"height":1080,"caption":"VENISE COLLECTION"},"image":{"@id":"https:\/\/www.venisecollection.com\/de#\/schema\/logo\/image\/"},"sameAs":["https:\/\/www.instagram.com\/venisecollection\/","https:\/\/fr.pinterest.com\/venisecollection\/"]}]}},"_links":{"self":[{"href":"https:\/\/www.venisecollection.com\/de\/wp-json\/wp\/v2\/product\/6392","targetHints":{"allow":["GET"]}}],"collection":[{"href":"https:\/\/www.venisecollection.com\/de\/wp-json\/wp\/v2\/product"}],"about":[{"href":"https:\/\/www.venisecollection.com\/de\/wp-json\/wp\/v2\/types\/product"}],"wp:featuredmedia":[{"embeddable":true,"href":"https:\/\/www.venisecollection.com\/de\/wp-json\/wp\/v2\/media\/6401"}],"wp:attachment":[{"href":"https:\/\/www.venisecollection.com\/de\/wp-json\/wp\/v2\/media?parent=6392"}],"wp:term":[{"taxonomy":"product_brand","embeddable":true,"href":"https:\/\/www.venisecollection.com\/de\/wp-json\/wp\/v2\/product_brand?post=6392"},{"taxonomy":"product_cat","embeddable":true,"href":"https:\/\/www.venisecollection.com\/de\/wp-json\/wp\/v2\/product_cat?post=6392"},{"taxonomy":"product_tag","embeddable":true,"href":"https:\/\/www.venisecollection.com\/de\/wp-json\/wp\/v2\/product_tag?post=6392"}],"curies":[{"name":"wp","href":"https:\/\/api.w.org\/{rel}","templated":true}]}}