{"id":6434,"date":"2025-11-20T16:15:11","date_gmt":"2025-11-20T16:15:11","guid":{"rendered":"https:\/\/www.venisecollection.com\/shop\/women\/unkategorisiert\/velour-marmota-hma-braun\/"},"modified":"2025-12-26T15:06:48","modified_gmt":"2025-12-26T15:06:48","slug":"velour-marmota-hma-braun","status":"publish","type":"product","link":"https:\/\/www.venisecollection.com\/de\/shop\/women\/stiefel\/velour-marmota-hma-braun","title":{"rendered":"VELOUR MARMOTA HMA braun"},"content":{"rendered":"<p style=\"text-align: justify;\">Die Damenstiefel VENISE COLLECTION VELOUR MARMOTA HMA Brun verk\u00f6rpern modernen Komfort und italienische Handwerkskunst. Diese Chelsea-Stiefel sind aus 100 % echtem italienischem Leder in einem warmen Mokkaton gefertigt und zeichnen sich durch ihr einzigartiges, gestepptes Frontdesign und flexible elastische Seiteneins\u00e4tze aus. <\/p>\n<p style=\"text-align: justify;\">Die dicke Profilsohle bietet hervorragenden Halt und ganzt\u00e4gigen Komfort und ist somit ideal f\u00fcr den Alltag, w\u00e4hrend gleichzeitig eine elegante, urbane Silhouette erhalten bleibt. Perfekt f\u00fcr Frauen, die sowohl Stil als auch Substanz sch\u00e4tzen. <\/p>\n","protected":false},"excerpt":{"rendered":"<p>Die Damenstiefel VENISE COLLECTION VELOUR MARMOTA HMA Brun verk\u00f6rpern modernen Komfort und italienische Handwerkskunst. Diese Chelsea-Stiefel sind aus 100 % echtem italienischem Leder in einem warmen Mokkaton gefertigt und zeichnen sich durch ihr einzigartiges, gestepptes Frontdesign und flexible elastische Seiteneins\u00e4tze aus. Die dicke Profilsohle bietet hervorragenden Halt und ganzt\u00e4gigen Komfort und ist somit ideal f\u00fcr &hellip;<\/p>\n","protected":false},"featured_media":6443,"template":"","meta":[],"product_brand":[357],"product_cat":[115],"product_tag":[],"class_list":{"0":"post-6434","1":"product","2":"type-product","3":"status-publish","4":"has-post-thumbnail","6":"product_brand-venise-collection","7":"product_cat-stiefel","9":"first","10":"instock","11":"shipping-taxable","12":"purchasable","13":"product-type-variable","14":"has-default-attributes"},"yoast_head":"<!-- This site is optimized with the Yoast SEO plugin v27.4 - https:\/\/yoast.com\/product\/yoast-seo-wordpress\/ -->\n<title>VELOUR MARMOTA HMA braun - VENISE COLLECTION<\/title>\n<meta name=\"robots\" content=\"index, follow, max-snippet:-1, max-image-preview:large, max-video-preview:-1\" \/>\n<link rel=\"canonical\" href=\"https:\/\/www.venisecollection.com\/de\/shop\/women\/stiefel\/velour-marmota-hma-braun\" \/>\n<meta property=\"og:locale\" content=\"de_DE\" \/>\n<meta property=\"og:type\" content=\"article\" \/>\n<meta property=\"og:title\" content=\"VELOUR MARMOTA HMA braun - VENISE COLLECTION\" \/>\n<meta property=\"og:description\" content=\"Die Damenstiefel VENISE COLLECTION VELOUR MARMOTA HMA Brun verk\u00f6rpern modernen Komfort und italienische Handwerkskunst. Diese Chelsea-Stiefel sind aus 100 % echtem italienischem Leder in einem warmen Mokkaton gefertigt und zeichnen sich durch ihr einzigartiges, gestepptes Frontdesign und flexible elastische Seiteneins\u00e4tze aus. Die dicke Profilsohle bietet hervorragenden Halt und ganzt\u00e4gigen Komfort und ist somit ideal f\u00fcr &hellip;\" \/>\n<meta property=\"og:url\" content=\"https:\/\/www.venisecollection.com\/de\/shop\/women\/stiefel\/velour-marmota-hma-braun\" \/>\n<meta property=\"og:site_name\" content=\"VENISE COLLECTION\" \/>\n<meta property=\"article:modified_time\" content=\"2025-12-26T15:06:48+00:00\" \/>\n<meta property=\"og:image\" content=\"https:\/\/www.venisecollection.com\/cdn\/image.psd-70-1.webp\" \/>\n\t<meta property=\"og:image:width\" content=\"1280\" \/>\n\t<meta property=\"og:image:height\" content=\"1588\" \/>\n\t<meta property=\"og:image:type\" content=\"image\/webp\" \/>\n<meta name=\"twitter:card\" content=\"summary_large_image\" \/>\n<script type=\"application\/ld+json\" class=\"yoast-schema-graph\">{\"@context\":\"https:\\\/\\\/schema.org\",\"@graph\":[{\"@type\":\"WebPage\",\"@id\":\"https:\\\/\\\/www.venisecollection.com\\\/de\\\/shop\\\/women\\\/stiefel\\\/velour-marmota-hma-braun\",\"url\":\"https:\\\/\\\/www.venisecollection.com\\\/de\\\/shop\\\/women\\\/stiefel\\\/velour-marmota-hma-braun\",\"name\":\"VELOUR MARMOTA HMA braun - VENISE COLLECTION\",\"isPartOf\":{\"@id\":\"https:\\\/\\\/www.venisecollection.com\\\/de#website\"},\"primaryImageOfPage\":{\"@id\":\"https:\\\/\\\/www.venisecollection.com\\\/de\\\/shop\\\/women\\\/stiefel\\\/velour-marmota-hma-braun#primaryimage\"},\"image\":{\"@id\":\"https:\\\/\\\/www.venisecollection.com\\\/de\\\/shop\\\/women\\\/stiefel\\\/velour-marmota-hma-braun#primaryimage\"},\"thumbnailUrl\":\"https:\\\/\\\/www.venisecollection.com\\\/cdn\\\/image.psd-70-1.webp\",\"datePublished\":\"2025-11-20T16:15:11+00:00\",\"dateModified\":\"2025-12-26T15:06:48+00:00\",\"breadcrumb\":{\"@id\":\"https:\\\/\\\/www.venisecollection.com\\\/de\\\/shop\\\/women\\\/stiefel\\\/velour-marmota-hma-braun#breadcrumb\"},\"inLanguage\":\"de\",\"potentialAction\":[{\"@type\":\"ReadAction\",\"target\":[\"https:\\\/\\\/www.venisecollection.com\\\/de\\\/shop\\\/women\\\/stiefel\\\/velour-marmota-hma-braun\"]}]},{\"@type\":\"ImageObject\",\"inLanguage\":\"de\",\"@id\":\"https:\\\/\\\/www.venisecollection.com\\\/de\\\/shop\\\/women\\\/stiefel\\\/velour-marmota-hma-braun#primaryimage\",\"url\":\"https:\\\/\\\/www.venisecollection.com\\\/cdn\\\/image.psd-70-1.webp\",\"contentUrl\":\"https:\\\/\\\/www.venisecollection.com\\\/cdn\\\/image.psd-70-1.webp\",\"width\":1280,\"height\":1588},{\"@type\":\"BreadcrumbList\",\"@id\":\"https:\\\/\\\/www.venisecollection.com\\\/de\\\/shop\\\/women\\\/stiefel\\\/velour-marmota-hma-braun#breadcrumb\",\"itemListElement\":[{\"@type\":\"ListItem\",\"position\":1,\"name\":\"Home\",\"item\":\"https:\\\/\\\/www.venisecollection.com\\\/de\\\/shop\"},{\"@type\":\"ListItem\",\"position\":2,\"name\":\"Startseite\",\"item\":\"https:\\\/\\\/www.venisecollection.com\\\/de\\\/shop\"},{\"@type\":\"ListItem\",\"position\":3,\"name\":\"VELOUR MARMOTA HMA braun\"}]},{\"@type\":\"WebSite\",\"@id\":\"https:\\\/\\\/www.venisecollection.com\\\/de#website\",\"url\":\"https:\\\/\\\/www.venisecollection.com\\\/de\",\"name\":\"VENISE COLLECTION\",\"description\":\"\",\"publisher\":{\"@id\":\"https:\\\/\\\/www.venisecollection.com\\\/de#organization\"},\"potentialAction\":[{\"@type\":\"SearchAction\",\"target\":{\"@type\":\"EntryPoint\",\"urlTemplate\":\"https:\\\/\\\/www.venisecollection.com\\\/de?s={search_term_string}\"},\"query-input\":{\"@type\":\"PropertyValueSpecification\",\"valueRequired\":true,\"valueName\":\"search_term_string\"}}],\"inLanguage\":\"de\"},{\"@type\":\"Organization\",\"@id\":\"https:\\\/\\\/www.venisecollection.com\\\/de#organization\",\"name\":\"VENISE COLLECTION\",\"url\":\"https:\\\/\\\/www.venisecollection.com\\\/de\",\"logo\":{\"@type\":\"ImageObject\",\"inLanguage\":\"de\",\"@id\":\"https:\\\/\\\/www.venisecollection.com\\\/de#\\\/schema\\\/logo\\\/image\\\/\",\"url\":\"https:\\\/\\\/www.venisecollection.com\\\/cdn\\\/seo.png\",\"contentUrl\":\"https:\\\/\\\/www.venisecollection.com\\\/cdn\\\/seo.png\",\"width\":1080,\"height\":1080,\"caption\":\"VENISE COLLECTION\"},\"image\":{\"@id\":\"https:\\\/\\\/www.venisecollection.com\\\/de#\\\/schema\\\/logo\\\/image\\\/\"},\"sameAs\":[\"https:\\\/\\\/www.instagram.com\\\/venisecollection\\\/\",\"https:\\\/\\\/fr.pinterest.com\\\/venisecollection\\\/\"]}]}<\/script>\n<!-- \/ Yoast SEO plugin. -->","yoast_head_json":{"title":"VELOUR MARMOTA HMA braun - VENISE COLLECTION","robots":{"index":"index","follow":"follow","max-snippet":"max-snippet:-1","max-image-preview":"max-image-preview:large","max-video-preview":"max-video-preview:-1"},"canonical":"https:\/\/www.venisecollection.com\/de\/shop\/women\/stiefel\/velour-marmota-hma-braun","og_locale":"de_DE","og_type":"article","og_title":"VELOUR MARMOTA HMA braun - VENISE COLLECTION","og_description":"Die Damenstiefel VENISE COLLECTION VELOUR MARMOTA HMA Brun verk\u00f6rpern modernen Komfort und italienische Handwerkskunst. Diese Chelsea-Stiefel sind aus 100 % echtem italienischem Leder in einem warmen Mokkaton gefertigt und zeichnen sich durch ihr einzigartiges, gestepptes Frontdesign und flexible elastische Seiteneins\u00e4tze aus. Die dicke Profilsohle bietet hervorragenden Halt und ganzt\u00e4gigen Komfort und ist somit ideal f\u00fcr &hellip;","og_url":"https:\/\/www.venisecollection.com\/de\/shop\/women\/stiefel\/velour-marmota-hma-braun","og_site_name":"VENISE COLLECTION","article_modified_time":"2025-12-26T15:06:48+00:00","og_image":[{"width":1280,"height":1588,"url":"https:\/\/www.venisecollection.com\/cdn\/image.psd-70-1.webp","type":"image\/webp"}],"twitter_card":"summary_large_image","schema":{"@context":"https:\/\/schema.org","@graph":[{"@type":"WebPage","@id":"https:\/\/www.venisecollection.com\/de\/shop\/women\/stiefel\/velour-marmota-hma-braun","url":"https:\/\/www.venisecollection.com\/de\/shop\/women\/stiefel\/velour-marmota-hma-braun","name":"VELOUR MARMOTA HMA braun - VENISE COLLECTION","isPartOf":{"@id":"https:\/\/www.venisecollection.com\/de#website"},"primaryImageOfPage":{"@id":"https:\/\/www.venisecollection.com\/de\/shop\/women\/stiefel\/velour-marmota-hma-braun#primaryimage"},"image":{"@id":"https:\/\/www.venisecollection.com\/de\/shop\/women\/stiefel\/velour-marmota-hma-braun#primaryimage"},"thumbnailUrl":"https:\/\/www.venisecollection.com\/cdn\/image.psd-70-1.webp","datePublished":"2025-11-20T16:15:11+00:00","dateModified":"2025-12-26T15:06:48+00:00","breadcrumb":{"@id":"https:\/\/www.venisecollection.com\/de\/shop\/women\/stiefel\/velour-marmota-hma-braun#breadcrumb"},"inLanguage":"de","potentialAction":[{"@type":"ReadAction","target":["https:\/\/www.venisecollection.com\/de\/shop\/women\/stiefel\/velour-marmota-hma-braun"]}]},{"@type":"ImageObject","inLanguage":"de","@id":"https:\/\/www.venisecollection.com\/de\/shop\/women\/stiefel\/velour-marmota-hma-braun#primaryimage","url":"https:\/\/www.venisecollection.com\/cdn\/image.psd-70-1.webp","contentUrl":"https:\/\/www.venisecollection.com\/cdn\/image.psd-70-1.webp","width":1280,"height":1588},{"@type":"BreadcrumbList","@id":"https:\/\/www.venisecollection.com\/de\/shop\/women\/stiefel\/velour-marmota-hma-braun#breadcrumb","itemListElement":[{"@type":"ListItem","position":1,"name":"Home","item":"https:\/\/www.venisecollection.com\/de\/shop"},{"@type":"ListItem","position":2,"name":"Startseite","item":"https:\/\/www.venisecollection.com\/de\/shop"},{"@type":"ListItem","position":3,"name":"VELOUR MARMOTA HMA braun"}]},{"@type":"WebSite","@id":"https:\/\/www.venisecollection.com\/de#website","url":"https:\/\/www.venisecollection.com\/de","name":"VENISE COLLECTION","description":"","publisher":{"@id":"https:\/\/www.venisecollection.com\/de#organization"},"potentialAction":[{"@type":"SearchAction","target":{"@type":"EntryPoint","urlTemplate":"https:\/\/www.venisecollection.com\/de?s={search_term_string}"},"query-input":{"@type":"PropertyValueSpecification","valueRequired":true,"valueName":"search_term_string"}}],"inLanguage":"de"},{"@type":"Organization","@id":"https:\/\/www.venisecollection.com\/de#organization","name":"VENISE COLLECTION","url":"https:\/\/www.venisecollection.com\/de","logo":{"@type":"ImageObject","inLanguage":"de","@id":"https:\/\/www.venisecollection.com\/de#\/schema\/logo\/image\/","url":"https:\/\/www.venisecollection.com\/cdn\/seo.png","contentUrl":"https:\/\/www.venisecollection.com\/cdn\/seo.png","width":1080,"height":1080,"caption":"VENISE COLLECTION"},"image":{"@id":"https:\/\/www.venisecollection.com\/de#\/schema\/logo\/image\/"},"sameAs":["https:\/\/www.instagram.com\/venisecollection\/","https:\/\/fr.pinterest.com\/venisecollection\/"]}]}},"_links":{"self":[{"href":"https:\/\/www.venisecollection.com\/de\/wp-json\/wp\/v2\/product\/6434","targetHints":{"allow":["GET"]}}],"collection":[{"href":"https:\/\/www.venisecollection.com\/de\/wp-json\/wp\/v2\/product"}],"about":[{"href":"https:\/\/www.venisecollection.com\/de\/wp-json\/wp\/v2\/types\/product"}],"wp:featuredmedia":[{"embeddable":true,"href":"https:\/\/www.venisecollection.com\/de\/wp-json\/wp\/v2\/media\/6443"}],"wp:attachment":[{"href":"https:\/\/www.venisecollection.com\/de\/wp-json\/wp\/v2\/media?parent=6434"}],"wp:term":[{"taxonomy":"product_brand","embeddable":true,"href":"https:\/\/www.venisecollection.com\/de\/wp-json\/wp\/v2\/product_brand?post=6434"},{"taxonomy":"product_cat","embeddable":true,"href":"https:\/\/www.venisecollection.com\/de\/wp-json\/wp\/v2\/product_cat?post=6434"},{"taxonomy":"product_tag","embeddable":true,"href":"https:\/\/www.venisecollection.com\/de\/wp-json\/wp\/v2\/product_tag?post=6434"}],"curies":[{"name":"wp","href":"https:\/\/api.w.org\/{rel}","templated":true}]}}