{"id":6477,"date":"2025-11-20T16:12:45","date_gmt":"2025-11-20T16:12:45","guid":{"rendered":"https:\/\/www.venisecollection.com\/shop\/women\/unkategorisiert\/nucleo-bronzo\/"},"modified":"2026-04-29T01:44:17","modified_gmt":"2026-04-29T01:44:17","slug":"nucleo-bronzo","status":"publish","type":"product","link":"https:\/\/www.venisecollection.com\/de\/shop\/women\/stiefel\/nucleo-bronzo","title":{"rendered":"NUCLEO BRONZO"},"content":{"rendered":"<p style=\"text-align: justify;\">Der Damenstiefel NUCLEO BRONZO von VENISE COLLECTION verk\u00f6rpert italienische Handwerkskunst, Eleganz und allt\u00e4glichen Komfort. Gefertigt aus metallischem Bronzeleder mit einem leuchtenden Finish, wertet er jedes Outfit mit seinem raffinierten und doch zeitgem\u00e4\u00dfen Look auf. Ein weiches Lederfutter bietet hervorragenden Komfort, w\u00e4hrend die robuste Gummisohle f\u00fcr Balance und Strapazierf\u00e4higkeit sorgt. Fachm\u00e4nnisch in Italien mit Liebe zum Detail gefertigt.   <\/p>\n","protected":false},"excerpt":{"rendered":"<p>Der Damenstiefel NUCLEO BRONZO von VENISE COLLECTION verk\u00f6rpert italienische Handwerkskunst, Eleganz und allt\u00e4glichen Komfort. Gefertigt aus metallischem Bronzeleder mit einem leuchtenden Finish, wertet er jedes Outfit mit seinem raffinierten und doch zeitgem\u00e4\u00dfen Look auf. Ein weiches Lederfutter bietet hervorragenden Komfort, w\u00e4hrend die robuste Gummisohle f\u00fcr Balance und Strapazierf\u00e4higkeit sorgt. Fachm\u00e4nnisch in Italien mit Liebe zum &hellip;<\/p>\n","protected":false},"featured_media":6485,"template":"","meta":[],"product_brand":[357],"product_cat":[115],"product_tag":[],"class_list":{"0":"post-6477","1":"product","2":"type-product","3":"status-publish","4":"has-post-thumbnail","6":"product_brand-venise-collection","7":"product_cat-stiefel","9":"first","10":"instock","11":"shipping-taxable","12":"purchasable","13":"product-type-variable","14":"has-default-attributes"},"yoast_head":"<!-- This site is optimized with the Yoast SEO plugin v27.5 - https:\/\/yoast.com\/product\/yoast-seo-wordpress\/ -->\n<title>NUCLEO BRONZO - VENISE COLLECTION<\/title>\n<meta name=\"robots\" content=\"index, follow, max-snippet:-1, max-image-preview:large, max-video-preview:-1\" \/>\n<link rel=\"canonical\" href=\"https:\/\/www.venisecollection.com\/de\/shop\/women\/stiefel\/nucleo-bronzo\" \/>\n<meta property=\"og:locale\" content=\"de_DE\" \/>\n<meta property=\"og:type\" content=\"article\" \/>\n<meta property=\"og:title\" content=\"NUCLEO BRONZO - VENISE COLLECTION\" \/>\n<meta property=\"og:description\" content=\"Der Damenstiefel NUCLEO BRONZO von VENISE COLLECTION verk\u00f6rpert italienische Handwerkskunst, Eleganz und allt\u00e4glichen Komfort. Gefertigt aus metallischem Bronzeleder mit einem leuchtenden Finish, wertet er jedes Outfit mit seinem raffinierten und doch zeitgem\u00e4\u00dfen Look auf. Ein weiches Lederfutter bietet hervorragenden Komfort, w\u00e4hrend die robuste Gummisohle f\u00fcr Balance und Strapazierf\u00e4higkeit sorgt. Fachm\u00e4nnisch in Italien mit Liebe zum &hellip;\" \/>\n<meta property=\"og:url\" content=\"https:\/\/www.venisecollection.com\/de\/shop\/women\/stiefel\/nucleo-bronzo\" \/>\n<meta property=\"og:site_name\" content=\"VENISE COLLECTION\" \/>\n<meta property=\"article:modified_time\" content=\"2026-04-29T01:44:17+00:00\" \/>\n<meta property=\"og:image\" content=\"https:\/\/www.venisecollection.com\/cdn\/image-124.webp\" \/>\n\t<meta property=\"og:image:width\" content=\"1280\" \/>\n\t<meta property=\"og:image:height\" content=\"1588\" \/>\n\t<meta property=\"og:image:type\" content=\"image\/webp\" \/>\n<meta name=\"twitter:card\" content=\"summary_large_image\" \/>\n<script type=\"application\/ld+json\" class=\"yoast-schema-graph\">{\"@context\":\"https:\\\/\\\/schema.org\",\"@graph\":[{\"@type\":\"WebPage\",\"@id\":\"https:\\\/\\\/www.venisecollection.com\\\/de\\\/shop\\\/women\\\/stiefel\\\/nucleo-bronzo\",\"url\":\"https:\\\/\\\/www.venisecollection.com\\\/de\\\/shop\\\/women\\\/stiefel\\\/nucleo-bronzo\",\"name\":\"NUCLEO BRONZO - VENISE COLLECTION\",\"isPartOf\":{\"@id\":\"https:\\\/\\\/www.venisecollection.com\\\/de#website\"},\"primaryImageOfPage\":{\"@id\":\"https:\\\/\\\/www.venisecollection.com\\\/de\\\/shop\\\/women\\\/stiefel\\\/nucleo-bronzo#primaryimage\"},\"image\":{\"@id\":\"https:\\\/\\\/www.venisecollection.com\\\/de\\\/shop\\\/women\\\/stiefel\\\/nucleo-bronzo#primaryimage\"},\"thumbnailUrl\":\"https:\\\/\\\/www.venisecollection.com\\\/cdn\\\/image-124.webp\",\"datePublished\":\"2025-11-20T16:12:45+00:00\",\"dateModified\":\"2026-04-29T01:44:17+00:00\",\"breadcrumb\":{\"@id\":\"https:\\\/\\\/www.venisecollection.com\\\/de\\\/shop\\\/women\\\/stiefel\\\/nucleo-bronzo#breadcrumb\"},\"inLanguage\":\"de\",\"potentialAction\":[{\"@type\":\"ReadAction\",\"target\":[\"https:\\\/\\\/www.venisecollection.com\\\/de\\\/shop\\\/women\\\/stiefel\\\/nucleo-bronzo\"]}]},{\"@type\":\"ImageObject\",\"inLanguage\":\"de\",\"@id\":\"https:\\\/\\\/www.venisecollection.com\\\/de\\\/shop\\\/women\\\/stiefel\\\/nucleo-bronzo#primaryimage\",\"url\":\"https:\\\/\\\/www.venisecollection.com\\\/cdn\\\/image-124.webp\",\"contentUrl\":\"https:\\\/\\\/www.venisecollection.com\\\/cdn\\\/image-124.webp\",\"width\":1280,\"height\":1588},{\"@type\":\"BreadcrumbList\",\"@id\":\"https:\\\/\\\/www.venisecollection.com\\\/de\\\/shop\\\/women\\\/stiefel\\\/nucleo-bronzo#breadcrumb\",\"itemListElement\":[{\"@type\":\"ListItem\",\"position\":1,\"name\":\"Home\",\"item\":\"https:\\\/\\\/www.venisecollection.com\\\/de\\\/shop\"},{\"@type\":\"ListItem\",\"position\":2,\"name\":\"Startseite\",\"item\":\"https:\\\/\\\/www.venisecollection.com\\\/de\\\/shop\"},{\"@type\":\"ListItem\",\"position\":3,\"name\":\"NUCLEO BRONZO\"}]},{\"@type\":\"WebSite\",\"@id\":\"https:\\\/\\\/www.venisecollection.com\\\/de#website\",\"url\":\"https:\\\/\\\/www.venisecollection.com\\\/de\",\"name\":\"VENISE COLLECTION\",\"description\":\"\",\"publisher\":{\"@id\":\"https:\\\/\\\/www.venisecollection.com\\\/de#organization\"},\"potentialAction\":[{\"@type\":\"SearchAction\",\"target\":{\"@type\":\"EntryPoint\",\"urlTemplate\":\"https:\\\/\\\/www.venisecollection.com\\\/de?s={search_term_string}\"},\"query-input\":{\"@type\":\"PropertyValueSpecification\",\"valueRequired\":true,\"valueName\":\"search_term_string\"}}],\"inLanguage\":\"de\"},{\"@type\":\"Organization\",\"@id\":\"https:\\\/\\\/www.venisecollection.com\\\/de#organization\",\"name\":\"VENISE COLLECTION\",\"url\":\"https:\\\/\\\/www.venisecollection.com\\\/de\",\"logo\":{\"@type\":\"ImageObject\",\"inLanguage\":\"de\",\"@id\":\"https:\\\/\\\/www.venisecollection.com\\\/de#\\\/schema\\\/logo\\\/image\\\/\",\"url\":\"https:\\\/\\\/www.venisecollection.com\\\/cdn\\\/seo.png\",\"contentUrl\":\"https:\\\/\\\/www.venisecollection.com\\\/cdn\\\/seo.png\",\"width\":1080,\"height\":1080,\"caption\":\"VENISE COLLECTION\"},\"image\":{\"@id\":\"https:\\\/\\\/www.venisecollection.com\\\/de#\\\/schema\\\/logo\\\/image\\\/\"},\"sameAs\":[\"https:\\\/\\\/www.instagram.com\\\/venisecollection\\\/\",\"https:\\\/\\\/fr.pinterest.com\\\/venisecollection\\\/\"]}]}<\/script>\n<!-- \/ Yoast SEO plugin. -->","yoast_head_json":{"title":"NUCLEO BRONZO - VENISE COLLECTION","robots":{"index":"index","follow":"follow","max-snippet":"max-snippet:-1","max-image-preview":"max-image-preview:large","max-video-preview":"max-video-preview:-1"},"canonical":"https:\/\/www.venisecollection.com\/de\/shop\/women\/stiefel\/nucleo-bronzo","og_locale":"de_DE","og_type":"article","og_title":"NUCLEO BRONZO - VENISE COLLECTION","og_description":"Der Damenstiefel NUCLEO BRONZO von VENISE COLLECTION verk\u00f6rpert italienische Handwerkskunst, Eleganz und allt\u00e4glichen Komfort. Gefertigt aus metallischem Bronzeleder mit einem leuchtenden Finish, wertet er jedes Outfit mit seinem raffinierten und doch zeitgem\u00e4\u00dfen Look auf. Ein weiches Lederfutter bietet hervorragenden Komfort, w\u00e4hrend die robuste Gummisohle f\u00fcr Balance und Strapazierf\u00e4higkeit sorgt. Fachm\u00e4nnisch in Italien mit Liebe zum &hellip;","og_url":"https:\/\/www.venisecollection.com\/de\/shop\/women\/stiefel\/nucleo-bronzo","og_site_name":"VENISE COLLECTION","article_modified_time":"2026-04-29T01:44:17+00:00","og_image":[{"width":1280,"height":1588,"url":"https:\/\/www.venisecollection.com\/cdn\/image-124.webp","type":"image\/webp"}],"twitter_card":"summary_large_image","schema":{"@context":"https:\/\/schema.org","@graph":[{"@type":"WebPage","@id":"https:\/\/www.venisecollection.com\/de\/shop\/women\/stiefel\/nucleo-bronzo","url":"https:\/\/www.venisecollection.com\/de\/shop\/women\/stiefel\/nucleo-bronzo","name":"NUCLEO BRONZO - VENISE COLLECTION","isPartOf":{"@id":"https:\/\/www.venisecollection.com\/de#website"},"primaryImageOfPage":{"@id":"https:\/\/www.venisecollection.com\/de\/shop\/women\/stiefel\/nucleo-bronzo#primaryimage"},"image":{"@id":"https:\/\/www.venisecollection.com\/de\/shop\/women\/stiefel\/nucleo-bronzo#primaryimage"},"thumbnailUrl":"https:\/\/www.venisecollection.com\/cdn\/image-124.webp","datePublished":"2025-11-20T16:12:45+00:00","dateModified":"2026-04-29T01:44:17+00:00","breadcrumb":{"@id":"https:\/\/www.venisecollection.com\/de\/shop\/women\/stiefel\/nucleo-bronzo#breadcrumb"},"inLanguage":"de","potentialAction":[{"@type":"ReadAction","target":["https:\/\/www.venisecollection.com\/de\/shop\/women\/stiefel\/nucleo-bronzo"]}]},{"@type":"ImageObject","inLanguage":"de","@id":"https:\/\/www.venisecollection.com\/de\/shop\/women\/stiefel\/nucleo-bronzo#primaryimage","url":"https:\/\/www.venisecollection.com\/cdn\/image-124.webp","contentUrl":"https:\/\/www.venisecollection.com\/cdn\/image-124.webp","width":1280,"height":1588},{"@type":"BreadcrumbList","@id":"https:\/\/www.venisecollection.com\/de\/shop\/women\/stiefel\/nucleo-bronzo#breadcrumb","itemListElement":[{"@type":"ListItem","position":1,"name":"Home","item":"https:\/\/www.venisecollection.com\/de\/shop"},{"@type":"ListItem","position":2,"name":"Startseite","item":"https:\/\/www.venisecollection.com\/de\/shop"},{"@type":"ListItem","position":3,"name":"NUCLEO BRONZO"}]},{"@type":"WebSite","@id":"https:\/\/www.venisecollection.com\/de#website","url":"https:\/\/www.venisecollection.com\/de","name":"VENISE COLLECTION","description":"","publisher":{"@id":"https:\/\/www.venisecollection.com\/de#organization"},"potentialAction":[{"@type":"SearchAction","target":{"@type":"EntryPoint","urlTemplate":"https:\/\/www.venisecollection.com\/de?s={search_term_string}"},"query-input":{"@type":"PropertyValueSpecification","valueRequired":true,"valueName":"search_term_string"}}],"inLanguage":"de"},{"@type":"Organization","@id":"https:\/\/www.venisecollection.com\/de#organization","name":"VENISE COLLECTION","url":"https:\/\/www.venisecollection.com\/de","logo":{"@type":"ImageObject","inLanguage":"de","@id":"https:\/\/www.venisecollection.com\/de#\/schema\/logo\/image\/","url":"https:\/\/www.venisecollection.com\/cdn\/seo.png","contentUrl":"https:\/\/www.venisecollection.com\/cdn\/seo.png","width":1080,"height":1080,"caption":"VENISE COLLECTION"},"image":{"@id":"https:\/\/www.venisecollection.com\/de#\/schema\/logo\/image\/"},"sameAs":["https:\/\/www.instagram.com\/venisecollection\/","https:\/\/fr.pinterest.com\/venisecollection\/"]}]}},"_links":{"self":[{"href":"https:\/\/www.venisecollection.com\/de\/wp-json\/wp\/v2\/product\/6477","targetHints":{"allow":["GET"]}}],"collection":[{"href":"https:\/\/www.venisecollection.com\/de\/wp-json\/wp\/v2\/product"}],"about":[{"href":"https:\/\/www.venisecollection.com\/de\/wp-json\/wp\/v2\/types\/product"}],"wp:featuredmedia":[{"embeddable":true,"href":"https:\/\/www.venisecollection.com\/de\/wp-json\/wp\/v2\/media\/6485"}],"wp:attachment":[{"href":"https:\/\/www.venisecollection.com\/de\/wp-json\/wp\/v2\/media?parent=6477"}],"wp:term":[{"taxonomy":"product_brand","embeddable":true,"href":"https:\/\/www.venisecollection.com\/de\/wp-json\/wp\/v2\/product_brand?post=6477"},{"taxonomy":"product_cat","embeddable":true,"href":"https:\/\/www.venisecollection.com\/de\/wp-json\/wp\/v2\/product_cat?post=6477"},{"taxonomy":"product_tag","embeddable":true,"href":"https:\/\/www.venisecollection.com\/de\/wp-json\/wp\/v2\/product_tag?post=6477"}],"curies":[{"name":"wp","href":"https:\/\/api.w.org\/{rel}","templated":true}]}}